{"id":22361,"date":"2024-01-09T15:43:09","date_gmt":"2024-01-09T15:43:09","guid":{"rendered":"http:\/\/rucashk.com\/?post_type=product&#038;p=22361"},"modified":"2024-03-13T11:53:41","modified_gmt":"2024-03-13T11:53:41","slug":"mijia-hl-happy-life-3-in-1-mini-cooling-bladeless-fan","status":"publish","type":"product","link":"https:\/\/www.rucashk.com\/pt\/produto\/mijia-hl-happy-life-3-in-1-mini-cooling-bladeless-fan\/","title":{"rendered":"Mijia HL Happy Life 3 em 1 Mini ventilador sem l\u00e2mina de resfriamento"},"content":{"rendered":"<div class=\"detailmodule_text-image\">\n<p class=\"detail-desc-decorate-title\"><strong>Descri\u00e7\u00e3o:<\/strong><\/p>\n<p class=\"detail-desc-decorate-content\">Este ventilador 3 em 1 tem as fun\u00e7\u00f5es de ventilador, umidificador e luz, o que \u00e9 considerado um presente \u00fatil e uma bela decora\u00e7\u00e3o.<\/p>\n<p class=\"detail-desc-decorate-content\">Especifica\u00e7\u00e3o: Marca: Happy Life (<a class=\"\" style=\"width: auto !important\" href=\"https:\/\/www.rucashk.com\/pt\/explosive-products-of-xiaomi-ecological-chain-super-high-speed-motor-2-times-the-air-pressure-boost-hairline-i-am-saved\/\" data-wpil-post-to-id=\"7147\">Cadeia Ecol\u00f3gica Xiaomi<\/a>) Material: ABS, AS, PC, PP, liga de alum\u00ednio Tamanho: 129 x 145 x 227 mm <a class=\"\" style=\"width: auto !important\" href=\"https:\/\/www.rucashk.com\/pt\/produto\/xiaomi-redmi-power-bank-20000mah-qc3-0-usb-type-c-portable-charging\/\" data-wpil-post-to-id=\"2685\">Fonte de alimenta\u00e7\u00e3o: USB<\/a> Tens\u00e3o de entrada: 5V\/2A Pot\u00eancia do ventilador: 8W Pot\u00eancia da luz: 1W Pot\u00eancia do umidificador: 1,5W Tempo de umidifica\u00e7\u00e3o: 3h Temperatura de cor do LED: 3000K Capacidade de \u00e1gua: 60ml Ventila\u00e7\u00e3o de n\u00e9voa: Uma Velocidade ajust\u00e1vel: 0-3 n\u00edveis DB m\u00e1ximo: 40db<\/p>\n<p><img decoding=\"async\" alt=\"Mijia\u00a0HL Happy Life 3 in 1 Mini Cooling bladeless fan\" class=\"detail-desc-decorate-image\" src=\"\/wp-content\/uploads\/replace\/b8c0a2449a1695ade536080a74ebd2ec.jpeg\" \/><\/p>\n<\/div>\n<div class=\"detailmodule_text-image\">\n<p><img decoding=\"async\" alt=\"Mijia\u00a0HL Happy Life 3 in 1 Mini Cooling bladeless fan\" class=\"detail-desc-decorate-image\" src=\"\/wp-content\/uploads\/replace\/ffd7ace67be00695c6e0ef33935b654a.jpeg\" \/><\/p>\n<\/div>\n<div class=\"detailmodule_text-image\">\n<p class=\"detail-desc-decorate-title\" style=\"text-align: center\">Instru\u00e7\u00f5es:<\/p>\n<p class=\"detail-desc-decorate-content\" style=\"text-align: center\"><a class=\"\" style=\"width: auto !important\" href=\"https:\/\/www.rucashk.com\/pt\/xiaomi-launched-a-new-fan-with-upgrading-of-auxiliary-hot-air\/\" data-wpil-post-to-id=\"8374\">Imagem do ventilador: Toque curto: Ajustar ar<\/a> (0-3 n\u00edveis) Press\u00e3o longa: desliga a luz do ventilador Imagem: Press\u00e3o curta: liga\/desliga a luz Press\u00e3o longa: liga\/desliga o umidificador<\/p>\n<p><img decoding=\"async\" alt=\"Mijia\u00a0HL Happy Life 3 in 1 Mini Cooling bladeless fan\" class=\"detail-desc-decorate-image aligncenter\" src=\"\/wp-content\/uploads\/replace\/d570d305acc2acc25b6326097006f24f.jpeg\" \/><\/p>\n<\/div>\n<div class=\"detailmodule_text-image\">\n<p class=\"detail-desc-decorate-title\" style=\"text-align: center\">Etapas de enchimento de \u00e1gua:<\/p>\n<p class=\"detail-desc-decorate-content\" style=\"text-align: center\">1. Desligue o umidificador e coloque-o suavemente. 2. Incline a ventoinha de resfriamento para frente e adicione \u00e1gua lentamente para evitar a imers\u00e3o da sonda. 3. Se houver imers\u00e3o da sonda, limpe-a e coloque novamente o umidificador no tanque de \u00e1gua.<\/p>\n<p><img decoding=\"async\" alt=\"Mijia\u00a0HL Happy Life 3 in 1 Mini Cooling bladeless fan\" class=\"detail-desc-decorate-image aligncenter\" src=\"\/wp-content\/uploads\/replace\/5b3765a98dd99708d73317e5bf88a30f.jpeg\" \/>\u00a0<img decoding=\"async\" alt=\"Mijia\u00a0HL Happy Life 3 in 1 Mini Cooling bladeless fan\" class=\"detail-desc-decorate-image aligncenter\" src=\"\/wp-content\/uploads\/replace\/2aa44b734dd6d7c7a7466d743396d513.jpeg\" \/><img decoding=\"async\" alt=\"Mijia\u00a0HL Happy Life 3 in 1 Mini Cooling bladeless fan\" class=\"detail-desc-decorate-image aligncenter\" src=\"\/wp-content\/uploads\/replace\/ce0478da93b61aca720e9410f63bc150.jpeg\" \/><\/p>\n<\/div>\n<div class=\"detailmodule_text-image\">\n<p class=\"detail-desc-decorate-title\" style=\"text-align: center\">Inclu\u00eddo no Pacote:<\/p>\n<p class=\"detail-desc-decorate-content\" style=\"text-align: center\">1 x <a class=\"\" style=\"width: auto !important\" href=\"https:\/\/www.rucashk.com\/pt\/summer-kitchen-cooling-artifact-xiaomi-youpin-sells-mobile-air-conditioners-exactly-like-purifiers\/\" data-wpil-post-to-id=\"7049\">Resfriamento Xiaomi 3 em 1<\/a> F\u00e3<\/p>\n<p><img decoding=\"async\" alt=\"Mijia\u00a0HL Happy Life 3 in 1 Mini Cooling bladeless fan\" class=\"detail-desc-decorate-image aligncenter\" src=\"\/wp-content\/uploads\/replace\/2a71506a7e68b0d62818a8f3b2c9a7b8.jpeg\" \/><\/p>\n<\/div>","protected":false},"excerpt":{"rendered":"<p class=\"detail-desc-decorate-title\">Caracter\u00edsticas:<\/p>\n<p class=\"detail-desc-decorate-content\">1. Ventilador sem l\u00e2mina, mais confort\u00e1vel com ar natural. Sem l\u00e2minas expostas, n\u00e3o h\u00e1 possibilidade de ferir pessoas e animais de estima\u00e7\u00e3o ao cortar a l\u00e2mina, especialmente seguro para crian\u00e7as.<\/p>\n<p class=\"detail-desc-decorate-content\">2. Adopting advanced technology, it&#8217;s lower noise than traditional fan.<\/p>\n<p class=\"detail-desc-decorate-content\">3. Voc\u00ea pode ajustar a velocidade mais adequada, pois ela tem de 0 a 3 n\u00edveis para escolher.<\/p>\n<p class=\"detail-desc-decorate-content\">4. Fonte de alimenta\u00e7\u00e3o USB, conveniente e com economia de energia.<\/p>\n<p class=\"detail-desc-decorate-content\">5. Umidifique e esfrie, pois possui fun\u00e7\u00f5es de ventiladores de resfriamento e umidificador.<\/p>\n<p class=\"detail-desc-decorate-content\">6. Belas decora\u00e7\u00f5es com ilumina\u00e7\u00e3o quente.<\/p>\n<p class=\"detail-desc-decorate-content\">7. Design 3 em 1, port\u00e1til e f\u00e1cil de usar.<\/p>","protected":false},"featured_media":22514,"template":"","meta":[],"product_brand":[],"product_cat":[1318,1305],"product_tag":[],"class_list":{"0":"post-22361","1":"product","2":"type-product","3":"status-publish","4":"has-post-thumbnail","6":"product_cat-gadgets","7":"product_cat-xiaomi-eco","9":"first","10":"instock","11":"shipping-taxable","12":"product-type-simple"},"aioseo_notices":[],"aioseo_head":"\n\t\t<!-- All in One SEO Pro 4.5.9.2 - aioseo.com -->\n\t\t<meta name=\"description\" content=\"Features: 1. Bladeless fan, more comfortable with natural air. Without blades exposed no possibility to hurt people and pets by blade cutting, especially safe for kids. 2. Adopting advanced technology, it&#039;s lower noise than traditional fan. 3. You are free to adjust most suitable speed since it has 0-3 levels to choose from. 4. USB power supply, convenient and power saving. 5. Humidify and cool down since it has functions of both cooling fans and humidifier. 6. Nice decorations with warm lighting. 7. 3 in 1 design, portable and convenient to use.\" \/>\n\t\t<meta name=\"robots\" content=\"max-image-preview:large\" \/>\n\t\t<link rel=\"canonical\" href=\"https:\/\/www.rucashk.com\/pt\/produto\/mijia-hl-happy-life-3-in-1-mini-cooling-bladeless-fan\/\" \/>\n\t\t<meta name=\"generator\" content=\"All in One SEO Pro (AIOSEO) 4.5.9.2\" \/>\n\t\t<meta property=\"og:locale\" content=\"pt_PT\" \/>\n\t\t<meta property=\"og:site_name\" content=\"Rucas - One-stop AIoT Distribution Worldwide\" \/>\n\t\t<meta property=\"og:type\" content=\"article\" \/>\n\t\t<meta property=\"og:title\" content=\"Mijia HL Happy Life 3 in 1 Mini Cooling bladeless fan - Rucas - Wholesale and Distribution\" \/>\n\t\t<meta property=\"og:description\" content=\"Features: 1. Bladeless fan, more comfortable with natural air. Without blades exposed no possibility to hurt people and pets by blade cutting, especially safe for kids. 2. Adopting advanced technology, it&#039;s lower noise than traditional fan. 3. You are free to adjust most suitable speed since it has 0-3 levels to choose from. 4. USB power supply, convenient and power saving. 5. Humidify and cool down since it has functions of both cooling fans and humidifier. 6. Nice decorations with warm lighting. 7. 3 in 1 design, portable and convenient to use.\" \/>\n\t\t<meta property=\"og:url\" content=\"https:\/\/www.rucashk.com\/pt\/produto\/mijia-hl-happy-life-3-in-1-mini-cooling-bladeless-fan\/\" \/>\n\t\t<meta property=\"og:image\" content=\"https:\/\/www.rucashk.com\/wp-content\/uploads\/replace\/503b8e645f128a97ccde2b6290747646.jpeg\" \/>\n\t\t<meta property=\"og:image:secure_url\" content=\"https:\/\/www.rucashk.com\/wp-content\/uploads\/replace\/503b8e645f128a97ccde2b6290747646.jpeg\" \/>\n\t\t<meta property=\"og:image:width\" content=\"1456\" \/>\n\t\t<meta property=\"og:image:height\" content=\"816\" \/>\n\t\t<meta property=\"article:published_time\" content=\"2024-01-09T15:43:09+00:00\" \/>\n\t\t<meta property=\"article:modified_time\" content=\"2024-03-13T11:53:41+00:00\" \/>\n\t\t<meta name=\"twitter:card\" content=\"summary_large_image\" \/>\n\t\t<meta name=\"twitter:title\" content=\"Mijia HL Happy Life 3 in 1 Mini Cooling bladeless fan - Rucas - Wholesale and Distribution\" \/>\n\t\t<meta name=\"twitter:description\" content=\"Features: 1. Bladeless fan, more comfortable with natural air. Without blades exposed no possibility to hurt people and pets by blade cutting, especially safe for kids. 2. Adopting advanced technology, it&#039;s lower noise than traditional fan. 3. You are free to adjust most suitable speed since it has 0-3 levels to choose from. 4. USB power supply, convenient and power saving. 5. Humidify and cool down since it has functions of both cooling fans and humidifier. 6. Nice decorations with warm lighting. 7. 3 in 1 design, portable and convenient to use.\" \/>\n\t\t<meta name=\"twitter:image\" content=\"https:\/\/www.rucashk.com\/wp-content\/uploads\/replace\/503b8e645f128a97ccde2b6290747646.jpeg\" \/>\n\t\t<script type=\"application\/ld+json\" class=\"aioseo-schema\">\n\t\t\t{\"@context\":\"https:\\\/\\\/schema.org\",\"@graph\":[{\"@type\":\"BreadcrumbList\",\"@id\":\"https:\\\/\\\/www.rucashk.com\\\/pt\\\/produto\\\/mijia-hl-happy-life-3-in-1-mini-cooling-bladeless-fan\\\/#breadcrumblist\",\"itemListElement\":[{\"@type\":\"ListItem\",\"@id\":\"https:\\\/\\\/www.rucashk.com\\\/pt\\\/#listItem\",\"position\":1,\"name\":\"Home\",\"item\":\"https:\\\/\\\/www.rucashk.com\\\/pt\\\/\",\"nextItem\":\"https:\\\/\\\/www.rucashk.com\\\/pt\\\/produto\\\/mijia-hl-happy-life-3-in-1-mini-cooling-bladeless-fan\\\/#listItem\"},{\"@type\":\"ListItem\",\"@id\":\"https:\\\/\\\/www.rucashk.com\\\/pt\\\/produto\\\/mijia-hl-happy-life-3-in-1-mini-cooling-bladeless-fan\\\/#listItem\",\"position\":2,\"name\":\"Mijia\\u00a0HL Happy Life 3 in 1 Mini Cooling bladeless fan\",\"previousItem\":\"https:\\\/\\\/www.rucashk.com\\\/pt\\\/#listItem\"}]},{\"@type\":\"Organization\",\"@id\":\"https:\\\/\\\/www.rucashk.com\\\/pt\\\/#organization\",\"name\":\"Rucas\",\"url\":\"https:\\\/\\\/www.rucashk.com\\\/pt\\\/\",\"logo\":{\"@type\":\"ImageObject\",\"url\":\"https:\\\/\\\/www.rucashk.com\\\/wp-content\\\/uploads\\\/2023\\\/12\\\/Rucas_campany_logo.png\",\"@id\":\"https:\\\/\\\/www.rucashk.com\\\/pt\\\/produto\\\/mijia-hl-happy-life-3-in-1-mini-cooling-bladeless-fan\\\/#organizationLogo\",\"width\":221,\"height\":65},\"image\":{\"@id\":\"https:\\\/\\\/www.rucashk.com\\\/pt\\\/#organizationLogo\"}},{\"@type\":\"Person\",\"@id\":\"https:\\\/\\\/www.rucashk.com\\\/pt\\\/author\\\/admin\\\/#author\",\"url\":\"https:\\\/\\\/www.rucashk.com\\\/pt\\\/author\\\/admin\\\/\",\"name\":\"admin\",\"image\":{\"@type\":\"ImageObject\",\"@id\":\"https:\\\/\\\/www.rucashk.com\\\/pt\\\/produto\\\/mijia-hl-happy-life-3-in-1-mini-cooling-bladeless-fan\\\/#authorImage\",\"url\":\"https:\\\/\\\/secure.gravatar.com\\\/avatar\\\/b7c8925b09a27e72b30232f8ecaadbd5af0f70a38c78096863fe51b64f031c24?s=96&d=mm&r=g\",\"width\":96,\"height\":96,\"caption\":\"admin\"}},{\"@type\":\"WebPage\",\"@id\":\"https:\\\/\\\/www.rucashk.com\\\/pt\\\/produto\\\/mijia-hl-happy-life-3-in-1-mini-cooling-bladeless-fan\\\/#webpage\",\"url\":\"https:\\\/\\\/www.rucashk.com\\\/pt\\\/produto\\\/mijia-hl-happy-life-3-in-1-mini-cooling-bladeless-fan\\\/\",\"name\":\"Mijia HL Happy Life 3 in 1 Mini Cooling bladeless fan - Rucas - Wholesale and Distribution\",\"description\":\"Features: 1. Bladeless fan, more comfortable with natural air. Without blades exposed no possibility to hurt people and pets by blade cutting, especially safe for kids. 2. Adopting advanced technology, it's lower noise than traditional fan. 3. You are free to adjust most suitable speed since it has 0-3 levels to choose from. 4. USB power supply, convenient and power saving. 5. Humidify and cool down since it has functions of both cooling fans and humidifier. 6. Nice decorations with warm lighting. 7. 3 in 1 design, portable and convenient to use.\",\"inLanguage\":\"pt-PT\",\"isPartOf\":{\"@id\":\"https:\\\/\\\/www.rucashk.com\\\/pt\\\/#website\"},\"breadcrumb\":{\"@id\":\"https:\\\/\\\/www.rucashk.com\\\/pt\\\/produto\\\/mijia-hl-happy-life-3-in-1-mini-cooling-bladeless-fan\\\/#breadcrumblist\"},\"author\":{\"@id\":\"https:\\\/\\\/www.rucashk.com\\\/pt\\\/author\\\/admin\\\/#author\"},\"creator\":{\"@id\":\"https:\\\/\\\/www.rucashk.com\\\/pt\\\/author\\\/admin\\\/#author\"},\"image\":{\"@type\":\"ImageObject\",\"url\":\"https:\\\/\\\/www.rucashk.com\\\/wp-content\\\/uploads\\\/2024\\\/01\\\/mijia-HL-Happy-Life-3-in-1-Mini-Cooling-bladeless-fan.jpg\",\"@id\":\"https:\\\/\\\/www.rucashk.com\\\/pt\\\/produto\\\/mijia-hl-happy-life-3-in-1-mini-cooling-bladeless-fan\\\/#mainImage\",\"width\":640,\"height\":640},\"primaryImageOfPage\":{\"@id\":\"https:\\\/\\\/www.rucashk.com\\\/pt\\\/produto\\\/mijia-hl-happy-life-3-in-1-mini-cooling-bladeless-fan\\\/#mainImage\"},\"datePublished\":\"2024-01-09T15:43:09+00:00\",\"dateModified\":\"2024-03-13T11:53:41+00:00\"},{\"@type\":\"WebSite\",\"@id\":\"https:\\\/\\\/www.rucashk.com\\\/pt\\\/#website\",\"url\":\"https:\\\/\\\/www.rucashk.com\\\/pt\\\/\",\"name\":\"Rucas - Wholesale and distribution worldwide\",\"alternateName\":\"Rucas - One-stop AIoT Distribution Worldwide\",\"description\":\"One-stop AIoT Distribution Worldwide\",\"inLanguage\":\"pt-PT\",\"publisher\":{\"@id\":\"https:\\\/\\\/www.rucashk.com\\\/pt\\\/#organization\"}}]}\n\t\t<\/script>\n\t\t<!-- All in One SEO Pro -->\r\n\t\t<title>Mijia HL Happy Life 3 in 1 Mini Cooling bladeless fan - Rucas - Wholesale and Distribution<\/title>\n\n","aioseo_head_json":{"title":"Mijia HL Happy Life 3 in 1 Mini Cooling bladeless fan - Rucas - Wholesale and Distribution","description":"Features: 1. Bladeless fan, more comfortable with natural air. Without blades exposed no possibility to hurt people and pets by blade cutting, especially safe for kids. 2. Adopting advanced technology, it's lower noise than traditional fan. 3. You are free to adjust most suitable speed since it has 0-3 levels to choose from. 4. USB power supply, convenient and power saving. 5. Humidify and cool down since it has functions of both cooling fans and humidifier. 6. Nice decorations with warm lighting. 7. 3 in 1 design, portable and convenient to use.","canonical_url":"https:\/\/www.rucashk.com\/pt\/produto\/mijia-hl-happy-life-3-in-1-mini-cooling-bladeless-fan\/","robots":"max-image-preview:large","keywords":"","webmasterTools":{"miscellaneous":""},"og:locale":"pt_PT","og:site_name":"Rucas - One-stop AIoT Distribution Worldwide","og:type":"article","og:title":"Mijia HL Happy Life 3 in 1 Mini Cooling bladeless fan - Rucas - Wholesale and Distribution","og:description":"Features: 1. Bladeless fan, more comfortable with natural air. Without blades exposed no possibility to hurt people and pets by blade cutting, especially safe for kids. 2. Adopting advanced technology, it's lower noise than traditional fan. 3. You are free to adjust most suitable speed since it has 0-3 levels to choose from. 4. USB power supply, convenient and power saving. 5. Humidify and cool down since it has functions of both cooling fans and humidifier. 6. Nice decorations with warm lighting. 7. 3 in 1 design, portable and convenient to use.","og:url":"https:\/\/www.rucashk.com\/pt\/produto\/mijia-hl-happy-life-3-in-1-mini-cooling-bladeless-fan\/","og:image":"https:\/\/www.rucashk.com\/wp-content\/uploads\/replace\/503b8e645f128a97ccde2b6290747646.jpeg","og:image:secure_url":"https:\/\/www.rucashk.com\/wp-content\/uploads\/replace\/503b8e645f128a97ccde2b6290747646.jpeg","og:image:width":1456,"og:image:height":816,"article:published_time":"2024-01-09T15:43:09+00:00","article:modified_time":"2024-03-13T11:53:41+00:00","twitter:card":"summary_large_image","twitter:title":"Mijia HL Happy Life 3 in 1 Mini Cooling bladeless fan - Rucas - Wholesale and Distribution","twitter:description":"Features: 1. Bladeless fan, more comfortable with natural air. Without blades exposed no possibility to hurt people and pets by blade cutting, especially safe for kids. 2. Adopting advanced technology, it's lower noise than traditional fan. 3. You are free to adjust most suitable speed since it has 0-3 levels to choose from. 4. USB power supply, convenient and power saving. 5. Humidify and cool down since it has functions of both cooling fans and humidifier. 6. Nice decorations with warm lighting. 7. 3 in 1 design, portable and convenient to use.","twitter:image":"https:\/\/www.rucashk.com\/wp-content\/uploads\/replace\/503b8e645f128a97ccde2b6290747646.jpeg","schema":{"@context":"https:\/\/schema.org","@graph":[{"@type":"BreadcrumbList","@id":"https:\/\/www.rucashk.com\/pt\/produto\/mijia-hl-happy-life-3-in-1-mini-cooling-bladeless-fan\/#breadcrumblist","itemListElement":[{"@type":"ListItem","@id":"https:\/\/www.rucashk.com\/pt\/#listItem","position":1,"name":"Home","item":"https:\/\/www.rucashk.com\/pt\/","nextItem":"https:\/\/www.rucashk.com\/pt\/produto\/mijia-hl-happy-life-3-in-1-mini-cooling-bladeless-fan\/#listItem"},{"@type":"ListItem","@id":"https:\/\/www.rucashk.com\/pt\/produto\/mijia-hl-happy-life-3-in-1-mini-cooling-bladeless-fan\/#listItem","position":2,"name":"Mijia\u00a0HL Happy Life 3 in 1 Mini Cooling bladeless fan","previousItem":"https:\/\/www.rucashk.com\/pt\/#listItem"}]},{"@type":"Organization","@id":"https:\/\/www.rucashk.com\/pt\/#organization","name":"Rucas","url":"https:\/\/www.rucashk.com\/pt\/","logo":{"@type":"ImageObject","url":"https:\/\/www.rucashk.com\/wp-content\/uploads\/2023\/12\/Rucas_campany_logo.png","@id":"https:\/\/www.rucashk.com\/pt\/produto\/mijia-hl-happy-life-3-in-1-mini-cooling-bladeless-fan\/#organizationLogo","width":221,"height":65},"image":{"@id":"https:\/\/www.rucashk.com\/pt\/#organizationLogo"}},{"@type":"Person","@id":"https:\/\/www.rucashk.com\/pt\/author\/admin\/#author","url":"https:\/\/www.rucashk.com\/pt\/author\/admin\/","name":"admin","image":{"@type":"ImageObject","@id":"https:\/\/www.rucashk.com\/pt\/produto\/mijia-hl-happy-life-3-in-1-mini-cooling-bladeless-fan\/#authorImage","url":"https:\/\/secure.gravatar.com\/avatar\/b7c8925b09a27e72b30232f8ecaadbd5af0f70a38c78096863fe51b64f031c24?s=96&d=mm&r=g","width":96,"height":96,"caption":"admin"}},{"@type":"WebPage","@id":"https:\/\/www.rucashk.com\/pt\/produto\/mijia-hl-happy-life-3-in-1-mini-cooling-bladeless-fan\/#webpage","url":"https:\/\/www.rucashk.com\/pt\/produto\/mijia-hl-happy-life-3-in-1-mini-cooling-bladeless-fan\/","name":"Mijia HL Happy Life 3 in 1 Mini Cooling bladeless fan - Rucas - Wholesale and Distribution","description":"Features: 1. Bladeless fan, more comfortable with natural air. Without blades exposed no possibility to hurt people and pets by blade cutting, especially safe for kids. 2. Adopting advanced technology, it's lower noise than traditional fan. 3. You are free to adjust most suitable speed since it has 0-3 levels to choose from. 4. USB power supply, convenient and power saving. 5. Humidify and cool down since it has functions of both cooling fans and humidifier. 6. Nice decorations with warm lighting. 7. 3 in 1 design, portable and convenient to use.","inLanguage":"pt-PT","isPartOf":{"@id":"https:\/\/www.rucashk.com\/pt\/#website"},"breadcrumb":{"@id":"https:\/\/www.rucashk.com\/pt\/produto\/mijia-hl-happy-life-3-in-1-mini-cooling-bladeless-fan\/#breadcrumblist"},"author":{"@id":"https:\/\/www.rucashk.com\/pt\/author\/admin\/#author"},"creator":{"@id":"https:\/\/www.rucashk.com\/pt\/author\/admin\/#author"},"image":{"@type":"ImageObject","url":"https:\/\/www.rucashk.com\/wp-content\/uploads\/2024\/01\/mijia-HL-Happy-Life-3-in-1-Mini-Cooling-bladeless-fan.jpg","@id":"https:\/\/www.rucashk.com\/pt\/produto\/mijia-hl-happy-life-3-in-1-mini-cooling-bladeless-fan\/#mainImage","width":640,"height":640},"primaryImageOfPage":{"@id":"https:\/\/www.rucashk.com\/pt\/produto\/mijia-hl-happy-life-3-in-1-mini-cooling-bladeless-fan\/#mainImage"},"datePublished":"2024-01-09T15:43:09+00:00","dateModified":"2024-03-13T11:53:41+00:00"},{"@type":"WebSite","@id":"https:\/\/www.rucashk.com\/pt\/#website","url":"https:\/\/www.rucashk.com\/pt\/","name":"Rucas - Wholesale and distribution worldwide","alternateName":"Rucas - One-stop AIoT Distribution Worldwide","description":"One-stop AIoT Distribution Worldwide","inLanguage":"pt-PT","publisher":{"@id":"https:\/\/www.rucashk.com\/pt\/#organization"}}]}},"aioseo_meta_data":{"post_id":"22361","title":null,"description":null,"keywords":null,"keyphrases":null,"primary_term":null,"canonical_url":null,"og_title":null,"og_description":null,"og_object_type":"default","og_image_type":"default","og_image_url":null,"og_image_width":null,"og_image_height":null,"og_image_custom_url":null,"og_image_custom_fields":null,"og_video":null,"og_custom_url":null,"og_article_section":null,"og_article_tags":null,"twitter_use_og":false,"twitter_card":"default","twitter_image_type":"default","twitter_image_url":null,"twitter_image_custom_url":null,"twitter_image_custom_fields":null,"twitter_title":null,"twitter_description":null,"schema":{"blockGraphs":[],"customGraphs":[],"default":{"data":{"Article":[],"Course":[],"Dataset":[],"FAQPage":[],"Movie":[],"Person":[],"Product":[],"Recipe":[],"Service":[],"SoftwareApplication":[],"WebPage":[]},"graphName":"","isEnabled":true},"graphs":[]},"schema_type":"default","schema_type_options":null,"pillar_content":false,"robots_default":true,"robots_noindex":false,"robots_noarchive":false,"robots_nosnippet":false,"robots_nofollow":false,"robots_noimageindex":false,"robots_noodp":false,"robots_notranslate":false,"robots_max_snippet":null,"robots_max_videopreview":null,"robots_max_imagepreview":"large","priority":null,"frequency":null,"local_seo":null,"breadcrumb_settings":null,"limit_modified_date":false,"created":"2024-04-11 01:55:22","updated":"2025-06-22 16:42:03"},"aioseo_breadcrumb":"<div class=\"aioseo-breadcrumbs\"><span class=\"aioseo-breadcrumb\">\n\t<a href=\"https:\/\/www.rucashk.com\/pt\" title=\"Home\">Home<\/a>\n<\/span><span class=\"aioseo-breadcrumb-separator\">&raquo;<\/span><span class=\"aioseo-breadcrumb\">\n\t<a href=\"https:\/\/www.rucashk.com\/pt\/products\/\" title=\"Produtos\">Produtos<\/a>\n<\/span><span class=\"aioseo-breadcrumb-separator\">&raquo;<\/span><span class=\"aioseo-breadcrumb\">\n\t<a href=\"https:\/\/www.rucashk.com\/pt\/categoria-produto\/xiaomi-eco\/\" title=\"Xiaomi Eco\">Xiaomi Eco<\/a>\n<\/span><span class=\"aioseo-breadcrumb-separator\">&raquo;<\/span><span class=\"aioseo-breadcrumb\">\n\t<a href=\"https:\/\/www.rucashk.com\/pt\/categoria-produto\/xiaomi-eco\/gadgets\/\" title=\"Gadgets\">Gadgets<\/a>\n<\/span><span class=\"aioseo-breadcrumb-separator\">&raquo;<\/span><span class=\"aioseo-breadcrumb\">\n\tMijia\u00a0HL Happy Life 3 in 1 Mini Cooling bladeless fan\n<\/span><\/div>","aioseo_breadcrumb_json":[{"label":"Home","link":"https:\/\/www.rucashk.com\/pt"},{"label":"Produtos","link":"https:\/\/www.rucashk.com\/pt\/products\/"},{"label":"Xiaomi Eco","link":"https:\/\/www.rucashk.com\/pt\/categoria-produto\/xiaomi-eco\/"},{"label":"Gadgets","link":"https:\/\/www.rucashk.com\/pt\/categoria-produto\/xiaomi-eco\/gadgets\/"},{"label":"Mijia\u00a0HL Happy Life 3 in 1 Mini Cooling bladeless fan","link":"https:\/\/www.rucashk.com\/pt\/produto\/mijia-hl-happy-life-3-in-1-mini-cooling-bladeless-fan\/"}],"_links":{"self":[{"href":"https:\/\/www.rucashk.com\/pt\/wp-json\/wp\/v2\/product\/22361","targetHints":{"allow":["GET"]}}],"collection":[{"href":"https:\/\/www.rucashk.com\/pt\/wp-json\/wp\/v2\/product"}],"about":[{"href":"https:\/\/www.rucashk.com\/pt\/wp-json\/wp\/v2\/types\/product"}],"wp:featuredmedia":[{"embeddable":true,"href":"https:\/\/www.rucashk.com\/pt\/wp-json\/wp\/v2\/media\/22514"}],"wp:attachment":[{"href":"https:\/\/www.rucashk.com\/pt\/wp-json\/wp\/v2\/media?parent=22361"}],"wp:term":[{"taxonomy":"product_brand","embeddable":true,"href":"https:\/\/www.rucashk.com\/pt\/wp-json\/wp\/v2\/product_brand?post=22361"},{"taxonomy":"product_cat","embeddable":true,"href":"https:\/\/www.rucashk.com\/pt\/wp-json\/wp\/v2\/product_cat?post=22361"},{"taxonomy":"product_tag","embeddable":true,"href":"https:\/\/www.rucashk.com\/pt\/wp-json\/wp\/v2\/product_tag?post=22361"}],"curies":[{"name":"wp","href":"https:\/\/api.w.org\/{rel}","templated":true}]}}