{"id":22358,"date":"2024-01-09T15:43:09","date_gmt":"2024-01-09T15:43:09","guid":{"rendered":"http:\/\/rucashk.com\/?post_type=product&#038;p=22358"},"modified":"2024-01-16T11:08:35","modified_gmt":"2024-01-16T11:08:35","slug":"mijia-bluetooth-thermometer-2","status":"publish","type":"product","link":"https:\/\/www.rucashk.com\/pt\/produto\/mijia-bluetooth-thermometer-2\/","title":{"rendered":"Term\u00f4metro Bluetooth Mijia 2"},"content":{"rendered":"<div>\n<div data-spm-anchor-id=\"a2g0o.detail.1000023.i1.74523a71ffzLIY\">\n<div>\n<div data-spm-anchor-id=\"a2g0o.detail.1000023.i0.10307649WMpHiU\"><\/div>\n<\/div>\n<p><img decoding=\"async\" class=\"aligncenter\" src=\"https:\/\/www.rucashk.com\/wp-content\/uploads\/2020\/06\/Hba1735e5f11040aaa0a2bfc1f563f9d8l.jpg\" alt=\"20200127_205040_058\" data-spm-anchor-id=\"a2g0o.detail.1000023.i0.55cbbf3drsSJiy\" \/><img decoding=\"async\" class=\"aligncenter\" src=\"https:\/\/www.rucashk.com\/wp-content\/uploads\/2020\/06\/H65d3b4cca0634355b6efb28a593760daE.jpg\" alt=\"20200127_205040_059\" \/><img decoding=\"async\" class=\"aligncenter\" src=\"https:\/\/www.rucashk.com\/wp-content\/uploads\/2020\/06\/H42e21d37cf754c839f66647d028d92e1G.jpg\" alt=\"20200127_205040_060\" \/><\/p>\n<\/div>\n<\/div>\n<div>\n<table border=\"1\" cellspacing=\"1\" cellpadding=\"1\">\n<tbody>\n<tr>\n<td>Marca<\/td>\n<td><a class=\"\" style=\"width: auto !important\" href=\"https:\/\/www.rucashk.com\/pt\/produto\/xiaomi-mijia-electric-scooter-pro-smart-foldable-wholesale\/\" data-wpil-post-to-id=\"3185\">XIAOMI Mijia<\/a><\/td>\n<\/tr>\n<tr>\n<td>Modelo<\/td>\n<td>LYWSD03MMC<\/td>\n<\/tr>\n<tr>\n<td>ID do CMIT<\/td>\n<td>2019DP8115<\/td>\n<\/tr>\n<tr>\n<td>Material<\/td>\n<td>ABS+PMMA<\/td>\n<\/tr>\n<tr>\n<td>Tamanho<\/td>\n<td>43x43x12,5mm<\/td>\n<\/tr>\n<tr>\n<td>Tens\u00e3o<\/td>\n<td>DC2,5V--3V<\/td>\n<\/tr>\n<tr>\n<td>Bateria<\/td>\n<td>CR2032 (N\u00e3o incluindo)<\/td>\n<\/tr>\n<tr>\n<td>Conex\u00e3o sem fio<\/td>\n<td>Bluetooth 4.2 BLE<\/td>\n<\/tr>\n<tr>\n<td>Faixa de medi\u00e7\u00e3o<\/td>\n<td>0\u00b0C-60\u00b0C<\/td>\n<\/tr>\n<tr>\n<td>Resolu\u00e7\u00e3o de exibi\u00e7\u00e3o de temperatura<\/td>\n<td>0,1\u00baC<\/td>\n<\/tr>\n<tr>\n<td>Faixa de umidade<\/td>\n<td>0%\u4e0099%RH<\/td>\n<\/tr>\n<tr>\n<td>Resolu\u00e7\u00e3o de exibi\u00e7\u00e3o de umidade<\/td>\n<td>1%RH<\/td>\n<\/tr>\n<tr>\n<td>Padr\u00e3o executivo<\/td>\n<td>QB\/WSDJ 2401-2019<\/td>\n<\/tr>\n<tr>\n<td>Quantidade<\/td>\n<td>1 pe\u00e7a<\/td>\n<\/tr>\n<\/tbody>\n<\/table>\n<div data-spm-anchor-id=\"a2g0o.detail.1000023.i4.74523a71ffzLIY\">Inclu\u00eddo no Pacote:<\/div>\n<div data-spm-anchor-id=\"a2g0o.detail.1000023.i1.74523a71ffzLIY\"><span data-spm-anchor-id=\"a2g0o.detail.1000023.i2.74523a71ffzLIY\">1 x Xiaomi Mijia Term\u00f4metro Higr\u00f4metro 2 (SEM BATERIA INCLU\u00cdDA)<br \/>\n1 x adesivo de parede<br \/>\n1 x manual de uso<\/span><\/div>\n<\/div>","protected":false},"excerpt":{"rendered":"<div><span data-spm-anchor-id=\"a2g0o.detail.1000023.i0.74523a71ffzLIY\">Caracter\u00edsticas:\u00a0<\/span><\/div>\n<div><\/div>\n<div>\n<div>1. Higr\u00f4metro dom\u00e9stico, os dados podem ser lidos claramente em v\u00e1rios brilhos e \u00e2ngulos.<\/div>\n<div>2. Alta sensibilidade e sensibilidade precisa da Su\u00ed\u00e7a, detecta mudan\u00e7as sutis de temperatura e umidade em um piscar de olhos.<\/div>\n<div>3. Uma express\u00e3o para significar n\u00edvel de conforto, fofa e simples.<\/div>\n<div>4. Tela de baixo consumo, bateria tipo bot\u00e3o CR2032 por um ano.<\/div>\n<\/div>\n<div>\n<p>5. Sensor avan\u00e7ado de temperatura e umidade Sensirion integrado, precis\u00e3o de temperatura: 0,1 graus, precis\u00e3o de umidade: 0,1% RH<\/p>\n<div>6. Atrav\u00e9s do aplicativo Mi para ligar o umidificador quando a umidade interna estiver muito baixa e o ar condicionado quando a temperatura interna estiver muito alta<\/div>\n<div>Display digital LED, voc\u00ea pode obter temperatura e umidade facilmente<\/div>\n<\/div>","protected":false},"featured_media":22505,"template":"","meta":[],"product_brand":[],"product_cat":[1320,1305],"product_tag":[],"class_list":{"0":"post-22358","1":"product","2":"type-product","3":"status-publish","4":"has-post-thumbnail","6":"product_cat-personal-care","7":"product_cat-xiaomi-eco","9":"first","10":"instock","11":"shipping-taxable","12":"product-type-external"},"aioseo_notices":[],"aioseo_head":"\n\t\t<!-- All in One SEO Pro 4.5.9.2 - aioseo.com -->\n\t\t<meta name=\"description\" content=\"Features: 1. Home hygrometer, data can be clearly read in various brightness and angle. 2. High sensitivity and accurate sensirion from Switzerland, sense subtle change of temperature and humidity a breath away. 3. An expression to spell over comfort level, cute and simple. 4. Low consumption screen, a CR2032 button battery for one-year. 5. Built-in advanced Sensirion temperature and humidity sensor, temperature accuracy: 0.1 degrees, humidity accuracy: 0.1 percent RH 6. Via Mi app to switch on humidifier when indoor humidity is too low and air-conditioner when indoors temperature is too high LED digital display, you can get temperature, humidity easily\" \/>\n\t\t<meta name=\"robots\" content=\"max-image-preview:large\" \/>\n\t\t<link rel=\"canonical\" href=\"https:\/\/www.rucashk.com\/pt\/produto\/mijia-bluetooth-thermometer-2\/\" \/>\n\t\t<meta name=\"generator\" content=\"All in One SEO Pro (AIOSEO) 4.5.9.2\" \/>\n\t\t<meta property=\"og:locale\" content=\"pt_PT\" \/>\n\t\t<meta property=\"og:site_name\" content=\"Rucas - One-stop AIoT Distribution Worldwide\" \/>\n\t\t<meta property=\"og:type\" content=\"article\" \/>\n\t\t<meta property=\"og:title\" content=\"Mijia Bluetooth Thermometer 2 - Rucas - Wholesale and Distribution\" \/>\n\t\t<meta property=\"og:description\" content=\"Features: 1. Home hygrometer, data can be clearly read in various brightness and angle. 2. High sensitivity and accurate sensirion from Switzerland, sense subtle change of temperature and humidity a breath away. 3. An expression to spell over comfort level, cute and simple. 4. Low consumption screen, a CR2032 button battery for one-year. 5. Built-in advanced Sensirion temperature and humidity sensor, temperature accuracy: 0.1 degrees, humidity accuracy: 0.1 percent RH 6. Via Mi app to switch on humidifier when indoor humidity is too low and air-conditioner when indoors temperature is too high LED digital display, you can get temperature, humidity easily\" \/>\n\t\t<meta property=\"og:url\" content=\"https:\/\/www.rucashk.com\/pt\/produto\/mijia-bluetooth-thermometer-2\/\" \/>\n\t\t<meta property=\"og:image\" content=\"https:\/\/www.rucashk.com\/wp-content\/uploads\/replace\/503b8e645f128a97ccde2b6290747646.jpeg\" \/>\n\t\t<meta property=\"og:image:secure_url\" content=\"https:\/\/www.rucashk.com\/wp-content\/uploads\/replace\/503b8e645f128a97ccde2b6290747646.jpeg\" \/>\n\t\t<meta property=\"og:image:width\" content=\"1456\" \/>\n\t\t<meta property=\"og:image:height\" content=\"816\" \/>\n\t\t<meta property=\"article:published_time\" content=\"2024-01-09T15:43:09+00:00\" \/>\n\t\t<meta property=\"article:modified_time\" content=\"2024-01-16T11:08:35+00:00\" \/>\n\t\t<meta name=\"twitter:card\" content=\"summary_large_image\" \/>\n\t\t<meta name=\"twitter:title\" content=\"Mijia Bluetooth Thermometer 2 - Rucas - Wholesale and Distribution\" \/>\n\t\t<meta name=\"twitter:description\" content=\"Features: 1. Home hygrometer, data can be clearly read in various brightness and angle. 2. High sensitivity and accurate sensirion from Switzerland, sense subtle change of temperature and humidity a breath away. 3. An expression to spell over comfort level, cute and simple. 4. Low consumption screen, a CR2032 button battery for one-year. 5. Built-in advanced Sensirion temperature and humidity sensor, temperature accuracy: 0.1 degrees, humidity accuracy: 0.1 percent RH 6. Via Mi app to switch on humidifier when indoor humidity is too low and air-conditioner when indoors temperature is too high LED digital display, you can get temperature, humidity easily\" \/>\n\t\t<meta name=\"twitter:image\" content=\"https:\/\/www.rucashk.com\/wp-content\/uploads\/replace\/503b8e645f128a97ccde2b6290747646.jpeg\" \/>\n\t\t<script type=\"application\/ld+json\" class=\"aioseo-schema\">\n\t\t\t{\"@context\":\"https:\\\/\\\/schema.org\",\"@graph\":[{\"@type\":\"BreadcrumbList\",\"@id\":\"https:\\\/\\\/www.rucashk.com\\\/pt\\\/produto\\\/mijia-bluetooth-thermometer-2\\\/#breadcrumblist\",\"itemListElement\":[{\"@type\":\"ListItem\",\"@id\":\"https:\\\/\\\/www.rucashk.com\\\/pt\\\/#listItem\",\"position\":1,\"name\":\"Home\",\"item\":\"https:\\\/\\\/www.rucashk.com\\\/pt\\\/\",\"nextItem\":\"https:\\\/\\\/www.rucashk.com\\\/pt\\\/produto\\\/mijia-bluetooth-thermometer-2\\\/#listItem\"},{\"@type\":\"ListItem\",\"@id\":\"https:\\\/\\\/www.rucashk.com\\\/pt\\\/produto\\\/mijia-bluetooth-thermometer-2\\\/#listItem\",\"position\":2,\"name\":\"Mijia\\u00a0Bluetooth Thermometer 2\",\"previousItem\":\"https:\\\/\\\/www.rucashk.com\\\/pt\\\/#listItem\"}]},{\"@type\":\"Organization\",\"@id\":\"https:\\\/\\\/www.rucashk.com\\\/pt\\\/#organization\",\"name\":\"Rucas\",\"url\":\"https:\\\/\\\/www.rucashk.com\\\/pt\\\/\",\"logo\":{\"@type\":\"ImageObject\",\"url\":\"https:\\\/\\\/www.rucashk.com\\\/wp-content\\\/uploads\\\/2023\\\/12\\\/Rucas_campany_logo.png\",\"@id\":\"https:\\\/\\\/www.rucashk.com\\\/pt\\\/produto\\\/mijia-bluetooth-thermometer-2\\\/#organizationLogo\",\"width\":221,\"height\":65},\"image\":{\"@id\":\"https:\\\/\\\/www.rucashk.com\\\/pt\\\/#organizationLogo\"}},{\"@type\":\"Person\",\"@id\":\"https:\\\/\\\/www.rucashk.com\\\/pt\\\/author\\\/admin\\\/#author\",\"url\":\"https:\\\/\\\/www.rucashk.com\\\/pt\\\/author\\\/admin\\\/\",\"name\":\"admin\",\"image\":{\"@type\":\"ImageObject\",\"@id\":\"https:\\\/\\\/www.rucashk.com\\\/pt\\\/produto\\\/mijia-bluetooth-thermometer-2\\\/#authorImage\",\"url\":\"https:\\\/\\\/secure.gravatar.com\\\/avatar\\\/b7c8925b09a27e72b30232f8ecaadbd5af0f70a38c78096863fe51b64f031c24?s=96&d=mm&r=g\",\"width\":96,\"height\":96,\"caption\":\"admin\"}},{\"@type\":\"WebPage\",\"@id\":\"https:\\\/\\\/www.rucashk.com\\\/pt\\\/produto\\\/mijia-bluetooth-thermometer-2\\\/#webpage\",\"url\":\"https:\\\/\\\/www.rucashk.com\\\/pt\\\/produto\\\/mijia-bluetooth-thermometer-2\\\/\",\"name\":\"Mijia Bluetooth Thermometer 2 - Rucas - Wholesale and Distribution\",\"description\":\"Features: 1. Home hygrometer, data can be clearly read in various brightness and angle. 2. High sensitivity and accurate sensirion from Switzerland, sense subtle change of temperature and humidity a breath away. 3. An expression to spell over comfort level, cute and simple. 4. Low consumption screen, a CR2032 button battery for one-year. 5. Built-in advanced Sensirion temperature and humidity sensor, temperature accuracy: 0.1 degrees, humidity accuracy: 0.1 percent RH 6. Via Mi app to switch on humidifier when indoor humidity is too low and air-conditioner when indoors temperature is too high LED digital display, you can get temperature, humidity easily\",\"inLanguage\":\"pt-PT\",\"isPartOf\":{\"@id\":\"https:\\\/\\\/www.rucashk.com\\\/pt\\\/#website\"},\"breadcrumb\":{\"@id\":\"https:\\\/\\\/www.rucashk.com\\\/pt\\\/produto\\\/mijia-bluetooth-thermometer-2\\\/#breadcrumblist\"},\"author\":{\"@id\":\"https:\\\/\\\/www.rucashk.com\\\/pt\\\/author\\\/admin\\\/#author\"},\"creator\":{\"@id\":\"https:\\\/\\\/www.rucashk.com\\\/pt\\\/author\\\/admin\\\/#author\"},\"image\":{\"@type\":\"ImageObject\",\"url\":\"https:\\\/\\\/www.rucashk.com\\\/wp-content\\\/uploads\\\/2024\\\/01\\\/Mijia-bluetooth-thermometer-2.jpg\",\"@id\":\"https:\\\/\\\/www.rucashk.com\\\/pt\\\/produto\\\/mijia-bluetooth-thermometer-2\\\/#mainImage\",\"width\":532,\"height\":483},\"primaryImageOfPage\":{\"@id\":\"https:\\\/\\\/www.rucashk.com\\\/pt\\\/produto\\\/mijia-bluetooth-thermometer-2\\\/#mainImage\"},\"datePublished\":\"2024-01-09T15:43:09+00:00\",\"dateModified\":\"2024-01-16T11:08:35+00:00\"},{\"@type\":\"WebSite\",\"@id\":\"https:\\\/\\\/www.rucashk.com\\\/pt\\\/#website\",\"url\":\"https:\\\/\\\/www.rucashk.com\\\/pt\\\/\",\"name\":\"Rucas - Wholesale and distribution worldwide\",\"alternateName\":\"Rucas - One-stop AIoT Distribution Worldwide\",\"description\":\"One-stop AIoT Distribution Worldwide\",\"inLanguage\":\"pt-PT\",\"publisher\":{\"@id\":\"https:\\\/\\\/www.rucashk.com\\\/pt\\\/#organization\"}}]}\n\t\t<\/script>\n\t\t<!-- All in One SEO Pro -->\r\n\t\t<title>Mijia Bluetooth Thermometer 2 - Rucas - Wholesale and Distribution<\/title>\n\n","aioseo_head_json":{"title":"Mijia Bluetooth Thermometer 2 - Rucas - Wholesale and Distribution","description":"Features: 1. Home hygrometer, data can be clearly read in various brightness and angle. 2. High sensitivity and accurate sensirion from Switzerland, sense subtle change of temperature and humidity a breath away. 3. An expression to spell over comfort level, cute and simple. 4. Low consumption screen, a CR2032 button battery for one-year. 5. Built-in advanced Sensirion temperature and humidity sensor, temperature accuracy: 0.1 degrees, humidity accuracy: 0.1 percent RH 6. Via Mi app to switch on humidifier when indoor humidity is too low and air-conditioner when indoors temperature is too high LED digital display, you can get temperature, humidity easily","canonical_url":"https:\/\/www.rucashk.com\/pt\/produto\/mijia-bluetooth-thermometer-2\/","robots":"max-image-preview:large","keywords":"","webmasterTools":{"miscellaneous":""},"og:locale":"pt_PT","og:site_name":"Rucas - One-stop AIoT Distribution Worldwide","og:type":"article","og:title":"Mijia Bluetooth Thermometer 2 - Rucas - Wholesale and Distribution","og:description":"Features: 1. Home hygrometer, data can be clearly read in various brightness and angle. 2. High sensitivity and accurate sensirion from Switzerland, sense subtle change of temperature and humidity a breath away. 3. An expression to spell over comfort level, cute and simple. 4. Low consumption screen, a CR2032 button battery for one-year. 5. Built-in advanced Sensirion temperature and humidity sensor, temperature accuracy: 0.1 degrees, humidity accuracy: 0.1 percent RH 6. Via Mi app to switch on humidifier when indoor humidity is too low and air-conditioner when indoors temperature is too high LED digital display, you can get temperature, humidity easily","og:url":"https:\/\/www.rucashk.com\/pt\/produto\/mijia-bluetooth-thermometer-2\/","og:image":"https:\/\/www.rucashk.com\/wp-content\/uploads\/replace\/503b8e645f128a97ccde2b6290747646.jpeg","og:image:secure_url":"https:\/\/www.rucashk.com\/wp-content\/uploads\/replace\/503b8e645f128a97ccde2b6290747646.jpeg","og:image:width":1456,"og:image:height":816,"article:published_time":"2024-01-09T15:43:09+00:00","article:modified_time":"2024-01-16T11:08:35+00:00","twitter:card":"summary_large_image","twitter:title":"Mijia Bluetooth Thermometer 2 - Rucas - Wholesale and Distribution","twitter:description":"Features: 1. Home hygrometer, data can be clearly read in various brightness and angle. 2. High sensitivity and accurate sensirion from Switzerland, sense subtle change of temperature and humidity a breath away. 3. An expression to spell over comfort level, cute and simple. 4. Low consumption screen, a CR2032 button battery for one-year. 5. Built-in advanced Sensirion temperature and humidity sensor, temperature accuracy: 0.1 degrees, humidity accuracy: 0.1 percent RH 6. Via Mi app to switch on humidifier when indoor humidity is too low and air-conditioner when indoors temperature is too high LED digital display, you can get temperature, humidity easily","twitter:image":"https:\/\/www.rucashk.com\/wp-content\/uploads\/replace\/503b8e645f128a97ccde2b6290747646.jpeg","schema":{"@context":"https:\/\/schema.org","@graph":[{"@type":"BreadcrumbList","@id":"https:\/\/www.rucashk.com\/pt\/produto\/mijia-bluetooth-thermometer-2\/#breadcrumblist","itemListElement":[{"@type":"ListItem","@id":"https:\/\/www.rucashk.com\/pt\/#listItem","position":1,"name":"Home","item":"https:\/\/www.rucashk.com\/pt\/","nextItem":"https:\/\/www.rucashk.com\/pt\/produto\/mijia-bluetooth-thermometer-2\/#listItem"},{"@type":"ListItem","@id":"https:\/\/www.rucashk.com\/pt\/produto\/mijia-bluetooth-thermometer-2\/#listItem","position":2,"name":"Mijia\u00a0Bluetooth Thermometer 2","previousItem":"https:\/\/www.rucashk.com\/pt\/#listItem"}]},{"@type":"Organization","@id":"https:\/\/www.rucashk.com\/pt\/#organization","name":"Rucas","url":"https:\/\/www.rucashk.com\/pt\/","logo":{"@type":"ImageObject","url":"https:\/\/www.rucashk.com\/wp-content\/uploads\/2023\/12\/Rucas_campany_logo.png","@id":"https:\/\/www.rucashk.com\/pt\/produto\/mijia-bluetooth-thermometer-2\/#organizationLogo","width":221,"height":65},"image":{"@id":"https:\/\/www.rucashk.com\/pt\/#organizationLogo"}},{"@type":"Person","@id":"https:\/\/www.rucashk.com\/pt\/author\/admin\/#author","url":"https:\/\/www.rucashk.com\/pt\/author\/admin\/","name":"admin","image":{"@type":"ImageObject","@id":"https:\/\/www.rucashk.com\/pt\/produto\/mijia-bluetooth-thermometer-2\/#authorImage","url":"https:\/\/secure.gravatar.com\/avatar\/b7c8925b09a27e72b30232f8ecaadbd5af0f70a38c78096863fe51b64f031c24?s=96&d=mm&r=g","width":96,"height":96,"caption":"admin"}},{"@type":"WebPage","@id":"https:\/\/www.rucashk.com\/pt\/produto\/mijia-bluetooth-thermometer-2\/#webpage","url":"https:\/\/www.rucashk.com\/pt\/produto\/mijia-bluetooth-thermometer-2\/","name":"Mijia Bluetooth Thermometer 2 - Rucas - Wholesale and Distribution","description":"Features: 1. Home hygrometer, data can be clearly read in various brightness and angle. 2. High sensitivity and accurate sensirion from Switzerland, sense subtle change of temperature and humidity a breath away. 3. An expression to spell over comfort level, cute and simple. 4. Low consumption screen, a CR2032 button battery for one-year. 5. Built-in advanced Sensirion temperature and humidity sensor, temperature accuracy: 0.1 degrees, humidity accuracy: 0.1 percent RH 6. Via Mi app to switch on humidifier when indoor humidity is too low and air-conditioner when indoors temperature is too high LED digital display, you can get temperature, humidity easily","inLanguage":"pt-PT","isPartOf":{"@id":"https:\/\/www.rucashk.com\/pt\/#website"},"breadcrumb":{"@id":"https:\/\/www.rucashk.com\/pt\/produto\/mijia-bluetooth-thermometer-2\/#breadcrumblist"},"author":{"@id":"https:\/\/www.rucashk.com\/pt\/author\/admin\/#author"},"creator":{"@id":"https:\/\/www.rucashk.com\/pt\/author\/admin\/#author"},"image":{"@type":"ImageObject","url":"https:\/\/www.rucashk.com\/wp-content\/uploads\/2024\/01\/Mijia-bluetooth-thermometer-2.jpg","@id":"https:\/\/www.rucashk.com\/pt\/produto\/mijia-bluetooth-thermometer-2\/#mainImage","width":532,"height":483},"primaryImageOfPage":{"@id":"https:\/\/www.rucashk.com\/pt\/produto\/mijia-bluetooth-thermometer-2\/#mainImage"},"datePublished":"2024-01-09T15:43:09+00:00","dateModified":"2024-01-16T11:08:35+00:00"},{"@type":"WebSite","@id":"https:\/\/www.rucashk.com\/pt\/#website","url":"https:\/\/www.rucashk.com\/pt\/","name":"Rucas - Wholesale and distribution worldwide","alternateName":"Rucas - One-stop AIoT Distribution Worldwide","description":"One-stop AIoT Distribution Worldwide","inLanguage":"pt-PT","publisher":{"@id":"https:\/\/www.rucashk.com\/pt\/#organization"}}]}},"aioseo_meta_data":{"post_id":"22358","title":null,"description":null,"keywords":null,"keyphrases":null,"primary_term":null,"canonical_url":null,"og_title":null,"og_description":null,"og_object_type":"default","og_image_type":"default","og_image_url":null,"og_image_width":null,"og_image_height":null,"og_image_custom_url":null,"og_image_custom_fields":null,"og_video":null,"og_custom_url":null,"og_article_section":null,"og_article_tags":null,"twitter_use_og":false,"twitter_card":"default","twitter_image_type":"default","twitter_image_url":null,"twitter_image_custom_url":null,"twitter_image_custom_fields":null,"twitter_title":null,"twitter_description":null,"schema":{"blockGraphs":[],"customGraphs":[],"default":{"data":{"Article":[],"Course":[],"Dataset":[],"FAQPage":[],"Movie":[],"Person":[],"Product":[],"Recipe":[],"Service":[],"SoftwareApplication":[],"WebPage":[]},"graphName":"","isEnabled":true},"graphs":[]},"schema_type":"default","schema_type_options":null,"pillar_content":false,"robots_default":true,"robots_noindex":false,"robots_noarchive":false,"robots_nosnippet":false,"robots_nofollow":false,"robots_noimageindex":false,"robots_noodp":false,"robots_notranslate":false,"robots_max_snippet":null,"robots_max_videopreview":null,"robots_max_imagepreview":"large","priority":null,"frequency":null,"local_seo":null,"breadcrumb_settings":null,"limit_modified_date":false,"created":"2024-04-11 01:55:22","updated":"2025-06-22 16:42:02"},"aioseo_breadcrumb":"<div class=\"aioseo-breadcrumbs\"><span class=\"aioseo-breadcrumb\">\n\t<a href=\"https:\/\/www.rucashk.com\/pt\" title=\"Home\">Home<\/a>\n<\/span><span class=\"aioseo-breadcrumb-separator\">&raquo;<\/span><span class=\"aioseo-breadcrumb\">\n\t<a href=\"https:\/\/www.rucashk.com\/pt\/products\/\" title=\"Produtos\">Produtos<\/a>\n<\/span><span class=\"aioseo-breadcrumb-separator\">&raquo;<\/span><span class=\"aioseo-breadcrumb\">\n\t<a href=\"https:\/\/www.rucashk.com\/pt\/categoria-produto\/xiaomi-eco\/\" title=\"Xiaomi Eco\">Xiaomi Eco<\/a>\n<\/span><span class=\"aioseo-breadcrumb-separator\">&raquo;<\/span><span class=\"aioseo-breadcrumb\">\n\t<a href=\"https:\/\/www.rucashk.com\/pt\/categoria-produto\/xiaomi-eco\/personal-care\/\" title=\"Personal Care\">Personal Care<\/a>\n<\/span><span class=\"aioseo-breadcrumb-separator\">&raquo;<\/span><span class=\"aioseo-breadcrumb\">\n\tMijia\u00a0Bluetooth Thermometer 2\n<\/span><\/div>","aioseo_breadcrumb_json":[{"label":"Home","link":"https:\/\/www.rucashk.com\/pt"},{"label":"Produtos","link":"https:\/\/www.rucashk.com\/pt\/products\/"},{"label":"Xiaomi Eco","link":"https:\/\/www.rucashk.com\/pt\/categoria-produto\/xiaomi-eco\/"},{"label":"Personal Care","link":"https:\/\/www.rucashk.com\/pt\/categoria-produto\/xiaomi-eco\/personal-care\/"},{"label":"Mijia\u00a0Bluetooth Thermometer 2","link":"https:\/\/www.rucashk.com\/pt\/produto\/mijia-bluetooth-thermometer-2\/"}],"_links":{"self":[{"href":"https:\/\/www.rucashk.com\/pt\/wp-json\/wp\/v2\/product\/22358","targetHints":{"allow":["GET"]}}],"collection":[{"href":"https:\/\/www.rucashk.com\/pt\/wp-json\/wp\/v2\/product"}],"about":[{"href":"https:\/\/www.rucashk.com\/pt\/wp-json\/wp\/v2\/types\/product"}],"wp:featuredmedia":[{"embeddable":true,"href":"https:\/\/www.rucashk.com\/pt\/wp-json\/wp\/v2\/media\/22505"}],"wp:attachment":[{"href":"https:\/\/www.rucashk.com\/pt\/wp-json\/wp\/v2\/media?parent=22358"}],"wp:term":[{"taxonomy":"product_brand","embeddable":true,"href":"https:\/\/www.rucashk.com\/pt\/wp-json\/wp\/v2\/product_brand?post=22358"},{"taxonomy":"product_cat","embeddable":true,"href":"https:\/\/www.rucashk.com\/pt\/wp-json\/wp\/v2\/product_cat?post=22358"},{"taxonomy":"product_tag","embeddable":true,"href":"https:\/\/www.rucashk.com\/pt\/wp-json\/wp\/v2\/product_tag?post=22358"}],"curies":[{"name":"wp","href":"https:\/\/api.w.org\/{rel}","templated":true}]}}