{"id":22287,"date":"2024-01-09T15:42:22","date_gmt":"2024-01-09T15:42:22","guid":{"rendered":"http:\/\/rucashk.com\/?post_type=product&#038;p=22287"},"modified":"2024-03-13T10:20:17","modified_gmt":"2024-03-13T10:20:17","slug":"ninebot-kickscooter-air-t15-wholesale","status":"publish","type":"product","link":"https:\/\/www.rucashk.com\/pt\/produto\/ninebot-kickscooter-air-t15-wholesale\/","title":{"rendered":"Ninebot KickScooter Air T15 atacado"},"content":{"rendered":"<h3 style=\"text-align: center\">Ninebot KickScooter Ar T15<\/h3>\n<p><img fetchpriority=\"high\" decoding=\"async\" class=\"alignnone\" src=\"\/wp-content\/uploads\/replace\/5965364da86764590f38466294d761aa.jpeg\" alt=\"Ninebot KickScooter Air T15 Wholesale\" width=\"884\" height=\"580\" \/><\/p>\n<h2>Dobrar ao meio com 8,7 polegadas de altura<\/h2>\n<p>Ao contr\u00e1rio de muitos <a class=\"\" style=\"width: auto !important\" href=\"https:\/\/www.rucashk.com\/pt\/produto\/xiaomi-mi-portable-air-pump-for-scooter-basketballs-and-many-others\/\" data-wpil-post-to-id=\"11145\">outras kickscooters dobr\u00e1veis dispon\u00edveis no mercado, Air<\/a> T15 dobra-se ao meio como um papel. Depois de dobrado, o Air T15 tem apenas 8,7 polegadas de altura. O tamanho do corpo dobrado \u00e9 plano e compacto, podendo ser facilmente guardado no metr\u00f4 ou no porta-malas do carro.<\/p>\n<p><img decoding=\"async\" class=\"alignnone\" src=\"\/wp-content\/uploads\/replace\/f75fbc49a319b6af0f9ad9465c1dac38.jpeg\" alt=\"Ninebot KickScooter Air T15 Wholesale\" width=\"884\" height=\"580\" \/><\/p>\n<h2>Mecanismo de dobramento de um segundo com guiador retr\u00e1til<\/h2>\n<p>Com apenas um movimento, todo o ve\u00edculo pode ser dobrado\u00a0<strong>um segundo<\/strong>. O guiador ir\u00e1 girar e retrair automaticamente. Uma experi\u00eancia de usu\u00e1rio simples como nunca antes<\/p>\n<p><img decoding=\"async\" class=\"alignnone\" src=\"\/wp-content\/uploads\/replace\/f9b99745da59b49fe323a4de5ec01017.jpeg\" alt=\"Ninebot KickScooter Air T15 Wholesale\" width=\"884\" height=\"580\" \/><\/p>\n<h2>Quatro modos de pilotagem<\/h2>\n<p>Os quatro modos de pilotagem permitem que os pilotos alternem facilmente com base nas ocasi\u00f5es de pilotagem. Tal <a class=\"\" style=\"width: auto !important\" href=\"https:\/\/www.rucashk.com\/pt\/5-sport-modes-are-added-in-mi-bracelet-5-control-phones-to-shoot-pictures\/\" data-wpil-post-to-id=\"9254\">os modos incluem Modo Pedestre, Modo de Economia de Energia, Modo Padr\u00e3o e Esporte<\/a> Modo com um limite de velocidade predefinido de 3,7 mph (6 km\/h), 6,2 mph (10 km\/h), 9,3 mph (15 km\/h) e 12,4 mph (20 km\/h), respectivamente.<\/p>\n<p><img loading=\"lazy\" decoding=\"async\" class=\"alignnone\" src=\"\/wp-content\/uploads\/replace\/1ab7ac297924b3550a1aaedb7caa1da6.jpeg\" alt=\"Ninebot KickScooter Air T15 Wholesale\" width=\"884\" height=\"580\" \/><\/p>\n<h2>Sistema inovador de frenagem regenerativa<\/h2>\n<p>O inovador sistema de freio regenerativo transforma sua e-scooter em uma <a class=\"\" style=\"width: auto !important\" href=\"https:\/\/www.rucashk.com\/pt\/the-super-battery-of-xiaomi-mijia-with-2900mah-surge-of-electric-energy-is-launched\/\" data-wpil-post-to-id=\"8398\">ve\u00edculo el\u00e9trico movido a eletricidade e energia reciclada<\/a> de andar. As rodas s\u00e3o capazes de transformar o <a class=\"\" style=\"width: auto !important\" href=\"https:\/\/www.rucashk.com\/pt\/the-super-battery-of-xiaomi-mijia-with-2900mah-surge-of-electric-energy-is-launched\/\" data-wpil-post-to-id=\"8398\">energia que \u00e9 capturada durante a frenagem em energia e armazen\u00e1-la na bateria de l\u00edtio integrada<\/a> pacote.<\/p>\n<p><img loading=\"lazy\" decoding=\"async\" class=\"alignnone\" src=\"\/wp-content\/uploads\/replace\/05d935482f12dfbef838c9842a6583c8.jpeg\" alt=\"Ninebot KickScooter Air T15 Wholesale\" width=\"884\" height=\"580\" \/><\/p>\n<h2>Conectividade de aplicativos inteligentes<\/h2>\n<ul>\n<li>Aplicativo Segway-Ninebot para <a class=\"\" style=\"width: auto !important\" href=\"https:\/\/www.rucashk.com\/pt\/instagram-updates-a-new-function-a-transition-between-android-and-ios\/\" data-wpil-post-to-id=\"9657\">iOS e Android<\/a><\/li>\n<li>Painel de estat\u00edsticas de pilotagem ao vivo<\/li>\n<li>Personalize as cores da luz ambiente LED<\/li>\n<li>E mais<img loading=\"lazy\" decoding=\"async\" class=\"alignnone\" src=\"\/wp-content\/uploads\/replace\/6916950beeec6dde2660beb91944cd05.jpeg\" alt=\"Ninebot KickScooter Air T15 Wholesale\" width=\"1920\" height=\"957\" \/><\/li>\n<\/ul>\n<p>&nbsp;<\/p>","protected":false},"excerpt":{"rendered":"<div class=\"wpb_text_column wpb_content_element\">\n<div class=\"wpb_wrapper\">\n<p><strong>Destaques:<\/strong><\/p>\n<p>Ninebot KickScooter Air T15 \u00e9 a kickscooter el\u00e9trica mais compacta, leve e com baixo consumo de energia j\u00e1 lan\u00e7ada para navegar em um ambiente urbano.<\/p>\n<p>&nbsp;<\/p>\n<\/div>\n<\/div>\n<div class=\"wpb_text_column wpb_content_element\">\n<div class=\"wpb_wrapper\">\n<p>O design se adapta perfeitamente ao estilo de vida urbano e \u00e9 ideal para completar seu trajeto de \u00faltima milha, realizar transporte de massa e guardar em carros.<\/p>\n<p>&nbsp;<\/p>\n<p>A apar\u00eancia \u00fanica, elegante e futurista da Air T15 a torna \u00fanica em rela\u00e7\u00e3o a outras scooters do mercado.<\/p>\n<\/div>\n<\/div>","protected":false},"featured_media":22438,"template":"","meta":[],"product_brand":[],"product_cat":[1321,1305],"product_tag":[709],"class_list":{"0":"post-22287","1":"product","2":"type-product","3":"status-publish","4":"has-post-thumbnail","6":"product_cat-sports","7":"product_cat-xiaomi-eco","8":"product_tag-ninebot-kickscooter-air-t15","10":"first","11":"instock","12":"shipping-taxable","13":"product-type-external"},"aioseo_notices":[],"aioseo_head":"\n\t\t<!-- All in One SEO Pro 4.5.9.2 - aioseo.com -->\n\t\t<meta name=\"description\" content=\"Highlights: Ninebot KickScooter Air T15 is the most compact, lightweight, and energy-efficient electric kickscooter ever introduced to navigate in a city environment. The design is a perfect fit for the urban lifestyle and is best for completing your last-mile commute, carrying on mass transportation and storing in cars. The unique sleek and futuristic appearance of the Air T15 makes it one of a kind from other scooters in the market.\" \/>\n\t\t<meta name=\"robots\" content=\"max-image-preview:large\" \/>\n\t\t<link rel=\"canonical\" href=\"https:\/\/www.rucashk.com\/pt\/produto\/ninebot-kickscooter-air-t15-wholesale\/\" \/>\n\t\t<meta name=\"generator\" content=\"All in One SEO Pro (AIOSEO) 4.5.9.2\" \/>\n\t\t<meta property=\"og:locale\" content=\"pt_PT\" \/>\n\t\t<meta property=\"og:site_name\" content=\"Rucas - One-stop AIoT Distribution Worldwide\" \/>\n\t\t<meta property=\"og:type\" content=\"article\" \/>\n\t\t<meta property=\"og:title\" content=\"Ninebot KickScooter Air T15 Wholesale - Rucas - Wholesale and Distribution\" \/>\n\t\t<meta property=\"og:description\" content=\"Highlights: Ninebot KickScooter Air T15 is the most compact, lightweight, and energy-efficient electric kickscooter ever introduced to navigate in a city environment. The design is a perfect fit for the urban lifestyle and is best for completing your last-mile commute, carrying on mass transportation and storing in cars. The unique sleek and futuristic appearance of the Air T15 makes it one of a kind from other scooters in the market.\" \/>\n\t\t<meta property=\"og:url\" content=\"https:\/\/www.rucashk.com\/pt\/produto\/ninebot-kickscooter-air-t15-wholesale\/\" \/>\n\t\t<meta property=\"og:image\" content=\"https:\/\/www.rucashk.com\/wp-content\/uploads\/replace\/503b8e645f128a97ccde2b6290747646.jpeg\" \/>\n\t\t<meta property=\"og:image:secure_url\" content=\"https:\/\/www.rucashk.com\/wp-content\/uploads\/replace\/503b8e645f128a97ccde2b6290747646.jpeg\" \/>\n\t\t<meta property=\"og:image:width\" content=\"1456\" \/>\n\t\t<meta property=\"og:image:height\" content=\"816\" \/>\n\t\t<meta property=\"article:published_time\" content=\"2024-01-09T15:42:22+00:00\" \/>\n\t\t<meta property=\"article:modified_time\" content=\"2024-03-13T10:20:17+00:00\" \/>\n\t\t<meta name=\"twitter:card\" content=\"summary_large_image\" \/>\n\t\t<meta name=\"twitter:title\" content=\"Ninebot KickScooter Air T15 Wholesale - Rucas - Wholesale and Distribution\" \/>\n\t\t<meta name=\"twitter:description\" content=\"Highlights: Ninebot KickScooter Air T15 is the most compact, lightweight, and energy-efficient electric kickscooter ever introduced to navigate in a city environment. The design is a perfect fit for the urban lifestyle and is best for completing your last-mile commute, carrying on mass transportation and storing in cars. The unique sleek and futuristic appearance of the Air T15 makes it one of a kind from other scooters in the market.\" \/>\n\t\t<meta name=\"twitter:image\" content=\"https:\/\/www.rucashk.com\/wp-content\/uploads\/replace\/503b8e645f128a97ccde2b6290747646.jpeg\" \/>\n\t\t<script type=\"application\/ld+json\" class=\"aioseo-schema\">\n\t\t\t{\"@context\":\"https:\\\/\\\/schema.org\",\"@graph\":[{\"@type\":\"BreadcrumbList\",\"@id\":\"https:\\\/\\\/www.rucashk.com\\\/pt\\\/produto\\\/ninebot-kickscooter-air-t15-wholesale\\\/#breadcrumblist\",\"itemListElement\":[{\"@type\":\"ListItem\",\"@id\":\"https:\\\/\\\/www.rucashk.com\\\/pt\\\/#listItem\",\"position\":1,\"name\":\"Home\",\"item\":\"https:\\\/\\\/www.rucashk.com\\\/pt\\\/\",\"nextItem\":\"https:\\\/\\\/www.rucashk.com\\\/pt\\\/produto\\\/ninebot-kickscooter-air-t15-wholesale\\\/#listItem\"},{\"@type\":\"ListItem\",\"@id\":\"https:\\\/\\\/www.rucashk.com\\\/pt\\\/produto\\\/ninebot-kickscooter-air-t15-wholesale\\\/#listItem\",\"position\":2,\"name\":\"Ninebot  KickScooter Air T15 Wholesale\",\"previousItem\":\"https:\\\/\\\/www.rucashk.com\\\/pt\\\/#listItem\"}]},{\"@type\":\"Organization\",\"@id\":\"https:\\\/\\\/www.rucashk.com\\\/pt\\\/#organization\",\"name\":\"Rucas\",\"url\":\"https:\\\/\\\/www.rucashk.com\\\/pt\\\/\",\"logo\":{\"@type\":\"ImageObject\",\"url\":\"https:\\\/\\\/www.rucashk.com\\\/wp-content\\\/uploads\\\/2023\\\/12\\\/Rucas_campany_logo.png\",\"@id\":\"https:\\\/\\\/www.rucashk.com\\\/pt\\\/produto\\\/ninebot-kickscooter-air-t15-wholesale\\\/#organizationLogo\",\"width\":221,\"height\":65},\"image\":{\"@id\":\"https:\\\/\\\/www.rucashk.com\\\/pt\\\/#organizationLogo\"}},{\"@type\":\"Person\",\"@id\":\"https:\\\/\\\/www.rucashk.com\\\/pt\\\/author\\\/admin\\\/#author\",\"url\":\"https:\\\/\\\/www.rucashk.com\\\/pt\\\/author\\\/admin\\\/\",\"name\":\"admin\",\"image\":{\"@type\":\"ImageObject\",\"@id\":\"https:\\\/\\\/www.rucashk.com\\\/pt\\\/produto\\\/ninebot-kickscooter-air-t15-wholesale\\\/#authorImage\",\"url\":\"https:\\\/\\\/secure.gravatar.com\\\/avatar\\\/b7c8925b09a27e72b30232f8ecaadbd5af0f70a38c78096863fe51b64f031c24?s=96&d=mm&r=g\",\"width\":96,\"height\":96,\"caption\":\"admin\"}},{\"@type\":\"WebPage\",\"@id\":\"https:\\\/\\\/www.rucashk.com\\\/pt\\\/produto\\\/ninebot-kickscooter-air-t15-wholesale\\\/#webpage\",\"url\":\"https:\\\/\\\/www.rucashk.com\\\/pt\\\/produto\\\/ninebot-kickscooter-air-t15-wholesale\\\/\",\"name\":\"Ninebot KickScooter Air T15 Wholesale - Rucas - Wholesale and Distribution\",\"description\":\"Highlights: Ninebot KickScooter Air T15 is the most compact, lightweight, and energy-efficient electric kickscooter ever introduced to navigate in a city environment. The design is a perfect fit for the urban lifestyle and is best for completing your last-mile commute, carrying on mass transportation and storing in cars. The unique sleek and futuristic appearance of the Air T15 makes it one of a kind from other scooters in the market.\",\"inLanguage\":\"pt-PT\",\"isPartOf\":{\"@id\":\"https:\\\/\\\/www.rucashk.com\\\/pt\\\/#website\"},\"breadcrumb\":{\"@id\":\"https:\\\/\\\/www.rucashk.com\\\/pt\\\/produto\\\/ninebot-kickscooter-air-t15-wholesale\\\/#breadcrumblist\"},\"author\":{\"@id\":\"https:\\\/\\\/www.rucashk.com\\\/pt\\\/author\\\/admin\\\/#author\"},\"creator\":{\"@id\":\"https:\\\/\\\/www.rucashk.com\\\/pt\\\/author\\\/admin\\\/#author\"},\"image\":{\"@type\":\"ImageObject\",\"url\":\"https:\\\/\\\/www.rucashk.com\\\/wp-content\\\/uploads\\\/2024\\\/01\\\/3.9_\\u526f\\u672c.jpg\",\"@id\":\"https:\\\/\\\/www.rucashk.com\\\/pt\\\/produto\\\/ninebot-kickscooter-air-t15-wholesale\\\/#mainImage\",\"width\":800,\"height\":800},\"primaryImageOfPage\":{\"@id\":\"https:\\\/\\\/www.rucashk.com\\\/pt\\\/produto\\\/ninebot-kickscooter-air-t15-wholesale\\\/#mainImage\"},\"datePublished\":\"2024-01-09T15:42:22+00:00\",\"dateModified\":\"2024-03-13T10:20:17+00:00\"},{\"@type\":\"WebSite\",\"@id\":\"https:\\\/\\\/www.rucashk.com\\\/pt\\\/#website\",\"url\":\"https:\\\/\\\/www.rucashk.com\\\/pt\\\/\",\"name\":\"Rucas - Wholesale and distribution worldwide\",\"alternateName\":\"Rucas - One-stop AIoT Distribution Worldwide\",\"description\":\"One-stop AIoT Distribution Worldwide\",\"inLanguage\":\"pt-PT\",\"publisher\":{\"@id\":\"https:\\\/\\\/www.rucashk.com\\\/pt\\\/#organization\"}}]}\n\t\t<\/script>\n\t\t<!-- All in One SEO Pro -->\r\n\t\t<title>Ninebot KickScooter Air T15 Wholesale - Rucas - Wholesale and Distribution<\/title>\n\n","aioseo_head_json":{"title":"Ninebot KickScooter Air T15 Wholesale - Rucas - Wholesale and Distribution","description":"Highlights: Ninebot KickScooter Air T15 is the most compact, lightweight, and energy-efficient electric kickscooter ever introduced to navigate in a city environment. The design is a perfect fit for the urban lifestyle and is best for completing your last-mile commute, carrying on mass transportation and storing in cars. The unique sleek and futuristic appearance of the Air T15 makes it one of a kind from other scooters in the market.","canonical_url":"https:\/\/www.rucashk.com\/pt\/produto\/ninebot-kickscooter-air-t15-wholesale\/","robots":"max-image-preview:large","keywords":"","webmasterTools":{"miscellaneous":""},"og:locale":"pt_PT","og:site_name":"Rucas - One-stop AIoT Distribution Worldwide","og:type":"article","og:title":"Ninebot KickScooter Air T15 Wholesale - Rucas - Wholesale and Distribution","og:description":"Highlights: Ninebot KickScooter Air T15 is the most compact, lightweight, and energy-efficient electric kickscooter ever introduced to navigate in a city environment. The design is a perfect fit for the urban lifestyle and is best for completing your last-mile commute, carrying on mass transportation and storing in cars. The unique sleek and futuristic appearance of the Air T15 makes it one of a kind from other scooters in the market.","og:url":"https:\/\/www.rucashk.com\/pt\/produto\/ninebot-kickscooter-air-t15-wholesale\/","og:image":"https:\/\/www.rucashk.com\/wp-content\/uploads\/replace\/503b8e645f128a97ccde2b6290747646.jpeg","og:image:secure_url":"https:\/\/www.rucashk.com\/wp-content\/uploads\/replace\/503b8e645f128a97ccde2b6290747646.jpeg","og:image:width":1456,"og:image:height":816,"article:published_time":"2024-01-09T15:42:22+00:00","article:modified_time":"2024-03-13T10:20:17+00:00","twitter:card":"summary_large_image","twitter:title":"Ninebot KickScooter Air T15 Wholesale - Rucas - Wholesale and Distribution","twitter:description":"Highlights: Ninebot KickScooter Air T15 is the most compact, lightweight, and energy-efficient electric kickscooter ever introduced to navigate in a city environment. The design is a perfect fit for the urban lifestyle and is best for completing your last-mile commute, carrying on mass transportation and storing in cars. The unique sleek and futuristic appearance of the Air T15 makes it one of a kind from other scooters in the market.","twitter:image":"https:\/\/www.rucashk.com\/wp-content\/uploads\/replace\/503b8e645f128a97ccde2b6290747646.jpeg","schema":{"@context":"https:\/\/schema.org","@graph":[{"@type":"BreadcrumbList","@id":"https:\/\/www.rucashk.com\/pt\/produto\/ninebot-kickscooter-air-t15-wholesale\/#breadcrumblist","itemListElement":[{"@type":"ListItem","@id":"https:\/\/www.rucashk.com\/pt\/#listItem","position":1,"name":"Home","item":"https:\/\/www.rucashk.com\/pt\/","nextItem":"https:\/\/www.rucashk.com\/pt\/produto\/ninebot-kickscooter-air-t15-wholesale\/#listItem"},{"@type":"ListItem","@id":"https:\/\/www.rucashk.com\/pt\/produto\/ninebot-kickscooter-air-t15-wholesale\/#listItem","position":2,"name":"Ninebot  KickScooter Air T15 Wholesale","previousItem":"https:\/\/www.rucashk.com\/pt\/#listItem"}]},{"@type":"Organization","@id":"https:\/\/www.rucashk.com\/pt\/#organization","name":"Rucas","url":"https:\/\/www.rucashk.com\/pt\/","logo":{"@type":"ImageObject","url":"https:\/\/www.rucashk.com\/wp-content\/uploads\/2023\/12\/Rucas_campany_logo.png","@id":"https:\/\/www.rucashk.com\/pt\/produto\/ninebot-kickscooter-air-t15-wholesale\/#organizationLogo","width":221,"height":65},"image":{"@id":"https:\/\/www.rucashk.com\/pt\/#organizationLogo"}},{"@type":"Person","@id":"https:\/\/www.rucashk.com\/pt\/author\/admin\/#author","url":"https:\/\/www.rucashk.com\/pt\/author\/admin\/","name":"admin","image":{"@type":"ImageObject","@id":"https:\/\/www.rucashk.com\/pt\/produto\/ninebot-kickscooter-air-t15-wholesale\/#authorImage","url":"https:\/\/secure.gravatar.com\/avatar\/b7c8925b09a27e72b30232f8ecaadbd5af0f70a38c78096863fe51b64f031c24?s=96&d=mm&r=g","width":96,"height":96,"caption":"admin"}},{"@type":"WebPage","@id":"https:\/\/www.rucashk.com\/pt\/produto\/ninebot-kickscooter-air-t15-wholesale\/#webpage","url":"https:\/\/www.rucashk.com\/pt\/produto\/ninebot-kickscooter-air-t15-wholesale\/","name":"Ninebot KickScooter Air T15 Wholesale - Rucas - Wholesale and Distribution","description":"Highlights: Ninebot KickScooter Air T15 is the most compact, lightweight, and energy-efficient electric kickscooter ever introduced to navigate in a city environment. The design is a perfect fit for the urban lifestyle and is best for completing your last-mile commute, carrying on mass transportation and storing in cars. The unique sleek and futuristic appearance of the Air T15 makes it one of a kind from other scooters in the market.","inLanguage":"pt-PT","isPartOf":{"@id":"https:\/\/www.rucashk.com\/pt\/#website"},"breadcrumb":{"@id":"https:\/\/www.rucashk.com\/pt\/produto\/ninebot-kickscooter-air-t15-wholesale\/#breadcrumblist"},"author":{"@id":"https:\/\/www.rucashk.com\/pt\/author\/admin\/#author"},"creator":{"@id":"https:\/\/www.rucashk.com\/pt\/author\/admin\/#author"},"image":{"@type":"ImageObject","url":"https:\/\/www.rucashk.com\/wp-content\/uploads\/2024\/01\/3.9_\u526f\u672c.jpg","@id":"https:\/\/www.rucashk.com\/pt\/produto\/ninebot-kickscooter-air-t15-wholesale\/#mainImage","width":800,"height":800},"primaryImageOfPage":{"@id":"https:\/\/www.rucashk.com\/pt\/produto\/ninebot-kickscooter-air-t15-wholesale\/#mainImage"},"datePublished":"2024-01-09T15:42:22+00:00","dateModified":"2024-03-13T10:20:17+00:00"},{"@type":"WebSite","@id":"https:\/\/www.rucashk.com\/pt\/#website","url":"https:\/\/www.rucashk.com\/pt\/","name":"Rucas - Wholesale and distribution worldwide","alternateName":"Rucas - One-stop AIoT Distribution Worldwide","description":"One-stop AIoT Distribution Worldwide","inLanguage":"pt-PT","publisher":{"@id":"https:\/\/www.rucashk.com\/pt\/#organization"}}]}},"aioseo_meta_data":{"post_id":"22287","title":null,"description":null,"keywords":null,"keyphrases":null,"primary_term":null,"canonical_url":null,"og_title":null,"og_description":null,"og_object_type":"default","og_image_type":"default","og_image_url":null,"og_image_width":null,"og_image_height":null,"og_image_custom_url":null,"og_image_custom_fields":null,"og_video":null,"og_custom_url":null,"og_article_section":null,"og_article_tags":null,"twitter_use_og":false,"twitter_card":"default","twitter_image_type":"default","twitter_image_url":null,"twitter_image_custom_url":null,"twitter_image_custom_fields":null,"twitter_title":null,"twitter_description":null,"schema":{"blockGraphs":[],"customGraphs":[],"default":{"data":{"Article":[],"Course":[],"Dataset":[],"FAQPage":[],"Movie":[],"Person":[],"Product":[],"Recipe":[],"Service":[],"SoftwareApplication":[],"WebPage":[]},"graphName":"","isEnabled":true},"graphs":[]},"schema_type":"default","schema_type_options":null,"pillar_content":false,"robots_default":true,"robots_noindex":false,"robots_noarchive":false,"robots_nosnippet":false,"robots_nofollow":false,"robots_noimageindex":false,"robots_noodp":false,"robots_notranslate":false,"robots_max_snippet":null,"robots_max_videopreview":null,"robots_max_imagepreview":"large","priority":null,"frequency":null,"local_seo":null,"breadcrumb_settings":null,"limit_modified_date":false,"created":"2024-04-11 01:55:22","updated":"2025-06-22 16:40:54"},"aioseo_breadcrumb":"<div class=\"aioseo-breadcrumbs\"><span class=\"aioseo-breadcrumb\">\n\t<a href=\"https:\/\/www.rucashk.com\/pt\" title=\"Home\">Home<\/a>\n<\/span><span class=\"aioseo-breadcrumb-separator\">&raquo;<\/span><span class=\"aioseo-breadcrumb\">\n\t<a href=\"https:\/\/www.rucashk.com\/pt\/products\/\" title=\"Produtos\">Produtos<\/a>\n<\/span><span class=\"aioseo-breadcrumb-separator\">&raquo;<\/span><span class=\"aioseo-breadcrumb\">\n\t<a href=\"https:\/\/www.rucashk.com\/pt\/categoria-produto\/xiaomi-eco\/\" title=\"Xiaomi Eco\">Xiaomi Eco<\/a>\n<\/span><span class=\"aioseo-breadcrumb-separator\">&raquo;<\/span><span class=\"aioseo-breadcrumb\">\n\t<a href=\"https:\/\/www.rucashk.com\/pt\/categoria-produto\/xiaomi-eco\/sports\/\" title=\"Sports\">Sports<\/a>\n<\/span><span class=\"aioseo-breadcrumb-separator\">&raquo;<\/span><span class=\"aioseo-breadcrumb\">\n\tNinebot  KickScooter Air T15 Wholesale\n<\/span><\/div>","aioseo_breadcrumb_json":[{"label":"Home","link":"https:\/\/www.rucashk.com\/pt"},{"label":"Produtos","link":"https:\/\/www.rucashk.com\/pt\/products\/"},{"label":"Xiaomi Eco","link":"https:\/\/www.rucashk.com\/pt\/categoria-produto\/xiaomi-eco\/"},{"label":"Sports","link":"https:\/\/www.rucashk.com\/pt\/categoria-produto\/xiaomi-eco\/sports\/"},{"label":"Ninebot  KickScooter Air T15 Wholesale","link":"https:\/\/www.rucashk.com\/pt\/produto\/ninebot-kickscooter-air-t15-wholesale\/"}],"_links":{"self":[{"href":"https:\/\/www.rucashk.com\/pt\/wp-json\/wp\/v2\/product\/22287","targetHints":{"allow":["GET"]}}],"collection":[{"href":"https:\/\/www.rucashk.com\/pt\/wp-json\/wp\/v2\/product"}],"about":[{"href":"https:\/\/www.rucashk.com\/pt\/wp-json\/wp\/v2\/types\/product"}],"wp:featuredmedia":[{"embeddable":true,"href":"https:\/\/www.rucashk.com\/pt\/wp-json\/wp\/v2\/media\/22438"}],"wp:attachment":[{"href":"https:\/\/www.rucashk.com\/pt\/wp-json\/wp\/v2\/media?parent=22287"}],"wp:term":[{"taxonomy":"product_brand","embeddable":true,"href":"https:\/\/www.rucashk.com\/pt\/wp-json\/wp\/v2\/product_brand?post=22287"},{"taxonomy":"product_cat","embeddable":true,"href":"https:\/\/www.rucashk.com\/pt\/wp-json\/wp\/v2\/product_cat?post=22287"},{"taxonomy":"product_tag","embeddable":true,"href":"https:\/\/www.rucashk.com\/pt\/wp-json\/wp\/v2\/product_tag?post=22287"}],"curies":[{"name":"wp","href":"https:\/\/api.w.org\/{rel}","templated":true}]}}