{"id":22286,"date":"2024-01-09T15:42:21","date_gmt":"2024-01-09T15:42:21","guid":{"rendered":"http:\/\/rucashk.com\/?post_type=product&#038;p=22286"},"modified":"2024-03-13T10:22:49","modified_gmt":"2024-03-13T10:22:49","slug":"air-purifier-2c","status":"publish","type":"product","link":"https:\/\/www.rucashk.com\/pt\/produto\/air-purifier-2c\/","title":{"rendered":"Purificador de Ar 2C"},"content":{"rendered":"<h3 style=\"text-align: center\">Purificador de Ar 2C<\/h3>\n<p><img fetchpriority=\"high\" decoding=\"async\" class=\"alignnone\" src=\"\/wp-content\/uploads\/replace\/d3ee07c554eec86e6413d40ae590a38e.jpeg\" alt=\"Air Purifier 2c\" width=\"1226\" height=\"593\" \/><img decoding=\"async\" alt=\"Air Purifier 2C\" src=\"\/wp-content\/uploads\/replace\/769ba280f2ad5308cd4988d62c6dcecf.jpeg\" \/><img decoding=\"async\" class=\"alignnone\" src=\"\/wp-content\/uploads\/replace\/f3d8240dc6f3b55a41eb5260083041a4.jpeg\" alt=\"Air Purifier 2c\" width=\"1226\" height=\"700\" \/><img decoding=\"async\" class=\"alignnone\" src=\"\/wp-content\/uploads\/replace\/d4381cba4d508225281feb54b38f9c04.jpeg\" alt=\"Air Purifier 2c\" width=\"1226\" height=\"600\" \/><img loading=\"lazy\" decoding=\"async\" class=\"alignnone\" src=\"\/wp-content\/uploads\/replace\/39ea6cc44e72e89bc5f223961f4c678a.jpeg\" alt=\"Air Purifier 2c\" width=\"1226\" height=\"676\" \/><img loading=\"lazy\" decoding=\"async\" class=\"alignnone\" src=\"\/wp-content\/uploads\/replace\/2c793bda3004efa01a4fba7d2c3526aa.jpeg\" alt=\"Air Purifier 2c\" width=\"1226\" height=\"542\" \/><img loading=\"lazy\" decoding=\"async\" class=\"alignnone\" src=\"\/wp-content\/uploads\/replace\/cbd3aab3cb167855e45416f99dd83345.jpeg\" alt=\"Air Purifier 2c\" width=\"1226\" height=\"592\" \/><img loading=\"lazy\" decoding=\"async\" class=\"alignnone\" src=\"\/wp-content\/uploads\/replace\/ba590e5d1247ee6870397f28d7e41f81.jpeg\" alt=\"Air Purifier 2c\" width=\"1226\" height=\"498\" \/><img loading=\"lazy\" decoding=\"async\" class=\"alignnone\" src=\"\/wp-content\/uploads\/replace\/090b645d088fb166128c9de1809a4abc.jpeg\" alt=\"Air Purifier 2c\" width=\"1226\" height=\"909\" \/><\/p>","protected":false},"excerpt":{"rendered":"<p>Possui um indicador LED tricolor na frente que indica a qualidade do ar, alterando sua cor de acordo. Mostra op\u00e7\u00f5es como ar limpo, n\u00edvel de polui\u00e7\u00e3o moderado e n\u00edvel de polui\u00e7\u00e3o severo. Em termos de peso, pesa 4,2 kg e mede 240 x 240 x 520 mm. Ele usa sensores infravermelhos para detectar os n\u00edveis de polui\u00e7\u00e3o do ar. Ele vem com filtros DIY que permitir\u00e3o aos usu\u00e1rios trocar o filtro sem complica\u00e7\u00f5es.<\/p>","protected":false},"featured_media":22434,"template":"","meta":[],"product_brand":[],"product_cat":[1319,1305],"product_tag":[708],"class_list":{"0":"post-22286","1":"product","2":"type-product","3":"status-publish","4":"has-post-thumbnail","6":"product_cat-purifier-xiaomi-eco","7":"product_cat-xiaomi-eco","8":"product_tag-air-purifier-2c","10":"first","11":"instock","12":"shipping-taxable","13":"product-type-external"},"aioseo_notices":[],"aioseo_head":"\n\t\t<!-- All in One SEO Pro 4.5.9.2 - aioseo.com -->\n\t\t<meta name=\"description\" content=\"It features a tri-color LED indicator on the front that indicates the quality of air by changing its clour accordingly. It shows options like clear air, moderate pollution level, and severe pollution level. In terms of weight, it weighs 4.2 kg and measures 240 x 240 x 520 mm. It uses infrared sensors to detect air pollution levels. It comes with DIY filters that will enable users to change the filter without any hassle.\" \/>\n\t\t<meta name=\"robots\" content=\"max-image-preview:large\" \/>\n\t\t<link rel=\"canonical\" href=\"https:\/\/www.rucashk.com\/pt\/produto\/air-purifier-2c\/\" \/>\n\t\t<meta name=\"generator\" content=\"All in One SEO Pro (AIOSEO) 4.5.9.2\" \/>\n\t\t<meta property=\"og:locale\" content=\"pt_PT\" \/>\n\t\t<meta property=\"og:site_name\" content=\"Rucas - One-stop AIoT Distribution Worldwide\" \/>\n\t\t<meta property=\"og:type\" content=\"article\" \/>\n\t\t<meta property=\"og:title\" content=\"Air Purifier 2C - Rucas - Wholesale and Distribution\" \/>\n\t\t<meta property=\"og:description\" content=\"It features a tri-color LED indicator on the front that indicates the quality of air by changing its clour accordingly. It shows options like clear air, moderate pollution level, and severe pollution level. In terms of weight, it weighs 4.2 kg and measures 240 x 240 x 520 mm. It uses infrared sensors to detect air pollution levels. It comes with DIY filters that will enable users to change the filter without any hassle.\" \/>\n\t\t<meta property=\"og:url\" content=\"https:\/\/www.rucashk.com\/pt\/produto\/air-purifier-2c\/\" \/>\n\t\t<meta property=\"og:image\" content=\"https:\/\/www.rucashk.com\/wp-content\/uploads\/replace\/503b8e645f128a97ccde2b6290747646.jpeg\" \/>\n\t\t<meta property=\"og:image:secure_url\" content=\"https:\/\/www.rucashk.com\/wp-content\/uploads\/replace\/503b8e645f128a97ccde2b6290747646.jpeg\" \/>\n\t\t<meta property=\"og:image:width\" content=\"1456\" \/>\n\t\t<meta property=\"og:image:height\" content=\"816\" \/>\n\t\t<meta property=\"article:published_time\" content=\"2024-01-09T15:42:21+00:00\" \/>\n\t\t<meta property=\"article:modified_time\" content=\"2024-03-13T10:22:49+00:00\" \/>\n\t\t<meta name=\"twitter:card\" content=\"summary_large_image\" \/>\n\t\t<meta name=\"twitter:title\" content=\"Air Purifier 2C - Rucas - Wholesale and Distribution\" \/>\n\t\t<meta name=\"twitter:description\" content=\"It features a tri-color LED indicator on the front that indicates the quality of air by changing its clour accordingly. It shows options like clear air, moderate pollution level, and severe pollution level. In terms of weight, it weighs 4.2 kg and measures 240 x 240 x 520 mm. It uses infrared sensors to detect air pollution levels. It comes with DIY filters that will enable users to change the filter without any hassle.\" \/>\n\t\t<meta name=\"twitter:image\" content=\"https:\/\/www.rucashk.com\/wp-content\/uploads\/replace\/503b8e645f128a97ccde2b6290747646.jpeg\" \/>\n\t\t<script type=\"application\/ld+json\" class=\"aioseo-schema\">\n\t\t\t{\"@context\":\"https:\\\/\\\/schema.org\",\"@graph\":[{\"@type\":\"BreadcrumbList\",\"@id\":\"https:\\\/\\\/www.rucashk.com\\\/pt\\\/produto\\\/air-purifier-2c\\\/#breadcrumblist\",\"itemListElement\":[{\"@type\":\"ListItem\",\"@id\":\"https:\\\/\\\/www.rucashk.com\\\/pt\\\/#listItem\",\"position\":1,\"name\":\"Home\",\"item\":\"https:\\\/\\\/www.rucashk.com\\\/pt\\\/\",\"nextItem\":\"https:\\\/\\\/www.rucashk.com\\\/pt\\\/produto\\\/air-purifier-2c\\\/#listItem\"},{\"@type\":\"ListItem\",\"@id\":\"https:\\\/\\\/www.rucashk.com\\\/pt\\\/produto\\\/air-purifier-2c\\\/#listItem\",\"position\":2,\"name\":\"Air Purifier 2C\",\"previousItem\":\"https:\\\/\\\/www.rucashk.com\\\/pt\\\/#listItem\"}]},{\"@type\":\"Organization\",\"@id\":\"https:\\\/\\\/www.rucashk.com\\\/pt\\\/#organization\",\"name\":\"Rucas\",\"url\":\"https:\\\/\\\/www.rucashk.com\\\/pt\\\/\",\"logo\":{\"@type\":\"ImageObject\",\"url\":\"https:\\\/\\\/www.rucashk.com\\\/wp-content\\\/uploads\\\/2023\\\/12\\\/Rucas_campany_logo.png\",\"@id\":\"https:\\\/\\\/www.rucashk.com\\\/pt\\\/produto\\\/air-purifier-2c\\\/#organizationLogo\",\"width\":221,\"height\":65},\"image\":{\"@id\":\"https:\\\/\\\/www.rucashk.com\\\/pt\\\/#organizationLogo\"}},{\"@type\":\"Person\",\"@id\":\"https:\\\/\\\/www.rucashk.com\\\/pt\\\/author\\\/admin\\\/#author\",\"url\":\"https:\\\/\\\/www.rucashk.com\\\/pt\\\/author\\\/admin\\\/\",\"name\":\"admin\",\"image\":{\"@type\":\"ImageObject\",\"@id\":\"https:\\\/\\\/www.rucashk.com\\\/pt\\\/produto\\\/air-purifier-2c\\\/#authorImage\",\"url\":\"https:\\\/\\\/secure.gravatar.com\\\/avatar\\\/b7c8925b09a27e72b30232f8ecaadbd5af0f70a38c78096863fe51b64f031c24?s=96&d=mm&r=g\",\"width\":96,\"height\":96,\"caption\":\"admin\"}},{\"@type\":\"WebPage\",\"@id\":\"https:\\\/\\\/www.rucashk.com\\\/pt\\\/produto\\\/air-purifier-2c\\\/#webpage\",\"url\":\"https:\\\/\\\/www.rucashk.com\\\/pt\\\/produto\\\/air-purifier-2c\\\/\",\"name\":\"Air Purifier 2C - Rucas - Wholesale and Distribution\",\"description\":\"It features a tri-color LED indicator on the front that indicates the quality of air by changing its clour accordingly. It shows options like clear air, moderate pollution level, and severe pollution level. In terms of weight, it weighs 4.2 kg and measures 240 x 240 x 520 mm. It uses infrared sensors to detect air pollution levels. It comes with DIY filters that will enable users to change the filter without any hassle.\",\"inLanguage\":\"pt-PT\",\"isPartOf\":{\"@id\":\"https:\\\/\\\/www.rucashk.com\\\/pt\\\/#website\"},\"breadcrumb\":{\"@id\":\"https:\\\/\\\/www.rucashk.com\\\/pt\\\/produto\\\/air-purifier-2c\\\/#breadcrumblist\"},\"author\":{\"@id\":\"https:\\\/\\\/www.rucashk.com\\\/pt\\\/author\\\/admin\\\/#author\"},\"creator\":{\"@id\":\"https:\\\/\\\/www.rucashk.com\\\/pt\\\/author\\\/admin\\\/#author\"},\"image\":{\"@type\":\"ImageObject\",\"url\":\"https:\\\/\\\/www.rucashk.com\\\/wp-content\\\/uploads\\\/2024\\\/01\\\/2-1-2.jpg\",\"@id\":\"https:\\\/\\\/www.rucashk.com\\\/pt\\\/produto\\\/air-purifier-2c\\\/#mainImage\",\"width\":800,\"height\":800},\"primaryImageOfPage\":{\"@id\":\"https:\\\/\\\/www.rucashk.com\\\/pt\\\/produto\\\/air-purifier-2c\\\/#mainImage\"},\"datePublished\":\"2024-01-09T15:42:21+00:00\",\"dateModified\":\"2024-03-13T10:22:49+00:00\"},{\"@type\":\"WebSite\",\"@id\":\"https:\\\/\\\/www.rucashk.com\\\/pt\\\/#website\",\"url\":\"https:\\\/\\\/www.rucashk.com\\\/pt\\\/\",\"name\":\"Rucas - Wholesale and distribution worldwide\",\"alternateName\":\"Rucas - One-stop AIoT Distribution Worldwide\",\"description\":\"One-stop AIoT Distribution Worldwide\",\"inLanguage\":\"pt-PT\",\"publisher\":{\"@id\":\"https:\\\/\\\/www.rucashk.com\\\/pt\\\/#organization\"}}]}\n\t\t<\/script>\n\t\t<!-- All in One SEO Pro -->\r\n\t\t<title>Air Purifier 2C - Rucas - Wholesale and Distribution<\/title>\n\n","aioseo_head_json":{"title":"Air Purifier 2C - Rucas - Wholesale and Distribution","description":"It features a tri-color LED indicator on the front that indicates the quality of air by changing its clour accordingly. It shows options like clear air, moderate pollution level, and severe pollution level. In terms of weight, it weighs 4.2 kg and measures 240 x 240 x 520 mm. It uses infrared sensors to detect air pollution levels. It comes with DIY filters that will enable users to change the filter without any hassle.","canonical_url":"https:\/\/www.rucashk.com\/pt\/produto\/air-purifier-2c\/","robots":"max-image-preview:large","keywords":"","webmasterTools":{"miscellaneous":""},"og:locale":"pt_PT","og:site_name":"Rucas - One-stop AIoT Distribution Worldwide","og:type":"article","og:title":"Air Purifier 2C - Rucas - Wholesale and Distribution","og:description":"It features a tri-color LED indicator on the front that indicates the quality of air by changing its clour accordingly. It shows options like clear air, moderate pollution level, and severe pollution level. In terms of weight, it weighs 4.2 kg and measures 240 x 240 x 520 mm. It uses infrared sensors to detect air pollution levels. It comes with DIY filters that will enable users to change the filter without any hassle.","og:url":"https:\/\/www.rucashk.com\/pt\/produto\/air-purifier-2c\/","og:image":"https:\/\/www.rucashk.com\/wp-content\/uploads\/replace\/503b8e645f128a97ccde2b6290747646.jpeg","og:image:secure_url":"https:\/\/www.rucashk.com\/wp-content\/uploads\/replace\/503b8e645f128a97ccde2b6290747646.jpeg","og:image:width":1456,"og:image:height":816,"article:published_time":"2024-01-09T15:42:21+00:00","article:modified_time":"2024-03-13T10:22:49+00:00","twitter:card":"summary_large_image","twitter:title":"Air Purifier 2C - Rucas - Wholesale and Distribution","twitter:description":"It features a tri-color LED indicator on the front that indicates the quality of air by changing its clour accordingly. It shows options like clear air, moderate pollution level, and severe pollution level. In terms of weight, it weighs 4.2 kg and measures 240 x 240 x 520 mm. It uses infrared sensors to detect air pollution levels. It comes with DIY filters that will enable users to change the filter without any hassle.","twitter:image":"https:\/\/www.rucashk.com\/wp-content\/uploads\/replace\/503b8e645f128a97ccde2b6290747646.jpeg","schema":{"@context":"https:\/\/schema.org","@graph":[{"@type":"BreadcrumbList","@id":"https:\/\/www.rucashk.com\/pt\/produto\/air-purifier-2c\/#breadcrumblist","itemListElement":[{"@type":"ListItem","@id":"https:\/\/www.rucashk.com\/pt\/#listItem","position":1,"name":"Home","item":"https:\/\/www.rucashk.com\/pt\/","nextItem":"https:\/\/www.rucashk.com\/pt\/produto\/air-purifier-2c\/#listItem"},{"@type":"ListItem","@id":"https:\/\/www.rucashk.com\/pt\/produto\/air-purifier-2c\/#listItem","position":2,"name":"Air Purifier 2C","previousItem":"https:\/\/www.rucashk.com\/pt\/#listItem"}]},{"@type":"Organization","@id":"https:\/\/www.rucashk.com\/pt\/#organization","name":"Rucas","url":"https:\/\/www.rucashk.com\/pt\/","logo":{"@type":"ImageObject","url":"https:\/\/www.rucashk.com\/wp-content\/uploads\/2023\/12\/Rucas_campany_logo.png","@id":"https:\/\/www.rucashk.com\/pt\/produto\/air-purifier-2c\/#organizationLogo","width":221,"height":65},"image":{"@id":"https:\/\/www.rucashk.com\/pt\/#organizationLogo"}},{"@type":"Person","@id":"https:\/\/www.rucashk.com\/pt\/author\/admin\/#author","url":"https:\/\/www.rucashk.com\/pt\/author\/admin\/","name":"admin","image":{"@type":"ImageObject","@id":"https:\/\/www.rucashk.com\/pt\/produto\/air-purifier-2c\/#authorImage","url":"https:\/\/secure.gravatar.com\/avatar\/b7c8925b09a27e72b30232f8ecaadbd5af0f70a38c78096863fe51b64f031c24?s=96&d=mm&r=g","width":96,"height":96,"caption":"admin"}},{"@type":"WebPage","@id":"https:\/\/www.rucashk.com\/pt\/produto\/air-purifier-2c\/#webpage","url":"https:\/\/www.rucashk.com\/pt\/produto\/air-purifier-2c\/","name":"Air Purifier 2C - Rucas - Wholesale and Distribution","description":"It features a tri-color LED indicator on the front that indicates the quality of air by changing its clour accordingly. It shows options like clear air, moderate pollution level, and severe pollution level. In terms of weight, it weighs 4.2 kg and measures 240 x 240 x 520 mm. It uses infrared sensors to detect air pollution levels. It comes with DIY filters that will enable users to change the filter without any hassle.","inLanguage":"pt-PT","isPartOf":{"@id":"https:\/\/www.rucashk.com\/pt\/#website"},"breadcrumb":{"@id":"https:\/\/www.rucashk.com\/pt\/produto\/air-purifier-2c\/#breadcrumblist"},"author":{"@id":"https:\/\/www.rucashk.com\/pt\/author\/admin\/#author"},"creator":{"@id":"https:\/\/www.rucashk.com\/pt\/author\/admin\/#author"},"image":{"@type":"ImageObject","url":"https:\/\/www.rucashk.com\/wp-content\/uploads\/2024\/01\/2-1-2.jpg","@id":"https:\/\/www.rucashk.com\/pt\/produto\/air-purifier-2c\/#mainImage","width":800,"height":800},"primaryImageOfPage":{"@id":"https:\/\/www.rucashk.com\/pt\/produto\/air-purifier-2c\/#mainImage"},"datePublished":"2024-01-09T15:42:21+00:00","dateModified":"2024-03-13T10:22:49+00:00"},{"@type":"WebSite","@id":"https:\/\/www.rucashk.com\/pt\/#website","url":"https:\/\/www.rucashk.com\/pt\/","name":"Rucas - Wholesale and distribution worldwide","alternateName":"Rucas - One-stop AIoT Distribution Worldwide","description":"One-stop AIoT Distribution Worldwide","inLanguage":"pt-PT","publisher":{"@id":"https:\/\/www.rucashk.com\/pt\/#organization"}}]}},"aioseo_meta_data":{"post_id":"22286","title":null,"description":null,"keywords":null,"keyphrases":null,"primary_term":null,"canonical_url":null,"og_title":null,"og_description":null,"og_object_type":"default","og_image_type":"default","og_image_url":null,"og_image_width":null,"og_image_height":null,"og_image_custom_url":null,"og_image_custom_fields":null,"og_video":null,"og_custom_url":null,"og_article_section":null,"og_article_tags":null,"twitter_use_og":false,"twitter_card":"default","twitter_image_type":"default","twitter_image_url":null,"twitter_image_custom_url":null,"twitter_image_custom_fields":null,"twitter_title":null,"twitter_description":null,"schema":{"blockGraphs":[],"customGraphs":[],"default":{"data":{"Article":[],"Course":[],"Dataset":[],"FAQPage":[],"Movie":[],"Person":[],"Product":[],"Recipe":[],"Service":[],"SoftwareApplication":[],"WebPage":[]},"graphName":"","isEnabled":true},"graphs":[]},"schema_type":"default","schema_type_options":null,"pillar_content":false,"robots_default":true,"robots_noindex":false,"robots_noarchive":false,"robots_nosnippet":false,"robots_nofollow":false,"robots_noimageindex":false,"robots_noodp":false,"robots_notranslate":false,"robots_max_snippet":null,"robots_max_videopreview":null,"robots_max_imagepreview":"large","priority":null,"frequency":null,"local_seo":null,"breadcrumb_settings":null,"limit_modified_date":false,"created":"2024-04-11 01:55:22","updated":"2025-06-22 16:39:57"},"aioseo_breadcrumb":"<div class=\"aioseo-breadcrumbs\"><span class=\"aioseo-breadcrumb\">\n\t<a href=\"https:\/\/www.rucashk.com\/pt\" title=\"Home\">Home<\/a>\n<\/span><span class=\"aioseo-breadcrumb-separator\">&raquo;<\/span><span class=\"aioseo-breadcrumb\">\n\t<a href=\"https:\/\/www.rucashk.com\/pt\/products\/\" title=\"Produtos\">Produtos<\/a>\n<\/span><span class=\"aioseo-breadcrumb-separator\">&raquo;<\/span><span class=\"aioseo-breadcrumb\">\n\t<a href=\"https:\/\/www.rucashk.com\/pt\/categoria-produto\/xiaomi-eco\/\" title=\"Xiaomi Eco\">Xiaomi Eco<\/a>\n<\/span><span class=\"aioseo-breadcrumb-separator\">&raquo;<\/span><span class=\"aioseo-breadcrumb\">\n\t<a href=\"https:\/\/www.rucashk.com\/pt\/categoria-produto\/xiaomi-eco\/purifier-xiaomi-eco\/\" title=\"Purifier\">Purifier<\/a>\n<\/span><span class=\"aioseo-breadcrumb-separator\">&raquo;<\/span><span class=\"aioseo-breadcrumb\">\n\tAir Purifier 2C\n<\/span><\/div>","aioseo_breadcrumb_json":[{"label":"Home","link":"https:\/\/www.rucashk.com\/pt"},{"label":"Produtos","link":"https:\/\/www.rucashk.com\/pt\/products\/"},{"label":"Xiaomi Eco","link":"https:\/\/www.rucashk.com\/pt\/categoria-produto\/xiaomi-eco\/"},{"label":"Purifier","link":"https:\/\/www.rucashk.com\/pt\/categoria-produto\/xiaomi-eco\/purifier-xiaomi-eco\/"},{"label":"Air Purifier 2C","link":"https:\/\/www.rucashk.com\/pt\/produto\/air-purifier-2c\/"}],"_links":{"self":[{"href":"https:\/\/www.rucashk.com\/pt\/wp-json\/wp\/v2\/product\/22286","targetHints":{"allow":["GET"]}}],"collection":[{"href":"https:\/\/www.rucashk.com\/pt\/wp-json\/wp\/v2\/product"}],"about":[{"href":"https:\/\/www.rucashk.com\/pt\/wp-json\/wp\/v2\/types\/product"}],"wp:featuredmedia":[{"embeddable":true,"href":"https:\/\/www.rucashk.com\/pt\/wp-json\/wp\/v2\/media\/22434"}],"wp:attachment":[{"href":"https:\/\/www.rucashk.com\/pt\/wp-json\/wp\/v2\/media?parent=22286"}],"wp:term":[{"taxonomy":"product_brand","embeddable":true,"href":"https:\/\/www.rucashk.com\/pt\/wp-json\/wp\/v2\/product_brand?post=22286"},{"taxonomy":"product_cat","embeddable":true,"href":"https:\/\/www.rucashk.com\/pt\/wp-json\/wp\/v2\/product_cat?post=22286"},{"taxonomy":"product_tag","embeddable":true,"href":"https:\/\/www.rucashk.com\/pt\/wp-json\/wp\/v2\/product_tag?post=22286"}],"curies":[{"name":"wp","href":"https:\/\/api.w.org\/{rel}","templated":true}]}}