{"id":22240,"date":"2024-01-09T15:41:37","date_gmt":"2024-01-09T15:41:37","guid":{"rendered":"http:\/\/rucashk.com\/?post_type=product&#038;p=22240"},"modified":"2024-03-13T10:28:42","modified_gmt":"2024-03-13T10:28:42","slug":"xiaomi-air-2-se-wireless-bluetooth-earphones-wholesale","status":"publish","type":"product","link":"https:\/\/www.rucashk.com\/pt\/produto\/xiaomi-air-2-se-wireless-bluetooth-earphones-wholesale\/","title":{"rendered":"Fones de ouvido Bluetooth sem fio Xiaomi Air 2 SE no atacado"},"content":{"rendered":"<h3 style=\"text-align: center\">Xiaomi Air 2 SE sem fio Bluetooth<\/h3>\n<p><img fetchpriority=\"high\" decoding=\"async\" class=\"alignnone\" src=\"\/wp-content\/uploads\/replace\/10b3620e0ee5b8072bf05b5d9e3f0afe.jpeg\" alt=\"Xiaomi Air 2 SE Wireless Bluetooth Earphones Wholesale\" width=\"1080\" height=\"1915\" \/><img decoding=\"async\" class=\"alignnone\" src=\"\/wp-content\/uploads\/replace\/0edc87eac492fe40fe99bd6eab262ef4.jpeg\" alt=\"Xiaomi Air 2 SE Wireless Bluetooth Earphones Wholesale\" width=\"1080\" height=\"1065\" \/><img decoding=\"async\" class=\"alignnone\" src=\"\/wp-content\/uploads\/replace\/2c080b06f1694b7cd346f60ef1a16054.jpeg\" alt=\"Xiaomi Air 2 SE Wireless Bluetooth Earphones Wholesale\" width=\"1080\" height=\"1092\" \/><img loading=\"lazy\" decoding=\"async\" class=\"alignnone\" src=\"\/wp-content\/uploads\/replace\/38f8b46a5d14673fe8a4d792e0090379.jpeg\" alt=\"Xiaomi Air 2 SE Wireless Bluetooth Earphones Wholesale\" width=\"1080\" height=\"916\" \/><img loading=\"lazy\" decoding=\"async\" class=\"alignnone\" src=\"\/wp-content\/uploads\/replace\/62335cee42505031885d5fbb75f44f3d.jpeg\" alt=\"Xiaomi Air 2 SE Wireless Bluetooth Earphones Wholesale\" width=\"1080\" height=\"937\" \/><img loading=\"lazy\" decoding=\"async\" class=\"alignnone\" src=\"\/wp-content\/uploads\/replace\/38f8b46a5d14673fe8a4d792e0090379.jpeg\" alt=\"Xiaomi Air 2 SE Wireless Bluetooth Earphones Wholesale\" width=\"1080\" height=\"916\" \/><img loading=\"lazy\" decoding=\"async\" class=\"alignnone\" src=\"\/wp-content\/uploads\/replace\/30dad93495e03d5d937e358c89fc458e.jpeg\" alt=\"Xiaomi Air 2 SE Wireless Bluetooth Earphones Wholesale\" width=\"1080\" height=\"1064\" \/><img loading=\"lazy\" decoding=\"async\" class=\"alignnone\" src=\"\/wp-content\/uploads\/replace\/ce5f21730d980ac6b31e0d5d36264746.jpeg\" alt=\"Xiaomi Air 2 SE Wireless Bluetooth\" width=\"1080\" height=\"736\" \/><img loading=\"lazy\" decoding=\"async\" class=\"alignnone\" src=\"\/wp-content\/uploads\/replace\/bf663d2d9063f5c91cb158873c7ef1f0.jpeg\" alt=\"Xiaomi Air 2 SE Wireless Bluetooth Earphones Wholesale\" width=\"1080\" height=\"1417\" \/><img loading=\"lazy\" decoding=\"async\" class=\"alignnone\" src=\"\/wp-content\/uploads\/replace\/7e7358314916d6ac8371334fc9408029.jpeg\" alt=\"Xiaomi Air 2 SE Wireless Bluetooth Earphones Wholesale\" width=\"1080\" height=\"978\" \/><img loading=\"lazy\" decoding=\"async\" class=\"alignnone\" src=\"\/wp-content\/uploads\/replace\/86e16a81a8d85bef9e06814493bb3e24.jpeg\" alt=\"Xiaomi Air 2 SE Wireless Bluetooth Earphones Wholesale\" width=\"1080\" height=\"1172\" \/><\/p>\n<p class=\"textDescTitle\"><strong>Especifica\u00e7\u00f5es:<\/strong><\/p>\n<p class=\"textDescContent\">Modelo do produto: TWSEJ04WM<\/p>\n<p>Peso l\u00edquido: 48g<\/p>\n<p>Porta de carregamento: Tipo-C<\/p>\n<p>Imped\u00e2ncia do alto-falante: 32 Q<\/p>\n<p>Par\u00e2metro de entrada: 5V \u2014 1A<\/p>\n<p>Conex\u00e3o sem fio: Bluetooth 5.0<\/p>\n<p>Tempo de carregamento: cerca de 1,5h<\/p>\n<p>Codec de suporte: SBC\/AAC<\/p>\n<p>Vida \u00fatil da bateria \u00fanica: cerca de 5h<\/p>\n<p>Vida \u00fatil total da bateria com estojo de carregamento: 20 horas<\/p>\n<p>Protocolo Bluetooth: BL E\/HSP\/HFP\/A2DP\/AVRCP<\/p>\n<p>Dist\u00e2ncia de trabalho: 10 m (ambiente aberto e sem barreiras)<\/p>\n<p class=\"textDescTitle\">Principais caracter\u00edsticas<\/p>\n<p class=\"textDescContent\">20h de resist\u00eancia<br \/>\nMicrofone duplo para redu\u00e7\u00e3o de ru\u00eddo sem medo de interfer\u00eancia<br \/>\nCaixa aberta e janela pop-up, voc\u00ea pode v\u00ea-la com conex\u00e3o inteligente<br \/>\nInteligente e verdadeiro sem fio, gratuito e gratuito<br \/>\nUnidade de bobina m\u00f3vel de grande tamanho, audi\u00e7\u00e3o rica e natural<br \/>\nTransmiss\u00e3o binaural simult\u00e2nea, \u00e1udio e v\u00eddeo do jogo s\u00e3o mais agrad\u00e1veis<\/p>","protected":false},"excerpt":{"rendered":"<p class=\"textDescTitle\"><strong>Principais caracter\u00edsticas:<\/strong><\/p>\n<p class=\"textDescContent\">-20h de resist\u00eancia<br \/>\n-Microfone duplo para redu\u00e7\u00e3o de ru\u00eddo sem medo de interfer\u00eancia<br \/>\n-Caixa aberta e janela pop-up, voc\u00ea pode v\u00ea-la com conex\u00e3o inteligente<br \/>\n-Sem fio inteligente e verdadeiro, gratuito e gratuito<br \/>\n-Unidade de bobina m\u00f3vel de grande tamanho, audi\u00e7\u00e3o rica e natural<br \/>\n-Transmiss\u00e3o binaural simult\u00e2nea, \u00e1udio e v\u00eddeo do jogo s\u00e3o mais agrad\u00e1veis<\/p>","protected":false},"featured_media":22395,"template":"","meta":[],"product_brand":[],"product_cat":[1306,1305],"product_tag":[702],"class_list":{"0":"post-22240","1":"product","2":"type-product","3":"status-publish","4":"has-post-thumbnail","6":"product_cat-mi-redmi-earphone","7":"product_cat-xiaomi-eco","8":"product_tag-xiaomi-air-2-se","10":"first","11":"instock","12":"shipping-taxable","13":"product-type-external"},"aioseo_notices":[],"aioseo_head":"\n\t\t<!-- All in One SEO Pro 4.5.9.2 - aioseo.com -->\n\t\t<meta name=\"description\" content=\"Main Features: -20h endurance -Dual microphone for noise reduction without fear of interference -Open box and pop-up window, you can see it with smart connection -Smart and true wireless, free and free -Large-size moving coil unit, rich and natural hearing -Simultaneous binaural transmission, game audio and video is more enjoyable\" \/>\n\t\t<meta name=\"robots\" content=\"max-image-preview:large\" \/>\n\t\t<link rel=\"canonical\" href=\"https:\/\/www.rucashk.com\/pt\/produto\/xiaomi-air-2-se-wireless-bluetooth-earphones-wholesale\/\" \/>\n\t\t<meta name=\"generator\" content=\"All in One SEO Pro (AIOSEO) 4.5.9.2\" \/>\n\t\t<meta property=\"og:locale\" content=\"pt_PT\" \/>\n\t\t<meta property=\"og:site_name\" content=\"Rucas - One-stop AIoT Distribution Worldwide\" \/>\n\t\t<meta property=\"og:type\" content=\"article\" \/>\n\t\t<meta property=\"og:title\" content=\"Xiaomi Air 2 SE Wireless Bluetooth Earphones Wholesale - Rucas - Wholesale and Distribution\" \/>\n\t\t<meta property=\"og:description\" content=\"Main Features: -20h endurance -Dual microphone for noise reduction without fear of interference -Open box and pop-up window, you can see it with smart connection -Smart and true wireless, free and free -Large-size moving coil unit, rich and natural hearing -Simultaneous binaural transmission, game audio and video is more enjoyable\" \/>\n\t\t<meta property=\"og:url\" content=\"https:\/\/www.rucashk.com\/pt\/produto\/xiaomi-air-2-se-wireless-bluetooth-earphones-wholesale\/\" \/>\n\t\t<meta property=\"og:image\" content=\"https:\/\/www.rucashk.com\/wp-content\/uploads\/replace\/503b8e645f128a97ccde2b6290747646.jpeg\" \/>\n\t\t<meta property=\"og:image:secure_url\" content=\"https:\/\/www.rucashk.com\/wp-content\/uploads\/replace\/503b8e645f128a97ccde2b6290747646.jpeg\" \/>\n\t\t<meta property=\"og:image:width\" content=\"1456\" \/>\n\t\t<meta property=\"og:image:height\" content=\"816\" \/>\n\t\t<meta property=\"article:published_time\" content=\"2024-01-09T15:41:37+00:00\" \/>\n\t\t<meta property=\"article:modified_time\" content=\"2024-03-13T10:28:42+00:00\" \/>\n\t\t<meta name=\"twitter:card\" content=\"summary_large_image\" \/>\n\t\t<meta name=\"twitter:title\" content=\"Xiaomi Air 2 SE Wireless Bluetooth Earphones Wholesale - Rucas - Wholesale and Distribution\" \/>\n\t\t<meta name=\"twitter:description\" content=\"Main Features: -20h endurance -Dual microphone for noise reduction without fear of interference -Open box and pop-up window, you can see it with smart connection -Smart and true wireless, free and free -Large-size moving coil unit, rich and natural hearing -Simultaneous binaural transmission, game audio and video is more enjoyable\" \/>\n\t\t<meta name=\"twitter:image\" content=\"https:\/\/www.rucashk.com\/wp-content\/uploads\/replace\/503b8e645f128a97ccde2b6290747646.jpeg\" \/>\n\t\t<script type=\"application\/ld+json\" class=\"aioseo-schema\">\n\t\t\t{\"@context\":\"https:\\\/\\\/schema.org\",\"@graph\":[{\"@type\":\"BreadcrumbList\",\"@id\":\"https:\\\/\\\/www.rucashk.com\\\/pt\\\/produto\\\/xiaomi-air-2-se-wireless-bluetooth-earphones-wholesale\\\/#breadcrumblist\",\"itemListElement\":[{\"@type\":\"ListItem\",\"@id\":\"https:\\\/\\\/www.rucashk.com\\\/pt\\\/#listItem\",\"position\":1,\"name\":\"Home\",\"item\":\"https:\\\/\\\/www.rucashk.com\\\/pt\\\/\",\"nextItem\":\"https:\\\/\\\/www.rucashk.com\\\/pt\\\/produto\\\/xiaomi-air-2-se-wireless-bluetooth-earphones-wholesale\\\/#listItem\"},{\"@type\":\"ListItem\",\"@id\":\"https:\\\/\\\/www.rucashk.com\\\/pt\\\/produto\\\/xiaomi-air-2-se-wireless-bluetooth-earphones-wholesale\\\/#listItem\",\"position\":2,\"name\":\"Xiaomi Air 2 SE Wireless Bluetooth Earphones Wholesale\",\"previousItem\":\"https:\\\/\\\/www.rucashk.com\\\/pt\\\/#listItem\"}]},{\"@type\":\"Organization\",\"@id\":\"https:\\\/\\\/www.rucashk.com\\\/pt\\\/#organization\",\"name\":\"Rucas\",\"url\":\"https:\\\/\\\/www.rucashk.com\\\/pt\\\/\",\"logo\":{\"@type\":\"ImageObject\",\"url\":\"https:\\\/\\\/www.rucashk.com\\\/wp-content\\\/uploads\\\/2023\\\/12\\\/Rucas_campany_logo.png\",\"@id\":\"https:\\\/\\\/www.rucashk.com\\\/pt\\\/produto\\\/xiaomi-air-2-se-wireless-bluetooth-earphones-wholesale\\\/#organizationLogo\",\"width\":221,\"height\":65},\"image\":{\"@id\":\"https:\\\/\\\/www.rucashk.com\\\/pt\\\/#organizationLogo\"}},{\"@type\":\"Person\",\"@id\":\"https:\\\/\\\/www.rucashk.com\\\/pt\\\/author\\\/admin\\\/#author\",\"url\":\"https:\\\/\\\/www.rucashk.com\\\/pt\\\/author\\\/admin\\\/\",\"name\":\"admin\",\"image\":{\"@type\":\"ImageObject\",\"@id\":\"https:\\\/\\\/www.rucashk.com\\\/pt\\\/produto\\\/xiaomi-air-2-se-wireless-bluetooth-earphones-wholesale\\\/#authorImage\",\"url\":\"https:\\\/\\\/secure.gravatar.com\\\/avatar\\\/b7c8925b09a27e72b30232f8ecaadbd5af0f70a38c78096863fe51b64f031c24?s=96&d=mm&r=g\",\"width\":96,\"height\":96,\"caption\":\"admin\"}},{\"@type\":\"WebPage\",\"@id\":\"https:\\\/\\\/www.rucashk.com\\\/pt\\\/produto\\\/xiaomi-air-2-se-wireless-bluetooth-earphones-wholesale\\\/#webpage\",\"url\":\"https:\\\/\\\/www.rucashk.com\\\/pt\\\/produto\\\/xiaomi-air-2-se-wireless-bluetooth-earphones-wholesale\\\/\",\"name\":\"Xiaomi Air 2 SE Wireless Bluetooth Earphones Wholesale - Rucas - Wholesale and Distribution\",\"description\":\"Main Features: -20h endurance -Dual microphone for noise reduction without fear of interference -Open box and pop-up window, you can see it with smart connection -Smart and true wireless, free and free -Large-size moving coil unit, rich and natural hearing -Simultaneous binaural transmission, game audio and video is more enjoyable\",\"inLanguage\":\"pt-PT\",\"isPartOf\":{\"@id\":\"https:\\\/\\\/www.rucashk.com\\\/pt\\\/#website\"},\"breadcrumb\":{\"@id\":\"https:\\\/\\\/www.rucashk.com\\\/pt\\\/produto\\\/xiaomi-air-2-se-wireless-bluetooth-earphones-wholesale\\\/#breadcrumblist\"},\"author\":{\"@id\":\"https:\\\/\\\/www.rucashk.com\\\/pt\\\/author\\\/admin\\\/#author\"},\"creator\":{\"@id\":\"https:\\\/\\\/www.rucashk.com\\\/pt\\\/author\\\/admin\\\/#author\"},\"image\":{\"@type\":\"ImageObject\",\"url\":\"https:\\\/\\\/www.rucashk.com\\\/wp-content\\\/uploads\\\/2024\\\/01\\\/Xiaomi-Air-2-SE-Wireless-Bluetooth-Earphone-TWS-AirDots-Pro-2-SE-Mi-True-Earbuds-SBC.jpg\",\"@id\":\"https:\\\/\\\/www.rucashk.com\\\/pt\\\/produto\\\/xiaomi-air-2-se-wireless-bluetooth-earphones-wholesale\\\/#mainImage\",\"width\":800,\"height\":800},\"primaryImageOfPage\":{\"@id\":\"https:\\\/\\\/www.rucashk.com\\\/pt\\\/produto\\\/xiaomi-air-2-se-wireless-bluetooth-earphones-wholesale\\\/#mainImage\"},\"datePublished\":\"2024-01-09T15:41:37+00:00\",\"dateModified\":\"2024-03-13T10:28:42+00:00\"},{\"@type\":\"WebSite\",\"@id\":\"https:\\\/\\\/www.rucashk.com\\\/pt\\\/#website\",\"url\":\"https:\\\/\\\/www.rucashk.com\\\/pt\\\/\",\"name\":\"Rucas - Wholesale and distribution worldwide\",\"alternateName\":\"Rucas - One-stop AIoT Distribution Worldwide\",\"description\":\"One-stop AIoT Distribution Worldwide\",\"inLanguage\":\"pt-PT\",\"publisher\":{\"@id\":\"https:\\\/\\\/www.rucashk.com\\\/pt\\\/#organization\"}}]}\n\t\t<\/script>\n\t\t<!-- All in One SEO Pro -->\r\n\t\t<title>Xiaomi Air 2 SE Wireless Bluetooth Earphones Wholesale - Rucas - Wholesale and Distribution<\/title>\n\n","aioseo_head_json":{"title":"Xiaomi Air 2 SE Wireless Bluetooth Earphones Wholesale - Rucas - Wholesale and Distribution","description":"Main Features: -20h endurance -Dual microphone for noise reduction without fear of interference -Open box and pop-up window, you can see it with smart connection -Smart and true wireless, free and free -Large-size moving coil unit, rich and natural hearing -Simultaneous binaural transmission, game audio and video is more enjoyable","canonical_url":"https:\/\/www.rucashk.com\/pt\/produto\/xiaomi-air-2-se-wireless-bluetooth-earphones-wholesale\/","robots":"max-image-preview:large","keywords":"","webmasterTools":{"miscellaneous":""},"og:locale":"pt_PT","og:site_name":"Rucas - One-stop AIoT Distribution Worldwide","og:type":"article","og:title":"Xiaomi Air 2 SE Wireless Bluetooth Earphones Wholesale - Rucas - Wholesale and Distribution","og:description":"Main Features: -20h endurance -Dual microphone for noise reduction without fear of interference -Open box and pop-up window, you can see it with smart connection -Smart and true wireless, free and free -Large-size moving coil unit, rich and natural hearing -Simultaneous binaural transmission, game audio and video is more enjoyable","og:url":"https:\/\/www.rucashk.com\/pt\/produto\/xiaomi-air-2-se-wireless-bluetooth-earphones-wholesale\/","og:image":"https:\/\/www.rucashk.com\/wp-content\/uploads\/replace\/503b8e645f128a97ccde2b6290747646.jpeg","og:image:secure_url":"https:\/\/www.rucashk.com\/wp-content\/uploads\/replace\/503b8e645f128a97ccde2b6290747646.jpeg","og:image:width":1456,"og:image:height":816,"article:published_time":"2024-01-09T15:41:37+00:00","article:modified_time":"2024-03-13T10:28:42+00:00","twitter:card":"summary_large_image","twitter:title":"Xiaomi Air 2 SE Wireless Bluetooth Earphones Wholesale - Rucas - Wholesale and Distribution","twitter:description":"Main Features: -20h endurance -Dual microphone for noise reduction without fear of interference -Open box and pop-up window, you can see it with smart connection -Smart and true wireless, free and free -Large-size moving coil unit, rich and natural hearing -Simultaneous binaural transmission, game audio and video is more enjoyable","twitter:image":"https:\/\/www.rucashk.com\/wp-content\/uploads\/replace\/503b8e645f128a97ccde2b6290747646.jpeg","schema":{"@context":"https:\/\/schema.org","@graph":[{"@type":"BreadcrumbList","@id":"https:\/\/www.rucashk.com\/pt\/produto\/xiaomi-air-2-se-wireless-bluetooth-earphones-wholesale\/#breadcrumblist","itemListElement":[{"@type":"ListItem","@id":"https:\/\/www.rucashk.com\/pt\/#listItem","position":1,"name":"Home","item":"https:\/\/www.rucashk.com\/pt\/","nextItem":"https:\/\/www.rucashk.com\/pt\/produto\/xiaomi-air-2-se-wireless-bluetooth-earphones-wholesale\/#listItem"},{"@type":"ListItem","@id":"https:\/\/www.rucashk.com\/pt\/produto\/xiaomi-air-2-se-wireless-bluetooth-earphones-wholesale\/#listItem","position":2,"name":"Xiaomi Air 2 SE Wireless Bluetooth Earphones Wholesale","previousItem":"https:\/\/www.rucashk.com\/pt\/#listItem"}]},{"@type":"Organization","@id":"https:\/\/www.rucashk.com\/pt\/#organization","name":"Rucas","url":"https:\/\/www.rucashk.com\/pt\/","logo":{"@type":"ImageObject","url":"https:\/\/www.rucashk.com\/wp-content\/uploads\/2023\/12\/Rucas_campany_logo.png","@id":"https:\/\/www.rucashk.com\/pt\/produto\/xiaomi-air-2-se-wireless-bluetooth-earphones-wholesale\/#organizationLogo","width":221,"height":65},"image":{"@id":"https:\/\/www.rucashk.com\/pt\/#organizationLogo"}},{"@type":"Person","@id":"https:\/\/www.rucashk.com\/pt\/author\/admin\/#author","url":"https:\/\/www.rucashk.com\/pt\/author\/admin\/","name":"admin","image":{"@type":"ImageObject","@id":"https:\/\/www.rucashk.com\/pt\/produto\/xiaomi-air-2-se-wireless-bluetooth-earphones-wholesale\/#authorImage","url":"https:\/\/secure.gravatar.com\/avatar\/b7c8925b09a27e72b30232f8ecaadbd5af0f70a38c78096863fe51b64f031c24?s=96&d=mm&r=g","width":96,"height":96,"caption":"admin"}},{"@type":"WebPage","@id":"https:\/\/www.rucashk.com\/pt\/produto\/xiaomi-air-2-se-wireless-bluetooth-earphones-wholesale\/#webpage","url":"https:\/\/www.rucashk.com\/pt\/produto\/xiaomi-air-2-se-wireless-bluetooth-earphones-wholesale\/","name":"Xiaomi Air 2 SE Wireless Bluetooth Earphones Wholesale - Rucas - Wholesale and Distribution","description":"Main Features: -20h endurance -Dual microphone for noise reduction without fear of interference -Open box and pop-up window, you can see it with smart connection -Smart and true wireless, free and free -Large-size moving coil unit, rich and natural hearing -Simultaneous binaural transmission, game audio and video is more enjoyable","inLanguage":"pt-PT","isPartOf":{"@id":"https:\/\/www.rucashk.com\/pt\/#website"},"breadcrumb":{"@id":"https:\/\/www.rucashk.com\/pt\/produto\/xiaomi-air-2-se-wireless-bluetooth-earphones-wholesale\/#breadcrumblist"},"author":{"@id":"https:\/\/www.rucashk.com\/pt\/author\/admin\/#author"},"creator":{"@id":"https:\/\/www.rucashk.com\/pt\/author\/admin\/#author"},"image":{"@type":"ImageObject","url":"https:\/\/www.rucashk.com\/wp-content\/uploads\/2024\/01\/Xiaomi-Air-2-SE-Wireless-Bluetooth-Earphone-TWS-AirDots-Pro-2-SE-Mi-True-Earbuds-SBC.jpg","@id":"https:\/\/www.rucashk.com\/pt\/produto\/xiaomi-air-2-se-wireless-bluetooth-earphones-wholesale\/#mainImage","width":800,"height":800},"primaryImageOfPage":{"@id":"https:\/\/www.rucashk.com\/pt\/produto\/xiaomi-air-2-se-wireless-bluetooth-earphones-wholesale\/#mainImage"},"datePublished":"2024-01-09T15:41:37+00:00","dateModified":"2024-03-13T10:28:42+00:00"},{"@type":"WebSite","@id":"https:\/\/www.rucashk.com\/pt\/#website","url":"https:\/\/www.rucashk.com\/pt\/","name":"Rucas - Wholesale and distribution worldwide","alternateName":"Rucas - One-stop AIoT Distribution Worldwide","description":"One-stop AIoT Distribution Worldwide","inLanguage":"pt-PT","publisher":{"@id":"https:\/\/www.rucashk.com\/pt\/#organization"}}]}},"aioseo_meta_data":{"post_id":"22240","title":null,"description":null,"keywords":null,"keyphrases":null,"primary_term":null,"canonical_url":null,"og_title":null,"og_description":null,"og_object_type":"default","og_image_type":"default","og_image_url":null,"og_image_width":null,"og_image_height":null,"og_image_custom_url":null,"og_image_custom_fields":null,"og_video":null,"og_custom_url":null,"og_article_section":null,"og_article_tags":null,"twitter_use_og":false,"twitter_card":"default","twitter_image_type":"default","twitter_image_url":null,"twitter_image_custom_url":null,"twitter_image_custom_fields":null,"twitter_title":null,"twitter_description":null,"schema":{"blockGraphs":[],"customGraphs":[],"default":{"data":{"Article":[],"Course":[],"Dataset":[],"FAQPage":[],"Movie":[],"Person":[],"Product":[],"Recipe":[],"Service":[],"SoftwareApplication":[],"WebPage":[]},"graphName":"","isEnabled":true},"graphs":[]},"schema_type":"default","schema_type_options":null,"pillar_content":false,"robots_default":true,"robots_noindex":false,"robots_noarchive":false,"robots_nosnippet":false,"robots_nofollow":false,"robots_noimageindex":false,"robots_noodp":false,"robots_notranslate":false,"robots_max_snippet":null,"robots_max_videopreview":null,"robots_max_imagepreview":"large","priority":null,"frequency":null,"local_seo":null,"breadcrumb_settings":null,"limit_modified_date":false,"created":"2024-04-11 01:55:22","updated":"2025-06-22 16:39:56"},"aioseo_breadcrumb":"<div class=\"aioseo-breadcrumbs\"><span class=\"aioseo-breadcrumb\">\n\t<a href=\"https:\/\/www.rucashk.com\/pt\" title=\"Home\">Home<\/a>\n<\/span><span class=\"aioseo-breadcrumb-separator\">&raquo;<\/span><span class=\"aioseo-breadcrumb\">\n\t<a href=\"https:\/\/www.rucashk.com\/pt\/products\/\" title=\"Produtos\">Produtos<\/a>\n<\/span><span class=\"aioseo-breadcrumb-separator\">&raquo;<\/span><span class=\"aioseo-breadcrumb\">\n\t<a href=\"https:\/\/www.rucashk.com\/pt\/categoria-produto\/xiaomi-eco\/\" title=\"Xiaomi Eco\">Xiaomi Eco<\/a>\n<\/span><span class=\"aioseo-breadcrumb-separator\">&raquo;<\/span><span class=\"aioseo-breadcrumb\">\n\t<a href=\"https:\/\/www.rucashk.com\/pt\/categoria-produto\/xiaomi-eco\/mi-redmi-earphone\/\" title=\"Mi Redmi Earphone\">Mi Redmi Earphone<\/a>\n<\/span><span class=\"aioseo-breadcrumb-separator\">&raquo;<\/span><span class=\"aioseo-breadcrumb\">\n\tXiaomi Air 2 SE Wireless Bluetooth Earphones Wholesale\n<\/span><\/div>","aioseo_breadcrumb_json":[{"label":"Home","link":"https:\/\/www.rucashk.com\/pt"},{"label":"Produtos","link":"https:\/\/www.rucashk.com\/pt\/products\/"},{"label":"Xiaomi Eco","link":"https:\/\/www.rucashk.com\/pt\/categoria-produto\/xiaomi-eco\/"},{"label":"Mi Redmi Earphone","link":"https:\/\/www.rucashk.com\/pt\/categoria-produto\/xiaomi-eco\/mi-redmi-earphone\/"},{"label":"Xiaomi Air 2 SE Wireless Bluetooth Earphones Wholesale","link":"https:\/\/www.rucashk.com\/pt\/produto\/xiaomi-air-2-se-wireless-bluetooth-earphones-wholesale\/"}],"_links":{"self":[{"href":"https:\/\/www.rucashk.com\/pt\/wp-json\/wp\/v2\/product\/22240","targetHints":{"allow":["GET"]}}],"collection":[{"href":"https:\/\/www.rucashk.com\/pt\/wp-json\/wp\/v2\/product"}],"about":[{"href":"https:\/\/www.rucashk.com\/pt\/wp-json\/wp\/v2\/types\/product"}],"wp:featuredmedia":[{"embeddable":true,"href":"https:\/\/www.rucashk.com\/pt\/wp-json\/wp\/v2\/media\/22395"}],"wp:attachment":[{"href":"https:\/\/www.rucashk.com\/pt\/wp-json\/wp\/v2\/media?parent=22240"}],"wp:term":[{"taxonomy":"product_brand","embeddable":true,"href":"https:\/\/www.rucashk.com\/pt\/wp-json\/wp\/v2\/product_brand?post=22240"},{"taxonomy":"product_cat","embeddable":true,"href":"https:\/\/www.rucashk.com\/pt\/wp-json\/wp\/v2\/product_cat?post=22240"},{"taxonomy":"product_tag","embeddable":true,"href":"https:\/\/www.rucashk.com\/pt\/wp-json\/wp\/v2\/product_tag?post=22240"}],"curies":[{"name":"wp","href":"https:\/\/api.w.org\/{rel}","templated":true}]}}