{"id":22236,"date":"2024-01-09T15:41:37","date_gmt":"2024-01-09T15:41:37","guid":{"rendered":"http:\/\/rucashk.com\/?post_type=product&#038;p=22236"},"modified":"2024-03-13T10:26:36","modified_gmt":"2024-03-13T10:26:36","slug":"mijia-m365-scooter-skateboard-accessories","status":"publish","type":"product","link":"https:\/\/www.rucashk.com\/pt\/produto\/mijia-m365-scooter-skateboard-accessories\/","title":{"rendered":"Acess\u00f3rios para skate Mijia M365"},"content":{"rendered":"<p><img alt=\"Mijia M365 Scooter Skateboard Accessories\" \/><img alt=\"Mijia M365 Scooter Skateboard Accessories\" \/><img alt=\"Mijia M365 Scooter Skateboard Accessories\" \/><img alt=\"Mijia M365 Scooter Skateboard Accessories\" \/><img alt=\"Mijia M365 Scooter Skateboard Accessories\" \/><img alt=\"Mijia M365 Scooter Skateboard Accessories\" \/><img alt=\"Mijia M365 Scooter Skateboard Accessories\" \/><img alt=\"Mijia M365 Scooter Skateboard Accessories\" \/><img alt=\"Mijia M365 Scooter Skateboard Accessories\" \/><img alt=\"Mijia M365 Scooter Skateboard Accessories\" \/><img decoding=\"async\" alt=\"Mijia M365 Scooter Skateboard Accessories\" src=\"\/wp-content\/uploads\/replace\/8e420b81da174b94e664adc957824869.jpeg\" \/><\/p>\n<div><span data-spm-anchor-id=\"a2g0o.detail.1000023.i8.4d3143ecIYttHw\">1. Os itens ser\u00e3o enviados dentro de 3 a 7 dias \u00fateis ap\u00f3s os clientes pagarem o pedido. Porque precisamos organizar o envio de um pedido por pedido. Embalaremos bem as mercadorias e verificaremos todo o pacote antes de enviar. Enviaremos os produtos para voc\u00ea o mais r\u00e1pido poss\u00edvel.<\/span><\/div>\n<div data-spm-anchor-id=\"a2g0o.detail.1000023.i7.4d3143ecIYttHw\"><\/div>\n<div><\/div>\n<div><span data-spm-anchor-id=\"a2g0o.detail.1000023.i9.4d3143ecIYttHw\">2. enviamos apenas para endere\u00e7o de pedido confirmado. seu endere\u00e7o de pedido deve corresponder ao seu endere\u00e7o de entrega. Se enviamos o pacote. N\u00e3o poderemos alterar o endere\u00e7o para voc\u00ea.<\/span><\/div>\n<div><\/div>\n<div><\/div>\n<div>3. Geralmente leva cerca de 20 a 60 dias \u00fateis para entregar o pacote ao destino (para \u00e1reas remotas, pode demorar um pouco). Enquanto isso, voc\u00ea pode escolher a DHL Express para reduzir o tempo de envio se precisar do pedido com urg\u00eancia.<\/div>\n<div><\/div>\n<div><\/div>\n<div>4. Como todos sabemos, o envio internacional exige procedimentos de envio mais complicados. Se voc\u00ea n\u00e3o receber o pedido dentro de 60 dias \u00fateis. Por favor fique a vontade para <a class=\"\" style=\"width: auto !important\" href=\"https:\/\/www.rucashk.com\/pt\/contact-us\/\" data-wpil-post-to-id=\"907\">Contate-nos<\/a> antes de deixar feedback negativo. Faremos o nosso melhor para ajud\u00e1-lo a resolver o problema.<\/div>\n<div><img decoding=\"async\" alt=\"Mijia M365 Scooter Skateboard Accessories\" src=\"\/wp-content\/uploads\/replace\/1351624f5b472fc21bcba8233c5469f6.jpeg\" \/><\/div>\n<div>\n<div><span data-spm-anchor-id=\"a2g0o.detail.1000023.i10.4d3143ecIYttHw\">1. Se voc\u00ea n\u00e3o estiver satisfeito com o item ao receb\u00ea-lo. devolva-o no prazo de 10 dias para substitui\u00e7\u00e3o ou devolu\u00e7\u00e3o do dinheiro. Por favor <a class=\"\" style=\"width: auto !important\" href=\"https:\/\/www.rucashk.com\/pt\/contact-us\/\" data-wpil-post-to-id=\"907\">Contate-nos<\/a> antes de devolv\u00ea-lo.<\/span><\/div>\n<div><\/div>\n<div><\/div>\n<div>2. Todos devolvidos <a class=\"\" style=\"width: auto !important\" href=\"https:\/\/www.rucashk.com\/pt\/user-list-item\/\" data-wpil-post-to-id=\"2964\">os itens devem estar na embalagem original e voc\u00ea deve nos fornecer<\/a> com o n\u00famero de rastreamento da remessa e o motivo espec\u00edfico da devolu\u00e7\u00e3o.<\/div>\n<div><\/div>\n<div data-spm-anchor-id=\"a2g0o.detail.1000023.i12.4d3143ecIYttHw\"><\/div>\n<div>3. Reembolsaremos o dinheiro integralmente, ap\u00f3s o recebimento do item em sua condi\u00e7\u00e3o original e embalagem com todos os componentes e acess\u00f3rios inclu\u00eddos.<\/div>\n<div><\/div>\n<\/div>\n<div>\n<div>4. Se o <a class=\"\" style=\"width: auto !important\" href=\"https:\/\/www.rucashk.com\/pt\/xiaomi-today-let-us-talk-more-of-new-items\/\" data-wpil-post-to-id=\"5587\">o item foi danificado durante o transporte ou n\u00e3o pode ser usado<\/a> normalmente, entre em contato conosco e anexe as fotos reais dos itens e reembolsaremos o dinheiro.<\/div>\n<div><img decoding=\"async\" alt=\"Mijia M365 Scooter Skateboard Accessories\" src=\"\/wp-content\/uploads\/replace\/205a1155066e071427454c39557c05a4.jpeg\" \/><\/div>\n<div>\n<div><span data-spm-anchor-id=\"a2g0o.detail.1000023.i16.4d3143ecIYttHw\">1. Mantemos altos padr\u00f5es de excel\u00eancia e nos esfor\u00e7amos para obter a satisfa\u00e7\u00e3o do cliente 100%! Sua satisfa\u00e7\u00e3o \u00e9 nossa primeira prioridade.<\/span><\/div>\n<div><\/div>\n<div><\/div>\n<div>2. se voc\u00ea receber o pedido e ele estiver em boas condi\u00e7\u00f5es, ficar\u00edamos gratos se voc\u00ea deixasse um feedback positivo de 5 estrelas para a transa\u00e7\u00e3o.<\/div>\n<div><\/div>\n<div><\/div>\n<div>3. Caso contr\u00e1rio. ficar\u00edamos gratos se voc\u00ea <a href=\"https:\/\/www.rucashk.com\/pt\/contact-us\/\" class=\"\" style=\"width: auto !important\" data-wpil-post-to-id=\"907\">Contate-nos<\/a> antes de deixar um feedback de 1 estrela a 3 estrelas. teremos prazer em fornecer uma solu\u00e7\u00e3o satisfat\u00f3ria.<\/div>\n<\/div>\n<\/div>","protected":false},"excerpt":{"rendered":"<ul class=\"product-specs-list util-clearfix\" data-spm-anchor-id=\"a2g0o.detail.0.i11.4d3143ecIYttHw\">\n<li class=\"product-prop line-limit-length\"><span class=\"property-title\">\u00e9 customizado:\u00a0<\/span><span class=\"property-desc line-limit-length\" title=\"Sim\">Sim<\/span><\/li>\n<li class=\"product-prop line-limit-length\"><span class=\"property-title\">Tipo:\u00a0<\/span><span class=\"property-desc line-limit-length\" title=\"Outro\">Outro<\/span><\/li>\n<li class=\"product-prop line-limit-length\"><span class=\"property-title\">Tens\u00e3o:\u00a0<\/span><span class=\"property-desc line-limit-length\" title=\"12V\">12V<\/span><\/li>\n<li class=\"product-prop line-limit-length\"><span class=\"property-title\">N\u00famero do modelo:\u00a0<\/span><span class=\"property-desc line-limit-length\" title=\"cinta190\">cinta190<\/span><\/li>\n<\/ul>","protected":false},"featured_media":22371,"template":"","meta":[],"product_brand":[],"product_cat":[1314,1305],"product_tag":[697],"class_list":{"0":"post-22236","1":"product","2":"type-product","3":"status-publish","4":"has-post-thumbnail","6":"product_cat-mi-scooter","7":"product_cat-xiaomi-eco","8":"product_tag-m365-scooter","10":"first","11":"instock","12":"shipping-taxable","13":"product-type-external"},"aioseo_notices":[],"aioseo_head":"\n\t\t<!-- All in One SEO Pro 4.5.9.2 - aioseo.com -->\n\t\t<meta name=\"description\" content=\"is_customized: Yes Type: Other Voltage: 12V Model Number: strap190\" \/>\n\t\t<meta name=\"robots\" content=\"max-image-preview:large\" \/>\n\t\t<link rel=\"canonical\" href=\"https:\/\/www.rucashk.com\/pt\/produto\/mijia-m365-scooter-skateboard-accessories\/\" \/>\n\t\t<meta name=\"generator\" content=\"All in One SEO Pro (AIOSEO) 4.5.9.2\" \/>\n\t\t<meta property=\"og:locale\" content=\"pt_PT\" \/>\n\t\t<meta property=\"og:site_name\" content=\"Rucas - One-stop AIoT Distribution Worldwide\" \/>\n\t\t<meta property=\"og:type\" content=\"article\" \/>\n\t\t<meta property=\"og:title\" content=\"Mijia M365 Scooter Skateboard Accessories - Rucas - Wholesale and Distribution\" \/>\n\t\t<meta property=\"og:description\" content=\"is_customized: Yes Type: Other Voltage: 12V Model Number: strap190\" \/>\n\t\t<meta property=\"og:url\" content=\"https:\/\/www.rucashk.com\/pt\/produto\/mijia-m365-scooter-skateboard-accessories\/\" \/>\n\t\t<meta property=\"og:image\" content=\"https:\/\/www.rucashk.com\/wp-content\/uploads\/replace\/503b8e645f128a97ccde2b6290747646.jpeg\" \/>\n\t\t<meta property=\"og:image:secure_url\" content=\"https:\/\/www.rucashk.com\/wp-content\/uploads\/replace\/503b8e645f128a97ccde2b6290747646.jpeg\" \/>\n\t\t<meta property=\"og:image:width\" content=\"1456\" \/>\n\t\t<meta property=\"og:image:height\" content=\"816\" \/>\n\t\t<meta property=\"article:published_time\" content=\"2024-01-09T15:41:37+00:00\" \/>\n\t\t<meta property=\"article:modified_time\" content=\"2024-03-13T10:26:36+00:00\" \/>\n\t\t<meta name=\"twitter:card\" content=\"summary_large_image\" \/>\n\t\t<meta name=\"twitter:title\" content=\"Mijia M365 Scooter Skateboard Accessories - Rucas - Wholesale and Distribution\" \/>\n\t\t<meta name=\"twitter:description\" content=\"is_customized: Yes Type: Other Voltage: 12V Model Number: strap190\" \/>\n\t\t<meta name=\"twitter:image\" content=\"https:\/\/www.rucashk.com\/wp-content\/uploads\/replace\/503b8e645f128a97ccde2b6290747646.jpeg\" \/>\n\t\t<script type=\"application\/ld+json\" class=\"aioseo-schema\">\n\t\t\t{\"@context\":\"https:\\\/\\\/schema.org\",\"@graph\":[{\"@type\":\"BreadcrumbList\",\"@id\":\"https:\\\/\\\/www.rucashk.com\\\/pt\\\/produto\\\/mijia-m365-scooter-skateboard-accessories\\\/#breadcrumblist\",\"itemListElement\":[{\"@type\":\"ListItem\",\"@id\":\"https:\\\/\\\/www.rucashk.com\\\/pt\\\/#listItem\",\"position\":1,\"name\":\"Home\",\"item\":\"https:\\\/\\\/www.rucashk.com\\\/pt\\\/\",\"nextItem\":\"https:\\\/\\\/www.rucashk.com\\\/pt\\\/produto\\\/mijia-m365-scooter-skateboard-accessories\\\/#listItem\"},{\"@type\":\"ListItem\",\"@id\":\"https:\\\/\\\/www.rucashk.com\\\/pt\\\/produto\\\/mijia-m365-scooter-skateboard-accessories\\\/#listItem\",\"position\":2,\"name\":\"Mijia M365 Scooter Skateboard Accessories\",\"previousItem\":\"https:\\\/\\\/www.rucashk.com\\\/pt\\\/#listItem\"}]},{\"@type\":\"Organization\",\"@id\":\"https:\\\/\\\/www.rucashk.com\\\/pt\\\/#organization\",\"name\":\"Rucas\",\"url\":\"https:\\\/\\\/www.rucashk.com\\\/pt\\\/\",\"logo\":{\"@type\":\"ImageObject\",\"url\":\"https:\\\/\\\/www.rucashk.com\\\/wp-content\\\/uploads\\\/2023\\\/12\\\/Rucas_campany_logo.png\",\"@id\":\"https:\\\/\\\/www.rucashk.com\\\/pt\\\/produto\\\/mijia-m365-scooter-skateboard-accessories\\\/#organizationLogo\",\"width\":221,\"height\":65},\"image\":{\"@id\":\"https:\\\/\\\/www.rucashk.com\\\/pt\\\/#organizationLogo\"}},{\"@type\":\"Person\",\"@id\":\"https:\\\/\\\/www.rucashk.com\\\/pt\\\/author\\\/admin\\\/#author\",\"url\":\"https:\\\/\\\/www.rucashk.com\\\/pt\\\/author\\\/admin\\\/\",\"name\":\"admin\",\"image\":{\"@type\":\"ImageObject\",\"@id\":\"https:\\\/\\\/www.rucashk.com\\\/pt\\\/produto\\\/mijia-m365-scooter-skateboard-accessories\\\/#authorImage\",\"url\":\"https:\\\/\\\/secure.gravatar.com\\\/avatar\\\/b7c8925b09a27e72b30232f8ecaadbd5af0f70a38c78096863fe51b64f031c24?s=96&d=mm&r=g\",\"width\":96,\"height\":96,\"caption\":\"admin\"}},{\"@type\":\"WebPage\",\"@id\":\"https:\\\/\\\/www.rucashk.com\\\/pt\\\/produto\\\/mijia-m365-scooter-skateboard-accessories\\\/#webpage\",\"url\":\"https:\\\/\\\/www.rucashk.com\\\/pt\\\/produto\\\/mijia-m365-scooter-skateboard-accessories\\\/\",\"name\":\"Mijia M365 Scooter Skateboard Accessories - Rucas - Wholesale and Distribution\",\"description\":\"is_customized: Yes Type: Other Voltage: 12V Model Number: strap190\",\"inLanguage\":\"pt-PT\",\"isPartOf\":{\"@id\":\"https:\\\/\\\/www.rucashk.com\\\/pt\\\/#website\"},\"breadcrumb\":{\"@id\":\"https:\\\/\\\/www.rucashk.com\\\/pt\\\/produto\\\/mijia-m365-scooter-skateboard-accessories\\\/#breadcrumblist\"},\"author\":{\"@id\":\"https:\\\/\\\/www.rucashk.com\\\/pt\\\/author\\\/admin\\\/#author\"},\"creator\":{\"@id\":\"https:\\\/\\\/www.rucashk.com\\\/pt\\\/author\\\/admin\\\/#author\"},\"image\":{\"@type\":\"ImageObject\",\"url\":\"https:\\\/\\\/www.rucashk.com\\\/wp-content\\\/uploads\\\/2024\\\/01\\\/4_\\u526f\\u672c.jpg\",\"@id\":\"https:\\\/\\\/www.rucashk.com\\\/pt\\\/produto\\\/mijia-m365-scooter-skateboard-accessories\\\/#mainImage\",\"width\":800,\"height\":800},\"primaryImageOfPage\":{\"@id\":\"https:\\\/\\\/www.rucashk.com\\\/pt\\\/produto\\\/mijia-m365-scooter-skateboard-accessories\\\/#mainImage\"},\"datePublished\":\"2024-01-09T15:41:37+00:00\",\"dateModified\":\"2024-03-13T10:26:36+00:00\"},{\"@type\":\"WebSite\",\"@id\":\"https:\\\/\\\/www.rucashk.com\\\/pt\\\/#website\",\"url\":\"https:\\\/\\\/www.rucashk.com\\\/pt\\\/\",\"name\":\"Rucas - Wholesale and distribution worldwide\",\"alternateName\":\"Rucas - One-stop AIoT Distribution Worldwide\",\"description\":\"One-stop AIoT Distribution Worldwide\",\"inLanguage\":\"pt-PT\",\"publisher\":{\"@id\":\"https:\\\/\\\/www.rucashk.com\\\/pt\\\/#organization\"}}]}\n\t\t<\/script>\n\t\t<!-- All in One SEO Pro -->\r\n\t\t<title>Mijia M365 Scooter Skateboard Accessories - Rucas - Wholesale and Distribution<\/title>\n\n","aioseo_head_json":{"title":"Mijia M365 Scooter Skateboard Accessories - Rucas - Wholesale and Distribution","description":"is_customized: Yes Type: Other Voltage: 12V Model Number: strap190","canonical_url":"https:\/\/www.rucashk.com\/pt\/produto\/mijia-m365-scooter-skateboard-accessories\/","robots":"max-image-preview:large","keywords":"","webmasterTools":{"miscellaneous":""},"og:locale":"pt_PT","og:site_name":"Rucas - One-stop AIoT Distribution Worldwide","og:type":"article","og:title":"Mijia M365 Scooter Skateboard Accessories - Rucas - Wholesale and Distribution","og:description":"is_customized: Yes Type: Other Voltage: 12V Model Number: strap190","og:url":"https:\/\/www.rucashk.com\/pt\/produto\/mijia-m365-scooter-skateboard-accessories\/","og:image":"https:\/\/www.rucashk.com\/wp-content\/uploads\/replace\/503b8e645f128a97ccde2b6290747646.jpeg","og:image:secure_url":"https:\/\/www.rucashk.com\/wp-content\/uploads\/replace\/503b8e645f128a97ccde2b6290747646.jpeg","og:image:width":1456,"og:image:height":816,"article:published_time":"2024-01-09T15:41:37+00:00","article:modified_time":"2024-03-13T10:26:36+00:00","twitter:card":"summary_large_image","twitter:title":"Mijia M365 Scooter Skateboard Accessories - Rucas - Wholesale and Distribution","twitter:description":"is_customized: Yes Type: Other Voltage: 12V Model Number: strap190","twitter:image":"https:\/\/www.rucashk.com\/wp-content\/uploads\/replace\/503b8e645f128a97ccde2b6290747646.jpeg","schema":{"@context":"https:\/\/schema.org","@graph":[{"@type":"BreadcrumbList","@id":"https:\/\/www.rucashk.com\/pt\/produto\/mijia-m365-scooter-skateboard-accessories\/#breadcrumblist","itemListElement":[{"@type":"ListItem","@id":"https:\/\/www.rucashk.com\/pt\/#listItem","position":1,"name":"Home","item":"https:\/\/www.rucashk.com\/pt\/","nextItem":"https:\/\/www.rucashk.com\/pt\/produto\/mijia-m365-scooter-skateboard-accessories\/#listItem"},{"@type":"ListItem","@id":"https:\/\/www.rucashk.com\/pt\/produto\/mijia-m365-scooter-skateboard-accessories\/#listItem","position":2,"name":"Mijia M365 Scooter Skateboard Accessories","previousItem":"https:\/\/www.rucashk.com\/pt\/#listItem"}]},{"@type":"Organization","@id":"https:\/\/www.rucashk.com\/pt\/#organization","name":"Rucas","url":"https:\/\/www.rucashk.com\/pt\/","logo":{"@type":"ImageObject","url":"https:\/\/www.rucashk.com\/wp-content\/uploads\/2023\/12\/Rucas_campany_logo.png","@id":"https:\/\/www.rucashk.com\/pt\/produto\/mijia-m365-scooter-skateboard-accessories\/#organizationLogo","width":221,"height":65},"image":{"@id":"https:\/\/www.rucashk.com\/pt\/#organizationLogo"}},{"@type":"Person","@id":"https:\/\/www.rucashk.com\/pt\/author\/admin\/#author","url":"https:\/\/www.rucashk.com\/pt\/author\/admin\/","name":"admin","image":{"@type":"ImageObject","@id":"https:\/\/www.rucashk.com\/pt\/produto\/mijia-m365-scooter-skateboard-accessories\/#authorImage","url":"https:\/\/secure.gravatar.com\/avatar\/b7c8925b09a27e72b30232f8ecaadbd5af0f70a38c78096863fe51b64f031c24?s=96&d=mm&r=g","width":96,"height":96,"caption":"admin"}},{"@type":"WebPage","@id":"https:\/\/www.rucashk.com\/pt\/produto\/mijia-m365-scooter-skateboard-accessories\/#webpage","url":"https:\/\/www.rucashk.com\/pt\/produto\/mijia-m365-scooter-skateboard-accessories\/","name":"Mijia M365 Scooter Skateboard Accessories - Rucas - Wholesale and Distribution","description":"is_customized: Yes Type: Other Voltage: 12V Model Number: strap190","inLanguage":"pt-PT","isPartOf":{"@id":"https:\/\/www.rucashk.com\/pt\/#website"},"breadcrumb":{"@id":"https:\/\/www.rucashk.com\/pt\/produto\/mijia-m365-scooter-skateboard-accessories\/#breadcrumblist"},"author":{"@id":"https:\/\/www.rucashk.com\/pt\/author\/admin\/#author"},"creator":{"@id":"https:\/\/www.rucashk.com\/pt\/author\/admin\/#author"},"image":{"@type":"ImageObject","url":"https:\/\/www.rucashk.com\/wp-content\/uploads\/2024\/01\/4_\u526f\u672c.jpg","@id":"https:\/\/www.rucashk.com\/pt\/produto\/mijia-m365-scooter-skateboard-accessories\/#mainImage","width":800,"height":800},"primaryImageOfPage":{"@id":"https:\/\/www.rucashk.com\/pt\/produto\/mijia-m365-scooter-skateboard-accessories\/#mainImage"},"datePublished":"2024-01-09T15:41:37+00:00","dateModified":"2024-03-13T10:26:36+00:00"},{"@type":"WebSite","@id":"https:\/\/www.rucashk.com\/pt\/#website","url":"https:\/\/www.rucashk.com\/pt\/","name":"Rucas - Wholesale and distribution worldwide","alternateName":"Rucas - One-stop AIoT Distribution Worldwide","description":"One-stop AIoT Distribution Worldwide","inLanguage":"pt-PT","publisher":{"@id":"https:\/\/www.rucashk.com\/pt\/#organization"}}]}},"aioseo_meta_data":{"post_id":"22236","title":null,"description":null,"keywords":null,"keyphrases":null,"primary_term":null,"canonical_url":null,"og_title":null,"og_description":null,"og_object_type":"default","og_image_type":"default","og_image_url":null,"og_image_width":null,"og_image_height":null,"og_image_custom_url":null,"og_image_custom_fields":null,"og_video":null,"og_custom_url":null,"og_article_section":null,"og_article_tags":null,"twitter_use_og":false,"twitter_card":"default","twitter_image_type":"default","twitter_image_url":null,"twitter_image_custom_url":null,"twitter_image_custom_fields":null,"twitter_title":null,"twitter_description":null,"schema":{"blockGraphs":[],"customGraphs":[],"default":{"data":{"Article":[],"Course":[],"Dataset":[],"FAQPage":[],"Movie":[],"Person":[],"Product":[],"Recipe":[],"Service":[],"SoftwareApplication":[],"WebPage":[]},"graphName":"","isEnabled":true},"graphs":[]},"schema_type":"default","schema_type_options":null,"pillar_content":false,"robots_default":true,"robots_noindex":false,"robots_noarchive":false,"robots_nosnippet":false,"robots_nofollow":false,"robots_noimageindex":false,"robots_noodp":false,"robots_notranslate":false,"robots_max_snippet":null,"robots_max_videopreview":null,"robots_max_imagepreview":"large","priority":null,"frequency":null,"local_seo":null,"breadcrumb_settings":null,"limit_modified_date":false,"created":"2024-04-11 01:55:22","updated":"2025-06-22 16:38:56"},"aioseo_breadcrumb":"<div class=\"aioseo-breadcrumbs\"><span class=\"aioseo-breadcrumb\">\n\t<a href=\"https:\/\/www.rucashk.com\/pt\" title=\"Home\">Home<\/a>\n<\/span><span class=\"aioseo-breadcrumb-separator\">&raquo;<\/span><span class=\"aioseo-breadcrumb\">\n\t<a href=\"https:\/\/www.rucashk.com\/pt\/products\/\" title=\"Produtos\">Produtos<\/a>\n<\/span><span class=\"aioseo-breadcrumb-separator\">&raquo;<\/span><span class=\"aioseo-breadcrumb\">\n\t<a href=\"https:\/\/www.rucashk.com\/pt\/categoria-produto\/xiaomi-eco\/\" title=\"Xiaomi Eco\">Xiaomi Eco<\/a>\n<\/span><span class=\"aioseo-breadcrumb-separator\">&raquo;<\/span><span class=\"aioseo-breadcrumb\">\n\t<a href=\"https:\/\/www.rucashk.com\/pt\/categoria-produto\/xiaomi-eco\/mi-scooter\/\" title=\"Mi Scooter\">Mi Scooter<\/a>\n<\/span><span class=\"aioseo-breadcrumb-separator\">&raquo;<\/span><span class=\"aioseo-breadcrumb\">\n\tMijia M365 Scooter Skateboard Accessories\n<\/span><\/div>","aioseo_breadcrumb_json":[{"label":"Home","link":"https:\/\/www.rucashk.com\/pt"},{"label":"Produtos","link":"https:\/\/www.rucashk.com\/pt\/products\/"},{"label":"Xiaomi Eco","link":"https:\/\/www.rucashk.com\/pt\/categoria-produto\/xiaomi-eco\/"},{"label":"Mi Scooter","link":"https:\/\/www.rucashk.com\/pt\/categoria-produto\/xiaomi-eco\/mi-scooter\/"},{"label":"Mijia M365 Scooter Skateboard Accessories","link":"https:\/\/www.rucashk.com\/pt\/produto\/mijia-m365-scooter-skateboard-accessories\/"}],"_links":{"self":[{"href":"https:\/\/www.rucashk.com\/pt\/wp-json\/wp\/v2\/product\/22236","targetHints":{"allow":["GET"]}}],"collection":[{"href":"https:\/\/www.rucashk.com\/pt\/wp-json\/wp\/v2\/product"}],"about":[{"href":"https:\/\/www.rucashk.com\/pt\/wp-json\/wp\/v2\/types\/product"}],"wp:featuredmedia":[{"embeddable":true,"href":"https:\/\/www.rucashk.com\/pt\/wp-json\/wp\/v2\/media\/22371"}],"wp:attachment":[{"href":"https:\/\/www.rucashk.com\/pt\/wp-json\/wp\/v2\/media?parent=22236"}],"wp:term":[{"taxonomy":"product_brand","embeddable":true,"href":"https:\/\/www.rucashk.com\/pt\/wp-json\/wp\/v2\/product_brand?post=22236"},{"taxonomy":"product_cat","embeddable":true,"href":"https:\/\/www.rucashk.com\/pt\/wp-json\/wp\/v2\/product_cat?post=22236"},{"taxonomy":"product_tag","embeddable":true,"href":"https:\/\/www.rucashk.com\/pt\/wp-json\/wp\/v2\/product_tag?post=22236"}],"curies":[{"name":"wp","href":"https:\/\/api.w.org\/{rel}","templated":true}]}}