{"id":22210,"date":"2024-01-09T15:41:15","date_gmt":"2024-01-09T15:41:15","guid":{"rendered":"http:\/\/rucashk.com\/?post_type=product&#038;p=22210"},"modified":"2024-01-16T11:15:17","modified_gmt":"2024-01-16T11:15:17","slug":"mijia-smart-acoustic-electric-toothbrush-wholesale","status":"publish","type":"product","link":"https:\/\/www.rucashk.com\/pt\/produto\/mijia-smart-acoustic-electric-toothbrush-wholesale\/","title":{"rendered":"Escova de dentes el\u00e9trica ac\u00fastica Mijia Smart atacado"},"content":{"rendered":"<h3 style=\"text-align: center\">Escova de dentes el\u00e9trica ac\u00fastica Mijia Smart<\/h3>\n<p style=\"text-align: center\"><img fetchpriority=\"high\" decoding=\"async\" class=\"alignnone wp-image-14670 size-full\" src=\"https:\/\/www.rucashk.com\/wp-content\/uploads\/2020\/06\/Mijia-Smart-acoustic-electric-toothbrush-1.jpg\" alt=\"Mijia Smart acoustic electric toothbrush Wholesale\" width=\"1000\" height=\"768\" \/><img decoding=\"async\" class=\"alignnone wp-image-14671 size-full\" src=\"https:\/\/www.rucashk.com\/wp-content\/uploads\/2020\/06\/Mijia-Smart-acoustic-electric-toothbrush-2.jpg\" alt=\"Mijia Smart acoustic electric toothbrush Wholesale\" width=\"1000\" height=\"730\" \/><\/p>\n<p style=\"text-align: center\"><img decoding=\"async\" class=\"alignnone wp-image-14672 size-full\" src=\"https:\/\/www.rucashk.com\/wp-content\/uploads\/2020\/06\/Mijia-Smart-acoustic-electric-toothbrush-3.jpg\" alt=\"Mijia Smart acoustic electric toothbrush Wholesale\" width=\"1000\" height=\"915\" \/><img loading=\"lazy\" decoding=\"async\" class=\"alignnone wp-image-14673 size-full\" src=\"https:\/\/www.rucashk.com\/wp-content\/uploads\/2020\/06\/Mijia-Smart-acoustic-electric-toothbrush-4.jpg\" alt=\"Mijia Smart acoustic electric toothbrush Wholesale\" width=\"1000\" height=\"744\" \/><img loading=\"lazy\" decoding=\"async\" class=\"alignnone size-full wp-image-14672\" src=\"https:\/\/www.rucashk.com\/wp-content\/uploads\/2020\/06\/Mijia-Smart-acoustic-electric-toothbrush-3.jpg\" alt=\"\" width=\"1000\" height=\"915\" \/><img loading=\"lazy\" decoding=\"async\" class=\"alignnone size-full wp-image-14674\" src=\"https:\/\/www.rucashk.com\/wp-content\/uploads\/2020\/06\/Mijia-Smart-acoustic-electric-toothbrush-5.jpg\" alt=\"\" width=\"1000\" height=\"741\" \/><img loading=\"lazy\" decoding=\"async\" class=\"alignnone size-full wp-image-14675\" src=\"https:\/\/www.rucashk.com\/wp-content\/uploads\/2020\/06\/Mijia-Smart-acoustic-electric-toothbrush-6.jpg\" alt=\"\" width=\"1000\" height=\"337\" \/><img loading=\"lazy\" decoding=\"async\" class=\"alignnone size-full wp-image-14676\" src=\"https:\/\/www.rucashk.com\/wp-content\/uploads\/2020\/06\/Mijia-Smart-acoustic-electric-toothbrush-7.jpg\" alt=\"\" width=\"1000\" height=\"798\" \/><img loading=\"lazy\" decoding=\"async\" class=\"alignnone size-full wp-image-14677\" src=\"https:\/\/www.rucashk.com\/wp-content\/uploads\/2020\/06\/Mijia-Smart-acoustic-electric-toothbrush-8.jpg\" alt=\"\" width=\"1000\" height=\"782\" \/><img loading=\"lazy\" decoding=\"async\" class=\"alignnone size-full wp-image-14678\" src=\"https:\/\/www.rucashk.com\/wp-content\/uploads\/2020\/06\/Mijia-Smart-acoustic-electric-toothbrush-9.jpg\" alt=\"\" width=\"1000\" height=\"801\" \/><img loading=\"lazy\" decoding=\"async\" class=\"alignnone size-full wp-image-14679\" src=\"https:\/\/www.rucashk.com\/wp-content\/uploads\/2020\/06\/Mijia-Smart-acoustic-electric-toothbrush-10.jpg\" alt=\"\" width=\"1000\" height=\"537\" \/><\/p>\n<div style=\"text-align: center\">\n<h4 style=\"text-align: left\" data-spm-anchor-id=\"a2g0o.detail.1000023.i3.7af56a2647bT0O\">Especifica\u00e7\u00e3o<\/h4>\n<div>\n<table>\n<tbody>\n<tr>\n<th>Detalhes do produto<\/th>\n<td>Marca: Xiaomi<br \/>\nPeso do produto: 0,0300 kg<br \/>\nPeso do pacote: 0,1400 kg<br \/>\nTamanho do produto (C x L x A): 8,50 x 2,48 x 2,48 cm \/ 3,35 x 0,98 x 0,98 polegadas<br \/>\nTamanho do pacote (C x L x A): 10,00 x 5,00 x 5,00 cm \/ 3,94 x 1,97 x 1,97 polegadas<br \/>\nConte\u00fado do pacote: 3 x <a class=\"\" style=\"width: auto !important\" href=\"https:\/\/www.rucashk.com\/pt\/produto\/xiaomi-so-white-ex3-toothbrush-heads-soocas-electric-sonic-ultrasonic-automatic-tooth-brush\/\" data-wpil-post-to-id=\"10256\">Cabe\u00e7a de escova<\/a><\/td>\n<\/tr>\n<\/tbody>\n<\/table>\n<\/div>\n<\/div>\n<p style=\"text-align: center\">","protected":false},"excerpt":{"rendered":"<p><strong>Principais caracter\u00edsticas:\u00a0<\/strong><br \/>\n\u25cf Cerdas americanas DuPont de alta densidade, sem ferrugem, sem metal, ecologicamente corretas e saud\u00e1veis<br \/>\n\u25cf O design da mini cabe\u00e7a ajuda a limpar as \u00e1reas interdentais de dif\u00edcil acesso<br \/>\n\u25cf A quantidade de cerdas \u00e9 aumentada em 40% e cada cerda \u00e9 arredondada para evitar arranhar a superf\u00edcie do dente ou danificar as gengivas<br \/>\n\u25cf Com o lembrete do ciclo de substitui\u00e7\u00e3o, voc\u00ea pode verificar a vida \u00fatil restante das cabe\u00e7as da escova pelo APP<br \/>\n\u25cf Adequado para escova de dentes Xiaomi Mi Home Sonic<\/p>","protected":false},"featured_media":22351,"template":"","meta":[],"product_brand":[],"product_cat":[1320,1305],"product_tag":[694],"class_list":{"0":"post-22210","1":"product","2":"type-product","3":"status-publish","4":"has-post-thumbnail","6":"product_cat-personal-care","7":"product_cat-xiaomi-eco","8":"product_tag-mijia-smart-acoustic-electric-toothbrush-wholesale","10":"first","11":"instock","12":"shipping-taxable","13":"product-type-external"},"aioseo_notices":[],"aioseo_head":"\n\t\t<!-- All in One SEO Pro 4.5.9.2 - aioseo.com -->\n\t\t<meta name=\"description\" content=\"Main Features: \u25cf High-density American DuPont bristle, rust-free, metal-free, environmentally friendly and healthy \u25cf Mini head design helps to clean the hard-to-reach interdental areas \u25cf The bristle quantity is increased by 40pct and every bristle is rounding to avoid scratching your tooth surface or damaging your gums \u25cf With the replacement cycle reminder, you can check the remaining lifespan of brush heads by the APP \u25cf Suitable for Xiaomi Mi Home Sonic Toothbrush\" \/>\n\t\t<meta name=\"robots\" content=\"max-image-preview:large\" \/>\n\t\t<link rel=\"canonical\" href=\"https:\/\/www.rucashk.com\/pt\/produto\/mijia-smart-acoustic-electric-toothbrush-wholesale\/\" \/>\n\t\t<meta name=\"generator\" content=\"All in One SEO Pro (AIOSEO) 4.5.9.2\" \/>\n\t\t<meta property=\"og:locale\" content=\"pt_PT\" \/>\n\t\t<meta property=\"og:site_name\" content=\"Rucas - One-stop AIoT Distribution Worldwide\" \/>\n\t\t<meta property=\"og:type\" content=\"article\" \/>\n\t\t<meta property=\"og:title\" content=\"Mijia Smart acoustic electric toothbrush Wholesale - Rucas - Wholesale and Distribution\" \/>\n\t\t<meta property=\"og:description\" content=\"Main Features: \u25cf High-density American DuPont bristle, rust-free, metal-free, environmentally friendly and healthy \u25cf Mini head design helps to clean the hard-to-reach interdental areas \u25cf The bristle quantity is increased by 40pct and every bristle is rounding to avoid scratching your tooth surface or damaging your gums \u25cf With the replacement cycle reminder, you can check the remaining lifespan of brush heads by the APP \u25cf Suitable for Xiaomi Mi Home Sonic Toothbrush\" \/>\n\t\t<meta property=\"og:url\" content=\"https:\/\/www.rucashk.com\/pt\/produto\/mijia-smart-acoustic-electric-toothbrush-wholesale\/\" \/>\n\t\t<meta property=\"og:image\" content=\"https:\/\/www.rucashk.com\/wp-content\/uploads\/replace\/503b8e645f128a97ccde2b6290747646.jpeg\" \/>\n\t\t<meta property=\"og:image:secure_url\" content=\"https:\/\/www.rucashk.com\/wp-content\/uploads\/replace\/503b8e645f128a97ccde2b6290747646.jpeg\" \/>\n\t\t<meta property=\"og:image:width\" content=\"1456\" \/>\n\t\t<meta property=\"og:image:height\" content=\"816\" \/>\n\t\t<meta property=\"article:published_time\" content=\"2024-01-09T15:41:15+00:00\" \/>\n\t\t<meta property=\"article:modified_time\" content=\"2024-01-16T11:15:17+00:00\" \/>\n\t\t<meta name=\"twitter:card\" content=\"summary_large_image\" \/>\n\t\t<meta name=\"twitter:title\" content=\"Mijia Smart acoustic electric toothbrush Wholesale - Rucas - Wholesale and Distribution\" \/>\n\t\t<meta name=\"twitter:description\" content=\"Main Features: \u25cf High-density American DuPont bristle, rust-free, metal-free, environmentally friendly and healthy \u25cf Mini head design helps to clean the hard-to-reach interdental areas \u25cf The bristle quantity is increased by 40pct and every bristle is rounding to avoid scratching your tooth surface or damaging your gums \u25cf With the replacement cycle reminder, you can check the remaining lifespan of brush heads by the APP \u25cf Suitable for Xiaomi Mi Home Sonic Toothbrush\" \/>\n\t\t<meta name=\"twitter:image\" content=\"https:\/\/www.rucashk.com\/wp-content\/uploads\/replace\/503b8e645f128a97ccde2b6290747646.jpeg\" \/>\n\t\t<script type=\"application\/ld+json\" class=\"aioseo-schema\">\n\t\t\t{\"@context\":\"https:\\\/\\\/schema.org\",\"@graph\":[{\"@type\":\"BreadcrumbList\",\"@id\":\"https:\\\/\\\/www.rucashk.com\\\/pt\\\/produto\\\/mijia-smart-acoustic-electric-toothbrush-wholesale\\\/#breadcrumblist\",\"itemListElement\":[{\"@type\":\"ListItem\",\"@id\":\"https:\\\/\\\/www.rucashk.com\\\/pt\\\/#listItem\",\"position\":1,\"name\":\"Home\",\"item\":\"https:\\\/\\\/www.rucashk.com\\\/pt\\\/\",\"nextItem\":\"https:\\\/\\\/www.rucashk.com\\\/pt\\\/produto\\\/mijia-smart-acoustic-electric-toothbrush-wholesale\\\/#listItem\"},{\"@type\":\"ListItem\",\"@id\":\"https:\\\/\\\/www.rucashk.com\\\/pt\\\/produto\\\/mijia-smart-acoustic-electric-toothbrush-wholesale\\\/#listItem\",\"position\":2,\"name\":\"Mijia Smart acoustic electric toothbrush Wholesale\",\"previousItem\":\"https:\\\/\\\/www.rucashk.com\\\/pt\\\/#listItem\"}]},{\"@type\":\"Organization\",\"@id\":\"https:\\\/\\\/www.rucashk.com\\\/pt\\\/#organization\",\"name\":\"Rucas\",\"url\":\"https:\\\/\\\/www.rucashk.com\\\/pt\\\/\",\"logo\":{\"@type\":\"ImageObject\",\"url\":\"https:\\\/\\\/www.rucashk.com\\\/wp-content\\\/uploads\\\/2023\\\/12\\\/Rucas_campany_logo.png\",\"@id\":\"https:\\\/\\\/www.rucashk.com\\\/pt\\\/produto\\\/mijia-smart-acoustic-electric-toothbrush-wholesale\\\/#organizationLogo\",\"width\":221,\"height\":65},\"image\":{\"@id\":\"https:\\\/\\\/www.rucashk.com\\\/pt\\\/#organizationLogo\"}},{\"@type\":\"Person\",\"@id\":\"https:\\\/\\\/www.rucashk.com\\\/pt\\\/author\\\/admin\\\/#author\",\"url\":\"https:\\\/\\\/www.rucashk.com\\\/pt\\\/author\\\/admin\\\/\",\"name\":\"admin\",\"image\":{\"@type\":\"ImageObject\",\"@id\":\"https:\\\/\\\/www.rucashk.com\\\/pt\\\/produto\\\/mijia-smart-acoustic-electric-toothbrush-wholesale\\\/#authorImage\",\"url\":\"https:\\\/\\\/secure.gravatar.com\\\/avatar\\\/b7c8925b09a27e72b30232f8ecaadbd5af0f70a38c78096863fe51b64f031c24?s=96&d=mm&r=g\",\"width\":96,\"height\":96,\"caption\":\"admin\"}},{\"@type\":\"WebPage\",\"@id\":\"https:\\\/\\\/www.rucashk.com\\\/pt\\\/produto\\\/mijia-smart-acoustic-electric-toothbrush-wholesale\\\/#webpage\",\"url\":\"https:\\\/\\\/www.rucashk.com\\\/pt\\\/produto\\\/mijia-smart-acoustic-electric-toothbrush-wholesale\\\/\",\"name\":\"Mijia Smart acoustic electric toothbrush Wholesale - Rucas - Wholesale and Distribution\",\"description\":\"Main Features: \\u25cf High-density American DuPont bristle, rust-free, metal-free, environmentally friendly and healthy \\u25cf Mini head design helps to clean the hard-to-reach interdental areas \\u25cf The bristle quantity is increased by 40pct and every bristle is rounding to avoid scratching your tooth surface or damaging your gums \\u25cf With the replacement cycle reminder, you can check the remaining lifespan of brush heads by the APP \\u25cf Suitable for Xiaomi Mi Home Sonic Toothbrush\",\"inLanguage\":\"pt-PT\",\"isPartOf\":{\"@id\":\"https:\\\/\\\/www.rucashk.com\\\/pt\\\/#website\"},\"breadcrumb\":{\"@id\":\"https:\\\/\\\/www.rucashk.com\\\/pt\\\/produto\\\/mijia-smart-acoustic-electric-toothbrush-wholesale\\\/#breadcrumblist\"},\"author\":{\"@id\":\"https:\\\/\\\/www.rucashk.com\\\/pt\\\/author\\\/admin\\\/#author\"},\"creator\":{\"@id\":\"https:\\\/\\\/www.rucashk.com\\\/pt\\\/author\\\/admin\\\/#author\"},\"image\":{\"@type\":\"ImageObject\",\"url\":\"https:\\\/\\\/www.rucashk.com\\\/wp-content\\\/uploads\\\/2024\\\/01\\\/5.jpg\",\"@id\":\"https:\\\/\\\/www.rucashk.com\\\/pt\\\/produto\\\/mijia-smart-acoustic-electric-toothbrush-wholesale\\\/#mainImage\",\"width\":800,\"height\":800},\"primaryImageOfPage\":{\"@id\":\"https:\\\/\\\/www.rucashk.com\\\/pt\\\/produto\\\/mijia-smart-acoustic-electric-toothbrush-wholesale\\\/#mainImage\"},\"datePublished\":\"2024-01-09T15:41:15+00:00\",\"dateModified\":\"2024-01-16T11:15:17+00:00\"},{\"@type\":\"WebSite\",\"@id\":\"https:\\\/\\\/www.rucashk.com\\\/pt\\\/#website\",\"url\":\"https:\\\/\\\/www.rucashk.com\\\/pt\\\/\",\"name\":\"Rucas - Wholesale and distribution worldwide\",\"alternateName\":\"Rucas - One-stop AIoT Distribution Worldwide\",\"description\":\"One-stop AIoT Distribution Worldwide\",\"inLanguage\":\"pt-PT\",\"publisher\":{\"@id\":\"https:\\\/\\\/www.rucashk.com\\\/pt\\\/#organization\"}}]}\n\t\t<\/script>\n\t\t<!-- All in One SEO Pro -->\r\n\t\t<title>Mijia Smart acoustic electric toothbrush Wholesale - Rucas - Wholesale and Distribution<\/title>\n\n","aioseo_head_json":{"title":"Mijia Smart acoustic electric toothbrush Wholesale - Rucas - Wholesale and Distribution","description":"Main Features: \u25cf High-density American DuPont bristle, rust-free, metal-free, environmentally friendly and healthy \u25cf Mini head design helps to clean the hard-to-reach interdental areas \u25cf The bristle quantity is increased by 40pct and every bristle is rounding to avoid scratching your tooth surface or damaging your gums \u25cf With the replacement cycle reminder, you can check the remaining lifespan of brush heads by the APP \u25cf Suitable for Xiaomi Mi Home Sonic Toothbrush","canonical_url":"https:\/\/www.rucashk.com\/pt\/produto\/mijia-smart-acoustic-electric-toothbrush-wholesale\/","robots":"max-image-preview:large","keywords":"","webmasterTools":{"miscellaneous":""},"og:locale":"pt_PT","og:site_name":"Rucas - One-stop AIoT Distribution Worldwide","og:type":"article","og:title":"Mijia Smart acoustic electric toothbrush Wholesale - Rucas - Wholesale and Distribution","og:description":"Main Features: \u25cf High-density American DuPont bristle, rust-free, metal-free, environmentally friendly and healthy \u25cf Mini head design helps to clean the hard-to-reach interdental areas \u25cf The bristle quantity is increased by 40pct and every bristle is rounding to avoid scratching your tooth surface or damaging your gums \u25cf With the replacement cycle reminder, you can check the remaining lifespan of brush heads by the APP \u25cf Suitable for Xiaomi Mi Home Sonic Toothbrush","og:url":"https:\/\/www.rucashk.com\/pt\/produto\/mijia-smart-acoustic-electric-toothbrush-wholesale\/","og:image":"https:\/\/www.rucashk.com\/wp-content\/uploads\/replace\/503b8e645f128a97ccde2b6290747646.jpeg","og:image:secure_url":"https:\/\/www.rucashk.com\/wp-content\/uploads\/replace\/503b8e645f128a97ccde2b6290747646.jpeg","og:image:width":1456,"og:image:height":816,"article:published_time":"2024-01-09T15:41:15+00:00","article:modified_time":"2024-01-16T11:15:17+00:00","twitter:card":"summary_large_image","twitter:title":"Mijia Smart acoustic electric toothbrush Wholesale - Rucas - Wholesale and Distribution","twitter:description":"Main Features: \u25cf High-density American DuPont bristle, rust-free, metal-free, environmentally friendly and healthy \u25cf Mini head design helps to clean the hard-to-reach interdental areas \u25cf The bristle quantity is increased by 40pct and every bristle is rounding to avoid scratching your tooth surface or damaging your gums \u25cf With the replacement cycle reminder, you can check the remaining lifespan of brush heads by the APP \u25cf Suitable for Xiaomi Mi Home Sonic Toothbrush","twitter:image":"https:\/\/www.rucashk.com\/wp-content\/uploads\/replace\/503b8e645f128a97ccde2b6290747646.jpeg","schema":{"@context":"https:\/\/schema.org","@graph":[{"@type":"BreadcrumbList","@id":"https:\/\/www.rucashk.com\/pt\/produto\/mijia-smart-acoustic-electric-toothbrush-wholesale\/#breadcrumblist","itemListElement":[{"@type":"ListItem","@id":"https:\/\/www.rucashk.com\/pt\/#listItem","position":1,"name":"Home","item":"https:\/\/www.rucashk.com\/pt\/","nextItem":"https:\/\/www.rucashk.com\/pt\/produto\/mijia-smart-acoustic-electric-toothbrush-wholesale\/#listItem"},{"@type":"ListItem","@id":"https:\/\/www.rucashk.com\/pt\/produto\/mijia-smart-acoustic-electric-toothbrush-wholesale\/#listItem","position":2,"name":"Mijia Smart acoustic electric toothbrush Wholesale","previousItem":"https:\/\/www.rucashk.com\/pt\/#listItem"}]},{"@type":"Organization","@id":"https:\/\/www.rucashk.com\/pt\/#organization","name":"Rucas","url":"https:\/\/www.rucashk.com\/pt\/","logo":{"@type":"ImageObject","url":"https:\/\/www.rucashk.com\/wp-content\/uploads\/2023\/12\/Rucas_campany_logo.png","@id":"https:\/\/www.rucashk.com\/pt\/produto\/mijia-smart-acoustic-electric-toothbrush-wholesale\/#organizationLogo","width":221,"height":65},"image":{"@id":"https:\/\/www.rucashk.com\/pt\/#organizationLogo"}},{"@type":"Person","@id":"https:\/\/www.rucashk.com\/pt\/author\/admin\/#author","url":"https:\/\/www.rucashk.com\/pt\/author\/admin\/","name":"admin","image":{"@type":"ImageObject","@id":"https:\/\/www.rucashk.com\/pt\/produto\/mijia-smart-acoustic-electric-toothbrush-wholesale\/#authorImage","url":"https:\/\/secure.gravatar.com\/avatar\/b7c8925b09a27e72b30232f8ecaadbd5af0f70a38c78096863fe51b64f031c24?s=96&d=mm&r=g","width":96,"height":96,"caption":"admin"}},{"@type":"WebPage","@id":"https:\/\/www.rucashk.com\/pt\/produto\/mijia-smart-acoustic-electric-toothbrush-wholesale\/#webpage","url":"https:\/\/www.rucashk.com\/pt\/produto\/mijia-smart-acoustic-electric-toothbrush-wholesale\/","name":"Mijia Smart acoustic electric toothbrush Wholesale - Rucas - Wholesale and Distribution","description":"Main Features: \u25cf High-density American DuPont bristle, rust-free, metal-free, environmentally friendly and healthy \u25cf Mini head design helps to clean the hard-to-reach interdental areas \u25cf The bristle quantity is increased by 40pct and every bristle is rounding to avoid scratching your tooth surface or damaging your gums \u25cf With the replacement cycle reminder, you can check the remaining lifespan of brush heads by the APP \u25cf Suitable for Xiaomi Mi Home Sonic Toothbrush","inLanguage":"pt-PT","isPartOf":{"@id":"https:\/\/www.rucashk.com\/pt\/#website"},"breadcrumb":{"@id":"https:\/\/www.rucashk.com\/pt\/produto\/mijia-smart-acoustic-electric-toothbrush-wholesale\/#breadcrumblist"},"author":{"@id":"https:\/\/www.rucashk.com\/pt\/author\/admin\/#author"},"creator":{"@id":"https:\/\/www.rucashk.com\/pt\/author\/admin\/#author"},"image":{"@type":"ImageObject","url":"https:\/\/www.rucashk.com\/wp-content\/uploads\/2024\/01\/5.jpg","@id":"https:\/\/www.rucashk.com\/pt\/produto\/mijia-smart-acoustic-electric-toothbrush-wholesale\/#mainImage","width":800,"height":800},"primaryImageOfPage":{"@id":"https:\/\/www.rucashk.com\/pt\/produto\/mijia-smart-acoustic-electric-toothbrush-wholesale\/#mainImage"},"datePublished":"2024-01-09T15:41:15+00:00","dateModified":"2024-01-16T11:15:17+00:00"},{"@type":"WebSite","@id":"https:\/\/www.rucashk.com\/pt\/#website","url":"https:\/\/www.rucashk.com\/pt\/","name":"Rucas - Wholesale and distribution worldwide","alternateName":"Rucas - One-stop AIoT Distribution Worldwide","description":"One-stop AIoT Distribution Worldwide","inLanguage":"pt-PT","publisher":{"@id":"https:\/\/www.rucashk.com\/pt\/#organization"}}]}},"aioseo_meta_data":{"post_id":"22210","title":null,"description":null,"keywords":null,"keyphrases":null,"primary_term":null,"canonical_url":null,"og_title":null,"og_description":null,"og_object_type":"default","og_image_type":"default","og_image_url":null,"og_image_width":null,"og_image_height":null,"og_image_custom_url":null,"og_image_custom_fields":null,"og_video":null,"og_custom_url":null,"og_article_section":null,"og_article_tags":null,"twitter_use_og":false,"twitter_card":"default","twitter_image_type":"default","twitter_image_url":null,"twitter_image_custom_url":null,"twitter_image_custom_fields":null,"twitter_title":null,"twitter_description":null,"schema":{"blockGraphs":[],"customGraphs":[],"default":{"data":{"Article":[],"Course":[],"Dataset":[],"FAQPage":[],"Movie":[],"Person":[],"Product":[],"Recipe":[],"Service":[],"SoftwareApplication":[],"WebPage":[]},"graphName":"","isEnabled":true},"graphs":[]},"schema_type":"default","schema_type_options":null,"pillar_content":false,"robots_default":true,"robots_noindex":false,"robots_noarchive":false,"robots_nosnippet":false,"robots_nofollow":false,"robots_noimageindex":false,"robots_noodp":false,"robots_notranslate":false,"robots_max_snippet":null,"robots_max_videopreview":null,"robots_max_imagepreview":"large","priority":null,"frequency":null,"local_seo":null,"breadcrumb_settings":null,"limit_modified_date":false,"created":"2024-04-11 01:55:22","updated":"2025-06-22 16:38:56"},"aioseo_breadcrumb":"<div class=\"aioseo-breadcrumbs\"><span class=\"aioseo-breadcrumb\">\n\t<a href=\"https:\/\/www.rucashk.com\/pt\" title=\"Home\">Home<\/a>\n<\/span><span class=\"aioseo-breadcrumb-separator\">&raquo;<\/span><span class=\"aioseo-breadcrumb\">\n\t<a href=\"https:\/\/www.rucashk.com\/pt\/products\/\" title=\"Produtos\">Produtos<\/a>\n<\/span><span class=\"aioseo-breadcrumb-separator\">&raquo;<\/span><span class=\"aioseo-breadcrumb\">\n\t<a href=\"https:\/\/www.rucashk.com\/pt\/categoria-produto\/xiaomi-eco\/\" title=\"Xiaomi Eco\">Xiaomi Eco<\/a>\n<\/span><span class=\"aioseo-breadcrumb-separator\">&raquo;<\/span><span class=\"aioseo-breadcrumb\">\n\t<a href=\"https:\/\/www.rucashk.com\/pt\/categoria-produto\/xiaomi-eco\/personal-care\/\" title=\"Personal Care\">Personal Care<\/a>\n<\/span><span class=\"aioseo-breadcrumb-separator\">&raquo;<\/span><span class=\"aioseo-breadcrumb\">\n\tMijia Smart acoustic electric toothbrush Wholesale\n<\/span><\/div>","aioseo_breadcrumb_json":[{"label":"Home","link":"https:\/\/www.rucashk.com\/pt"},{"label":"Produtos","link":"https:\/\/www.rucashk.com\/pt\/products\/"},{"label":"Xiaomi Eco","link":"https:\/\/www.rucashk.com\/pt\/categoria-produto\/xiaomi-eco\/"},{"label":"Personal Care","link":"https:\/\/www.rucashk.com\/pt\/categoria-produto\/xiaomi-eco\/personal-care\/"},{"label":"Mijia Smart acoustic electric toothbrush Wholesale","link":"https:\/\/www.rucashk.com\/pt\/produto\/mijia-smart-acoustic-electric-toothbrush-wholesale\/"}],"_links":{"self":[{"href":"https:\/\/www.rucashk.com\/pt\/wp-json\/wp\/v2\/product\/22210","targetHints":{"allow":["GET"]}}],"collection":[{"href":"https:\/\/www.rucashk.com\/pt\/wp-json\/wp\/v2\/product"}],"about":[{"href":"https:\/\/www.rucashk.com\/pt\/wp-json\/wp\/v2\/types\/product"}],"wp:featuredmedia":[{"embeddable":true,"href":"https:\/\/www.rucashk.com\/pt\/wp-json\/wp\/v2\/media\/22351"}],"wp:attachment":[{"href":"https:\/\/www.rucashk.com\/pt\/wp-json\/wp\/v2\/media?parent=22210"}],"wp:term":[{"taxonomy":"product_brand","embeddable":true,"href":"https:\/\/www.rucashk.com\/pt\/wp-json\/wp\/v2\/product_brand?post=22210"},{"taxonomy":"product_cat","embeddable":true,"href":"https:\/\/www.rucashk.com\/pt\/wp-json\/wp\/v2\/product_cat?post=22210"},{"taxonomy":"product_tag","embeddable":true,"href":"https:\/\/www.rucashk.com\/pt\/wp-json\/wp\/v2\/product_tag?post=22210"}],"curies":[{"name":"wp","href":"https:\/\/api.w.org\/{rel}","templated":true}]}}