{"id":22208,"date":"2024-01-09T15:41:15","date_gmt":"2024-01-09T15:41:15","guid":{"rendered":"http:\/\/rucashk.com\/?post_type=product&#038;p=22208"},"modified":"2024-01-16T11:14:50","modified_gmt":"2024-01-16T11:14:50","slug":"xiaomi-so-white-ex3-toothbrush-heads-soocas-electric-sonic-ultrasonic-automatic-tooth-brush","status":"publish","type":"product","link":"https:\/\/www.rucashk.com\/pt\/produto\/xiaomi-so-white-ex3-toothbrush-heads-soocas-electric-sonic-ultrasonic-automatic-tooth-brush\/","title":{"rendered":"Xiaomi So White Ex3 Cabe\u00e7as de escova de dentes Soocas El\u00e9trica Sonic Ultrasonic Escova de dentes autom\u00e1tica"},"content":{"rendered":"<h3 style=\"text-align: center\">Xiaomi So White Ex3 Cabe\u00e7as de escova de dentes Soocas El\u00e9trica Sonic Ultrasonic Escova de dentes autom\u00e1tica<\/h3>\n<p><img fetchpriority=\"high\" decoding=\"async\" class=\"alignnone\" src=\"https:\/\/www.rucashk.com\/wp-content\/uploads\/2020\/06\/H688dcb0e01b9437199c23c79902d8ba1t.jpg\" alt=\"Xiaomi So White Ex3 Toothbrush Heads Soocas Electric Sonic Ultrasonic Automatic Tooth Brush\" width=\"800\" height=\"800\" \/><img decoding=\"async\" class=\"alignnone\" src=\"https:\/\/www.rucashk.com\/wp-content\/uploads\/2020\/06\/H9a1f577777f94afaba2bd1552c77299cy.jpg\" alt=\"Xiaomi So White Ex3 Toothbrush Heads Soocas Electric Sonic Ultrasonic Automatic Tooth Brush\" width=\"800\" height=\"800\" \/><img decoding=\"async\" class=\"alignnone\" src=\"https:\/\/www.rucashk.com\/wp-content\/uploads\/2020\/06\/H1a908be638e64c8c854ef40f417ae0baS.jpg\" alt=\"Xiaomi So White Ex3 Toothbrush Heads Soocas Electric Sonic Ultrasonic Automatic Tooth Brush\" width=\"800\" height=\"800\" \/><img loading=\"lazy\" decoding=\"async\" class=\"alignnone\" src=\"https:\/\/www.rucashk.com\/wp-content\/uploads\/2020\/06\/Hd598bbf861e14d0faaa251bd6d64a6d7w.jpg\" alt=\"Xiaomi So White Ex3 Toothbrush Heads Soocas Electric Sonic Ultrasonic Automatic Tooth Brush\" width=\"800\" height=\"800\" \/><img loading=\"lazy\" decoding=\"async\" class=\"alignnone\" src=\"https:\/\/www.rucashk.com\/wp-content\/uploads\/2020\/06\/H92b3f2321e974650b249c2b50489539cu.jpg\" alt=\"Xiaomi So White Ex3 Toothbrush Heads Soocas Electric Sonic Ultrasonic Automatic Tooth Brush\" width=\"800\" height=\"800\" \/><img loading=\"lazy\" decoding=\"async\" class=\"alignnone\" src=\"https:\/\/www.rucashk.com\/wp-content\/uploads\/2020\/06\/Hd5a7327895f247d1a4a2bb3d526c1366o.jpg\" alt=\"Xiaomi So White Ex3 Toothbrush Heads Soocas Electric Sonic Ultrasonic Automatic Tooth Brush\" width=\"800\" height=\"800\" \/><img loading=\"lazy\" decoding=\"async\" class=\"alignnone\" src=\"https:\/\/www.rucashk.com\/wp-content\/uploads\/2020\/06\/Hf1adcac58fc141f09e868b899dd48726c.jpg\" alt=\"Xiaomi So White Ex3 Toothbrush Heads Soocas Electric Sonic Ultrasonic Automatic Tooth Brush\" width=\"800\" height=\"800\" \/><\/p>","protected":false},"excerpt":{"rendered":"<ul class=\"product-specs-list util-clearfix\">\n<li class=\"product-prop line-limit-length\"><span class=\"property-title\" data-spm-anchor-id=\"a2g0o.detail.0.i11.731132b2lrHe0y\">Marca:\u00a0<\/span><span class=\"property-desc line-limit-length\" title=\"Xiaomi\">Xiaomi<\/span><\/li>\n<li class=\"product-prop line-limit-length\"><span class=\"property-title\">N\u00famero do modelo:\u00a0<\/span><span class=\"property-desc line-limit-length\" title=\"Para cabe\u00e7as de escova de dentes Xiaomi So White Ex3\">Para cabe\u00e7as de escova de dentes Xiaomi So White Ex3<\/span><\/li>\n<li class=\"product-prop line-limit-length\"><span class=\"property-title\">Estado da Assembleia:\u00a0<\/span><span class=\"property-desc line-limit-length\" title=\"Pronto para ir\">Pronto para ir<\/span><\/li>\n<li class=\"product-prop line-limit-length\"><span class=\"property-title\">Escala:\u00a0<\/span><span class=\"property-desc line-limit-length\" title=\"1:5\">1:5<\/span><\/li>\n<li class=\"product-prop line-limit-length\"><span class=\"property-title\">Girosc\u00f3pio:\u00a0<\/span><span class=\"property-desc line-limit-length\" title=\"Escova de dente autom\u00e1tica ultrass\u00f4nica el\u00e9trica Soocas Sonic\">Escova de dente autom\u00e1tica ultrass\u00f4nica el\u00e9trica Soocas Sonic<\/span><\/li>\n<li class=\"product-prop line-limit-length\"><span class=\"property-title\">Canais de controle:\u00a0<\/span><span class=\"property-desc line-limit-length\" title=\"2 canais\">2 canais<\/span><\/li>\n<li class=\"product-prop line-limit-length\" data-spm-anchor-id=\"a2g0o.detail.0.i10.731132b2lrHe0y\"><span class=\"property-title\">Velocidade m\u00e1xima:\u00a0<\/span><span class=\"property-desc line-limit-length\" title=\"Adulto recarreg\u00e1vel \u00e0 prova d&#039;\u00e1gua\" data-spm-anchor-id=\"a2g0o.detail.0.i9.731132b2lrHe0y\">Adulto recarreg\u00e1vel \u00e0 prova d&#039;\u00e1gua<\/span><\/li>\n<\/ul>","protected":false},"featured_media":22341,"template":"","meta":[],"product_brand":[],"product_cat":[1320,1305],"product_tag":[693,420],"class_list":{"0":"post-22208","1":"product","2":"type-product","3":"status-publish","4":"has-post-thumbnail","6":"product_cat-personal-care","7":"product_cat-xiaomi-eco","8":"product_tag-automatic-tooth-brush","9":"product_tag-xiaomi","11":"first","12":"instock","13":"shipping-taxable","14":"product-type-external"},"aioseo_notices":[],"aioseo_head":"\n\t\t<!-- All in One SEO Pro 4.5.9.2 - aioseo.com -->\n\t\t<meta name=\"description\" content=\"Brand Name: Xiaomi Model Number: For Xiaomi So White Ex3 Toothbrush Heads State of Assembly: Ready-to-Go Scale: 1:5 Gyro: Soocas Electric Sonic Ultrasonic Automatic Tooth Brush Control Channels: 2 Channels Max Speed: Rechargeable Adult Waterproof\" \/>\n\t\t<meta name=\"robots\" content=\"max-image-preview:large\" \/>\n\t\t<link rel=\"canonical\" href=\"https:\/\/www.rucashk.com\/pt\/produto\/xiaomi-so-white-ex3-toothbrush-heads-soocas-electric-sonic-ultrasonic-automatic-tooth-brush\/\" \/>\n\t\t<meta name=\"generator\" content=\"All in One SEO Pro (AIOSEO) 4.5.9.2\" \/>\n\t\t<meta property=\"og:locale\" content=\"pt_PT\" \/>\n\t\t<meta property=\"og:site_name\" content=\"Rucas - One-stop AIoT Distribution Worldwide\" \/>\n\t\t<meta property=\"og:type\" content=\"article\" \/>\n\t\t<meta property=\"og:title\" content=\"Xiaomi So White Ex3 Toothbrush Heads Soocas Electric Sonic Ultrasonic Automatic Tooth Brush - Rucas - Wholesale and Distribution\" \/>\n\t\t<meta property=\"og:description\" content=\"Brand Name: Xiaomi Model Number: For Xiaomi So White Ex3 Toothbrush Heads State of Assembly: Ready-to-Go Scale: 1:5 Gyro: Soocas Electric Sonic Ultrasonic Automatic Tooth Brush Control Channels: 2 Channels Max Speed: Rechargeable Adult Waterproof\" \/>\n\t\t<meta property=\"og:url\" content=\"https:\/\/www.rucashk.com\/pt\/produto\/xiaomi-so-white-ex3-toothbrush-heads-soocas-electric-sonic-ultrasonic-automatic-tooth-brush\/\" \/>\n\t\t<meta property=\"og:image\" content=\"https:\/\/www.rucashk.com\/wp-content\/uploads\/replace\/503b8e645f128a97ccde2b6290747646.jpeg\" \/>\n\t\t<meta property=\"og:image:secure_url\" content=\"https:\/\/www.rucashk.com\/wp-content\/uploads\/replace\/503b8e645f128a97ccde2b6290747646.jpeg\" \/>\n\t\t<meta property=\"og:image:width\" content=\"1456\" \/>\n\t\t<meta property=\"og:image:height\" content=\"816\" \/>\n\t\t<meta property=\"article:published_time\" content=\"2024-01-09T15:41:15+00:00\" \/>\n\t\t<meta property=\"article:modified_time\" content=\"2024-01-16T11:14:50+00:00\" \/>\n\t\t<meta name=\"twitter:card\" content=\"summary_large_image\" \/>\n\t\t<meta name=\"twitter:title\" content=\"Xiaomi So White Ex3 Toothbrush Heads Soocas Electric Sonic Ultrasonic Automatic Tooth Brush - Rucas - Wholesale and Distribution\" \/>\n\t\t<meta name=\"twitter:description\" content=\"Brand Name: Xiaomi Model Number: For Xiaomi So White Ex3 Toothbrush Heads State of Assembly: Ready-to-Go Scale: 1:5 Gyro: Soocas Electric Sonic Ultrasonic Automatic Tooth Brush Control Channels: 2 Channels Max Speed: Rechargeable Adult Waterproof\" \/>\n\t\t<meta name=\"twitter:image\" content=\"https:\/\/www.rucashk.com\/wp-content\/uploads\/replace\/503b8e645f128a97ccde2b6290747646.jpeg\" \/>\n\t\t<script type=\"application\/ld+json\" class=\"aioseo-schema\">\n\t\t\t{\"@context\":\"https:\\\/\\\/schema.org\",\"@graph\":[{\"@type\":\"BreadcrumbList\",\"@id\":\"https:\\\/\\\/www.rucashk.com\\\/pt\\\/produto\\\/xiaomi-so-white-ex3-toothbrush-heads-soocas-electric-sonic-ultrasonic-automatic-tooth-brush\\\/#breadcrumblist\",\"itemListElement\":[{\"@type\":\"ListItem\",\"@id\":\"https:\\\/\\\/www.rucashk.com\\\/pt\\\/#listItem\",\"position\":1,\"name\":\"Home\",\"item\":\"https:\\\/\\\/www.rucashk.com\\\/pt\\\/\",\"nextItem\":\"https:\\\/\\\/www.rucashk.com\\\/pt\\\/produto\\\/xiaomi-so-white-ex3-toothbrush-heads-soocas-electric-sonic-ultrasonic-automatic-tooth-brush\\\/#listItem\"},{\"@type\":\"ListItem\",\"@id\":\"https:\\\/\\\/www.rucashk.com\\\/pt\\\/produto\\\/xiaomi-so-white-ex3-toothbrush-heads-soocas-electric-sonic-ultrasonic-automatic-tooth-brush\\\/#listItem\",\"position\":2,\"name\":\"Xiaomi So White Ex3 Toothbrush Heads Soocas Electric Sonic Ultrasonic Automatic Tooth Brush\",\"previousItem\":\"https:\\\/\\\/www.rucashk.com\\\/pt\\\/#listItem\"}]},{\"@type\":\"Organization\",\"@id\":\"https:\\\/\\\/www.rucashk.com\\\/pt\\\/#organization\",\"name\":\"Rucas\",\"url\":\"https:\\\/\\\/www.rucashk.com\\\/pt\\\/\",\"logo\":{\"@type\":\"ImageObject\",\"url\":\"https:\\\/\\\/www.rucashk.com\\\/wp-content\\\/uploads\\\/2023\\\/12\\\/Rucas_campany_logo.png\",\"@id\":\"https:\\\/\\\/www.rucashk.com\\\/pt\\\/produto\\\/xiaomi-so-white-ex3-toothbrush-heads-soocas-electric-sonic-ultrasonic-automatic-tooth-brush\\\/#organizationLogo\",\"width\":221,\"height\":65},\"image\":{\"@id\":\"https:\\\/\\\/www.rucashk.com\\\/pt\\\/#organizationLogo\"}},{\"@type\":\"Person\",\"@id\":\"https:\\\/\\\/www.rucashk.com\\\/pt\\\/author\\\/admin\\\/#author\",\"url\":\"https:\\\/\\\/www.rucashk.com\\\/pt\\\/author\\\/admin\\\/\",\"name\":\"admin\",\"image\":{\"@type\":\"ImageObject\",\"@id\":\"https:\\\/\\\/www.rucashk.com\\\/pt\\\/produto\\\/xiaomi-so-white-ex3-toothbrush-heads-soocas-electric-sonic-ultrasonic-automatic-tooth-brush\\\/#authorImage\",\"url\":\"https:\\\/\\\/secure.gravatar.com\\\/avatar\\\/b7c8925b09a27e72b30232f8ecaadbd5af0f70a38c78096863fe51b64f031c24?s=96&d=mm&r=g\",\"width\":96,\"height\":96,\"caption\":\"admin\"}},{\"@type\":\"WebPage\",\"@id\":\"https:\\\/\\\/www.rucashk.com\\\/pt\\\/produto\\\/xiaomi-so-white-ex3-toothbrush-heads-soocas-electric-sonic-ultrasonic-automatic-tooth-brush\\\/#webpage\",\"url\":\"https:\\\/\\\/www.rucashk.com\\\/pt\\\/produto\\\/xiaomi-so-white-ex3-toothbrush-heads-soocas-electric-sonic-ultrasonic-automatic-tooth-brush\\\/\",\"name\":\"Xiaomi So White Ex3 Toothbrush Heads Soocas Electric Sonic Ultrasonic Automatic Tooth Brush - Rucas - Wholesale and Distribution\",\"description\":\"Brand Name: Xiaomi Model Number: For Xiaomi So White Ex3 Toothbrush Heads State of Assembly: Ready-to-Go Scale: 1:5 Gyro: Soocas Electric Sonic Ultrasonic Automatic Tooth Brush Control Channels: 2 Channels Max Speed: Rechargeable Adult Waterproof\",\"inLanguage\":\"pt-PT\",\"isPartOf\":{\"@id\":\"https:\\\/\\\/www.rucashk.com\\\/pt\\\/#website\"},\"breadcrumb\":{\"@id\":\"https:\\\/\\\/www.rucashk.com\\\/pt\\\/produto\\\/xiaomi-so-white-ex3-toothbrush-heads-soocas-electric-sonic-ultrasonic-automatic-tooth-brush\\\/#breadcrumblist\"},\"author\":{\"@id\":\"https:\\\/\\\/www.rucashk.com\\\/pt\\\/author\\\/admin\\\/#author\"},\"creator\":{\"@id\":\"https:\\\/\\\/www.rucashk.com\\\/pt\\\/author\\\/admin\\\/#author\"},\"image\":{\"@type\":\"ImageObject\",\"url\":\"https:\\\/\\\/www.rucashk.com\\\/wp-content\\\/uploads\\\/2024\\\/01\\\/3_\\u526f\\u672c.jpg\",\"@id\":\"https:\\\/\\\/www.rucashk.com\\\/pt\\\/produto\\\/xiaomi-so-white-ex3-toothbrush-heads-soocas-electric-sonic-ultrasonic-automatic-tooth-brush\\\/#mainImage\",\"width\":800,\"height\":800},\"primaryImageOfPage\":{\"@id\":\"https:\\\/\\\/www.rucashk.com\\\/pt\\\/produto\\\/xiaomi-so-white-ex3-toothbrush-heads-soocas-electric-sonic-ultrasonic-automatic-tooth-brush\\\/#mainImage\"},\"datePublished\":\"2024-01-09T15:41:15+00:00\",\"dateModified\":\"2024-01-16T11:14:50+00:00\"},{\"@type\":\"WebSite\",\"@id\":\"https:\\\/\\\/www.rucashk.com\\\/pt\\\/#website\",\"url\":\"https:\\\/\\\/www.rucashk.com\\\/pt\\\/\",\"name\":\"Rucas - Wholesale and distribution worldwide\",\"alternateName\":\"Rucas - One-stop AIoT Distribution Worldwide\",\"description\":\"One-stop AIoT Distribution Worldwide\",\"inLanguage\":\"pt-PT\",\"publisher\":{\"@id\":\"https:\\\/\\\/www.rucashk.com\\\/pt\\\/#organization\"}}]}\n\t\t<\/script>\n\t\t<!-- All in One SEO Pro -->\r\n\t\t<title>Xiaomi So White Ex3 Toothbrush Heads Soocas Electric Sonic Ultrasonic Automatic Tooth Brush - Rucas - Wholesale and Distribution<\/title>\n\n","aioseo_head_json":{"title":"Xiaomi So White Ex3 Toothbrush Heads Soocas Electric Sonic Ultrasonic Automatic Tooth Brush - Rucas - Wholesale and Distribution","description":"Brand Name: Xiaomi Model Number: For Xiaomi So White Ex3 Toothbrush Heads State of Assembly: Ready-to-Go Scale: 1:5 Gyro: Soocas Electric Sonic Ultrasonic Automatic Tooth Brush Control Channels: 2 Channels Max Speed: Rechargeable Adult Waterproof","canonical_url":"https:\/\/www.rucashk.com\/pt\/produto\/xiaomi-so-white-ex3-toothbrush-heads-soocas-electric-sonic-ultrasonic-automatic-tooth-brush\/","robots":"max-image-preview:large","keywords":"","webmasterTools":{"miscellaneous":""},"og:locale":"pt_PT","og:site_name":"Rucas - One-stop AIoT Distribution Worldwide","og:type":"article","og:title":"Xiaomi So White Ex3 Toothbrush Heads Soocas Electric Sonic Ultrasonic Automatic Tooth Brush - Rucas - Wholesale and Distribution","og:description":"Brand Name: Xiaomi Model Number: For Xiaomi So White Ex3 Toothbrush Heads State of Assembly: Ready-to-Go Scale: 1:5 Gyro: Soocas Electric Sonic Ultrasonic Automatic Tooth Brush Control Channels: 2 Channels Max Speed: Rechargeable Adult Waterproof","og:url":"https:\/\/www.rucashk.com\/pt\/produto\/xiaomi-so-white-ex3-toothbrush-heads-soocas-electric-sonic-ultrasonic-automatic-tooth-brush\/","og:image":"https:\/\/www.rucashk.com\/wp-content\/uploads\/replace\/503b8e645f128a97ccde2b6290747646.jpeg","og:image:secure_url":"https:\/\/www.rucashk.com\/wp-content\/uploads\/replace\/503b8e645f128a97ccde2b6290747646.jpeg","og:image:width":1456,"og:image:height":816,"article:published_time":"2024-01-09T15:41:15+00:00","article:modified_time":"2024-01-16T11:14:50+00:00","twitter:card":"summary_large_image","twitter:title":"Xiaomi So White Ex3 Toothbrush Heads Soocas Electric Sonic Ultrasonic Automatic Tooth Brush - Rucas - Wholesale and Distribution","twitter:description":"Brand Name: Xiaomi Model Number: For Xiaomi So White Ex3 Toothbrush Heads State of Assembly: Ready-to-Go Scale: 1:5 Gyro: Soocas Electric Sonic Ultrasonic Automatic Tooth Brush Control Channels: 2 Channels Max Speed: Rechargeable Adult Waterproof","twitter:image":"https:\/\/www.rucashk.com\/wp-content\/uploads\/replace\/503b8e645f128a97ccde2b6290747646.jpeg","schema":{"@context":"https:\/\/schema.org","@graph":[{"@type":"BreadcrumbList","@id":"https:\/\/www.rucashk.com\/pt\/produto\/xiaomi-so-white-ex3-toothbrush-heads-soocas-electric-sonic-ultrasonic-automatic-tooth-brush\/#breadcrumblist","itemListElement":[{"@type":"ListItem","@id":"https:\/\/www.rucashk.com\/pt\/#listItem","position":1,"name":"Home","item":"https:\/\/www.rucashk.com\/pt\/","nextItem":"https:\/\/www.rucashk.com\/pt\/produto\/xiaomi-so-white-ex3-toothbrush-heads-soocas-electric-sonic-ultrasonic-automatic-tooth-brush\/#listItem"},{"@type":"ListItem","@id":"https:\/\/www.rucashk.com\/pt\/produto\/xiaomi-so-white-ex3-toothbrush-heads-soocas-electric-sonic-ultrasonic-automatic-tooth-brush\/#listItem","position":2,"name":"Xiaomi So White Ex3 Toothbrush Heads Soocas Electric Sonic Ultrasonic Automatic Tooth Brush","previousItem":"https:\/\/www.rucashk.com\/pt\/#listItem"}]},{"@type":"Organization","@id":"https:\/\/www.rucashk.com\/pt\/#organization","name":"Rucas","url":"https:\/\/www.rucashk.com\/pt\/","logo":{"@type":"ImageObject","url":"https:\/\/www.rucashk.com\/wp-content\/uploads\/2023\/12\/Rucas_campany_logo.png","@id":"https:\/\/www.rucashk.com\/pt\/produto\/xiaomi-so-white-ex3-toothbrush-heads-soocas-electric-sonic-ultrasonic-automatic-tooth-brush\/#organizationLogo","width":221,"height":65},"image":{"@id":"https:\/\/www.rucashk.com\/pt\/#organizationLogo"}},{"@type":"Person","@id":"https:\/\/www.rucashk.com\/pt\/author\/admin\/#author","url":"https:\/\/www.rucashk.com\/pt\/author\/admin\/","name":"admin","image":{"@type":"ImageObject","@id":"https:\/\/www.rucashk.com\/pt\/produto\/xiaomi-so-white-ex3-toothbrush-heads-soocas-electric-sonic-ultrasonic-automatic-tooth-brush\/#authorImage","url":"https:\/\/secure.gravatar.com\/avatar\/b7c8925b09a27e72b30232f8ecaadbd5af0f70a38c78096863fe51b64f031c24?s=96&d=mm&r=g","width":96,"height":96,"caption":"admin"}},{"@type":"WebPage","@id":"https:\/\/www.rucashk.com\/pt\/produto\/xiaomi-so-white-ex3-toothbrush-heads-soocas-electric-sonic-ultrasonic-automatic-tooth-brush\/#webpage","url":"https:\/\/www.rucashk.com\/pt\/produto\/xiaomi-so-white-ex3-toothbrush-heads-soocas-electric-sonic-ultrasonic-automatic-tooth-brush\/","name":"Xiaomi So White Ex3 Toothbrush Heads Soocas Electric Sonic Ultrasonic Automatic Tooth Brush - Rucas - Wholesale and Distribution","description":"Brand Name: Xiaomi Model Number: For Xiaomi So White Ex3 Toothbrush Heads State of Assembly: Ready-to-Go Scale: 1:5 Gyro: Soocas Electric Sonic Ultrasonic Automatic Tooth Brush Control Channels: 2 Channels Max Speed: Rechargeable Adult Waterproof","inLanguage":"pt-PT","isPartOf":{"@id":"https:\/\/www.rucashk.com\/pt\/#website"},"breadcrumb":{"@id":"https:\/\/www.rucashk.com\/pt\/produto\/xiaomi-so-white-ex3-toothbrush-heads-soocas-electric-sonic-ultrasonic-automatic-tooth-brush\/#breadcrumblist"},"author":{"@id":"https:\/\/www.rucashk.com\/pt\/author\/admin\/#author"},"creator":{"@id":"https:\/\/www.rucashk.com\/pt\/author\/admin\/#author"},"image":{"@type":"ImageObject","url":"https:\/\/www.rucashk.com\/wp-content\/uploads\/2024\/01\/3_\u526f\u672c.jpg","@id":"https:\/\/www.rucashk.com\/pt\/produto\/xiaomi-so-white-ex3-toothbrush-heads-soocas-electric-sonic-ultrasonic-automatic-tooth-brush\/#mainImage","width":800,"height":800},"primaryImageOfPage":{"@id":"https:\/\/www.rucashk.com\/pt\/produto\/xiaomi-so-white-ex3-toothbrush-heads-soocas-electric-sonic-ultrasonic-automatic-tooth-brush\/#mainImage"},"datePublished":"2024-01-09T15:41:15+00:00","dateModified":"2024-01-16T11:14:50+00:00"},{"@type":"WebSite","@id":"https:\/\/www.rucashk.com\/pt\/#website","url":"https:\/\/www.rucashk.com\/pt\/","name":"Rucas - Wholesale and distribution worldwide","alternateName":"Rucas - One-stop AIoT Distribution Worldwide","description":"One-stop AIoT Distribution Worldwide","inLanguage":"pt-PT","publisher":{"@id":"https:\/\/www.rucashk.com\/pt\/#organization"}}]}},"aioseo_meta_data":{"post_id":"22208","title":null,"description":null,"keywords":null,"keyphrases":null,"primary_term":null,"canonical_url":null,"og_title":null,"og_description":null,"og_object_type":"default","og_image_type":"default","og_image_url":null,"og_image_width":null,"og_image_height":null,"og_image_custom_url":null,"og_image_custom_fields":null,"og_video":null,"og_custom_url":null,"og_article_section":null,"og_article_tags":null,"twitter_use_og":false,"twitter_card":"default","twitter_image_type":"default","twitter_image_url":null,"twitter_image_custom_url":null,"twitter_image_custom_fields":null,"twitter_title":null,"twitter_description":null,"schema":{"blockGraphs":[],"customGraphs":[],"default":{"data":{"Article":[],"Course":[],"Dataset":[],"FAQPage":[],"Movie":[],"Person":[],"Product":[],"Recipe":[],"Service":[],"SoftwareApplication":[],"WebPage":[]},"graphName":"","isEnabled":true},"graphs":[]},"schema_type":"default","schema_type_options":null,"pillar_content":false,"robots_default":true,"robots_noindex":false,"robots_noarchive":false,"robots_nosnippet":false,"robots_nofollow":false,"robots_noimageindex":false,"robots_noodp":false,"robots_notranslate":false,"robots_max_snippet":null,"robots_max_videopreview":null,"robots_max_imagepreview":"large","priority":null,"frequency":null,"local_seo":null,"breadcrumb_settings":null,"limit_modified_date":false,"created":"2024-04-11 01:55:22","updated":"2025-06-22 16:38:55"},"aioseo_breadcrumb":"<div class=\"aioseo-breadcrumbs\"><span class=\"aioseo-breadcrumb\">\n\t<a href=\"https:\/\/www.rucashk.com\/pt\" title=\"Home\">Home<\/a>\n<\/span><span class=\"aioseo-breadcrumb-separator\">&raquo;<\/span><span class=\"aioseo-breadcrumb\">\n\t<a href=\"https:\/\/www.rucashk.com\/pt\/products\/\" title=\"Produtos\">Produtos<\/a>\n<\/span><span class=\"aioseo-breadcrumb-separator\">&raquo;<\/span><span class=\"aioseo-breadcrumb\">\n\t<a href=\"https:\/\/www.rucashk.com\/pt\/categoria-produto\/xiaomi-eco\/\" title=\"Xiaomi Eco\">Xiaomi Eco<\/a>\n<\/span><span class=\"aioseo-breadcrumb-separator\">&raquo;<\/span><span class=\"aioseo-breadcrumb\">\n\t<a href=\"https:\/\/www.rucashk.com\/pt\/categoria-produto\/xiaomi-eco\/personal-care\/\" title=\"Personal Care\">Personal Care<\/a>\n<\/span><span class=\"aioseo-breadcrumb-separator\">&raquo;<\/span><span class=\"aioseo-breadcrumb\">\n\tXiaomi So White Ex3 Toothbrush Heads Soocas Electric Sonic Ultrasonic Automatic Tooth Brush\n<\/span><\/div>","aioseo_breadcrumb_json":[{"label":"Home","link":"https:\/\/www.rucashk.com\/pt"},{"label":"Produtos","link":"https:\/\/www.rucashk.com\/pt\/products\/"},{"label":"Xiaomi Eco","link":"https:\/\/www.rucashk.com\/pt\/categoria-produto\/xiaomi-eco\/"},{"label":"Personal Care","link":"https:\/\/www.rucashk.com\/pt\/categoria-produto\/xiaomi-eco\/personal-care\/"},{"label":"Xiaomi So White Ex3 Toothbrush Heads Soocas Electric Sonic Ultrasonic Automatic Tooth Brush","link":"https:\/\/www.rucashk.com\/pt\/produto\/xiaomi-so-white-ex3-toothbrush-heads-soocas-electric-sonic-ultrasonic-automatic-tooth-brush\/"}],"_links":{"self":[{"href":"https:\/\/www.rucashk.com\/pt\/wp-json\/wp\/v2\/product\/22208","targetHints":{"allow":["GET"]}}],"collection":[{"href":"https:\/\/www.rucashk.com\/pt\/wp-json\/wp\/v2\/product"}],"about":[{"href":"https:\/\/www.rucashk.com\/pt\/wp-json\/wp\/v2\/types\/product"}],"wp:featuredmedia":[{"embeddable":true,"href":"https:\/\/www.rucashk.com\/pt\/wp-json\/wp\/v2\/media\/22341"}],"wp:attachment":[{"href":"https:\/\/www.rucashk.com\/pt\/wp-json\/wp\/v2\/media?parent=22208"}],"wp:term":[{"taxonomy":"product_brand","embeddable":true,"href":"https:\/\/www.rucashk.com\/pt\/wp-json\/wp\/v2\/product_brand?post=22208"},{"taxonomy":"product_cat","embeddable":true,"href":"https:\/\/www.rucashk.com\/pt\/wp-json\/wp\/v2\/product_cat?post=22208"},{"taxonomy":"product_tag","embeddable":true,"href":"https:\/\/www.rucashk.com\/pt\/wp-json\/wp\/v2\/product_tag?post=22208"}],"curies":[{"name":"wp","href":"https:\/\/api.w.org\/{rel}","templated":true}]}}