{"id":22204,"date":"2024-01-09T15:41:14","date_gmt":"2024-01-09T15:41:14","guid":{"rendered":"http:\/\/rucashk.com\/?post_type=product&#038;p=22204"},"modified":"2024-03-13T11:57:18","modified_gmt":"2024-03-13T11:57:18","slug":"soocas-w3-jets-nozzles-water-flosser-portable-electric-oral-irrgator-original-nozzle","status":"publish","type":"product","link":"https:\/\/www.rucashk.com\/pt\/produto\/soocas-w3-jets-nozzles-water-flosser-portable-electric-oral-irrgator-original-nozzle\/","title":{"rendered":"SOOCAS W3 Jatos Bicos \u00c1gua Flosser Port\u00e1til El\u00e9trico Oral Irrgator Bico Original"},"content":{"rendered":"<h3 style=\"text-align: center\">SOOCAS W3 jatos bicos de \u00e1gua flosser port\u00e1til el\u00e9trico irrigador oral bico original<\/h3>\n<p><img fetchpriority=\"high\" decoding=\"async\" class=\"alignnone\" src=\"\/wp-content\/uploads\/replace\/074322c575c66c07b768a4e3be8d5e9c.jpeg\" alt=\"SOOCAS W3 Jets Nozzles Water Flosser Portable Electric Oral Irrgator Original Nozzle\" width=\"1080\" height=\"1491\" \/><img decoding=\"async\" class=\"alignnone\" src=\"\/wp-content\/uploads\/replace\/373ea6b64d80350ec611c4bc6cdaf20c.jpeg\" alt=\"SOOCAS W3 Jets Nozzles Water Flosser Portable Electric Oral Irrgator Original Nozzle\" width=\"1080\" height=\"388\" \/><img decoding=\"async\" class=\"alignnone\" src=\"\/wp-content\/uploads\/replace\/6bf8d7c2825325c205fba6b9614e321c.jpeg\" alt=\"SOOCAS W3 Jets Nozzles Water Flosser Portable Electric Oral Irrgator Original Nozzle\" width=\"1000\" height=\"1484\" \/><img loading=\"lazy\" decoding=\"async\" class=\"alignnone\" src=\"\/wp-content\/uploads\/replace\/a2439f98bd74e6e3dc5bd7a3a286e673.jpeg\" alt=\"SOOCAS W3 Jets Nozzles Water Flosser Portable Electric Oral Irrgator Original Nozzle\" width=\"1080\" height=\"963\" \/><img loading=\"lazy\" decoding=\"async\" class=\"alignnone\" src=\"\/wp-content\/uploads\/replace\/c5be7aa0db9583f9801c20b4823bb7da.jpeg\" alt=\"SOOCAS W3 Jets Nozzles Water Flosser Portable Electric Oral Irrgator Original Nozzle\" width=\"1080\" height=\"782\" \/><img loading=\"lazy\" decoding=\"async\" class=\"alignnone\" src=\"\/wp-content\/uploads\/replace\/b7d73f84a8cecdc4bec1cb5593f24499.jpeg\" alt=\"SOOCAS W3 Jets Nozzles Water Flosser Portable Electric Oral Irrgator Original Nozzle\" width=\"960\" height=\"1490\" \/><\/p>","protected":false},"excerpt":{"rendered":"<ul class=\"product-specs-list util-clearfix\">\n<li class=\"product-prop line-limit-length\"><span class=\"property-title\" data-spm-anchor-id=\"a2g0o.detail.0.i10.9b0c3583O4dUra\">Marca:\u00a0<\/span><span class=\"property-desc line-limit-length\" title=\"SOOCAS\">SOOCAS<\/span><\/li>\n<li class=\"product-prop line-limit-length\"><span class=\"property-title\">Certifica\u00e7\u00e3o de Qualidade de Mercadorias:\u00a0<\/span><span class=\"property-desc line-limit-length\" title=\"3C\">3C<\/span><\/li>\n<li class=\"product-prop line-limit-length\"><span class=\"property-title\">Certifica\u00e7\u00e3o de Qualidade de Mercadorias:\u00a0<\/span><span class=\"property-desc line-limit-length\" title=\"ce\">ce<\/span><\/li>\n<li class=\"product-prop line-limit-length\"><span class=\"property-title\">Tipo:\u00a0<\/span><span class=\"property-desc line-limit-length\" title=\"Acess\u00f3rios\" data-spm-anchor-id=\"a2g0o.detail.0.i13.9b0c3583O4dUra\">Acess\u00f3rios<\/span><\/li>\n<li class=\"product-prop line-limit-length\"><span class=\"property-title\">Fonte de energia:\u00a0<\/span><span class=\"property-desc line-limit-length\" title=\"Bateria recarreg\u00e1vel\">Bateria recarreg\u00e1vel<\/span><\/li>\n<li class=\"product-prop line-limit-length\"><span class=\"property-title\">N\u00famero do modelo:\u00a0<\/span><span class=\"property-desc line-limit-length\" title=\"SOOCAS W3\">SOOCAS W3<\/span><\/li>\n<li class=\"product-prop line-limit-length\"><span class=\"property-title\">Tipo de item:\u00a0<\/span><span class=\"property-desc line-limit-length\" title=\"Irrigador Oral\">Irrigador Oral<\/span><\/li>\n<li class=\"product-prop line-limit-length\"><span class=\"property-title\">Grupo de idade:\u00a0<\/span><span class=\"property-desc line-limit-length\" title=\"Adultos\">Adultos<\/span><\/li>\n<li class=\"product-prop line-limit-length\"><span class=\"property-title\">Recurso:\u00a0<\/span><span class=\"property-desc line-limit-length\" title=\"Irrigador Oral Port\u00e1til\">Irrigador Oral Port\u00e1til<\/span><\/li>\n<li class=\"product-prop line-limit-length\"><span class=\"property-title\">Tipo:\u00a0<\/span><span class=\"property-desc line-limit-length\" title=\"fio dental el\u00e9trico\">fio dental el\u00e9trico<\/span><\/li>\n<li class=\"product-prop line-limit-length\"><span class=\"property-title\">jato:\u00a0<\/span><span class=\"property-desc line-limit-length\" title=\"Jatos padr\u00e3o SOOCAS\">Jatos padr\u00e3o SOOCAS<\/span><\/li>\n<li class=\"product-prop line-limit-length\"><span class=\"property-title\">bocal:\u00a0<\/span><span class=\"property-desc line-limit-length\" title=\"Bicos padr\u00e3o SOOCAS\">Bicos padr\u00e3o SOOCAS<\/span><\/li>\n<li class=\"product-prop line-limit-length\"><span class=\"property-title\">jatos:\u00a0<\/span><span class=\"property-desc line-limit-length\" title=\"para jatos padr\u00e3o originais Xiaomi\">para jatos padr\u00e3o originais Xiaomi<\/span><\/li>\n<li class=\"product-prop line-limit-length\" data-spm-anchor-id=\"a2g0o.detail.0.i11.9b0c3583O4dUra\"><span class=\"property-title\">bicos:\u00a0<\/span><span class=\"property-desc line-limit-length\" title=\"para bicos padr\u00e3o originais Xiaomi\" data-spm-anchor-id=\"a2g0o.detail.0.i12.9b0c3583O4dUra\">para bicos padr\u00e3o originais Xiaomi<\/span><\/li>\n<\/ul>","protected":false},"featured_media":22320,"template":"","meta":[],"product_brand":[],"product_cat":[1320,1305],"product_tag":[688,689],"class_list":{"0":"post-22204","1":"product","2":"type-product","3":"status-publish","4":"has-post-thumbnail","6":"product_cat-personal-care","7":"product_cat-xiaomi-eco","8":"product_tag-nozzles","9":"product_tag-oral-irrgator","11":"first","12":"instock","13":"shipping-taxable","14":"product-type-external"},"aioseo_notices":[],"aioseo_head":"\n\t\t<!-- All in One SEO Pro 4.5.9.2 - aioseo.com -->\n\t\t<meta name=\"description\" content=\"Brand Name: SOOCAS Commodity Quality Certification: 3C Commodity Quality Certification: ce Type: Accessories Power Source: Rechargeable Battery Model Number: SOOCAS W3 Item Type: Oral Irrigator Age Group: Adults Feature: Portable Oral Irrigator Type: electric water flosser jet: SOOCAS standard jets nozzle: SOOCAS standard nozzles jets: for Xiaomi original standard jets nozzles: for Xiaomi original standard nozzles\" \/>\n\t\t<meta name=\"robots\" content=\"max-image-preview:large\" \/>\n\t\t<link rel=\"canonical\" href=\"https:\/\/www.rucashk.com\/pt\/produto\/soocas-w3-jets-nozzles-water-flosser-portable-electric-oral-irrgator-original-nozzle\/\" \/>\n\t\t<meta name=\"generator\" content=\"All in One SEO Pro (AIOSEO) 4.5.9.2\" \/>\n\t\t<meta property=\"og:locale\" content=\"pt_PT\" \/>\n\t\t<meta property=\"og:site_name\" content=\"Rucas - One-stop AIoT Distribution Worldwide\" \/>\n\t\t<meta property=\"og:type\" content=\"article\" \/>\n\t\t<meta property=\"og:title\" content=\"SOOCAS W3 Jets Nozzles Water Flosser Portable Electric Oral Irrgator Original Nozzle - Rucas - Wholesale and Distribution\" \/>\n\t\t<meta property=\"og:description\" content=\"Brand Name: SOOCAS Commodity Quality Certification: 3C Commodity Quality Certification: ce Type: Accessories Power Source: Rechargeable Battery Model Number: SOOCAS W3 Item Type: Oral Irrigator Age Group: Adults Feature: Portable Oral Irrigator Type: electric water flosser jet: SOOCAS standard jets nozzle: SOOCAS standard nozzles jets: for Xiaomi original standard jets nozzles: for Xiaomi original standard nozzles\" \/>\n\t\t<meta property=\"og:url\" content=\"https:\/\/www.rucashk.com\/pt\/produto\/soocas-w3-jets-nozzles-water-flosser-portable-electric-oral-irrgator-original-nozzle\/\" \/>\n\t\t<meta property=\"og:image\" content=\"https:\/\/www.rucashk.com\/wp-content\/uploads\/replace\/503b8e645f128a97ccde2b6290747646.jpeg\" \/>\n\t\t<meta property=\"og:image:secure_url\" content=\"https:\/\/www.rucashk.com\/wp-content\/uploads\/replace\/503b8e645f128a97ccde2b6290747646.jpeg\" \/>\n\t\t<meta property=\"og:image:width\" content=\"1456\" \/>\n\t\t<meta property=\"og:image:height\" content=\"816\" \/>\n\t\t<meta property=\"article:published_time\" content=\"2024-01-09T15:41:14+00:00\" \/>\n\t\t<meta property=\"article:modified_time\" content=\"2024-03-13T11:57:18+00:00\" \/>\n\t\t<meta name=\"twitter:card\" content=\"summary_large_image\" \/>\n\t\t<meta name=\"twitter:title\" content=\"SOOCAS W3 Jets Nozzles Water Flosser Portable Electric Oral Irrgator Original Nozzle - Rucas - Wholesale and Distribution\" \/>\n\t\t<meta name=\"twitter:description\" content=\"Brand Name: SOOCAS Commodity Quality Certification: 3C Commodity Quality Certification: ce Type: Accessories Power Source: Rechargeable Battery Model Number: SOOCAS W3 Item Type: Oral Irrigator Age Group: Adults Feature: Portable Oral Irrigator Type: electric water flosser jet: SOOCAS standard jets nozzle: SOOCAS standard nozzles jets: for Xiaomi original standard jets nozzles: for Xiaomi original standard nozzles\" \/>\n\t\t<meta name=\"twitter:image\" content=\"https:\/\/www.rucashk.com\/wp-content\/uploads\/replace\/503b8e645f128a97ccde2b6290747646.jpeg\" \/>\n\t\t<script type=\"application\/ld+json\" class=\"aioseo-schema\">\n\t\t\t{\"@context\":\"https:\\\/\\\/schema.org\",\"@graph\":[{\"@type\":\"BreadcrumbList\",\"@id\":\"https:\\\/\\\/www.rucashk.com\\\/pt\\\/produto\\\/soocas-w3-jets-nozzles-water-flosser-portable-electric-oral-irrgator-original-nozzle\\\/#breadcrumblist\",\"itemListElement\":[{\"@type\":\"ListItem\",\"@id\":\"https:\\\/\\\/www.rucashk.com\\\/pt\\\/#listItem\",\"position\":1,\"name\":\"Home\",\"item\":\"https:\\\/\\\/www.rucashk.com\\\/pt\\\/\",\"nextItem\":\"https:\\\/\\\/www.rucashk.com\\\/pt\\\/produto\\\/soocas-w3-jets-nozzles-water-flosser-portable-electric-oral-irrgator-original-nozzle\\\/#listItem\"},{\"@type\":\"ListItem\",\"@id\":\"https:\\\/\\\/www.rucashk.com\\\/pt\\\/produto\\\/soocas-w3-jets-nozzles-water-flosser-portable-electric-oral-irrgator-original-nozzle\\\/#listItem\",\"position\":2,\"name\":\"SOOCAS W3 Jets Nozzles Water Flosser Portable Electric Oral Irrgator Original Nozzle\",\"previousItem\":\"https:\\\/\\\/www.rucashk.com\\\/pt\\\/#listItem\"}]},{\"@type\":\"Organization\",\"@id\":\"https:\\\/\\\/www.rucashk.com\\\/pt\\\/#organization\",\"name\":\"Rucas\",\"url\":\"https:\\\/\\\/www.rucashk.com\\\/pt\\\/\",\"logo\":{\"@type\":\"ImageObject\",\"url\":\"https:\\\/\\\/www.rucashk.com\\\/wp-content\\\/uploads\\\/2023\\\/12\\\/Rucas_campany_logo.png\",\"@id\":\"https:\\\/\\\/www.rucashk.com\\\/pt\\\/produto\\\/soocas-w3-jets-nozzles-water-flosser-portable-electric-oral-irrgator-original-nozzle\\\/#organizationLogo\",\"width\":221,\"height\":65},\"image\":{\"@id\":\"https:\\\/\\\/www.rucashk.com\\\/pt\\\/#organizationLogo\"}},{\"@type\":\"Person\",\"@id\":\"https:\\\/\\\/www.rucashk.com\\\/pt\\\/author\\\/admin\\\/#author\",\"url\":\"https:\\\/\\\/www.rucashk.com\\\/pt\\\/author\\\/admin\\\/\",\"name\":\"admin\",\"image\":{\"@type\":\"ImageObject\",\"@id\":\"https:\\\/\\\/www.rucashk.com\\\/pt\\\/produto\\\/soocas-w3-jets-nozzles-water-flosser-portable-electric-oral-irrgator-original-nozzle\\\/#authorImage\",\"url\":\"https:\\\/\\\/secure.gravatar.com\\\/avatar\\\/b7c8925b09a27e72b30232f8ecaadbd5af0f70a38c78096863fe51b64f031c24?s=96&d=mm&r=g\",\"width\":96,\"height\":96,\"caption\":\"admin\"}},{\"@type\":\"WebPage\",\"@id\":\"https:\\\/\\\/www.rucashk.com\\\/pt\\\/produto\\\/soocas-w3-jets-nozzles-water-flosser-portable-electric-oral-irrgator-original-nozzle\\\/#webpage\",\"url\":\"https:\\\/\\\/www.rucashk.com\\\/pt\\\/produto\\\/soocas-w3-jets-nozzles-water-flosser-portable-electric-oral-irrgator-original-nozzle\\\/\",\"name\":\"SOOCAS W3 Jets Nozzles Water Flosser Portable Electric Oral Irrgator Original Nozzle - Rucas - Wholesale and Distribution\",\"description\":\"Brand Name: SOOCAS Commodity Quality Certification: 3C Commodity Quality Certification: ce Type: Accessories Power Source: Rechargeable Battery Model Number: SOOCAS W3 Item Type: Oral Irrigator Age Group: Adults Feature: Portable Oral Irrigator Type: electric water flosser jet: SOOCAS standard jets nozzle: SOOCAS standard nozzles jets: for Xiaomi original standard jets nozzles: for Xiaomi original standard nozzles\",\"inLanguage\":\"pt-PT\",\"isPartOf\":{\"@id\":\"https:\\\/\\\/www.rucashk.com\\\/pt\\\/#website\"},\"breadcrumb\":{\"@id\":\"https:\\\/\\\/www.rucashk.com\\\/pt\\\/produto\\\/soocas-w3-jets-nozzles-water-flosser-portable-electric-oral-irrgator-original-nozzle\\\/#breadcrumblist\"},\"author\":{\"@id\":\"https:\\\/\\\/www.rucashk.com\\\/pt\\\/author\\\/admin\\\/#author\"},\"creator\":{\"@id\":\"https:\\\/\\\/www.rucashk.com\\\/pt\\\/author\\\/admin\\\/#author\"},\"image\":{\"@type\":\"ImageObject\",\"url\":\"https:\\\/\\\/www.rucashk.com\\\/wp-content\\\/uploads\\\/2024\\\/01\\\/4-4.jpg\",\"@id\":\"https:\\\/\\\/www.rucashk.com\\\/pt\\\/produto\\\/soocas-w3-jets-nozzles-water-flosser-portable-electric-oral-irrgator-original-nozzle\\\/#mainImage\",\"width\":800,\"height\":800},\"primaryImageOfPage\":{\"@id\":\"https:\\\/\\\/www.rucashk.com\\\/pt\\\/produto\\\/soocas-w3-jets-nozzles-water-flosser-portable-electric-oral-irrgator-original-nozzle\\\/#mainImage\"},\"datePublished\":\"2024-01-09T15:41:14+00:00\",\"dateModified\":\"2024-03-13T11:57:18+00:00\"},{\"@type\":\"WebSite\",\"@id\":\"https:\\\/\\\/www.rucashk.com\\\/pt\\\/#website\",\"url\":\"https:\\\/\\\/www.rucashk.com\\\/pt\\\/\",\"name\":\"Rucas - Wholesale and distribution worldwide\",\"alternateName\":\"Rucas - One-stop AIoT Distribution Worldwide\",\"description\":\"One-stop AIoT Distribution Worldwide\",\"inLanguage\":\"pt-PT\",\"publisher\":{\"@id\":\"https:\\\/\\\/www.rucashk.com\\\/pt\\\/#organization\"}}]}\n\t\t<\/script>\n\t\t<!-- All in One SEO Pro -->\r\n\t\t<title>SOOCAS W3 Jets Nozzles Water Flosser Portable Electric Oral Irrgator Original Nozzle - Rucas - Wholesale and Distribution<\/title>\n\n","aioseo_head_json":{"title":"SOOCAS W3 Jets Nozzles Water Flosser Portable Electric Oral Irrgator Original Nozzle - Rucas - Wholesale and Distribution","description":"Brand Name: SOOCAS Commodity Quality Certification: 3C Commodity Quality Certification: ce Type: Accessories Power Source: Rechargeable Battery Model Number: SOOCAS W3 Item Type: Oral Irrigator Age Group: Adults Feature: Portable Oral Irrigator Type: electric water flosser jet: SOOCAS standard jets nozzle: SOOCAS standard nozzles jets: for Xiaomi original standard jets nozzles: for Xiaomi original standard nozzles","canonical_url":"https:\/\/www.rucashk.com\/pt\/produto\/soocas-w3-jets-nozzles-water-flosser-portable-electric-oral-irrgator-original-nozzle\/","robots":"max-image-preview:large","keywords":"","webmasterTools":{"miscellaneous":""},"og:locale":"pt_PT","og:site_name":"Rucas - One-stop AIoT Distribution Worldwide","og:type":"article","og:title":"SOOCAS W3 Jets Nozzles Water Flosser Portable Electric Oral Irrgator Original Nozzle - Rucas - Wholesale and Distribution","og:description":"Brand Name: SOOCAS Commodity Quality Certification: 3C Commodity Quality Certification: ce Type: Accessories Power Source: Rechargeable Battery Model Number: SOOCAS W3 Item Type: Oral Irrigator Age Group: Adults Feature: Portable Oral Irrigator Type: electric water flosser jet: SOOCAS standard jets nozzle: SOOCAS standard nozzles jets: for Xiaomi original standard jets nozzles: for Xiaomi original standard nozzles","og:url":"https:\/\/www.rucashk.com\/pt\/produto\/soocas-w3-jets-nozzles-water-flosser-portable-electric-oral-irrgator-original-nozzle\/","og:image":"https:\/\/www.rucashk.com\/wp-content\/uploads\/replace\/503b8e645f128a97ccde2b6290747646.jpeg","og:image:secure_url":"https:\/\/www.rucashk.com\/wp-content\/uploads\/replace\/503b8e645f128a97ccde2b6290747646.jpeg","og:image:width":1456,"og:image:height":816,"article:published_time":"2024-01-09T15:41:14+00:00","article:modified_time":"2024-03-13T11:57:18+00:00","twitter:card":"summary_large_image","twitter:title":"SOOCAS W3 Jets Nozzles Water Flosser Portable Electric Oral Irrgator Original Nozzle - Rucas - Wholesale and Distribution","twitter:description":"Brand Name: SOOCAS Commodity Quality Certification: 3C Commodity Quality Certification: ce Type: Accessories Power Source: Rechargeable Battery Model Number: SOOCAS W3 Item Type: Oral Irrigator Age Group: Adults Feature: Portable Oral Irrigator Type: electric water flosser jet: SOOCAS standard jets nozzle: SOOCAS standard nozzles jets: for Xiaomi original standard jets nozzles: for Xiaomi original standard nozzles","twitter:image":"https:\/\/www.rucashk.com\/wp-content\/uploads\/replace\/503b8e645f128a97ccde2b6290747646.jpeg","schema":{"@context":"https:\/\/schema.org","@graph":[{"@type":"BreadcrumbList","@id":"https:\/\/www.rucashk.com\/pt\/produto\/soocas-w3-jets-nozzles-water-flosser-portable-electric-oral-irrgator-original-nozzle\/#breadcrumblist","itemListElement":[{"@type":"ListItem","@id":"https:\/\/www.rucashk.com\/pt\/#listItem","position":1,"name":"Home","item":"https:\/\/www.rucashk.com\/pt\/","nextItem":"https:\/\/www.rucashk.com\/pt\/produto\/soocas-w3-jets-nozzles-water-flosser-portable-electric-oral-irrgator-original-nozzle\/#listItem"},{"@type":"ListItem","@id":"https:\/\/www.rucashk.com\/pt\/produto\/soocas-w3-jets-nozzles-water-flosser-portable-electric-oral-irrgator-original-nozzle\/#listItem","position":2,"name":"SOOCAS W3 Jets Nozzles Water Flosser Portable Electric Oral Irrgator Original Nozzle","previousItem":"https:\/\/www.rucashk.com\/pt\/#listItem"}]},{"@type":"Organization","@id":"https:\/\/www.rucashk.com\/pt\/#organization","name":"Rucas","url":"https:\/\/www.rucashk.com\/pt\/","logo":{"@type":"ImageObject","url":"https:\/\/www.rucashk.com\/wp-content\/uploads\/2023\/12\/Rucas_campany_logo.png","@id":"https:\/\/www.rucashk.com\/pt\/produto\/soocas-w3-jets-nozzles-water-flosser-portable-electric-oral-irrgator-original-nozzle\/#organizationLogo","width":221,"height":65},"image":{"@id":"https:\/\/www.rucashk.com\/pt\/#organizationLogo"}},{"@type":"Person","@id":"https:\/\/www.rucashk.com\/pt\/author\/admin\/#author","url":"https:\/\/www.rucashk.com\/pt\/author\/admin\/","name":"admin","image":{"@type":"ImageObject","@id":"https:\/\/www.rucashk.com\/pt\/produto\/soocas-w3-jets-nozzles-water-flosser-portable-electric-oral-irrgator-original-nozzle\/#authorImage","url":"https:\/\/secure.gravatar.com\/avatar\/b7c8925b09a27e72b30232f8ecaadbd5af0f70a38c78096863fe51b64f031c24?s=96&d=mm&r=g","width":96,"height":96,"caption":"admin"}},{"@type":"WebPage","@id":"https:\/\/www.rucashk.com\/pt\/produto\/soocas-w3-jets-nozzles-water-flosser-portable-electric-oral-irrgator-original-nozzle\/#webpage","url":"https:\/\/www.rucashk.com\/pt\/produto\/soocas-w3-jets-nozzles-water-flosser-portable-electric-oral-irrgator-original-nozzle\/","name":"SOOCAS W3 Jets Nozzles Water Flosser Portable Electric Oral Irrgator Original Nozzle - Rucas - Wholesale and Distribution","description":"Brand Name: SOOCAS Commodity Quality Certification: 3C Commodity Quality Certification: ce Type: Accessories Power Source: Rechargeable Battery Model Number: SOOCAS W3 Item Type: Oral Irrigator Age Group: Adults Feature: Portable Oral Irrigator Type: electric water flosser jet: SOOCAS standard jets nozzle: SOOCAS standard nozzles jets: for Xiaomi original standard jets nozzles: for Xiaomi original standard nozzles","inLanguage":"pt-PT","isPartOf":{"@id":"https:\/\/www.rucashk.com\/pt\/#website"},"breadcrumb":{"@id":"https:\/\/www.rucashk.com\/pt\/produto\/soocas-w3-jets-nozzles-water-flosser-portable-electric-oral-irrgator-original-nozzle\/#breadcrumblist"},"author":{"@id":"https:\/\/www.rucashk.com\/pt\/author\/admin\/#author"},"creator":{"@id":"https:\/\/www.rucashk.com\/pt\/author\/admin\/#author"},"image":{"@type":"ImageObject","url":"https:\/\/www.rucashk.com\/wp-content\/uploads\/2024\/01\/4-4.jpg","@id":"https:\/\/www.rucashk.com\/pt\/produto\/soocas-w3-jets-nozzles-water-flosser-portable-electric-oral-irrgator-original-nozzle\/#mainImage","width":800,"height":800},"primaryImageOfPage":{"@id":"https:\/\/www.rucashk.com\/pt\/produto\/soocas-w3-jets-nozzles-water-flosser-portable-electric-oral-irrgator-original-nozzle\/#mainImage"},"datePublished":"2024-01-09T15:41:14+00:00","dateModified":"2024-03-13T11:57:18+00:00"},{"@type":"WebSite","@id":"https:\/\/www.rucashk.com\/pt\/#website","url":"https:\/\/www.rucashk.com\/pt\/","name":"Rucas - Wholesale and distribution worldwide","alternateName":"Rucas - One-stop AIoT Distribution Worldwide","description":"One-stop AIoT Distribution Worldwide","inLanguage":"pt-PT","publisher":{"@id":"https:\/\/www.rucashk.com\/pt\/#organization"}}]}},"aioseo_meta_data":{"post_id":"22204","title":null,"description":null,"keywords":null,"keyphrases":null,"primary_term":null,"canonical_url":null,"og_title":null,"og_description":null,"og_object_type":"default","og_image_type":"default","og_image_url":null,"og_image_width":null,"og_image_height":null,"og_image_custom_url":null,"og_image_custom_fields":null,"og_video":null,"og_custom_url":null,"og_article_section":null,"og_article_tags":null,"twitter_use_og":false,"twitter_card":"default","twitter_image_type":"default","twitter_image_url":null,"twitter_image_custom_url":null,"twitter_image_custom_fields":null,"twitter_title":null,"twitter_description":null,"schema":{"blockGraphs":[],"customGraphs":[],"default":{"data":{"Article":[],"Course":[],"Dataset":[],"FAQPage":[],"Movie":[],"Person":[],"Product":[],"Recipe":[],"Service":[],"SoftwareApplication":[],"WebPage":[]},"graphName":"","isEnabled":true},"graphs":[]},"schema_type":"default","schema_type_options":null,"pillar_content":false,"robots_default":true,"robots_noindex":false,"robots_noarchive":false,"robots_nosnippet":false,"robots_nofollow":false,"robots_noimageindex":false,"robots_noodp":false,"robots_notranslate":false,"robots_max_snippet":null,"robots_max_videopreview":null,"robots_max_imagepreview":"large","priority":null,"frequency":null,"local_seo":null,"breadcrumb_settings":null,"limit_modified_date":false,"created":"2024-04-11 01:55:22","updated":"2025-06-22 16:38:54"},"aioseo_breadcrumb":"<div class=\"aioseo-breadcrumbs\"><span class=\"aioseo-breadcrumb\">\n\t<a href=\"https:\/\/www.rucashk.com\/pt\" title=\"Home\">Home<\/a>\n<\/span><span class=\"aioseo-breadcrumb-separator\">&raquo;<\/span><span class=\"aioseo-breadcrumb\">\n\t<a href=\"https:\/\/www.rucashk.com\/pt\/products\/\" title=\"Produtos\">Produtos<\/a>\n<\/span><span class=\"aioseo-breadcrumb-separator\">&raquo;<\/span><span class=\"aioseo-breadcrumb\">\n\t<a href=\"https:\/\/www.rucashk.com\/pt\/categoria-produto\/xiaomi-eco\/\" title=\"Xiaomi Eco\">Xiaomi Eco<\/a>\n<\/span><span class=\"aioseo-breadcrumb-separator\">&raquo;<\/span><span class=\"aioseo-breadcrumb\">\n\t<a href=\"https:\/\/www.rucashk.com\/pt\/categoria-produto\/xiaomi-eco\/personal-care\/\" title=\"Personal Care\">Personal Care<\/a>\n<\/span><span class=\"aioseo-breadcrumb-separator\">&raquo;<\/span><span class=\"aioseo-breadcrumb\">\n\tSOOCAS W3 Jets Nozzles Water Flosser Portable Electric Oral Irrgator Original Nozzle\n<\/span><\/div>","aioseo_breadcrumb_json":[{"label":"Home","link":"https:\/\/www.rucashk.com\/pt"},{"label":"Produtos","link":"https:\/\/www.rucashk.com\/pt\/products\/"},{"label":"Xiaomi Eco","link":"https:\/\/www.rucashk.com\/pt\/categoria-produto\/xiaomi-eco\/"},{"label":"Personal Care","link":"https:\/\/www.rucashk.com\/pt\/categoria-produto\/xiaomi-eco\/personal-care\/"},{"label":"SOOCAS W3 Jets Nozzles Water Flosser Portable Electric Oral Irrgator Original Nozzle","link":"https:\/\/www.rucashk.com\/pt\/produto\/soocas-w3-jets-nozzles-water-flosser-portable-electric-oral-irrgator-original-nozzle\/"}],"_links":{"self":[{"href":"https:\/\/www.rucashk.com\/pt\/wp-json\/wp\/v2\/product\/22204","targetHints":{"allow":["GET"]}}],"collection":[{"href":"https:\/\/www.rucashk.com\/pt\/wp-json\/wp\/v2\/product"}],"about":[{"href":"https:\/\/www.rucashk.com\/pt\/wp-json\/wp\/v2\/types\/product"}],"wp:featuredmedia":[{"embeddable":true,"href":"https:\/\/www.rucashk.com\/pt\/wp-json\/wp\/v2\/media\/22320"}],"wp:attachment":[{"href":"https:\/\/www.rucashk.com\/pt\/wp-json\/wp\/v2\/media?parent=22204"}],"wp:term":[{"taxonomy":"product_brand","embeddable":true,"href":"https:\/\/www.rucashk.com\/pt\/wp-json\/wp\/v2\/product_brand?post=22204"},{"taxonomy":"product_cat","embeddable":true,"href":"https:\/\/www.rucashk.com\/pt\/wp-json\/wp\/v2\/product_cat?post=22204"},{"taxonomy":"product_tag","embeddable":true,"href":"https:\/\/www.rucashk.com\/pt\/wp-json\/wp\/v2\/product_tag?post=22204"}],"curies":[{"name":"wp","href":"https:\/\/api.w.org\/{rel}","templated":true}]}}