{"id":22179,"date":"2024-01-09T15:40:52","date_gmt":"2024-01-09T15:40:52","guid":{"rendered":"http:\/\/rucashk.com\/?post_type=product&#038;p=22179"},"modified":"2024-03-13T13:12:45","modified_gmt":"2024-03-13T13:12:45","slug":"inface-facial-cleansing-brush-upgrade-version-mijia-electric-sonic-face-brush","status":"publish","type":"product","link":"https:\/\/www.rucashk.com\/pt\/produto\/inface-facial-cleansing-brush-upgrade-version-mijia-electric-sonic-face-brush\/","title":{"rendered":"Escova de limpeza facial Inface Vers\u00e3o atualizada Mijia Escova facial s\u00f4nica el\u00e9trica"},"content":{"rendered":"<h3 style=\"text-align: center\">Escova de limpeza facial Inface Vers\u00e3o atualizada Mijia Escova facial s\u00f4nica el\u00e9trica<\/h3>\n<p><img fetchpriority=\"high\" decoding=\"async\" class=\"alignnone\" src=\"\/wp-content\/uploads\/replace\/8f3ac8c670c5922a7a4b14bb63ba0c73.jpeg\" alt=\"Inface Facial Cleansing Brush Upgrade Version Mijia Electric Sonic Face Brush\" width=\"960\" height=\"1322\" \/><img decoding=\"async\" class=\"alignnone\" src=\"\/wp-content\/uploads\/replace\/7254efc66af3715feaa3eebcff70b1eb.jpeg\" alt=\"Inface Facial Cleansing Brush Upgrade Version Mijia Electric Sonic Face Brush\" width=\"960\" height=\"862\" \/><img decoding=\"async\" class=\"alignnone\" src=\"\/wp-content\/uploads\/replace\/ee0ce67db313ab08c934822830203aad.jpeg\" alt=\"Inface Facial Cleansing Brush Upgrade Version Mijia Electric Sonic Face Brush\" width=\"960\" height=\"1353\" \/><img loading=\"lazy\" decoding=\"async\" class=\"alignnone\" src=\"\/wp-content\/uploads\/replace\/5f5ccc505fd1ecda641cef52445b0a13.jpeg\" alt=\"Inface Facial Cleansing Brush Upgrade Version Mijia Electric Sonic Face Brush\" width=\"960\" height=\"1293\" \/><img loading=\"lazy\" decoding=\"async\" class=\"alignnone\" src=\"\/wp-content\/uploads\/replace\/3da0644611c5cc5783a1d2894f057271.jpeg\" alt=\"Inface Facial Cleansing Brush Upgrade Version Mijia Electric Sonic Face Brush\" width=\"960\" height=\"1357\" \/><img loading=\"lazy\" decoding=\"async\" class=\"alignnone\" src=\"\/wp-content\/uploads\/replace\/26f61234aaa5a9fad12afa54bc44927a.jpeg\" alt=\"Inface Facial Cleansing Brush Upgrade Version Mijia Electric Sonic Face Brush\" width=\"960\" height=\"1333\" \/><img loading=\"lazy\" decoding=\"async\" class=\"alignnone\" src=\"\/wp-content\/uploads\/replace\/cf011f6734c944b6f027fce03d378fb5.jpeg\" alt=\"Inface Facial Cleansing Brush Upgrade Version Mijia Electric Sonic Face Brush\" width=\"960\" height=\"1356\" \/><img loading=\"lazy\" decoding=\"async\" class=\"alignnone\" src=\"\/wp-content\/uploads\/replace\/17eb895fcb0ce7e386fbe46394fc7985.jpeg\" alt=\"Inface Facial Cleansing Brush Upgrade Version Mijia Electric Sonic Face Brush\" width=\"960\" height=\"1163\" \/><img loading=\"lazy\" decoding=\"async\" class=\"alignnone\" src=\"\/wp-content\/uploads\/replace\/55f57a8b175fd6e698b2f1880ffc3b73.jpeg\" alt=\"Inface Facial Cleansing Brush Upgrade Version Mijia Electric Sonic Face Brush\" width=\"960\" height=\"1457\" \/><img loading=\"lazy\" decoding=\"async\" class=\"alignnone\" src=\"\/wp-content\/uploads\/replace\/7bc5a91490dc9e63fcb6cd57ab2385fd.jpeg\" alt=\"Inface Facial Cleansing Brush Upgrade Version Mijia Electric Sonic Face Brush\" width=\"960\" height=\"1843\" \/><\/p>\n<p><strong>Fun\u00e7\u00e3o de atualiza\u00e7\u00e3o: <\/strong><\/p>\n<p>1. Cinco engrenagens, adicionando uma engrenagem macia e confort\u00e1vel para suavizar a pele.<\/p>\n<p>2. O material \u00e9 atualizado. O material do produto \u00e9 feito de s\u00edlica gel de qualidade comest\u00edvel. \u00c9 certificado pelo FDA dos EUA e \u00e9 mais confi\u00e1vel de usar.<\/p>\n<p>3. Atualiza\u00e7\u00e3o de desempenho, nova fun\u00e7\u00e3o de lembrete inteligente. Neste modo, ele ir\u00e1 parar por 1s a cada 3s, lembrando voc\u00ea de trocar as pe\u00e7as. H\u00e1 tamb\u00e9m um modo de limpeza s\u00f4nica de temporiza\u00e7\u00e3o 90S. Limpeza inteligente, limpeza profunda.<\/p>\n<p>4. A vers\u00e3o atualizada do instrumento de limpeza foi bem recebida pela maioria das estrelas adultas na China. Us\u00e1-lo equivale a um servi\u00e7o de sal\u00e3o de beleza confort\u00e1vel e confort\u00e1vel.<\/p>","protected":false},"excerpt":{"rendered":"<p><strong>Fun\u00e7\u00e3o de atualiza\u00e7\u00e3o: <\/strong><\/p>\n<p>1. Cinco engrenagens, adicionando uma engrenagem macia e confort\u00e1vel para suavizar a pele.<\/p>\n<p>2. O material \u00e9 atualizado. O material do produto \u00e9 feito de s\u00edlica gel de qualidade comest\u00edvel. \u00c9 certificado pelo FDA dos EUA e \u00e9 mais confi\u00e1vel de usar.<\/p>\n<p>3. Atualiza\u00e7\u00e3o de desempenho, nova fun\u00e7\u00e3o de lembrete inteligente. Neste modo, ele ir\u00e1 parar por 1s a cada 3s, lembrando voc\u00ea de trocar as pe\u00e7as. H\u00e1 tamb\u00e9m um modo de limpeza s\u00f4nica de temporiza\u00e7\u00e3o 90S. Limpeza inteligente, limpeza profunda.<\/p>\n<p>4. A vers\u00e3o atualizada do instrumento de limpeza foi bem recebida pela maioria das estrelas adultas na China. Us\u00e1-lo equivale a um servi\u00e7o de sal\u00e3o de beleza confort\u00e1vel e confort\u00e1vel.<\/p>","protected":false},"featured_media":22291,"template":"","meta":[],"product_brand":[],"product_cat":[1320,1305],"product_tag":[682,498],"class_list":{"0":"post-22179","1":"product","2":"type-product","3":"status-publish","4":"has-post-thumbnail","6":"product_cat-personal-care","7":"product_cat-xiaomi-eco","8":"product_tag-cleansing-brush","9":"product_tag-mijia","11":"first","12":"instock","13":"shipping-taxable","14":"product-type-simple"},"aioseo_notices":[],"aioseo_head":"\n\t\t<!-- All in One SEO Pro 4.5.9.2 - aioseo.com -->\n\t\t<meta name=\"description\" content=\"Upgrade function: 1. Five Gears, Adding A Soft And Comfortable Gear To Soften The Skin. 2. The material is upgraded. The material of the product is made of edible grade silica gel. It is certified by the US FDA and is more reliable to use. 3. Performance upgrade, new smart reminder function. In this mode, it will stop for 1s every 3s, reminding you to change parts. There is also a 90S timing sonic cleaning mode. Smart cleansing, deep cleansing. 4. The Upgraded Version Of The Cleansing Instrument Has Been Welcomed By Most Adult Stars In China. Using It Is Equivalent To A Comfortable And Comfortable Beauty Salon Service.\" \/>\n\t\t<meta name=\"robots\" content=\"max-image-preview:large\" \/>\n\t\t<link rel=\"canonical\" href=\"https:\/\/www.rucashk.com\/pt\/produto\/inface-facial-cleansing-brush-upgrade-version-mijia-electric-sonic-face-brush\/\" \/>\n\t\t<meta name=\"generator\" content=\"All in One SEO Pro (AIOSEO) 4.5.9.2\" \/>\n\t\t<meta property=\"og:locale\" content=\"pt_PT\" \/>\n\t\t<meta property=\"og:site_name\" content=\"Rucas - One-stop AIoT Distribution Worldwide\" \/>\n\t\t<meta property=\"og:type\" content=\"article\" \/>\n\t\t<meta property=\"og:title\" content=\"Inface Facial Cleansing Brush Upgrade Version Mijia Electric Sonic Face Brush - Rucas - Wholesale and Distribution\" \/>\n\t\t<meta property=\"og:description\" content=\"Upgrade function: 1. Five Gears, Adding A Soft And Comfortable Gear To Soften The Skin. 2. The material is upgraded. The material of the product is made of edible grade silica gel. It is certified by the US FDA and is more reliable to use. 3. Performance upgrade, new smart reminder function. In this mode, it will stop for 1s every 3s, reminding you to change parts. There is also a 90S timing sonic cleaning mode. Smart cleansing, deep cleansing. 4. The Upgraded Version Of The Cleansing Instrument Has Been Welcomed By Most Adult Stars In China. Using It Is Equivalent To A Comfortable And Comfortable Beauty Salon Service.\" \/>\n\t\t<meta property=\"og:url\" content=\"https:\/\/www.rucashk.com\/pt\/produto\/inface-facial-cleansing-brush-upgrade-version-mijia-electric-sonic-face-brush\/\" \/>\n\t\t<meta property=\"og:image\" content=\"https:\/\/www.rucashk.com\/wp-content\/uploads\/replace\/503b8e645f128a97ccde2b6290747646.jpeg\" \/>\n\t\t<meta property=\"og:image:secure_url\" content=\"https:\/\/www.rucashk.com\/wp-content\/uploads\/replace\/503b8e645f128a97ccde2b6290747646.jpeg\" \/>\n\t\t<meta property=\"og:image:width\" content=\"1456\" \/>\n\t\t<meta property=\"og:image:height\" content=\"816\" \/>\n\t\t<meta property=\"article:published_time\" content=\"2024-01-09T15:40:52+00:00\" \/>\n\t\t<meta property=\"article:modified_time\" content=\"2024-03-13T13:12:45+00:00\" \/>\n\t\t<meta name=\"twitter:card\" content=\"summary_large_image\" \/>\n\t\t<meta name=\"twitter:title\" content=\"Inface Facial Cleansing Brush Upgrade Version Mijia Electric Sonic Face Brush - Rucas - Wholesale and Distribution\" \/>\n\t\t<meta name=\"twitter:description\" content=\"Upgrade function: 1. Five Gears, Adding A Soft And Comfortable Gear To Soften The Skin. 2. The material is upgraded. The material of the product is made of edible grade silica gel. It is certified by the US FDA and is more reliable to use. 3. Performance upgrade, new smart reminder function. In this mode, it will stop for 1s every 3s, reminding you to change parts. There is also a 90S timing sonic cleaning mode. Smart cleansing, deep cleansing. 4. The Upgraded Version Of The Cleansing Instrument Has Been Welcomed By Most Adult Stars In China. Using It Is Equivalent To A Comfortable And Comfortable Beauty Salon Service.\" \/>\n\t\t<meta name=\"twitter:image\" content=\"https:\/\/www.rucashk.com\/wp-content\/uploads\/replace\/503b8e645f128a97ccde2b6290747646.jpeg\" \/>\n\t\t<script type=\"application\/ld+json\" class=\"aioseo-schema\">\n\t\t\t{\"@context\":\"https:\\\/\\\/schema.org\",\"@graph\":[{\"@type\":\"BreadcrumbList\",\"@id\":\"https:\\\/\\\/www.rucashk.com\\\/pt\\\/produto\\\/inface-facial-cleansing-brush-upgrade-version-mijia-electric-sonic-face-brush\\\/#breadcrumblist\",\"itemListElement\":[{\"@type\":\"ListItem\",\"@id\":\"https:\\\/\\\/www.rucashk.com\\\/pt\\\/#listItem\",\"position\":1,\"name\":\"Home\",\"item\":\"https:\\\/\\\/www.rucashk.com\\\/pt\\\/\",\"nextItem\":\"https:\\\/\\\/www.rucashk.com\\\/pt\\\/produto\\\/inface-facial-cleansing-brush-upgrade-version-mijia-electric-sonic-face-brush\\\/#listItem\"},{\"@type\":\"ListItem\",\"@id\":\"https:\\\/\\\/www.rucashk.com\\\/pt\\\/produto\\\/inface-facial-cleansing-brush-upgrade-version-mijia-electric-sonic-face-brush\\\/#listItem\",\"position\":2,\"name\":\"Inface Facial Cleansing Brush Upgrade Version Mijia Electric Sonic Face Brush\",\"previousItem\":\"https:\\\/\\\/www.rucashk.com\\\/pt\\\/#listItem\"}]},{\"@type\":\"Organization\",\"@id\":\"https:\\\/\\\/www.rucashk.com\\\/pt\\\/#organization\",\"name\":\"Rucas\",\"url\":\"https:\\\/\\\/www.rucashk.com\\\/pt\\\/\",\"logo\":{\"@type\":\"ImageObject\",\"url\":\"https:\\\/\\\/www.rucashk.com\\\/wp-content\\\/uploads\\\/2023\\\/12\\\/Rucas_campany_logo.png\",\"@id\":\"https:\\\/\\\/www.rucashk.com\\\/pt\\\/produto\\\/inface-facial-cleansing-brush-upgrade-version-mijia-electric-sonic-face-brush\\\/#organizationLogo\",\"width\":221,\"height\":65},\"image\":{\"@id\":\"https:\\\/\\\/www.rucashk.com\\\/pt\\\/#organizationLogo\"}},{\"@type\":\"Person\",\"@id\":\"https:\\\/\\\/www.rucashk.com\\\/pt\\\/author\\\/admin\\\/#author\",\"url\":\"https:\\\/\\\/www.rucashk.com\\\/pt\\\/author\\\/admin\\\/\",\"name\":\"admin\",\"image\":{\"@type\":\"ImageObject\",\"@id\":\"https:\\\/\\\/www.rucashk.com\\\/pt\\\/produto\\\/inface-facial-cleansing-brush-upgrade-version-mijia-electric-sonic-face-brush\\\/#authorImage\",\"url\":\"https:\\\/\\\/secure.gravatar.com\\\/avatar\\\/b7c8925b09a27e72b30232f8ecaadbd5af0f70a38c78096863fe51b64f031c24?s=96&d=mm&r=g\",\"width\":96,\"height\":96,\"caption\":\"admin\"}},{\"@type\":\"WebPage\",\"@id\":\"https:\\\/\\\/www.rucashk.com\\\/pt\\\/produto\\\/inface-facial-cleansing-brush-upgrade-version-mijia-electric-sonic-face-brush\\\/#webpage\",\"url\":\"https:\\\/\\\/www.rucashk.com\\\/pt\\\/produto\\\/inface-facial-cleansing-brush-upgrade-version-mijia-electric-sonic-face-brush\\\/\",\"name\":\"Inface Facial Cleansing Brush Upgrade Version Mijia Electric Sonic Face Brush - Rucas - Wholesale and Distribution\",\"description\":\"Upgrade function: 1. Five Gears, Adding A Soft And Comfortable Gear To Soften The Skin. 2. The material is upgraded. The material of the product is made of edible grade silica gel. It is certified by the US FDA and is more reliable to use. 3. Performance upgrade, new smart reminder function. In this mode, it will stop for 1s every 3s, reminding you to change parts. There is also a 90S timing sonic cleaning mode. Smart cleansing, deep cleansing. 4. The Upgraded Version Of The Cleansing Instrument Has Been Welcomed By Most Adult Stars In China. Using It Is Equivalent To A Comfortable And Comfortable Beauty Salon Service.\",\"inLanguage\":\"pt-PT\",\"isPartOf\":{\"@id\":\"https:\\\/\\\/www.rucashk.com\\\/pt\\\/#website\"},\"breadcrumb\":{\"@id\":\"https:\\\/\\\/www.rucashk.com\\\/pt\\\/produto\\\/inface-facial-cleansing-brush-upgrade-version-mijia-electric-sonic-face-brush\\\/#breadcrumblist\"},\"author\":{\"@id\":\"https:\\\/\\\/www.rucashk.com\\\/pt\\\/author\\\/admin\\\/#author\"},\"creator\":{\"@id\":\"https:\\\/\\\/www.rucashk.com\\\/pt\\\/author\\\/admin\\\/#author\"},\"image\":{\"@type\":\"ImageObject\",\"url\":\"https:\\\/\\\/www.rucashk.com\\\/wp-content\\\/uploads\\\/2024\\\/01\\\/4.1-2-1.jpg\",\"@id\":\"https:\\\/\\\/www.rucashk.com\\\/pt\\\/produto\\\/inface-facial-cleansing-brush-upgrade-version-mijia-electric-sonic-face-brush\\\/#mainImage\",\"width\":800,\"height\":800},\"primaryImageOfPage\":{\"@id\":\"https:\\\/\\\/www.rucashk.com\\\/pt\\\/produto\\\/inface-facial-cleansing-brush-upgrade-version-mijia-electric-sonic-face-brush\\\/#mainImage\"},\"datePublished\":\"2024-01-09T15:40:52+00:00\",\"dateModified\":\"2024-03-13T13:12:45+00:00\"},{\"@type\":\"WebSite\",\"@id\":\"https:\\\/\\\/www.rucashk.com\\\/pt\\\/#website\",\"url\":\"https:\\\/\\\/www.rucashk.com\\\/pt\\\/\",\"name\":\"Rucas - Wholesale and distribution worldwide\",\"alternateName\":\"Rucas - One-stop AIoT Distribution Worldwide\",\"description\":\"One-stop AIoT Distribution Worldwide\",\"inLanguage\":\"pt-PT\",\"publisher\":{\"@id\":\"https:\\\/\\\/www.rucashk.com\\\/pt\\\/#organization\"}}]}\n\t\t<\/script>\n\t\t<!-- All in One SEO Pro -->\r\n\t\t<title>Inface Facial Cleansing Brush Upgrade Version Mijia Electric Sonic Face Brush - Rucas - Wholesale and Distribution<\/title>\n\n","aioseo_head_json":{"title":"Inface Facial Cleansing Brush Upgrade Version Mijia Electric Sonic Face Brush - Rucas - Wholesale and Distribution","description":"Upgrade function: 1. Five Gears, Adding A Soft And Comfortable Gear To Soften The Skin. 2. The material is upgraded. The material of the product is made of edible grade silica gel. It is certified by the US FDA and is more reliable to use. 3. Performance upgrade, new smart reminder function. In this mode, it will stop for 1s every 3s, reminding you to change parts. There is also a 90S timing sonic cleaning mode. Smart cleansing, deep cleansing. 4. The Upgraded Version Of The Cleansing Instrument Has Been Welcomed By Most Adult Stars In China. Using It Is Equivalent To A Comfortable And Comfortable Beauty Salon Service.","canonical_url":"https:\/\/www.rucashk.com\/pt\/produto\/inface-facial-cleansing-brush-upgrade-version-mijia-electric-sonic-face-brush\/","robots":"max-image-preview:large","keywords":"","webmasterTools":{"miscellaneous":""},"og:locale":"pt_PT","og:site_name":"Rucas - One-stop AIoT Distribution Worldwide","og:type":"article","og:title":"Inface Facial Cleansing Brush Upgrade Version Mijia Electric Sonic Face Brush - Rucas - Wholesale and Distribution","og:description":"Upgrade function: 1. Five Gears, Adding A Soft And Comfortable Gear To Soften The Skin. 2. The material is upgraded. The material of the product is made of edible grade silica gel. It is certified by the US FDA and is more reliable to use. 3. Performance upgrade, new smart reminder function. In this mode, it will stop for 1s every 3s, reminding you to change parts. There is also a 90S timing sonic cleaning mode. Smart cleansing, deep cleansing. 4. The Upgraded Version Of The Cleansing Instrument Has Been Welcomed By Most Adult Stars In China. Using It Is Equivalent To A Comfortable And Comfortable Beauty Salon Service.","og:url":"https:\/\/www.rucashk.com\/pt\/produto\/inface-facial-cleansing-brush-upgrade-version-mijia-electric-sonic-face-brush\/","og:image":"https:\/\/www.rucashk.com\/wp-content\/uploads\/replace\/503b8e645f128a97ccde2b6290747646.jpeg","og:image:secure_url":"https:\/\/www.rucashk.com\/wp-content\/uploads\/replace\/503b8e645f128a97ccde2b6290747646.jpeg","og:image:width":1456,"og:image:height":816,"article:published_time":"2024-01-09T15:40:52+00:00","article:modified_time":"2024-03-13T13:12:45+00:00","twitter:card":"summary_large_image","twitter:title":"Inface Facial Cleansing Brush Upgrade Version Mijia Electric Sonic Face Brush - Rucas - Wholesale and Distribution","twitter:description":"Upgrade function: 1. Five Gears, Adding A Soft And Comfortable Gear To Soften The Skin. 2. The material is upgraded. The material of the product is made of edible grade silica gel. It is certified by the US FDA and is more reliable to use. 3. Performance upgrade, new smart reminder function. In this mode, it will stop for 1s every 3s, reminding you to change parts. There is also a 90S timing sonic cleaning mode. Smart cleansing, deep cleansing. 4. The Upgraded Version Of The Cleansing Instrument Has Been Welcomed By Most Adult Stars In China. Using It Is Equivalent To A Comfortable And Comfortable Beauty Salon Service.","twitter:image":"https:\/\/www.rucashk.com\/wp-content\/uploads\/replace\/503b8e645f128a97ccde2b6290747646.jpeg","schema":{"@context":"https:\/\/schema.org","@graph":[{"@type":"BreadcrumbList","@id":"https:\/\/www.rucashk.com\/pt\/produto\/inface-facial-cleansing-brush-upgrade-version-mijia-electric-sonic-face-brush\/#breadcrumblist","itemListElement":[{"@type":"ListItem","@id":"https:\/\/www.rucashk.com\/pt\/#listItem","position":1,"name":"Home","item":"https:\/\/www.rucashk.com\/pt\/","nextItem":"https:\/\/www.rucashk.com\/pt\/produto\/inface-facial-cleansing-brush-upgrade-version-mijia-electric-sonic-face-brush\/#listItem"},{"@type":"ListItem","@id":"https:\/\/www.rucashk.com\/pt\/produto\/inface-facial-cleansing-brush-upgrade-version-mijia-electric-sonic-face-brush\/#listItem","position":2,"name":"Inface Facial Cleansing Brush Upgrade Version Mijia Electric Sonic Face Brush","previousItem":"https:\/\/www.rucashk.com\/pt\/#listItem"}]},{"@type":"Organization","@id":"https:\/\/www.rucashk.com\/pt\/#organization","name":"Rucas","url":"https:\/\/www.rucashk.com\/pt\/","logo":{"@type":"ImageObject","url":"https:\/\/www.rucashk.com\/wp-content\/uploads\/2023\/12\/Rucas_campany_logo.png","@id":"https:\/\/www.rucashk.com\/pt\/produto\/inface-facial-cleansing-brush-upgrade-version-mijia-electric-sonic-face-brush\/#organizationLogo","width":221,"height":65},"image":{"@id":"https:\/\/www.rucashk.com\/pt\/#organizationLogo"}},{"@type":"Person","@id":"https:\/\/www.rucashk.com\/pt\/author\/admin\/#author","url":"https:\/\/www.rucashk.com\/pt\/author\/admin\/","name":"admin","image":{"@type":"ImageObject","@id":"https:\/\/www.rucashk.com\/pt\/produto\/inface-facial-cleansing-brush-upgrade-version-mijia-electric-sonic-face-brush\/#authorImage","url":"https:\/\/secure.gravatar.com\/avatar\/b7c8925b09a27e72b30232f8ecaadbd5af0f70a38c78096863fe51b64f031c24?s=96&d=mm&r=g","width":96,"height":96,"caption":"admin"}},{"@type":"WebPage","@id":"https:\/\/www.rucashk.com\/pt\/produto\/inface-facial-cleansing-brush-upgrade-version-mijia-electric-sonic-face-brush\/#webpage","url":"https:\/\/www.rucashk.com\/pt\/produto\/inface-facial-cleansing-brush-upgrade-version-mijia-electric-sonic-face-brush\/","name":"Inface Facial Cleansing Brush Upgrade Version Mijia Electric Sonic Face Brush - Rucas - Wholesale and Distribution","description":"Upgrade function: 1. Five Gears, Adding A Soft And Comfortable Gear To Soften The Skin. 2. The material is upgraded. The material of the product is made of edible grade silica gel. It is certified by the US FDA and is more reliable to use. 3. Performance upgrade, new smart reminder function. In this mode, it will stop for 1s every 3s, reminding you to change parts. There is also a 90S timing sonic cleaning mode. Smart cleansing, deep cleansing. 4. The Upgraded Version Of The Cleansing Instrument Has Been Welcomed By Most Adult Stars In China. Using It Is Equivalent To A Comfortable And Comfortable Beauty Salon Service.","inLanguage":"pt-PT","isPartOf":{"@id":"https:\/\/www.rucashk.com\/pt\/#website"},"breadcrumb":{"@id":"https:\/\/www.rucashk.com\/pt\/produto\/inface-facial-cleansing-brush-upgrade-version-mijia-electric-sonic-face-brush\/#breadcrumblist"},"author":{"@id":"https:\/\/www.rucashk.com\/pt\/author\/admin\/#author"},"creator":{"@id":"https:\/\/www.rucashk.com\/pt\/author\/admin\/#author"},"image":{"@type":"ImageObject","url":"https:\/\/www.rucashk.com\/wp-content\/uploads\/2024\/01\/4.1-2-1.jpg","@id":"https:\/\/www.rucashk.com\/pt\/produto\/inface-facial-cleansing-brush-upgrade-version-mijia-electric-sonic-face-brush\/#mainImage","width":800,"height":800},"primaryImageOfPage":{"@id":"https:\/\/www.rucashk.com\/pt\/produto\/inface-facial-cleansing-brush-upgrade-version-mijia-electric-sonic-face-brush\/#mainImage"},"datePublished":"2024-01-09T15:40:52+00:00","dateModified":"2024-03-13T13:12:45+00:00"},{"@type":"WebSite","@id":"https:\/\/www.rucashk.com\/pt\/#website","url":"https:\/\/www.rucashk.com\/pt\/","name":"Rucas - Wholesale and distribution worldwide","alternateName":"Rucas - One-stop AIoT Distribution Worldwide","description":"One-stop AIoT Distribution Worldwide","inLanguage":"pt-PT","publisher":{"@id":"https:\/\/www.rucashk.com\/pt\/#organization"}}]}},"aioseo_meta_data":{"post_id":"22179","title":null,"description":null,"keywords":null,"keyphrases":null,"primary_term":null,"canonical_url":null,"og_title":null,"og_description":null,"og_object_type":"default","og_image_type":"default","og_image_url":null,"og_image_width":null,"og_image_height":null,"og_image_custom_url":null,"og_image_custom_fields":null,"og_video":null,"og_custom_url":null,"og_article_section":null,"og_article_tags":null,"twitter_use_og":false,"twitter_card":"default","twitter_image_type":"default","twitter_image_url":null,"twitter_image_custom_url":null,"twitter_image_custom_fields":null,"twitter_title":null,"twitter_description":null,"schema":{"blockGraphs":[],"customGraphs":[],"default":{"data":{"Article":[],"Course":[],"Dataset":[],"FAQPage":[],"Movie":[],"Person":[],"Product":[],"Recipe":[],"Service":[],"SoftwareApplication":[],"WebPage":[]},"graphName":"","isEnabled":true},"graphs":[]},"schema_type":"default","schema_type_options":null,"pillar_content":false,"robots_default":true,"robots_noindex":false,"robots_noarchive":false,"robots_nosnippet":false,"robots_nofollow":false,"robots_noimageindex":false,"robots_noodp":false,"robots_notranslate":false,"robots_max_snippet":null,"robots_max_videopreview":null,"robots_max_imagepreview":"large","priority":null,"frequency":null,"local_seo":null,"breadcrumb_settings":null,"limit_modified_date":false,"created":"2024-04-11 01:55:22","updated":"2025-06-22 16:37:56"},"aioseo_breadcrumb":"<div class=\"aioseo-breadcrumbs\"><span class=\"aioseo-breadcrumb\">\n\t<a href=\"https:\/\/www.rucashk.com\/pt\" title=\"Home\">Home<\/a>\n<\/span><span class=\"aioseo-breadcrumb-separator\">&raquo;<\/span><span class=\"aioseo-breadcrumb\">\n\t<a href=\"https:\/\/www.rucashk.com\/pt\/products\/\" title=\"Produtos\">Produtos<\/a>\n<\/span><span class=\"aioseo-breadcrumb-separator\">&raquo;<\/span><span class=\"aioseo-breadcrumb\">\n\t<a href=\"https:\/\/www.rucashk.com\/pt\/categoria-produto\/xiaomi-eco\/\" title=\"Xiaomi Eco\">Xiaomi Eco<\/a>\n<\/span><span class=\"aioseo-breadcrumb-separator\">&raquo;<\/span><span class=\"aioseo-breadcrumb\">\n\t<a href=\"https:\/\/www.rucashk.com\/pt\/categoria-produto\/xiaomi-eco\/personal-care\/\" title=\"Personal Care\">Personal Care<\/a>\n<\/span><span class=\"aioseo-breadcrumb-separator\">&raquo;<\/span><span class=\"aioseo-breadcrumb\">\n\tInface Facial Cleansing Brush Upgrade Version Mijia Electric Sonic Face Brush\n<\/span><\/div>","aioseo_breadcrumb_json":[{"label":"Home","link":"https:\/\/www.rucashk.com\/pt"},{"label":"Produtos","link":"https:\/\/www.rucashk.com\/pt\/products\/"},{"label":"Xiaomi Eco","link":"https:\/\/www.rucashk.com\/pt\/categoria-produto\/xiaomi-eco\/"},{"label":"Personal Care","link":"https:\/\/www.rucashk.com\/pt\/categoria-produto\/xiaomi-eco\/personal-care\/"},{"label":"Inface Facial Cleansing Brush Upgrade Version Mijia Electric Sonic Face Brush","link":"https:\/\/www.rucashk.com\/pt\/produto\/inface-facial-cleansing-brush-upgrade-version-mijia-electric-sonic-face-brush\/"}],"_links":{"self":[{"href":"https:\/\/www.rucashk.com\/pt\/wp-json\/wp\/v2\/product\/22179","targetHints":{"allow":["GET"]}}],"collection":[{"href":"https:\/\/www.rucashk.com\/pt\/wp-json\/wp\/v2\/product"}],"about":[{"href":"https:\/\/www.rucashk.com\/pt\/wp-json\/wp\/v2\/types\/product"}],"wp:featuredmedia":[{"embeddable":true,"href":"https:\/\/www.rucashk.com\/pt\/wp-json\/wp\/v2\/media\/22291"}],"wp:attachment":[{"href":"https:\/\/www.rucashk.com\/pt\/wp-json\/wp\/v2\/media?parent=22179"}],"wp:term":[{"taxonomy":"product_brand","embeddable":true,"href":"https:\/\/www.rucashk.com\/pt\/wp-json\/wp\/v2\/product_brand?post=22179"},{"taxonomy":"product_cat","embeddable":true,"href":"https:\/\/www.rucashk.com\/pt\/wp-json\/wp\/v2\/product_cat?post=22179"},{"taxonomy":"product_tag","embeddable":true,"href":"https:\/\/www.rucashk.com\/pt\/wp-json\/wp\/v2\/product_tag?post=22179"}],"curies":[{"name":"wp","href":"https:\/\/api.w.org\/{rel}","templated":true}]}}