{"id":22176,"date":"2024-01-09T15:40:51","date_gmt":"2024-01-09T15:40:51","guid":{"rendered":"http:\/\/rucashk.com\/?post_type=product&#038;p=22176"},"modified":"2024-03-13T11:58:03","modified_gmt":"2024-03-13T11:58:03","slug":"gy-906-mlx90614-mlx90614esf-non-contact-infrared-temperature-sensor-module","status":"publish","type":"product","link":"https:\/\/www.rucashk.com\/pt\/produto\/gy-906-mlx90614-mlx90614esf-non-contact-infrared-temperature-sensor-module\/","title":{"rendered":"M\u00f3dulo sensor de temperatura infravermelho sem contato GY-906 MLX90614 MLX90614ESF"},"content":{"rendered":"<h3 style=\"text-align: center\">M\u00f3dulo sensor de temperatura infravermelho sem contato GY-906 MLX90614 MLX90614ESF<\/h3>\n<p><img fetchpriority=\"high\" decoding=\"async\" class=\"alignnone\" src=\"\/wp-content\/uploads\/replace\/3b09414c6bf11723eb6cdcefc0646e41.jpeg\" alt=\"GY-906 MLX90614 MLX90614ESF non-contact Infrared Temperature Sensor Module\" width=\"900\" height=\"900\" \/><img decoding=\"async\" class=\"alignnone\" src=\"\/wp-content\/uploads\/replace\/22ddc91f1aa0345b184a00854a0455d5.jpeg\" alt=\"GY-906 MLX90614 MLX90614ESF non-contact Infrared Temperature Sensor Module\" width=\"900\" height=\"900\" \/><img decoding=\"async\" class=\"alignnone\" src=\"\/wp-content\/uploads\/replace\/0bb4678026b8412b5e0e114673bfa2d2.jpeg\" alt=\"GY-906 MLX90614 MLX90614ESF non-contact Infrared Temperature Sensor Module\" width=\"800\" height=\"800\" \/><img loading=\"lazy\" decoding=\"async\" class=\"alignnone\" src=\"\/wp-content\/uploads\/replace\/61b1259e1f233deb38144dd1256ef370.jpeg\" alt=\"GY-906 MLX90614 MLX90614ESF non-contact Infrared Temperature Sensor Module\" width=\"900\" height=\"900\" \/><img loading=\"lazy\" decoding=\"async\" class=\"alignnone\" src=\"\/wp-content\/uploads\/replace\/108feed7861f2a445be374161ab1e2b9.jpeg\" alt=\"GY-906 MLX90614 MLX90614ESF non-contact Infrared Temperature Sensor Module\" width=\"900\" height=\"900\" \/><\/p>\n<p data-spm-anchor-id=\"a2g0o.detail.1000023.i2.4b986132KxJCj0\">Modelos de m\u00f3dulo: gy-906-baa, gy-906-bcc, gy-906-dci<\/p>\n<p>&nbsp;<\/p>\n<p>Os chips utilizados foram mlx90614esf-baa, mlx90614esf-bcc e mlx90614esf-dci<\/p>\n<p>&nbsp;<\/p>\n<p>Fonte de alimenta\u00e7\u00e3o: 3-5v (regulador diferencial interno de baixa tens\u00e3o)<\/p>\n<p>&nbsp;<\/p>\n<p>Modo de comunica\u00e7\u00e3o: protocolo de comunica\u00e7\u00e3o IIC padr\u00e3o<\/p>","protected":false},"excerpt":{"rendered":"<div><strong>Caracter\u00edsticas e benef\u00edcios:\u00a0<\/strong><\/div>\n<div>Tamanho pequeno, baixo custo<\/div>\n<div><span data-spm-anchor-id=\"a2g0o.detail.1000023.i5.12b9341beGPI8P\">Montado em uma placa breakout com dois tipos de pinos\u00a0<\/span><\/div>\n<div>Resistores pull up de 10k para a interface I2C com jumpers de solda opcionais<\/div>\n<div>F\u00e1cil de integrar<\/div>\n<div>Calibrado de f\u00e1brica em ampla faixa de temperatura:<\/div>\n<div><span data-spm-anchor-id=\"a2g0o.detail.1000023.i8.12b9341beGPI8P\">-40\u2026+125\u00b0C para temperatura do sensor e\u00a0<\/span><\/div>\n<div>-70\u2026+380\u00b0C para temperatura do objeto.<\/div>\n<div>Alta precis\u00e3o de 0,5\u00b0C em ampla faixa de temperatura<\/div>\n<div><span data-spm-anchor-id=\"a2g0o.detail.1000023.i6.12b9341beGPI8P\">(0\u2026+50\u00b0C para Ta e To) Calibra\u00e7\u00e3o de alta precis\u00e3o (m\u00e9dica)\u00a0<\/span><\/div>\n<div>Resolu\u00e7\u00e3o de medi\u00e7\u00e3o de 0,02\u00b0C<\/div>\n<div>Vers\u00f5es de zona \u00fanica e dupla<\/div>\n<div>Interface digital compat\u00edvel com SMBus<\/div>\n<div>Sa\u00edda PWM personaliz\u00e1vel para leitura cont\u00ednua<\/div>\n<div>Adapta\u00e7\u00e3o simples para aplica\u00e7\u00f5es de 8 a 16 V<\/div>\n<div>Modo de suspens\u00e3o para consumo reduzido de energia<\/div>","protected":false},"featured_media":22271,"template":"","meta":[],"product_brand":[],"product_cat":[1322],"product_tag":[679],"class_list":{"0":"post-22176","1":"product","2":"type-product","3":"status-publish","4":"has-post-thumbnail","6":"product_cat-other-a-brands","7":"product_tag-infrared-temperature","9":"first","10":"instock","11":"shipping-taxable","12":"product-type-external"},"aioseo_notices":[],"aioseo_head":"\n\t\t<!-- All in One SEO Pro 4.5.9.2 - aioseo.com -->\n\t\t<meta name=\"description\" content=\"Features and Benefits: Small size, low cost Mounted on a breakout board with two types of pins 10k Pull up resistors for the I2C interface with optional solder jumpers Easy to integrate Factory calibrated in wide temperature range: -40\u2026+125\u00b0C for sensor temperature and -70\u2026+380\u00b0C for object temperature. High accuracy of 0.5\u00b0C over wide temperaturerange (0\u2026+50\u00b0C for both Ta and To) High (medical) accuracy calibration Measurement resolution of 0.02\u00b0C Single and dual zone versions SMBus compatible digital interface Customizable PWM output for continuousreading Simple adaptation for 8\u202616V applications Sleep mode for reduced power consumption\" \/>\n\t\t<meta name=\"robots\" content=\"max-image-preview:large\" \/>\n\t\t<link rel=\"canonical\" href=\"https:\/\/www.rucashk.com\/pt\/produto\/gy-906-mlx90614-mlx90614esf-non-contact-infrared-temperature-sensor-module\/\" \/>\n\t\t<meta name=\"generator\" content=\"All in One SEO Pro (AIOSEO) 4.5.9.2\" \/>\n\t\t<meta property=\"og:locale\" content=\"pt_PT\" \/>\n\t\t<meta property=\"og:site_name\" content=\"Rucas - One-stop AIoT Distribution Worldwide\" \/>\n\t\t<meta property=\"og:type\" content=\"article\" \/>\n\t\t<meta property=\"og:title\" content=\"GY-906 MLX90614 MLX90614ESF non-contact Infrared Temperature Sensor Module - Rucas - Wholesale and Distribution\" \/>\n\t\t<meta property=\"og:description\" content=\"Features and Benefits: Small size, low cost Mounted on a breakout board with two types of pins 10k Pull up resistors for the I2C interface with optional solder jumpers Easy to integrate Factory calibrated in wide temperature range: -40\u2026+125\u00b0C for sensor temperature and -70\u2026+380\u00b0C for object temperature. High accuracy of 0.5\u00b0C over wide temperaturerange (0\u2026+50\u00b0C for both Ta and To) High (medical) accuracy calibration Measurement resolution of 0.02\u00b0C Single and dual zone versions SMBus compatible digital interface Customizable PWM output for continuousreading Simple adaptation for 8\u202616V applications Sleep mode for reduced power consumption\" \/>\n\t\t<meta property=\"og:url\" content=\"https:\/\/www.rucashk.com\/pt\/produto\/gy-906-mlx90614-mlx90614esf-non-contact-infrared-temperature-sensor-module\/\" \/>\n\t\t<meta property=\"og:image\" content=\"https:\/\/www.rucashk.com\/wp-content\/uploads\/replace\/503b8e645f128a97ccde2b6290747646.jpeg\" \/>\n\t\t<meta property=\"og:image:secure_url\" content=\"https:\/\/www.rucashk.com\/wp-content\/uploads\/replace\/503b8e645f128a97ccde2b6290747646.jpeg\" \/>\n\t\t<meta property=\"og:image:width\" content=\"1456\" \/>\n\t\t<meta property=\"og:image:height\" content=\"816\" \/>\n\t\t<meta property=\"article:published_time\" content=\"2024-01-09T15:40:51+00:00\" \/>\n\t\t<meta property=\"article:modified_time\" content=\"2024-03-13T11:58:03+00:00\" \/>\n\t\t<meta name=\"twitter:card\" content=\"summary_large_image\" \/>\n\t\t<meta name=\"twitter:title\" content=\"GY-906 MLX90614 MLX90614ESF non-contact Infrared Temperature Sensor Module - Rucas - Wholesale and Distribution\" \/>\n\t\t<meta name=\"twitter:description\" content=\"Features and Benefits: Small size, low cost Mounted on a breakout board with two types of pins 10k Pull up resistors for the I2C interface with optional solder jumpers Easy to integrate Factory calibrated in wide temperature range: -40\u2026+125\u00b0C for sensor temperature and -70\u2026+380\u00b0C for object temperature. High accuracy of 0.5\u00b0C over wide temperaturerange (0\u2026+50\u00b0C for both Ta and To) High (medical) accuracy calibration Measurement resolution of 0.02\u00b0C Single and dual zone versions SMBus compatible digital interface Customizable PWM output for continuousreading Simple adaptation for 8\u202616V applications Sleep mode for reduced power consumption\" \/>\n\t\t<meta name=\"twitter:image\" content=\"https:\/\/www.rucashk.com\/wp-content\/uploads\/replace\/503b8e645f128a97ccde2b6290747646.jpeg\" \/>\n\t\t<script type=\"application\/ld+json\" class=\"aioseo-schema\">\n\t\t\t{\"@context\":\"https:\\\/\\\/schema.org\",\"@graph\":[{\"@type\":\"BreadcrumbList\",\"@id\":\"https:\\\/\\\/www.rucashk.com\\\/pt\\\/produto\\\/gy-906-mlx90614-mlx90614esf-non-contact-infrared-temperature-sensor-module\\\/#breadcrumblist\",\"itemListElement\":[{\"@type\":\"ListItem\",\"@id\":\"https:\\\/\\\/www.rucashk.com\\\/pt\\\/#listItem\",\"position\":1,\"name\":\"Home\",\"item\":\"https:\\\/\\\/www.rucashk.com\\\/pt\\\/\",\"nextItem\":\"https:\\\/\\\/www.rucashk.com\\\/pt\\\/produto\\\/gy-906-mlx90614-mlx90614esf-non-contact-infrared-temperature-sensor-module\\\/#listItem\"},{\"@type\":\"ListItem\",\"@id\":\"https:\\\/\\\/www.rucashk.com\\\/pt\\\/produto\\\/gy-906-mlx90614-mlx90614esf-non-contact-infrared-temperature-sensor-module\\\/#listItem\",\"position\":2,\"name\":\"GY-906 MLX90614 MLX90614ESF non-contact Infrared Temperature Sensor Module\",\"previousItem\":\"https:\\\/\\\/www.rucashk.com\\\/pt\\\/#listItem\"}]},{\"@type\":\"Organization\",\"@id\":\"https:\\\/\\\/www.rucashk.com\\\/pt\\\/#organization\",\"name\":\"Rucas\",\"url\":\"https:\\\/\\\/www.rucashk.com\\\/pt\\\/\",\"logo\":{\"@type\":\"ImageObject\",\"url\":\"https:\\\/\\\/www.rucashk.com\\\/wp-content\\\/uploads\\\/2023\\\/12\\\/Rucas_campany_logo.png\",\"@id\":\"https:\\\/\\\/www.rucashk.com\\\/pt\\\/produto\\\/gy-906-mlx90614-mlx90614esf-non-contact-infrared-temperature-sensor-module\\\/#organizationLogo\",\"width\":221,\"height\":65},\"image\":{\"@id\":\"https:\\\/\\\/www.rucashk.com\\\/pt\\\/#organizationLogo\"}},{\"@type\":\"Person\",\"@id\":\"https:\\\/\\\/www.rucashk.com\\\/pt\\\/author\\\/admin\\\/#author\",\"url\":\"https:\\\/\\\/www.rucashk.com\\\/pt\\\/author\\\/admin\\\/\",\"name\":\"admin\",\"image\":{\"@type\":\"ImageObject\",\"@id\":\"https:\\\/\\\/www.rucashk.com\\\/pt\\\/produto\\\/gy-906-mlx90614-mlx90614esf-non-contact-infrared-temperature-sensor-module\\\/#authorImage\",\"url\":\"https:\\\/\\\/secure.gravatar.com\\\/avatar\\\/b7c8925b09a27e72b30232f8ecaadbd5af0f70a38c78096863fe51b64f031c24?s=96&d=mm&r=g\",\"width\":96,\"height\":96,\"caption\":\"admin\"}},{\"@type\":\"WebPage\",\"@id\":\"https:\\\/\\\/www.rucashk.com\\\/pt\\\/produto\\\/gy-906-mlx90614-mlx90614esf-non-contact-infrared-temperature-sensor-module\\\/#webpage\",\"url\":\"https:\\\/\\\/www.rucashk.com\\\/pt\\\/produto\\\/gy-906-mlx90614-mlx90614esf-non-contact-infrared-temperature-sensor-module\\\/\",\"name\":\"GY-906 MLX90614 MLX90614ESF non-contact Infrared Temperature Sensor Module - Rucas - Wholesale and Distribution\",\"description\":\"Features and Benefits: Small size, low cost Mounted on a breakout board with two types of pins 10k Pull up resistors for the I2C interface with optional solder jumpers Easy to integrate Factory calibrated in wide temperature range: -40\\u2026+125\\u00b0C for sensor temperature and -70\\u2026+380\\u00b0C for object temperature. High accuracy of 0.5\\u00b0C over wide temperaturerange (0\\u2026+50\\u00b0C for both Ta and To) High (medical) accuracy calibration Measurement resolution of 0.02\\u00b0C Single and dual zone versions SMBus compatible digital interface Customizable PWM output for continuousreading Simple adaptation for 8\\u202616V applications Sleep mode for reduced power consumption\",\"inLanguage\":\"pt-PT\",\"isPartOf\":{\"@id\":\"https:\\\/\\\/www.rucashk.com\\\/pt\\\/#website\"},\"breadcrumb\":{\"@id\":\"https:\\\/\\\/www.rucashk.com\\\/pt\\\/produto\\\/gy-906-mlx90614-mlx90614esf-non-contact-infrared-temperature-sensor-module\\\/#breadcrumblist\"},\"author\":{\"@id\":\"https:\\\/\\\/www.rucashk.com\\\/pt\\\/author\\\/admin\\\/#author\"},\"creator\":{\"@id\":\"https:\\\/\\\/www.rucashk.com\\\/pt\\\/author\\\/admin\\\/#author\"},\"image\":{\"@type\":\"ImageObject\",\"url\":\"https:\\\/\\\/www.rucashk.com\\\/wp-content\\\/uploads\\\/2024\\\/01\\\/1_\\u526f\\u672c-3.jpg\",\"@id\":\"https:\\\/\\\/www.rucashk.com\\\/pt\\\/produto\\\/gy-906-mlx90614-mlx90614esf-non-contact-infrared-temperature-sensor-module\\\/#mainImage\",\"width\":800,\"height\":800},\"primaryImageOfPage\":{\"@id\":\"https:\\\/\\\/www.rucashk.com\\\/pt\\\/produto\\\/gy-906-mlx90614-mlx90614esf-non-contact-infrared-temperature-sensor-module\\\/#mainImage\"},\"datePublished\":\"2024-01-09T15:40:51+00:00\",\"dateModified\":\"2024-03-13T11:58:03+00:00\"},{\"@type\":\"WebSite\",\"@id\":\"https:\\\/\\\/www.rucashk.com\\\/pt\\\/#website\",\"url\":\"https:\\\/\\\/www.rucashk.com\\\/pt\\\/\",\"name\":\"Rucas - Wholesale and distribution worldwide\",\"alternateName\":\"Rucas - One-stop AIoT Distribution Worldwide\",\"description\":\"One-stop AIoT Distribution Worldwide\",\"inLanguage\":\"pt-PT\",\"publisher\":{\"@id\":\"https:\\\/\\\/www.rucashk.com\\\/pt\\\/#organization\"}}]}\n\t\t<\/script>\n\t\t<!-- All in One SEO Pro -->\r\n\t\t<title>GY-906 MLX90614 MLX90614ESF non-contact Infrared Temperature Sensor Module - Rucas - Wholesale and Distribution<\/title>\n\n","aioseo_head_json":{"title":"GY-906 MLX90614 MLX90614ESF non-contact Infrared Temperature Sensor Module - Rucas - Wholesale and Distribution","description":"Features and Benefits: Small size, low cost Mounted on a breakout board with two types of pins 10k Pull up resistors for the I2C interface with optional solder jumpers Easy to integrate Factory calibrated in wide temperature range: -40\u2026+125\u00b0C for sensor temperature and -70\u2026+380\u00b0C for object temperature. High accuracy of 0.5\u00b0C over wide temperaturerange (0\u2026+50\u00b0C for both Ta and To) High (medical) accuracy calibration Measurement resolution of 0.02\u00b0C Single and dual zone versions SMBus compatible digital interface Customizable PWM output for continuousreading Simple adaptation for 8\u202616V applications Sleep mode for reduced power consumption","canonical_url":"https:\/\/www.rucashk.com\/pt\/produto\/gy-906-mlx90614-mlx90614esf-non-contact-infrared-temperature-sensor-module\/","robots":"max-image-preview:large","keywords":"","webmasterTools":{"miscellaneous":""},"og:locale":"pt_PT","og:site_name":"Rucas - One-stop AIoT Distribution Worldwide","og:type":"article","og:title":"GY-906 MLX90614 MLX90614ESF non-contact Infrared Temperature Sensor Module - Rucas - Wholesale and Distribution","og:description":"Features and Benefits: Small size, low cost Mounted on a breakout board with two types of pins 10k Pull up resistors for the I2C interface with optional solder jumpers Easy to integrate Factory calibrated in wide temperature range: -40\u2026+125\u00b0C for sensor temperature and -70\u2026+380\u00b0C for object temperature. High accuracy of 0.5\u00b0C over wide temperaturerange (0\u2026+50\u00b0C for both Ta and To) High (medical) accuracy calibration Measurement resolution of 0.02\u00b0C Single and dual zone versions SMBus compatible digital interface Customizable PWM output for continuousreading Simple adaptation for 8\u202616V applications Sleep mode for reduced power consumption","og:url":"https:\/\/www.rucashk.com\/pt\/produto\/gy-906-mlx90614-mlx90614esf-non-contact-infrared-temperature-sensor-module\/","og:image":"https:\/\/www.rucashk.com\/wp-content\/uploads\/replace\/503b8e645f128a97ccde2b6290747646.jpeg","og:image:secure_url":"https:\/\/www.rucashk.com\/wp-content\/uploads\/replace\/503b8e645f128a97ccde2b6290747646.jpeg","og:image:width":1456,"og:image:height":816,"article:published_time":"2024-01-09T15:40:51+00:00","article:modified_time":"2024-03-13T11:58:03+00:00","twitter:card":"summary_large_image","twitter:title":"GY-906 MLX90614 MLX90614ESF non-contact Infrared Temperature Sensor Module - Rucas - Wholesale and Distribution","twitter:description":"Features and Benefits: Small size, low cost Mounted on a breakout board with two types of pins 10k Pull up resistors for the I2C interface with optional solder jumpers Easy to integrate Factory calibrated in wide temperature range: -40\u2026+125\u00b0C for sensor temperature and -70\u2026+380\u00b0C for object temperature. High accuracy of 0.5\u00b0C over wide temperaturerange (0\u2026+50\u00b0C for both Ta and To) High (medical) accuracy calibration Measurement resolution of 0.02\u00b0C Single and dual zone versions SMBus compatible digital interface Customizable PWM output for continuousreading Simple adaptation for 8\u202616V applications Sleep mode for reduced power consumption","twitter:image":"https:\/\/www.rucashk.com\/wp-content\/uploads\/replace\/503b8e645f128a97ccde2b6290747646.jpeg","schema":{"@context":"https:\/\/schema.org","@graph":[{"@type":"BreadcrumbList","@id":"https:\/\/www.rucashk.com\/pt\/produto\/gy-906-mlx90614-mlx90614esf-non-contact-infrared-temperature-sensor-module\/#breadcrumblist","itemListElement":[{"@type":"ListItem","@id":"https:\/\/www.rucashk.com\/pt\/#listItem","position":1,"name":"Home","item":"https:\/\/www.rucashk.com\/pt\/","nextItem":"https:\/\/www.rucashk.com\/pt\/produto\/gy-906-mlx90614-mlx90614esf-non-contact-infrared-temperature-sensor-module\/#listItem"},{"@type":"ListItem","@id":"https:\/\/www.rucashk.com\/pt\/produto\/gy-906-mlx90614-mlx90614esf-non-contact-infrared-temperature-sensor-module\/#listItem","position":2,"name":"GY-906 MLX90614 MLX90614ESF non-contact Infrared Temperature Sensor Module","previousItem":"https:\/\/www.rucashk.com\/pt\/#listItem"}]},{"@type":"Organization","@id":"https:\/\/www.rucashk.com\/pt\/#organization","name":"Rucas","url":"https:\/\/www.rucashk.com\/pt\/","logo":{"@type":"ImageObject","url":"https:\/\/www.rucashk.com\/wp-content\/uploads\/2023\/12\/Rucas_campany_logo.png","@id":"https:\/\/www.rucashk.com\/pt\/produto\/gy-906-mlx90614-mlx90614esf-non-contact-infrared-temperature-sensor-module\/#organizationLogo","width":221,"height":65},"image":{"@id":"https:\/\/www.rucashk.com\/pt\/#organizationLogo"}},{"@type":"Person","@id":"https:\/\/www.rucashk.com\/pt\/author\/admin\/#author","url":"https:\/\/www.rucashk.com\/pt\/author\/admin\/","name":"admin","image":{"@type":"ImageObject","@id":"https:\/\/www.rucashk.com\/pt\/produto\/gy-906-mlx90614-mlx90614esf-non-contact-infrared-temperature-sensor-module\/#authorImage","url":"https:\/\/secure.gravatar.com\/avatar\/b7c8925b09a27e72b30232f8ecaadbd5af0f70a38c78096863fe51b64f031c24?s=96&d=mm&r=g","width":96,"height":96,"caption":"admin"}},{"@type":"WebPage","@id":"https:\/\/www.rucashk.com\/pt\/produto\/gy-906-mlx90614-mlx90614esf-non-contact-infrared-temperature-sensor-module\/#webpage","url":"https:\/\/www.rucashk.com\/pt\/produto\/gy-906-mlx90614-mlx90614esf-non-contact-infrared-temperature-sensor-module\/","name":"GY-906 MLX90614 MLX90614ESF non-contact Infrared Temperature Sensor Module - Rucas - Wholesale and Distribution","description":"Features and Benefits: Small size, low cost Mounted on a breakout board with two types of pins 10k Pull up resistors for the I2C interface with optional solder jumpers Easy to integrate Factory calibrated in wide temperature range: -40\u2026+125\u00b0C for sensor temperature and -70\u2026+380\u00b0C for object temperature. High accuracy of 0.5\u00b0C over wide temperaturerange (0\u2026+50\u00b0C for both Ta and To) High (medical) accuracy calibration Measurement resolution of 0.02\u00b0C Single and dual zone versions SMBus compatible digital interface Customizable PWM output for continuousreading Simple adaptation for 8\u202616V applications Sleep mode for reduced power consumption","inLanguage":"pt-PT","isPartOf":{"@id":"https:\/\/www.rucashk.com\/pt\/#website"},"breadcrumb":{"@id":"https:\/\/www.rucashk.com\/pt\/produto\/gy-906-mlx90614-mlx90614esf-non-contact-infrared-temperature-sensor-module\/#breadcrumblist"},"author":{"@id":"https:\/\/www.rucashk.com\/pt\/author\/admin\/#author"},"creator":{"@id":"https:\/\/www.rucashk.com\/pt\/author\/admin\/#author"},"image":{"@type":"ImageObject","url":"https:\/\/www.rucashk.com\/wp-content\/uploads\/2024\/01\/1_\u526f\u672c-3.jpg","@id":"https:\/\/www.rucashk.com\/pt\/produto\/gy-906-mlx90614-mlx90614esf-non-contact-infrared-temperature-sensor-module\/#mainImage","width":800,"height":800},"primaryImageOfPage":{"@id":"https:\/\/www.rucashk.com\/pt\/produto\/gy-906-mlx90614-mlx90614esf-non-contact-infrared-temperature-sensor-module\/#mainImage"},"datePublished":"2024-01-09T15:40:51+00:00","dateModified":"2024-03-13T11:58:03+00:00"},{"@type":"WebSite","@id":"https:\/\/www.rucashk.com\/pt\/#website","url":"https:\/\/www.rucashk.com\/pt\/","name":"Rucas - Wholesale and distribution worldwide","alternateName":"Rucas - One-stop AIoT Distribution Worldwide","description":"One-stop AIoT Distribution Worldwide","inLanguage":"pt-PT","publisher":{"@id":"https:\/\/www.rucashk.com\/pt\/#organization"}}]}},"aioseo_meta_data":{"post_id":"22176","title":null,"description":null,"keywords":null,"keyphrases":null,"primary_term":null,"canonical_url":null,"og_title":null,"og_description":null,"og_object_type":"default","og_image_type":"default","og_image_url":null,"og_image_width":null,"og_image_height":null,"og_image_custom_url":null,"og_image_custom_fields":null,"og_video":null,"og_custom_url":null,"og_article_section":null,"og_article_tags":null,"twitter_use_og":false,"twitter_card":"default","twitter_image_type":"default","twitter_image_url":null,"twitter_image_custom_url":null,"twitter_image_custom_fields":null,"twitter_title":null,"twitter_description":null,"schema":{"blockGraphs":[],"customGraphs":[],"default":{"data":{"Article":[],"Course":[],"Dataset":[],"FAQPage":[],"Movie":[],"Person":[],"Product":[],"Recipe":[],"Service":[],"SoftwareApplication":[],"WebPage":[]},"graphName":"","isEnabled":true},"graphs":[]},"schema_type":"default","schema_type_options":null,"pillar_content":false,"robots_default":true,"robots_noindex":false,"robots_noarchive":false,"robots_nosnippet":false,"robots_nofollow":false,"robots_noimageindex":false,"robots_noodp":false,"robots_notranslate":false,"robots_max_snippet":null,"robots_max_videopreview":null,"robots_max_imagepreview":"large","priority":null,"frequency":null,"local_seo":null,"breadcrumb_settings":null,"limit_modified_date":false,"created":"2024-04-11 01:55:22","updated":"2025-06-22 16:37:56"},"aioseo_breadcrumb":"<div class=\"aioseo-breadcrumbs\"><span class=\"aioseo-breadcrumb\">\n\t<a href=\"https:\/\/www.rucashk.com\/pt\" title=\"Home\">Home<\/a>\n<\/span><span class=\"aioseo-breadcrumb-separator\">&raquo;<\/span><span class=\"aioseo-breadcrumb\">\n\t<a href=\"https:\/\/www.rucashk.com\/pt\/products\/\" title=\"Produtos\">Produtos<\/a>\n<\/span><span class=\"aioseo-breadcrumb-separator\">&raquo;<\/span><span class=\"aioseo-breadcrumb\">\n\t<a href=\"https:\/\/www.rucashk.com\/pt\/categoria-produto\/other-a-brands\/\" title=\"Other A-Brands\">Other A-Brands<\/a>\n<\/span><span class=\"aioseo-breadcrumb-separator\">&raquo;<\/span><span class=\"aioseo-breadcrumb\">\n\tGY-906 MLX90614 MLX90614ESF non-contact Infrared Temperature Sensor Module\n<\/span><\/div>","aioseo_breadcrumb_json":[{"label":"Home","link":"https:\/\/www.rucashk.com\/pt"},{"label":"Produtos","link":"https:\/\/www.rucashk.com\/pt\/products\/"},{"label":"Other A-Brands","link":"https:\/\/www.rucashk.com\/pt\/categoria-produto\/other-a-brands\/"},{"label":"GY-906 MLX90614 MLX90614ESF non-contact Infrared Temperature Sensor Module","link":"https:\/\/www.rucashk.com\/pt\/produto\/gy-906-mlx90614-mlx90614esf-non-contact-infrared-temperature-sensor-module\/"}],"_links":{"self":[{"href":"https:\/\/www.rucashk.com\/pt\/wp-json\/wp\/v2\/product\/22176","targetHints":{"allow":["GET"]}}],"collection":[{"href":"https:\/\/www.rucashk.com\/pt\/wp-json\/wp\/v2\/product"}],"about":[{"href":"https:\/\/www.rucashk.com\/pt\/wp-json\/wp\/v2\/types\/product"}],"wp:featuredmedia":[{"embeddable":true,"href":"https:\/\/www.rucashk.com\/pt\/wp-json\/wp\/v2\/media\/22271"}],"wp:attachment":[{"href":"https:\/\/www.rucashk.com\/pt\/wp-json\/wp\/v2\/media?parent=22176"}],"wp:term":[{"taxonomy":"product_brand","embeddable":true,"href":"https:\/\/www.rucashk.com\/pt\/wp-json\/wp\/v2\/product_brand?post=22176"},{"taxonomy":"product_cat","embeddable":true,"href":"https:\/\/www.rucashk.com\/pt\/wp-json\/wp\/v2\/product_cat?post=22176"},{"taxonomy":"product_tag","embeddable":true,"href":"https:\/\/www.rucashk.com\/pt\/wp-json\/wp\/v2\/product_tag?post=22176"}],"curies":[{"name":"wp","href":"https:\/\/api.w.org\/{rel}","templated":true}]}}