{"id":22150,"date":"2024-01-09T15:40:30","date_gmt":"2024-01-09T15:40:30","guid":{"rendered":"http:\/\/rucashk.com\/?post_type=product&#038;p=22150"},"modified":"2024-01-22T07:24:07","modified_gmt":"2024-01-22T07:24:07","slug":"xiaomi-smart-watch-gps-45days-long-battery","status":"publish","type":"product","link":"https:\/\/www.rucashk.com\/pt\/produto\/xiaomi-smart-watch-gps-45days-long-battery\/","title":{"rendered":"Xiaomi Smart Watch GPS bateria de 45 dias de dura\u00e7\u00e3o"},"content":{"rendered":"<h3 style=\"text-align: center\">Xiaomi Smart Watch GPS bateria de 45 dias de dura\u00e7\u00e3o<\/h3>\n<p><img fetchpriority=\"high\" decoding=\"async\" class=\"alignnone\" src=\"https:\/\/www.rucashk.com\/wp-content\/uploads\/2020\/05\/HTB1ly_qeB1D3KVjSZFyq6zuFpXad.jpg\" alt=\"Xiaomi Smart Watch GPS 45Days Long Battery\" width=\"900\" height=\"900\" \/><img decoding=\"async\" class=\"alignnone\" src=\"https:\/\/www.rucashk.com\/wp-content\/uploads\/2020\/05\/HTB1j9LxeqSs3KVjSZPiq6AsiVXak.jpg\" alt=\"Xiaomi Smart Watch GPS 45Days Long Battery\" width=\"800\" height=\"395\" \/><img decoding=\"async\" class=\"alignnone\" src=\"https:\/\/www.rucashk.com\/wp-content\/uploads\/2020\/05\/HTB1UgLseBWD3KVjSZKPq6yp7FXau.jpg\" alt=\"Xiaomi Smart Watch GPS 45Days Long Battery\" width=\"800\" height=\"800\" \/><img loading=\"lazy\" decoding=\"async\" class=\"alignnone\" src=\"https:\/\/www.rucashk.com\/wp-content\/uploads\/2020\/05\/HTB1KLDddkxz61VjSZFtq6yDSVXar.jpg\" alt=\"Xiaomi Smart Watch GPS 45Days Long Battery\" width=\"1000\" height=\"469\" \/><img loading=\"lazy\" decoding=\"async\" class=\"alignnone\" src=\"https:\/\/www.rucashk.com\/wp-content\/uploads\/2020\/05\/HTB1BhHcdkxz61VjSZFrq6xeLFXaE.jpg\" alt=\"Xiaomi Smart Watch GPS 45Days Long Battery\" width=\"1000\" height=\"469\" \/><img loading=\"lazy\" decoding=\"async\" class=\"alignnone\" src=\"https:\/\/www.rucashk.com\/wp-content\/uploads\/2020\/05\/HTB12TPveBCw3KVjSZFlq6AJkFXaZ.jpg\" alt=\"Xiaomi Smart Watch GPS 45Days Long Battery\" width=\"1000\" height=\"469\" \/><img loading=\"lazy\" decoding=\"async\" class=\"alignnone\" src=\"https:\/\/www.rucashk.com\/wp-content\/uploads\/2020\/05\/HTB1CgLseBWD3KVjSZKPq6yp7FXaG.jpg\" alt=\"Xiaomi Smart Watch GPS 45Days Long Battery\" width=\"1000\" height=\"469\" \/><img loading=\"lazy\" decoding=\"async\" class=\"alignnone\" src=\"https:\/\/www.rucashk.com\/wp-content\/uploads\/2020\/05\/Ha1acb4e18f954a6da90028b3812ff3b3L.jpg\" alt=\"Xiaomi Smart Watch GPS 45Days Long Battery\" width=\"960\" height=\"910\" \/><img loading=\"lazy\" decoding=\"async\" class=\"alignnone\" src=\"https:\/\/www.rucashk.com\/wp-content\/uploads\/2020\/05\/H6269457342d1414ab97a0243b4413a45b.jpg\" alt=\"Xiaomi Smart Watch GPS 45Days Long Battery\" width=\"960\" height=\"1014\" \/><img loading=\"lazy\" decoding=\"async\" class=\"alignnone\" src=\"https:\/\/www.rucashk.com\/wp-content\/uploads\/2020\/05\/Hcd4ecf721b5747cc922e458bf9dcecc8A.jpg\" alt=\"Xiaomi Smart Watch GPS 45Days Long Battery\" width=\"960\" height=\"701\" \/><img loading=\"lazy\" decoding=\"async\" class=\"alignnone\" src=\"https:\/\/www.rucashk.com\/wp-content\/uploads\/2020\/05\/H23053534ad26425ca6dd551c49e10a10u.jpg\" alt=\"Xiaomi Smart Watch GPS 45Days Long Battery\" width=\"960\" height=\"1180\" \/><img loading=\"lazy\" decoding=\"async\" class=\"alignnone\" src=\"https:\/\/www.rucashk.com\/wp-content\/uploads\/2020\/05\/H23053534ad26425ca6dd551c49e10a10u.jpg\" alt=\"Xiaomi Smart Watch GPS 45Days Long Battery\" width=\"960\" height=\"1180\" \/><img loading=\"lazy\" decoding=\"async\" class=\"alignnone\" src=\"https:\/\/www.rucashk.com\/wp-content\/uploads\/2020\/05\/H23053534ad26425ca6dd551c49e10a10u.jpg\" alt=\"Xiaomi Smart Watch GPS 45Days Long Battery\" width=\"960\" height=\"1180\" \/><img loading=\"lazy\" decoding=\"async\" class=\"alignnone\" src=\"https:\/\/www.rucashk.com\/wp-content\/uploads\/2020\/05\/H980df183e7924335b0c58acaa2ab2361j.jpg\" alt=\"Xiaomi Smart Watch GPS 45Days Long Battery\" width=\"960\" height=\"802\" \/><\/p>","protected":false},"excerpt":{"rendered":"<div><span data-spm-anchor-id=\"a2g0o.detail.1000023.i1.29056eb27LLwhT\">Smartwatch leve com bateria de 45 dias<\/span><\/div>\n<div><\/div>\n<div>\n<div><span data-spm-anchor-id=\"a2g0o.detail.1000023.i0.29056eb27LLwhT\">Ajuste por mais tempo<\/span><\/div>\n<div>Alimentado por 1,5 m\u00eas para acompanhar seu estilo de vida ativo.<\/div>\n<div>Evite o trabalho de carregamento frequente com a incr\u00edvel dura\u00e7\u00e3o da bateria de 45 dias com uma \u00fanica carga para acompanhar seu estilo de vida ocupado e ativo. Com apenas a contagem de passos e o monitoramento do sono ativado, o rel\u00f3gio pode durar at\u00e9 4 meses!<\/div>\n<\/div>\n<p>&nbsp;<\/p>","protected":false},"featured_media":22253,"template":"","meta":[],"product_brand":[],"product_cat":[1307,1305],"product_tag":[676,420],"class_list":{"0":"post-22150","1":"product","2":"type-product","3":"status-publish","4":"has-post-thumbnail","6":"product_cat-mi-band-smartwatch","7":"product_cat-xiaomi-eco","8":"product_tag-smart-watch-gps","9":"product_tag-xiaomi","11":"first","12":"instock","13":"shipping-taxable","14":"product-type-external"},"aioseo_notices":[],"aioseo_head":"\n\t\t<!-- All in One SEO Pro 4.5.9.2 - aioseo.com -->\n\t\t<meta name=\"description\" content=\"Lightweight smartwatch with 45-day battery life Fit Longer Powered for 1.5 month to keep up with your active lifestyle. Save the trouble of frequent charging with the whopping 45 days battery life on a single charge to keep up with your busy &amp; active lifestyle. With only steps counting and sleep monitoring on, the watch can last up to 4 months!\" \/>\n\t\t<meta name=\"robots\" content=\"max-image-preview:large\" \/>\n\t\t<link rel=\"canonical\" href=\"https:\/\/www.rucashk.com\/pt\/produto\/xiaomi-smart-watch-gps-45days-long-battery\/\" \/>\n\t\t<meta name=\"generator\" content=\"All in One SEO Pro (AIOSEO) 4.5.9.2\" \/>\n\t\t<meta property=\"og:locale\" content=\"pt_PT\" \/>\n\t\t<meta property=\"og:site_name\" content=\"Rucas - One-stop AIoT Distribution Worldwide\" \/>\n\t\t<meta property=\"og:type\" content=\"article\" \/>\n\t\t<meta property=\"og:title\" content=\"Xiaomi Smart Watch GPS 45Days Long Battery - Rucas - Wholesale and Distribution\" \/>\n\t\t<meta property=\"og:description\" content=\"Lightweight smartwatch with 45-day battery life Fit Longer Powered for 1.5 month to keep up with your active lifestyle. Save the trouble of frequent charging with the whopping 45 days battery life on a single charge to keep up with your busy &amp; active lifestyle. With only steps counting and sleep monitoring on, the watch can last up to 4 months!\" \/>\n\t\t<meta property=\"og:url\" content=\"https:\/\/www.rucashk.com\/pt\/produto\/xiaomi-smart-watch-gps-45days-long-battery\/\" \/>\n\t\t<meta property=\"og:image\" content=\"https:\/\/www.rucashk.com\/wp-content\/uploads\/replace\/503b8e645f128a97ccde2b6290747646.jpeg\" \/>\n\t\t<meta property=\"og:image:secure_url\" content=\"https:\/\/www.rucashk.com\/wp-content\/uploads\/replace\/503b8e645f128a97ccde2b6290747646.jpeg\" \/>\n\t\t<meta property=\"og:image:width\" content=\"1456\" \/>\n\t\t<meta property=\"og:image:height\" content=\"816\" \/>\n\t\t<meta property=\"article:published_time\" content=\"2024-01-09T15:40:30+00:00\" \/>\n\t\t<meta property=\"article:modified_time\" content=\"2024-01-22T07:24:07+00:00\" \/>\n\t\t<meta name=\"twitter:card\" content=\"summary_large_image\" \/>\n\t\t<meta name=\"twitter:title\" content=\"Xiaomi Smart Watch GPS 45Days Long Battery - Rucas - Wholesale and Distribution\" \/>\n\t\t<meta name=\"twitter:description\" content=\"Lightweight smartwatch with 45-day battery life Fit Longer Powered for 1.5 month to keep up with your active lifestyle. Save the trouble of frequent charging with the whopping 45 days battery life on a single charge to keep up with your busy &amp; active lifestyle. With only steps counting and sleep monitoring on, the watch can last up to 4 months!\" \/>\n\t\t<meta name=\"twitter:image\" content=\"https:\/\/www.rucashk.com\/wp-content\/uploads\/replace\/503b8e645f128a97ccde2b6290747646.jpeg\" \/>\n\t\t<script type=\"application\/ld+json\" class=\"aioseo-schema\">\n\t\t\t{\"@context\":\"https:\\\/\\\/schema.org\",\"@graph\":[{\"@type\":\"BreadcrumbList\",\"@id\":\"https:\\\/\\\/www.rucashk.com\\\/pt\\\/produto\\\/xiaomi-smart-watch-gps-45days-long-battery\\\/#breadcrumblist\",\"itemListElement\":[{\"@type\":\"ListItem\",\"@id\":\"https:\\\/\\\/www.rucashk.com\\\/pt\\\/#listItem\",\"position\":1,\"name\":\"Home\",\"item\":\"https:\\\/\\\/www.rucashk.com\\\/pt\\\/\",\"nextItem\":\"https:\\\/\\\/www.rucashk.com\\\/pt\\\/produto\\\/xiaomi-smart-watch-gps-45days-long-battery\\\/#listItem\"},{\"@type\":\"ListItem\",\"@id\":\"https:\\\/\\\/www.rucashk.com\\\/pt\\\/produto\\\/xiaomi-smart-watch-gps-45days-long-battery\\\/#listItem\",\"position\":2,\"name\":\"Xiaomi Smart Watch GPS 45Days Long Battery\",\"previousItem\":\"https:\\\/\\\/www.rucashk.com\\\/pt\\\/#listItem\"}]},{\"@type\":\"Organization\",\"@id\":\"https:\\\/\\\/www.rucashk.com\\\/pt\\\/#organization\",\"name\":\"Rucas\",\"url\":\"https:\\\/\\\/www.rucashk.com\\\/pt\\\/\",\"logo\":{\"@type\":\"ImageObject\",\"url\":\"https:\\\/\\\/www.rucashk.com\\\/wp-content\\\/uploads\\\/2023\\\/12\\\/Rucas_campany_logo.png\",\"@id\":\"https:\\\/\\\/www.rucashk.com\\\/pt\\\/produto\\\/xiaomi-smart-watch-gps-45days-long-battery\\\/#organizationLogo\",\"width\":221,\"height\":65},\"image\":{\"@id\":\"https:\\\/\\\/www.rucashk.com\\\/pt\\\/#organizationLogo\"}},{\"@type\":\"Person\",\"@id\":\"https:\\\/\\\/www.rucashk.com\\\/pt\\\/author\\\/admin\\\/#author\",\"url\":\"https:\\\/\\\/www.rucashk.com\\\/pt\\\/author\\\/admin\\\/\",\"name\":\"admin\",\"image\":{\"@type\":\"ImageObject\",\"@id\":\"https:\\\/\\\/www.rucashk.com\\\/pt\\\/produto\\\/xiaomi-smart-watch-gps-45days-long-battery\\\/#authorImage\",\"url\":\"https:\\\/\\\/secure.gravatar.com\\\/avatar\\\/b7c8925b09a27e72b30232f8ecaadbd5af0f70a38c78096863fe51b64f031c24?s=96&d=mm&r=g\",\"width\":96,\"height\":96,\"caption\":\"admin\"}},{\"@type\":\"WebPage\",\"@id\":\"https:\\\/\\\/www.rucashk.com\\\/pt\\\/produto\\\/xiaomi-smart-watch-gps-45days-long-battery\\\/#webpage\",\"url\":\"https:\\\/\\\/www.rucashk.com\\\/pt\\\/produto\\\/xiaomi-smart-watch-gps-45days-long-battery\\\/\",\"name\":\"Xiaomi Smart Watch GPS 45Days Long Battery - Rucas - Wholesale and Distribution\",\"description\":\"Lightweight smartwatch with 45-day battery life Fit Longer Powered for 1.5 month to keep up with your active lifestyle. Save the trouble of frequent charging with the whopping 45 days battery life on a single charge to keep up with your busy & active lifestyle. With only steps counting and sleep monitoring on, the watch can last up to 4 months!\",\"inLanguage\":\"pt-PT\",\"isPartOf\":{\"@id\":\"https:\\\/\\\/www.rucashk.com\\\/pt\\\/#website\"},\"breadcrumb\":{\"@id\":\"https:\\\/\\\/www.rucashk.com\\\/pt\\\/produto\\\/xiaomi-smart-watch-gps-45days-long-battery\\\/#breadcrumblist\"},\"author\":{\"@id\":\"https:\\\/\\\/www.rucashk.com\\\/pt\\\/author\\\/admin\\\/#author\"},\"creator\":{\"@id\":\"https:\\\/\\\/www.rucashk.com\\\/pt\\\/author\\\/admin\\\/#author\"},\"image\":{\"@type\":\"ImageObject\",\"url\":\"https:\\\/\\\/www.rucashk.com\\\/wp-content\\\/uploads\\\/2024\\\/01\\\/Global-Version-Amazfit-Huami-Bip-Lite-Original-Xiaomi-Smart-Watch-GPS-45Days-Long-Battery-Gloness-Heart.png\",\"@id\":\"https:\\\/\\\/www.rucashk.com\\\/pt\\\/produto\\\/xiaomi-smart-watch-gps-45days-long-battery\\\/#mainImage\",\"width\":640,\"height\":640},\"primaryImageOfPage\":{\"@id\":\"https:\\\/\\\/www.rucashk.com\\\/pt\\\/produto\\\/xiaomi-smart-watch-gps-45days-long-battery\\\/#mainImage\"},\"datePublished\":\"2024-01-09T15:40:30+00:00\",\"dateModified\":\"2024-01-22T07:24:07+00:00\"},{\"@type\":\"WebSite\",\"@id\":\"https:\\\/\\\/www.rucashk.com\\\/pt\\\/#website\",\"url\":\"https:\\\/\\\/www.rucashk.com\\\/pt\\\/\",\"name\":\"Rucas - Wholesale and distribution worldwide\",\"alternateName\":\"Rucas - One-stop AIoT Distribution Worldwide\",\"description\":\"One-stop AIoT Distribution Worldwide\",\"inLanguage\":\"pt-PT\",\"publisher\":{\"@id\":\"https:\\\/\\\/www.rucashk.com\\\/pt\\\/#organization\"}}]}\n\t\t<\/script>\n\t\t<!-- All in One SEO Pro -->\r\n\t\t<title>Xiaomi Smart Watch GPS 45Days Long Battery - Rucas - Wholesale and Distribution<\/title>\n\n","aioseo_head_json":{"title":"Xiaomi Smart Watch GPS 45Days Long Battery - Rucas - Wholesale and Distribution","description":"Lightweight smartwatch with 45-day battery life Fit Longer Powered for 1.5 month to keep up with your active lifestyle. Save the trouble of frequent charging with the whopping 45 days battery life on a single charge to keep up with your busy & active lifestyle. With only steps counting and sleep monitoring on, the watch can last up to 4 months!","canonical_url":"https:\/\/www.rucashk.com\/pt\/produto\/xiaomi-smart-watch-gps-45days-long-battery\/","robots":"max-image-preview:large","keywords":"","webmasterTools":{"miscellaneous":""},"og:locale":"pt_PT","og:site_name":"Rucas - One-stop AIoT Distribution Worldwide","og:type":"article","og:title":"Xiaomi Smart Watch GPS 45Days Long Battery - Rucas - Wholesale and Distribution","og:description":"Lightweight smartwatch with 45-day battery life Fit Longer Powered for 1.5 month to keep up with your active lifestyle. Save the trouble of frequent charging with the whopping 45 days battery life on a single charge to keep up with your busy &amp; active lifestyle. With only steps counting and sleep monitoring on, the watch can last up to 4 months!","og:url":"https:\/\/www.rucashk.com\/pt\/produto\/xiaomi-smart-watch-gps-45days-long-battery\/","og:image":"https:\/\/www.rucashk.com\/wp-content\/uploads\/replace\/503b8e645f128a97ccde2b6290747646.jpeg","og:image:secure_url":"https:\/\/www.rucashk.com\/wp-content\/uploads\/replace\/503b8e645f128a97ccde2b6290747646.jpeg","og:image:width":1456,"og:image:height":816,"article:published_time":"2024-01-09T15:40:30+00:00","article:modified_time":"2024-01-22T07:24:07+00:00","twitter:card":"summary_large_image","twitter:title":"Xiaomi Smart Watch GPS 45Days Long Battery - Rucas - Wholesale and Distribution","twitter:description":"Lightweight smartwatch with 45-day battery life Fit Longer Powered for 1.5 month to keep up with your active lifestyle. Save the trouble of frequent charging with the whopping 45 days battery life on a single charge to keep up with your busy &amp; active lifestyle. With only steps counting and sleep monitoring on, the watch can last up to 4 months!","twitter:image":"https:\/\/www.rucashk.com\/wp-content\/uploads\/replace\/503b8e645f128a97ccde2b6290747646.jpeg","schema":{"@context":"https:\/\/schema.org","@graph":[{"@type":"BreadcrumbList","@id":"https:\/\/www.rucashk.com\/pt\/produto\/xiaomi-smart-watch-gps-45days-long-battery\/#breadcrumblist","itemListElement":[{"@type":"ListItem","@id":"https:\/\/www.rucashk.com\/pt\/#listItem","position":1,"name":"Home","item":"https:\/\/www.rucashk.com\/pt\/","nextItem":"https:\/\/www.rucashk.com\/pt\/produto\/xiaomi-smart-watch-gps-45days-long-battery\/#listItem"},{"@type":"ListItem","@id":"https:\/\/www.rucashk.com\/pt\/produto\/xiaomi-smart-watch-gps-45days-long-battery\/#listItem","position":2,"name":"Xiaomi Smart Watch GPS 45Days Long Battery","previousItem":"https:\/\/www.rucashk.com\/pt\/#listItem"}]},{"@type":"Organization","@id":"https:\/\/www.rucashk.com\/pt\/#organization","name":"Rucas","url":"https:\/\/www.rucashk.com\/pt\/","logo":{"@type":"ImageObject","url":"https:\/\/www.rucashk.com\/wp-content\/uploads\/2023\/12\/Rucas_campany_logo.png","@id":"https:\/\/www.rucashk.com\/pt\/produto\/xiaomi-smart-watch-gps-45days-long-battery\/#organizationLogo","width":221,"height":65},"image":{"@id":"https:\/\/www.rucashk.com\/pt\/#organizationLogo"}},{"@type":"Person","@id":"https:\/\/www.rucashk.com\/pt\/author\/admin\/#author","url":"https:\/\/www.rucashk.com\/pt\/author\/admin\/","name":"admin","image":{"@type":"ImageObject","@id":"https:\/\/www.rucashk.com\/pt\/produto\/xiaomi-smart-watch-gps-45days-long-battery\/#authorImage","url":"https:\/\/secure.gravatar.com\/avatar\/b7c8925b09a27e72b30232f8ecaadbd5af0f70a38c78096863fe51b64f031c24?s=96&d=mm&r=g","width":96,"height":96,"caption":"admin"}},{"@type":"WebPage","@id":"https:\/\/www.rucashk.com\/pt\/produto\/xiaomi-smart-watch-gps-45days-long-battery\/#webpage","url":"https:\/\/www.rucashk.com\/pt\/produto\/xiaomi-smart-watch-gps-45days-long-battery\/","name":"Xiaomi Smart Watch GPS 45Days Long Battery - Rucas - Wholesale and Distribution","description":"Lightweight smartwatch with 45-day battery life Fit Longer Powered for 1.5 month to keep up with your active lifestyle. Save the trouble of frequent charging with the whopping 45 days battery life on a single charge to keep up with your busy & active lifestyle. With only steps counting and sleep monitoring on, the watch can last up to 4 months!","inLanguage":"pt-PT","isPartOf":{"@id":"https:\/\/www.rucashk.com\/pt\/#website"},"breadcrumb":{"@id":"https:\/\/www.rucashk.com\/pt\/produto\/xiaomi-smart-watch-gps-45days-long-battery\/#breadcrumblist"},"author":{"@id":"https:\/\/www.rucashk.com\/pt\/author\/admin\/#author"},"creator":{"@id":"https:\/\/www.rucashk.com\/pt\/author\/admin\/#author"},"image":{"@type":"ImageObject","url":"https:\/\/www.rucashk.com\/wp-content\/uploads\/2024\/01\/Global-Version-Amazfit-Huami-Bip-Lite-Original-Xiaomi-Smart-Watch-GPS-45Days-Long-Battery-Gloness-Heart.png","@id":"https:\/\/www.rucashk.com\/pt\/produto\/xiaomi-smart-watch-gps-45days-long-battery\/#mainImage","width":640,"height":640},"primaryImageOfPage":{"@id":"https:\/\/www.rucashk.com\/pt\/produto\/xiaomi-smart-watch-gps-45days-long-battery\/#mainImage"},"datePublished":"2024-01-09T15:40:30+00:00","dateModified":"2024-01-22T07:24:07+00:00"},{"@type":"WebSite","@id":"https:\/\/www.rucashk.com\/pt\/#website","url":"https:\/\/www.rucashk.com\/pt\/","name":"Rucas - Wholesale and distribution worldwide","alternateName":"Rucas - One-stop AIoT Distribution Worldwide","description":"One-stop AIoT Distribution Worldwide","inLanguage":"pt-PT","publisher":{"@id":"https:\/\/www.rucashk.com\/pt\/#organization"}}]}},"aioseo_meta_data":{"post_id":"22150","title":null,"description":null,"keywords":null,"keyphrases":null,"primary_term":null,"canonical_url":null,"og_title":null,"og_description":null,"og_object_type":"default","og_image_type":"default","og_image_url":null,"og_image_width":null,"og_image_height":null,"og_image_custom_url":null,"og_image_custom_fields":null,"og_video":null,"og_custom_url":null,"og_article_section":null,"og_article_tags":null,"twitter_use_og":false,"twitter_card":"default","twitter_image_type":"default","twitter_image_url":null,"twitter_image_custom_url":null,"twitter_image_custom_fields":null,"twitter_title":null,"twitter_description":null,"schema":{"blockGraphs":[],"customGraphs":[],"default":{"data":{"Article":[],"Course":[],"Dataset":[],"FAQPage":[],"Movie":[],"Person":[],"Product":[],"Recipe":[],"Service":[],"SoftwareApplication":[],"WebPage":[]},"graphName":"","isEnabled":true},"graphs":[]},"schema_type":"default","schema_type_options":null,"pillar_content":false,"robots_default":true,"robots_noindex":false,"robots_noarchive":false,"robots_nosnippet":false,"robots_nofollow":false,"robots_noimageindex":false,"robots_noodp":false,"robots_notranslate":false,"robots_max_snippet":null,"robots_max_videopreview":null,"robots_max_imagepreview":"large","priority":null,"frequency":null,"local_seo":null,"breadcrumb_settings":null,"limit_modified_date":false,"created":"2024-04-11 01:55:22","updated":"2025-06-22 16:37:03"},"aioseo_breadcrumb":"<div class=\"aioseo-breadcrumbs\"><span class=\"aioseo-breadcrumb\">\n\t<a href=\"https:\/\/www.rucashk.com\/pt\" title=\"Home\">Home<\/a>\n<\/span><span class=\"aioseo-breadcrumb-separator\">&raquo;<\/span><span class=\"aioseo-breadcrumb\">\n\t<a href=\"https:\/\/www.rucashk.com\/pt\/products\/\" title=\"Produtos\">Produtos<\/a>\n<\/span><span class=\"aioseo-breadcrumb-separator\">&raquo;<\/span><span class=\"aioseo-breadcrumb\">\n\t<a href=\"https:\/\/www.rucashk.com\/pt\/categoria-produto\/xiaomi-eco\/\" title=\"Xiaomi Eco\">Xiaomi Eco<\/a>\n<\/span><span class=\"aioseo-breadcrumb-separator\">&raquo;<\/span><span class=\"aioseo-breadcrumb\">\n\t<a href=\"https:\/\/www.rucashk.com\/pt\/categoria-produto\/xiaomi-eco\/mi-band-smartwatch\/\" title=\"Mi Band Smartwatch\">Mi Band Smartwatch<\/a>\n<\/span><span class=\"aioseo-breadcrumb-separator\">&raquo;<\/span><span class=\"aioseo-breadcrumb\">\n\tXiaomi Smart Watch GPS 45Days Long Battery\n<\/span><\/div>","aioseo_breadcrumb_json":[{"label":"Home","link":"https:\/\/www.rucashk.com\/pt"},{"label":"Produtos","link":"https:\/\/www.rucashk.com\/pt\/products\/"},{"label":"Xiaomi Eco","link":"https:\/\/www.rucashk.com\/pt\/categoria-produto\/xiaomi-eco\/"},{"label":"Mi Band Smartwatch","link":"https:\/\/www.rucashk.com\/pt\/categoria-produto\/xiaomi-eco\/mi-band-smartwatch\/"},{"label":"Xiaomi Smart Watch GPS 45Days Long Battery","link":"https:\/\/www.rucashk.com\/pt\/produto\/xiaomi-smart-watch-gps-45days-long-battery\/"}],"_links":{"self":[{"href":"https:\/\/www.rucashk.com\/pt\/wp-json\/wp\/v2\/product\/22150","targetHints":{"allow":["GET"]}}],"collection":[{"href":"https:\/\/www.rucashk.com\/pt\/wp-json\/wp\/v2\/product"}],"about":[{"href":"https:\/\/www.rucashk.com\/pt\/wp-json\/wp\/v2\/types\/product"}],"wp:featuredmedia":[{"embeddable":true,"href":"https:\/\/www.rucashk.com\/pt\/wp-json\/wp\/v2\/media\/22253"}],"wp:attachment":[{"href":"https:\/\/www.rucashk.com\/pt\/wp-json\/wp\/v2\/media?parent=22150"}],"wp:term":[{"taxonomy":"product_brand","embeddable":true,"href":"https:\/\/www.rucashk.com\/pt\/wp-json\/wp\/v2\/product_brand?post=22150"},{"taxonomy":"product_cat","embeddable":true,"href":"https:\/\/www.rucashk.com\/pt\/wp-json\/wp\/v2\/product_cat?post=22150"},{"taxonomy":"product_tag","embeddable":true,"href":"https:\/\/www.rucashk.com\/pt\/wp-json\/wp\/v2\/product_tag?post=22150"}],"curies":[{"name":"wp","href":"https:\/\/api.w.org\/{rel}","templated":true}]}}