{"id":22108,"date":"2024-01-09T15:39:40","date_gmt":"2024-01-09T15:39:40","guid":{"rendered":"http:\/\/rucashk.com\/?post_type=product&#038;p=22108"},"modified":"2024-03-13T13:13:31","modified_gmt":"2024-03-13T13:13:31","slug":"xiaomi-youpin-instant-heating-faucet","status":"publish","type":"product","link":"https:\/\/www.rucashk.com\/pt\/produto\/xiaomi-youpin-instant-heating-faucet\/","title":{"rendered":"Torneira de aquecimento instant\u00e2neo Xiaomi youpin"},"content":{"rendered":"<h3 style=\"text-align: center\">Torneira de aquecimento instant\u00e2neo Xiaomi youpin<\/h3>\n<p><img fetchpriority=\"high\" decoding=\"async\" class=\"alignnone\" src=\"\/wp-content\/uploads\/replace\/27df72ef1b0ae9ca3f626349dbb3d1a6.jpeg\" alt=\"Xiaomi youpin Instant Heating Faucet\" width=\"800\" height=\"800\" \/><img decoding=\"async\" class=\"alignnone\" src=\"\/wp-content\/uploads\/replace\/0fa728e22da3875bf1b8417ee321aae5.jpeg\" alt=\"Xiaomi youpin Instant Heating Faucet\" width=\"1000\" height=\"1000\" \/><img decoding=\"async\" class=\"alignnone\" src=\"\/wp-content\/uploads\/replace\/e1b69875e2e2a906aa728f9b3b8fa54e.jpeg\" alt=\"Xiaomi youpin Instant Heating Faucet\" width=\"1000\" height=\"1000\" \/><img loading=\"lazy\" decoding=\"async\" class=\"alignnone\" src=\"\/wp-content\/uploads\/replace\/f4b9ccf573fbda1b7e32e5526592941e.jpeg\" alt=\"Xiaomi youpin Instant Heating Faucet\" width=\"1000\" height=\"1000\" \/><img loading=\"lazy\" decoding=\"async\" class=\"alignnone\" src=\"\/wp-content\/uploads\/replace\/6b459ed53af9151052ae3bb7a7e79fe3.jpeg\" alt=\"Xiaomi youpin Instant Heating Faucet\" width=\"1000\" height=\"642\" \/><img loading=\"lazy\" decoding=\"async\" class=\"alignnone\" src=\"\/wp-content\/uploads\/replace\/a03e57cc014f3c662eee96fd0010fc37.jpeg\" alt=\"Xiaomi youpin Instant Heating Faucet\" width=\"1000\" height=\"1000\" \/><img loading=\"lazy\" decoding=\"async\" class=\"alignnone\" src=\"\/wp-content\/uploads\/replace\/9f08715cafb336766c2c47babea436d5.jpeg\" alt=\"Xiaomi youpin Instant Heating Faucet\" width=\"1000\" height=\"687\" \/><img loading=\"lazy\" decoding=\"async\" class=\"alignnone\" src=\"\/wp-content\/uploads\/replace\/8afc663f794947d37a6aff8c14032ddc.jpeg\" alt=\"Xiaomi youpin Instant Heating Faucet\" width=\"1000\" height=\"1000\" \/><\/p>\n<h4 class=\"expand_en_name\">Especifica\u00e7\u00e3o<\/h4>\n<div class=\"product_pz_info product_pz_style2\">\n<table>\n<tbody>\n<tr>\n<th>Em geral<\/th>\n<td>Fun\u00e7\u00e3o: Torneira de Cozinha<br \/>\nRecurso: Outros<br \/>\nEstilo: Contempor\u00e2neo<\/td>\n<\/tr>\n<tr>\n<th>Detalhes do produto<\/th>\n<td>N\u00famero de al\u00e7as: outros<\/td>\n<\/tr>\n<tr>\n<th>Dimens\u00e3o e Peso<\/th>\n<td>Peso do produto: 0,9000 kg<br \/>\nPeso da embalagem: 0,9500 kg<br \/>\nTamanho do produto (C x L x A): 15,00 x 7,50 x 7,50 cm \/ 5,91 x 2,95 x 2,95 polegadas<br \/>\nTamanho do pacote (C x L x A): 17,60 x 11,00 x 25,70 cm \/ 6,93 x 4,33 x 10,12 polegadas<\/td>\n<\/tr>\n<tr>\n<th>conte\u00fado do pacote<\/th>\n<td>Conte\u00fado do pacote: 1 x torneira, 1 x chave de instala\u00e7\u00e3o, 3 x tapete de veda\u00e7\u00e3o, 6 x adaptador, 1 x conector universal, 1 x instru\u00e7\u00e3o chinesa<\/td>\n<\/tr>\n<\/tbody>\n<\/table>\n<\/div>","protected":false},"excerpt":{"rendered":"<p data-spm-anchor-id=\"a2g0o.detail.1000023.i8.1feb5198y1uWs1\"><strong>Principais caracter\u00edsticas:<\/strong><br \/>\n<span data-spm-anchor-id=\"a2g0o.detail.1000023.i9.1feb5198y1uWs1\">1. 3 segundos de aquecimento r\u00e1pido devido ao elemento de aquecimento de a\u00e7o inoxid\u00e1vel de alto desempenho, sem necessidade de pr\u00e9-aquecer antes de usar. Alta efici\u00eancia e economia de energia.<\/span><\/p>\n<div>2. O display eletr\u00f4nico de f\u00e1cil leitura mostra a temperatura da \u00e1gua.<\/div>\n<div><span data-spm-anchor-id=\"a2g0o.detail.1000023.i10.1feb5198y1uWs1\">3. Handle control, you can adjust the water temperature and switch the cold water and the hot water by the tap handle.<br \/>\n4.\u00a0Innovative hydropower separation technology to completely isolate and insulate current and water flow, prevent the occurrence of water flow and electricity, and ensure the safety of water with your family.<br \/>\n5. LED Display, 30-50\u00b0C\u00a0 water temperature adjustable.<br \/>\n6.\u00a0Easy assembly and disassembly design.<\/span><\/div>","protected":false},"featured_media":22224,"template":"","meta":[],"product_brand":[],"product_cat":[1318,1305],"product_tag":[671,420],"class_list":{"0":"post-22108","1":"product","2":"type-product","3":"status-publish","4":"has-post-thumbnail","6":"product_cat-gadgets","7":"product_cat-xiaomi-eco","8":"product_tag-faucet","9":"product_tag-xiaomi","11":"first","12":"instock","13":"shipping-taxable","14":"product-type-external"},"aioseo_notices":[],"aioseo_head":"\n\t\t<!-- All in One SEO Pro 4.5.9.2 - aioseo.com -->\n\t\t<meta name=\"description\" content=\"Main Features: 1. 3 seconds fast heat due to high performance stainless steel heating element, no need to preheat before using. High efficient, saving energy. 2. Easy-to-read electronic display shows the water temperature. 3. Handle control, you can adjust the water temperature and switch the cold water and the hot water by the tap handle. 4. Innovative hydropower separation technology to completely isolate and insulate current and water flow, prevent the occurrence of water flow and electricity, and ensure the safety of water with your family. 5. LED Display, 30-50\u00b0C water temperature adjustable. 6. Easy assembly and disassembly design.\" \/>\n\t\t<meta name=\"robots\" content=\"max-image-preview:large\" \/>\n\t\t<link rel=\"canonical\" href=\"https:\/\/www.rucashk.com\/pt\/produto\/xiaomi-youpin-instant-heating-faucet\/\" \/>\n\t\t<meta name=\"generator\" content=\"All in One SEO Pro (AIOSEO) 4.5.9.2\" \/>\n\t\t<meta property=\"og:locale\" content=\"pt_PT\" \/>\n\t\t<meta property=\"og:site_name\" content=\"Rucas - One-stop AIoT Distribution Worldwide\" \/>\n\t\t<meta property=\"og:type\" content=\"article\" \/>\n\t\t<meta property=\"og:title\" content=\"Xiaomi youpin Instant Heating Faucet - Rucas - Wholesale and Distribution\" \/>\n\t\t<meta property=\"og:description\" content=\"Main Features: 1. 3 seconds fast heat due to high performance stainless steel heating element, no need to preheat before using. High efficient, saving energy. 2. Easy-to-read electronic display shows the water temperature. 3. Handle control, you can adjust the water temperature and switch the cold water and the hot water by the tap handle. 4. Innovative hydropower separation technology to completely isolate and insulate current and water flow, prevent the occurrence of water flow and electricity, and ensure the safety of water with your family. 5. LED Display, 30-50\u00b0C water temperature adjustable. 6. Easy assembly and disassembly design.\" \/>\n\t\t<meta property=\"og:url\" content=\"https:\/\/www.rucashk.com\/pt\/produto\/xiaomi-youpin-instant-heating-faucet\/\" \/>\n\t\t<meta property=\"og:image\" content=\"https:\/\/www.rucashk.com\/wp-content\/uploads\/replace\/503b8e645f128a97ccde2b6290747646.jpeg\" \/>\n\t\t<meta property=\"og:image:secure_url\" content=\"https:\/\/www.rucashk.com\/wp-content\/uploads\/replace\/503b8e645f128a97ccde2b6290747646.jpeg\" \/>\n\t\t<meta property=\"og:image:width\" content=\"1456\" \/>\n\t\t<meta property=\"og:image:height\" content=\"816\" \/>\n\t\t<meta property=\"article:published_time\" content=\"2024-01-09T15:39:40+00:00\" \/>\n\t\t<meta property=\"article:modified_time\" content=\"2024-03-13T13:13:31+00:00\" \/>\n\t\t<meta name=\"twitter:card\" content=\"summary_large_image\" \/>\n\t\t<meta name=\"twitter:title\" content=\"Xiaomi youpin Instant Heating Faucet - Rucas - Wholesale and Distribution\" \/>\n\t\t<meta name=\"twitter:description\" content=\"Main Features: 1. 3 seconds fast heat due to high performance stainless steel heating element, no need to preheat before using. High efficient, saving energy. 2. Easy-to-read electronic display shows the water temperature. 3. Handle control, you can adjust the water temperature and switch the cold water and the hot water by the tap handle. 4. Innovative hydropower separation technology to completely isolate and insulate current and water flow, prevent the occurrence of water flow and electricity, and ensure the safety of water with your family. 5. LED Display, 30-50\u00b0C water temperature adjustable. 6. Easy assembly and disassembly design.\" \/>\n\t\t<meta name=\"twitter:image\" content=\"https:\/\/www.rucashk.com\/wp-content\/uploads\/replace\/503b8e645f128a97ccde2b6290747646.jpeg\" \/>\n\t\t<script type=\"application\/ld+json\" class=\"aioseo-schema\">\n\t\t\t{\"@context\":\"https:\\\/\\\/schema.org\",\"@graph\":[{\"@type\":\"BreadcrumbList\",\"@id\":\"https:\\\/\\\/www.rucashk.com\\\/pt\\\/produto\\\/xiaomi-youpin-instant-heating-faucet\\\/#breadcrumblist\",\"itemListElement\":[{\"@type\":\"ListItem\",\"@id\":\"https:\\\/\\\/www.rucashk.com\\\/pt\\\/#listItem\",\"position\":1,\"name\":\"Home\",\"item\":\"https:\\\/\\\/www.rucashk.com\\\/pt\\\/\",\"nextItem\":\"https:\\\/\\\/www.rucashk.com\\\/pt\\\/produto\\\/xiaomi-youpin-instant-heating-faucet\\\/#listItem\"},{\"@type\":\"ListItem\",\"@id\":\"https:\\\/\\\/www.rucashk.com\\\/pt\\\/produto\\\/xiaomi-youpin-instant-heating-faucet\\\/#listItem\",\"position\":2,\"name\":\"Xiaomi youpin Instant Heating Faucet\",\"previousItem\":\"https:\\\/\\\/www.rucashk.com\\\/pt\\\/#listItem\"}]},{\"@type\":\"Organization\",\"@id\":\"https:\\\/\\\/www.rucashk.com\\\/pt\\\/#organization\",\"name\":\"Rucas\",\"url\":\"https:\\\/\\\/www.rucashk.com\\\/pt\\\/\",\"logo\":{\"@type\":\"ImageObject\",\"url\":\"https:\\\/\\\/www.rucashk.com\\\/wp-content\\\/uploads\\\/2023\\\/12\\\/Rucas_campany_logo.png\",\"@id\":\"https:\\\/\\\/www.rucashk.com\\\/pt\\\/produto\\\/xiaomi-youpin-instant-heating-faucet\\\/#organizationLogo\",\"width\":221,\"height\":65},\"image\":{\"@id\":\"https:\\\/\\\/www.rucashk.com\\\/pt\\\/#organizationLogo\"}},{\"@type\":\"Person\",\"@id\":\"https:\\\/\\\/www.rucashk.com\\\/pt\\\/author\\\/admin\\\/#author\",\"url\":\"https:\\\/\\\/www.rucashk.com\\\/pt\\\/author\\\/admin\\\/\",\"name\":\"admin\",\"image\":{\"@type\":\"ImageObject\",\"@id\":\"https:\\\/\\\/www.rucashk.com\\\/pt\\\/produto\\\/xiaomi-youpin-instant-heating-faucet\\\/#authorImage\",\"url\":\"https:\\\/\\\/secure.gravatar.com\\\/avatar\\\/b7c8925b09a27e72b30232f8ecaadbd5af0f70a38c78096863fe51b64f031c24?s=96&d=mm&r=g\",\"width\":96,\"height\":96,\"caption\":\"admin\"}},{\"@type\":\"WebPage\",\"@id\":\"https:\\\/\\\/www.rucashk.com\\\/pt\\\/produto\\\/xiaomi-youpin-instant-heating-faucet\\\/#webpage\",\"url\":\"https:\\\/\\\/www.rucashk.com\\\/pt\\\/produto\\\/xiaomi-youpin-instant-heating-faucet\\\/\",\"name\":\"Xiaomi youpin Instant Heating Faucet - Rucas - Wholesale and Distribution\",\"description\":\"Main Features: 1. 3 seconds fast heat due to high performance stainless steel heating element, no need to preheat before using. High efficient, saving energy. 2. Easy-to-read electronic display shows the water temperature. 3. Handle control, you can adjust the water temperature and switch the cold water and the hot water by the tap handle. 4. Innovative hydropower separation technology to completely isolate and insulate current and water flow, prevent the occurrence of water flow and electricity, and ensure the safety of water with your family. 5. LED Display, 30-50\\u00b0C water temperature adjustable. 6. Easy assembly and disassembly design.\",\"inLanguage\":\"pt-PT\",\"isPartOf\":{\"@id\":\"https:\\\/\\\/www.rucashk.com\\\/pt\\\/#website\"},\"breadcrumb\":{\"@id\":\"https:\\\/\\\/www.rucashk.com\\\/pt\\\/produto\\\/xiaomi-youpin-instant-heating-faucet\\\/#breadcrumblist\"},\"author\":{\"@id\":\"https:\\\/\\\/www.rucashk.com\\\/pt\\\/author\\\/admin\\\/#author\"},\"creator\":{\"@id\":\"https:\\\/\\\/www.rucashk.com\\\/pt\\\/author\\\/admin\\\/#author\"},\"image\":{\"@type\":\"ImageObject\",\"url\":\"https:\\\/\\\/www.rucashk.com\\\/wp-content\\\/uploads\\\/2024\\\/01\\\/3-1-1.jpg\",\"@id\":\"https:\\\/\\\/www.rucashk.com\\\/pt\\\/produto\\\/xiaomi-youpin-instant-heating-faucet\\\/#mainImage\",\"width\":800,\"height\":800},\"primaryImageOfPage\":{\"@id\":\"https:\\\/\\\/www.rucashk.com\\\/pt\\\/produto\\\/xiaomi-youpin-instant-heating-faucet\\\/#mainImage\"},\"datePublished\":\"2024-01-09T15:39:40+00:00\",\"dateModified\":\"2024-03-13T13:13:31+00:00\"},{\"@type\":\"WebSite\",\"@id\":\"https:\\\/\\\/www.rucashk.com\\\/pt\\\/#website\",\"url\":\"https:\\\/\\\/www.rucashk.com\\\/pt\\\/\",\"name\":\"Rucas - Wholesale and distribution worldwide\",\"alternateName\":\"Rucas - One-stop AIoT Distribution Worldwide\",\"description\":\"One-stop AIoT Distribution Worldwide\",\"inLanguage\":\"pt-PT\",\"publisher\":{\"@id\":\"https:\\\/\\\/www.rucashk.com\\\/pt\\\/#organization\"}}]}\n\t\t<\/script>\n\t\t<!-- All in One SEO Pro -->\r\n\t\t<title>Xiaomi youpin Instant Heating Faucet - Rucas - Wholesale and Distribution<\/title>\n\n","aioseo_head_json":{"title":"Xiaomi youpin Instant Heating Faucet - Rucas - Wholesale and Distribution","description":"Main Features: 1. 3 seconds fast heat due to high performance stainless steel heating element, no need to preheat before using. High efficient, saving energy. 2. Easy-to-read electronic display shows the water temperature. 3. Handle control, you can adjust the water temperature and switch the cold water and the hot water by the tap handle. 4. Innovative hydropower separation technology to completely isolate and insulate current and water flow, prevent the occurrence of water flow and electricity, and ensure the safety of water with your family. 5. LED Display, 30-50\u00b0C water temperature adjustable. 6. Easy assembly and disassembly design.","canonical_url":"https:\/\/www.rucashk.com\/pt\/produto\/xiaomi-youpin-instant-heating-faucet\/","robots":"max-image-preview:large","keywords":"","webmasterTools":{"miscellaneous":""},"og:locale":"pt_PT","og:site_name":"Rucas - One-stop AIoT Distribution Worldwide","og:type":"article","og:title":"Xiaomi youpin Instant Heating Faucet - Rucas - Wholesale and Distribution","og:description":"Main Features: 1. 3 seconds fast heat due to high performance stainless steel heating element, no need to preheat before using. High efficient, saving energy. 2. Easy-to-read electronic display shows the water temperature. 3. Handle control, you can adjust the water temperature and switch the cold water and the hot water by the tap handle. 4. Innovative hydropower separation technology to completely isolate and insulate current and water flow, prevent the occurrence of water flow and electricity, and ensure the safety of water with your family. 5. LED Display, 30-50\u00b0C water temperature adjustable. 6. Easy assembly and disassembly design.","og:url":"https:\/\/www.rucashk.com\/pt\/produto\/xiaomi-youpin-instant-heating-faucet\/","og:image":"https:\/\/www.rucashk.com\/wp-content\/uploads\/replace\/503b8e645f128a97ccde2b6290747646.jpeg","og:image:secure_url":"https:\/\/www.rucashk.com\/wp-content\/uploads\/replace\/503b8e645f128a97ccde2b6290747646.jpeg","og:image:width":1456,"og:image:height":816,"article:published_time":"2024-01-09T15:39:40+00:00","article:modified_time":"2024-03-13T13:13:31+00:00","twitter:card":"summary_large_image","twitter:title":"Xiaomi youpin Instant Heating Faucet - Rucas - Wholesale and Distribution","twitter:description":"Main Features: 1. 3 seconds fast heat due to high performance stainless steel heating element, no need to preheat before using. High efficient, saving energy. 2. Easy-to-read electronic display shows the water temperature. 3. Handle control, you can adjust the water temperature and switch the cold water and the hot water by the tap handle. 4. Innovative hydropower separation technology to completely isolate and insulate current and water flow, prevent the occurrence of water flow and electricity, and ensure the safety of water with your family. 5. LED Display, 30-50\u00b0C water temperature adjustable. 6. Easy assembly and disassembly design.","twitter:image":"https:\/\/www.rucashk.com\/wp-content\/uploads\/replace\/503b8e645f128a97ccde2b6290747646.jpeg","schema":{"@context":"https:\/\/schema.org","@graph":[{"@type":"BreadcrumbList","@id":"https:\/\/www.rucashk.com\/pt\/produto\/xiaomi-youpin-instant-heating-faucet\/#breadcrumblist","itemListElement":[{"@type":"ListItem","@id":"https:\/\/www.rucashk.com\/pt\/#listItem","position":1,"name":"Home","item":"https:\/\/www.rucashk.com\/pt\/","nextItem":"https:\/\/www.rucashk.com\/pt\/produto\/xiaomi-youpin-instant-heating-faucet\/#listItem"},{"@type":"ListItem","@id":"https:\/\/www.rucashk.com\/pt\/produto\/xiaomi-youpin-instant-heating-faucet\/#listItem","position":2,"name":"Xiaomi youpin Instant Heating Faucet","previousItem":"https:\/\/www.rucashk.com\/pt\/#listItem"}]},{"@type":"Organization","@id":"https:\/\/www.rucashk.com\/pt\/#organization","name":"Rucas","url":"https:\/\/www.rucashk.com\/pt\/","logo":{"@type":"ImageObject","url":"https:\/\/www.rucashk.com\/wp-content\/uploads\/2023\/12\/Rucas_campany_logo.png","@id":"https:\/\/www.rucashk.com\/pt\/produto\/xiaomi-youpin-instant-heating-faucet\/#organizationLogo","width":221,"height":65},"image":{"@id":"https:\/\/www.rucashk.com\/pt\/#organizationLogo"}},{"@type":"Person","@id":"https:\/\/www.rucashk.com\/pt\/author\/admin\/#author","url":"https:\/\/www.rucashk.com\/pt\/author\/admin\/","name":"admin","image":{"@type":"ImageObject","@id":"https:\/\/www.rucashk.com\/pt\/produto\/xiaomi-youpin-instant-heating-faucet\/#authorImage","url":"https:\/\/secure.gravatar.com\/avatar\/b7c8925b09a27e72b30232f8ecaadbd5af0f70a38c78096863fe51b64f031c24?s=96&d=mm&r=g","width":96,"height":96,"caption":"admin"}},{"@type":"WebPage","@id":"https:\/\/www.rucashk.com\/pt\/produto\/xiaomi-youpin-instant-heating-faucet\/#webpage","url":"https:\/\/www.rucashk.com\/pt\/produto\/xiaomi-youpin-instant-heating-faucet\/","name":"Xiaomi youpin Instant Heating Faucet - Rucas - Wholesale and Distribution","description":"Main Features: 1. 3 seconds fast heat due to high performance stainless steel heating element, no need to preheat before using. High efficient, saving energy. 2. Easy-to-read electronic display shows the water temperature. 3. Handle control, you can adjust the water temperature and switch the cold water and the hot water by the tap handle. 4. Innovative hydropower separation technology to completely isolate and insulate current and water flow, prevent the occurrence of water flow and electricity, and ensure the safety of water with your family. 5. LED Display, 30-50\u00b0C water temperature adjustable. 6. Easy assembly and disassembly design.","inLanguage":"pt-PT","isPartOf":{"@id":"https:\/\/www.rucashk.com\/pt\/#website"},"breadcrumb":{"@id":"https:\/\/www.rucashk.com\/pt\/produto\/xiaomi-youpin-instant-heating-faucet\/#breadcrumblist"},"author":{"@id":"https:\/\/www.rucashk.com\/pt\/author\/admin\/#author"},"creator":{"@id":"https:\/\/www.rucashk.com\/pt\/author\/admin\/#author"},"image":{"@type":"ImageObject","url":"https:\/\/www.rucashk.com\/wp-content\/uploads\/2024\/01\/3-1-1.jpg","@id":"https:\/\/www.rucashk.com\/pt\/produto\/xiaomi-youpin-instant-heating-faucet\/#mainImage","width":800,"height":800},"primaryImageOfPage":{"@id":"https:\/\/www.rucashk.com\/pt\/produto\/xiaomi-youpin-instant-heating-faucet\/#mainImage"},"datePublished":"2024-01-09T15:39:40+00:00","dateModified":"2024-03-13T13:13:31+00:00"},{"@type":"WebSite","@id":"https:\/\/www.rucashk.com\/pt\/#website","url":"https:\/\/www.rucashk.com\/pt\/","name":"Rucas - Wholesale and distribution worldwide","alternateName":"Rucas - One-stop AIoT Distribution Worldwide","description":"One-stop AIoT Distribution Worldwide","inLanguage":"pt-PT","publisher":{"@id":"https:\/\/www.rucashk.com\/pt\/#organization"}}]}},"aioseo_meta_data":{"post_id":"22108","title":null,"description":null,"keywords":null,"keyphrases":null,"primary_term":null,"canonical_url":null,"og_title":null,"og_description":null,"og_object_type":"default","og_image_type":"default","og_image_url":null,"og_image_width":null,"og_image_height":null,"og_image_custom_url":null,"og_image_custom_fields":null,"og_video":null,"og_custom_url":null,"og_article_section":null,"og_article_tags":null,"twitter_use_og":false,"twitter_card":"default","twitter_image_type":"default","twitter_image_url":null,"twitter_image_custom_url":null,"twitter_image_custom_fields":null,"twitter_title":null,"twitter_description":null,"schema":{"blockGraphs":[],"customGraphs":[],"default":{"data":{"Article":[],"Course":[],"Dataset":[],"FAQPage":[],"Movie":[],"Person":[],"Product":[],"Recipe":[],"Service":[],"SoftwareApplication":[],"WebPage":[]},"graphName":"","isEnabled":true},"graphs":[]},"schema_type":"default","schema_type_options":null,"pillar_content":false,"robots_default":true,"robots_noindex":false,"robots_noarchive":false,"robots_nosnippet":false,"robots_nofollow":false,"robots_noimageindex":false,"robots_noodp":false,"robots_notranslate":false,"robots_max_snippet":null,"robots_max_videopreview":null,"robots_max_imagepreview":"large","priority":null,"frequency":null,"local_seo":null,"breadcrumb_settings":null,"limit_modified_date":false,"created":"2024-04-11 01:55:22","updated":"2025-06-22 16:37:02"},"aioseo_breadcrumb":"<div class=\"aioseo-breadcrumbs\"><span class=\"aioseo-breadcrumb\">\n\t<a href=\"https:\/\/www.rucashk.com\/pt\" title=\"Home\">Home<\/a>\n<\/span><span class=\"aioseo-breadcrumb-separator\">&raquo;<\/span><span class=\"aioseo-breadcrumb\">\n\t<a href=\"https:\/\/www.rucashk.com\/pt\/products\/\" title=\"Produtos\">Produtos<\/a>\n<\/span><span class=\"aioseo-breadcrumb-separator\">&raquo;<\/span><span class=\"aioseo-breadcrumb\">\n\t<a href=\"https:\/\/www.rucashk.com\/pt\/categoria-produto\/xiaomi-eco\/\" title=\"Xiaomi Eco\">Xiaomi Eco<\/a>\n<\/span><span class=\"aioseo-breadcrumb-separator\">&raquo;<\/span><span class=\"aioseo-breadcrumb\">\n\t<a href=\"https:\/\/www.rucashk.com\/pt\/categoria-produto\/xiaomi-eco\/gadgets\/\" title=\"Gadgets\">Gadgets<\/a>\n<\/span><span class=\"aioseo-breadcrumb-separator\">&raquo;<\/span><span class=\"aioseo-breadcrumb\">\n\tXiaomi youpin Instant Heating Faucet\n<\/span><\/div>","aioseo_breadcrumb_json":[{"label":"Home","link":"https:\/\/www.rucashk.com\/pt"},{"label":"Produtos","link":"https:\/\/www.rucashk.com\/pt\/products\/"},{"label":"Xiaomi Eco","link":"https:\/\/www.rucashk.com\/pt\/categoria-produto\/xiaomi-eco\/"},{"label":"Gadgets","link":"https:\/\/www.rucashk.com\/pt\/categoria-produto\/xiaomi-eco\/gadgets\/"},{"label":"Xiaomi youpin Instant Heating Faucet","link":"https:\/\/www.rucashk.com\/pt\/produto\/xiaomi-youpin-instant-heating-faucet\/"}],"_links":{"self":[{"href":"https:\/\/www.rucashk.com\/pt\/wp-json\/wp\/v2\/product\/22108","targetHints":{"allow":["GET"]}}],"collection":[{"href":"https:\/\/www.rucashk.com\/pt\/wp-json\/wp\/v2\/product"}],"about":[{"href":"https:\/\/www.rucashk.com\/pt\/wp-json\/wp\/v2\/types\/product"}],"wp:featuredmedia":[{"embeddable":true,"href":"https:\/\/www.rucashk.com\/pt\/wp-json\/wp\/v2\/media\/22224"}],"wp:attachment":[{"href":"https:\/\/www.rucashk.com\/pt\/wp-json\/wp\/v2\/media?parent=22108"}],"wp:term":[{"taxonomy":"product_brand","embeddable":true,"href":"https:\/\/www.rucashk.com\/pt\/wp-json\/wp\/v2\/product_brand?post=22108"},{"taxonomy":"product_cat","embeddable":true,"href":"https:\/\/www.rucashk.com\/pt\/wp-json\/wp\/v2\/product_cat?post=22108"},{"taxonomy":"product_tag","embeddable":true,"href":"https:\/\/www.rucashk.com\/pt\/wp-json\/wp\/v2\/product_tag?post=22108"}],"curies":[{"name":"wp","href":"https:\/\/api.w.org\/{rel}","templated":true}]}}