{"id":22106,"date":"2024-01-09T15:39:39","date_gmt":"2024-01-09T15:39:39","guid":{"rendered":"http:\/\/rucashk.com\/?post_type=product&#038;p=22106"},"modified":"2024-01-17T03:49:43","modified_gmt":"2024-01-17T03:49:43","slug":"xiaomi-mi-q5s-usb-electric-masks-abs-eco-friendly","status":"publish","type":"product","link":"https:\/\/www.rucashk.com\/pt\/produto\/xiaomi-mi-q5s-usb-electric-masks-abs-eco-friendly\/","title":{"rendered":"M\u00e1scaras el\u00e9tricas USB Xiaomi Mi Q5S - ABS ecol\u00f3gicas"},"content":{"rendered":"<h3 style=\"text-align: center\">M\u00e1scaras el\u00e9tricas USB Xiaomi Mi Q5S - ABS ecol\u00f3gicas<\/h3>\n<p><img fetchpriority=\"high\" decoding=\"async\" class=\"alignnone\" src=\"https:\/\/www.rucashk.com\/wp-content\/uploads\/2020\/05\/H8d06e9c7acbd40e9b6f6cc1fd23f1b20g.jpg\" alt=\"Xiaomi Mi Q5S usb Electric Masks- ABS Eco-friendly\" width=\"800\" height=\"786\" \/><img decoding=\"async\" class=\"alignnone\" src=\"https:\/\/www.rucashk.com\/wp-content\/uploads\/2020\/05\/Habcd74c26b444c2db4a4bbd2b9eb0a99N.jpg\" alt=\"Xiaomi Mi Q5S usb Electric Masks- ABS Eco-friendly\" width=\"800\" height=\"756\" \/><img decoding=\"async\" class=\"alignnone\" src=\"https:\/\/www.rucashk.com\/wp-content\/uploads\/2020\/05\/Hed481265aa7d4ed98ef56373f9936205U.jpg\" alt=\"Xiaomi Mi Q5S usb Electric Masks- ABS Eco-friendly\" width=\"800\" height=\"738\" \/><img loading=\"lazy\" decoding=\"async\" class=\"alignnone\" src=\"https:\/\/www.rucashk.com\/wp-content\/uploads\/2020\/05\/Hec00f9060b844995a14a60ad31e1ad0fZ.jpg\" alt=\"Xiaomi Mi Q5S usb Electric Masks- ABS Eco-friendly\" width=\"1052\" height=\"1052\" \/><img loading=\"lazy\" decoding=\"async\" class=\"alignnone\" src=\"https:\/\/www.rucashk.com\/wp-content\/uploads\/2020\/05\/H073ae937436045d2afedfaedb38007b5Y.jpg\" alt=\"Xiaomi Mi Q5S usb Electric Masks- ABS Eco-friendly\" width=\"1000\" height=\"2336\" \/><img loading=\"lazy\" decoding=\"async\" class=\"alignnone\" src=\"https:\/\/www.rucashk.com\/wp-content\/uploads\/2020\/05\/H868335cd7b034eddbd58c17e0feff56et.jpg\" alt=\"Xiaomi Mi Q5S usb Electric Masks- ABS Eco-friendly\" width=\"1000\" height=\"1736\" \/><img loading=\"lazy\" decoding=\"async\" class=\"alignnone\" src=\"https:\/\/www.rucashk.com\/wp-content\/uploads\/2020\/05\/H03de157dc62f4e679fd19029aa6dee2aN.jpg\" alt=\"Xiaomi Mi Q5S usb Electric Masks- ABS Eco-friendly\" width=\"1000\" height=\"1851\" \/><img loading=\"lazy\" decoding=\"async\" class=\"alignnone\" src=\"https:\/\/www.rucashk.com\/wp-content\/uploads\/2020\/05\/H03de157dc62f4e679fd19029aa6dee2aN.jpg\" alt=\"Xiaomi Mi Q5S usb Electric Masks- ABS Eco-friendly\" width=\"1000\" height=\"1851\" \/><img loading=\"lazy\" decoding=\"async\" class=\"alignnone\" src=\"https:\/\/www.rucashk.com\/wp-content\/uploads\/2020\/05\/Hafdc87dd559d49809a751204ec9722b2q.jpg\" alt=\"Xiaomi Mi Q5S usb Electric Masks- ABS Eco-friendly\" width=\"1000\" height=\"1995\" \/><img loading=\"lazy\" decoding=\"async\" class=\"alignnone\" src=\"https:\/\/www.rucashk.com\/wp-content\/uploads\/2020\/05\/H4d5814a5e333492ab14ba56247c1aef0G.jpg\" alt=\"Xiaomi Mi Q5S usb Electric Masks- ABS Eco-friendly\" width=\"1000\" height=\"1837\" \/><img loading=\"lazy\" decoding=\"async\" class=\"alignnone\" src=\"https:\/\/www.rucashk.com\/wp-content\/uploads\/2020\/05\/H46bc5e1f28744d57acde9b5911b24697r.jpg\" alt=\"Xiaomi Mi Q5S usb Electric Masks- ABS Eco-friendly\" width=\"1000\" height=\"1301\" \/><img loading=\"lazy\" decoding=\"async\" class=\"alignnone\" src=\"https:\/\/www.rucashk.com\/wp-content\/uploads\/2020\/05\/Hf9f48b86d07448ababfebb0d79151a490.jpg\" alt=\"Xiaomi Mi Q5S usb Electric Masks- ABS Eco-friendly\" width=\"1000\" height=\"759\" \/><img loading=\"lazy\" decoding=\"async\" class=\"alignnone\" src=\"https:\/\/www.rucashk.com\/wp-content\/uploads\/2020\/05\/H38c0273b6be64fb687fd0ed3f69264f2a.jpg\" alt=\"Xiaomi Mi Q5S usb Electric Masks- ABS Eco-friendly\" width=\"1000\" height=\"815\" \/><img loading=\"lazy\" decoding=\"async\" class=\"alignnone\" src=\"https:\/\/www.rucashk.com\/wp-content\/uploads\/2020\/05\/H706a9b62c2cd413cb90aeb5edcf1aec0W.jpg\" alt=\"Xiaomi Mi Q5S usb Electric Masks- ABS Eco-friendly\" width=\"1000\" height=\"596\" \/><img loading=\"lazy\" decoding=\"async\" class=\"alignnone\" src=\"https:\/\/www.rucashk.com\/wp-content\/uploads\/2020\/05\/H09c91f43bb8a4e85aefc144bb580023d6.jpg\" alt=\"Xiaomi Mi Q5S usb Electric Masks- ABS Eco-friendly\" width=\"1000\" height=\"1104\" \/><\/p>\n<div class=\"product-detail-tab\">\n<div class=\"detail-extend-tab\">\n<div class=\"tab-content\">\n<div>\n<div class=\"product-specs\">\n<p>&nbsp;<\/p>\n<\/div>\n<\/div>\n<\/div>\n<\/div>\n<\/div>\n<div class=\"bottom-recommendation\">\n<div class=\"product-more\"><\/div>\n<\/div>","protected":false},"excerpt":{"rendered":"<p><strong>Principais caracter\u00edsticas:<\/strong><\/p>\n<ul class=\"product-specs-list util-clearfix\" data-spm-anchor-id=\"a2g0o.detail.0.i9.74393a6fMG12Tv\">\n<li class=\"product-prop line-limit-length\"><span class=\"property-title\">Marca:\u00a0<\/span><span class=\"property-desc line-limit-length\" title=\"Xiaomi\">Xiaomi<\/span><\/li>\n<li class=\"product-prop line-limit-length\"><span class=\"property-title\">Conector B:\u00a0<\/span><span class=\"property-desc line-limit-length\" title=\"Micro USB\">Micro USB<\/span><\/li>\n<li class=\"product-prop line-limit-length\"><span class=\"property-title\">Corrente M\u00e1xima:\u00a0<\/span><span class=\"property-desc line-limit-length\" title=\"2A\">2A<\/span><\/li>\n<li class=\"product-prop line-limit-length\"><span class=\"property-title\">Material de superf\u00edcie:\u00a0<\/span><span class=\"property-desc line-limit-length\" title=\"Metal\">Metal<\/span><\/li>\n<li class=\"product-prop line-limit-length\"><span class=\"property-title\">Conector A:\u00a0<\/span><span class=\"property-desc line-limit-length\" title=\"USB-A\">USB-A<\/span><\/li>\n<li class=\"product-prop line-limit-length\"><span class=\"property-title\">Caracter\u00edsticas:\u00a0<\/span><span class=\"property-desc line-limit-length\" title=\"Retr\u00e1til\">Retr\u00e1til<\/span><\/li>\n<li class=\"product-prop line-limit-length\"><span class=\"property-title\">Possui pacote de varejo:\u00a0<\/span><span class=\"property-desc line-limit-length\" title=\"Sim\">Sim<\/span><\/li>\n<li class=\"product-prop line-limit-length\"><span class=\"property-title\">Modelo:\u00a0<\/span><span class=\"property-desc line-limit-length\" title=\"Perguntas 5\">Perguntas 5<\/span><\/li>\n<li class=\"product-prop line-limit-length\"><span class=\"property-title\">Fun\u00e7\u00e3o:\u00a0<\/span><span class=\"property-desc line-limit-length\" title=\"Anti nevoeiro, poeira, formalde\u00eddo, fumo passivo, escapamento de carro, odor\">Anti nevoeiro, poeira, formalde\u00eddo, fumo passivo, escapamento de carro, odor<\/span><\/li>\n<li class=\"product-prop line-limit-length\"><span class=\"property-title\">Material:\u00a0<\/span><span class=\"property-desc line-limit-length\" title=\"Pl\u00e1stico ecol\u00f3gico, silicone, HEPA\">Pl\u00e1stico ecol\u00f3gico, silicone, HEPA<\/span><\/li>\n<li class=\"product-prop line-limit-length\"><span class=\"property-title\">Peso bruto:\u00a0<\/span><span class=\"property-desc line-limit-length\" title=\"75g\">75g<\/span><\/li>\n<li class=\"product-prop line-limit-length\"><span class=\"property-title\">Item n\u00famero:\u00a0<\/span><span class=\"property-desc line-limit-length\" title=\"Perguntas 5\">Perguntas 5<\/span><\/li>\n<li class=\"product-prop line-limit-length\"><span class=\"property-title\">Objeto aplic\u00e1vel:\u00a0<\/span><span class=\"property-desc line-limit-length\" title=\"Adulto\">Adulto<\/span><\/li>\n<li class=\"product-prop line-limit-length\"><span class=\"property-title\">Volume de embalagem:\u00a0<\/span><span class=\"property-desc line-limit-length\" title=\"76*80*100mm\">76*80*100mm<\/span><\/li>\n<li class=\"product-prop line-limit-length\"><span class=\"property-title\">Padr\u00e3o de seguran\u00e7a:\u00a0<\/span><span class=\"property-desc line-limit-length\" title=\"Padr\u00e3o chin\u00eas GB2626-2006\">Padr\u00e3o chin\u00eas GB2626-2006<\/span><\/li>\n<\/ul>","protected":false},"featured_media":22217,"template":"","meta":[],"product_brand":[],"product_cat":[1320,1305],"product_tag":[668,420],"class_list":{"0":"post-22106","1":"product","2":"type-product","3":"status-publish","4":"has-post-thumbnail","6":"product_cat-personal-care","7":"product_cat-xiaomi-eco","8":"product_tag-masks-abs","9":"product_tag-xiaomi","11":"first","12":"instock","13":"shipping-taxable","14":"product-type-external"},"aioseo_notices":[],"aioseo_head":"\n\t\t<!-- All in One SEO Pro 4.5.9.2 - aioseo.com -->\n\t\t<meta name=\"description\" content=\"Main Features: Brand Name: Xiaomi Connector B: Micro Usb Maximum Current: 2A Surface Material: Metal Connector A: USB A Features: Retractable Has Retail Package: Yes Model: Q5s Function: Anti fog, dust, formaldehyde, second-hand smoke, car exhaust, odor Material: Eco-friendly plastic, silicone, HEPA Gross weight: 75g Item No: Q5s Applicable object: Adult Packing volume: 76 * 80 * 100mm Safety standard: China GB2626-2006 standard\" \/>\n\t\t<meta name=\"robots\" content=\"max-image-preview:large\" \/>\n\t\t<link rel=\"canonical\" href=\"https:\/\/www.rucashk.com\/pt\/produto\/xiaomi-mi-q5s-usb-electric-masks-abs-eco-friendly\/\" \/>\n\t\t<meta name=\"generator\" content=\"All in One SEO Pro (AIOSEO) 4.5.9.2\" \/>\n\t\t<meta property=\"og:locale\" content=\"pt_PT\" \/>\n\t\t<meta property=\"og:site_name\" content=\"Rucas - One-stop AIoT Distribution Worldwide\" \/>\n\t\t<meta property=\"og:type\" content=\"article\" \/>\n\t\t<meta property=\"og:title\" content=\"Xiaomi Mi Q5S usb Electric Masks- ABS Eco-friendly - Rucas - Wholesale and Distribution\" \/>\n\t\t<meta property=\"og:description\" content=\"Main Features: Brand Name: Xiaomi Connector B: Micro Usb Maximum Current: 2A Surface Material: Metal Connector A: USB A Features: Retractable Has Retail Package: Yes Model: Q5s Function: Anti fog, dust, formaldehyde, second-hand smoke, car exhaust, odor Material: Eco-friendly plastic, silicone, HEPA Gross weight: 75g Item No: Q5s Applicable object: Adult Packing volume: 76 * 80 * 100mm Safety standard: China GB2626-2006 standard\" \/>\n\t\t<meta property=\"og:url\" content=\"https:\/\/www.rucashk.com\/pt\/produto\/xiaomi-mi-q5s-usb-electric-masks-abs-eco-friendly\/\" \/>\n\t\t<meta property=\"og:image\" content=\"https:\/\/www.rucashk.com\/wp-content\/uploads\/replace\/503b8e645f128a97ccde2b6290747646.jpeg\" \/>\n\t\t<meta property=\"og:image:secure_url\" content=\"https:\/\/www.rucashk.com\/wp-content\/uploads\/replace\/503b8e645f128a97ccde2b6290747646.jpeg\" \/>\n\t\t<meta property=\"og:image:width\" content=\"1456\" \/>\n\t\t<meta property=\"og:image:height\" content=\"816\" \/>\n\t\t<meta property=\"article:published_time\" content=\"2024-01-09T15:39:39+00:00\" \/>\n\t\t<meta property=\"article:modified_time\" content=\"2024-01-17T03:49:43+00:00\" \/>\n\t\t<meta name=\"twitter:card\" content=\"summary_large_image\" \/>\n\t\t<meta name=\"twitter:title\" content=\"Xiaomi Mi Q5S usb Electric Masks- ABS Eco-friendly - Rucas - Wholesale and Distribution\" \/>\n\t\t<meta name=\"twitter:description\" content=\"Main Features: Brand Name: Xiaomi Connector B: Micro Usb Maximum Current: 2A Surface Material: Metal Connector A: USB A Features: Retractable Has Retail Package: Yes Model: Q5s Function: Anti fog, dust, formaldehyde, second-hand smoke, car exhaust, odor Material: Eco-friendly plastic, silicone, HEPA Gross weight: 75g Item No: Q5s Applicable object: Adult Packing volume: 76 * 80 * 100mm Safety standard: China GB2626-2006 standard\" \/>\n\t\t<meta name=\"twitter:image\" content=\"https:\/\/www.rucashk.com\/wp-content\/uploads\/replace\/503b8e645f128a97ccde2b6290747646.jpeg\" \/>\n\t\t<script type=\"application\/ld+json\" class=\"aioseo-schema\">\n\t\t\t{\"@context\":\"https:\\\/\\\/schema.org\",\"@graph\":[{\"@type\":\"BreadcrumbList\",\"@id\":\"https:\\\/\\\/www.rucashk.com\\\/pt\\\/produto\\\/xiaomi-mi-q5s-usb-electric-masks-abs-eco-friendly\\\/#breadcrumblist\",\"itemListElement\":[{\"@type\":\"ListItem\",\"@id\":\"https:\\\/\\\/www.rucashk.com\\\/pt\\\/#listItem\",\"position\":1,\"name\":\"Home\",\"item\":\"https:\\\/\\\/www.rucashk.com\\\/pt\\\/\",\"nextItem\":\"https:\\\/\\\/www.rucashk.com\\\/pt\\\/produto\\\/xiaomi-mi-q5s-usb-electric-masks-abs-eco-friendly\\\/#listItem\"},{\"@type\":\"ListItem\",\"@id\":\"https:\\\/\\\/www.rucashk.com\\\/pt\\\/produto\\\/xiaomi-mi-q5s-usb-electric-masks-abs-eco-friendly\\\/#listItem\",\"position\":2,\"name\":\"Xiaomi Mi Q5S usb Electric Masks- ABS Eco-friendly\",\"previousItem\":\"https:\\\/\\\/www.rucashk.com\\\/pt\\\/#listItem\"}]},{\"@type\":\"Organization\",\"@id\":\"https:\\\/\\\/www.rucashk.com\\\/pt\\\/#organization\",\"name\":\"Rucas\",\"url\":\"https:\\\/\\\/www.rucashk.com\\\/pt\\\/\",\"logo\":{\"@type\":\"ImageObject\",\"url\":\"https:\\\/\\\/www.rucashk.com\\\/wp-content\\\/uploads\\\/2023\\\/12\\\/Rucas_campany_logo.png\",\"@id\":\"https:\\\/\\\/www.rucashk.com\\\/pt\\\/produto\\\/xiaomi-mi-q5s-usb-electric-masks-abs-eco-friendly\\\/#organizationLogo\",\"width\":221,\"height\":65},\"image\":{\"@id\":\"https:\\\/\\\/www.rucashk.com\\\/pt\\\/#organizationLogo\"}},{\"@type\":\"Person\",\"@id\":\"https:\\\/\\\/www.rucashk.com\\\/pt\\\/author\\\/admin\\\/#author\",\"url\":\"https:\\\/\\\/www.rucashk.com\\\/pt\\\/author\\\/admin\\\/\",\"name\":\"admin\",\"image\":{\"@type\":\"ImageObject\",\"@id\":\"https:\\\/\\\/www.rucashk.com\\\/pt\\\/produto\\\/xiaomi-mi-q5s-usb-electric-masks-abs-eco-friendly\\\/#authorImage\",\"url\":\"https:\\\/\\\/secure.gravatar.com\\\/avatar\\\/b7c8925b09a27e72b30232f8ecaadbd5af0f70a38c78096863fe51b64f031c24?s=96&d=mm&r=g\",\"width\":96,\"height\":96,\"caption\":\"admin\"}},{\"@type\":\"WebPage\",\"@id\":\"https:\\\/\\\/www.rucashk.com\\\/pt\\\/produto\\\/xiaomi-mi-q5s-usb-electric-masks-abs-eco-friendly\\\/#webpage\",\"url\":\"https:\\\/\\\/www.rucashk.com\\\/pt\\\/produto\\\/xiaomi-mi-q5s-usb-electric-masks-abs-eco-friendly\\\/\",\"name\":\"Xiaomi Mi Q5S usb Electric Masks- ABS Eco-friendly - Rucas - Wholesale and Distribution\",\"description\":\"Main Features: Brand Name: Xiaomi Connector B: Micro Usb Maximum Current: 2A Surface Material: Metal Connector A: USB A Features: Retractable Has Retail Package: Yes Model: Q5s Function: Anti fog, dust, formaldehyde, second-hand smoke, car exhaust, odor Material: Eco-friendly plastic, silicone, HEPA Gross weight: 75g Item No: Q5s Applicable object: Adult Packing volume: 76 * 80 * 100mm Safety standard: China GB2626-2006 standard\",\"inLanguage\":\"pt-PT\",\"isPartOf\":{\"@id\":\"https:\\\/\\\/www.rucashk.com\\\/pt\\\/#website\"},\"breadcrumb\":{\"@id\":\"https:\\\/\\\/www.rucashk.com\\\/pt\\\/produto\\\/xiaomi-mi-q5s-usb-electric-masks-abs-eco-friendly\\\/#breadcrumblist\"},\"author\":{\"@id\":\"https:\\\/\\\/www.rucashk.com\\\/pt\\\/author\\\/admin\\\/#author\"},\"creator\":{\"@id\":\"https:\\\/\\\/www.rucashk.com\\\/pt\\\/author\\\/admin\\\/#author\"},\"image\":{\"@type\":\"ImageObject\",\"url\":\"https:\\\/\\\/www.rucashk.com\\\/wp-content\\\/uploads\\\/2024\\\/01\\\/950cc3f1-52d5-4d98-b758-126c676c6105.jpg\",\"@id\":\"https:\\\/\\\/www.rucashk.com\\\/pt\\\/produto\\\/xiaomi-mi-q5s-usb-electric-masks-abs-eco-friendly\\\/#mainImage\",\"width\":800,\"height\":800},\"primaryImageOfPage\":{\"@id\":\"https:\\\/\\\/www.rucashk.com\\\/pt\\\/produto\\\/xiaomi-mi-q5s-usb-electric-masks-abs-eco-friendly\\\/#mainImage\"},\"datePublished\":\"2024-01-09T15:39:39+00:00\",\"dateModified\":\"2024-01-17T03:49:43+00:00\"},{\"@type\":\"WebSite\",\"@id\":\"https:\\\/\\\/www.rucashk.com\\\/pt\\\/#website\",\"url\":\"https:\\\/\\\/www.rucashk.com\\\/pt\\\/\",\"name\":\"Rucas - Wholesale and distribution worldwide\",\"alternateName\":\"Rucas - One-stop AIoT Distribution Worldwide\",\"description\":\"One-stop AIoT Distribution Worldwide\",\"inLanguage\":\"pt-PT\",\"publisher\":{\"@id\":\"https:\\\/\\\/www.rucashk.com\\\/pt\\\/#organization\"}}]}\n\t\t<\/script>\n\t\t<!-- All in One SEO Pro -->\r\n\t\t<title>Xiaomi Mi Q5S usb Electric Masks- ABS Eco-friendly - Rucas - Wholesale and Distribution<\/title>\n\n","aioseo_head_json":{"title":"Xiaomi Mi Q5S usb Electric Masks- ABS Eco-friendly - Rucas - Wholesale and Distribution","description":"Main Features: Brand Name: Xiaomi Connector B: Micro Usb Maximum Current: 2A Surface Material: Metal Connector A: USB A Features: Retractable Has Retail Package: Yes Model: Q5s Function: Anti fog, dust, formaldehyde, second-hand smoke, car exhaust, odor Material: Eco-friendly plastic, silicone, HEPA Gross weight: 75g Item No: Q5s Applicable object: Adult Packing volume: 76 * 80 * 100mm Safety standard: China GB2626-2006 standard","canonical_url":"https:\/\/www.rucashk.com\/pt\/produto\/xiaomi-mi-q5s-usb-electric-masks-abs-eco-friendly\/","robots":"max-image-preview:large","keywords":"","webmasterTools":{"miscellaneous":""},"og:locale":"pt_PT","og:site_name":"Rucas - One-stop AIoT Distribution Worldwide","og:type":"article","og:title":"Xiaomi Mi Q5S usb Electric Masks- ABS Eco-friendly - Rucas - Wholesale and Distribution","og:description":"Main Features: Brand Name: Xiaomi Connector B: Micro Usb Maximum Current: 2A Surface Material: Metal Connector A: USB A Features: Retractable Has Retail Package: Yes Model: Q5s Function: Anti fog, dust, formaldehyde, second-hand smoke, car exhaust, odor Material: Eco-friendly plastic, silicone, HEPA Gross weight: 75g Item No: Q5s Applicable object: Adult Packing volume: 76 * 80 * 100mm Safety standard: China GB2626-2006 standard","og:url":"https:\/\/www.rucashk.com\/pt\/produto\/xiaomi-mi-q5s-usb-electric-masks-abs-eco-friendly\/","og:image":"https:\/\/www.rucashk.com\/wp-content\/uploads\/replace\/503b8e645f128a97ccde2b6290747646.jpeg","og:image:secure_url":"https:\/\/www.rucashk.com\/wp-content\/uploads\/replace\/503b8e645f128a97ccde2b6290747646.jpeg","og:image:width":1456,"og:image:height":816,"article:published_time":"2024-01-09T15:39:39+00:00","article:modified_time":"2024-01-17T03:49:43+00:00","twitter:card":"summary_large_image","twitter:title":"Xiaomi Mi Q5S usb Electric Masks- ABS Eco-friendly - Rucas - Wholesale and Distribution","twitter:description":"Main Features: Brand Name: Xiaomi Connector B: Micro Usb Maximum Current: 2A Surface Material: Metal Connector A: USB A Features: Retractable Has Retail Package: Yes Model: Q5s Function: Anti fog, dust, formaldehyde, second-hand smoke, car exhaust, odor Material: Eco-friendly plastic, silicone, HEPA Gross weight: 75g Item No: Q5s Applicable object: Adult Packing volume: 76 * 80 * 100mm Safety standard: China GB2626-2006 standard","twitter:image":"https:\/\/www.rucashk.com\/wp-content\/uploads\/replace\/503b8e645f128a97ccde2b6290747646.jpeg","schema":{"@context":"https:\/\/schema.org","@graph":[{"@type":"BreadcrumbList","@id":"https:\/\/www.rucashk.com\/pt\/produto\/xiaomi-mi-q5s-usb-electric-masks-abs-eco-friendly\/#breadcrumblist","itemListElement":[{"@type":"ListItem","@id":"https:\/\/www.rucashk.com\/pt\/#listItem","position":1,"name":"Home","item":"https:\/\/www.rucashk.com\/pt\/","nextItem":"https:\/\/www.rucashk.com\/pt\/produto\/xiaomi-mi-q5s-usb-electric-masks-abs-eco-friendly\/#listItem"},{"@type":"ListItem","@id":"https:\/\/www.rucashk.com\/pt\/produto\/xiaomi-mi-q5s-usb-electric-masks-abs-eco-friendly\/#listItem","position":2,"name":"Xiaomi Mi Q5S usb Electric Masks- ABS Eco-friendly","previousItem":"https:\/\/www.rucashk.com\/pt\/#listItem"}]},{"@type":"Organization","@id":"https:\/\/www.rucashk.com\/pt\/#organization","name":"Rucas","url":"https:\/\/www.rucashk.com\/pt\/","logo":{"@type":"ImageObject","url":"https:\/\/www.rucashk.com\/wp-content\/uploads\/2023\/12\/Rucas_campany_logo.png","@id":"https:\/\/www.rucashk.com\/pt\/produto\/xiaomi-mi-q5s-usb-electric-masks-abs-eco-friendly\/#organizationLogo","width":221,"height":65},"image":{"@id":"https:\/\/www.rucashk.com\/pt\/#organizationLogo"}},{"@type":"Person","@id":"https:\/\/www.rucashk.com\/pt\/author\/admin\/#author","url":"https:\/\/www.rucashk.com\/pt\/author\/admin\/","name":"admin","image":{"@type":"ImageObject","@id":"https:\/\/www.rucashk.com\/pt\/produto\/xiaomi-mi-q5s-usb-electric-masks-abs-eco-friendly\/#authorImage","url":"https:\/\/secure.gravatar.com\/avatar\/b7c8925b09a27e72b30232f8ecaadbd5af0f70a38c78096863fe51b64f031c24?s=96&d=mm&r=g","width":96,"height":96,"caption":"admin"}},{"@type":"WebPage","@id":"https:\/\/www.rucashk.com\/pt\/produto\/xiaomi-mi-q5s-usb-electric-masks-abs-eco-friendly\/#webpage","url":"https:\/\/www.rucashk.com\/pt\/produto\/xiaomi-mi-q5s-usb-electric-masks-abs-eco-friendly\/","name":"Xiaomi Mi Q5S usb Electric Masks- ABS Eco-friendly - Rucas - Wholesale and Distribution","description":"Main Features: Brand Name: Xiaomi Connector B: Micro Usb Maximum Current: 2A Surface Material: Metal Connector A: USB A Features: Retractable Has Retail Package: Yes Model: Q5s Function: Anti fog, dust, formaldehyde, second-hand smoke, car exhaust, odor Material: Eco-friendly plastic, silicone, HEPA Gross weight: 75g Item No: Q5s Applicable object: Adult Packing volume: 76 * 80 * 100mm Safety standard: China GB2626-2006 standard","inLanguage":"pt-PT","isPartOf":{"@id":"https:\/\/www.rucashk.com\/pt\/#website"},"breadcrumb":{"@id":"https:\/\/www.rucashk.com\/pt\/produto\/xiaomi-mi-q5s-usb-electric-masks-abs-eco-friendly\/#breadcrumblist"},"author":{"@id":"https:\/\/www.rucashk.com\/pt\/author\/admin\/#author"},"creator":{"@id":"https:\/\/www.rucashk.com\/pt\/author\/admin\/#author"},"image":{"@type":"ImageObject","url":"https:\/\/www.rucashk.com\/wp-content\/uploads\/2024\/01\/950cc3f1-52d5-4d98-b758-126c676c6105.jpg","@id":"https:\/\/www.rucashk.com\/pt\/produto\/xiaomi-mi-q5s-usb-electric-masks-abs-eco-friendly\/#mainImage","width":800,"height":800},"primaryImageOfPage":{"@id":"https:\/\/www.rucashk.com\/pt\/produto\/xiaomi-mi-q5s-usb-electric-masks-abs-eco-friendly\/#mainImage"},"datePublished":"2024-01-09T15:39:39+00:00","dateModified":"2024-01-17T03:49:43+00:00"},{"@type":"WebSite","@id":"https:\/\/www.rucashk.com\/pt\/#website","url":"https:\/\/www.rucashk.com\/pt\/","name":"Rucas - Wholesale and distribution worldwide","alternateName":"Rucas - One-stop AIoT Distribution Worldwide","description":"One-stop AIoT Distribution Worldwide","inLanguage":"pt-PT","publisher":{"@id":"https:\/\/www.rucashk.com\/pt\/#organization"}}]}},"aioseo_meta_data":{"post_id":"22106","title":null,"description":null,"keywords":null,"keyphrases":null,"primary_term":null,"canonical_url":null,"og_title":null,"og_description":null,"og_object_type":"default","og_image_type":"default","og_image_url":null,"og_image_width":null,"og_image_height":null,"og_image_custom_url":null,"og_image_custom_fields":null,"og_video":null,"og_custom_url":null,"og_article_section":null,"og_article_tags":null,"twitter_use_og":false,"twitter_card":"default","twitter_image_type":"default","twitter_image_url":null,"twitter_image_custom_url":null,"twitter_image_custom_fields":null,"twitter_title":null,"twitter_description":null,"schema":{"blockGraphs":[],"customGraphs":[],"default":{"data":{"Article":[],"Course":[],"Dataset":[],"FAQPage":[],"Movie":[],"Person":[],"Product":[],"Recipe":[],"Service":[],"SoftwareApplication":[],"WebPage":[]},"graphName":"","isEnabled":true},"graphs":[]},"schema_type":"default","schema_type_options":null,"pillar_content":false,"robots_default":true,"robots_noindex":false,"robots_noarchive":false,"robots_nosnippet":false,"robots_nofollow":false,"robots_noimageindex":false,"robots_noodp":false,"robots_notranslate":false,"robots_max_snippet":null,"robots_max_videopreview":null,"robots_max_imagepreview":"large","priority":null,"frequency":null,"local_seo":null,"breadcrumb_settings":null,"limit_modified_date":false,"created":"2024-04-11 01:55:22","updated":"2025-06-22 16:37:01"},"aioseo_breadcrumb":"<div class=\"aioseo-breadcrumbs\"><span class=\"aioseo-breadcrumb\">\n\t<a href=\"https:\/\/www.rucashk.com\/pt\" title=\"Home\">Home<\/a>\n<\/span><span class=\"aioseo-breadcrumb-separator\">&raquo;<\/span><span class=\"aioseo-breadcrumb\">\n\t<a href=\"https:\/\/www.rucashk.com\/pt\/products\/\" title=\"Produtos\">Produtos<\/a>\n<\/span><span class=\"aioseo-breadcrumb-separator\">&raquo;<\/span><span class=\"aioseo-breadcrumb\">\n\t<a href=\"https:\/\/www.rucashk.com\/pt\/categoria-produto\/xiaomi-eco\/\" title=\"Xiaomi Eco\">Xiaomi Eco<\/a>\n<\/span><span class=\"aioseo-breadcrumb-separator\">&raquo;<\/span><span class=\"aioseo-breadcrumb\">\n\t<a href=\"https:\/\/www.rucashk.com\/pt\/categoria-produto\/xiaomi-eco\/personal-care\/\" title=\"Personal Care\">Personal Care<\/a>\n<\/span><span class=\"aioseo-breadcrumb-separator\">&raquo;<\/span><span class=\"aioseo-breadcrumb\">\n\tXiaomi Mi Q5S usb Electric Masks- ABS Eco-friendly\n<\/span><\/div>","aioseo_breadcrumb_json":[{"label":"Home","link":"https:\/\/www.rucashk.com\/pt"},{"label":"Produtos","link":"https:\/\/www.rucashk.com\/pt\/products\/"},{"label":"Xiaomi Eco","link":"https:\/\/www.rucashk.com\/pt\/categoria-produto\/xiaomi-eco\/"},{"label":"Personal Care","link":"https:\/\/www.rucashk.com\/pt\/categoria-produto\/xiaomi-eco\/personal-care\/"},{"label":"Xiaomi Mi Q5S usb Electric Masks- ABS Eco-friendly","link":"https:\/\/www.rucashk.com\/pt\/produto\/xiaomi-mi-q5s-usb-electric-masks-abs-eco-friendly\/"}],"_links":{"self":[{"href":"https:\/\/www.rucashk.com\/pt\/wp-json\/wp\/v2\/product\/22106","targetHints":{"allow":["GET"]}}],"collection":[{"href":"https:\/\/www.rucashk.com\/pt\/wp-json\/wp\/v2\/product"}],"about":[{"href":"https:\/\/www.rucashk.com\/pt\/wp-json\/wp\/v2\/types\/product"}],"wp:featuredmedia":[{"embeddable":true,"href":"https:\/\/www.rucashk.com\/pt\/wp-json\/wp\/v2\/media\/22217"}],"wp:attachment":[{"href":"https:\/\/www.rucashk.com\/pt\/wp-json\/wp\/v2\/media?parent=22106"}],"wp:term":[{"taxonomy":"product_brand","embeddable":true,"href":"https:\/\/www.rucashk.com\/pt\/wp-json\/wp\/v2\/product_brand?post=22106"},{"taxonomy":"product_cat","embeddable":true,"href":"https:\/\/www.rucashk.com\/pt\/wp-json\/wp\/v2\/product_cat?post=22106"},{"taxonomy":"product_tag","embeddable":true,"href":"https:\/\/www.rucashk.com\/pt\/wp-json\/wp\/v2\/product_tag?post=22106"}],"curies":[{"name":"wp","href":"https:\/\/api.w.org\/{rel}","templated":true}]}}