{"id":22080,"date":"2024-01-09T15:39:16","date_gmt":"2024-01-09T15:39:16","guid":{"rendered":"http:\/\/rucashk.com\/?post_type=product&#038;p=22080"},"modified":"2024-03-13T12:10:15","modified_gmt":"2024-03-13T12:10:15","slug":"mi-home-mi-eco-xiaomi-mitu-track-building-block-electric-set-cn","status":"publish","type":"product","link":"https:\/\/www.rucashk.com\/pt\/produto\/mi-home-mi-eco-xiaomi-mitu-track-building-block-electric-set-cn\/","title":{"rendered":"Mi Home Mi Eco XiaoMi MITU Track Building Block\/Conjunto El\u00e9trico CN"},"content":{"rendered":"<div class=\"product_pz\">\n<h3 class=\"expand_en_name\" style=\"text-align: center\">Mi Home Mi Eco XiaoMi MITU Track Building Block\/Conjunto El\u00e9trico CN<\/h3>\n<\/div>\n<div class=\"self-adaption\" style=\"text-align: center\"><img decoding=\"async\" class=\"js-descLazyload lazy-loaded aligncenter\" title=\"Xiaomi MiTU MTWJ02MT Brinquedo de bloco de constru\u00e7\u00e3o de pista de madeira - Multi\" src=\"\/wp-content\/uploads\/replace\/e798ec8dbb403f14bb5aedd6e494e2c0.jpeg\" alt=\"Xiaomi MiTU MTWJ02MT Wooden Track Building Block Toy- Multi\" data-lazy=\"\/wp-content\/uploads\/replace\/e798ec8dbb403f14bb5aedd6e494e2c0.jpeg\" data-was-processed=\"true\" \/><\/div>\n<div class=\"self-adaption\" style=\"text-align: center\"><img decoding=\"async\" class=\"js-descLazyload lazy-loaded\" title=\"Xiaomi MiTU MTWJ02MT Brinquedo de bloco de constru\u00e7\u00e3o de pista de madeira - Multi\" src=\"\/wp-content\/uploads\/replace\/59a5c25bac350d38b34e3e106cdadbdf.jpeg\" alt=\"Xiaomi MiTU MTWJ02MT Wooden Track Building Block Toy- Multi\" data-lazy=\"\/wp-content\/uploads\/replace\/59a5c25bac350d38b34e3e106cdadbdf.jpeg\" data-was-processed=\"true\" \/><\/div>\n<div class=\"self-adaption\" style=\"text-align: center\"><img decoding=\"async\" class=\"js-descLazyload lazy-loaded\" title=\"Xiaomi MiTU MTWJ02MT Brinquedo de bloco de constru\u00e7\u00e3o de pista de madeira - Multi\" src=\"\/wp-content\/uploads\/replace\/1321ca6cb5b25f63cead4b272808f463.jpeg\" alt=\"Xiaomi MiTU MTWJ02MT Wooden Track Building Block Toy- Multi\" data-lazy=\"\/wp-content\/uploads\/replace\/1321ca6cb5b25f63cead4b272808f463.jpeg\" data-was-processed=\"true\" \/><\/div>\n<div class=\"self-adaption\" style=\"text-align: center\"><img decoding=\"async\" class=\"js-descLazyload lazy-loaded\" title=\"Xiaomi MiTU MTWJ02MT Brinquedo de bloco de constru\u00e7\u00e3o de pista de madeira - Multi\" src=\"\/wp-content\/uploads\/replace\/ce2e160f3432f9887f32fed8bcf60153.jpeg\" alt=\"Xiaomi MiTU MTWJ02MT Wooden Track Building Block Toy- Multi\" data-lazy=\"\/wp-content\/uploads\/replace\/ce2e160f3432f9887f32fed8bcf60153.jpeg\" data-was-processed=\"true\" \/><\/div>\n<div class=\"self-adaption\" style=\"text-align: center\"><img decoding=\"async\" class=\"js-descLazyload lazy-loaded\" title=\"Xiaomi MiTU MTWJ02MT Brinquedo de bloco de constru\u00e7\u00e3o de pista de madeira - Multi\" src=\"\/wp-content\/uploads\/replace\/bf1d23230f6351346b8395ab4064dcbd.jpeg\" alt=\"Xiaomi MiTU MTWJ02MT Wooden Track Building Block Toy- Multi\" data-lazy=\"\/wp-content\/uploads\/replace\/bf1d23230f6351346b8395ab4064dcbd.jpeg\" data-was-processed=\"true\" \/><\/div>\n<div class=\"product_pz\">\n<h4 class=\"statement_title\" style=\"text-align: center\"><\/h4>\n<h4 class=\"product_pz_info mainfeatures statement_content\">Isen\u00e7\u00e3o de responsabilidade de seguran\u00e7a do produto:<\/h4>\n<p class=\"product_pz_info mainfeatures statement_content\">\nN\u00e3o aceitamos qualquer responsabilidade pelo uso indevido deste ou de qualquer outro produto. Todos os nossos produtos s\u00e3o extensivamente testados para cumprir padr\u00f5es de controle de qualidade rigorosos e rigorosos. Para determinados produtos (por exemplo, brinquedos, facas, etc.), recomendamos uma supervis\u00e3o adequada, pois n\u00e3o podemos ser responsabilizados por uso indevido ou acidentes.<\/p>\n<div>\n<div class=\"product_pz\">\n<div class=\"product_pz_info product_pz_style2\">\n<table>\n<tbody>\n<tr>\n<th>Em geral<\/th>\n<td>Tipo: Edif\u00edcio Infantil<br \/>\nTema: Outro<br \/>\nIdade adequada: crian\u00e7a<br \/>\nG\u00eanero: Unissex<\/td>\n<\/tr>\n<tr>\n<th>Dimens\u00f5es e peso<\/th>\n<td>Peso do produto: 3,5000 kg<br \/>\nPeso da embalagem: 4,6200 kg<\/td>\n<\/tr>\n<tr>\n<th>conte\u00fado do pacote<\/th>\n<td>Conte\u00fado do pacote: 1 x kit de bloco, 1 x manual em ingl\u00eas<\/td>\n<\/tr>\n<\/tbody>\n<\/table>\n<\/div>\n<\/div>\n<div class=\"self-adaption\"><\/div>\n<\/div>\n<\/div>","protected":false},"excerpt":{"rendered":"<p><b>Principais caracter\u00edsticas:<\/b><br \/>\n\u25cf Multi blocks can be combined freely to exercise your baby&#8217;s hands-on ability and creativity<br \/>\n\u25cf Made of\u00a0<b>madeira natural de alta qualidade e ABS<\/b>, environmentally friendly and durable<br \/>\n\u25cf Moving electric trains, simulating real scenes, more realistic<br \/>\n\u25cf Suitable age: 3 years old +<br \/>\n\u25cf Power supply: 1 x 1.5V battery ( not included )<\/p>","protected":false},"featured_media":22195,"template":"","meta":[],"product_brand":[],"product_cat":[1318,1305],"product_tag":[576,660],"class_list":{"0":"post-22080","1":"product","2":"type-product","3":"status-publish","4":"has-post-thumbnail","6":"product_cat-gadgets","7":"product_cat-xiaomi-eco","8":"product_tag-mi-home","9":"product_tag-mitu-track-building-block","11":"first","12":"instock","13":"shipping-taxable","14":"product-type-external"},"aioseo_notices":[],"aioseo_head":"\n\t\t<!-- All in One SEO Pro 4.5.9.2 - aioseo.com -->\n\t\t<meta name=\"description\" content=\"Main Features: \u25cf Multi blocks can be combined freely to exercise your baby&#039;s hands-on ability and creativity \u25cf Made of natural high quality wood and ABS, environmentally friendly and durable \u25cf Moving electric trains, simulating real scenes, more realistic \u25cf Suitable age: 3 years old + \u25cf Power supply: 1 x 1.5V battery ( not included )\" \/>\n\t\t<meta name=\"robots\" content=\"max-image-preview:large\" \/>\n\t\t<link rel=\"canonical\" href=\"https:\/\/www.rucashk.com\/pt\/produto\/mi-home-mi-eco-xiaomi-mitu-track-building-block-electric-set-cn\/\" \/>\n\t\t<meta name=\"generator\" content=\"All in One SEO Pro (AIOSEO) 4.5.9.2\" \/>\n\t\t<meta property=\"og:locale\" content=\"pt_PT\" \/>\n\t\t<meta property=\"og:site_name\" content=\"Rucas - One-stop AIoT Distribution Worldwide\" \/>\n\t\t<meta property=\"og:type\" content=\"article\" \/>\n\t\t<meta property=\"og:title\" content=\"Mi Home Mi Eco XiaoMi MITU Track Building Block\/Electric Set CN - Rucas - Wholesale and Distribution\" \/>\n\t\t<meta property=\"og:description\" content=\"Main Features: \u25cf Multi blocks can be combined freely to exercise your baby&#039;s hands-on ability and creativity \u25cf Made of natural high quality wood and ABS, environmentally friendly and durable \u25cf Moving electric trains, simulating real scenes, more realistic \u25cf Suitable age: 3 years old + \u25cf Power supply: 1 x 1.5V battery ( not included )\" \/>\n\t\t<meta property=\"og:url\" content=\"https:\/\/www.rucashk.com\/pt\/produto\/mi-home-mi-eco-xiaomi-mitu-track-building-block-electric-set-cn\/\" \/>\n\t\t<meta property=\"og:image\" content=\"https:\/\/www.rucashk.com\/wp-content\/uploads\/replace\/503b8e645f128a97ccde2b6290747646.jpeg\" \/>\n\t\t<meta property=\"og:image:secure_url\" content=\"https:\/\/www.rucashk.com\/wp-content\/uploads\/replace\/503b8e645f128a97ccde2b6290747646.jpeg\" \/>\n\t\t<meta property=\"og:image:width\" content=\"1456\" \/>\n\t\t<meta property=\"og:image:height\" content=\"816\" \/>\n\t\t<meta property=\"article:published_time\" content=\"2024-01-09T15:39:16+00:00\" \/>\n\t\t<meta property=\"article:modified_time\" content=\"2024-03-13T12:10:15+00:00\" \/>\n\t\t<meta name=\"twitter:card\" content=\"summary_large_image\" \/>\n\t\t<meta name=\"twitter:title\" content=\"Mi Home Mi Eco XiaoMi MITU Track Building Block\/Electric Set CN - Rucas - Wholesale and Distribution\" \/>\n\t\t<meta name=\"twitter:description\" content=\"Main Features: \u25cf Multi blocks can be combined freely to exercise your baby&#039;s hands-on ability and creativity \u25cf Made of natural high quality wood and ABS, environmentally friendly and durable \u25cf Moving electric trains, simulating real scenes, more realistic \u25cf Suitable age: 3 years old + \u25cf Power supply: 1 x 1.5V battery ( not included )\" \/>\n\t\t<meta name=\"twitter:image\" content=\"https:\/\/www.rucashk.com\/wp-content\/uploads\/replace\/503b8e645f128a97ccde2b6290747646.jpeg\" \/>\n\t\t<script type=\"application\/ld+json\" class=\"aioseo-schema\">\n\t\t\t{\"@context\":\"https:\\\/\\\/schema.org\",\"@graph\":[{\"@type\":\"BreadcrumbList\",\"@id\":\"https:\\\/\\\/www.rucashk.com\\\/pt\\\/produto\\\/mi-home-mi-eco-xiaomi-mitu-track-building-block-electric-set-cn\\\/#breadcrumblist\",\"itemListElement\":[{\"@type\":\"ListItem\",\"@id\":\"https:\\\/\\\/www.rucashk.com\\\/pt\\\/#listItem\",\"position\":1,\"name\":\"Home\",\"item\":\"https:\\\/\\\/www.rucashk.com\\\/pt\\\/\",\"nextItem\":\"https:\\\/\\\/www.rucashk.com\\\/pt\\\/produto\\\/mi-home-mi-eco-xiaomi-mitu-track-building-block-electric-set-cn\\\/#listItem\"},{\"@type\":\"ListItem\",\"@id\":\"https:\\\/\\\/www.rucashk.com\\\/pt\\\/produto\\\/mi-home-mi-eco-xiaomi-mitu-track-building-block-electric-set-cn\\\/#listItem\",\"position\":2,\"name\":\"Mi Home Mi Eco XiaoMi  MITU Track Building Block\\\/Electric Set CN\",\"previousItem\":\"https:\\\/\\\/www.rucashk.com\\\/pt\\\/#listItem\"}]},{\"@type\":\"Organization\",\"@id\":\"https:\\\/\\\/www.rucashk.com\\\/pt\\\/#organization\",\"name\":\"Rucas\",\"url\":\"https:\\\/\\\/www.rucashk.com\\\/pt\\\/\",\"logo\":{\"@type\":\"ImageObject\",\"url\":\"https:\\\/\\\/www.rucashk.com\\\/wp-content\\\/uploads\\\/2023\\\/12\\\/Rucas_campany_logo.png\",\"@id\":\"https:\\\/\\\/www.rucashk.com\\\/pt\\\/produto\\\/mi-home-mi-eco-xiaomi-mitu-track-building-block-electric-set-cn\\\/#organizationLogo\",\"width\":221,\"height\":65},\"image\":{\"@id\":\"https:\\\/\\\/www.rucashk.com\\\/pt\\\/#organizationLogo\"}},{\"@type\":\"Person\",\"@id\":\"https:\\\/\\\/www.rucashk.com\\\/pt\\\/author\\\/admin\\\/#author\",\"url\":\"https:\\\/\\\/www.rucashk.com\\\/pt\\\/author\\\/admin\\\/\",\"name\":\"admin\",\"image\":{\"@type\":\"ImageObject\",\"@id\":\"https:\\\/\\\/www.rucashk.com\\\/pt\\\/produto\\\/mi-home-mi-eco-xiaomi-mitu-track-building-block-electric-set-cn\\\/#authorImage\",\"url\":\"https:\\\/\\\/secure.gravatar.com\\\/avatar\\\/b7c8925b09a27e72b30232f8ecaadbd5af0f70a38c78096863fe51b64f031c24?s=96&d=mm&r=g\",\"width\":96,\"height\":96,\"caption\":\"admin\"}},{\"@type\":\"WebPage\",\"@id\":\"https:\\\/\\\/www.rucashk.com\\\/pt\\\/produto\\\/mi-home-mi-eco-xiaomi-mitu-track-building-block-electric-set-cn\\\/#webpage\",\"url\":\"https:\\\/\\\/www.rucashk.com\\\/pt\\\/produto\\\/mi-home-mi-eco-xiaomi-mitu-track-building-block-electric-set-cn\\\/\",\"name\":\"Mi Home Mi Eco XiaoMi MITU Track Building Block\\\/Electric Set CN - Rucas - Wholesale and Distribution\",\"description\":\"Main Features: \\u25cf Multi blocks can be combined freely to exercise your baby's hands-on ability and creativity \\u25cf Made of natural high quality wood and ABS, environmentally friendly and durable \\u25cf Moving electric trains, simulating real scenes, more realistic \\u25cf Suitable age: 3 years old + \\u25cf Power supply: 1 x 1.5V battery ( not included )\",\"inLanguage\":\"pt-PT\",\"isPartOf\":{\"@id\":\"https:\\\/\\\/www.rucashk.com\\\/pt\\\/#website\"},\"breadcrumb\":{\"@id\":\"https:\\\/\\\/www.rucashk.com\\\/pt\\\/produto\\\/mi-home-mi-eco-xiaomi-mitu-track-building-block-electric-set-cn\\\/#breadcrumblist\"},\"author\":{\"@id\":\"https:\\\/\\\/www.rucashk.com\\\/pt\\\/author\\\/admin\\\/#author\"},\"creator\":{\"@id\":\"https:\\\/\\\/www.rucashk.com\\\/pt\\\/author\\\/admin\\\/#author\"},\"image\":{\"@type\":\"ImageObject\",\"url\":\"https:\\\/\\\/www.rucashk.com\\\/wp-content\\\/uploads\\\/2024\\\/01\\\/666_\\u526f\\u672c.jpg\",\"@id\":\"https:\\\/\\\/www.rucashk.com\\\/pt\\\/produto\\\/mi-home-mi-eco-xiaomi-mitu-track-building-block-electric-set-cn\\\/#mainImage\",\"width\":800,\"height\":800},\"primaryImageOfPage\":{\"@id\":\"https:\\\/\\\/www.rucashk.com\\\/pt\\\/produto\\\/mi-home-mi-eco-xiaomi-mitu-track-building-block-electric-set-cn\\\/#mainImage\"},\"datePublished\":\"2024-01-09T15:39:16+00:00\",\"dateModified\":\"2024-03-13T12:10:15+00:00\"},{\"@type\":\"WebSite\",\"@id\":\"https:\\\/\\\/www.rucashk.com\\\/pt\\\/#website\",\"url\":\"https:\\\/\\\/www.rucashk.com\\\/pt\\\/\",\"name\":\"Rucas - Wholesale and distribution worldwide\",\"alternateName\":\"Rucas - One-stop AIoT Distribution Worldwide\",\"description\":\"One-stop AIoT Distribution Worldwide\",\"inLanguage\":\"pt-PT\",\"publisher\":{\"@id\":\"https:\\\/\\\/www.rucashk.com\\\/pt\\\/#organization\"}}]}\n\t\t<\/script>\n\t\t<!-- All in One SEO Pro -->\r\n\t\t<title>Mi Home Mi Eco XiaoMi MITU Track Building Block\/Electric Set CN - Rucas - Wholesale and Distribution<\/title>\n\n","aioseo_head_json":{"title":"Mi Home Mi Eco XiaoMi MITU Track Building Block\/Electric Set CN - Rucas - Wholesale and Distribution","description":"Main Features: \u25cf Multi blocks can be combined freely to exercise your baby's hands-on ability and creativity \u25cf Made of natural high quality wood and ABS, environmentally friendly and durable \u25cf Moving electric trains, simulating real scenes, more realistic \u25cf Suitable age: 3 years old + \u25cf Power supply: 1 x 1.5V battery ( not included )","canonical_url":"https:\/\/www.rucashk.com\/pt\/produto\/mi-home-mi-eco-xiaomi-mitu-track-building-block-electric-set-cn\/","robots":"max-image-preview:large","keywords":"","webmasterTools":{"miscellaneous":""},"og:locale":"pt_PT","og:site_name":"Rucas - One-stop AIoT Distribution Worldwide","og:type":"article","og:title":"Mi Home Mi Eco XiaoMi MITU Track Building Block\/Electric Set CN - Rucas - Wholesale and Distribution","og:description":"Main Features: \u25cf Multi blocks can be combined freely to exercise your baby's hands-on ability and creativity \u25cf Made of natural high quality wood and ABS, environmentally friendly and durable \u25cf Moving electric trains, simulating real scenes, more realistic \u25cf Suitable age: 3 years old + \u25cf Power supply: 1 x 1.5V battery ( not included )","og:url":"https:\/\/www.rucashk.com\/pt\/produto\/mi-home-mi-eco-xiaomi-mitu-track-building-block-electric-set-cn\/","og:image":"https:\/\/www.rucashk.com\/wp-content\/uploads\/replace\/503b8e645f128a97ccde2b6290747646.jpeg","og:image:secure_url":"https:\/\/www.rucashk.com\/wp-content\/uploads\/replace\/503b8e645f128a97ccde2b6290747646.jpeg","og:image:width":1456,"og:image:height":816,"article:published_time":"2024-01-09T15:39:16+00:00","article:modified_time":"2024-03-13T12:10:15+00:00","twitter:card":"summary_large_image","twitter:title":"Mi Home Mi Eco XiaoMi MITU Track Building Block\/Electric Set CN - Rucas - Wholesale and Distribution","twitter:description":"Main Features: \u25cf Multi blocks can be combined freely to exercise your baby's hands-on ability and creativity \u25cf Made of natural high quality wood and ABS, environmentally friendly and durable \u25cf Moving electric trains, simulating real scenes, more realistic \u25cf Suitable age: 3 years old + \u25cf Power supply: 1 x 1.5V battery ( not included )","twitter:image":"https:\/\/www.rucashk.com\/wp-content\/uploads\/replace\/503b8e645f128a97ccde2b6290747646.jpeg","schema":{"@context":"https:\/\/schema.org","@graph":[{"@type":"BreadcrumbList","@id":"https:\/\/www.rucashk.com\/pt\/produto\/mi-home-mi-eco-xiaomi-mitu-track-building-block-electric-set-cn\/#breadcrumblist","itemListElement":[{"@type":"ListItem","@id":"https:\/\/www.rucashk.com\/pt\/#listItem","position":1,"name":"Home","item":"https:\/\/www.rucashk.com\/pt\/","nextItem":"https:\/\/www.rucashk.com\/pt\/produto\/mi-home-mi-eco-xiaomi-mitu-track-building-block-electric-set-cn\/#listItem"},{"@type":"ListItem","@id":"https:\/\/www.rucashk.com\/pt\/produto\/mi-home-mi-eco-xiaomi-mitu-track-building-block-electric-set-cn\/#listItem","position":2,"name":"Mi Home Mi Eco XiaoMi  MITU Track Building Block\/Electric Set CN","previousItem":"https:\/\/www.rucashk.com\/pt\/#listItem"}]},{"@type":"Organization","@id":"https:\/\/www.rucashk.com\/pt\/#organization","name":"Rucas","url":"https:\/\/www.rucashk.com\/pt\/","logo":{"@type":"ImageObject","url":"https:\/\/www.rucashk.com\/wp-content\/uploads\/2023\/12\/Rucas_campany_logo.png","@id":"https:\/\/www.rucashk.com\/pt\/produto\/mi-home-mi-eco-xiaomi-mitu-track-building-block-electric-set-cn\/#organizationLogo","width":221,"height":65},"image":{"@id":"https:\/\/www.rucashk.com\/pt\/#organizationLogo"}},{"@type":"Person","@id":"https:\/\/www.rucashk.com\/pt\/author\/admin\/#author","url":"https:\/\/www.rucashk.com\/pt\/author\/admin\/","name":"admin","image":{"@type":"ImageObject","@id":"https:\/\/www.rucashk.com\/pt\/produto\/mi-home-mi-eco-xiaomi-mitu-track-building-block-electric-set-cn\/#authorImage","url":"https:\/\/secure.gravatar.com\/avatar\/b7c8925b09a27e72b30232f8ecaadbd5af0f70a38c78096863fe51b64f031c24?s=96&d=mm&r=g","width":96,"height":96,"caption":"admin"}},{"@type":"WebPage","@id":"https:\/\/www.rucashk.com\/pt\/produto\/mi-home-mi-eco-xiaomi-mitu-track-building-block-electric-set-cn\/#webpage","url":"https:\/\/www.rucashk.com\/pt\/produto\/mi-home-mi-eco-xiaomi-mitu-track-building-block-electric-set-cn\/","name":"Mi Home Mi Eco XiaoMi MITU Track Building Block\/Electric Set CN - Rucas - Wholesale and Distribution","description":"Main Features: \u25cf Multi blocks can be combined freely to exercise your baby's hands-on ability and creativity \u25cf Made of natural high quality wood and ABS, environmentally friendly and durable \u25cf Moving electric trains, simulating real scenes, more realistic \u25cf Suitable age: 3 years old + \u25cf Power supply: 1 x 1.5V battery ( not included )","inLanguage":"pt-PT","isPartOf":{"@id":"https:\/\/www.rucashk.com\/pt\/#website"},"breadcrumb":{"@id":"https:\/\/www.rucashk.com\/pt\/produto\/mi-home-mi-eco-xiaomi-mitu-track-building-block-electric-set-cn\/#breadcrumblist"},"author":{"@id":"https:\/\/www.rucashk.com\/pt\/author\/admin\/#author"},"creator":{"@id":"https:\/\/www.rucashk.com\/pt\/author\/admin\/#author"},"image":{"@type":"ImageObject","url":"https:\/\/www.rucashk.com\/wp-content\/uploads\/2024\/01\/666_\u526f\u672c.jpg","@id":"https:\/\/www.rucashk.com\/pt\/produto\/mi-home-mi-eco-xiaomi-mitu-track-building-block-electric-set-cn\/#mainImage","width":800,"height":800},"primaryImageOfPage":{"@id":"https:\/\/www.rucashk.com\/pt\/produto\/mi-home-mi-eco-xiaomi-mitu-track-building-block-electric-set-cn\/#mainImage"},"datePublished":"2024-01-09T15:39:16+00:00","dateModified":"2024-03-13T12:10:15+00:00"},{"@type":"WebSite","@id":"https:\/\/www.rucashk.com\/pt\/#website","url":"https:\/\/www.rucashk.com\/pt\/","name":"Rucas - Wholesale and distribution worldwide","alternateName":"Rucas - One-stop AIoT Distribution Worldwide","description":"One-stop AIoT Distribution Worldwide","inLanguage":"pt-PT","publisher":{"@id":"https:\/\/www.rucashk.com\/pt\/#organization"}}]}},"aioseo_meta_data":{"post_id":"22080","title":null,"description":null,"keywords":null,"keyphrases":null,"primary_term":null,"canonical_url":null,"og_title":null,"og_description":null,"og_object_type":"default","og_image_type":"default","og_image_url":null,"og_image_width":null,"og_image_height":null,"og_image_custom_url":null,"og_image_custom_fields":null,"og_video":null,"og_custom_url":null,"og_article_section":null,"og_article_tags":null,"twitter_use_og":false,"twitter_card":"default","twitter_image_type":"default","twitter_image_url":null,"twitter_image_custom_url":null,"twitter_image_custom_fields":null,"twitter_title":null,"twitter_description":null,"schema":{"blockGraphs":[],"customGraphs":[],"default":{"data":{"Article":[],"Course":[],"Dataset":[],"FAQPage":[],"Movie":[],"Person":[],"Product":[],"Recipe":[],"Service":[],"SoftwareApplication":[],"WebPage":[]},"graphName":"","isEnabled":true},"graphs":[]},"schema_type":"default","schema_type_options":null,"pillar_content":false,"robots_default":true,"robots_noindex":false,"robots_noarchive":false,"robots_nosnippet":false,"robots_nofollow":false,"robots_noimageindex":false,"robots_noodp":false,"robots_notranslate":false,"robots_max_snippet":null,"robots_max_videopreview":null,"robots_max_imagepreview":"large","priority":null,"frequency":null,"local_seo":null,"breadcrumb_settings":null,"limit_modified_date":false,"created":"2024-04-11 01:55:22","updated":"2025-06-22 16:35:57"},"aioseo_breadcrumb":"<div class=\"aioseo-breadcrumbs\"><span class=\"aioseo-breadcrumb\">\n\t<a href=\"https:\/\/www.rucashk.com\/pt\" title=\"Home\">Home<\/a>\n<\/span><span class=\"aioseo-breadcrumb-separator\">&raquo;<\/span><span class=\"aioseo-breadcrumb\">\n\t<a href=\"https:\/\/www.rucashk.com\/pt\/products\/\" title=\"Produtos\">Produtos<\/a>\n<\/span><span class=\"aioseo-breadcrumb-separator\">&raquo;<\/span><span class=\"aioseo-breadcrumb\">\n\t<a href=\"https:\/\/www.rucashk.com\/pt\/categoria-produto\/xiaomi-eco\/\" title=\"Xiaomi Eco\">Xiaomi Eco<\/a>\n<\/span><span class=\"aioseo-breadcrumb-separator\">&raquo;<\/span><span class=\"aioseo-breadcrumb\">\n\t<a href=\"https:\/\/www.rucashk.com\/pt\/categoria-produto\/xiaomi-eco\/gadgets\/\" title=\"Gadgets\">Gadgets<\/a>\n<\/span><span class=\"aioseo-breadcrumb-separator\">&raquo;<\/span><span class=\"aioseo-breadcrumb\">\n\tMi Home Mi Eco XiaoMi  MITU Track Building Block\/Electric Set CN\n<\/span><\/div>","aioseo_breadcrumb_json":[{"label":"Home","link":"https:\/\/www.rucashk.com\/pt"},{"label":"Produtos","link":"https:\/\/www.rucashk.com\/pt\/products\/"},{"label":"Xiaomi Eco","link":"https:\/\/www.rucashk.com\/pt\/categoria-produto\/xiaomi-eco\/"},{"label":"Gadgets","link":"https:\/\/www.rucashk.com\/pt\/categoria-produto\/xiaomi-eco\/gadgets\/"},{"label":"Mi Home Mi Eco XiaoMi  MITU Track Building Block\/Electric Set CN","link":"https:\/\/www.rucashk.com\/pt\/produto\/mi-home-mi-eco-xiaomi-mitu-track-building-block-electric-set-cn\/"}],"_links":{"self":[{"href":"https:\/\/www.rucashk.com\/pt\/wp-json\/wp\/v2\/product\/22080","targetHints":{"allow":["GET"]}}],"collection":[{"href":"https:\/\/www.rucashk.com\/pt\/wp-json\/wp\/v2\/product"}],"about":[{"href":"https:\/\/www.rucashk.com\/pt\/wp-json\/wp\/v2\/types\/product"}],"wp:featuredmedia":[{"embeddable":true,"href":"https:\/\/www.rucashk.com\/pt\/wp-json\/wp\/v2\/media\/22195"}],"wp:attachment":[{"href":"https:\/\/www.rucashk.com\/pt\/wp-json\/wp\/v2\/media?parent=22080"}],"wp:term":[{"taxonomy":"product_brand","embeddable":true,"href":"https:\/\/www.rucashk.com\/pt\/wp-json\/wp\/v2\/product_brand?post=22080"},{"taxonomy":"product_cat","embeddable":true,"href":"https:\/\/www.rucashk.com\/pt\/wp-json\/wp\/v2\/product_cat?post=22080"},{"taxonomy":"product_tag","embeddable":true,"href":"https:\/\/www.rucashk.com\/pt\/wp-json\/wp\/v2\/product_tag?post=22080"}],"curies":[{"name":"wp","href":"https:\/\/api.w.org\/{rel}","templated":true}]}}