{"id":22048,"date":"2024-01-09T15:38:52","date_gmt":"2024-01-09T15:38:52","guid":{"rendered":"http:\/\/rucashk.com\/?post_type=product&#038;p=22048"},"modified":"2024-03-12T06:57:36","modified_gmt":"2024-03-12T06:57:36","slug":"huami-amazfit-x-concept-watch","status":"publish","type":"product","link":"https:\/\/www.rucashk.com\/pt\/produto\/huami-amazfit-x-concept-watch\/","title":{"rendered":"Rel\u00f3gio Huami Amazfit X Concept"},"content":{"rendered":"<h3 style=\"text-align: center\">Rel\u00f3gio Huami Amazfit X Concept<\/h3>\n<p>O rel\u00f3gio futurista, que Huami chama de <em>Assistir no Futurismo<\/em> \u00e9 um design todo em metal com uma caixa feita de 316L <a class=\"\" style=\"width: auto !important\" href=\"https:\/\/www.rucashk.com\/pt\/39-9rmb-xiaomi-grocery-store-new-life-experience-high-quality-stainless-steel-create-a-xiaomi-ecological-chain-explosive\/\" data-wpil-post-to-id=\"7150\">a\u00e7o inoxid\u00e1vel<\/a> e uma tela flex\u00edvel com superdrop de 12,5 mm.<\/p>\n<p><img fetchpriority=\"high\" decoding=\"async\" class=\"alignnone wp-image-6806 size-full\" src=\"\/wp-content\/uploads\/replace\/d92ac2290780baa2976be09f8bc8c4a6.jpeg\" alt=\"Huami Amazfit X Concept\u624b\u8868\" width=\"675\" height=\"450\" \/><\/p>\n<p>O design curvo do corpo do <a class=\"\" style=\"width: auto !important\" href=\"https:\/\/www.rucashk.com\/pt\/produto\/amazfit-gtr-amoled-smart-watch-gpsglonass\/\" data-wpil-post-to-id=\"1807\">Rel\u00f3gio conceito Amazfit X<\/a> torna-o mais adequado para o pulso sem comprimi-lo.<br \/>\nO rel\u00f3gio tamb\u00e9m USA de forma inovadora um design de placa-m\u00e3e conectada a FPC de tr\u00eas est\u00e1gios. A equipe de design desenvolveu uma bateria de l\u00edtio de formato curvo com capacidade de 220mAh.<\/p>\n<p>Atualmente, n\u00e3o h\u00e1 muitos <a class=\"\" style=\"width: auto !important\" href=\"https:\/\/www.rucashk.com\/pt\/produto\/amazfit-verge-lite-amoled-color-screen-smart-watch\/\" data-wpil-post-to-id=\"1877\">rel\u00f3gios inteligentes com tela flex\u00edvel<\/a> projeto no mercado.<br \/>\nO conceito Amazfit X foi anunciado para produ\u00e7\u00e3o em massa, oferecendo mais op\u00e7\u00f5es aos usu\u00e1rios que gostam do rel\u00f3gio.<\/p>\n<p><img decoding=\"async\" class=\"alignnone wp-image-6807 size-full\" src=\"\/wp-content\/uploads\/replace\/d35c02dc93fa1bb78b3deeef234ec765.jpeg\" alt=\"Huami Amazfit X Concept\u624b\u8868\" width=\"675\" height=\"450\" \/><\/p>\n<p class=\"expand_en_name\">especifica\u00e7\u00f5es<br \/>\nTamanho e peso do produto: 0,0500<br \/>\nPeso do pacote em mm: 0,2500 mm<br \/>\nTamanho do produto (comprimento x largura x altura): 25,00 x 4,00 x 1,20 cm \/ 9,84 x 1,57 x 0,47 pol.<br \/>\nTamanho do pacote (comprimento x largura x altura): 11,50 x 11,30 x 2,50 cm \/ 4,53 x 4,45 x 0,98 pol.<\/p>\n<div class=\"product_pz_info product_pz_style2\">Conte\u00fado do pacote: 1 x rel\u00f3gio<\/div>","protected":false},"excerpt":{"rendered":"<p>Main functions:<br \/>\nBreakthrough vision, bendable hd, 3D curved screen glass<br \/>\n\u25cf 92-degree bendable curved screen, 326ppi retina level hd resolution<br \/>\n\u25cf 100% NTSC high color saturation<br \/>\n\u25cf2.07 inch AMOLED screen<br \/>\n\u25cf curved lithium ion battery design, rechargeable once, 7 days battery life (experiment)<\/p>","protected":false},"featured_media":22163,"template":"","meta":[],"product_brand":[],"product_cat":[1339,1305],"product_tag":[647],"class_list":{"0":"post-22048","1":"product","2":"type-product","3":"status-publish","4":"has-post-thumbnail","6":"product_cat-amazfit-smartwatch","7":"product_cat-xiaomi-eco","8":"product_tag-huami-amazfit","10":"first","11":"instock","12":"shipping-taxable","13":"product-type-external"},"aioseo_notices":[],"aioseo_head":"\n\t\t<!-- All in One SEO Pro 4.5.9.2 - aioseo.com -->\n\t\t<meta name=\"description\" content=\"Main functions: Breakthrough vision, bendable hd, 3D curved screen glass \u25cf 92-degree bendable curved screen, 326ppi retina level hd resolution \u25cf 100% NTSC high color saturation \u25cf2.07 inch AMOLED screen \u25cf curved lithium ion battery design, rechargeable once, 7 days battery life (experiment)\" \/>\n\t\t<meta name=\"robots\" content=\"max-image-preview:large\" \/>\n\t\t<link rel=\"canonical\" href=\"https:\/\/www.rucashk.com\/pt\/produto\/huami-amazfit-x-concept-watch\/\" \/>\n\t\t<meta name=\"generator\" content=\"All in One SEO Pro (AIOSEO) 4.5.9.2\" \/>\n\t\t<meta property=\"og:locale\" content=\"pt_PT\" \/>\n\t\t<meta property=\"og:site_name\" content=\"Rucas - One-stop AIoT Distribution Worldwide\" \/>\n\t\t<meta property=\"og:type\" content=\"article\" \/>\n\t\t<meta property=\"og:title\" content=\"Huami Amazfit X Concept watch - Rucas - Wholesale and Distribution\" \/>\n\t\t<meta property=\"og:description\" content=\"Main functions: Breakthrough vision, bendable hd, 3D curved screen glass \u25cf 92-degree bendable curved screen, 326ppi retina level hd resolution \u25cf 100% NTSC high color saturation \u25cf2.07 inch AMOLED screen \u25cf curved lithium ion battery design, rechargeable once, 7 days battery life (experiment)\" \/>\n\t\t<meta property=\"og:url\" content=\"https:\/\/www.rucashk.com\/pt\/produto\/huami-amazfit-x-concept-watch\/\" \/>\n\t\t<meta property=\"og:image\" content=\"https:\/\/www.rucashk.com\/wp-content\/uploads\/replace\/503b8e645f128a97ccde2b6290747646.jpeg\" \/>\n\t\t<meta property=\"og:image:secure_url\" content=\"https:\/\/www.rucashk.com\/wp-content\/uploads\/replace\/503b8e645f128a97ccde2b6290747646.jpeg\" \/>\n\t\t<meta property=\"og:image:width\" content=\"1456\" \/>\n\t\t<meta property=\"og:image:height\" content=\"816\" \/>\n\t\t<meta property=\"article:published_time\" content=\"2024-01-09T15:38:52+00:00\" \/>\n\t\t<meta property=\"article:modified_time\" content=\"2024-03-12T06:57:36+00:00\" \/>\n\t\t<meta name=\"twitter:card\" content=\"summary_large_image\" \/>\n\t\t<meta name=\"twitter:title\" content=\"Huami Amazfit X Concept watch - Rucas - Wholesale and Distribution\" \/>\n\t\t<meta name=\"twitter:description\" content=\"Main functions: Breakthrough vision, bendable hd, 3D curved screen glass \u25cf 92-degree bendable curved screen, 326ppi retina level hd resolution \u25cf 100% NTSC high color saturation \u25cf2.07 inch AMOLED screen \u25cf curved lithium ion battery design, rechargeable once, 7 days battery life (experiment)\" \/>\n\t\t<meta name=\"twitter:image\" content=\"https:\/\/www.rucashk.com\/wp-content\/uploads\/replace\/503b8e645f128a97ccde2b6290747646.jpeg\" \/>\n\t\t<script type=\"application\/ld+json\" class=\"aioseo-schema\">\n\t\t\t{\"@context\":\"https:\\\/\\\/schema.org\",\"@graph\":[{\"@type\":\"BreadcrumbList\",\"@id\":\"https:\\\/\\\/www.rucashk.com\\\/pt\\\/produto\\\/huami-amazfit-x-concept-watch\\\/#breadcrumblist\",\"itemListElement\":[{\"@type\":\"ListItem\",\"@id\":\"https:\\\/\\\/www.rucashk.com\\\/pt\\\/#listItem\",\"position\":1,\"name\":\"Home\",\"item\":\"https:\\\/\\\/www.rucashk.com\\\/pt\\\/\",\"nextItem\":\"https:\\\/\\\/www.rucashk.com\\\/pt\\\/produto\\\/huami-amazfit-x-concept-watch\\\/#listItem\"},{\"@type\":\"ListItem\",\"@id\":\"https:\\\/\\\/www.rucashk.com\\\/pt\\\/produto\\\/huami-amazfit-x-concept-watch\\\/#listItem\",\"position\":2,\"name\":\"Huami Amazfit X Concept watch\",\"previousItem\":\"https:\\\/\\\/www.rucashk.com\\\/pt\\\/#listItem\"}]},{\"@type\":\"Organization\",\"@id\":\"https:\\\/\\\/www.rucashk.com\\\/pt\\\/#organization\",\"name\":\"Rucas\",\"url\":\"https:\\\/\\\/www.rucashk.com\\\/pt\\\/\",\"logo\":{\"@type\":\"ImageObject\",\"url\":\"https:\\\/\\\/www.rucashk.com\\\/wp-content\\\/uploads\\\/2023\\\/12\\\/Rucas_campany_logo.png\",\"@id\":\"https:\\\/\\\/www.rucashk.com\\\/pt\\\/produto\\\/huami-amazfit-x-concept-watch\\\/#organizationLogo\",\"width\":221,\"height\":65},\"image\":{\"@id\":\"https:\\\/\\\/www.rucashk.com\\\/pt\\\/#organizationLogo\"}},{\"@type\":\"Person\",\"@id\":\"https:\\\/\\\/www.rucashk.com\\\/pt\\\/author\\\/admin\\\/#author\",\"url\":\"https:\\\/\\\/www.rucashk.com\\\/pt\\\/author\\\/admin\\\/\",\"name\":\"admin\",\"image\":{\"@type\":\"ImageObject\",\"@id\":\"https:\\\/\\\/www.rucashk.com\\\/pt\\\/produto\\\/huami-amazfit-x-concept-watch\\\/#authorImage\",\"url\":\"https:\\\/\\\/secure.gravatar.com\\\/avatar\\\/b7c8925b09a27e72b30232f8ecaadbd5af0f70a38c78096863fe51b64f031c24?s=96&d=mm&r=g\",\"width\":96,\"height\":96,\"caption\":\"admin\"}},{\"@type\":\"WebPage\",\"@id\":\"https:\\\/\\\/www.rucashk.com\\\/pt\\\/produto\\\/huami-amazfit-x-concept-watch\\\/#webpage\",\"url\":\"https:\\\/\\\/www.rucashk.com\\\/pt\\\/produto\\\/huami-amazfit-x-concept-watch\\\/\",\"name\":\"Huami Amazfit X Concept watch - Rucas - Wholesale and Distribution\",\"description\":\"Main functions: Breakthrough vision, bendable hd, 3D curved screen glass \\u25cf 92-degree bendable curved screen, 326ppi retina level hd resolution \\u25cf 100% NTSC high color saturation \\u25cf2.07 inch AMOLED screen \\u25cf curved lithium ion battery design, rechargeable once, 7 days battery life (experiment)\",\"inLanguage\":\"pt-PT\",\"isPartOf\":{\"@id\":\"https:\\\/\\\/www.rucashk.com\\\/pt\\\/#website\"},\"breadcrumb\":{\"@id\":\"https:\\\/\\\/www.rucashk.com\\\/pt\\\/produto\\\/huami-amazfit-x-concept-watch\\\/#breadcrumblist\"},\"author\":{\"@id\":\"https:\\\/\\\/www.rucashk.com\\\/pt\\\/author\\\/admin\\\/#author\"},\"creator\":{\"@id\":\"https:\\\/\\\/www.rucashk.com\\\/pt\\\/author\\\/admin\\\/#author\"},\"image\":{\"@type\":\"ImageObject\",\"url\":\"https:\\\/\\\/www.rucashk.com\\\/wp-content\\\/uploads\\\/2024\\\/01\\\/\\u5fae\\u4fe1\\u56fe\\u7247_20200423144725.jpg\",\"@id\":\"https:\\\/\\\/www.rucashk.com\\\/pt\\\/produto\\\/huami-amazfit-x-concept-watch\\\/#mainImage\",\"width\":734,\"height\":734},\"primaryImageOfPage\":{\"@id\":\"https:\\\/\\\/www.rucashk.com\\\/pt\\\/produto\\\/huami-amazfit-x-concept-watch\\\/#mainImage\"},\"datePublished\":\"2024-01-09T15:38:52+00:00\",\"dateModified\":\"2024-03-12T06:57:36+00:00\"},{\"@type\":\"WebSite\",\"@id\":\"https:\\\/\\\/www.rucashk.com\\\/pt\\\/#website\",\"url\":\"https:\\\/\\\/www.rucashk.com\\\/pt\\\/\",\"name\":\"Rucas - Wholesale and distribution worldwide\",\"alternateName\":\"Rucas - One-stop AIoT Distribution Worldwide\",\"description\":\"One-stop AIoT Distribution Worldwide\",\"inLanguage\":\"pt-PT\",\"publisher\":{\"@id\":\"https:\\\/\\\/www.rucashk.com\\\/pt\\\/#organization\"}}]}\n\t\t<\/script>\n\t\t<!-- All in One SEO Pro -->\r\n\t\t<title>Huami Amazfit X Concept watch - Rucas - Wholesale and Distribution<\/title>\n\n","aioseo_head_json":{"title":"Huami Amazfit X Concept watch - Rucas - Wholesale and Distribution","description":"Main functions: Breakthrough vision, bendable hd, 3D curved screen glass \u25cf 92-degree bendable curved screen, 326ppi retina level hd resolution \u25cf 100% NTSC high color saturation \u25cf2.07 inch AMOLED screen \u25cf curved lithium ion battery design, rechargeable once, 7 days battery life (experiment)","canonical_url":"https:\/\/www.rucashk.com\/pt\/produto\/huami-amazfit-x-concept-watch\/","robots":"max-image-preview:large","keywords":"","webmasterTools":{"miscellaneous":""},"og:locale":"pt_PT","og:site_name":"Rucas - One-stop AIoT Distribution Worldwide","og:type":"article","og:title":"Huami Amazfit X Concept watch - Rucas - Wholesale and Distribution","og:description":"Main functions: Breakthrough vision, bendable hd, 3D curved screen glass \u25cf 92-degree bendable curved screen, 326ppi retina level hd resolution \u25cf 100% NTSC high color saturation \u25cf2.07 inch AMOLED screen \u25cf curved lithium ion battery design, rechargeable once, 7 days battery life (experiment)","og:url":"https:\/\/www.rucashk.com\/pt\/produto\/huami-amazfit-x-concept-watch\/","og:image":"https:\/\/www.rucashk.com\/wp-content\/uploads\/replace\/503b8e645f128a97ccde2b6290747646.jpeg","og:image:secure_url":"https:\/\/www.rucashk.com\/wp-content\/uploads\/replace\/503b8e645f128a97ccde2b6290747646.jpeg","og:image:width":1456,"og:image:height":816,"article:published_time":"2024-01-09T15:38:52+00:00","article:modified_time":"2024-03-12T06:57:36+00:00","twitter:card":"summary_large_image","twitter:title":"Huami Amazfit X Concept watch - Rucas - Wholesale and Distribution","twitter:description":"Main functions: Breakthrough vision, bendable hd, 3D curved screen glass \u25cf 92-degree bendable curved screen, 326ppi retina level hd resolution \u25cf 100% NTSC high color saturation \u25cf2.07 inch AMOLED screen \u25cf curved lithium ion battery design, rechargeable once, 7 days battery life (experiment)","twitter:image":"https:\/\/www.rucashk.com\/wp-content\/uploads\/replace\/503b8e645f128a97ccde2b6290747646.jpeg","schema":{"@context":"https:\/\/schema.org","@graph":[{"@type":"BreadcrumbList","@id":"https:\/\/www.rucashk.com\/pt\/produto\/huami-amazfit-x-concept-watch\/#breadcrumblist","itemListElement":[{"@type":"ListItem","@id":"https:\/\/www.rucashk.com\/pt\/#listItem","position":1,"name":"Home","item":"https:\/\/www.rucashk.com\/pt\/","nextItem":"https:\/\/www.rucashk.com\/pt\/produto\/huami-amazfit-x-concept-watch\/#listItem"},{"@type":"ListItem","@id":"https:\/\/www.rucashk.com\/pt\/produto\/huami-amazfit-x-concept-watch\/#listItem","position":2,"name":"Huami Amazfit X Concept watch","previousItem":"https:\/\/www.rucashk.com\/pt\/#listItem"}]},{"@type":"Organization","@id":"https:\/\/www.rucashk.com\/pt\/#organization","name":"Rucas","url":"https:\/\/www.rucashk.com\/pt\/","logo":{"@type":"ImageObject","url":"https:\/\/www.rucashk.com\/wp-content\/uploads\/2023\/12\/Rucas_campany_logo.png","@id":"https:\/\/www.rucashk.com\/pt\/produto\/huami-amazfit-x-concept-watch\/#organizationLogo","width":221,"height":65},"image":{"@id":"https:\/\/www.rucashk.com\/pt\/#organizationLogo"}},{"@type":"Person","@id":"https:\/\/www.rucashk.com\/pt\/author\/admin\/#author","url":"https:\/\/www.rucashk.com\/pt\/author\/admin\/","name":"admin","image":{"@type":"ImageObject","@id":"https:\/\/www.rucashk.com\/pt\/produto\/huami-amazfit-x-concept-watch\/#authorImage","url":"https:\/\/secure.gravatar.com\/avatar\/b7c8925b09a27e72b30232f8ecaadbd5af0f70a38c78096863fe51b64f031c24?s=96&d=mm&r=g","width":96,"height":96,"caption":"admin"}},{"@type":"WebPage","@id":"https:\/\/www.rucashk.com\/pt\/produto\/huami-amazfit-x-concept-watch\/#webpage","url":"https:\/\/www.rucashk.com\/pt\/produto\/huami-amazfit-x-concept-watch\/","name":"Huami Amazfit X Concept watch - Rucas - Wholesale and Distribution","description":"Main functions: Breakthrough vision, bendable hd, 3D curved screen glass \u25cf 92-degree bendable curved screen, 326ppi retina level hd resolution \u25cf 100% NTSC high color saturation \u25cf2.07 inch AMOLED screen \u25cf curved lithium ion battery design, rechargeable once, 7 days battery life (experiment)","inLanguage":"pt-PT","isPartOf":{"@id":"https:\/\/www.rucashk.com\/pt\/#website"},"breadcrumb":{"@id":"https:\/\/www.rucashk.com\/pt\/produto\/huami-amazfit-x-concept-watch\/#breadcrumblist"},"author":{"@id":"https:\/\/www.rucashk.com\/pt\/author\/admin\/#author"},"creator":{"@id":"https:\/\/www.rucashk.com\/pt\/author\/admin\/#author"},"image":{"@type":"ImageObject","url":"https:\/\/www.rucashk.com\/wp-content\/uploads\/2024\/01\/\u5fae\u4fe1\u56fe\u7247_20200423144725.jpg","@id":"https:\/\/www.rucashk.com\/pt\/produto\/huami-amazfit-x-concept-watch\/#mainImage","width":734,"height":734},"primaryImageOfPage":{"@id":"https:\/\/www.rucashk.com\/pt\/produto\/huami-amazfit-x-concept-watch\/#mainImage"},"datePublished":"2024-01-09T15:38:52+00:00","dateModified":"2024-03-12T06:57:36+00:00"},{"@type":"WebSite","@id":"https:\/\/www.rucashk.com\/pt\/#website","url":"https:\/\/www.rucashk.com\/pt\/","name":"Rucas - Wholesale and distribution worldwide","alternateName":"Rucas - One-stop AIoT Distribution Worldwide","description":"One-stop AIoT Distribution Worldwide","inLanguage":"pt-PT","publisher":{"@id":"https:\/\/www.rucashk.com\/pt\/#organization"}}]}},"aioseo_meta_data":{"post_id":"22048","title":null,"description":null,"keywords":null,"keyphrases":null,"primary_term":null,"canonical_url":null,"og_title":null,"og_description":null,"og_object_type":"default","og_image_type":"default","og_image_url":null,"og_image_width":null,"og_image_height":null,"og_image_custom_url":null,"og_image_custom_fields":null,"og_video":null,"og_custom_url":null,"og_article_section":null,"og_article_tags":null,"twitter_use_og":false,"twitter_card":"default","twitter_image_type":"default","twitter_image_url":null,"twitter_image_custom_url":null,"twitter_image_custom_fields":null,"twitter_title":null,"twitter_description":null,"schema":{"blockGraphs":[],"customGraphs":[],"default":{"data":{"Article":[],"Course":[],"Dataset":[],"FAQPage":[],"Movie":[],"Person":[],"Product":[],"Recipe":[],"Service":[],"SoftwareApplication":[],"WebPage":[]},"graphName":"","isEnabled":true},"graphs":[]},"schema_type":"default","schema_type_options":null,"pillar_content":false,"robots_default":true,"robots_noindex":false,"robots_noarchive":false,"robots_nosnippet":false,"robots_nofollow":false,"robots_noimageindex":false,"robots_noodp":false,"robots_notranslate":false,"robots_max_snippet":null,"robots_max_videopreview":null,"robots_max_imagepreview":"large","priority":null,"frequency":null,"local_seo":null,"breadcrumb_settings":null,"limit_modified_date":false,"created":"2024-04-11 01:55:21","updated":"2025-06-22 16:34:59"},"aioseo_breadcrumb":"<div class=\"aioseo-breadcrumbs\"><span class=\"aioseo-breadcrumb\">\n\t<a href=\"https:\/\/www.rucashk.com\/pt\" title=\"Home\">Home<\/a>\n<\/span><span class=\"aioseo-breadcrumb-separator\">&raquo;<\/span><span class=\"aioseo-breadcrumb\">\n\t<a href=\"https:\/\/www.rucashk.com\/pt\/products\/\" title=\"Produtos\">Produtos<\/a>\n<\/span><span class=\"aioseo-breadcrumb-separator\">&raquo;<\/span><span class=\"aioseo-breadcrumb\">\n\t<a href=\"https:\/\/www.rucashk.com\/pt\/categoria-produto\/xiaomi-eco\/\" title=\"Xiaomi Eco\">Xiaomi Eco<\/a>\n<\/span><span class=\"aioseo-breadcrumb-separator\">&raquo;<\/span><span class=\"aioseo-breadcrumb\">\n\t<a href=\"https:\/\/www.rucashk.com\/pt\/categoria-produto\/xiaomi-eco\/amazfit-smartwatch\/\" title=\"Amazfit Smartwatch\">Amazfit Smartwatch<\/a>\n<\/span><span class=\"aioseo-breadcrumb-separator\">&raquo;<\/span><span class=\"aioseo-breadcrumb\">\n\tHuami Amazfit X Concept watch\n<\/span><\/div>","aioseo_breadcrumb_json":[{"label":"Home","link":"https:\/\/www.rucashk.com\/pt"},{"label":"Produtos","link":"https:\/\/www.rucashk.com\/pt\/products\/"},{"label":"Xiaomi Eco","link":"https:\/\/www.rucashk.com\/pt\/categoria-produto\/xiaomi-eco\/"},{"label":"Amazfit Smartwatch","link":"https:\/\/www.rucashk.com\/pt\/categoria-produto\/xiaomi-eco\/amazfit-smartwatch\/"},{"label":"Huami Amazfit X Concept watch","link":"https:\/\/www.rucashk.com\/pt\/produto\/huami-amazfit-x-concept-watch\/"}],"_links":{"self":[{"href":"https:\/\/www.rucashk.com\/pt\/wp-json\/wp\/v2\/product\/22048","targetHints":{"allow":["GET"]}}],"collection":[{"href":"https:\/\/www.rucashk.com\/pt\/wp-json\/wp\/v2\/product"}],"about":[{"href":"https:\/\/www.rucashk.com\/pt\/wp-json\/wp\/v2\/types\/product"}],"wp:featuredmedia":[{"embeddable":true,"href":"https:\/\/www.rucashk.com\/pt\/wp-json\/wp\/v2\/media\/22163"}],"wp:attachment":[{"href":"https:\/\/www.rucashk.com\/pt\/wp-json\/wp\/v2\/media?parent=22048"}],"wp:term":[{"taxonomy":"product_brand","embeddable":true,"href":"https:\/\/www.rucashk.com\/pt\/wp-json\/wp\/v2\/product_brand?post=22048"},{"taxonomy":"product_cat","embeddable":true,"href":"https:\/\/www.rucashk.com\/pt\/wp-json\/wp\/v2\/product_cat?post=22048"},{"taxonomy":"product_tag","embeddable":true,"href":"https:\/\/www.rucashk.com\/pt\/wp-json\/wp\/v2\/product_tag?post=22048"}],"curies":[{"name":"wp","href":"https:\/\/api.w.org\/{rel}","templated":true}]}}