{"id":22047,"date":"2024-01-09T15:38:52","date_gmt":"2024-01-09T15:38:52","guid":{"rendered":"http:\/\/rucashk.com\/?post_type=product&#038;p=22047"},"modified":"2024-01-21T04:49:21","modified_gmt":"2024-01-21T04:49:21","slug":"mi-home-redmi-pad-5g","status":"publish","type":"product","link":"https:\/\/www.rucashk.com\/pt\/produto\/mi-home-redmi-pad-5g\/","title":{"rendered":"Redmi Pad 5G"},"content":{"rendered":"<div class=\"highlights-widget test\">\n<p style=\"text-align: center\">Mi Casa Redmi Pad 5G<\/p>\n<\/div>\n<div><\/div>\n<div class=\"full-w-img\"><img fetchpriority=\"high\" decoding=\"async\" class=\"alignnone\" src=\"https:\/\/www.rucashk.com\/wp-content\/uploads\/2020\/04\/Redmi-Pad-5G.jpg\" alt=\" Redmi Pad 5G\" width=\"1200\" height=\"630\" \/><\/div>\n<p>At\u00e9 aqui, <a class=\"\" style=\"width: auto !important\" href=\"https:\/\/www.rucashk.com\/pt\/produto\/mi-mix-3-snapdragon-855-octa-core-5g-smartphone\/\" data-wpil-post-to-id=\"1703\">xiaomi lan\u00e7ou cinco tablets \u2014 o Mi<\/a> Pad, Mi Pad 2, Mi Pad 3, Mi Pad 4 e Mi Pad 4 Plus \u2013 mas n\u00e3o voltou ao mercado de tablets desde 2018.<br \/>\nIsto pode ser devido ao fato de que o mercado de tablets Android est\u00e1 diminuindo \u00e0 medida que o iPad continua a se espalhar pelo mundo.<br \/>\nEmbora a Samsung, a Huawei e a Lenovo ainda n\u00e3o tenham desistido, lan\u00e7am regularmente tablets.<br \/>\nAgora, apesar do Redmi, a Xiaomi parece finalmente pronta para retornar aos jogos em tablets.<br \/>\nO pr\u00f3ximo tablet se chama <a class=\"\" style=\"width: auto !important\" href=\"https:\/\/www.rucashk.com\/pt\/the-new-redmi-5g-will-be-equipped-with-a-2-6ghz-tenguet-820-processor\/\" data-wpil-post-to-id=\"7603\">Redmi Pad 5G<\/a> e \u00e9 anunciado online pela Techindeep.<br \/>\nEle revela detalhes importantes sobre o tablet, incluindo o sistema operacional do chipset, tela superior <a class=\"\" style=\"width: auto !important\" href=\"https:\/\/www.rucashk.com\/pt\/xiaomi-11-render-map-is-exposed-with-no-hole-diggingmatrix-four-shots-120hz-refresh-rate\/\" data-wpil-post-to-id=\"8067\">taxas de atualiza\u00e7\u00e3o<\/a> e mais.<\/p>\n<ul>\n<li>\n<p class=\"src grammarSection\" style=\"text-align: center\" data-group=\"1-1\"><strong><a class=\"\" style=\"width: auto !important\" href=\"https:\/\/www.rucashk.com\/pt\/redmi-redmi-cell-phone-and-jd-com-released-redmi-k30-5g-extreme-edition\/\" data-wpil-post-to-id=\"8380\">Redmi Pad 5G<\/a> pre\u00e7o, especifica\u00e7\u00e3o<\/strong><\/p>\n<\/li>\n<\/ul>\n<div class=\"full-w-img\"><img decoding=\"async\" class=\"alignnone wp-image-6800 size-full\" src=\"https:\/\/www.rucashk.com\/wp-content\/uploads\/2020\/04\/\u5fae\u4fe1\u56fe\u7247_20200423141110.png\" alt=\" Redmi Pad 5G\" width=\"1280\" height=\"720\" \/><\/div>\n<div id=\"div-gpt-ad-1493810631751-0_0\" class=\"d-c-ads\" data-google-query-id=\"CPrw4oHx_egCFUIdvQodIFIOEA\"><\/div>\n<p>De acordo com o cartaz, <a class=\"\" style=\"width: auto !important\" href=\"https:\/\/www.rucashk.com\/pt\/produto\/xiaomi-redmi-8-5000mah-snapdragon-octa-core-smartphone\/\" data-wpil-post-to-id=\"2406\">Diz-se que o Redmi Pad 5G \u00e9 equipado com o Qualcomm Snapdragon<\/a> 765G SoC e iniciar\u00e1 o MIUI para sistemas Pad com uma taxa de atualiza\u00e7\u00e3o de 90 Hz e uma carga r\u00e1pida com fio de 30 W.<br \/>\nEspera-se que ofere\u00e7a um sistema super linear de quatro vias <a class=\"\" style=\"width: auto !important\" href=\"https:\/\/www.rucashk.com\/pt\/produto\/xiaomi-mi9t-6-39-inch-48mp-triple-camera-nfc-4000mah-smartphone\/\" data-wpil-post-to-id=\"2309\">c\u00e2mera e 48MP<\/a> c\u00e2mera principal.<br \/>\nO comprimido ir\u00e1 <a class=\"\" style=\"width: auto !important\" href=\"https:\/\/www.rucashk.com\/pt\/top-10-mobile-phone-manufacturers-again-refresh-xiaomi-4th-huawei-2nd-one-black-horse-come-out\/\" data-wpil-post-to-id=\"2937\">venha de preto<\/a> e branco.<br \/>\nQuanto ao pre\u00e7o, diz-se que o Redmi Pad 5G come\u00e7a em 1.999 yuans (cerca de 21.700 r\u00fapias).<br \/>\nDo ponto de vista do design, o <a class=\"\" style=\"width: auto !important\" href=\"https:\/\/www.rucashk.com\/pt\/produto\/xiaomi-redmi-note8-48mp-quad-rear-camera-4000mah-smartphone\/\" data-wpil-post-to-id=\"2367\">Redmi Pad 5G possui engastes estreitos em ambos os tamanhos e uma c\u00e2mera selfie<\/a> no quadro superior.<\/p>\n<p>Ainda n\u00e3o h\u00e1 uma data exata de lan\u00e7amento, mas Techindeep diz <a class=\"\" style=\"width: auto !important\" href=\"https:\/\/www.rucashk.com\/pt\/miui-12-has-been-launched-globally-redmi-k20-xiaomi-9-will-be-updated-in-june\/\" data-wpil-post-to-id=\"8977\">xiaomi poderia lan\u00e7ar Redmi Pad 5G em 27 de abril, junto com o Mi 10 Youth e MIUI<\/a> 12.<br \/>\nNo entanto, como n\u00e3o conseguimos verificar a validade da reclama\u00e7\u00e3o, recomendamos que a ignore por enquanto.<br \/>\nSe o Redmi Pad 5G existir, devemos saber mais detalhes o mais r\u00e1pido poss\u00edvel.<br \/>\nEstacione nas proximidades.<\/p>\n<aside class=\"mashsb-container mashsb-main mashsb-stretched\">\n<div class=\"mashsb-box\">\n<div class=\"mashsb-buttons\"><\/div>\n<\/div>\n<\/aside>","protected":false},"excerpt":{"rendered":"<p>Principais caracter\u00edsticas:<\/p>\n<p>1.Redmi Pad 5G trailer posters show specifications such as the Snapdragon 765G SoC, 5G, 90Hz refresh rate and 30W quick charging.<br \/>\n2.The tablet will cost 1,999 yuan (about 21,700 rupees).<br \/>\n3.RedmiPad 5G will be released on April 27 with the Mi 10 Youth Edition and MIUI 12.<\/p>","protected":false},"featured_media":22161,"template":"","meta":[],"product_brand":[],"product_cat":[1342,1305],"product_tag":[576,646],"class_list":{"0":"post-22047","1":"product","2":"type-product","3":"status-publish","4":"has-post-thumbnail","6":"product_cat-mi-pad","7":"product_cat-xiaomi-eco","8":"product_tag-mi-home","9":"product_tag-redmi-pad","11":"first","12":"instock","13":"shipping-taxable","14":"product-type-external"},"aioseo_notices":[],"aioseo_head":"\n\t\t<!-- All in One SEO Pro 4.5.9.2 - aioseo.com -->\n\t\t<meta name=\"description\" content=\"Main features: 1.Redmi Pad 5G trailer posters show specifications such as the Snapdragon 765G SoC, 5G, 90Hz refresh rate and 30W quick charging. 2.The tablet will cost 1,999 yuan (about 21,700 rupees). 3.RedmiPad 5G will be released on April 27 with the Mi 10 Youth Edition and MIUI 12.\" \/>\n\t\t<meta name=\"robots\" content=\"max-image-preview:large\" \/>\n\t\t<link rel=\"canonical\" href=\"https:\/\/www.rucashk.com\/pt\/produto\/mi-home-redmi-pad-5g\/\" \/>\n\t\t<meta name=\"generator\" content=\"All in One SEO Pro (AIOSEO) 4.5.9.2\" \/>\n\t\t<meta property=\"og:locale\" content=\"pt_PT\" \/>\n\t\t<meta property=\"og:site_name\" content=\"Rucas - One-stop AIoT Distribution Worldwide\" \/>\n\t\t<meta property=\"og:type\" content=\"article\" \/>\n\t\t<meta property=\"og:title\" content=\"Redmi Pad 5G - Rucas - Wholesale and Distribution\" \/>\n\t\t<meta property=\"og:description\" content=\"Main features: 1.Redmi Pad 5G trailer posters show specifications such as the Snapdragon 765G SoC, 5G, 90Hz refresh rate and 30W quick charging. 2.The tablet will cost 1,999 yuan (about 21,700 rupees). 3.RedmiPad 5G will be released on April 27 with the Mi 10 Youth Edition and MIUI 12.\" \/>\n\t\t<meta property=\"og:url\" content=\"https:\/\/www.rucashk.com\/pt\/produto\/mi-home-redmi-pad-5g\/\" \/>\n\t\t<meta property=\"og:image\" content=\"https:\/\/www.rucashk.com\/wp-content\/uploads\/replace\/503b8e645f128a97ccde2b6290747646.jpeg\" \/>\n\t\t<meta property=\"og:image:secure_url\" content=\"https:\/\/www.rucashk.com\/wp-content\/uploads\/replace\/503b8e645f128a97ccde2b6290747646.jpeg\" \/>\n\t\t<meta property=\"og:image:width\" content=\"1456\" \/>\n\t\t<meta property=\"og:image:height\" content=\"816\" \/>\n\t\t<meta property=\"article:published_time\" content=\"2024-01-09T15:38:52+00:00\" \/>\n\t\t<meta property=\"article:modified_time\" content=\"2024-01-21T04:49:21+00:00\" \/>\n\t\t<meta name=\"twitter:card\" content=\"summary_large_image\" \/>\n\t\t<meta name=\"twitter:title\" content=\"Redmi Pad 5G - Rucas - Wholesale and Distribution\" \/>\n\t\t<meta name=\"twitter:description\" content=\"Main features: 1.Redmi Pad 5G trailer posters show specifications such as the Snapdragon 765G SoC, 5G, 90Hz refresh rate and 30W quick charging. 2.The tablet will cost 1,999 yuan (about 21,700 rupees). 3.RedmiPad 5G will be released on April 27 with the Mi 10 Youth Edition and MIUI 12.\" \/>\n\t\t<meta name=\"twitter:image\" content=\"https:\/\/www.rucashk.com\/wp-content\/uploads\/replace\/503b8e645f128a97ccde2b6290747646.jpeg\" \/>\n\t\t<script type=\"application\/ld+json\" class=\"aioseo-schema\">\n\t\t\t{\"@context\":\"https:\\\/\\\/schema.org\",\"@graph\":[{\"@type\":\"BreadcrumbList\",\"@id\":\"https:\\\/\\\/www.rucashk.com\\\/pt\\\/produto\\\/mi-home-redmi-pad-5g\\\/#breadcrumblist\",\"itemListElement\":[{\"@type\":\"ListItem\",\"@id\":\"https:\\\/\\\/www.rucashk.com\\\/pt\\\/#listItem\",\"position\":1,\"name\":\"Home\",\"item\":\"https:\\\/\\\/www.rucashk.com\\\/pt\\\/\",\"nextItem\":\"https:\\\/\\\/www.rucashk.com\\\/pt\\\/produto\\\/mi-home-redmi-pad-5g\\\/#listItem\"},{\"@type\":\"ListItem\",\"@id\":\"https:\\\/\\\/www.rucashk.com\\\/pt\\\/produto\\\/mi-home-redmi-pad-5g\\\/#listItem\",\"position\":2,\"name\":\"Redmi Pad 5G\",\"previousItem\":\"https:\\\/\\\/www.rucashk.com\\\/pt\\\/#listItem\"}]},{\"@type\":\"Organization\",\"@id\":\"https:\\\/\\\/www.rucashk.com\\\/pt\\\/#organization\",\"name\":\"Rucas\",\"url\":\"https:\\\/\\\/www.rucashk.com\\\/pt\\\/\",\"logo\":{\"@type\":\"ImageObject\",\"url\":\"https:\\\/\\\/www.rucashk.com\\\/wp-content\\\/uploads\\\/2023\\\/12\\\/Rucas_campany_logo.png\",\"@id\":\"https:\\\/\\\/www.rucashk.com\\\/pt\\\/produto\\\/mi-home-redmi-pad-5g\\\/#organizationLogo\",\"width\":221,\"height\":65},\"image\":{\"@id\":\"https:\\\/\\\/www.rucashk.com\\\/pt\\\/#organizationLogo\"}},{\"@type\":\"Person\",\"@id\":\"https:\\\/\\\/www.rucashk.com\\\/pt\\\/author\\\/admin\\\/#author\",\"url\":\"https:\\\/\\\/www.rucashk.com\\\/pt\\\/author\\\/admin\\\/\",\"name\":\"admin\",\"image\":{\"@type\":\"ImageObject\",\"@id\":\"https:\\\/\\\/www.rucashk.com\\\/pt\\\/produto\\\/mi-home-redmi-pad-5g\\\/#authorImage\",\"url\":\"https:\\\/\\\/secure.gravatar.com\\\/avatar\\\/b7c8925b09a27e72b30232f8ecaadbd5af0f70a38c78096863fe51b64f031c24?s=96&d=mm&r=g\",\"width\":96,\"height\":96,\"caption\":\"admin\"}},{\"@type\":\"WebPage\",\"@id\":\"https:\\\/\\\/www.rucashk.com\\\/pt\\\/produto\\\/mi-home-redmi-pad-5g\\\/#webpage\",\"url\":\"https:\\\/\\\/www.rucashk.com\\\/pt\\\/produto\\\/mi-home-redmi-pad-5g\\\/\",\"name\":\"Redmi Pad 5G - Rucas - Wholesale and Distribution\",\"description\":\"Main features: 1.Redmi Pad 5G trailer posters show specifications such as the Snapdragon 765G SoC, 5G, 90Hz refresh rate and 30W quick charging. 2.The tablet will cost 1,999 yuan (about 21,700 rupees). 3.RedmiPad 5G will be released on April 27 with the Mi 10 Youth Edition and MIUI 12.\",\"inLanguage\":\"pt-PT\",\"isPartOf\":{\"@id\":\"https:\\\/\\\/www.rucashk.com\\\/pt\\\/#website\"},\"breadcrumb\":{\"@id\":\"https:\\\/\\\/www.rucashk.com\\\/pt\\\/produto\\\/mi-home-redmi-pad-5g\\\/#breadcrumblist\"},\"author\":{\"@id\":\"https:\\\/\\\/www.rucashk.com\\\/pt\\\/author\\\/admin\\\/#author\"},\"creator\":{\"@id\":\"https:\\\/\\\/www.rucashk.com\\\/pt\\\/author\\\/admin\\\/#author\"},\"image\":{\"@type\":\"ImageObject\",\"url\":\"https:\\\/\\\/www.rucashk.com\\\/wp-content\\\/uploads\\\/2024\\\/01\\\/1111.jpg\",\"@id\":\"https:\\\/\\\/www.rucashk.com\\\/pt\\\/produto\\\/mi-home-redmi-pad-5g\\\/#mainImage\",\"width\":800,\"height\":800},\"primaryImageOfPage\":{\"@id\":\"https:\\\/\\\/www.rucashk.com\\\/pt\\\/produto\\\/mi-home-redmi-pad-5g\\\/#mainImage\"},\"datePublished\":\"2024-01-09T15:38:52+00:00\",\"dateModified\":\"2024-01-21T04:49:21+00:00\"},{\"@type\":\"WebSite\",\"@id\":\"https:\\\/\\\/www.rucashk.com\\\/pt\\\/#website\",\"url\":\"https:\\\/\\\/www.rucashk.com\\\/pt\\\/\",\"name\":\"Rucas - Wholesale and distribution worldwide\",\"alternateName\":\"Rucas - One-stop AIoT Distribution Worldwide\",\"description\":\"One-stop AIoT Distribution Worldwide\",\"inLanguage\":\"pt-PT\",\"publisher\":{\"@id\":\"https:\\\/\\\/www.rucashk.com\\\/pt\\\/#organization\"}}]}\n\t\t<\/script>\n\t\t<!-- All in One SEO Pro -->\r\n\t\t<title>Redmi Pad 5G - Rucas - Wholesale and Distribution<\/title>\n\n","aioseo_head_json":{"title":"Redmi Pad 5G - Rucas - Wholesale and Distribution","description":"Main features: 1.Redmi Pad 5G trailer posters show specifications such as the Snapdragon 765G SoC, 5G, 90Hz refresh rate and 30W quick charging. 2.The tablet will cost 1,999 yuan (about 21,700 rupees). 3.RedmiPad 5G will be released on April 27 with the Mi 10 Youth Edition and MIUI 12.","canonical_url":"https:\/\/www.rucashk.com\/pt\/produto\/mi-home-redmi-pad-5g\/","robots":"max-image-preview:large","keywords":"","webmasterTools":{"miscellaneous":""},"og:locale":"pt_PT","og:site_name":"Rucas - One-stop AIoT Distribution Worldwide","og:type":"article","og:title":"Redmi Pad 5G - Rucas - Wholesale and Distribution","og:description":"Main features: 1.Redmi Pad 5G trailer posters show specifications such as the Snapdragon 765G SoC, 5G, 90Hz refresh rate and 30W quick charging. 2.The tablet will cost 1,999 yuan (about 21,700 rupees). 3.RedmiPad 5G will be released on April 27 with the Mi 10 Youth Edition and MIUI 12.","og:url":"https:\/\/www.rucashk.com\/pt\/produto\/mi-home-redmi-pad-5g\/","og:image":"https:\/\/www.rucashk.com\/wp-content\/uploads\/replace\/503b8e645f128a97ccde2b6290747646.jpeg","og:image:secure_url":"https:\/\/www.rucashk.com\/wp-content\/uploads\/replace\/503b8e645f128a97ccde2b6290747646.jpeg","og:image:width":1456,"og:image:height":816,"article:published_time":"2024-01-09T15:38:52+00:00","article:modified_time":"2024-01-21T04:49:21+00:00","twitter:card":"summary_large_image","twitter:title":"Redmi Pad 5G - Rucas - Wholesale and Distribution","twitter:description":"Main features: 1.Redmi Pad 5G trailer posters show specifications such as the Snapdragon 765G SoC, 5G, 90Hz refresh rate and 30W quick charging. 2.The tablet will cost 1,999 yuan (about 21,700 rupees). 3.RedmiPad 5G will be released on April 27 with the Mi 10 Youth Edition and MIUI 12.","twitter:image":"https:\/\/www.rucashk.com\/wp-content\/uploads\/replace\/503b8e645f128a97ccde2b6290747646.jpeg","schema":{"@context":"https:\/\/schema.org","@graph":[{"@type":"BreadcrumbList","@id":"https:\/\/www.rucashk.com\/pt\/produto\/mi-home-redmi-pad-5g\/#breadcrumblist","itemListElement":[{"@type":"ListItem","@id":"https:\/\/www.rucashk.com\/pt\/#listItem","position":1,"name":"Home","item":"https:\/\/www.rucashk.com\/pt\/","nextItem":"https:\/\/www.rucashk.com\/pt\/produto\/mi-home-redmi-pad-5g\/#listItem"},{"@type":"ListItem","@id":"https:\/\/www.rucashk.com\/pt\/produto\/mi-home-redmi-pad-5g\/#listItem","position":2,"name":"Redmi Pad 5G","previousItem":"https:\/\/www.rucashk.com\/pt\/#listItem"}]},{"@type":"Organization","@id":"https:\/\/www.rucashk.com\/pt\/#organization","name":"Rucas","url":"https:\/\/www.rucashk.com\/pt\/","logo":{"@type":"ImageObject","url":"https:\/\/www.rucashk.com\/wp-content\/uploads\/2023\/12\/Rucas_campany_logo.png","@id":"https:\/\/www.rucashk.com\/pt\/produto\/mi-home-redmi-pad-5g\/#organizationLogo","width":221,"height":65},"image":{"@id":"https:\/\/www.rucashk.com\/pt\/#organizationLogo"}},{"@type":"Person","@id":"https:\/\/www.rucashk.com\/pt\/author\/admin\/#author","url":"https:\/\/www.rucashk.com\/pt\/author\/admin\/","name":"admin","image":{"@type":"ImageObject","@id":"https:\/\/www.rucashk.com\/pt\/produto\/mi-home-redmi-pad-5g\/#authorImage","url":"https:\/\/secure.gravatar.com\/avatar\/b7c8925b09a27e72b30232f8ecaadbd5af0f70a38c78096863fe51b64f031c24?s=96&d=mm&r=g","width":96,"height":96,"caption":"admin"}},{"@type":"WebPage","@id":"https:\/\/www.rucashk.com\/pt\/produto\/mi-home-redmi-pad-5g\/#webpage","url":"https:\/\/www.rucashk.com\/pt\/produto\/mi-home-redmi-pad-5g\/","name":"Redmi Pad 5G - Rucas - Wholesale and Distribution","description":"Main features: 1.Redmi Pad 5G trailer posters show specifications such as the Snapdragon 765G SoC, 5G, 90Hz refresh rate and 30W quick charging. 2.The tablet will cost 1,999 yuan (about 21,700 rupees). 3.RedmiPad 5G will be released on April 27 with the Mi 10 Youth Edition and MIUI 12.","inLanguage":"pt-PT","isPartOf":{"@id":"https:\/\/www.rucashk.com\/pt\/#website"},"breadcrumb":{"@id":"https:\/\/www.rucashk.com\/pt\/produto\/mi-home-redmi-pad-5g\/#breadcrumblist"},"author":{"@id":"https:\/\/www.rucashk.com\/pt\/author\/admin\/#author"},"creator":{"@id":"https:\/\/www.rucashk.com\/pt\/author\/admin\/#author"},"image":{"@type":"ImageObject","url":"https:\/\/www.rucashk.com\/wp-content\/uploads\/2024\/01\/1111.jpg","@id":"https:\/\/www.rucashk.com\/pt\/produto\/mi-home-redmi-pad-5g\/#mainImage","width":800,"height":800},"primaryImageOfPage":{"@id":"https:\/\/www.rucashk.com\/pt\/produto\/mi-home-redmi-pad-5g\/#mainImage"},"datePublished":"2024-01-09T15:38:52+00:00","dateModified":"2024-01-21T04:49:21+00:00"},{"@type":"WebSite","@id":"https:\/\/www.rucashk.com\/pt\/#website","url":"https:\/\/www.rucashk.com\/pt\/","name":"Rucas - Wholesale and distribution worldwide","alternateName":"Rucas - One-stop AIoT Distribution Worldwide","description":"One-stop AIoT Distribution Worldwide","inLanguage":"pt-PT","publisher":{"@id":"https:\/\/www.rucashk.com\/pt\/#organization"}}]}},"aioseo_meta_data":{"post_id":"22047","title":null,"description":null,"keywords":null,"keyphrases":null,"primary_term":null,"canonical_url":null,"og_title":null,"og_description":null,"og_object_type":"default","og_image_type":"default","og_image_url":null,"og_image_width":null,"og_image_height":null,"og_image_custom_url":null,"og_image_custom_fields":null,"og_video":null,"og_custom_url":null,"og_article_section":null,"og_article_tags":null,"twitter_use_og":false,"twitter_card":"default","twitter_image_type":"default","twitter_image_url":null,"twitter_image_custom_url":null,"twitter_image_custom_fields":null,"twitter_title":null,"twitter_description":null,"schema":{"blockGraphs":[],"customGraphs":[],"default":{"data":{"Article":[],"Course":[],"Dataset":[],"FAQPage":[],"Movie":[],"Person":[],"Product":[],"Recipe":[],"Service":[],"SoftwareApplication":[],"WebPage":[]},"graphName":"","isEnabled":true},"graphs":[]},"schema_type":"default","schema_type_options":null,"pillar_content":false,"robots_default":true,"robots_noindex":false,"robots_noarchive":false,"robots_nosnippet":false,"robots_nofollow":false,"robots_noimageindex":false,"robots_noodp":false,"robots_notranslate":false,"robots_max_snippet":null,"robots_max_videopreview":null,"robots_max_imagepreview":"large","priority":null,"frequency":null,"local_seo":null,"breadcrumb_settings":null,"limit_modified_date":false,"created":"2024-04-11 01:55:21","updated":"2025-06-22 16:34:59"},"aioseo_breadcrumb":"<div class=\"aioseo-breadcrumbs\"><span class=\"aioseo-breadcrumb\">\n\t<a href=\"https:\/\/www.rucashk.com\/pt\" title=\"Home\">Home<\/a>\n<\/span><span class=\"aioseo-breadcrumb-separator\">&raquo;<\/span><span class=\"aioseo-breadcrumb\">\n\t<a href=\"https:\/\/www.rucashk.com\/pt\/products\/\" title=\"Produtos\">Produtos<\/a>\n<\/span><span class=\"aioseo-breadcrumb-separator\">&raquo;<\/span><span class=\"aioseo-breadcrumb\">\n\t<a href=\"https:\/\/www.rucashk.com\/pt\/categoria-produto\/xiaomi-eco\/\" title=\"Xiaomi Eco\">Xiaomi Eco<\/a>\n<\/span><span class=\"aioseo-breadcrumb-separator\">&raquo;<\/span><span class=\"aioseo-breadcrumb\">\n\t<a href=\"https:\/\/www.rucashk.com\/pt\/categoria-produto\/xiaomi-eco\/mi-pad\/\" title=\"Mi Pad\">Mi Pad<\/a>\n<\/span><span class=\"aioseo-breadcrumb-separator\">&raquo;<\/span><span class=\"aioseo-breadcrumb\">\n\tRedmi Pad 5G\n<\/span><\/div>","aioseo_breadcrumb_json":[{"label":"Home","link":"https:\/\/www.rucashk.com\/pt"},{"label":"Produtos","link":"https:\/\/www.rucashk.com\/pt\/products\/"},{"label":"Xiaomi Eco","link":"https:\/\/www.rucashk.com\/pt\/categoria-produto\/xiaomi-eco\/"},{"label":"Mi Pad","link":"https:\/\/www.rucashk.com\/pt\/categoria-produto\/xiaomi-eco\/mi-pad\/"},{"label":"Redmi Pad 5G","link":"https:\/\/www.rucashk.com\/pt\/produto\/mi-home-redmi-pad-5g\/"}],"_links":{"self":[{"href":"https:\/\/www.rucashk.com\/pt\/wp-json\/wp\/v2\/product\/22047","targetHints":{"allow":["GET"]}}],"collection":[{"href":"https:\/\/www.rucashk.com\/pt\/wp-json\/wp\/v2\/product"}],"about":[{"href":"https:\/\/www.rucashk.com\/pt\/wp-json\/wp\/v2\/types\/product"}],"wp:featuredmedia":[{"embeddable":true,"href":"https:\/\/www.rucashk.com\/pt\/wp-json\/wp\/v2\/media\/22161"}],"wp:attachment":[{"href":"https:\/\/www.rucashk.com\/pt\/wp-json\/wp\/v2\/media?parent=22047"}],"wp:term":[{"taxonomy":"product_brand","embeddable":true,"href":"https:\/\/www.rucashk.com\/pt\/wp-json\/wp\/v2\/product_brand?post=22047"},{"taxonomy":"product_cat","embeddable":true,"href":"https:\/\/www.rucashk.com\/pt\/wp-json\/wp\/v2\/product_cat?post=22047"},{"taxonomy":"product_tag","embeddable":true,"href":"https:\/\/www.rucashk.com\/pt\/wp-json\/wp\/v2\/product_tag?post=22047"}],"curies":[{"name":"wp","href":"https:\/\/api.w.org\/{rel}","templated":true}]}}