{"id":22004,"date":"2024-01-09T15:38:27","date_gmt":"2024-01-09T15:38:27","guid":{"rendered":"http:\/\/rucashk.com\/?post_type=product&#038;p=22004"},"modified":"2024-01-17T03:52:32","modified_gmt":"2024-01-17T03:52:32","slug":"mi-home-mi-smartda-automatic-water-saver-tap","status":"publish","type":"product","link":"https:\/\/www.rucashk.com\/pt\/produto\/mi-home-mi-smartda-automatic-water-saver-tap\/","title":{"rendered":"Torneira economizadora de \u00e1gua autom\u00e1tica Mi Home Mi Smartda"},"content":{"rendered":"<p><img fetchpriority=\"high\" decoding=\"async\" class=\"aligncenter\" src=\"https:\/\/www.rucashk.com\/wp-content\/uploads\/2020\/04\/HTB1ZKNfaPDuK1Rjy1zjq6zraFXaI.jpg\" alt=\"Mi Smartda Automatic Water Saver Tap\" width=\"800\" height=\"2384\" \/><img decoding=\"async\" class=\"aligncenter\" src=\"https:\/\/www.rucashk.com\/wp-content\/uploads\/2020\/04\/HTB1t5NdaJfvK1RjSszhq6AcGFXaq.jpg\" alt=\"Mi Smartda Automatic Water Saver Tap\" width=\"800\" height=\"2633\" \/><img decoding=\"async\" class=\"aligncenter\" src=\"https:\/\/www.rucashk.com\/wp-content\/uploads\/2020\/04\/HTB14TlXaN_rK1RkHFqDq6yJAFXa4.jpg\" alt=\"Mi Smartda Automatic Water Saver Tap\" width=\"800\" height=\"641\" \/><img loading=\"lazy\" decoding=\"async\" class=\"aligncenter\" src=\"https:\/\/www.rucashk.com\/wp-content\/uploads\/2020\/04\/HTB17TlXaN_rK1RkHFqDq6yJAFXaE.jpg\" alt=\"Mi Smartda Automatic Water Saver Tap\" width=\"800\" height=\"800\" \/><img loading=\"lazy\" decoding=\"async\" class=\"aligncenter\" src=\"https:\/\/www.rucashk.com\/wp-content\/uploads\/2020\/04\/HTB1dYQ9asnrK1RkHFrdq6xCoFXaQ.jpg\" alt=\"Mi Smartda Automatic Water Saver Tap\" width=\"800\" height=\"996\" \/><img loading=\"lazy\" decoding=\"async\" class=\"aligncenter\" src=\"https:\/\/www.rucashk.com\/wp-content\/uploads\/2020\/04\/HTB1G3A8apzsK1Rjy1Xbq6xOaFXaW.jpg\" alt=\"Mi Smartda Automatic Water Saver Tap\" width=\"800\" height=\"1119\" \/><img loading=\"lazy\" decoding=\"async\" class=\"aligncenter\" src=\"https:\/\/www.rucashk.com\/wp-content\/uploads\/2020\/04\/HTB1w6M5aE_rK1Rjy0Fcq6zEvVXaW.jpg\" alt=\"Mi Smartda Automatic Water Saver Tap\" width=\"800\" height=\"1287\" \/><img loading=\"lazy\" decoding=\"async\" class=\"aligncenter\" src=\"https:\/\/www.rucashk.com\/wp-content\/uploads\/2020\/04\/HTB1bLhbaPzuK1RjSsppq6xz0XXar.jpg\" alt=\"Mi Smartda Automatic Water Saver Tap\" width=\"800\" height=\"2160\" \/><\/p>\n<p>&nbsp;<\/p>\n<p style=\"text-align: center\" data-spm-anchor-id=\"a2g0o.detail.1000023.i1.2b911c57IM2D71\">Incluindo embalagem:<br \/>\n1. Infravermelho <a class=\"\" style=\"width: auto !important\" href=\"https:\/\/www.rucashk.com\/pt\/produto\/xiaomi-mijia-automatic-induction-water-saving-faucet-smart-sensor\/\" data-wpil-post-to-id=\"9352\">dispositivo de economia de \u00e1gua por indu\u00e7\u00e3o para torneira x<\/a><br \/>\n1 x instalar chave<br \/>\n3 x anel de veda\u00e7\u00e3o<br \/>\n6 x adaptador<br \/>\n1 x<em><span class=\"skip\"><a data-keyword=\"specification\">especifica\u00e7\u00e3o<\/a><\/span><\/em><\/p>\n<p style=\"text-align: center\">","protected":false},"excerpt":{"rendered":"<p>Principais caracter\u00edsticas:<br \/>\n1. Upgrade the dual induction faucet, two groups of induction areas, two water modes, 0.25 second quick induction.<br \/>\n2. Reduce contact pollution through infrared induction drainage.<br \/>\n3. Bottom sensor for short-term water demand &#8211; when the sensor enters the bottom sensing area (within a limited distance of 10 cm), the water begins to flow out.<br \/>\nWhen the sensor leaves, the water stops flowing out.<br \/>\n4. Side sensor meets water storage requirements &#8211; when the sensor enters the side sensor area (within a limited distance of 5 cm), water begins to flow out.<br \/>\nThe current lasts for three minutes, and even when the object is felt to leave, the water still flows out.<br \/>\nIf the sensor enters the side sensor area again during the flow of water, the water can be cut off at any time.<br \/>\n5. First-class water saving, energy saving and environmental protection.<br \/>\n6. Simple design style, suitable for various home furnishing styles.<br \/>\n7. 6 sets of adapters can meet your different needs.<\/p>","protected":false},"featured_media":22129,"template":"","meta":[],"product_brand":[],"product_cat":[1318,1305],"product_tag":[635,576],"class_list":{"0":"post-22004","1":"product","2":"type-product","3":"status-publish","4":"has-post-thumbnail","6":"product_cat-gadgets","7":"product_cat-xiaomi-eco","8":"product_tag-automatic-water-saver","9":"product_tag-mi-home","11":"first","12":"instock","13":"shipping-taxable","14":"product-type-external"},"aioseo_notices":[],"aioseo_head":"\n\t\t<!-- All in One SEO Pro 4.5.9.2 - aioseo.com -->\n\t\t<meta name=\"description\" content=\"Main features: 1. Upgrade the dual induction faucet, two groups of induction areas, two water modes, 0.25 second quick induction. 2. Reduce contact pollution through infrared induction drainage. 3. Bottom sensor for short-term water demand - when the sensor enters the bottom sensing area (within a limited distance of 10 cm), the water begins to flow out. When the sensor leaves, the water stops flowing out. 4. Side sensor meets water storage requirements - when the sensor enters the side sensor area (within a limited distance of 5 cm), water begins to flow out. The current lasts for three minutes, and even when the object is felt to leave, the water still flows out. If the sensor enters the side sensor area again during the flow of water, the water can be cut off at any time. 5. First-class water saving, energy saving and environmental protection. 6. Simple design style, suitable for various home furnishing styles. 7. 6 sets of adapters can meet your different needs.\" \/>\n\t\t<meta name=\"robots\" content=\"max-image-preview:large\" \/>\n\t\t<link rel=\"canonical\" href=\"https:\/\/www.rucashk.com\/pt\/produto\/mi-home-mi-smartda-automatic-water-saver-tap\/\" \/>\n\t\t<meta name=\"generator\" content=\"All in One SEO Pro (AIOSEO) 4.5.9.2\" \/>\n\t\t<meta property=\"og:locale\" content=\"pt_PT\" \/>\n\t\t<meta property=\"og:site_name\" content=\"Rucas - One-stop AIoT Distribution Worldwide\" \/>\n\t\t<meta property=\"og:type\" content=\"article\" \/>\n\t\t<meta property=\"og:title\" content=\"Mi Home Mi Smartda Automatic Water Saver Tap - Rucas - Wholesale and Distribution\" \/>\n\t\t<meta property=\"og:description\" content=\"Main features: 1. Upgrade the dual induction faucet, two groups of induction areas, two water modes, 0.25 second quick induction. 2. Reduce contact pollution through infrared induction drainage. 3. Bottom sensor for short-term water demand - when the sensor enters the bottom sensing area (within a limited distance of 10 cm), the water begins to flow out. When the sensor leaves, the water stops flowing out. 4. Side sensor meets water storage requirements - when the sensor enters the side sensor area (within a limited distance of 5 cm), water begins to flow out. The current lasts for three minutes, and even when the object is felt to leave, the water still flows out. If the sensor enters the side sensor area again during the flow of water, the water can be cut off at any time. 5. First-class water saving, energy saving and environmental protection. 6. Simple design style, suitable for various home furnishing styles. 7. 6 sets of adapters can meet your different needs.\" \/>\n\t\t<meta property=\"og:url\" content=\"https:\/\/www.rucashk.com\/pt\/produto\/mi-home-mi-smartda-automatic-water-saver-tap\/\" \/>\n\t\t<meta property=\"og:image\" content=\"https:\/\/www.rucashk.com\/wp-content\/uploads\/replace\/503b8e645f128a97ccde2b6290747646.jpeg\" \/>\n\t\t<meta property=\"og:image:secure_url\" content=\"https:\/\/www.rucashk.com\/wp-content\/uploads\/replace\/503b8e645f128a97ccde2b6290747646.jpeg\" \/>\n\t\t<meta property=\"og:image:width\" content=\"1456\" \/>\n\t\t<meta property=\"og:image:height\" content=\"816\" \/>\n\t\t<meta property=\"article:published_time\" content=\"2024-01-09T15:38:27+00:00\" \/>\n\t\t<meta property=\"article:modified_time\" content=\"2024-01-17T03:52:32+00:00\" \/>\n\t\t<meta name=\"twitter:card\" content=\"summary_large_image\" \/>\n\t\t<meta name=\"twitter:title\" content=\"Mi Home Mi Smartda Automatic Water Saver Tap - Rucas - Wholesale and Distribution\" \/>\n\t\t<meta name=\"twitter:description\" content=\"Main features: 1. Upgrade the dual induction faucet, two groups of induction areas, two water modes, 0.25 second quick induction. 2. Reduce contact pollution through infrared induction drainage. 3. Bottom sensor for short-term water demand - when the sensor enters the bottom sensing area (within a limited distance of 10 cm), the water begins to flow out. When the sensor leaves, the water stops flowing out. 4. Side sensor meets water storage requirements - when the sensor enters the side sensor area (within a limited distance of 5 cm), water begins to flow out. The current lasts for three minutes, and even when the object is felt to leave, the water still flows out. If the sensor enters the side sensor area again during the flow of water, the water can be cut off at any time. 5. First-class water saving, energy saving and environmental protection. 6. Simple design style, suitable for various home furnishing styles. 7. 6 sets of adapters can meet your different needs.\" \/>\n\t\t<meta name=\"twitter:image\" content=\"https:\/\/www.rucashk.com\/wp-content\/uploads\/replace\/503b8e645f128a97ccde2b6290747646.jpeg\" \/>\n\t\t<script type=\"application\/ld+json\" class=\"aioseo-schema\">\n\t\t\t{\"@context\":\"https:\\\/\\\/schema.org\",\"@graph\":[{\"@type\":\"BreadcrumbList\",\"@id\":\"https:\\\/\\\/www.rucashk.com\\\/pt\\\/produto\\\/mi-home-mi-smartda-automatic-water-saver-tap\\\/#breadcrumblist\",\"itemListElement\":[{\"@type\":\"ListItem\",\"@id\":\"https:\\\/\\\/www.rucashk.com\\\/pt\\\/#listItem\",\"position\":1,\"name\":\"Home\",\"item\":\"https:\\\/\\\/www.rucashk.com\\\/pt\\\/\",\"nextItem\":\"https:\\\/\\\/www.rucashk.com\\\/pt\\\/produto\\\/mi-home-mi-smartda-automatic-water-saver-tap\\\/#listItem\"},{\"@type\":\"ListItem\",\"@id\":\"https:\\\/\\\/www.rucashk.com\\\/pt\\\/produto\\\/mi-home-mi-smartda-automatic-water-saver-tap\\\/#listItem\",\"position\":2,\"name\":\"Mi Home Mi Smartda Automatic Water Saver Tap\",\"previousItem\":\"https:\\\/\\\/www.rucashk.com\\\/pt\\\/#listItem\"}]},{\"@type\":\"Organization\",\"@id\":\"https:\\\/\\\/www.rucashk.com\\\/pt\\\/#organization\",\"name\":\"Rucas\",\"url\":\"https:\\\/\\\/www.rucashk.com\\\/pt\\\/\",\"logo\":{\"@type\":\"ImageObject\",\"url\":\"https:\\\/\\\/www.rucashk.com\\\/wp-content\\\/uploads\\\/2023\\\/12\\\/Rucas_campany_logo.png\",\"@id\":\"https:\\\/\\\/www.rucashk.com\\\/pt\\\/produto\\\/mi-home-mi-smartda-automatic-water-saver-tap\\\/#organizationLogo\",\"width\":221,\"height\":65},\"image\":{\"@id\":\"https:\\\/\\\/www.rucashk.com\\\/pt\\\/#organizationLogo\"}},{\"@type\":\"Person\",\"@id\":\"https:\\\/\\\/www.rucashk.com\\\/pt\\\/author\\\/admin\\\/#author\",\"url\":\"https:\\\/\\\/www.rucashk.com\\\/pt\\\/author\\\/admin\\\/\",\"name\":\"admin\",\"image\":{\"@type\":\"ImageObject\",\"@id\":\"https:\\\/\\\/www.rucashk.com\\\/pt\\\/produto\\\/mi-home-mi-smartda-automatic-water-saver-tap\\\/#authorImage\",\"url\":\"https:\\\/\\\/secure.gravatar.com\\\/avatar\\\/b7c8925b09a27e72b30232f8ecaadbd5af0f70a38c78096863fe51b64f031c24?s=96&d=mm&r=g\",\"width\":96,\"height\":96,\"caption\":\"admin\"}},{\"@type\":\"WebPage\",\"@id\":\"https:\\\/\\\/www.rucashk.com\\\/pt\\\/produto\\\/mi-home-mi-smartda-automatic-water-saver-tap\\\/#webpage\",\"url\":\"https:\\\/\\\/www.rucashk.com\\\/pt\\\/produto\\\/mi-home-mi-smartda-automatic-water-saver-tap\\\/\",\"name\":\"Mi Home Mi Smartda Automatic Water Saver Tap - Rucas - Wholesale and Distribution\",\"description\":\"Main features: 1. Upgrade the dual induction faucet, two groups of induction areas, two water modes, 0.25 second quick induction. 2. Reduce contact pollution through infrared induction drainage. 3. Bottom sensor for short-term water demand - when the sensor enters the bottom sensing area (within a limited distance of 10 cm), the water begins to flow out. When the sensor leaves, the water stops flowing out. 4. Side sensor meets water storage requirements - when the sensor enters the side sensor area (within a limited distance of 5 cm), water begins to flow out. The current lasts for three minutes, and even when the object is felt to leave, the water still flows out. If the sensor enters the side sensor area again during the flow of water, the water can be cut off at any time. 5. First-class water saving, energy saving and environmental protection. 6. Simple design style, suitable for various home furnishing styles. 7. 6 sets of adapters can meet your different needs.\",\"inLanguage\":\"pt-PT\",\"isPartOf\":{\"@id\":\"https:\\\/\\\/www.rucashk.com\\\/pt\\\/#website\"},\"breadcrumb\":{\"@id\":\"https:\\\/\\\/www.rucashk.com\\\/pt\\\/produto\\\/mi-home-mi-smartda-automatic-water-saver-tap\\\/#breadcrumblist\"},\"author\":{\"@id\":\"https:\\\/\\\/www.rucashk.com\\\/pt\\\/author\\\/admin\\\/#author\"},\"creator\":{\"@id\":\"https:\\\/\\\/www.rucashk.com\\\/pt\\\/author\\\/admin\\\/#author\"},\"image\":{\"@type\":\"ImageObject\",\"url\":\"https:\\\/\\\/www.rucashk.com\\\/wp-content\\\/uploads\\\/2024\\\/01\\\/Xiaomi-Mijia-Automatic-Induction-Water-Saving-Faucet-Smart-Sensor-Nozzle-Tap-Infrared-Device-Adjustable-Water-Save.jpg\",\"@id\":\"https:\\\/\\\/www.rucashk.com\\\/pt\\\/produto\\\/mi-home-mi-smartda-automatic-water-saver-tap\\\/#mainImage\",\"width\":800,\"height\":800},\"primaryImageOfPage\":{\"@id\":\"https:\\\/\\\/www.rucashk.com\\\/pt\\\/produto\\\/mi-home-mi-smartda-automatic-water-saver-tap\\\/#mainImage\"},\"datePublished\":\"2024-01-09T15:38:27+00:00\",\"dateModified\":\"2024-01-17T03:52:32+00:00\"},{\"@type\":\"WebSite\",\"@id\":\"https:\\\/\\\/www.rucashk.com\\\/pt\\\/#website\",\"url\":\"https:\\\/\\\/www.rucashk.com\\\/pt\\\/\",\"name\":\"Rucas - Wholesale and distribution worldwide\",\"alternateName\":\"Rucas - One-stop AIoT Distribution Worldwide\",\"description\":\"One-stop AIoT Distribution Worldwide\",\"inLanguage\":\"pt-PT\",\"publisher\":{\"@id\":\"https:\\\/\\\/www.rucashk.com\\\/pt\\\/#organization\"}}]}\n\t\t<\/script>\n\t\t<!-- All in One SEO Pro -->\r\n\t\t<title>Mi Home Mi Smartda Automatic Water Saver Tap - Rucas - Wholesale and Distribution<\/title>\n\n","aioseo_head_json":{"title":"Mi Home Mi Smartda Automatic Water Saver Tap - Rucas - Wholesale and Distribution","description":"Main features: 1. Upgrade the dual induction faucet, two groups of induction areas, two water modes, 0.25 second quick induction. 2. Reduce contact pollution through infrared induction drainage. 3. Bottom sensor for short-term water demand - when the sensor enters the bottom sensing area (within a limited distance of 10 cm), the water begins to flow out. When the sensor leaves, the water stops flowing out. 4. Side sensor meets water storage requirements - when the sensor enters the side sensor area (within a limited distance of 5 cm), water begins to flow out. The current lasts for three minutes, and even when the object is felt to leave, the water still flows out. If the sensor enters the side sensor area again during the flow of water, the water can be cut off at any time. 5. First-class water saving, energy saving and environmental protection. 6. Simple design style, suitable for various home furnishing styles. 7. 6 sets of adapters can meet your different needs.","canonical_url":"https:\/\/www.rucashk.com\/pt\/produto\/mi-home-mi-smartda-automatic-water-saver-tap\/","robots":"max-image-preview:large","keywords":"","webmasterTools":{"miscellaneous":""},"og:locale":"pt_PT","og:site_name":"Rucas - One-stop AIoT Distribution Worldwide","og:type":"article","og:title":"Mi Home Mi Smartda Automatic Water Saver Tap - Rucas - Wholesale and Distribution","og:description":"Main features: 1. Upgrade the dual induction faucet, two groups of induction areas, two water modes, 0.25 second quick induction. 2. Reduce contact pollution through infrared induction drainage. 3. Bottom sensor for short-term water demand - when the sensor enters the bottom sensing area (within a limited distance of 10 cm), the water begins to flow out. When the sensor leaves, the water stops flowing out. 4. Side sensor meets water storage requirements - when the sensor enters the side sensor area (within a limited distance of 5 cm), water begins to flow out. The current lasts for three minutes, and even when the object is felt to leave, the water still flows out. If the sensor enters the side sensor area again during the flow of water, the water can be cut off at any time. 5. First-class water saving, energy saving and environmental protection. 6. Simple design style, suitable for various home furnishing styles. 7. 6 sets of adapters can meet your different needs.","og:url":"https:\/\/www.rucashk.com\/pt\/produto\/mi-home-mi-smartda-automatic-water-saver-tap\/","og:image":"https:\/\/www.rucashk.com\/wp-content\/uploads\/replace\/503b8e645f128a97ccde2b6290747646.jpeg","og:image:secure_url":"https:\/\/www.rucashk.com\/wp-content\/uploads\/replace\/503b8e645f128a97ccde2b6290747646.jpeg","og:image:width":1456,"og:image:height":816,"article:published_time":"2024-01-09T15:38:27+00:00","article:modified_time":"2024-01-17T03:52:32+00:00","twitter:card":"summary_large_image","twitter:title":"Mi Home Mi Smartda Automatic Water Saver Tap - Rucas - Wholesale and Distribution","twitter:description":"Main features: 1. Upgrade the dual induction faucet, two groups of induction areas, two water modes, 0.25 second quick induction. 2. Reduce contact pollution through infrared induction drainage. 3. Bottom sensor for short-term water demand - when the sensor enters the bottom sensing area (within a limited distance of 10 cm), the water begins to flow out. When the sensor leaves, the water stops flowing out. 4. Side sensor meets water storage requirements - when the sensor enters the side sensor area (within a limited distance of 5 cm), water begins to flow out. The current lasts for three minutes, and even when the object is felt to leave, the water still flows out. If the sensor enters the side sensor area again during the flow of water, the water can be cut off at any time. 5. First-class water saving, energy saving and environmental protection. 6. Simple design style, suitable for various home furnishing styles. 7. 6 sets of adapters can meet your different needs.","twitter:image":"https:\/\/www.rucashk.com\/wp-content\/uploads\/replace\/503b8e645f128a97ccde2b6290747646.jpeg","schema":{"@context":"https:\/\/schema.org","@graph":[{"@type":"BreadcrumbList","@id":"https:\/\/www.rucashk.com\/pt\/produto\/mi-home-mi-smartda-automatic-water-saver-tap\/#breadcrumblist","itemListElement":[{"@type":"ListItem","@id":"https:\/\/www.rucashk.com\/pt\/#listItem","position":1,"name":"Home","item":"https:\/\/www.rucashk.com\/pt\/","nextItem":"https:\/\/www.rucashk.com\/pt\/produto\/mi-home-mi-smartda-automatic-water-saver-tap\/#listItem"},{"@type":"ListItem","@id":"https:\/\/www.rucashk.com\/pt\/produto\/mi-home-mi-smartda-automatic-water-saver-tap\/#listItem","position":2,"name":"Mi Home Mi Smartda Automatic Water Saver Tap","previousItem":"https:\/\/www.rucashk.com\/pt\/#listItem"}]},{"@type":"Organization","@id":"https:\/\/www.rucashk.com\/pt\/#organization","name":"Rucas","url":"https:\/\/www.rucashk.com\/pt\/","logo":{"@type":"ImageObject","url":"https:\/\/www.rucashk.com\/wp-content\/uploads\/2023\/12\/Rucas_campany_logo.png","@id":"https:\/\/www.rucashk.com\/pt\/produto\/mi-home-mi-smartda-automatic-water-saver-tap\/#organizationLogo","width":221,"height":65},"image":{"@id":"https:\/\/www.rucashk.com\/pt\/#organizationLogo"}},{"@type":"Person","@id":"https:\/\/www.rucashk.com\/pt\/author\/admin\/#author","url":"https:\/\/www.rucashk.com\/pt\/author\/admin\/","name":"admin","image":{"@type":"ImageObject","@id":"https:\/\/www.rucashk.com\/pt\/produto\/mi-home-mi-smartda-automatic-water-saver-tap\/#authorImage","url":"https:\/\/secure.gravatar.com\/avatar\/b7c8925b09a27e72b30232f8ecaadbd5af0f70a38c78096863fe51b64f031c24?s=96&d=mm&r=g","width":96,"height":96,"caption":"admin"}},{"@type":"WebPage","@id":"https:\/\/www.rucashk.com\/pt\/produto\/mi-home-mi-smartda-automatic-water-saver-tap\/#webpage","url":"https:\/\/www.rucashk.com\/pt\/produto\/mi-home-mi-smartda-automatic-water-saver-tap\/","name":"Mi Home Mi Smartda Automatic Water Saver Tap - Rucas - Wholesale and Distribution","description":"Main features: 1. Upgrade the dual induction faucet, two groups of induction areas, two water modes, 0.25 second quick induction. 2. Reduce contact pollution through infrared induction drainage. 3. Bottom sensor for short-term water demand - when the sensor enters the bottom sensing area (within a limited distance of 10 cm), the water begins to flow out. When the sensor leaves, the water stops flowing out. 4. Side sensor meets water storage requirements - when the sensor enters the side sensor area (within a limited distance of 5 cm), water begins to flow out. The current lasts for three minutes, and even when the object is felt to leave, the water still flows out. If the sensor enters the side sensor area again during the flow of water, the water can be cut off at any time. 5. First-class water saving, energy saving and environmental protection. 6. Simple design style, suitable for various home furnishing styles. 7. 6 sets of adapters can meet your different needs.","inLanguage":"pt-PT","isPartOf":{"@id":"https:\/\/www.rucashk.com\/pt\/#website"},"breadcrumb":{"@id":"https:\/\/www.rucashk.com\/pt\/produto\/mi-home-mi-smartda-automatic-water-saver-tap\/#breadcrumblist"},"author":{"@id":"https:\/\/www.rucashk.com\/pt\/author\/admin\/#author"},"creator":{"@id":"https:\/\/www.rucashk.com\/pt\/author\/admin\/#author"},"image":{"@type":"ImageObject","url":"https:\/\/www.rucashk.com\/wp-content\/uploads\/2024\/01\/Xiaomi-Mijia-Automatic-Induction-Water-Saving-Faucet-Smart-Sensor-Nozzle-Tap-Infrared-Device-Adjustable-Water-Save.jpg","@id":"https:\/\/www.rucashk.com\/pt\/produto\/mi-home-mi-smartda-automatic-water-saver-tap\/#mainImage","width":800,"height":800},"primaryImageOfPage":{"@id":"https:\/\/www.rucashk.com\/pt\/produto\/mi-home-mi-smartda-automatic-water-saver-tap\/#mainImage"},"datePublished":"2024-01-09T15:38:27+00:00","dateModified":"2024-01-17T03:52:32+00:00"},{"@type":"WebSite","@id":"https:\/\/www.rucashk.com\/pt\/#website","url":"https:\/\/www.rucashk.com\/pt\/","name":"Rucas - Wholesale and distribution worldwide","alternateName":"Rucas - One-stop AIoT Distribution Worldwide","description":"One-stop AIoT Distribution Worldwide","inLanguage":"pt-PT","publisher":{"@id":"https:\/\/www.rucashk.com\/pt\/#organization"}}]}},"aioseo_meta_data":{"post_id":"22004","title":null,"description":null,"keywords":null,"keyphrases":null,"primary_term":null,"canonical_url":null,"og_title":null,"og_description":null,"og_object_type":"default","og_image_type":"default","og_image_url":null,"og_image_width":null,"og_image_height":null,"og_image_custom_url":null,"og_image_custom_fields":null,"og_video":null,"og_custom_url":null,"og_article_section":null,"og_article_tags":null,"twitter_use_og":false,"twitter_card":"default","twitter_image_type":"default","twitter_image_url":null,"twitter_image_custom_url":null,"twitter_image_custom_fields":null,"twitter_title":null,"twitter_description":null,"schema":{"blockGraphs":[],"customGraphs":[],"default":{"data":{"Article":[],"Course":[],"Dataset":[],"FAQPage":[],"Movie":[],"Person":[],"Product":[],"Recipe":[],"Service":[],"SoftwareApplication":[],"WebPage":[]},"graphName":"","isEnabled":true},"graphs":[]},"schema_type":"default","schema_type_options":null,"pillar_content":false,"robots_default":true,"robots_noindex":false,"robots_noarchive":false,"robots_nosnippet":false,"robots_nofollow":false,"robots_noimageindex":false,"robots_noodp":false,"robots_notranslate":false,"robots_max_snippet":null,"robots_max_videopreview":null,"robots_max_imagepreview":"large","priority":null,"frequency":null,"local_seo":null,"breadcrumb_settings":null,"limit_modified_date":false,"created":"2024-04-11 01:55:21","updated":"2025-06-22 16:33:59"},"aioseo_breadcrumb":"<div class=\"aioseo-breadcrumbs\"><span class=\"aioseo-breadcrumb\">\n\t<a href=\"https:\/\/www.rucashk.com\/pt\" title=\"Home\">Home<\/a>\n<\/span><span class=\"aioseo-breadcrumb-separator\">&raquo;<\/span><span class=\"aioseo-breadcrumb\">\n\t<a href=\"https:\/\/www.rucashk.com\/pt\/products\/\" title=\"Produtos\">Produtos<\/a>\n<\/span><span class=\"aioseo-breadcrumb-separator\">&raquo;<\/span><span class=\"aioseo-breadcrumb\">\n\t<a href=\"https:\/\/www.rucashk.com\/pt\/categoria-produto\/xiaomi-eco\/\" title=\"Xiaomi Eco\">Xiaomi Eco<\/a>\n<\/span><span class=\"aioseo-breadcrumb-separator\">&raquo;<\/span><span class=\"aioseo-breadcrumb\">\n\t<a href=\"https:\/\/www.rucashk.com\/pt\/categoria-produto\/xiaomi-eco\/gadgets\/\" title=\"Gadgets\">Gadgets<\/a>\n<\/span><span class=\"aioseo-breadcrumb-separator\">&raquo;<\/span><span class=\"aioseo-breadcrumb\">\n\tMi Home Mi Smartda Automatic Water Saver Tap\n<\/span><\/div>","aioseo_breadcrumb_json":[{"label":"Home","link":"https:\/\/www.rucashk.com\/pt"},{"label":"Produtos","link":"https:\/\/www.rucashk.com\/pt\/products\/"},{"label":"Xiaomi Eco","link":"https:\/\/www.rucashk.com\/pt\/categoria-produto\/xiaomi-eco\/"},{"label":"Gadgets","link":"https:\/\/www.rucashk.com\/pt\/categoria-produto\/xiaomi-eco\/gadgets\/"},{"label":"Mi Home Mi Smartda Automatic Water Saver Tap","link":"https:\/\/www.rucashk.com\/pt\/produto\/mi-home-mi-smartda-automatic-water-saver-tap\/"}],"_links":{"self":[{"href":"https:\/\/www.rucashk.com\/pt\/wp-json\/wp\/v2\/product\/22004","targetHints":{"allow":["GET"]}}],"collection":[{"href":"https:\/\/www.rucashk.com\/pt\/wp-json\/wp\/v2\/product"}],"about":[{"href":"https:\/\/www.rucashk.com\/pt\/wp-json\/wp\/v2\/types\/product"}],"wp:featuredmedia":[{"embeddable":true,"href":"https:\/\/www.rucashk.com\/pt\/wp-json\/wp\/v2\/media\/22129"}],"wp:attachment":[{"href":"https:\/\/www.rucashk.com\/pt\/wp-json\/wp\/v2\/media?parent=22004"}],"wp:term":[{"taxonomy":"product_brand","embeddable":true,"href":"https:\/\/www.rucashk.com\/pt\/wp-json\/wp\/v2\/product_brand?post=22004"},{"taxonomy":"product_cat","embeddable":true,"href":"https:\/\/www.rucashk.com\/pt\/wp-json\/wp\/v2\/product_cat?post=22004"},{"taxonomy":"product_tag","embeddable":true,"href":"https:\/\/www.rucashk.com\/pt\/wp-json\/wp\/v2\/product_tag?post=22004"}],"curies":[{"name":"wp","href":"https:\/\/api.w.org\/{rel}","templated":true}]}}