{"id":22002,"date":"2024-01-09T15:38:27","date_gmt":"2024-01-09T15:38:27","guid":{"rendered":"http:\/\/rucashk.com\/?post_type=product&#038;p=22002"},"modified":"2024-03-12T06:58:07","modified_gmt":"2024-03-12T06:58:07","slug":"haylou-ls01-smart-watch-wholesale","status":"publish","type":"product","link":"https:\/\/www.rucashk.com\/pt\/produto\/haylou-ls01-smart-watch-wholesale\/","title":{"rendered":"Rel\u00f3gio inteligente Haylou LS01 no atacado"},"content":{"rendered":"<div class=\"detailmodule_image\"><img fetchpriority=\"high\" decoding=\"async\" class=\"detail-desc-decorate-image aligncenter\" src=\"\/wp-content\/uploads\/replace\/d6185f91bd835f77f36dca8121023e7f.jpeg\" alt=\"Haylou LS01 Smart Watch Wholesale\" width=\"960\" height=\"1731\" \/><\/div>\n<div class=\"detailmodule_image\" style=\"text-align: center\"><img decoding=\"async\" class=\"detail-desc-decorate-image alignnone\" src=\"\/wp-content\/uploads\/replace\/bfd3c6bb7b84060c45a8a3f3d4d46d68.jpeg\" alt=\"Haylou LS01 Smart Watch Wholesale\" width=\"960\" height=\"1956\" \/><\/div>\n<div class=\"detailmodule_image\" style=\"text-align: center\"><img decoding=\"async\" class=\"detail-desc-decorate-image alignnone\" src=\"\/wp-content\/uploads\/replace\/7a593aa1e35d48db5eb1edbaa4894c12.jpeg\" alt=\"Haylou LS01 Smart Watch Wholesale\" width=\"960\" height=\"1378\" \/><\/div>\n<div class=\"detailmodule_image\" style=\"text-align: center\"><img loading=\"lazy\" decoding=\"async\" class=\"detail-desc-decorate-image alignnone\" src=\"\/wp-content\/uploads\/replace\/7584d2de9130364c736a8c84f7f01412.jpeg\" alt=\"Haylou LS01 Smart Watch Wholesale\" width=\"960\" height=\"1934\" \/><\/div>\n<div class=\"detailmodule_image\" style=\"text-align: center\"><img loading=\"lazy\" decoding=\"async\" class=\"detail-desc-decorate-image alignnone\" src=\"\/wp-content\/uploads\/replace\/55f4b76a3186fb5c8b52a36f05335eac.jpeg\" alt=\"Haylou LS01 Smart Watch Wholesale\" width=\"960\" height=\"1511\" \/><\/div>\n<div class=\"detailmodule_image\" style=\"text-align: center\"><img loading=\"lazy\" decoding=\"async\" class=\"detail-desc-decorate-image alignnone\" src=\"\/wp-content\/uploads\/replace\/79639dd7dbd90737619f51bb7df5269f.jpeg\" alt=\"Haylou LS01 Smart Watch Wholesale\" width=\"960\" height=\"1422\" \/><\/div>\n<div class=\"detailmodule_image\" style=\"text-align: center\"><img loading=\"lazy\" decoding=\"async\" class=\"detail-desc-decorate-image alignnone\" src=\"\/wp-content\/uploads\/replace\/c17536b97701397a00f69d45fb29d287.jpeg\" alt=\"Haylou LS01 Smart Watch Wholesale\" width=\"960\" height=\"1422\" \/><\/div>\n<div class=\"detailmodule_image\" style=\"text-align: center\"><img loading=\"lazy\" decoding=\"async\" class=\"detail-desc-decorate-image alignnone\" src=\"\/wp-content\/uploads\/replace\/220f3f2eeffae2b1c43cde3a3a7318e2.jpeg\" alt=\"Haylou LS01 Smart Watch\" width=\"960\" height=\"1684\" \/><\/div>\n<div class=\"detailmodule_image\" style=\"text-align: center\"><img loading=\"lazy\" decoding=\"async\" class=\"detail-desc-decorate-image alignnone\" src=\"\/wp-content\/uploads\/replace\/a1d68e82d555a5bfd8da528425316afd.jpeg\" alt=\"Haylou LS01 Smart Watch Wholesale\" width=\"960\" height=\"1689\" \/><\/div>\n<div class=\"detailmodule_image\"><img loading=\"lazy\" decoding=\"async\" class=\"detail-desc-decorate-image aligncenter\" src=\"\/wp-content\/uploads\/replace\/09aba53732bf6be50ea090062b2c6114.jpeg\" alt=\"Haylou LS01 Smart Watch Wholesale\" width=\"960\" height=\"1600\" \/><img loading=\"lazy\" decoding=\"async\" class=\"detail-desc-decorate-image aligncenter\" src=\"\/wp-content\/uploads\/replace\/4130751d87ff1218dfbf35531a6798ff.jpeg\" alt=\"Haylou LS01 Smart Watch\" width=\"960\" height=\"2075\" \/><\/div>\n<div><\/div>\n<div><\/div>\n<div>\n<div class=\"product_pz\">\n<div class=\"product_pz_info mainfeatures desc_simp\">\u25cf<b>9 tipos de modos esportivos:<\/b><br \/>\n\u2013 Corrida: dura\u00e7\u00e3o, n\u00famero de passos, dist\u00e2ncia, calorias, frequ\u00eancia card\u00edaca, ritmo, ritmo m\u00e9dio<br \/>\n\u2013 Caminhada: dura\u00e7\u00e3o, n\u00famero de passos, dist\u00e2ncia, calorias, frequ\u00eancia card\u00edaca, ritmo, ritmo m\u00e9dio<br \/>\n\u2013 Caminhadas: dura\u00e7\u00e3o, n\u00famero de passos, dist\u00e2ncia, calorias, frequ\u00eancia card\u00edaca, ritmo, ritmo m\u00e9dio,<br \/>\n\u2013 Equita\u00e7\u00e3o: dura\u00e7\u00e3o, dist\u00e2ncia, calorias, frequ\u00eancia card\u00edaca, ritmo, ritmo m\u00e9dio (nota especial: apenas exerc\u00edcios iniciados pelo aplicativo: dist\u00e2ncia, ritmo, ritmo m\u00e9dio)<br \/>\n\u2013 Esteira: dura\u00e7\u00e3o, passos, calorias, frequ\u00eancia card\u00edaca<br \/>\n\u2013 Fitness: dura\u00e7\u00e3o, calorias, frequ\u00eancia card\u00edaca<br \/>\n\u2013 Montanhismo: dura\u00e7\u00e3o, passos, calorias, frequ\u00eancia card\u00edaca<br \/>\n\u2013 Spin bike: dura\u00e7\u00e3o, calorias, frequ\u00eancia card\u00edaca<br \/>\n\u2013 Yoga: dura\u00e7\u00e3o, calorias, frequ\u00eancia card\u00edaca<\/p>\n<p>\u25cf<b>Monitoramento de atividades di\u00e1rias:<\/b><br \/>\n\u2013 Monitoramento da frequ\u00eancia card\u00edaca: frequ\u00eancia card\u00edaca em repouso, monitoramento da frequ\u00eancia card\u00edaca em repouso, monitoramento din\u00e2mico da frequ\u00eancia card\u00edaca<br \/>\n\u2013 Monitoramento do sono: monitore a dura\u00e7\u00e3o do sono, sono profundo, sono leve, sono acordado<br \/>\n\u2013 Monitoramento de contagem de passos: monitore passos por minuto e registre passos a cada 15 minutos<br \/>\n\u2013 Monitoramento de calorias: monitore calorias por minuto, registre calorias a cada 15 minutos<br \/>\n\u2013 Monitoramento de dist\u00e2ncia: monitore a dist\u00e2ncia a cada minuto, registre a dist\u00e2ncia a cada 15 minutos<\/p>\n<p>\u25cf<b>M\u00f3dulo de lembrete:<\/b><br \/>\n\u2013 Alerta de chamada recebida: exibe o alerta de chamada recebida ao receber o sinal de chamada recebida; pode desligar<br \/>\n\u2013 Lembretes de mensagens: SMS, Wechat, QQ, Facebook, WhatsApp, calend\u00e1rio, etc.<br \/>\n- Lembrete de alarme: pode sincronizar o despertador do celular, suportar desligamento (suporta at\u00e9 20 despertadores)<br \/>\n\u2013 Lembrete de p\u00e9 (lembrete sentado): ao ficar sentado por um determinado per\u00edodo de tempo, esse lembrete aparece para lembrar o usu\u00e1rio de se exercitar<br \/>\n\u2013 Lembrete de conclus\u00e3o de meta: exibe este lembrete quando a meta esportiva for alcan\u00e7ada<br \/>\n\u2013 Lembrete de bateria fraca: lembrete de bateria fraca, exibir lembrete de bateria fraca<br \/>\n\u2013 Lembrete de bateria ultra fraca: a bateria \u00e9 inferior a 5%, mostra bateria ultra fraca<br \/>\n\u2013 Lembrete de vincula\u00e7\u00e3o: quando o aplicativo vincula a pulseira, ele suporta vincula\u00e7\u00e3o de c\u00f3digo de autoriza\u00e7\u00e3o digital e um lembrete de confirma\u00e7\u00e3o \u00e9 exibido na pulseira<\/p>\n<p>\u25cf<b>Outras fun\u00e7\u00f5es<\/b><br \/>\n\u2013 Treinamento respirat\u00f3rio: treinamento respirat\u00f3rio, semelhante ao treinamento de aten\u00e7\u00e3o plena<br \/>\n\u2013 Cron\u00f4metro: suporte<br \/>\n\u2013 Temporizador: suporte<br \/>\n\u2013 Controle de m\u00fasica: reproduzir\/pausar, m\u00fasica anterior, pr\u00f3xima m\u00fasica<br \/>\n\u2013 Encontrar celular: tocando<br \/>\n\u2013 N\u00e3o perturbe: n\u00e3o perturbe (bloquear todos os lembretes)<br \/>\n\u2013 Sobre: visualize informa\u00e7\u00f5es relacionadas ao dispositivo (nome do dispositivo, vers\u00e3o do firmware, endere\u00e7o Mac, SN, etc.)<br \/>\n\u2013 Desligamento: o dispositivo pulseira entra no estado de desligamento e precisa ser conectado ao carregador para acordar<\/p>\n<p>\u25cf<b>Gesto<\/b><br \/>\n\u2013 Eleva\u00e7\u00e3o do pulso: ilumina a tela e exibe a interface principal da hora em condi\u00e7\u00f5es normais; no modo esportivo, a tela exibe a interface de dados esportivos;<br \/>\n- Abaixe: abaixe a tela, no modo n\u00e3o esportivo, continue na tela (sem opera\u00e7\u00e3o de tela brilhante no pulso) ap\u00f3s 8 segundos, retorne \u00e0 interface do mostrador principal no estado da tela<\/div>\n<\/div>\n<div class=\"product_pz\">\n<h4 class=\"expand_en_name\">Especifica\u00e7\u00e3o<\/h4>\n<div class=\"product_pz_info product_pz_style2\">\n<table>\n<tbody>\n<tr>\n<th>Em geral<\/th>\n<td>Tela: LCD<br \/>\nVers\u00e3o Bluetooth: Bluetooth 4.2<br \/>\nResolu\u00e7\u00e3o da tela: 240x240<br \/>\nTamanho da tela: 1,3 polegadas<br \/>\nModo de opera\u00e7\u00e3o: Tela sens\u00edvel ao toque<br \/>\nRAM: 2 MB<br \/>\nROM: 64 MB<br \/>\n\u00c0 prova d&#039;\u00e1gua\/resistente \u00e0 \u00e1gua: sim<br \/>\nClassifica\u00e7\u00e3o IP: IP68<br \/>\nTemperatura de trabalho: -20 \u2013 45 graus C<\/td>\n<\/tr>\n<tr>\n<th>Fun\u00e7\u00f5es<\/th>\n<td>Tipo de alerta: Vibra\u00e7\u00e3o<br \/>\nAnti-perdido: Sim<br \/>\nRastreador de sa\u00fade: monitor de frequ\u00eancia card\u00edaca, ped\u00f4metro, lembrete sedent\u00e1rio, monitor de sono<br \/>\nMensagens: verifica\u00e7\u00e3o de mensagens<br \/>\nOutra fun\u00e7\u00e3o: Alarme, Bluetooth, Contagem regressiva, Lembrete de bateria fraca, Cron\u00f4metro, \u00c0 prova d&#039;\u00e1gua<br \/>\nTipo de notifica\u00e7\u00e3o: Facebook,G-mail,Instagram,Kaokao Talk,LinkedIn,Mensagem,QQ,Skype,Twitter,Wechat,Weibo,WhatsApp<br \/>\nFun\u00e7\u00e3o de controle remoto: m\u00fasica remota<\/td>\n<\/tr>\n<tr>\n<th>Bateria<\/th>\n<td>Capacidade da bateria: 210mAh<br \/>\nTempo de carregamento: cerca de 2,5 horas<br \/>\nTempo de espera: 14 dias<\/td>\n<\/tr>\n<tr>\n<th>Discagem e banda<\/th>\n<td>Material da banda: TPU<br \/>\nMaterial da caixa: Metal, Pl\u00e1stico<br \/>\nFormato do mostrador: Quadrado<br \/>\nTamanho do mostrador: 1,3\u2033<br \/>\nTamanho da banda: 22mm<\/td>\n<\/tr>\n<tr>\n<th>Caracter\u00edsticas<\/th>\n<td>SO compat\u00edvel: Android, IOS<br \/>\nVers\u00e3o do sistema operacional compat\u00edvel: iOS 8.0+ \/ Android4.4+<br \/>\nIdioma: ingl\u00eas, alem\u00e3o, coreano, chin\u00eas simplificado<br \/>\nCor dispon\u00edvel: preto, prata<\/td>\n<\/tr>\n<tr>\n<th>Dimens\u00f5es e peso<\/th>\n<td>Peso do produto: 0,0340 kg<br \/>\nPeso do pacote: 0,2000 kg<br \/>\nTamanho do pacote (C x L x A): 10,00 x 8,00 x 5,00 cm \/ 3,94 x 3,15 x 1,97 polegadas<\/td>\n<\/tr>\n<tr>\n<th>conte\u00fado do pacote<\/th>\n<td>Conte\u00fado do pacote: 1 x rel\u00f3gio inteligente, 1 x pulseira, 1 x cabo de carregamento, 1 x manual em ingl\u00eas<\/td>\n<\/tr>\n<\/tbody>\n<\/table>\n<\/div>\n<\/div>\n<\/div>","protected":false},"excerpt":{"rendered":"<p><strong>Principais caracter\u00edsticas:<\/strong><\/p>\n<p>* 9 modos esportivos: permitem que voc\u00ea avance<br \/>\n*Monitor de frequ\u00eancia card\u00edaca durante todo o dia<br \/>\n* Maior vida \u00fatil at\u00e9 14 dias<br \/>\n* Forne\u00e7a dicas inteligentes durante o hor\u00e1rio de trabalho<br \/>\n* Seu assistente de sono \u00e0 noite<br \/>\n* O corpo leve de 34g \u00e9 confort\u00e1vel de usar<br \/>\n* IP68 \u00e0 prova de poeira e \u00e0 prova d&#039;\u00e1gua<\/p>","protected":false},"featured_media":22114,"template":"","meta":[],"product_brand":[],"product_cat":[1310,1305],"product_tag":[474,576,427],"class_list":{"0":"post-22002","1":"product","2":"type-product","3":"status-publish","4":"has-post-thumbnail","6":"product_cat-haylou-smartwatch","7":"product_cat-xiaomi-eco","8":"product_tag-haylou","9":"product_tag-mi-home","10":"product_tag-smart-watch","12":"first","13":"instock","14":"shipping-taxable","15":"product-type-external"},"aioseo_notices":[],"aioseo_head":"\n\t\t<!-- All in One SEO Pro 4.5.9.2 - aioseo.com -->\n\t\t<meta name=\"description\" content=\"Main Features: * 9 sports modes: let you move forward *All-day heart rate monitor *Longer lifespan up to 14 days * Provide smart tips during working hours * Your sleep assistant at night * 34g lightweight body is comfortable to wear * IP68 dustproof and waterproof\" \/>\n\t\t<meta name=\"robots\" content=\"max-image-preview:large\" \/>\n\t\t<link rel=\"canonical\" href=\"https:\/\/www.rucashk.com\/pt\/produto\/haylou-ls01-smart-watch-wholesale\/\" \/>\n\t\t<meta name=\"generator\" content=\"All in One SEO Pro (AIOSEO) 4.5.9.2\" \/>\n\t\t<meta property=\"og:locale\" content=\"pt_PT\" \/>\n\t\t<meta property=\"og:site_name\" content=\"Rucas - One-stop AIoT Distribution Worldwide\" \/>\n\t\t<meta property=\"og:type\" content=\"article\" \/>\n\t\t<meta property=\"og:title\" content=\"Haylou LS01 Smart Watch Wholesale - Rucas - Wholesale and Distribution\" \/>\n\t\t<meta property=\"og:description\" content=\"Main Features: * 9 sports modes: let you move forward *All-day heart rate monitor *Longer lifespan up to 14 days * Provide smart tips during working hours * Your sleep assistant at night * 34g lightweight body is comfortable to wear * IP68 dustproof and waterproof\" \/>\n\t\t<meta property=\"og:url\" content=\"https:\/\/www.rucashk.com\/pt\/produto\/haylou-ls01-smart-watch-wholesale\/\" \/>\n\t\t<meta property=\"og:image\" content=\"https:\/\/www.rucashk.com\/wp-content\/uploads\/replace\/503b8e645f128a97ccde2b6290747646.jpeg\" \/>\n\t\t<meta property=\"og:image:secure_url\" content=\"https:\/\/www.rucashk.com\/wp-content\/uploads\/replace\/503b8e645f128a97ccde2b6290747646.jpeg\" \/>\n\t\t<meta property=\"og:image:width\" content=\"1456\" \/>\n\t\t<meta property=\"og:image:height\" content=\"816\" \/>\n\t\t<meta property=\"article:published_time\" content=\"2024-01-09T15:38:27+00:00\" \/>\n\t\t<meta property=\"article:modified_time\" content=\"2024-03-12T06:58:07+00:00\" \/>\n\t\t<meta name=\"twitter:card\" content=\"summary_large_image\" \/>\n\t\t<meta name=\"twitter:title\" content=\"Haylou LS01 Smart Watch Wholesale - Rucas - Wholesale and Distribution\" \/>\n\t\t<meta name=\"twitter:description\" content=\"Main Features: * 9 sports modes: let you move forward *All-day heart rate monitor *Longer lifespan up to 14 days * Provide smart tips during working hours * Your sleep assistant at night * 34g lightweight body is comfortable to wear * IP68 dustproof and waterproof\" \/>\n\t\t<meta name=\"twitter:image\" content=\"https:\/\/www.rucashk.com\/wp-content\/uploads\/replace\/503b8e645f128a97ccde2b6290747646.jpeg\" \/>\n\t\t<script type=\"application\/ld+json\" class=\"aioseo-schema\">\n\t\t\t{\"@context\":\"https:\\\/\\\/schema.org\",\"@graph\":[{\"@type\":\"BreadcrumbList\",\"@id\":\"https:\\\/\\\/www.rucashk.com\\\/pt\\\/produto\\\/haylou-ls01-smart-watch-wholesale\\\/#breadcrumblist\",\"itemListElement\":[{\"@type\":\"ListItem\",\"@id\":\"https:\\\/\\\/www.rucashk.com\\\/pt\\\/#listItem\",\"position\":1,\"name\":\"Home\",\"item\":\"https:\\\/\\\/www.rucashk.com\\\/pt\\\/\",\"nextItem\":\"https:\\\/\\\/www.rucashk.com\\\/pt\\\/produto\\\/haylou-ls01-smart-watch-wholesale\\\/#listItem\"},{\"@type\":\"ListItem\",\"@id\":\"https:\\\/\\\/www.rucashk.com\\\/pt\\\/produto\\\/haylou-ls01-smart-watch-wholesale\\\/#listItem\",\"position\":2,\"name\":\"Haylou LS01 Smart Watch Wholesale\",\"previousItem\":\"https:\\\/\\\/www.rucashk.com\\\/pt\\\/#listItem\"}]},{\"@type\":\"Organization\",\"@id\":\"https:\\\/\\\/www.rucashk.com\\\/pt\\\/#organization\",\"name\":\"Rucas\",\"url\":\"https:\\\/\\\/www.rucashk.com\\\/pt\\\/\",\"logo\":{\"@type\":\"ImageObject\",\"url\":\"https:\\\/\\\/www.rucashk.com\\\/wp-content\\\/uploads\\\/2023\\\/12\\\/Rucas_campany_logo.png\",\"@id\":\"https:\\\/\\\/www.rucashk.com\\\/pt\\\/produto\\\/haylou-ls01-smart-watch-wholesale\\\/#organizationLogo\",\"width\":221,\"height\":65},\"image\":{\"@id\":\"https:\\\/\\\/www.rucashk.com\\\/pt\\\/#organizationLogo\"}},{\"@type\":\"Person\",\"@id\":\"https:\\\/\\\/www.rucashk.com\\\/pt\\\/author\\\/admin\\\/#author\",\"url\":\"https:\\\/\\\/www.rucashk.com\\\/pt\\\/author\\\/admin\\\/\",\"name\":\"admin\",\"image\":{\"@type\":\"ImageObject\",\"@id\":\"https:\\\/\\\/www.rucashk.com\\\/pt\\\/produto\\\/haylou-ls01-smart-watch-wholesale\\\/#authorImage\",\"url\":\"https:\\\/\\\/secure.gravatar.com\\\/avatar\\\/b7c8925b09a27e72b30232f8ecaadbd5af0f70a38c78096863fe51b64f031c24?s=96&d=mm&r=g\",\"width\":96,\"height\":96,\"caption\":\"admin\"}},{\"@type\":\"WebPage\",\"@id\":\"https:\\\/\\\/www.rucashk.com\\\/pt\\\/produto\\\/haylou-ls01-smart-watch-wholesale\\\/#webpage\",\"url\":\"https:\\\/\\\/www.rucashk.com\\\/pt\\\/produto\\\/haylou-ls01-smart-watch-wholesale\\\/\",\"name\":\"Haylou LS01 Smart Watch Wholesale - Rucas - Wholesale and Distribution\",\"description\":\"Main Features: * 9 sports modes: let you move forward *All-day heart rate monitor *Longer lifespan up to 14 days * Provide smart tips during working hours * Your sleep assistant at night * 34g lightweight body is comfortable to wear * IP68 dustproof and waterproof\",\"inLanguage\":\"pt-PT\",\"isPartOf\":{\"@id\":\"https:\\\/\\\/www.rucashk.com\\\/pt\\\/#website\"},\"breadcrumb\":{\"@id\":\"https:\\\/\\\/www.rucashk.com\\\/pt\\\/produto\\\/haylou-ls01-smart-watch-wholesale\\\/#breadcrumblist\"},\"author\":{\"@id\":\"https:\\\/\\\/www.rucashk.com\\\/pt\\\/author\\\/admin\\\/#author\"},\"creator\":{\"@id\":\"https:\\\/\\\/www.rucashk.com\\\/pt\\\/author\\\/admin\\\/#author\"},\"image\":{\"@type\":\"ImageObject\",\"url\":\"https:\\\/\\\/www.rucashk.com\\\/wp-content\\\/uploads\\\/2024\\\/01\\\/Haylou-LS01-Global-Version-9-Sport-Modes-Smart-Watch-IP68-Waterproof-Sleep-Management-Universal-Fashion-Bluetooth.jpg\",\"@id\":\"https:\\\/\\\/www.rucashk.com\\\/pt\\\/produto\\\/haylou-ls01-smart-watch-wholesale\\\/#mainImage\",\"width\":800,\"height\":800},\"primaryImageOfPage\":{\"@id\":\"https:\\\/\\\/www.rucashk.com\\\/pt\\\/produto\\\/haylou-ls01-smart-watch-wholesale\\\/#mainImage\"},\"datePublished\":\"2024-01-09T15:38:27+00:00\",\"dateModified\":\"2024-03-12T06:58:07+00:00\"},{\"@type\":\"WebSite\",\"@id\":\"https:\\\/\\\/www.rucashk.com\\\/pt\\\/#website\",\"url\":\"https:\\\/\\\/www.rucashk.com\\\/pt\\\/\",\"name\":\"Rucas - Wholesale and distribution worldwide\",\"alternateName\":\"Rucas - One-stop AIoT Distribution Worldwide\",\"description\":\"One-stop AIoT Distribution Worldwide\",\"inLanguage\":\"pt-PT\",\"publisher\":{\"@id\":\"https:\\\/\\\/www.rucashk.com\\\/pt\\\/#organization\"}}]}\n\t\t<\/script>\n\t\t<!-- All in One SEO Pro -->\r\n\t\t<title>Haylou LS01 Smart Watch Wholesale - Rucas - Wholesale and Distribution<\/title>\n\n","aioseo_head_json":{"title":"Haylou LS01 Smart Watch Wholesale - Rucas - Wholesale and Distribution","description":"Main Features: * 9 sports modes: let you move forward *All-day heart rate monitor *Longer lifespan up to 14 days * Provide smart tips during working hours * Your sleep assistant at night * 34g lightweight body is comfortable to wear * IP68 dustproof and waterproof","canonical_url":"https:\/\/www.rucashk.com\/pt\/produto\/haylou-ls01-smart-watch-wholesale\/","robots":"max-image-preview:large","keywords":"","webmasterTools":{"miscellaneous":""},"og:locale":"pt_PT","og:site_name":"Rucas - One-stop AIoT Distribution Worldwide","og:type":"article","og:title":"Haylou LS01 Smart Watch Wholesale - Rucas - Wholesale and Distribution","og:description":"Main Features: * 9 sports modes: let you move forward *All-day heart rate monitor *Longer lifespan up to 14 days * Provide smart tips during working hours * Your sleep assistant at night * 34g lightweight body is comfortable to wear * IP68 dustproof and waterproof","og:url":"https:\/\/www.rucashk.com\/pt\/produto\/haylou-ls01-smart-watch-wholesale\/","og:image":"https:\/\/www.rucashk.com\/wp-content\/uploads\/replace\/503b8e645f128a97ccde2b6290747646.jpeg","og:image:secure_url":"https:\/\/www.rucashk.com\/wp-content\/uploads\/replace\/503b8e645f128a97ccde2b6290747646.jpeg","og:image:width":1456,"og:image:height":816,"article:published_time":"2024-01-09T15:38:27+00:00","article:modified_time":"2024-03-12T06:58:07+00:00","twitter:card":"summary_large_image","twitter:title":"Haylou LS01 Smart Watch Wholesale - Rucas - Wholesale and Distribution","twitter:description":"Main Features: * 9 sports modes: let you move forward *All-day heart rate monitor *Longer lifespan up to 14 days * Provide smart tips during working hours * Your sleep assistant at night * 34g lightweight body is comfortable to wear * IP68 dustproof and waterproof","twitter:image":"https:\/\/www.rucashk.com\/wp-content\/uploads\/replace\/503b8e645f128a97ccde2b6290747646.jpeg","schema":{"@context":"https:\/\/schema.org","@graph":[{"@type":"BreadcrumbList","@id":"https:\/\/www.rucashk.com\/pt\/produto\/haylou-ls01-smart-watch-wholesale\/#breadcrumblist","itemListElement":[{"@type":"ListItem","@id":"https:\/\/www.rucashk.com\/pt\/#listItem","position":1,"name":"Home","item":"https:\/\/www.rucashk.com\/pt\/","nextItem":"https:\/\/www.rucashk.com\/pt\/produto\/haylou-ls01-smart-watch-wholesale\/#listItem"},{"@type":"ListItem","@id":"https:\/\/www.rucashk.com\/pt\/produto\/haylou-ls01-smart-watch-wholesale\/#listItem","position":2,"name":"Haylou LS01 Smart Watch Wholesale","previousItem":"https:\/\/www.rucashk.com\/pt\/#listItem"}]},{"@type":"Organization","@id":"https:\/\/www.rucashk.com\/pt\/#organization","name":"Rucas","url":"https:\/\/www.rucashk.com\/pt\/","logo":{"@type":"ImageObject","url":"https:\/\/www.rucashk.com\/wp-content\/uploads\/2023\/12\/Rucas_campany_logo.png","@id":"https:\/\/www.rucashk.com\/pt\/produto\/haylou-ls01-smart-watch-wholesale\/#organizationLogo","width":221,"height":65},"image":{"@id":"https:\/\/www.rucashk.com\/pt\/#organizationLogo"}},{"@type":"Person","@id":"https:\/\/www.rucashk.com\/pt\/author\/admin\/#author","url":"https:\/\/www.rucashk.com\/pt\/author\/admin\/","name":"admin","image":{"@type":"ImageObject","@id":"https:\/\/www.rucashk.com\/pt\/produto\/haylou-ls01-smart-watch-wholesale\/#authorImage","url":"https:\/\/secure.gravatar.com\/avatar\/b7c8925b09a27e72b30232f8ecaadbd5af0f70a38c78096863fe51b64f031c24?s=96&d=mm&r=g","width":96,"height":96,"caption":"admin"}},{"@type":"WebPage","@id":"https:\/\/www.rucashk.com\/pt\/produto\/haylou-ls01-smart-watch-wholesale\/#webpage","url":"https:\/\/www.rucashk.com\/pt\/produto\/haylou-ls01-smart-watch-wholesale\/","name":"Haylou LS01 Smart Watch Wholesale - Rucas - Wholesale and Distribution","description":"Main Features: * 9 sports modes: let you move forward *All-day heart rate monitor *Longer lifespan up to 14 days * Provide smart tips during working hours * Your sleep assistant at night * 34g lightweight body is comfortable to wear * IP68 dustproof and waterproof","inLanguage":"pt-PT","isPartOf":{"@id":"https:\/\/www.rucashk.com\/pt\/#website"},"breadcrumb":{"@id":"https:\/\/www.rucashk.com\/pt\/produto\/haylou-ls01-smart-watch-wholesale\/#breadcrumblist"},"author":{"@id":"https:\/\/www.rucashk.com\/pt\/author\/admin\/#author"},"creator":{"@id":"https:\/\/www.rucashk.com\/pt\/author\/admin\/#author"},"image":{"@type":"ImageObject","url":"https:\/\/www.rucashk.com\/wp-content\/uploads\/2024\/01\/Haylou-LS01-Global-Version-9-Sport-Modes-Smart-Watch-IP68-Waterproof-Sleep-Management-Universal-Fashion-Bluetooth.jpg","@id":"https:\/\/www.rucashk.com\/pt\/produto\/haylou-ls01-smart-watch-wholesale\/#mainImage","width":800,"height":800},"primaryImageOfPage":{"@id":"https:\/\/www.rucashk.com\/pt\/produto\/haylou-ls01-smart-watch-wholesale\/#mainImage"},"datePublished":"2024-01-09T15:38:27+00:00","dateModified":"2024-03-12T06:58:07+00:00"},{"@type":"WebSite","@id":"https:\/\/www.rucashk.com\/pt\/#website","url":"https:\/\/www.rucashk.com\/pt\/","name":"Rucas - Wholesale and distribution worldwide","alternateName":"Rucas - One-stop AIoT Distribution Worldwide","description":"One-stop AIoT Distribution Worldwide","inLanguage":"pt-PT","publisher":{"@id":"https:\/\/www.rucashk.com\/pt\/#organization"}}]}},"aioseo_meta_data":{"post_id":"22002","title":null,"description":null,"keywords":null,"keyphrases":null,"primary_term":null,"canonical_url":null,"og_title":null,"og_description":null,"og_object_type":"default","og_image_type":"default","og_image_url":null,"og_image_width":null,"og_image_height":null,"og_image_custom_url":null,"og_image_custom_fields":null,"og_video":null,"og_custom_url":null,"og_article_section":null,"og_article_tags":null,"twitter_use_og":false,"twitter_card":"default","twitter_image_type":"default","twitter_image_url":null,"twitter_image_custom_url":null,"twitter_image_custom_fields":null,"twitter_title":null,"twitter_description":null,"schema":{"blockGraphs":[],"customGraphs":[],"default":{"data":{"Article":[],"Course":[],"Dataset":[],"FAQPage":[],"Movie":[],"Person":[],"Product":[],"Recipe":[],"Service":[],"SoftwareApplication":[],"WebPage":[]},"graphName":"","isEnabled":true},"graphs":[]},"schema_type":"default","schema_type_options":null,"pillar_content":false,"robots_default":true,"robots_noindex":false,"robots_noarchive":false,"robots_nosnippet":false,"robots_nofollow":false,"robots_noimageindex":false,"robots_noodp":false,"robots_notranslate":false,"robots_max_snippet":null,"robots_max_videopreview":null,"robots_max_imagepreview":"large","priority":null,"frequency":null,"local_seo":null,"breadcrumb_settings":null,"limit_modified_date":false,"created":"2024-04-11 01:55:21","updated":"2025-06-22 16:33:58"},"aioseo_breadcrumb":"<div class=\"aioseo-breadcrumbs\"><span class=\"aioseo-breadcrumb\">\n\t<a href=\"https:\/\/www.rucashk.com\/pt\" title=\"Home\">Home<\/a>\n<\/span><span class=\"aioseo-breadcrumb-separator\">&raquo;<\/span><span class=\"aioseo-breadcrumb\">\n\t<a href=\"https:\/\/www.rucashk.com\/pt\/products\/\" title=\"Produtos\">Produtos<\/a>\n<\/span><span class=\"aioseo-breadcrumb-separator\">&raquo;<\/span><span class=\"aioseo-breadcrumb\">\n\t<a href=\"https:\/\/www.rucashk.com\/pt\/categoria-produto\/xiaomi-eco\/\" title=\"Xiaomi Eco\">Xiaomi Eco<\/a>\n<\/span><span class=\"aioseo-breadcrumb-separator\">&raquo;<\/span><span class=\"aioseo-breadcrumb\">\n\t<a href=\"https:\/\/www.rucashk.com\/pt\/categoria-produto\/xiaomi-eco\/haylou-smartwatch\/\" title=\"Haylou Smartwatch\">Haylou Smartwatch<\/a>\n<\/span><span class=\"aioseo-breadcrumb-separator\">&raquo;<\/span><span class=\"aioseo-breadcrumb\">\n\tHaylou LS01 Smart Watch Wholesale\n<\/span><\/div>","aioseo_breadcrumb_json":[{"label":"Home","link":"https:\/\/www.rucashk.com\/pt"},{"label":"Produtos","link":"https:\/\/www.rucashk.com\/pt\/products\/"},{"label":"Xiaomi Eco","link":"https:\/\/www.rucashk.com\/pt\/categoria-produto\/xiaomi-eco\/"},{"label":"Haylou Smartwatch","link":"https:\/\/www.rucashk.com\/pt\/categoria-produto\/xiaomi-eco\/haylou-smartwatch\/"},{"label":"Haylou LS01 Smart Watch Wholesale","link":"https:\/\/www.rucashk.com\/pt\/produto\/haylou-ls01-smart-watch-wholesale\/"}],"_links":{"self":[{"href":"https:\/\/www.rucashk.com\/pt\/wp-json\/wp\/v2\/product\/22002","targetHints":{"allow":["GET"]}}],"collection":[{"href":"https:\/\/www.rucashk.com\/pt\/wp-json\/wp\/v2\/product"}],"about":[{"href":"https:\/\/www.rucashk.com\/pt\/wp-json\/wp\/v2\/types\/product"}],"wp:featuredmedia":[{"embeddable":true,"href":"https:\/\/www.rucashk.com\/pt\/wp-json\/wp\/v2\/media\/22114"}],"wp:attachment":[{"href":"https:\/\/www.rucashk.com\/pt\/wp-json\/wp\/v2\/media?parent=22002"}],"wp:term":[{"taxonomy":"product_brand","embeddable":true,"href":"https:\/\/www.rucashk.com\/pt\/wp-json\/wp\/v2\/product_brand?post=22002"},{"taxonomy":"product_cat","embeddable":true,"href":"https:\/\/www.rucashk.com\/pt\/wp-json\/wp\/v2\/product_cat?post=22002"},{"taxonomy":"product_tag","embeddable":true,"href":"https:\/\/www.rucashk.com\/pt\/wp-json\/wp\/v2\/product_tag?post=22002"}],"curies":[{"name":"wp","href":"https:\/\/api.w.org\/{rel}","templated":true}]}}