{"id":21960,"date":"2024-01-09T15:38:05","date_gmt":"2024-01-09T15:38:05","guid":{"rendered":"http:\/\/rucashk.com\/?post_type=product&#038;p=21960"},"modified":"2024-03-12T06:58:55","modified_gmt":"2024-03-12T06:58:55","slug":"mi-home-mi-eco-redmi-band-5","status":"publish","type":"product","link":"https:\/\/www.rucashk.com\/pt\/produto\/mi-home-mi-eco-redmi-band-5\/","title":{"rendered":"Mi Casa Mi Eco Redmi Banda 5"},"content":{"rendered":"<h3 style=\"text-align: center\"><span style=\"vertical-align: inherit\"><span style=\"vertical-align: inherit\"><span style=\"vertical-align: inherit\"><span style=\"vertical-align: inherit\">Fun\u00e7\u00e3o principal da Xiaomi Band 5<\/span><\/span><\/span><\/span><\/h3>\n<p>Este \u00e9 um recurso super premium que vem com o Xiaomi Mi Band 5. Se o relat\u00f3rio estiver correto, ent\u00e3o o Band 5 configurar\u00e1 a instala\u00e7\u00e3o do NFC com sua vers\u00e3o global. Isso significa que ela atender\u00e1 usu\u00e1rios fora da China atrav\u00e9s de NFC, diferente da Xiaomi Mi Band 4.<\/p>\n<p>Al\u00e9m disso, ainda n\u00e3o est\u00e1 claro se a pr\u00f3xima Mi Band 5 hospedar\u00e1 o microfone. Por\u00e9m, segundo rumores, ele tentou colocar no mercado recursos melhores e mais dur\u00e1veis que as vers\u00f5es anteriores. \u00c9 prov\u00e1vel que o f\u00edsico mantenha o m\u00e9todo anterior.<\/p>\n<p><img fetchpriority=\"high\" decoding=\"async\" class=\"aligncenter size-full wp-image-192302\" src=\"\/wp-content\/uploads\/replace\/b59301b007ba7a4700a84e04ff48f31b.jpeg\" alt=\"\u5c0f\u7c73\u4e50\u961f5\" width=\"1200\" height=\"900\" \/><\/p>","protected":false},"excerpt":{"rendered":"<div class=\"h3\">main feature:<br \/>\nBluetooth 5.0<br \/>\n2.41 cm, 120 x 240 pixels, touch screen<br \/>\nWaterproof rating IP65<br \/>\nScratch resistant<br \/>\nHeart rate monitor, calorie count, sleep monitor<br \/>\nPedometer<br \/>\nAMOLED display<br \/>\nCompatible with Android v4.4, iOS 9.0 or higher<\/div>","protected":false},"featured_media":22082,"template":"","meta":[],"product_brand":[],"product_cat":[1307,1305],"product_tag":[626,420],"class_list":{"0":"post-21960","1":"product","2":"type-product","3":"status-publish","4":"has-post-thumbnail","6":"product_cat-mi-band-smartwatch","7":"product_cat-xiaomi-eco","8":"product_tag-redmi-band-5","9":"product_tag-xiaomi","11":"first","12":"instock","13":"shipping-taxable","14":"product-type-external"},"aioseo_notices":[],"aioseo_head":"\n\t\t<!-- All in One SEO Pro 4.5.9.2 - aioseo.com -->\n\t\t<meta name=\"description\" content=\"main feature: Bluetooth 5.0 2.41 cm, 120 x 240 pixels, touch screen Waterproof rating IP65 Scratch resistant Heart rate monitor, calorie count, sleep monitor Pedometer AMOLED display Compatible with Android v4.4, iOS 9.0 or higher\" \/>\n\t\t<meta name=\"robots\" content=\"max-image-preview:large\" \/>\n\t\t<link rel=\"canonical\" href=\"https:\/\/www.rucashk.com\/pt\/produto\/mi-home-mi-eco-redmi-band-5\/\" \/>\n\t\t<meta name=\"generator\" content=\"All in One SEO Pro (AIOSEO) 4.5.9.2\" \/>\n\t\t<meta property=\"og:locale\" content=\"pt_PT\" \/>\n\t\t<meta property=\"og:site_name\" content=\"Rucas - One-stop AIoT Distribution Worldwide\" \/>\n\t\t<meta property=\"og:type\" content=\"article\" \/>\n\t\t<meta property=\"og:title\" content=\"Mi Home Mi Eco Redmi Band 5 - Rucas - Wholesale and Distribution\" \/>\n\t\t<meta property=\"og:description\" content=\"main feature: Bluetooth 5.0 2.41 cm, 120 x 240 pixels, touch screen Waterproof rating IP65 Scratch resistant Heart rate monitor, calorie count, sleep monitor Pedometer AMOLED display Compatible with Android v4.4, iOS 9.0 or higher\" \/>\n\t\t<meta property=\"og:url\" content=\"https:\/\/www.rucashk.com\/pt\/produto\/mi-home-mi-eco-redmi-band-5\/\" \/>\n\t\t<meta property=\"og:image\" content=\"https:\/\/www.rucashk.com\/wp-content\/uploads\/replace\/503b8e645f128a97ccde2b6290747646.jpeg\" \/>\n\t\t<meta property=\"og:image:secure_url\" content=\"https:\/\/www.rucashk.com\/wp-content\/uploads\/replace\/503b8e645f128a97ccde2b6290747646.jpeg\" \/>\n\t\t<meta property=\"og:image:width\" content=\"1456\" \/>\n\t\t<meta property=\"og:image:height\" content=\"816\" \/>\n\t\t<meta property=\"article:published_time\" content=\"2024-01-09T15:38:05+00:00\" \/>\n\t\t<meta property=\"article:modified_time\" content=\"2024-03-12T06:58:55+00:00\" \/>\n\t\t<meta name=\"twitter:card\" content=\"summary_large_image\" \/>\n\t\t<meta name=\"twitter:title\" content=\"Mi Home Mi Eco Redmi Band 5 - Rucas - Wholesale and Distribution\" \/>\n\t\t<meta name=\"twitter:description\" content=\"main feature: Bluetooth 5.0 2.41 cm, 120 x 240 pixels, touch screen Waterproof rating IP65 Scratch resistant Heart rate monitor, calorie count, sleep monitor Pedometer AMOLED display Compatible with Android v4.4, iOS 9.0 or higher\" \/>\n\t\t<meta name=\"twitter:image\" content=\"https:\/\/www.rucashk.com\/wp-content\/uploads\/replace\/503b8e645f128a97ccde2b6290747646.jpeg\" \/>\n\t\t<script type=\"application\/ld+json\" class=\"aioseo-schema\">\n\t\t\t{\"@context\":\"https:\\\/\\\/schema.org\",\"@graph\":[{\"@type\":\"BreadcrumbList\",\"@id\":\"https:\\\/\\\/www.rucashk.com\\\/pt\\\/produto\\\/mi-home-mi-eco-redmi-band-5\\\/#breadcrumblist\",\"itemListElement\":[{\"@type\":\"ListItem\",\"@id\":\"https:\\\/\\\/www.rucashk.com\\\/pt\\\/#listItem\",\"position\":1,\"name\":\"Home\",\"item\":\"https:\\\/\\\/www.rucashk.com\\\/pt\\\/\",\"nextItem\":\"https:\\\/\\\/www.rucashk.com\\\/pt\\\/produto\\\/mi-home-mi-eco-redmi-band-5\\\/#listItem\"},{\"@type\":\"ListItem\",\"@id\":\"https:\\\/\\\/www.rucashk.com\\\/pt\\\/produto\\\/mi-home-mi-eco-redmi-band-5\\\/#listItem\",\"position\":2,\"name\":\"Mi Home Mi Eco Redmi Band 5\",\"previousItem\":\"https:\\\/\\\/www.rucashk.com\\\/pt\\\/#listItem\"}]},{\"@type\":\"Organization\",\"@id\":\"https:\\\/\\\/www.rucashk.com\\\/pt\\\/#organization\",\"name\":\"Rucas\",\"url\":\"https:\\\/\\\/www.rucashk.com\\\/pt\\\/\",\"logo\":{\"@type\":\"ImageObject\",\"url\":\"https:\\\/\\\/www.rucashk.com\\\/wp-content\\\/uploads\\\/2023\\\/12\\\/Rucas_campany_logo.png\",\"@id\":\"https:\\\/\\\/www.rucashk.com\\\/pt\\\/produto\\\/mi-home-mi-eco-redmi-band-5\\\/#organizationLogo\",\"width\":221,\"height\":65},\"image\":{\"@id\":\"https:\\\/\\\/www.rucashk.com\\\/pt\\\/#organizationLogo\"}},{\"@type\":\"Person\",\"@id\":\"https:\\\/\\\/www.rucashk.com\\\/pt\\\/author\\\/admin\\\/#author\",\"url\":\"https:\\\/\\\/www.rucashk.com\\\/pt\\\/author\\\/admin\\\/\",\"name\":\"admin\",\"image\":{\"@type\":\"ImageObject\",\"@id\":\"https:\\\/\\\/www.rucashk.com\\\/pt\\\/produto\\\/mi-home-mi-eco-redmi-band-5\\\/#authorImage\",\"url\":\"https:\\\/\\\/secure.gravatar.com\\\/avatar\\\/b7c8925b09a27e72b30232f8ecaadbd5af0f70a38c78096863fe51b64f031c24?s=96&d=mm&r=g\",\"width\":96,\"height\":96,\"caption\":\"admin\"}},{\"@type\":\"WebPage\",\"@id\":\"https:\\\/\\\/www.rucashk.com\\\/pt\\\/produto\\\/mi-home-mi-eco-redmi-band-5\\\/#webpage\",\"url\":\"https:\\\/\\\/www.rucashk.com\\\/pt\\\/produto\\\/mi-home-mi-eco-redmi-band-5\\\/\",\"name\":\"Mi Home Mi Eco Redmi Band 5 - Rucas - Wholesale and Distribution\",\"description\":\"main feature: Bluetooth 5.0 2.41 cm, 120 x 240 pixels, touch screen Waterproof rating IP65 Scratch resistant Heart rate monitor, calorie count, sleep monitor Pedometer AMOLED display Compatible with Android v4.4, iOS 9.0 or higher\",\"inLanguage\":\"pt-PT\",\"isPartOf\":{\"@id\":\"https:\\\/\\\/www.rucashk.com\\\/pt\\\/#website\"},\"breadcrumb\":{\"@id\":\"https:\\\/\\\/www.rucashk.com\\\/pt\\\/produto\\\/mi-home-mi-eco-redmi-band-5\\\/#breadcrumblist\"},\"author\":{\"@id\":\"https:\\\/\\\/www.rucashk.com\\\/pt\\\/author\\\/admin\\\/#author\"},\"creator\":{\"@id\":\"https:\\\/\\\/www.rucashk.com\\\/pt\\\/author\\\/admin\\\/#author\"},\"image\":{\"@type\":\"ImageObject\",\"url\":\"https:\\\/\\\/www.rucashk.com\\\/wp-content\\\/uploads\\\/2024\\\/01\\\/\\u5fae\\u4fe1\\u56fe\\u7247\\u7f16\\u8f91_20200605102608_\\u526f\\u672c.jpg\",\"@id\":\"https:\\\/\\\/www.rucashk.com\\\/pt\\\/produto\\\/mi-home-mi-eco-redmi-band-5\\\/#mainImage\",\"width\":800,\"height\":800},\"primaryImageOfPage\":{\"@id\":\"https:\\\/\\\/www.rucashk.com\\\/pt\\\/produto\\\/mi-home-mi-eco-redmi-band-5\\\/#mainImage\"},\"datePublished\":\"2024-01-09T15:38:05+00:00\",\"dateModified\":\"2024-03-12T06:58:55+00:00\"},{\"@type\":\"WebSite\",\"@id\":\"https:\\\/\\\/www.rucashk.com\\\/pt\\\/#website\",\"url\":\"https:\\\/\\\/www.rucashk.com\\\/pt\\\/\",\"name\":\"Rucas - Wholesale and distribution worldwide\",\"alternateName\":\"Rucas - One-stop AIoT Distribution Worldwide\",\"description\":\"One-stop AIoT Distribution Worldwide\",\"inLanguage\":\"pt-PT\",\"publisher\":{\"@id\":\"https:\\\/\\\/www.rucashk.com\\\/pt\\\/#organization\"}}]}\n\t\t<\/script>\n\t\t<!-- All in One SEO Pro -->\r\n\t\t<title>Mi Home Mi Eco Redmi Band 5 - Rucas - Wholesale and Distribution<\/title>\n\n","aioseo_head_json":{"title":"Mi Home Mi Eco Redmi Band 5 - Rucas - Wholesale and Distribution","description":"main feature: Bluetooth 5.0 2.41 cm, 120 x 240 pixels, touch screen Waterproof rating IP65 Scratch resistant Heart rate monitor, calorie count, sleep monitor Pedometer AMOLED display Compatible with Android v4.4, iOS 9.0 or higher","canonical_url":"https:\/\/www.rucashk.com\/pt\/produto\/mi-home-mi-eco-redmi-band-5\/","robots":"max-image-preview:large","keywords":"","webmasterTools":{"miscellaneous":""},"og:locale":"pt_PT","og:site_name":"Rucas - One-stop AIoT Distribution Worldwide","og:type":"article","og:title":"Mi Home Mi Eco Redmi Band 5 - Rucas - Wholesale and Distribution","og:description":"main feature: Bluetooth 5.0 2.41 cm, 120 x 240 pixels, touch screen Waterproof rating IP65 Scratch resistant Heart rate monitor, calorie count, sleep monitor Pedometer AMOLED display Compatible with Android v4.4, iOS 9.0 or higher","og:url":"https:\/\/www.rucashk.com\/pt\/produto\/mi-home-mi-eco-redmi-band-5\/","og:image":"https:\/\/www.rucashk.com\/wp-content\/uploads\/replace\/503b8e645f128a97ccde2b6290747646.jpeg","og:image:secure_url":"https:\/\/www.rucashk.com\/wp-content\/uploads\/replace\/503b8e645f128a97ccde2b6290747646.jpeg","og:image:width":1456,"og:image:height":816,"article:published_time":"2024-01-09T15:38:05+00:00","article:modified_time":"2024-03-12T06:58:55+00:00","twitter:card":"summary_large_image","twitter:title":"Mi Home Mi Eco Redmi Band 5 - Rucas - Wholesale and Distribution","twitter:description":"main feature: Bluetooth 5.0 2.41 cm, 120 x 240 pixels, touch screen Waterproof rating IP65 Scratch resistant Heart rate monitor, calorie count, sleep monitor Pedometer AMOLED display Compatible with Android v4.4, iOS 9.0 or higher","twitter:image":"https:\/\/www.rucashk.com\/wp-content\/uploads\/replace\/503b8e645f128a97ccde2b6290747646.jpeg","schema":{"@context":"https:\/\/schema.org","@graph":[{"@type":"BreadcrumbList","@id":"https:\/\/www.rucashk.com\/pt\/produto\/mi-home-mi-eco-redmi-band-5\/#breadcrumblist","itemListElement":[{"@type":"ListItem","@id":"https:\/\/www.rucashk.com\/pt\/#listItem","position":1,"name":"Home","item":"https:\/\/www.rucashk.com\/pt\/","nextItem":"https:\/\/www.rucashk.com\/pt\/produto\/mi-home-mi-eco-redmi-band-5\/#listItem"},{"@type":"ListItem","@id":"https:\/\/www.rucashk.com\/pt\/produto\/mi-home-mi-eco-redmi-band-5\/#listItem","position":2,"name":"Mi Home Mi Eco Redmi Band 5","previousItem":"https:\/\/www.rucashk.com\/pt\/#listItem"}]},{"@type":"Organization","@id":"https:\/\/www.rucashk.com\/pt\/#organization","name":"Rucas","url":"https:\/\/www.rucashk.com\/pt\/","logo":{"@type":"ImageObject","url":"https:\/\/www.rucashk.com\/wp-content\/uploads\/2023\/12\/Rucas_campany_logo.png","@id":"https:\/\/www.rucashk.com\/pt\/produto\/mi-home-mi-eco-redmi-band-5\/#organizationLogo","width":221,"height":65},"image":{"@id":"https:\/\/www.rucashk.com\/pt\/#organizationLogo"}},{"@type":"Person","@id":"https:\/\/www.rucashk.com\/pt\/author\/admin\/#author","url":"https:\/\/www.rucashk.com\/pt\/author\/admin\/","name":"admin","image":{"@type":"ImageObject","@id":"https:\/\/www.rucashk.com\/pt\/produto\/mi-home-mi-eco-redmi-band-5\/#authorImage","url":"https:\/\/secure.gravatar.com\/avatar\/b7c8925b09a27e72b30232f8ecaadbd5af0f70a38c78096863fe51b64f031c24?s=96&d=mm&r=g","width":96,"height":96,"caption":"admin"}},{"@type":"WebPage","@id":"https:\/\/www.rucashk.com\/pt\/produto\/mi-home-mi-eco-redmi-band-5\/#webpage","url":"https:\/\/www.rucashk.com\/pt\/produto\/mi-home-mi-eco-redmi-band-5\/","name":"Mi Home Mi Eco Redmi Band 5 - Rucas - Wholesale and Distribution","description":"main feature: Bluetooth 5.0 2.41 cm, 120 x 240 pixels, touch screen Waterproof rating IP65 Scratch resistant Heart rate monitor, calorie count, sleep monitor Pedometer AMOLED display Compatible with Android v4.4, iOS 9.0 or higher","inLanguage":"pt-PT","isPartOf":{"@id":"https:\/\/www.rucashk.com\/pt\/#website"},"breadcrumb":{"@id":"https:\/\/www.rucashk.com\/pt\/produto\/mi-home-mi-eco-redmi-band-5\/#breadcrumblist"},"author":{"@id":"https:\/\/www.rucashk.com\/pt\/author\/admin\/#author"},"creator":{"@id":"https:\/\/www.rucashk.com\/pt\/author\/admin\/#author"},"image":{"@type":"ImageObject","url":"https:\/\/www.rucashk.com\/wp-content\/uploads\/2024\/01\/\u5fae\u4fe1\u56fe\u7247\u7f16\u8f91_20200605102608_\u526f\u672c.jpg","@id":"https:\/\/www.rucashk.com\/pt\/produto\/mi-home-mi-eco-redmi-band-5\/#mainImage","width":800,"height":800},"primaryImageOfPage":{"@id":"https:\/\/www.rucashk.com\/pt\/produto\/mi-home-mi-eco-redmi-band-5\/#mainImage"},"datePublished":"2024-01-09T15:38:05+00:00","dateModified":"2024-03-12T06:58:55+00:00"},{"@type":"WebSite","@id":"https:\/\/www.rucashk.com\/pt\/#website","url":"https:\/\/www.rucashk.com\/pt\/","name":"Rucas - Wholesale and distribution worldwide","alternateName":"Rucas - One-stop AIoT Distribution Worldwide","description":"One-stop AIoT Distribution Worldwide","inLanguage":"pt-PT","publisher":{"@id":"https:\/\/www.rucashk.com\/pt\/#organization"}}]}},"aioseo_meta_data":{"post_id":"21960","title":null,"description":null,"keywords":null,"keyphrases":null,"primary_term":null,"canonical_url":null,"og_title":null,"og_description":null,"og_object_type":"default","og_image_type":"default","og_image_url":null,"og_image_width":null,"og_image_height":null,"og_image_custom_url":null,"og_image_custom_fields":null,"og_video":null,"og_custom_url":null,"og_article_section":null,"og_article_tags":null,"twitter_use_og":false,"twitter_card":"default","twitter_image_type":"default","twitter_image_url":null,"twitter_image_custom_url":null,"twitter_image_custom_fields":null,"twitter_title":null,"twitter_description":null,"schema":{"blockGraphs":[],"customGraphs":[],"default":{"data":{"Article":[],"Course":[],"Dataset":[],"FAQPage":[],"Movie":[],"Person":[],"Product":[],"Recipe":[],"Service":[],"SoftwareApplication":[],"WebPage":[]},"graphName":"","isEnabled":true},"graphs":[]},"schema_type":"default","schema_type_options":null,"pillar_content":false,"robots_default":true,"robots_noindex":false,"robots_noarchive":false,"robots_nosnippet":false,"robots_nofollow":false,"robots_noimageindex":false,"robots_noodp":false,"robots_notranslate":false,"robots_max_snippet":null,"robots_max_videopreview":null,"robots_max_imagepreview":"large","priority":null,"frequency":null,"local_seo":null,"breadcrumb_settings":null,"limit_modified_date":false,"created":"2024-04-11 01:55:21","updated":"2025-06-22 16:32:59"},"aioseo_breadcrumb":"<div class=\"aioseo-breadcrumbs\"><span class=\"aioseo-breadcrumb\">\n\t<a href=\"https:\/\/www.rucashk.com\/pt\" title=\"Home\">Home<\/a>\n<\/span><span class=\"aioseo-breadcrumb-separator\">&raquo;<\/span><span class=\"aioseo-breadcrumb\">\n\t<a href=\"https:\/\/www.rucashk.com\/pt\/products\/\" title=\"Produtos\">Produtos<\/a>\n<\/span><span class=\"aioseo-breadcrumb-separator\">&raquo;<\/span><span class=\"aioseo-breadcrumb\">\n\t<a href=\"https:\/\/www.rucashk.com\/pt\/categoria-produto\/xiaomi-eco\/\" title=\"Xiaomi Eco\">Xiaomi Eco<\/a>\n<\/span><span class=\"aioseo-breadcrumb-separator\">&raquo;<\/span><span class=\"aioseo-breadcrumb\">\n\t<a href=\"https:\/\/www.rucashk.com\/pt\/categoria-produto\/xiaomi-eco\/mi-band-smartwatch\/\" title=\"Mi Band Smartwatch\">Mi Band Smartwatch<\/a>\n<\/span><span class=\"aioseo-breadcrumb-separator\">&raquo;<\/span><span class=\"aioseo-breadcrumb\">\n\tMi Home Mi Eco Redmi Band 5\n<\/span><\/div>","aioseo_breadcrumb_json":[{"label":"Home","link":"https:\/\/www.rucashk.com\/pt"},{"label":"Produtos","link":"https:\/\/www.rucashk.com\/pt\/products\/"},{"label":"Xiaomi Eco","link":"https:\/\/www.rucashk.com\/pt\/categoria-produto\/xiaomi-eco\/"},{"label":"Mi Band Smartwatch","link":"https:\/\/www.rucashk.com\/pt\/categoria-produto\/xiaomi-eco\/mi-band-smartwatch\/"},{"label":"Mi Home Mi Eco Redmi Band 5","link":"https:\/\/www.rucashk.com\/pt\/produto\/mi-home-mi-eco-redmi-band-5\/"}],"_links":{"self":[{"href":"https:\/\/www.rucashk.com\/pt\/wp-json\/wp\/v2\/product\/21960","targetHints":{"allow":["GET"]}}],"collection":[{"href":"https:\/\/www.rucashk.com\/pt\/wp-json\/wp\/v2\/product"}],"about":[{"href":"https:\/\/www.rucashk.com\/pt\/wp-json\/wp\/v2\/types\/product"}],"wp:featuredmedia":[{"embeddable":true,"href":"https:\/\/www.rucashk.com\/pt\/wp-json\/wp\/v2\/media\/22082"}],"wp:attachment":[{"href":"https:\/\/www.rucashk.com\/pt\/wp-json\/wp\/v2\/media?parent=21960"}],"wp:term":[{"taxonomy":"product_brand","embeddable":true,"href":"https:\/\/www.rucashk.com\/pt\/wp-json\/wp\/v2\/product_brand?post=21960"},{"taxonomy":"product_cat","embeddable":true,"href":"https:\/\/www.rucashk.com\/pt\/wp-json\/wp\/v2\/product_cat?post=21960"},{"taxonomy":"product_tag","embeddable":true,"href":"https:\/\/www.rucashk.com\/pt\/wp-json\/wp\/v2\/product_tag?post=21960"}],"curies":[{"name":"wp","href":"https:\/\/api.w.org\/{rel}","templated":true}]}}