{"id":21927,"date":"2024-01-09T15:37:44","date_gmt":"2024-01-09T15:37:44","guid":{"rendered":"http:\/\/rucashk.com\/?post_type=product&#038;p=21927"},"modified":"2024-01-22T07:29:05","modified_gmt":"2024-01-22T07:29:05","slug":"realme-buds-air","status":"publish","type":"product","link":"https:\/\/www.rucashk.com\/pt\/produto\/realme-buds-air\/","title":{"rendered":"Realme Buds Air"},"content":{"rendered":"<p style=\"text-align: center\"><img decoding=\"async\" src=\"https:\/\/www.rucashk.com\/wp-content\/uploads\/2020\/04\/H86c7c8f5160b4c3fb094f5b3e702cb6eT.jpg\" \/><\/p>\n<p style=\"text-align: center\"><img decoding=\"async\" src=\"https:\/\/www.rucashk.com\/wp-content\/uploads\/2020\/04\/H8b8fe0887b994f76be8ce9f52153ae39N.jpg\" \/><\/p>\n<p style=\"text-align: center\"><img decoding=\"async\" src=\"https:\/\/www.rucashk.com\/wp-content\/uploads\/2020\/04\/H1751cc3dc4f34b82a9626c8a559b5754L.jpg\" \/><\/p>\n<p style=\"text-align: center\"><img decoding=\"async\" src=\"https:\/\/www.rucashk.com\/wp-content\/uploads\/2020\/04\/Hcdba67d362334522bb5c1f0f012c07d3K.jpg\" \/><\/p>\n<p style=\"text-align: center\"><img decoding=\"async\" src=\"https:\/\/www.rucashk.com\/wp-content\/uploads\/2020\/04\/H279761faa7c24711b98d7f92e0480264I.jpg\" \/><\/p>\n<p><img decoding=\"async\" class=\"aligncenter\" src=\"https:\/\/www.rucashk.com\/wp-content\/uploads\/2020\/04\/H6787b7ccd7af48438f1b43cc6a1bd763G.jpg\" \/><\/p>\n<p>&nbsp;<\/p>\n<p><strong>Na caixa<\/strong><br \/>\n<a class=\"\" style=\"width: auto !important\" href=\"https:\/\/www.rucashk.com\/pt\/realme-buds-q-will-go-online-in-india-soon-the-best-sold-brand-ever\/\" data-wpil-post-to-id=\"10388\">realme Buds<\/a> ar * 1<br \/>\n<a class=\"\" style=\"width: auto !important\" href=\"https:\/\/www.rucashk.com\/pt\/produto\/70mai-wireless-car-charger-mount\/\" data-wpil-post-to-id=\"2507\">Carregamento sem fio<\/a> Caso 1<br \/>\nCabo de carregamento tipo C * 1<br \/>\nLivro de guia r\u00e1pido (vers\u00e3o chinesa)*1<\/p>","protected":false},"excerpt":{"rendered":"<p>Principais caracter\u00edsticas:<\/p>\n<p>realme Buds Air (True Wireless, Real Seamless)<\/p>\n<p>Chip :R1 Headphone Chip<\/p>\n<p>Calling: Dual Mic ENC (Environment Noise Cancellation Technology)<\/p>\n<p>Connectivity: Bluetooth 5.0 ;GFP (Google Fast Pair Technology);10 meters Effective Range<\/p>\n<p>Battery: Up to 17 Hours Playback ; earphone about 3 hours<\/p>\n<p>Charging Case: Support Qi Wireless Charging ;Support Type-C Charging<\/p>\n<p>Sensors: Optical Sensor for Wear Detection<\/p>\n<p>Size &amp; Weight Height: 51.3 mm*45.3 mm*25.3 mm ; Weight: 42.3 g \uff08Type: Half-in Ear ; Weight: 4.2 g\uff09<\/p>\n<p>Controls :Support Touch Control<\/p>\n<p>Toque duplo: atender uma chamada; reproduzir\/pausar a reprodu\u00e7\u00e3o de m\u00fasica.<\/p>\n<p>Toque tr\u00eas vezes: pule para a pr\u00f3xima m\u00fasica.<\/p>\n<p>Pressione e segure um lado: inicie o assistente de voz; encerrar\/recusar uma chamada;<\/p>\n<p>Pressione e segure ambos os lados: Entrar\/sair do Modo de Jogo.<\/p>","protected":false},"featured_media":22067,"template":"","meta":[],"product_brand":[],"product_cat":[1349,1305],"product_tag":[623,506],"class_list":{"0":"post-21927","1":"product","2":"type-product","3":"status-publish","4":"has-post-thumbnail","6":"product_cat-realme-earphone-xiaomi-eco","7":"product_cat-xiaomi-eco","8":"product_tag-realme-buds-air","9":"product_tag-wireless","11":"first","12":"instock","13":"shipping-taxable","14":"product-type-external"},"aioseo_notices":[],"aioseo_head":"\n\t\t<!-- All in One SEO Pro 4.5.9.2 - aioseo.com -->\n\t\t<meta name=\"description\" content=\"Main Features: realme Buds Air (True Wireless, Real Seamless) Chip :R1 Headphone Chip Calling: Dual Mic ENC (Environment Noise Cancellation Technology) Connectivity: Bluetooth 5.0 ;GFP (Google Fast Pair Technology);10 meters Effective Range Battery: Up to 17 Hours Playback ; earphone about 3 hours Charging Case: Support Qi Wireless Charging ;Support Type-C Charging Sensors: Optical Sensor for Wear Detection Size &amp; Weight Height: 51.3 mm*45.3 mm*25.3 mm ; Weight: 42.3 g \uff08Type: Half-in Ear ; Weight: 4.2 g\uff09 Controls :Support Touch Control Double-tap: Answer a call; play\/pause music playback. Triple-tap: Skip to next song. Press and hold one side: Launch voice assistant; end\/decline a call; Press and hold both sides: Enter\/exit Gaming Mode.\" \/>\n\t\t<meta name=\"robots\" content=\"max-image-preview:large\" \/>\n\t\t<link rel=\"canonical\" href=\"https:\/\/www.rucashk.com\/pt\/produto\/realme-buds-air\/\" \/>\n\t\t<meta name=\"generator\" content=\"All in One SEO Pro (AIOSEO) 4.5.9.2\" \/>\n\t\t<meta property=\"og:locale\" content=\"pt_PT\" \/>\n\t\t<meta property=\"og:site_name\" content=\"Rucas - One-stop AIoT Distribution Worldwide\" \/>\n\t\t<meta property=\"og:type\" content=\"article\" \/>\n\t\t<meta property=\"og:title\" content=\"Realme Buds Air - Rucas - Wholesale and Distribution\" \/>\n\t\t<meta property=\"og:description\" content=\"Main Features: realme Buds Air (True Wireless, Real Seamless) Chip :R1 Headphone Chip Calling: Dual Mic ENC (Environment Noise Cancellation Technology) Connectivity: Bluetooth 5.0 ;GFP (Google Fast Pair Technology);10 meters Effective Range Battery: Up to 17 Hours Playback ; earphone about 3 hours Charging Case: Support Qi Wireless Charging ;Support Type-C Charging Sensors: Optical Sensor for Wear Detection Size &amp; Weight Height: 51.3 mm*45.3 mm*25.3 mm ; Weight: 42.3 g \uff08Type: Half-in Ear ; Weight: 4.2 g\uff09 Controls :Support Touch Control Double-tap: Answer a call; play\/pause music playback. Triple-tap: Skip to next song. Press and hold one side: Launch voice assistant; end\/decline a call; Press and hold both sides: Enter\/exit Gaming Mode.\" \/>\n\t\t<meta property=\"og:url\" content=\"https:\/\/www.rucashk.com\/pt\/produto\/realme-buds-air\/\" \/>\n\t\t<meta property=\"og:image\" content=\"https:\/\/www.rucashk.com\/wp-content\/uploads\/replace\/503b8e645f128a97ccde2b6290747646.jpeg\" \/>\n\t\t<meta property=\"og:image:secure_url\" content=\"https:\/\/www.rucashk.com\/wp-content\/uploads\/replace\/503b8e645f128a97ccde2b6290747646.jpeg\" \/>\n\t\t<meta property=\"og:image:width\" content=\"1456\" \/>\n\t\t<meta property=\"og:image:height\" content=\"816\" \/>\n\t\t<meta property=\"article:published_time\" content=\"2024-01-09T15:37:44+00:00\" \/>\n\t\t<meta property=\"article:modified_time\" content=\"2024-01-22T07:29:05+00:00\" \/>\n\t\t<meta name=\"twitter:card\" content=\"summary_large_image\" \/>\n\t\t<meta name=\"twitter:title\" content=\"Realme Buds Air - Rucas - Wholesale and Distribution\" \/>\n\t\t<meta name=\"twitter:description\" content=\"Main Features: realme Buds Air (True Wireless, Real Seamless) Chip :R1 Headphone Chip Calling: Dual Mic ENC (Environment Noise Cancellation Technology) Connectivity: Bluetooth 5.0 ;GFP (Google Fast Pair Technology);10 meters Effective Range Battery: Up to 17 Hours Playback ; earphone about 3 hours Charging Case: Support Qi Wireless Charging ;Support Type-C Charging Sensors: Optical Sensor for Wear Detection Size &amp; Weight Height: 51.3 mm*45.3 mm*25.3 mm ; Weight: 42.3 g \uff08Type: Half-in Ear ; Weight: 4.2 g\uff09 Controls :Support Touch Control Double-tap: Answer a call; play\/pause music playback. Triple-tap: Skip to next song. Press and hold one side: Launch voice assistant; end\/decline a call; Press and hold both sides: Enter\/exit Gaming Mode.\" \/>\n\t\t<meta name=\"twitter:image\" content=\"https:\/\/www.rucashk.com\/wp-content\/uploads\/replace\/503b8e645f128a97ccde2b6290747646.jpeg\" \/>\n\t\t<script type=\"application\/ld+json\" class=\"aioseo-schema\">\n\t\t\t{\"@context\":\"https:\\\/\\\/schema.org\",\"@graph\":[{\"@type\":\"BreadcrumbList\",\"@id\":\"https:\\\/\\\/www.rucashk.com\\\/pt\\\/produto\\\/realme-buds-air\\\/#breadcrumblist\",\"itemListElement\":[{\"@type\":\"ListItem\",\"@id\":\"https:\\\/\\\/www.rucashk.com\\\/pt\\\/#listItem\",\"position\":1,\"name\":\"Home\",\"item\":\"https:\\\/\\\/www.rucashk.com\\\/pt\\\/\",\"nextItem\":\"https:\\\/\\\/www.rucashk.com\\\/pt\\\/produto\\\/realme-buds-air\\\/#listItem\"},{\"@type\":\"ListItem\",\"@id\":\"https:\\\/\\\/www.rucashk.com\\\/pt\\\/produto\\\/realme-buds-air\\\/#listItem\",\"position\":2,\"name\":\"Realme Buds Air\",\"previousItem\":\"https:\\\/\\\/www.rucashk.com\\\/pt\\\/#listItem\"}]},{\"@type\":\"Organization\",\"@id\":\"https:\\\/\\\/www.rucashk.com\\\/pt\\\/#organization\",\"name\":\"Rucas\",\"url\":\"https:\\\/\\\/www.rucashk.com\\\/pt\\\/\",\"logo\":{\"@type\":\"ImageObject\",\"url\":\"https:\\\/\\\/www.rucashk.com\\\/wp-content\\\/uploads\\\/2023\\\/12\\\/Rucas_campany_logo.png\",\"@id\":\"https:\\\/\\\/www.rucashk.com\\\/pt\\\/produto\\\/realme-buds-air\\\/#organizationLogo\",\"width\":221,\"height\":65},\"image\":{\"@id\":\"https:\\\/\\\/www.rucashk.com\\\/pt\\\/#organizationLogo\"}},{\"@type\":\"Person\",\"@id\":\"https:\\\/\\\/www.rucashk.com\\\/pt\\\/author\\\/admin\\\/#author\",\"url\":\"https:\\\/\\\/www.rucashk.com\\\/pt\\\/author\\\/admin\\\/\",\"name\":\"admin\",\"image\":{\"@type\":\"ImageObject\",\"@id\":\"https:\\\/\\\/www.rucashk.com\\\/pt\\\/produto\\\/realme-buds-air\\\/#authorImage\",\"url\":\"https:\\\/\\\/secure.gravatar.com\\\/avatar\\\/b7c8925b09a27e72b30232f8ecaadbd5af0f70a38c78096863fe51b64f031c24?s=96&d=mm&r=g\",\"width\":96,\"height\":96,\"caption\":\"admin\"}},{\"@type\":\"WebPage\",\"@id\":\"https:\\\/\\\/www.rucashk.com\\\/pt\\\/produto\\\/realme-buds-air\\\/#webpage\",\"url\":\"https:\\\/\\\/www.rucashk.com\\\/pt\\\/produto\\\/realme-buds-air\\\/\",\"name\":\"Realme Buds Air - Rucas - Wholesale and Distribution\",\"description\":\"Main Features: realme Buds Air (True Wireless, Real Seamless) Chip :R1 Headphone Chip Calling: Dual Mic ENC (Environment Noise Cancellation Technology) Connectivity: Bluetooth 5.0 ;GFP (Google Fast Pair Technology);10 meters Effective Range Battery: Up to 17 Hours Playback ; earphone about 3 hours Charging Case: Support Qi Wireless Charging ;Support Type-C Charging Sensors: Optical Sensor for Wear Detection Size & Weight Height: 51.3 mm*45.3 mm*25.3 mm ; Weight: 42.3 g \\uff08Type: Half-in Ear ; Weight: 4.2 g\\uff09 Controls :Support Touch Control Double-tap: Answer a call; play\\\/pause music playback. Triple-tap: Skip to next song. Press and hold one side: Launch voice assistant; end\\\/decline a call; Press and hold both sides: Enter\\\/exit Gaming Mode.\",\"inLanguage\":\"pt-PT\",\"isPartOf\":{\"@id\":\"https:\\\/\\\/www.rucashk.com\\\/pt\\\/#website\"},\"breadcrumb\":{\"@id\":\"https:\\\/\\\/www.rucashk.com\\\/pt\\\/produto\\\/realme-buds-air\\\/#breadcrumblist\"},\"author\":{\"@id\":\"https:\\\/\\\/www.rucashk.com\\\/pt\\\/author\\\/admin\\\/#author\"},\"creator\":{\"@id\":\"https:\\\/\\\/www.rucashk.com\\\/pt\\\/author\\\/admin\\\/#author\"},\"image\":{\"@type\":\"ImageObject\",\"url\":\"https:\\\/\\\/www.rucashk.com\\\/wp-content\\\/uploads\\\/2024\\\/01\\\/Gloabl-Version-OPPO-realme-Buds-Air-Wireless-Earphones-True-Wireless-Charing-R1-Chip-Dual-Mic-For.jpg_640x640.jpg\",\"@id\":\"https:\\\/\\\/www.rucashk.com\\\/pt\\\/produto\\\/realme-buds-air\\\/#mainImage\",\"width\":640,\"height\":640},\"primaryImageOfPage\":{\"@id\":\"https:\\\/\\\/www.rucashk.com\\\/pt\\\/produto\\\/realme-buds-air\\\/#mainImage\"},\"datePublished\":\"2024-01-09T15:37:44+00:00\",\"dateModified\":\"2024-01-22T07:29:05+00:00\"},{\"@type\":\"WebSite\",\"@id\":\"https:\\\/\\\/www.rucashk.com\\\/pt\\\/#website\",\"url\":\"https:\\\/\\\/www.rucashk.com\\\/pt\\\/\",\"name\":\"Rucas - Wholesale and distribution worldwide\",\"alternateName\":\"Rucas - One-stop AIoT Distribution Worldwide\",\"description\":\"One-stop AIoT Distribution Worldwide\",\"inLanguage\":\"pt-PT\",\"publisher\":{\"@id\":\"https:\\\/\\\/www.rucashk.com\\\/pt\\\/#organization\"}}]}\n\t\t<\/script>\n\t\t<!-- All in One SEO Pro -->\r\n\t\t<title>Realme Buds Air - Rucas - Wholesale and Distribution<\/title>\n\n","aioseo_head_json":{"title":"Realme Buds Air - Rucas - Wholesale and Distribution","description":"Main Features: realme Buds Air (True Wireless, Real Seamless) Chip :R1 Headphone Chip Calling: Dual Mic ENC (Environment Noise Cancellation Technology) Connectivity: Bluetooth 5.0 ;GFP (Google Fast Pair Technology);10 meters Effective Range Battery: Up to 17 Hours Playback ; earphone about 3 hours Charging Case: Support Qi Wireless Charging ;Support Type-C Charging Sensors: Optical Sensor for Wear Detection Size & Weight Height: 51.3 mm*45.3 mm*25.3 mm ; Weight: 42.3 g \uff08Type: Half-in Ear ; Weight: 4.2 g\uff09 Controls :Support Touch Control Double-tap: Answer a call; play\/pause music playback. Triple-tap: Skip to next song. Press and hold one side: Launch voice assistant; end\/decline a call; Press and hold both sides: Enter\/exit Gaming Mode.","canonical_url":"https:\/\/www.rucashk.com\/pt\/produto\/realme-buds-air\/","robots":"max-image-preview:large","keywords":"","webmasterTools":{"miscellaneous":""},"og:locale":"pt_PT","og:site_name":"Rucas - One-stop AIoT Distribution Worldwide","og:type":"article","og:title":"Realme Buds Air - Rucas - Wholesale and Distribution","og:description":"Main Features: realme Buds Air (True Wireless, Real Seamless) Chip :R1 Headphone Chip Calling: Dual Mic ENC (Environment Noise Cancellation Technology) Connectivity: Bluetooth 5.0 ;GFP (Google Fast Pair Technology);10 meters Effective Range Battery: Up to 17 Hours Playback ; earphone about 3 hours Charging Case: Support Qi Wireless Charging ;Support Type-C Charging Sensors: Optical Sensor for Wear Detection Size &amp; Weight Height: 51.3 mm*45.3 mm*25.3 mm ; Weight: 42.3 g \uff08Type: Half-in Ear ; Weight: 4.2 g\uff09 Controls :Support Touch Control Double-tap: Answer a call; play\/pause music playback. Triple-tap: Skip to next song. Press and hold one side: Launch voice assistant; end\/decline a call; Press and hold both sides: Enter\/exit Gaming Mode.","og:url":"https:\/\/www.rucashk.com\/pt\/produto\/realme-buds-air\/","og:image":"https:\/\/www.rucashk.com\/wp-content\/uploads\/replace\/503b8e645f128a97ccde2b6290747646.jpeg","og:image:secure_url":"https:\/\/www.rucashk.com\/wp-content\/uploads\/replace\/503b8e645f128a97ccde2b6290747646.jpeg","og:image:width":1456,"og:image:height":816,"article:published_time":"2024-01-09T15:37:44+00:00","article:modified_time":"2024-01-22T07:29:05+00:00","twitter:card":"summary_large_image","twitter:title":"Realme Buds Air - Rucas - Wholesale and Distribution","twitter:description":"Main Features: realme Buds Air (True Wireless, Real Seamless) Chip :R1 Headphone Chip Calling: Dual Mic ENC (Environment Noise Cancellation Technology) Connectivity: Bluetooth 5.0 ;GFP (Google Fast Pair Technology);10 meters Effective Range Battery: Up to 17 Hours Playback ; earphone about 3 hours Charging Case: Support Qi Wireless Charging ;Support Type-C Charging Sensors: Optical Sensor for Wear Detection Size &amp; Weight Height: 51.3 mm*45.3 mm*25.3 mm ; Weight: 42.3 g \uff08Type: Half-in Ear ; Weight: 4.2 g\uff09 Controls :Support Touch Control Double-tap: Answer a call; play\/pause music playback. Triple-tap: Skip to next song. Press and hold one side: Launch voice assistant; end\/decline a call; Press and hold both sides: Enter\/exit Gaming Mode.","twitter:image":"https:\/\/www.rucashk.com\/wp-content\/uploads\/replace\/503b8e645f128a97ccde2b6290747646.jpeg","schema":{"@context":"https:\/\/schema.org","@graph":[{"@type":"BreadcrumbList","@id":"https:\/\/www.rucashk.com\/pt\/produto\/realme-buds-air\/#breadcrumblist","itemListElement":[{"@type":"ListItem","@id":"https:\/\/www.rucashk.com\/pt\/#listItem","position":1,"name":"Home","item":"https:\/\/www.rucashk.com\/pt\/","nextItem":"https:\/\/www.rucashk.com\/pt\/produto\/realme-buds-air\/#listItem"},{"@type":"ListItem","@id":"https:\/\/www.rucashk.com\/pt\/produto\/realme-buds-air\/#listItem","position":2,"name":"Realme Buds Air","previousItem":"https:\/\/www.rucashk.com\/pt\/#listItem"}]},{"@type":"Organization","@id":"https:\/\/www.rucashk.com\/pt\/#organization","name":"Rucas","url":"https:\/\/www.rucashk.com\/pt\/","logo":{"@type":"ImageObject","url":"https:\/\/www.rucashk.com\/wp-content\/uploads\/2023\/12\/Rucas_campany_logo.png","@id":"https:\/\/www.rucashk.com\/pt\/produto\/realme-buds-air\/#organizationLogo","width":221,"height":65},"image":{"@id":"https:\/\/www.rucashk.com\/pt\/#organizationLogo"}},{"@type":"Person","@id":"https:\/\/www.rucashk.com\/pt\/author\/admin\/#author","url":"https:\/\/www.rucashk.com\/pt\/author\/admin\/","name":"admin","image":{"@type":"ImageObject","@id":"https:\/\/www.rucashk.com\/pt\/produto\/realme-buds-air\/#authorImage","url":"https:\/\/secure.gravatar.com\/avatar\/b7c8925b09a27e72b30232f8ecaadbd5af0f70a38c78096863fe51b64f031c24?s=96&d=mm&r=g","width":96,"height":96,"caption":"admin"}},{"@type":"WebPage","@id":"https:\/\/www.rucashk.com\/pt\/produto\/realme-buds-air\/#webpage","url":"https:\/\/www.rucashk.com\/pt\/produto\/realme-buds-air\/","name":"Realme Buds Air - Rucas - Wholesale and Distribution","description":"Main Features: realme Buds Air (True Wireless, Real Seamless) Chip :R1 Headphone Chip Calling: Dual Mic ENC (Environment Noise Cancellation Technology) Connectivity: Bluetooth 5.0 ;GFP (Google Fast Pair Technology);10 meters Effective Range Battery: Up to 17 Hours Playback ; earphone about 3 hours Charging Case: Support Qi Wireless Charging ;Support Type-C Charging Sensors: Optical Sensor for Wear Detection Size & Weight Height: 51.3 mm*45.3 mm*25.3 mm ; Weight: 42.3 g \uff08Type: Half-in Ear ; Weight: 4.2 g\uff09 Controls :Support Touch Control Double-tap: Answer a call; play\/pause music playback. Triple-tap: Skip to next song. Press and hold one side: Launch voice assistant; end\/decline a call; Press and hold both sides: Enter\/exit Gaming Mode.","inLanguage":"pt-PT","isPartOf":{"@id":"https:\/\/www.rucashk.com\/pt\/#website"},"breadcrumb":{"@id":"https:\/\/www.rucashk.com\/pt\/produto\/realme-buds-air\/#breadcrumblist"},"author":{"@id":"https:\/\/www.rucashk.com\/pt\/author\/admin\/#author"},"creator":{"@id":"https:\/\/www.rucashk.com\/pt\/author\/admin\/#author"},"image":{"@type":"ImageObject","url":"https:\/\/www.rucashk.com\/wp-content\/uploads\/2024\/01\/Gloabl-Version-OPPO-realme-Buds-Air-Wireless-Earphones-True-Wireless-Charing-R1-Chip-Dual-Mic-For.jpg_640x640.jpg","@id":"https:\/\/www.rucashk.com\/pt\/produto\/realme-buds-air\/#mainImage","width":640,"height":640},"primaryImageOfPage":{"@id":"https:\/\/www.rucashk.com\/pt\/produto\/realme-buds-air\/#mainImage"},"datePublished":"2024-01-09T15:37:44+00:00","dateModified":"2024-01-22T07:29:05+00:00"},{"@type":"WebSite","@id":"https:\/\/www.rucashk.com\/pt\/#website","url":"https:\/\/www.rucashk.com\/pt\/","name":"Rucas - Wholesale and distribution worldwide","alternateName":"Rucas - One-stop AIoT Distribution Worldwide","description":"One-stop AIoT Distribution Worldwide","inLanguage":"pt-PT","publisher":{"@id":"https:\/\/www.rucashk.com\/pt\/#organization"}}]}},"aioseo_meta_data":{"post_id":"21927","title":null,"description":null,"keywords":null,"keyphrases":null,"primary_term":null,"canonical_url":null,"og_title":null,"og_description":null,"og_object_type":"default","og_image_type":"default","og_image_url":null,"og_image_width":null,"og_image_height":null,"og_image_custom_url":null,"og_image_custom_fields":null,"og_video":null,"og_custom_url":null,"og_article_section":null,"og_article_tags":null,"twitter_use_og":false,"twitter_card":"default","twitter_image_type":"default","twitter_image_url":null,"twitter_image_custom_url":null,"twitter_image_custom_fields":null,"twitter_title":null,"twitter_description":null,"schema":{"blockGraphs":[],"customGraphs":[],"default":{"data":{"Article":[],"Course":[],"Dataset":[],"FAQPage":[],"Movie":[],"Person":[],"Product":[],"Recipe":[],"Service":[],"SoftwareApplication":[],"WebPage":[]},"graphName":"","isEnabled":true},"graphs":[]},"schema_type":"default","schema_type_options":null,"pillar_content":false,"robots_default":true,"robots_noindex":false,"robots_noarchive":false,"robots_nosnippet":false,"robots_nofollow":false,"robots_noimageindex":false,"robots_noodp":false,"robots_notranslate":false,"robots_max_snippet":null,"robots_max_videopreview":null,"robots_max_imagepreview":"large","priority":null,"frequency":null,"local_seo":null,"breadcrumb_settings":null,"limit_modified_date":false,"created":"2024-04-11 01:55:21","updated":"2025-06-22 16:32:59"},"aioseo_breadcrumb":"<div class=\"aioseo-breadcrumbs\"><span class=\"aioseo-breadcrumb\">\n\t<a href=\"https:\/\/www.rucashk.com\/pt\" title=\"Home\">Home<\/a>\n<\/span><span class=\"aioseo-breadcrumb-separator\">&raquo;<\/span><span class=\"aioseo-breadcrumb\">\n\t<a href=\"https:\/\/www.rucashk.com\/pt\/products\/\" title=\"Produtos\">Produtos<\/a>\n<\/span><span class=\"aioseo-breadcrumb-separator\">&raquo;<\/span><span class=\"aioseo-breadcrumb\">\n\t<a href=\"https:\/\/www.rucashk.com\/pt\/categoria-produto\/xiaomi-eco\/\" title=\"Xiaomi Eco\">Xiaomi Eco<\/a>\n<\/span><span class=\"aioseo-breadcrumb-separator\">&raquo;<\/span><span class=\"aioseo-breadcrumb\">\n\t<a href=\"https:\/\/www.rucashk.com\/pt\/categoria-produto\/xiaomi-eco\/realme-earphone-xiaomi-eco\/\" title=\"Realme Earphone\">Realme Earphone<\/a>\n<\/span><span class=\"aioseo-breadcrumb-separator\">&raquo;<\/span><span class=\"aioseo-breadcrumb\">\n\tRealme Buds Air\n<\/span><\/div>","aioseo_breadcrumb_json":[{"label":"Home","link":"https:\/\/www.rucashk.com\/pt"},{"label":"Produtos","link":"https:\/\/www.rucashk.com\/pt\/products\/"},{"label":"Xiaomi Eco","link":"https:\/\/www.rucashk.com\/pt\/categoria-produto\/xiaomi-eco\/"},{"label":"Realme Earphone","link":"https:\/\/www.rucashk.com\/pt\/categoria-produto\/xiaomi-eco\/realme-earphone-xiaomi-eco\/"},{"label":"Realme Buds Air","link":"https:\/\/www.rucashk.com\/pt\/produto\/realme-buds-air\/"}],"_links":{"self":[{"href":"https:\/\/www.rucashk.com\/pt\/wp-json\/wp\/v2\/product\/21927","targetHints":{"allow":["GET"]}}],"collection":[{"href":"https:\/\/www.rucashk.com\/pt\/wp-json\/wp\/v2\/product"}],"about":[{"href":"https:\/\/www.rucashk.com\/pt\/wp-json\/wp\/v2\/types\/product"}],"wp:featuredmedia":[{"embeddable":true,"href":"https:\/\/www.rucashk.com\/pt\/wp-json\/wp\/v2\/media\/22067"}],"wp:attachment":[{"href":"https:\/\/www.rucashk.com\/pt\/wp-json\/wp\/v2\/media?parent=21927"}],"wp:term":[{"taxonomy":"product_brand","embeddable":true,"href":"https:\/\/www.rucashk.com\/pt\/wp-json\/wp\/v2\/product_brand?post=21927"},{"taxonomy":"product_cat","embeddable":true,"href":"https:\/\/www.rucashk.com\/pt\/wp-json\/wp\/v2\/product_cat?post=21927"},{"taxonomy":"product_tag","embeddable":true,"href":"https:\/\/www.rucashk.com\/pt\/wp-json\/wp\/v2\/product_tag?post=21927"}],"curies":[{"name":"wp","href":"https:\/\/api.w.org\/{rel}","templated":true}]}}