{"id":21924,"date":"2024-01-09T15:37:43","date_gmt":"2024-01-09T15:37:43","guid":{"rendered":"http:\/\/rucashk.com\/?post_type=product&#038;p=21924"},"modified":"2024-01-21T10:44:22","modified_gmt":"2024-01-21T10:44:22","slug":"mi-imi-ec3-outdoor-security-camera","status":"publish","type":"product","link":"https:\/\/www.rucashk.com\/pt\/produto\/mi-imi-ec3-outdoor-security-camera\/","title":{"rendered":"C\u00e2mera de seguran\u00e7a externa Mi Imi EC3"},"content":{"rendered":"<h3 style=\"text-align: center\">C\u00e2mera de seguran\u00e7a externa Mi Imi EC3<img class=\"bg_lazy\" style=\"font-size: 16px\" title=\"IMILAB N2 do Eco-system 270 \u00b0 IP66 1080P C\u00e2mera IP inteligente externa Detec\u00e7\u00e3o de movimento humano IR Suporte para vis\u00e3o noturna Cart\u00e3o 256G TF e armazenamento em nuvem Monitor de seguran\u00e7a CCTV\" alt=\"\" data-original=\"https:\/\/imgaz.staticbg.com\/images\/oaupload\/ser1\/banggood\/images\/58\/C4\/8699a348-c9c2-4d93-b6f4-7db8867ef71a.jpg\" \/><\/h3>\n<p>&nbsp;<\/p>\n<p>Com o Mi Imi<b>\u00a0C\u00e2mera IP WiFi inteligente 1080P<\/b>, voc\u00ea pode dormir com seguran\u00e7a! O\u00a0<b>LEDs de corte IR de 10 unidades integrados\u00a0<\/b>ativar esta captura de c\u00e2mera de vigil\u00e2ncia clara\u00a0<b>imagens de vis\u00e3o noturna dentro de 15 metros<\/b>\u00a0dist\u00e2ncia. Al\u00e9m disso, o design girat\u00f3rio da c\u00e2mera IP a torna capaz de monitorar\u00a0<b>Alcance mais amplo de 270\u00b0 na dire\u00e7\u00e3o horizontal<\/b>\u00a0atrav\u00e9s do controle APP. Al\u00e9m do mais, o oculto\u00a0<b>Slot para cart\u00e3o TF<\/b>\u00a0fornece n\u00e3o apenas uma apar\u00eancia bonita e integrada, mas tamb\u00e9m um m\u00e9todo de armazenamento conveniente para voc\u00ea!<\/p>\n<h3 style=\"text-align: center\"><img fetchpriority=\"high\" decoding=\"async\" class=\"bg_lazy alignnone\" style=\"font-size: 16px\" title=\"IMILAB N2 do Eco-system 270 \u00b0 IP66 1080P C\u00e2mera IP inteligente externa Detec\u00e7\u00e3o de movimento humano IR Suporte para vis\u00e3o noturna Cart\u00e3o 256G TF e armazenamento em nuvem Monitor de seguran\u00e7a CCTV\" src=\"https:\/\/www.rucashk.com\/wp-content\/uploads\/2020\/04\/ce5a4996-3a1c-4346-94ac-55947403734d.jpg\" alt=\"IMILAB EC3 Outdoor Security Camera\" width=\"1000\" height=\"938\" data-original=\"https:\/\/www.rucashk.com\/wp-content\/uploads\/2020\/04\/ce5a4996-3a1c-4346-94ac-55947403734d.jpg\" \/><\/h3>\n<div id=\"imgBox\">\n<div>\n<div><img class=\"bg_lazy\" title=\"IMILAB N2 do Eco-system 270 \u00b0 IP66 1080P C\u00e2mera IP inteligente externa Detec\u00e7\u00e3o de movimento humano IR Suporte para vis\u00e3o noturna Cart\u00e3o 256G TF e armazenamento em nuvem Monitor de seguran\u00e7a CCTV\" alt=\"\" data-original=\"https:\/\/imgaz.staticbg.com\/images\/oaupload\/ser1\/banggood\/images\/EC\/4F\/948f318d-710d-4c83-8f2e-858e074eef54.jpg\" \/><\/div>\n<div><img decoding=\"async\" class=\"bg_lazy alignnone\" title=\"IMILAB N2 do Eco-system 270 \u00b0 IP66 1080P C\u00e2mera IP inteligente externa Detec\u00e7\u00e3o de movimento humano IR Suporte para vis\u00e3o noturna Cart\u00e3o 256G TF e armazenamento em nuvem Monitor de seguran\u00e7a CCTV\" src=\"https:\/\/www.rucashk.com\/wp-content\/uploads\/2020\/04\/796b45c2-4272-4214-a1d4-d1c1078d294a.jpg\" alt=\"IMILAB EC3 Outdoor Security Camera\" width=\"1000\" height=\"1004\" data-original=\"https:\/\/www.rucashk.com\/wp-content\/uploads\/2020\/04\/796b45c2-4272-4214-a1d4-d1c1078d294a.jpg\" \/><\/div>\n<div><img class=\"bg_lazy\" title=\"IMILAB N2 do Eco-system 270 \u00b0 IP66 1080P C\u00e2mera IP inteligente externa Detec\u00e7\u00e3o de movimento humano IR Suporte para vis\u00e3o noturna Cart\u00e3o 256G TF e armazenamento em nuvem Monitor de seguran\u00e7a CCTV\" alt=\"\" data-original=\"https:\/\/imgaz.staticbg.com\/images\/oaupload\/ser1\/banggood\/images\/B2\/43\/00b24e64-a72a-4ca5-9b2d-27eb2110b6f7.jpg\" \/><\/div>\n<div><img decoding=\"async\" class=\"bg_lazy alignnone\" title=\"IMILAB N2 do Eco-system 270 \u00b0 IP66 1080P C\u00e2mera IP inteligente externa Detec\u00e7\u00e3o de movimento humano IR Suporte para vis\u00e3o noturna Cart\u00e3o 256G TF e armazenamento em nuvem Monitor de seguran\u00e7a CCTV\" src=\"https:\/\/www.rucashk.com\/wp-content\/uploads\/2020\/04\/f3cd0786-3f36-4f94-bbe6-985a7cc6ec08.jpg\" alt=\"IMILAB EC3 Outdoor Security Camera\" width=\"1000\" height=\"1909\" data-original=\"https:\/\/www.rucashk.com\/wp-content\/uploads\/2020\/04\/f3cd0786-3f36-4f94-bbe6-985a7cc6ec08.jpg\" \/><\/div>\n<div><img class=\"bg_lazy\" title=\"IMILAB N2 do Eco-system 270 \u00b0 IP66 1080P C\u00e2mera IP inteligente externa Detec\u00e7\u00e3o de movimento humano IR Suporte para vis\u00e3o noturna Cart\u00e3o 256G TF e armazenamento em nuvem Monitor de seguran\u00e7a CCTV\" alt=\"\" data-original=\"https:\/\/imgaz.staticbg.com\/images\/oaupload\/ser1\/banggood\/images\/49\/A9\/6b3215d5-673a-43da-9deb-1da634f17fe8.jpg\" \/><\/div>\n<div><img loading=\"lazy\" decoding=\"async\" class=\"bg_lazy alignnone\" title=\"IMILAB N2 do Eco-system 270 \u00b0 IP66 1080P C\u00e2mera IP inteligente externa Detec\u00e7\u00e3o de movimento humano IR Suporte para vis\u00e3o noturna Cart\u00e3o 256G TF e armazenamento em nuvem Monitor de seguran\u00e7a CCTV\" src=\"https:\/\/www.rucashk.com\/wp-content\/uploads\/2020\/04\/cf6d0a0e-b375-4333-bcd0-61cf7eff06a7.jpg\" alt=\"IMILAB EC3 Outdoor Security Camera\" width=\"1000\" height=\"1825\" data-original=\"https:\/\/www.rucashk.com\/wp-content\/uploads\/2020\/04\/cf6d0a0e-b375-4333-bcd0-61cf7eff06a7.jpg\" \/><\/div>\n<div><img class=\"bg_lazy\" title=\"IMILAB N2 do Eco-system 270 \u00b0 IP66 1080P C\u00e2mera IP inteligente externa Detec\u00e7\u00e3o de movimento humano IR Suporte para vis\u00e3o noturna Cart\u00e3o 256G TF e armazenamento em nuvem Monitor de seguran\u00e7a CCTV\" alt=\"\" data-original=\"https:\/\/imgaz.staticbg.com\/images\/oaupload\/ser1\/banggood\/images\/4B\/7D\/8eaab685-9de6-4791-9c27-f9f24b3cf5fa.jpg\" \/><\/div>\n<\/div>\n<\/div>\n<div id=\"specification\">\n<div><strong>Caracter\u00edsticas:<\/strong><\/div>\n<div>\u2013PTZ<br \/>\n\u00c2ngulo de rota\u00e7\u00e3o de 270 graus.<br \/>\n\u2013 IP66<br \/>\n\u00c0 prova d&#039;\u00e1gua e \u00e0 prova de poeira.<br \/>\n\u2013 1080P infravermelho colorido<br \/>\n15 metros de dist\u00e2ncia de vis\u00e3o noturna.<br \/>\n&#8211; <a class=\"\" style=\"width: auto !important\" href=\"https:\/\/www.rucashk.com\/pt\/fujitsu-develops-an-ai-technology-which-allows-to-identify-motions-of-hand-washing\/\" data-wpil-post-to-id=\"9491\">Movimento de forma humana de IA<\/a> detectar<br \/>\nAlarme anti-animal de estima\u00e7\u00e3o. \u00c1rea designada, detec\u00e7\u00e3o de foco.<\/div>\n<div>\n<p><strong>Especifica\u00e7\u00e3o:<\/strong><\/p>\n<table border=\"1\" cellspacing=\"1\" cellpadding=\"1\">\n<tbody>\n<tr>\n<td colspan=\"2\"><strong>Par\u00e2metro Geral<\/strong><\/td>\n<\/tr>\n<tr>\n<td>Marca<\/td>\n<td>IMILAB<\/td>\n<\/tr>\n<tr>\n<td>Tamanho<\/td>\n<td>117 mm de comprimento, 116 mm de altura<\/td>\n<\/tr>\n<tr>\n<td>Len \u00e2ngulo<\/td>\n<td>110\u00b0<\/td>\n<\/tr>\n<tr>\n<td>Resolu\u00e7\u00e3o<\/td>\n<td>1920&#215;1080<\/td>\n<\/tr>\n<tr>\n<td>Abertura<\/td>\n<td>F1.6<\/td>\n<\/tr>\n<tr>\n<td>Entrada de energia<\/td>\n<td>12V\/1A<\/td>\n<\/tr>\n<tr>\n<td>Temperatura de trabalho<\/td>\n<td>-20\u00b0C a 60\u00b0C<\/td>\n<\/tr>\n<tr>\n<td>Compress\u00e3o<\/td>\n<td>H.265<\/td>\n<\/tr>\n<tr>\n<td>Conex\u00e3o wifi<\/td>\n<td>Wi-Fi IEEE 802.11 b\/g\/n 2,4 GHz<\/td>\n<\/tr>\n<tr>\n<td>Conex\u00e3o de fio<\/td>\n<td>Porta RJ45 10\/100M*1<\/td>\n<\/tr>\n<tr>\n<td>Sistema de suporte<\/td>\n<td>Android 4.4 ou iOS 9.9 e vers\u00e3o superior<\/td>\n<\/tr>\n<tr>\n<td>APLICATIVO<\/td>\n<td>Mijia<\/td>\n<\/tr>\n<\/tbody>\n<\/table>\n<\/div>\n<div>\n<div><\/div>\n<\/div>\n<div><strong>Pacote inclu\u00eddo:<\/strong><\/div>\n<div>1 x IMILAB N2 <a class=\"\" style=\"width: auto !important\" href=\"https:\/\/www.rucashk.com\/pt\/produto\/xiaomi-smart-camera-ptz-pro\/\" data-wpil-post-to-id=\"5968\">C\u00e2mera externa PTZ inteligente<\/a><br \/>\n1 x Manual do Usu\u00e1rio<\/div>\n<\/div>","protected":false},"excerpt":{"rendered":"<p><b>Principais caracter\u00edsticas:<\/b><br \/>\n\u25cf Controle de panor\u00e2mica\/inclina\u00e7\u00e3o com motores duplos,\u00a0<b>270 graus\u00a0<\/b>panorama viewing angle<br \/>\n\u25cf<b>Resolu\u00e7\u00e3o 1080P<\/b>, shoot high-quality and smooth video<br \/>\n\u25cf<b>Antenas duplas aprimoradas<\/b>, strong wireless signal<br \/>\n\u25cf<b>Vis\u00e3o noturna<\/b>function<br \/>\n\u25cf<b>\u00c1udio bidirecional<\/b>, with internal microphone and speaker<br \/>\n\u25cf &#8220;Mi Home&#8221; APP, downloaded from Google Play or App Store<br \/>\n\u25cf Support for Android 4.4 and above, iOS 9.0 and above<\/p>","protected":false},"featured_media":22060,"template":"","meta":[],"product_brand":[],"product_cat":[1317,1305],"product_tag":[619,620],"class_list":{"0":"post-21924","1":"product","2":"type-product","3":"status-publish","4":"has-post-thumbnail","6":"product_cat-imilab-camera","7":"product_cat-xiaomi-eco","8":"product_tag-imilab-ec3","9":"product_tag-mi-camera","11":"first","12":"instock","13":"shipping-taxable","14":"product-type-external"},"aioseo_notices":[],"aioseo_head":"\n\t\t<!-- All in One SEO Pro 4.5.9.2 - aioseo.com -->\n\t\t<meta name=\"description\" content=\"Main Features: \u25cf Pan \/ tilt control with dual motors, 270 degree panorama viewing angle \u25cf1080P resolution, shoot high-quality and smooth video \u25cfEhanced dual antennas, strong wireless signal \u25cfNight visionfunction \u25cfTwo-way audio, with internal microphone and speaker \u25cf &quot;Mi Home&quot; APP, downloaded from Google Play or App Store \u25cf Support for Android 4.4 and above, iOS 9.0 and above\" \/>\n\t\t<meta name=\"robots\" content=\"max-image-preview:large\" \/>\n\t\t<link rel=\"canonical\" href=\"https:\/\/www.rucashk.com\/pt\/produto\/mi-imi-ec3-outdoor-security-camera\/\" \/>\n\t\t<meta name=\"generator\" content=\"All in One SEO Pro (AIOSEO) 4.5.9.2\" \/>\n\t\t<meta property=\"og:locale\" content=\"pt_PT\" \/>\n\t\t<meta property=\"og:site_name\" content=\"Rucas - One-stop AIoT Distribution Worldwide\" \/>\n\t\t<meta property=\"og:type\" content=\"article\" \/>\n\t\t<meta property=\"og:title\" content=\"Mi Imi EC3 Outdoor Security Camera - Rucas - Wholesale and Distribution\" \/>\n\t\t<meta property=\"og:description\" content=\"Main Features: \u25cf Pan \/ tilt control with dual motors, 270 degree panorama viewing angle \u25cf1080P resolution, shoot high-quality and smooth video \u25cfEhanced dual antennas, strong wireless signal \u25cfNight visionfunction \u25cfTwo-way audio, with internal microphone and speaker \u25cf &quot;Mi Home&quot; APP, downloaded from Google Play or App Store \u25cf Support for Android 4.4 and above, iOS 9.0 and above\" \/>\n\t\t<meta property=\"og:url\" content=\"https:\/\/www.rucashk.com\/pt\/produto\/mi-imi-ec3-outdoor-security-camera\/\" \/>\n\t\t<meta property=\"og:image\" content=\"https:\/\/www.rucashk.com\/wp-content\/uploads\/replace\/503b8e645f128a97ccde2b6290747646.jpeg\" \/>\n\t\t<meta property=\"og:image:secure_url\" content=\"https:\/\/www.rucashk.com\/wp-content\/uploads\/replace\/503b8e645f128a97ccde2b6290747646.jpeg\" \/>\n\t\t<meta property=\"og:image:width\" content=\"1456\" \/>\n\t\t<meta property=\"og:image:height\" content=\"816\" \/>\n\t\t<meta property=\"article:published_time\" content=\"2024-01-09T15:37:43+00:00\" \/>\n\t\t<meta property=\"article:modified_time\" content=\"2024-01-21T10:44:22+00:00\" \/>\n\t\t<meta name=\"twitter:card\" content=\"summary_large_image\" \/>\n\t\t<meta name=\"twitter:title\" content=\"Mi Imi EC3 Outdoor Security Camera - Rucas - Wholesale and Distribution\" \/>\n\t\t<meta name=\"twitter:description\" content=\"Main Features: \u25cf Pan \/ tilt control with dual motors, 270 degree panorama viewing angle \u25cf1080P resolution, shoot high-quality and smooth video \u25cfEhanced dual antennas, strong wireless signal \u25cfNight visionfunction \u25cfTwo-way audio, with internal microphone and speaker \u25cf &quot;Mi Home&quot; APP, downloaded from Google Play or App Store \u25cf Support for Android 4.4 and above, iOS 9.0 and above\" \/>\n\t\t<meta name=\"twitter:image\" content=\"https:\/\/www.rucashk.com\/wp-content\/uploads\/replace\/503b8e645f128a97ccde2b6290747646.jpeg\" \/>\n\t\t<script type=\"application\/ld+json\" class=\"aioseo-schema\">\n\t\t\t{\"@context\":\"https:\\\/\\\/schema.org\",\"@graph\":[{\"@type\":\"BreadcrumbList\",\"@id\":\"https:\\\/\\\/www.rucashk.com\\\/pt\\\/produto\\\/mi-imi-ec3-outdoor-security-camera\\\/#breadcrumblist\",\"itemListElement\":[{\"@type\":\"ListItem\",\"@id\":\"https:\\\/\\\/www.rucashk.com\\\/pt\\\/#listItem\",\"position\":1,\"name\":\"Home\",\"item\":\"https:\\\/\\\/www.rucashk.com\\\/pt\\\/\",\"nextItem\":\"https:\\\/\\\/www.rucashk.com\\\/pt\\\/produto\\\/mi-imi-ec3-outdoor-security-camera\\\/#listItem\"},{\"@type\":\"ListItem\",\"@id\":\"https:\\\/\\\/www.rucashk.com\\\/pt\\\/produto\\\/mi-imi-ec3-outdoor-security-camera\\\/#listItem\",\"position\":2,\"name\":\"Mi Imi EC3 Outdoor Security Camera\",\"previousItem\":\"https:\\\/\\\/www.rucashk.com\\\/pt\\\/#listItem\"}]},{\"@type\":\"Organization\",\"@id\":\"https:\\\/\\\/www.rucashk.com\\\/pt\\\/#organization\",\"name\":\"Rucas\",\"url\":\"https:\\\/\\\/www.rucashk.com\\\/pt\\\/\",\"logo\":{\"@type\":\"ImageObject\",\"url\":\"https:\\\/\\\/www.rucashk.com\\\/wp-content\\\/uploads\\\/2023\\\/12\\\/Rucas_campany_logo.png\",\"@id\":\"https:\\\/\\\/www.rucashk.com\\\/pt\\\/produto\\\/mi-imi-ec3-outdoor-security-camera\\\/#organizationLogo\",\"width\":221,\"height\":65},\"image\":{\"@id\":\"https:\\\/\\\/www.rucashk.com\\\/pt\\\/#organizationLogo\"}},{\"@type\":\"Person\",\"@id\":\"https:\\\/\\\/www.rucashk.com\\\/pt\\\/author\\\/admin\\\/#author\",\"url\":\"https:\\\/\\\/www.rucashk.com\\\/pt\\\/author\\\/admin\\\/\",\"name\":\"admin\",\"image\":{\"@type\":\"ImageObject\",\"@id\":\"https:\\\/\\\/www.rucashk.com\\\/pt\\\/produto\\\/mi-imi-ec3-outdoor-security-camera\\\/#authorImage\",\"url\":\"https:\\\/\\\/secure.gravatar.com\\\/avatar\\\/b7c8925b09a27e72b30232f8ecaadbd5af0f70a38c78096863fe51b64f031c24?s=96&d=mm&r=g\",\"width\":96,\"height\":96,\"caption\":\"admin\"}},{\"@type\":\"WebPage\",\"@id\":\"https:\\\/\\\/www.rucashk.com\\\/pt\\\/produto\\\/mi-imi-ec3-outdoor-security-camera\\\/#webpage\",\"url\":\"https:\\\/\\\/www.rucashk.com\\\/pt\\\/produto\\\/mi-imi-ec3-outdoor-security-camera\\\/\",\"name\":\"Mi Imi EC3 Outdoor Security Camera - Rucas - Wholesale and Distribution\",\"description\":\"Main Features: \\u25cf Pan \\\/ tilt control with dual motors, 270 degree panorama viewing angle \\u25cf1080P resolution, shoot high-quality and smooth video \\u25cfEhanced dual antennas, strong wireless signal \\u25cfNight visionfunction \\u25cfTwo-way audio, with internal microphone and speaker \\u25cf \\\"Mi Home\\\" APP, downloaded from Google Play or App Store \\u25cf Support for Android 4.4 and above, iOS 9.0 and above\",\"inLanguage\":\"pt-PT\",\"isPartOf\":{\"@id\":\"https:\\\/\\\/www.rucashk.com\\\/pt\\\/#website\"},\"breadcrumb\":{\"@id\":\"https:\\\/\\\/www.rucashk.com\\\/pt\\\/produto\\\/mi-imi-ec3-outdoor-security-camera\\\/#breadcrumblist\"},\"author\":{\"@id\":\"https:\\\/\\\/www.rucashk.com\\\/pt\\\/author\\\/admin\\\/#author\"},\"creator\":{\"@id\":\"https:\\\/\\\/www.rucashk.com\\\/pt\\\/author\\\/admin\\\/#author\"},\"image\":{\"@type\":\"ImageObject\",\"url\":\"https:\\\/\\\/www.rucashk.com\\\/wp-content\\\/uploads\\\/2024\\\/01\\\/58f8876434216387e3f1b58797435e1d.webp_-1.jpg\",\"@id\":\"https:\\\/\\\/www.rucashk.com\\\/pt\\\/produto\\\/mi-imi-ec3-outdoor-security-camera\\\/#mainImage\",\"width\":800,\"height\":800},\"primaryImageOfPage\":{\"@id\":\"https:\\\/\\\/www.rucashk.com\\\/pt\\\/produto\\\/mi-imi-ec3-outdoor-security-camera\\\/#mainImage\"},\"datePublished\":\"2024-01-09T15:37:43+00:00\",\"dateModified\":\"2024-01-21T10:44:22+00:00\"},{\"@type\":\"WebSite\",\"@id\":\"https:\\\/\\\/www.rucashk.com\\\/pt\\\/#website\",\"url\":\"https:\\\/\\\/www.rucashk.com\\\/pt\\\/\",\"name\":\"Rucas - Wholesale and distribution worldwide\",\"alternateName\":\"Rucas - One-stop AIoT Distribution Worldwide\",\"description\":\"One-stop AIoT Distribution Worldwide\",\"inLanguage\":\"pt-PT\",\"publisher\":{\"@id\":\"https:\\\/\\\/www.rucashk.com\\\/pt\\\/#organization\"}}]}\n\t\t<\/script>\n\t\t<!-- All in One SEO Pro -->\r\n\t\t<title>Mi Imi EC3 Outdoor Security Camera - Rucas - Wholesale and Distribution<\/title>\n\n","aioseo_head_json":{"title":"Mi Imi EC3 Outdoor Security Camera - Rucas - Wholesale and Distribution","description":"Main Features: \u25cf Pan \/ tilt control with dual motors, 270 degree panorama viewing angle \u25cf1080P resolution, shoot high-quality and smooth video \u25cfEhanced dual antennas, strong wireless signal \u25cfNight visionfunction \u25cfTwo-way audio, with internal microphone and speaker \u25cf \"Mi Home\" APP, downloaded from Google Play or App Store \u25cf Support for Android 4.4 and above, iOS 9.0 and above","canonical_url":"https:\/\/www.rucashk.com\/pt\/produto\/mi-imi-ec3-outdoor-security-camera\/","robots":"max-image-preview:large","keywords":"","webmasterTools":{"miscellaneous":""},"og:locale":"pt_PT","og:site_name":"Rucas - One-stop AIoT Distribution Worldwide","og:type":"article","og:title":"Mi Imi EC3 Outdoor Security Camera - Rucas - Wholesale and Distribution","og:description":"Main Features: \u25cf Pan \/ tilt control with dual motors, 270 degree panorama viewing angle \u25cf1080P resolution, shoot high-quality and smooth video \u25cfEhanced dual antennas, strong wireless signal \u25cfNight visionfunction \u25cfTwo-way audio, with internal microphone and speaker \u25cf &quot;Mi Home&quot; APP, downloaded from Google Play or App Store \u25cf Support for Android 4.4 and above, iOS 9.0 and above","og:url":"https:\/\/www.rucashk.com\/pt\/produto\/mi-imi-ec3-outdoor-security-camera\/","og:image":"https:\/\/www.rucashk.com\/wp-content\/uploads\/replace\/503b8e645f128a97ccde2b6290747646.jpeg","og:image:secure_url":"https:\/\/www.rucashk.com\/wp-content\/uploads\/replace\/503b8e645f128a97ccde2b6290747646.jpeg","og:image:width":1456,"og:image:height":816,"article:published_time":"2024-01-09T15:37:43+00:00","article:modified_time":"2024-01-21T10:44:22+00:00","twitter:card":"summary_large_image","twitter:title":"Mi Imi EC3 Outdoor Security Camera - Rucas - Wholesale and Distribution","twitter:description":"Main Features: \u25cf Pan \/ tilt control with dual motors, 270 degree panorama viewing angle \u25cf1080P resolution, shoot high-quality and smooth video \u25cfEhanced dual antennas, strong wireless signal \u25cfNight visionfunction \u25cfTwo-way audio, with internal microphone and speaker \u25cf &quot;Mi Home&quot; APP, downloaded from Google Play or App Store \u25cf Support for Android 4.4 and above, iOS 9.0 and above","twitter:image":"https:\/\/www.rucashk.com\/wp-content\/uploads\/replace\/503b8e645f128a97ccde2b6290747646.jpeg","schema":{"@context":"https:\/\/schema.org","@graph":[{"@type":"BreadcrumbList","@id":"https:\/\/www.rucashk.com\/pt\/produto\/mi-imi-ec3-outdoor-security-camera\/#breadcrumblist","itemListElement":[{"@type":"ListItem","@id":"https:\/\/www.rucashk.com\/pt\/#listItem","position":1,"name":"Home","item":"https:\/\/www.rucashk.com\/pt\/","nextItem":"https:\/\/www.rucashk.com\/pt\/produto\/mi-imi-ec3-outdoor-security-camera\/#listItem"},{"@type":"ListItem","@id":"https:\/\/www.rucashk.com\/pt\/produto\/mi-imi-ec3-outdoor-security-camera\/#listItem","position":2,"name":"Mi Imi EC3 Outdoor Security Camera","previousItem":"https:\/\/www.rucashk.com\/pt\/#listItem"}]},{"@type":"Organization","@id":"https:\/\/www.rucashk.com\/pt\/#organization","name":"Rucas","url":"https:\/\/www.rucashk.com\/pt\/","logo":{"@type":"ImageObject","url":"https:\/\/www.rucashk.com\/wp-content\/uploads\/2023\/12\/Rucas_campany_logo.png","@id":"https:\/\/www.rucashk.com\/pt\/produto\/mi-imi-ec3-outdoor-security-camera\/#organizationLogo","width":221,"height":65},"image":{"@id":"https:\/\/www.rucashk.com\/pt\/#organizationLogo"}},{"@type":"Person","@id":"https:\/\/www.rucashk.com\/pt\/author\/admin\/#author","url":"https:\/\/www.rucashk.com\/pt\/author\/admin\/","name":"admin","image":{"@type":"ImageObject","@id":"https:\/\/www.rucashk.com\/pt\/produto\/mi-imi-ec3-outdoor-security-camera\/#authorImage","url":"https:\/\/secure.gravatar.com\/avatar\/b7c8925b09a27e72b30232f8ecaadbd5af0f70a38c78096863fe51b64f031c24?s=96&d=mm&r=g","width":96,"height":96,"caption":"admin"}},{"@type":"WebPage","@id":"https:\/\/www.rucashk.com\/pt\/produto\/mi-imi-ec3-outdoor-security-camera\/#webpage","url":"https:\/\/www.rucashk.com\/pt\/produto\/mi-imi-ec3-outdoor-security-camera\/","name":"Mi Imi EC3 Outdoor Security Camera - Rucas - Wholesale and Distribution","description":"Main Features: \u25cf Pan \/ tilt control with dual motors, 270 degree panorama viewing angle \u25cf1080P resolution, shoot high-quality and smooth video \u25cfEhanced dual antennas, strong wireless signal \u25cfNight visionfunction \u25cfTwo-way audio, with internal microphone and speaker \u25cf \"Mi Home\" APP, downloaded from Google Play or App Store \u25cf Support for Android 4.4 and above, iOS 9.0 and above","inLanguage":"pt-PT","isPartOf":{"@id":"https:\/\/www.rucashk.com\/pt\/#website"},"breadcrumb":{"@id":"https:\/\/www.rucashk.com\/pt\/produto\/mi-imi-ec3-outdoor-security-camera\/#breadcrumblist"},"author":{"@id":"https:\/\/www.rucashk.com\/pt\/author\/admin\/#author"},"creator":{"@id":"https:\/\/www.rucashk.com\/pt\/author\/admin\/#author"},"image":{"@type":"ImageObject","url":"https:\/\/www.rucashk.com\/wp-content\/uploads\/2024\/01\/58f8876434216387e3f1b58797435e1d.webp_-1.jpg","@id":"https:\/\/www.rucashk.com\/pt\/produto\/mi-imi-ec3-outdoor-security-camera\/#mainImage","width":800,"height":800},"primaryImageOfPage":{"@id":"https:\/\/www.rucashk.com\/pt\/produto\/mi-imi-ec3-outdoor-security-camera\/#mainImage"},"datePublished":"2024-01-09T15:37:43+00:00","dateModified":"2024-01-21T10:44:22+00:00"},{"@type":"WebSite","@id":"https:\/\/www.rucashk.com\/pt\/#website","url":"https:\/\/www.rucashk.com\/pt\/","name":"Rucas - Wholesale and distribution worldwide","alternateName":"Rucas - One-stop AIoT Distribution Worldwide","description":"One-stop AIoT Distribution Worldwide","inLanguage":"pt-PT","publisher":{"@id":"https:\/\/www.rucashk.com\/pt\/#organization"}}]}},"aioseo_meta_data":{"post_id":"21924","title":null,"description":null,"keywords":null,"keyphrases":null,"primary_term":null,"canonical_url":null,"og_title":null,"og_description":null,"og_object_type":"default","og_image_type":"default","og_image_url":null,"og_image_width":null,"og_image_height":null,"og_image_custom_url":null,"og_image_custom_fields":null,"og_video":null,"og_custom_url":null,"og_article_section":null,"og_article_tags":null,"twitter_use_og":false,"twitter_card":"default","twitter_image_type":"default","twitter_image_url":null,"twitter_image_custom_url":null,"twitter_image_custom_fields":null,"twitter_title":null,"twitter_description":null,"schema":{"blockGraphs":[],"customGraphs":[],"default":{"data":{"Article":[],"Course":[],"Dataset":[],"FAQPage":[],"Movie":[],"Person":[],"Product":[],"Recipe":[],"Service":[],"SoftwareApplication":[],"WebPage":[]},"graphName":"","isEnabled":true},"graphs":[]},"schema_type":"default","schema_type_options":null,"pillar_content":false,"robots_default":true,"robots_noindex":false,"robots_noarchive":false,"robots_nosnippet":false,"robots_nofollow":false,"robots_noimageindex":false,"robots_noodp":false,"robots_notranslate":false,"robots_max_snippet":null,"robots_max_videopreview":null,"robots_max_imagepreview":"large","priority":null,"frequency":null,"local_seo":null,"breadcrumb_settings":null,"limit_modified_date":false,"created":"2024-04-11 01:55:21","updated":"2025-06-22 16:32:58"},"aioseo_breadcrumb":"<div class=\"aioseo-breadcrumbs\"><span class=\"aioseo-breadcrumb\">\n\t<a href=\"https:\/\/www.rucashk.com\/pt\" title=\"Home\">Home<\/a>\n<\/span><span class=\"aioseo-breadcrumb-separator\">&raquo;<\/span><span class=\"aioseo-breadcrumb\">\n\t<a href=\"https:\/\/www.rucashk.com\/pt\/products\/\" title=\"Produtos\">Produtos<\/a>\n<\/span><span class=\"aioseo-breadcrumb-separator\">&raquo;<\/span><span class=\"aioseo-breadcrumb\">\n\t<a href=\"https:\/\/www.rucashk.com\/pt\/categoria-produto\/xiaomi-eco\/\" title=\"Xiaomi Eco\">Xiaomi Eco<\/a>\n<\/span><span class=\"aioseo-breadcrumb-separator\">&raquo;<\/span><span class=\"aioseo-breadcrumb\">\n\t<a href=\"https:\/\/www.rucashk.com\/pt\/categoria-produto\/xiaomi-eco\/imilab-camera\/\" title=\"Imilab Camera\">Imilab Camera<\/a>\n<\/span><span class=\"aioseo-breadcrumb-separator\">&raquo;<\/span><span class=\"aioseo-breadcrumb\">\n\tMi Imi EC3 Outdoor Security Camera\n<\/span><\/div>","aioseo_breadcrumb_json":[{"label":"Home","link":"https:\/\/www.rucashk.com\/pt"},{"label":"Produtos","link":"https:\/\/www.rucashk.com\/pt\/products\/"},{"label":"Xiaomi Eco","link":"https:\/\/www.rucashk.com\/pt\/categoria-produto\/xiaomi-eco\/"},{"label":"Imilab Camera","link":"https:\/\/www.rucashk.com\/pt\/categoria-produto\/xiaomi-eco\/imilab-camera\/"},{"label":"Mi Imi EC3 Outdoor Security Camera","link":"https:\/\/www.rucashk.com\/pt\/produto\/mi-imi-ec3-outdoor-security-camera\/"}],"_links":{"self":[{"href":"https:\/\/www.rucashk.com\/pt\/wp-json\/wp\/v2\/product\/21924","targetHints":{"allow":["GET"]}}],"collection":[{"href":"https:\/\/www.rucashk.com\/pt\/wp-json\/wp\/v2\/product"}],"about":[{"href":"https:\/\/www.rucashk.com\/pt\/wp-json\/wp\/v2\/types\/product"}],"wp:featuredmedia":[{"embeddable":true,"href":"https:\/\/www.rucashk.com\/pt\/wp-json\/wp\/v2\/media\/22060"}],"wp:attachment":[{"href":"https:\/\/www.rucashk.com\/pt\/wp-json\/wp\/v2\/media?parent=21924"}],"wp:term":[{"taxonomy":"product_brand","embeddable":true,"href":"https:\/\/www.rucashk.com\/pt\/wp-json\/wp\/v2\/product_brand?post=21924"},{"taxonomy":"product_cat","embeddable":true,"href":"https:\/\/www.rucashk.com\/pt\/wp-json\/wp\/v2\/product_cat?post=21924"},{"taxonomy":"product_tag","embeddable":true,"href":"https:\/\/www.rucashk.com\/pt\/wp-json\/wp\/v2\/product_tag?post=21924"}],"curies":[{"name":"wp","href":"https:\/\/api.w.org\/{rel}","templated":true}]}}