{"id":21897,"date":"2024-01-09T15:37:18","date_gmt":"2024-01-09T15:37:18","guid":{"rendered":"http:\/\/rucashk.com\/?post_type=product&#038;p=21897"},"modified":"2024-03-12T07:51:11","modified_gmt":"2024-03-12T07:51:11","slug":"roborock-dreame-v10-cordless-vacuum","status":"publish","type":"product","link":"https:\/\/www.rucashk.com\/pt\/produto\/roborock-dreame-v10-cordless-vacuum\/","title":{"rendered":"Aspirador sem fio Dreame V10"},"content":{"rendered":"<div class=\"detailmodule_text\">\n<div class=\"detailmodule_image\"><img fetchpriority=\"high\" decoding=\"async\" class=\"detail-desc-decorate-image aligncenter\" src=\"\/wp-content\/uploads\/replace\/ea88aaba178d2226c54d2ad8588e17dd.jpeg\" alt=\"Dreame V10 Cordless Vacuum\" width=\"960\" height=\"1718\" data-spm-anchor-id=\"a2g0o.detail.1000023.i3.7cb2795aCNrlyp\" \/><img decoding=\"async\" class=\"detail-desc-decorate-image aligncenter\" src=\"\/wp-content\/uploads\/replace\/2bcff7817d1621a74a08c5a9dfd04d9c.jpeg\" alt=\"Dreame V10 Cordless Vacuum\" width=\"960\" height=\"1681\" \/><img decoding=\"async\" class=\"detail-desc-decorate-image aligncenter\" src=\"\/wp-content\/uploads\/replace\/a9bfc11a4b88dd63846fcbe59baa9b9b.jpeg\" alt=\"Dreame V10 Cordless Vacuum\" width=\"960\" height=\"1748\" \/><img loading=\"lazy\" decoding=\"async\" class=\"detail-desc-decorate-image aligncenter\" src=\"\/wp-content\/uploads\/replace\/5aaae5f525a9f0fe1cdf13770cdbadd4.jpeg\" alt=\"Dreame V10 Cordless Vacuum\" width=\"960\" height=\"1514\" \/><img loading=\"lazy\" decoding=\"async\" class=\"detail-desc-decorate-image aligncenter\" src=\"\/wp-content\/uploads\/replace\/0e19708e8a9d259eafac9f0d1254019e.jpeg\" alt=\"Dreame V10 Cordless Vacuum\" width=\"960\" height=\"1239\" \/><img loading=\"lazy\" decoding=\"async\" class=\"detail-desc-decorate-image aligncenter\" src=\"\/wp-content\/uploads\/replace\/02702cdb78920596d49496e8ae751f8e.jpeg\" alt=\"Dreame V10 Cordless Vacuum\" width=\"960\" height=\"994\" \/><img loading=\"lazy\" decoding=\"async\" class=\"detail-desc-decorate-image aligncenter\" src=\"\/wp-content\/uploads\/replace\/910ab236da44f2c5d281e0390185dce2.jpeg\" alt=\"Dreame V10 Cordless Vacuum\" width=\"960\" height=\"1730\" \/><\/div>\n<div class=\"detailmodule_image\" style=\"text-align: center\"><img loading=\"lazy\" decoding=\"async\" class=\"detail-desc-decorate-image alignnone\" src=\"\/wp-content\/uploads\/replace\/beddb23094d2e7d353fe28ffcf24ea63.jpeg\" alt=\"Dreame V10 Cordless Vacuum\" width=\"960\" height=\"1481\" \/><img loading=\"lazy\" decoding=\"async\" class=\"detail-desc-decorate-image alignnone\" src=\"\/wp-content\/uploads\/replace\/e17acc5f102c6dd4a48a8a96a33afcbf.jpeg\" alt=\"Dreame V10 Cordless Vacuum\" width=\"960\" height=\"1628\" \/><img loading=\"lazy\" decoding=\"async\" class=\"detail-desc-decorate-image alignnone\" src=\"\/wp-content\/uploads\/replace\/7ff1287cdcacd6b91f36c2db05cc2813.jpeg\" alt=\"Dreame V10 Cordless Vacuum\" width=\"960\" height=\"1831\" \/><img loading=\"lazy\" decoding=\"async\" class=\"detail-desc-decorate-image alignnone\" src=\"\/wp-content\/uploads\/replace\/56d0f71bd8ee7c943783681abf834d1f.jpeg\" alt=\"Dreame V10 Cordless Vacuum\" width=\"960\" height=\"1534\" \/><img loading=\"lazy\" decoding=\"async\" class=\"detail-desc-decorate-image alignnone\" src=\"\/wp-content\/uploads\/replace\/33f84212c15942a8456c708c6b1ad11d.jpeg\" alt=\"Dreame V10 Cordless Vacuum\" width=\"960\" height=\"1913\" \/><img loading=\"lazy\" decoding=\"async\" class=\"detail-desc-decorate-image alignnone\" src=\"\/wp-content\/uploads\/replace\/5a7d2cf265787ad783e87982ff8de28b.jpeg\" alt=\"Dreame V10 Cordless Vacuum\" width=\"960\" height=\"1410\" \/><img loading=\"lazy\" decoding=\"async\" class=\"detail-desc-decorate-image alignnone\" src=\"\/wp-content\/uploads\/replace\/34844bb3d271139fcbca57c664b5b60d.jpeg\" alt=\"Dreame V10 Cordless Vacuum\" width=\"960\" height=\"1555\" \/><img loading=\"lazy\" decoding=\"async\" class=\"detail-desc-decorate-image alignnone\" src=\"\/wp-content\/uploads\/replace\/e24ddb31f6ce35a67b996b8dcd4baddf.jpeg\" alt=\"Dreame V10 Cordless Vacuum\" width=\"960\" height=\"1399\" \/><\/div>\n<div class=\"detailmodule_image\" style=\"text-align: center\"><img loading=\"lazy\" decoding=\"async\" class=\"detail-desc-decorate-image alignnone\" src=\"\/wp-content\/uploads\/replace\/1a85cdfef6914715bc84325897e20cdf.jpeg\" alt=\"Dreame V10 Cordless Vacuum\" width=\"960\" height=\"1399\" \/><img loading=\"lazy\" decoding=\"async\" class=\"detail-desc-decorate-image alignnone\" src=\"\/wp-content\/uploads\/replace\/05e7691eef74b2013c7a92bbf368f721.jpeg\" alt=\"Dreame V10 Cordless Vacuum\" width=\"960\" height=\"1125\" \/><img loading=\"lazy\" decoding=\"async\" class=\"detail-desc-decorate-image alignnone\" src=\"\/wp-content\/uploads\/replace\/278f4f53480685039c2f12c1d227e232.jpeg\" alt=\"Dreame V10 Cordless Vacuum\" width=\"960\" height=\"1418\" \/><img loading=\"lazy\" decoding=\"async\" class=\"detail-desc-decorate-image alignnone\" src=\"\/wp-content\/uploads\/replace\/b60c74c8c05d558a7b3ec63ce49cd0f1.jpeg\" alt=\"Dreame V10 Cordless Vacuum\" width=\"960\" height=\"1655\" \/><img loading=\"lazy\" decoding=\"async\" class=\"detail-desc-decorate-image alignnone\" src=\"\/wp-content\/uploads\/replace\/50c627215f6f39d9dc223cc598a4a794.jpeg\" alt=\"Dreame V10 Cordless Vacuum\" width=\"960\" height=\"2129\" \/><img loading=\"lazy\" decoding=\"async\" class=\"detail-desc-decorate-image alignnone\" src=\"\/wp-content\/uploads\/replace\/6039c94ecafc012624cb259d51d9cd4d.jpeg\" alt=\"Dreame V10 Cordless Vacuum\" width=\"960\" height=\"1760\" \/><img loading=\"lazy\" decoding=\"async\" class=\"detail-desc-decorate-image alignnone\" src=\"\/wp-content\/uploads\/replace\/2d99cfa78e9e45bd2ab3325dd3bc3e7b.jpeg\" alt=\"Dreame V10 Cordless Vacuum\" width=\"960\" height=\"1579\" \/><img loading=\"lazy\" decoding=\"async\" class=\"detail-desc-decorate-image alignnone\" src=\"\/wp-content\/uploads\/replace\/2d440a2f3854f8572450540f79a522a2.jpeg\" alt=\"Dreame V10 Cordless Vacuum\" width=\"960\" height=\"1779\" \/><\/div>\n<p class=\"detail-desc-decorate-title\" style=\"text-align: center\">Especifica\u00e7\u00e3o principal<\/p>\n<p class=\"detail-desc-decorate-content\" style=\"text-align: center\">* Pot\u00eancia nominal: 450W<\/p>\n<p class=\"detail-desc-decorate-content\" style=\"text-align: center\">* Pot\u00eancia de suc\u00e7\u00e3o: 140 AW<\/p>\n<p class=\"detail-desc-decorate-content\" style=\"text-align: center\">* Grau de v\u00e1cuo: 22.000Pa<\/p>\n<p class=\"detail-desc-decorate-content\" style=\"text-align: center\">* Capacidade do coletor de p\u00f3: 0,5L<\/p>\n<p class=\"detail-desc-decorate-content\" style=\"text-align: center\">* Capacidade da bateria: 2500mAh<\/p>\n<p class=\"detail-desc-decorate-content\" style=\"text-align: center\">* C\u00e9lulas de bateria n\u00ba: 7<\/p>\n<p class=\"detail-desc-decorate-content\" style=\"text-align: center\">* Peso do corpo principal: 1,5kg<\/p>\n<\/div>","protected":false},"excerpt":{"rendered":"<p class=\"detail-desc-decorate-title\" data-spm-anchor-id=\"a2g0o.detail.1000023.i0.7cb2795aCNrlyp\">Principais caracter\u00edsticas:<\/p>\n<p class=\"detail-desc-decorate-content\">*Motor digital sem escova de alta velocidade de 100.000 rpm<\/p>\n<p class=\"detail-desc-decorate-content\">* Sistema de Separa\u00e7\u00e3o Cicl\u00f4nica Multi-cone<\/p>\n<p class=\"detail-desc-decorate-content\">* Suc\u00e7\u00e3o sem desbotamento<\/p>\n<p class=\"detail-desc-decorate-content\">* Aponte e dispare para esvaziar a lixeira<\/p>\n<p class=\"detail-desc-decorate-content\">* Tr\u00eas modos opcionais<\/p>\n<p class=\"detail-desc-decorate-content\">* Cabe\u00e7a de limpeza m\u00faltipla opcional; Limpeza vers\u00e1til<\/p>\n<p class=\"detail-desc-decorate-content\">* A mangueira de extens\u00e3o de libera\u00e7\u00e3o r\u00e1pida facilita a limpeza do carro ou canto<\/p>","protected":false},"featured_media":22035,"template":"","meta":[],"product_brand":[],"product_cat":[1341,1305],"product_tag":[615,524],"class_list":{"0":"post-21897","1":"product","2":"type-product","3":"status-publish","4":"has-post-thumbnail","6":"product_cat-others","7":"product_cat-xiaomi-eco","8":"product_tag-roborock-dreame-v10","9":"product_tag-vacuum","11":"first","12":"instock","13":"shipping-taxable","14":"product-type-external"},"aioseo_notices":[],"aioseo_head":"\n\t\t<!-- All in One SEO Pro 4.5.9.2 - aioseo.com -->\n\t\t<meta name=\"description\" content=\"Main Features: *100,000rpm High-speed Brushless Digital Motor * Multi-cone Cyclonic Separation System * Fade-free Suction * Point-and-shootto Empty Dust Bin * Three Modes Optional * Multi Cleaning Head Optional\uff1b Versatile Cleaning * Quick-release Extension Hose makess it easy to clean car or corner\" \/>\n\t\t<meta name=\"robots\" content=\"max-image-preview:large\" \/>\n\t\t<link rel=\"canonical\" href=\"https:\/\/www.rucashk.com\/pt\/produto\/roborock-dreame-v10-cordless-vacuum\/\" \/>\n\t\t<meta name=\"generator\" content=\"All in One SEO Pro (AIOSEO) 4.5.9.2\" \/>\n\t\t<meta property=\"og:locale\" content=\"pt_PT\" \/>\n\t\t<meta property=\"og:site_name\" content=\"Rucas - One-stop AIoT Distribution Worldwide\" \/>\n\t\t<meta property=\"og:type\" content=\"article\" \/>\n\t\t<meta property=\"og:title\" content=\"Dreame V10 Cordless Vacuum - Rucas - Wholesale and Distribution\" \/>\n\t\t<meta property=\"og:description\" content=\"Main Features: *100,000rpm High-speed Brushless Digital Motor * Multi-cone Cyclonic Separation System * Fade-free Suction * Point-and-shootto Empty Dust Bin * Three Modes Optional * Multi Cleaning Head Optional\uff1b Versatile Cleaning * Quick-release Extension Hose makess it easy to clean car or corner\" \/>\n\t\t<meta property=\"og:url\" content=\"https:\/\/www.rucashk.com\/pt\/produto\/roborock-dreame-v10-cordless-vacuum\/\" \/>\n\t\t<meta property=\"og:image\" content=\"https:\/\/www.rucashk.com\/wp-content\/uploads\/replace\/503b8e645f128a97ccde2b6290747646.jpeg\" \/>\n\t\t<meta property=\"og:image:secure_url\" content=\"https:\/\/www.rucashk.com\/wp-content\/uploads\/replace\/503b8e645f128a97ccde2b6290747646.jpeg\" \/>\n\t\t<meta property=\"og:image:width\" content=\"1456\" \/>\n\t\t<meta property=\"og:image:height\" content=\"816\" \/>\n\t\t<meta property=\"article:published_time\" content=\"2024-01-09T15:37:18+00:00\" \/>\n\t\t<meta property=\"article:modified_time\" content=\"2024-03-12T07:51:11+00:00\" \/>\n\t\t<meta name=\"twitter:card\" content=\"summary_large_image\" \/>\n\t\t<meta name=\"twitter:title\" content=\"Dreame V10 Cordless Vacuum - Rucas - Wholesale and Distribution\" \/>\n\t\t<meta name=\"twitter:description\" content=\"Main Features: *100,000rpm High-speed Brushless Digital Motor * Multi-cone Cyclonic Separation System * Fade-free Suction * Point-and-shootto Empty Dust Bin * Three Modes Optional * Multi Cleaning Head Optional\uff1b Versatile Cleaning * Quick-release Extension Hose makess it easy to clean car or corner\" \/>\n\t\t<meta name=\"twitter:image\" content=\"https:\/\/www.rucashk.com\/wp-content\/uploads\/replace\/503b8e645f128a97ccde2b6290747646.jpeg\" \/>\n\t\t<script type=\"application\/ld+json\" class=\"aioseo-schema\">\n\t\t\t{\"@context\":\"https:\\\/\\\/schema.org\",\"@graph\":[{\"@type\":\"BreadcrumbList\",\"@id\":\"https:\\\/\\\/www.rucashk.com\\\/pt\\\/produto\\\/roborock-dreame-v10-cordless-vacuum\\\/#breadcrumblist\",\"itemListElement\":[{\"@type\":\"ListItem\",\"@id\":\"https:\\\/\\\/www.rucashk.com\\\/pt\\\/#listItem\",\"position\":1,\"name\":\"Home\",\"item\":\"https:\\\/\\\/www.rucashk.com\\\/pt\\\/\",\"nextItem\":\"https:\\\/\\\/www.rucashk.com\\\/pt\\\/produto\\\/roborock-dreame-v10-cordless-vacuum\\\/#listItem\"},{\"@type\":\"ListItem\",\"@id\":\"https:\\\/\\\/www.rucashk.com\\\/pt\\\/produto\\\/roborock-dreame-v10-cordless-vacuum\\\/#listItem\",\"position\":2,\"name\":\"Dreame V10 Cordless Vacuum\",\"previousItem\":\"https:\\\/\\\/www.rucashk.com\\\/pt\\\/#listItem\"}]},{\"@type\":\"Organization\",\"@id\":\"https:\\\/\\\/www.rucashk.com\\\/pt\\\/#organization\",\"name\":\"Rucas\",\"url\":\"https:\\\/\\\/www.rucashk.com\\\/pt\\\/\",\"logo\":{\"@type\":\"ImageObject\",\"url\":\"https:\\\/\\\/www.rucashk.com\\\/wp-content\\\/uploads\\\/2023\\\/12\\\/Rucas_campany_logo.png\",\"@id\":\"https:\\\/\\\/www.rucashk.com\\\/pt\\\/produto\\\/roborock-dreame-v10-cordless-vacuum\\\/#organizationLogo\",\"width\":221,\"height\":65},\"image\":{\"@id\":\"https:\\\/\\\/www.rucashk.com\\\/pt\\\/#organizationLogo\"}},{\"@type\":\"Person\",\"@id\":\"https:\\\/\\\/www.rucashk.com\\\/pt\\\/author\\\/admin\\\/#author\",\"url\":\"https:\\\/\\\/www.rucashk.com\\\/pt\\\/author\\\/admin\\\/\",\"name\":\"admin\",\"image\":{\"@type\":\"ImageObject\",\"@id\":\"https:\\\/\\\/www.rucashk.com\\\/pt\\\/produto\\\/roborock-dreame-v10-cordless-vacuum\\\/#authorImage\",\"url\":\"https:\\\/\\\/secure.gravatar.com\\\/avatar\\\/b7c8925b09a27e72b30232f8ecaadbd5af0f70a38c78096863fe51b64f031c24?s=96&d=mm&r=g\",\"width\":96,\"height\":96,\"caption\":\"admin\"}},{\"@type\":\"WebPage\",\"@id\":\"https:\\\/\\\/www.rucashk.com\\\/pt\\\/produto\\\/roborock-dreame-v10-cordless-vacuum\\\/#webpage\",\"url\":\"https:\\\/\\\/www.rucashk.com\\\/pt\\\/produto\\\/roborock-dreame-v10-cordless-vacuum\\\/\",\"name\":\"Dreame V10 Cordless Vacuum - Rucas - Wholesale and Distribution\",\"description\":\"Main Features: *100,000rpm High-speed Brushless Digital Motor * Multi-cone Cyclonic Separation System * Fade-free Suction * Point-and-shootto Empty Dust Bin * Three Modes Optional * Multi Cleaning Head Optional\\uff1b Versatile Cleaning * Quick-release Extension Hose makess it easy to clean car or corner\",\"inLanguage\":\"pt-PT\",\"isPartOf\":{\"@id\":\"https:\\\/\\\/www.rucashk.com\\\/pt\\\/#website\"},\"breadcrumb\":{\"@id\":\"https:\\\/\\\/www.rucashk.com\\\/pt\\\/produto\\\/roborock-dreame-v10-cordless-vacuum\\\/#breadcrumblist\"},\"author\":{\"@id\":\"https:\\\/\\\/www.rucashk.com\\\/pt\\\/author\\\/admin\\\/#author\"},\"creator\":{\"@id\":\"https:\\\/\\\/www.rucashk.com\\\/pt\\\/author\\\/admin\\\/#author\"},\"image\":{\"@type\":\"ImageObject\",\"url\":\"https:\\\/\\\/www.rucashk.com\\\/wp-content\\\/uploads\\\/2024\\\/01\\\/Dreame-V10-Boreas-Vacuum-Cleaner-Handheld-Portable-Cordless-Floor-Carpet-Dust-Collector-22KPa-Upgrade-of-V9P-1.jpg_640x640-1.jpg\",\"@id\":\"https:\\\/\\\/www.rucashk.com\\\/pt\\\/produto\\\/roborock-dreame-v10-cordless-vacuum\\\/#mainImage\",\"width\":800,\"height\":800},\"primaryImageOfPage\":{\"@id\":\"https:\\\/\\\/www.rucashk.com\\\/pt\\\/produto\\\/roborock-dreame-v10-cordless-vacuum\\\/#mainImage\"},\"datePublished\":\"2024-01-09T15:37:18+00:00\",\"dateModified\":\"2024-03-12T07:51:11+00:00\"},{\"@type\":\"WebSite\",\"@id\":\"https:\\\/\\\/www.rucashk.com\\\/pt\\\/#website\",\"url\":\"https:\\\/\\\/www.rucashk.com\\\/pt\\\/\",\"name\":\"Rucas - Wholesale and distribution worldwide\",\"alternateName\":\"Rucas - One-stop AIoT Distribution Worldwide\",\"description\":\"One-stop AIoT Distribution Worldwide\",\"inLanguage\":\"pt-PT\",\"publisher\":{\"@id\":\"https:\\\/\\\/www.rucashk.com\\\/pt\\\/#organization\"}}]}\n\t\t<\/script>\n\t\t<!-- All in One SEO Pro -->\r\n\t\t<title>Dreame V10 Cordless Vacuum - Rucas - Wholesale and Distribution<\/title>\n\n","aioseo_head_json":{"title":"Dreame V10 Cordless Vacuum - Rucas - Wholesale and Distribution","description":"Main Features: *100,000rpm High-speed Brushless Digital Motor * Multi-cone Cyclonic Separation System * Fade-free Suction * Point-and-shootto Empty Dust Bin * Three Modes Optional * Multi Cleaning Head Optional\uff1b Versatile Cleaning * Quick-release Extension Hose makess it easy to clean car or corner","canonical_url":"https:\/\/www.rucashk.com\/pt\/produto\/roborock-dreame-v10-cordless-vacuum\/","robots":"max-image-preview:large","keywords":"","webmasterTools":{"miscellaneous":""},"og:locale":"pt_PT","og:site_name":"Rucas - One-stop AIoT Distribution Worldwide","og:type":"article","og:title":"Dreame V10 Cordless Vacuum - Rucas - Wholesale and Distribution","og:description":"Main Features: *100,000rpm High-speed Brushless Digital Motor * Multi-cone Cyclonic Separation System * Fade-free Suction * Point-and-shootto Empty Dust Bin * Three Modes Optional * Multi Cleaning Head Optional\uff1b Versatile Cleaning * Quick-release Extension Hose makess it easy to clean car or corner","og:url":"https:\/\/www.rucashk.com\/pt\/produto\/roborock-dreame-v10-cordless-vacuum\/","og:image":"https:\/\/www.rucashk.com\/wp-content\/uploads\/replace\/503b8e645f128a97ccde2b6290747646.jpeg","og:image:secure_url":"https:\/\/www.rucashk.com\/wp-content\/uploads\/replace\/503b8e645f128a97ccde2b6290747646.jpeg","og:image:width":1456,"og:image:height":816,"article:published_time":"2024-01-09T15:37:18+00:00","article:modified_time":"2024-03-12T07:51:11+00:00","twitter:card":"summary_large_image","twitter:title":"Dreame V10 Cordless Vacuum - Rucas - Wholesale and Distribution","twitter:description":"Main Features: *100,000rpm High-speed Brushless Digital Motor * Multi-cone Cyclonic Separation System * Fade-free Suction * Point-and-shootto Empty Dust Bin * Three Modes Optional * Multi Cleaning Head Optional\uff1b Versatile Cleaning * Quick-release Extension Hose makess it easy to clean car or corner","twitter:image":"https:\/\/www.rucashk.com\/wp-content\/uploads\/replace\/503b8e645f128a97ccde2b6290747646.jpeg","schema":{"@context":"https:\/\/schema.org","@graph":[{"@type":"BreadcrumbList","@id":"https:\/\/www.rucashk.com\/pt\/produto\/roborock-dreame-v10-cordless-vacuum\/#breadcrumblist","itemListElement":[{"@type":"ListItem","@id":"https:\/\/www.rucashk.com\/pt\/#listItem","position":1,"name":"Home","item":"https:\/\/www.rucashk.com\/pt\/","nextItem":"https:\/\/www.rucashk.com\/pt\/produto\/roborock-dreame-v10-cordless-vacuum\/#listItem"},{"@type":"ListItem","@id":"https:\/\/www.rucashk.com\/pt\/produto\/roborock-dreame-v10-cordless-vacuum\/#listItem","position":2,"name":"Dreame V10 Cordless Vacuum","previousItem":"https:\/\/www.rucashk.com\/pt\/#listItem"}]},{"@type":"Organization","@id":"https:\/\/www.rucashk.com\/pt\/#organization","name":"Rucas","url":"https:\/\/www.rucashk.com\/pt\/","logo":{"@type":"ImageObject","url":"https:\/\/www.rucashk.com\/wp-content\/uploads\/2023\/12\/Rucas_campany_logo.png","@id":"https:\/\/www.rucashk.com\/pt\/produto\/roborock-dreame-v10-cordless-vacuum\/#organizationLogo","width":221,"height":65},"image":{"@id":"https:\/\/www.rucashk.com\/pt\/#organizationLogo"}},{"@type":"Person","@id":"https:\/\/www.rucashk.com\/pt\/author\/admin\/#author","url":"https:\/\/www.rucashk.com\/pt\/author\/admin\/","name":"admin","image":{"@type":"ImageObject","@id":"https:\/\/www.rucashk.com\/pt\/produto\/roborock-dreame-v10-cordless-vacuum\/#authorImage","url":"https:\/\/secure.gravatar.com\/avatar\/b7c8925b09a27e72b30232f8ecaadbd5af0f70a38c78096863fe51b64f031c24?s=96&d=mm&r=g","width":96,"height":96,"caption":"admin"}},{"@type":"WebPage","@id":"https:\/\/www.rucashk.com\/pt\/produto\/roborock-dreame-v10-cordless-vacuum\/#webpage","url":"https:\/\/www.rucashk.com\/pt\/produto\/roborock-dreame-v10-cordless-vacuum\/","name":"Dreame V10 Cordless Vacuum - Rucas - Wholesale and Distribution","description":"Main Features: *100,000rpm High-speed Brushless Digital Motor * Multi-cone Cyclonic Separation System * Fade-free Suction * Point-and-shootto Empty Dust Bin * Three Modes Optional * Multi Cleaning Head Optional\uff1b Versatile Cleaning * Quick-release Extension Hose makess it easy to clean car or corner","inLanguage":"pt-PT","isPartOf":{"@id":"https:\/\/www.rucashk.com\/pt\/#website"},"breadcrumb":{"@id":"https:\/\/www.rucashk.com\/pt\/produto\/roborock-dreame-v10-cordless-vacuum\/#breadcrumblist"},"author":{"@id":"https:\/\/www.rucashk.com\/pt\/author\/admin\/#author"},"creator":{"@id":"https:\/\/www.rucashk.com\/pt\/author\/admin\/#author"},"image":{"@type":"ImageObject","url":"https:\/\/www.rucashk.com\/wp-content\/uploads\/2024\/01\/Dreame-V10-Boreas-Vacuum-Cleaner-Handheld-Portable-Cordless-Floor-Carpet-Dust-Collector-22KPa-Upgrade-of-V9P-1.jpg_640x640-1.jpg","@id":"https:\/\/www.rucashk.com\/pt\/produto\/roborock-dreame-v10-cordless-vacuum\/#mainImage","width":800,"height":800},"primaryImageOfPage":{"@id":"https:\/\/www.rucashk.com\/pt\/produto\/roborock-dreame-v10-cordless-vacuum\/#mainImage"},"datePublished":"2024-01-09T15:37:18+00:00","dateModified":"2024-03-12T07:51:11+00:00"},{"@type":"WebSite","@id":"https:\/\/www.rucashk.com\/pt\/#website","url":"https:\/\/www.rucashk.com\/pt\/","name":"Rucas - Wholesale and distribution worldwide","alternateName":"Rucas - One-stop AIoT Distribution Worldwide","description":"One-stop AIoT Distribution Worldwide","inLanguage":"pt-PT","publisher":{"@id":"https:\/\/www.rucashk.com\/pt\/#organization"}}]}},"aioseo_meta_data":{"post_id":"21897","title":null,"description":null,"keywords":null,"keyphrases":null,"primary_term":null,"canonical_url":null,"og_title":null,"og_description":null,"og_object_type":"default","og_image_type":"default","og_image_url":null,"og_image_width":null,"og_image_height":null,"og_image_custom_url":null,"og_image_custom_fields":null,"og_video":null,"og_custom_url":null,"og_article_section":null,"og_article_tags":null,"twitter_use_og":false,"twitter_card":"default","twitter_image_type":"default","twitter_image_url":null,"twitter_image_custom_url":null,"twitter_image_custom_fields":null,"twitter_title":null,"twitter_description":null,"schema":{"blockGraphs":[],"customGraphs":[],"default":{"data":{"Article":[],"Course":[],"Dataset":[],"FAQPage":[],"Movie":[],"Person":[],"Product":[],"Recipe":[],"Service":[],"SoftwareApplication":[],"WebPage":[]},"graphName":"","isEnabled":true},"graphs":[]},"schema_type":"default","schema_type_options":null,"pillar_content":false,"robots_default":true,"robots_noindex":false,"robots_noarchive":false,"robots_nosnippet":false,"robots_nofollow":false,"robots_noimageindex":false,"robots_noodp":false,"robots_notranslate":false,"robots_max_snippet":null,"robots_max_videopreview":null,"robots_max_imagepreview":"large","priority":null,"frequency":null,"local_seo":null,"breadcrumb_settings":null,"limit_modified_date":false,"created":"2024-04-11 01:55:21","updated":"2025-06-22 16:32:58"},"aioseo_breadcrumb":"<div class=\"aioseo-breadcrumbs\"><span class=\"aioseo-breadcrumb\">\n\t<a href=\"https:\/\/www.rucashk.com\/pt\" title=\"Home\">Home<\/a>\n<\/span><span class=\"aioseo-breadcrumb-separator\">&raquo;<\/span><span class=\"aioseo-breadcrumb\">\n\t<a href=\"https:\/\/www.rucashk.com\/pt\/products\/\" title=\"Produtos\">Produtos<\/a>\n<\/span><span class=\"aioseo-breadcrumb-separator\">&raquo;<\/span><span class=\"aioseo-breadcrumb\">\n\t<a href=\"https:\/\/www.rucashk.com\/pt\/categoria-produto\/xiaomi-eco\/\" title=\"Xiaomi Eco\">Xiaomi Eco<\/a>\n<\/span><span class=\"aioseo-breadcrumb-separator\">&raquo;<\/span><span class=\"aioseo-breadcrumb\">\n\t<a href=\"https:\/\/www.rucashk.com\/pt\/categoria-produto\/xiaomi-eco\/others\/\" title=\"Others\">Others<\/a>\n<\/span><span class=\"aioseo-breadcrumb-separator\">&raquo;<\/span><span class=\"aioseo-breadcrumb\">\n\tDreame V10 Cordless Vacuum\n<\/span><\/div>","aioseo_breadcrumb_json":[{"label":"Home","link":"https:\/\/www.rucashk.com\/pt"},{"label":"Produtos","link":"https:\/\/www.rucashk.com\/pt\/products\/"},{"label":"Xiaomi Eco","link":"https:\/\/www.rucashk.com\/pt\/categoria-produto\/xiaomi-eco\/"},{"label":"Others","link":"https:\/\/www.rucashk.com\/pt\/categoria-produto\/xiaomi-eco\/others\/"},{"label":"Dreame V10 Cordless Vacuum","link":"https:\/\/www.rucashk.com\/pt\/produto\/roborock-dreame-v10-cordless-vacuum\/"}],"_links":{"self":[{"href":"https:\/\/www.rucashk.com\/pt\/wp-json\/wp\/v2\/product\/21897","targetHints":{"allow":["GET"]}}],"collection":[{"href":"https:\/\/www.rucashk.com\/pt\/wp-json\/wp\/v2\/product"}],"about":[{"href":"https:\/\/www.rucashk.com\/pt\/wp-json\/wp\/v2\/types\/product"}],"wp:featuredmedia":[{"embeddable":true,"href":"https:\/\/www.rucashk.com\/pt\/wp-json\/wp\/v2\/media\/22035"}],"wp:attachment":[{"href":"https:\/\/www.rucashk.com\/pt\/wp-json\/wp\/v2\/media?parent=21897"}],"wp:term":[{"taxonomy":"product_brand","embeddable":true,"href":"https:\/\/www.rucashk.com\/pt\/wp-json\/wp\/v2\/product_brand?post=21897"},{"taxonomy":"product_cat","embeddable":true,"href":"https:\/\/www.rucashk.com\/pt\/wp-json\/wp\/v2\/product_cat?post=21897"},{"taxonomy":"product_tag","embeddable":true,"href":"https:\/\/www.rucashk.com\/pt\/wp-json\/wp\/v2\/product_tag?post=21897"}],"curies":[{"name":"wp","href":"https:\/\/api.w.org\/{rel}","templated":true}]}}