{"id":21869,"date":"2024-01-09T15:36:52","date_gmt":"2024-01-09T15:36:52","guid":{"rendered":"http:\/\/rucashk.com\/?post_type=product&#038;p=21869"},"modified":"2024-03-11T08:13:14","modified_gmt":"2024-03-11T08:13:14","slug":"huawei-mate-30-5g-kirin-990","status":"publish","type":"product","link":"https:\/\/www.rucashk.com\/pt\/produto\/huawei-mate-30-5g-kirin-990\/","title":{"rendered":"Huawei Mate 30 5G Kirin 990"},"content":{"rendered":"<p><a class=\"\" style=\"width: auto !important\" href=\"https:\/\/www.rucashk.com\/pt\/produto\/huawei-mate-30-pro-5g\/\" data-wpil-post-to-id=\"5720\">A Huawei lan\u00e7ou hoje oficialmente o Mate 30 e Mate 30 Pro<\/a> em Munique, Alemanha, sem a Google Play Store.<br \/>\nAt\u00e9 agora, os canadenses que esperavam por ajuda n\u00e3o tiveram sorte.<\/p>\n<p><a class=\"\" style=\"width: auto !important\" href=\"https:\/\/www.rucashk.com\/pt\/top-10-mobile-phone-manufacturers-again-refresh-xiaomi-4th-huawei-2nd-one-black-horse-come-out\/\" data-wpil-post-to-id=\"2937\">Huawei tem dois telefones principais paralelos<\/a> linhas com tempos de lan\u00e7amento escalonados.<br \/>\n<a class=\"\" style=\"width: auto !important\" href=\"https:\/\/www.rucashk.com\/pt\/huawei-x90-360-sweeper-review-and-test-can-map-smartly-and-accurately\/\" data-wpil-post-to-id=\"6894\">A s\u00e9rie companheira da Huawei com a mais recente tecnologia inovadora da Huawei pode ser considerada um teste<\/a> cama para tecnologia de ponta.<br \/>\nPor outro lado, a s\u00e9rie Huawei P (P para fotografia) coloca o desempenho da c\u00e2mera em primeiro lugar.<\/p>\n<p style=\"text-align: center\"><a class=\"thumbnail\" href=\"\/wp-content\/uploads\/replace\/a3e43502926f34a4d5ee7b9e7c87f27a.jpeg\"><img fetchpriority=\"high\" decoding=\"async\" class=\"aligncenter wp-image-422038\" src=\"\/wp-content\/uploads\/replace\/a3e43502926f34a4d5ee7b9e7c87f27a.jpeg\" alt=\"Huawei Mate 30\" width=\"600\" height=\"515\" \/><\/a><\/p>\n<p style=\"text-align: center\">Ambos da Huawei <a class=\"\" style=\"width: auto !important\" href=\"https:\/\/www.rucashk.com\/pt\/produto\/huawei-mate-30-pro\/\" data-wpil-post-to-id=\"5756\">Mate 30 Pro e Mate 30 t\u00eam 5G<\/a> e variantes 4G.<\/p>\n<h3 style=\"text-align: center\"><em><span class=\"skip\"> <a data-keyword=\"display\">mostrar<\/a><\/span><\/em><\/h3>\n<p style=\"text-align: center\">O <a class=\"\" style=\"width: auto !important\" href=\"https:\/\/www.rucashk.com\/pt\/produto\/huawei-mate-30-pro-5g\/\" data-wpil-post-to-id=\"5720\">Companheiro 30 Pr\u00f3<\/a> vem com um novo display OLED de 6,53 polegadas de ponta a ponta para quase todas as telas.<br \/>\nCertamente \u00e9 atraente, mas algumas pessoas podem achar a tela curva mais dif\u00edcil de segurar.<br \/>\nApesar de sua grande \u00e1rea de visualiza\u00e7\u00e3o, sua resolu\u00e7\u00e3o de 2.400 x 1.170p fica atr\u00e1s de outros produtos emblem\u00e1ticos, como o Galaxy Note 10 Plus.<br \/>\nDito isto, nem tudo \u00e9 negativo, porque uma resolu\u00e7\u00e3o mais baixa geralmente significa maior dura\u00e7\u00e3o da bateria.<\/p>\n<figure id=\"attachment_422039\" class=\"wp-caption thumbnail aligncenter\"><img decoding=\"async\" class=\"aligncenter wp-image-422039\" src=\"\/wp-content\/uploads\/replace\/fbd5bacf6bddba7d5c11614d077a5eb2.jpeg\" alt=\"Huawei Mate 30\" width=\"600\" height=\"361\" \/><figcaption class=\"wp-caption-text\"><a class=\"\" style=\"width: auto !important\" href=\"https:\/\/www.rucashk.com\/pt\/xiaomi-full-screen-tv-pro65-inch-evaluation-tv-is-big-and-thin-massive-resources-are-exhausted\/\" data-wpil-post-to-id=\"7045\">Tela cheia<\/a> frente.Para o <a class=\"\" style=\"width: auto !important\" href=\"https:\/\/www.rucashk.com\/pt\/produto\/huawei-mate-30-pro\/\" data-wpil-post-to-id=\"5756\">Companheiro 30 Pro, Huawei<\/a> eliminou o controle de volume f\u00edsico e, em vez disso, combinou-o com a borda curva da tela.<br \/>\nPara ajustar o volume, o usu\u00e1rio clica duas vezes em cada lado do telefone para abrir o controle deslizante de volume.<br \/>\nNo entanto, nem todos os bot\u00f5es desapareceram porque o bot\u00e3o liga\/desliga ainda est\u00e1 \u00e0 esquerda.<\/figcaption><\/figure>\n<figure id=\"attachment_422040\" class=\"wp-caption thumbnail alignnone\"><img decoding=\"async\" class=\"aligncenter wp-image-422040\" src=\"\/wp-content\/uploads\/replace\/e1644bb1fc3fd26a6bb52c92ac687cab.jpeg\" alt=\"Huawei Mate 30\" width=\"600\" height=\"641\" \/><figcaption class=\"wp-caption-text\">Sem bot\u00f5es, sem problemas. Por outro lado, o Mate 30 tem, na verdade, uma tela OLED um pouco maior de 6,62 polegadas configurada para 2.340 x 1.080p.<br \/>\nIsso porque ele n\u00e3o possui bordas curvas (a Huawei chama de \u201cvis\u00e3o completa\u201d) e vem com bot\u00e3o de volume padr\u00e3o e entrada para fone de ouvido, que o Mate 30 Pro omite.<\/figcaption><\/figure>\n<p>C\u00e2mera frontal<\/p>\n<p>Em contraste com os esfor\u00e7os anteriores da Huawei para preencher a lacuna, a s\u00e9rie Mate 30 apresenta uma gama mais ampla de recursos do que o seu antecessor.<br \/>\nA Huawei acredita que a diferen\u00e7a \u00e9 justificada porque possui mais recursos que seus concorrentes.<\/p>\n<p>O notch cont\u00e9m um sensor de imagem, dois sensores de profundidade, um sensor de luz ambiente e uma nova c\u00e2mera de gestos.<br \/>\nO gesto <a class=\"\" style=\"width: auto !important\" href=\"https:\/\/www.rucashk.com\/pt\/patent-exposure-xiaomi-flip-flop-folding-screen-mobile-phone-camera-90-degree-rotation\/\" data-wpil-post-to-id=\"8983\">c\u00e2mera permite que os usu\u00e1rios controlem o telefone<\/a> realizando uma opera\u00e7\u00e3o de ioga manual na frente dele, semelhante ao controle por gestos no LG G8 ThinQ.<br \/>\nA c\u00e2mera frontal tamb\u00e9m suporta desbloqueio facial e outros recursos de c\u00e2mera controlados por IA.<\/p>\n<figure id=\"attachment_422041\" class=\"wp-caption thumbnail aligncenter\"><img loading=\"lazy\" decoding=\"async\" class=\"aligncenter wp-image-422041\" src=\"\/wp-content\/uploads\/replace\/1577160147711e40270734163abc76af.jpeg\" alt=\"Huawei Mate 30\" width=\"600\" height=\"397\" \/><figcaption class=\"wp-caption-text\">Acene para o telefone e siga suas ordens. A c\u00e2mera frontal do Mate 30 Pro USA um sensor de 32 MP, enquanto o Mate 30 USA 24 MP.<\/figcaption><\/figure>\n<p style=\"text-align: center\">A c\u00e2mera<\/p>\n<p>Se a explora\u00e7\u00e3o espacial tivesse progredido ao ritmo das c\u00e2maras dos smartphones, j\u00e1 estar\u00edamos a viver em Marte.<br \/>\nPara a s\u00e9rie Mate 30, a c\u00e2mera foi apontada para a sali\u00eancia alinhada ao centro, desta vez, e n\u00e3o para o quadrado Mate 20.<\/p>\n<p style=\"text-align: center\">O novo conjunto de c\u00e2meras do Mate 30 Pro consiste em quatro c\u00e2meras: uma c\u00e2mera de filme de 40 MP f\/1.8, uma c\u00e2mera SuperSensing de 40 MP f\/1.6, uma c\u00e2mera telefoto de 8 MP f\/2.2 e um sensor 3D de profundidade de tempo de voo.<br \/>\nO filme de 40 MP <a class=\"\" style=\"width: auto !important\" href=\"https:\/\/www.rucashk.com\/pt\/produto\/xiaomi-mix-alpha-12gb512gb-snapdragon-855plus-100mp-super-cameras\/\" data-wpil-post-to-id=\"2557\">c\u00e2mera apresentou o incr\u00edvel super 7680 FPS<\/a> modo de disparo em c\u00e2mera lenta.<br \/>\nPor mais impressionante que pare\u00e7a, guardaremos nossas ideias para n\u00f3s mesmos at\u00e9 que possamos fazer algo a respeito.<br \/>\nA c\u00e2mera principal SuperSensing de 40 MP USA o mesmo sensor RYYB do P30 Pro, que \u00e9 amplamente reconhecido por seu excelente modo de fotografia em pouca luz.<\/p>\n<figure id=\"attachment_422037\" class=\"wp-caption thumbnail aligncenter\"><img loading=\"lazy\" decoding=\"async\" class=\"aligncenter wp-image-422037\" src=\"\/wp-content\/uploads\/replace\/8626d7c011b4d83d9b9c4dcaf1de6c69.jpeg\" alt=\"Huawei Mate 30\" width=\"600\" height=\"350\" \/><figcaption class=\"wp-caption-text\">O <a class=\"\" style=\"width: auto !important\" href=\"https:\/\/www.rucashk.com\/pt\/produto\/huawei-p40-pro\/\" data-wpil-post-to-id=\"5675\">Huawei Mate 30 Pro vem com duas c\u00e2meras de 40 MP<\/a> e uma c\u00e2mera telepool. Embora tenham a mesma resolu\u00e7\u00e3o, o tamanho dos dois sensores de 40MP \u00e9 diferente.<br \/>\nA c\u00e2mera de filme \u00e9 1\/1.54 <a class=\"\" style=\"width: auto !important\" href=\"https:\/\/www.rucashk.com\/pt\/produto\/xiaomi-mi9t-6-39-inch-48mp-triple-camera-nfc-4000mah-smartphone\/\" data-wpil-post-to-id=\"2309\">polegada e a c\u00e2mera SuperSensing<\/a> \u00e9 1\/1,7 polegada.<br \/>\nNo discurso, a Huawei comparou o tamanho do sensor do Mate 30 com o de seus concorrentes, ressaltando que seus sensores maiores podem proporcionar desempenho superior.<\/figcaption><\/figure>\n<p style=\"text-align: center\">O Mate 30 tamb\u00e9m possui tr\u00eas c\u00e2meras, embora com configura\u00e7\u00f5es diferentes.<br \/>\nPossui uma c\u00e2mera SuperSensing de 40MP f\/1.8, uma telefotografia de 8MP f\/2.4 e uma c\u00e2mera ultra-wide de 16MP f\/2.2 com fun\u00e7\u00e3o \u00f3ptica anti-vibra\u00e7\u00e3o.<\/p>\n<p style=\"text-align: center\">desempenho<\/p>\n<p><a class=\"\" style=\"width: auto !important\" href=\"https:\/\/www.rucashk.com\/pt\/produto\/huawei-p40\/\" data-wpil-post-to-id=\"5697\">Huawei foi a primeira empresa a integrar modems 5G em dispositivos m\u00f3veis<\/a> chipsets.<br \/>\nO Kirin 990 foi <a class=\"\" style=\"width: auto !important\" href=\"https:\/\/www.rucashk.com\/pt\/xiaomi-launched-a-new-machine-with-a-strong-cost-performance-and-a-new-5g-processor\/\" data-wpil-post-to-id=\"8176\">lan\u00e7ado h\u00e1 algumas semanas, oferecendo 5G<\/a> e variantes 4G e alimentando as variantes 5G e 4G no Huawei Mate 30 Pro e Mate 30s.<br \/>\nAl\u00e9m de seu <a class=\"\" style=\"width: auto !important\" href=\"https:\/\/www.rucashk.com\/pt\/produto\/huawei-p40-pro\/\" data-wpil-post-to-id=\"5675\">Modem 5G, o Kirin<\/a> O 990 5G possui um kernel adicional em seu mecanismo neural e um clock de kernel um pouco mais alto.<\/p>\n<p>Curiosamente, a Huawei n\u00e3o est\u00e1 tentando aumentar a capacidade de RAM.<br \/>\nO Mate 30 Pro come\u00e7a com 8 GB de <a class=\"\" style=\"width: auto !important\" href=\"https:\/\/www.rucashk.com\/pt\/produto\/xiaomi-mi-a3-4g-smartphone-4gb-ram-128gb-rom\/\" data-wpil-post-to-id=\"2352\">RAM e 256 GB de armazenamento, e o Mate 30 come\u00e7a com 8 GB e 128 GB<\/a> de RAM e armazenamento, respectivamente.<br \/>\nAo adicionar o cart\u00e3o Huawei Nano Memory, o seu armazenamento pode ser expandido para 256 GB.<\/p>\n<p style=\"text-align: center\">A bateria<\/p>\n<p>No <a class=\"\" style=\"width: auto !important\" href=\"https:\/\/www.rucashk.com\/pt\/produto\/xiaomi-note8-pro\/\" data-wpil-post-to-id=\"2388\">tema de dura\u00e7\u00e3o da bateria, o Mate 30 Pro<\/a> vem com uma bateria grande de 4.500mAh.<br \/>\nO Mate 30 tem uma bateria com capacidade um pouco menor de 4.200mAh.<br \/>\nHuawei trabalha com ambos <a class=\"\" style=\"width: auto !important\" href=\"https:\/\/www.rucashk.com\/pt\/produto\/xiaomi-mi-car-charger-qc3-0-x2-dual-usb-quick-charge\/\" data-wpil-post-to-id=\"2642\">carregadores com um carregador de 40 W, que pode carregar<\/a> de 0% a 70% em 30 minutos.<\/p>","protected":false},"excerpt":{"rendered":"<p>Principais caracter\u00edsticas:<\/p>\n<p>Tela OLED de 6,62 polegadas<br \/>\nO Kirin 990 possui um processador de oito n\u00facleos de 2,86 GHz<br \/>\nAndroid 10 + EMUI 10<br \/>\n8 GB de RAM, 128 GB de ROM<br \/>\nFila de tr\u00e1s: 40 + 16 + 8 MP<br \/>\nPrimeira fila: 24 MP<br \/>\nBateria de 4200mAh<br \/>\nSensor de impress\u00e3o digital na tela<br \/>\nIP53 \u00e0 prova de poeira e respingos<\/p>","protected":false},"featured_media":22016,"template":"","meta":[],"product_brand":[],"product_cat":[1345,1295,1322],"product_tag":[610],"class_list":{"0":"post-21869","1":"product","2":"type-product","3":"status-publish","4":"has-post-thumbnail","6":"product_cat-huawei-other-a-brands","7":"product_cat-mobile-phone","8":"product_cat-other-a-brands","9":"product_tag-huawei-mate30","11":"first","12":"instock","13":"shipping-taxable","14":"product-type-external"},"aioseo_notices":[],"aioseo_head":"\n\t\t<!-- All in One SEO Pro 4.5.9.2 - aioseo.com -->\n\t\t<meta name=\"description\" content=\"Main features: 6.62-inch OLED display The kirin 990 has an eight-core 2.86GHz processor Android 10 + EMUI 10 8GB RAM, 128GB ROM Back row: 40 + 16 + 8 MP Front row: 24 MP 4200 mAh battery Screen fingerprint sensor IP53 dustproof and splash proof\" \/>\n\t\t<meta name=\"robots\" content=\"max-image-preview:large\" \/>\n\t\t<link rel=\"canonical\" href=\"https:\/\/www.rucashk.com\/pt\/produto\/huawei-mate-30-5g-kirin-990\/\" \/>\n\t\t<meta name=\"generator\" content=\"All in One SEO Pro (AIOSEO) 4.5.9.2\" \/>\n\t\t<meta property=\"og:locale\" content=\"pt_PT\" \/>\n\t\t<meta property=\"og:site_name\" content=\"Rucas - One-stop AIoT Distribution Worldwide\" \/>\n\t\t<meta property=\"og:type\" content=\"article\" \/>\n\t\t<meta property=\"og:title\" content=\"Huawei Mate 30 5G Kirin 990 - Rucas - Wholesale and Distribution\" \/>\n\t\t<meta property=\"og:description\" content=\"Main features: 6.62-inch OLED display The kirin 990 has an eight-core 2.86GHz processor Android 10 + EMUI 10 8GB RAM, 128GB ROM Back row: 40 + 16 + 8 MP Front row: 24 MP 4200 mAh battery Screen fingerprint sensor IP53 dustproof and splash proof\" \/>\n\t\t<meta property=\"og:url\" content=\"https:\/\/www.rucashk.com\/pt\/produto\/huawei-mate-30-5g-kirin-990\/\" \/>\n\t\t<meta property=\"og:image\" content=\"https:\/\/www.rucashk.com\/wp-content\/uploads\/replace\/503b8e645f128a97ccde2b6290747646.jpeg\" \/>\n\t\t<meta property=\"og:image:secure_url\" content=\"https:\/\/www.rucashk.com\/wp-content\/uploads\/replace\/503b8e645f128a97ccde2b6290747646.jpeg\" \/>\n\t\t<meta property=\"og:image:width\" content=\"1456\" \/>\n\t\t<meta property=\"og:image:height\" content=\"816\" \/>\n\t\t<meta property=\"article:published_time\" content=\"2024-01-09T15:36:52+00:00\" \/>\n\t\t<meta property=\"article:modified_time\" content=\"2024-03-11T08:13:14+00:00\" \/>\n\t\t<meta name=\"twitter:card\" content=\"summary_large_image\" \/>\n\t\t<meta name=\"twitter:title\" content=\"Huawei Mate 30 5G Kirin 990 - Rucas - Wholesale and Distribution\" \/>\n\t\t<meta name=\"twitter:description\" content=\"Main features: 6.62-inch OLED display The kirin 990 has an eight-core 2.86GHz processor Android 10 + EMUI 10 8GB RAM, 128GB ROM Back row: 40 + 16 + 8 MP Front row: 24 MP 4200 mAh battery Screen fingerprint sensor IP53 dustproof and splash proof\" \/>\n\t\t<meta name=\"twitter:image\" content=\"https:\/\/www.rucashk.com\/wp-content\/uploads\/replace\/503b8e645f128a97ccde2b6290747646.jpeg\" \/>\n\t\t<script type=\"application\/ld+json\" class=\"aioseo-schema\">\n\t\t\t{\"@context\":\"https:\\\/\\\/schema.org\",\"@graph\":[{\"@type\":\"BreadcrumbList\",\"@id\":\"https:\\\/\\\/www.rucashk.com\\\/pt\\\/produto\\\/huawei-mate-30-5g-kirin-990\\\/#breadcrumblist\",\"itemListElement\":[{\"@type\":\"ListItem\",\"@id\":\"https:\\\/\\\/www.rucashk.com\\\/pt\\\/#listItem\",\"position\":1,\"name\":\"Home\",\"item\":\"https:\\\/\\\/www.rucashk.com\\\/pt\\\/\",\"nextItem\":\"https:\\\/\\\/www.rucashk.com\\\/pt\\\/produto\\\/huawei-mate-30-5g-kirin-990\\\/#listItem\"},{\"@type\":\"ListItem\",\"@id\":\"https:\\\/\\\/www.rucashk.com\\\/pt\\\/produto\\\/huawei-mate-30-5g-kirin-990\\\/#listItem\",\"position\":2,\"name\":\"Huawei Mate 30  5G Kirin 990\",\"previousItem\":\"https:\\\/\\\/www.rucashk.com\\\/pt\\\/#listItem\"}]},{\"@type\":\"Organization\",\"@id\":\"https:\\\/\\\/www.rucashk.com\\\/pt\\\/#organization\",\"name\":\"Rucas\",\"url\":\"https:\\\/\\\/www.rucashk.com\\\/pt\\\/\",\"logo\":{\"@type\":\"ImageObject\",\"url\":\"https:\\\/\\\/www.rucashk.com\\\/wp-content\\\/uploads\\\/2023\\\/12\\\/Rucas_campany_logo.png\",\"@id\":\"https:\\\/\\\/www.rucashk.com\\\/pt\\\/produto\\\/huawei-mate-30-5g-kirin-990\\\/#organizationLogo\",\"width\":221,\"height\":65},\"image\":{\"@id\":\"https:\\\/\\\/www.rucashk.com\\\/pt\\\/#organizationLogo\"}},{\"@type\":\"Person\",\"@id\":\"https:\\\/\\\/www.rucashk.com\\\/pt\\\/author\\\/admin\\\/#author\",\"url\":\"https:\\\/\\\/www.rucashk.com\\\/pt\\\/author\\\/admin\\\/\",\"name\":\"admin\",\"image\":{\"@type\":\"ImageObject\",\"@id\":\"https:\\\/\\\/www.rucashk.com\\\/pt\\\/produto\\\/huawei-mate-30-5g-kirin-990\\\/#authorImage\",\"url\":\"https:\\\/\\\/secure.gravatar.com\\\/avatar\\\/b7c8925b09a27e72b30232f8ecaadbd5af0f70a38c78096863fe51b64f031c24?s=96&d=mm&r=g\",\"width\":96,\"height\":96,\"caption\":\"admin\"}},{\"@type\":\"WebPage\",\"@id\":\"https:\\\/\\\/www.rucashk.com\\\/pt\\\/produto\\\/huawei-mate-30-5g-kirin-990\\\/#webpage\",\"url\":\"https:\\\/\\\/www.rucashk.com\\\/pt\\\/produto\\\/huawei-mate-30-5g-kirin-990\\\/\",\"name\":\"Huawei Mate 30 5G Kirin 990 - Rucas - Wholesale and Distribution\",\"description\":\"Main features: 6.62-inch OLED display The kirin 990 has an eight-core 2.86GHz processor Android 10 + EMUI 10 8GB RAM, 128GB ROM Back row: 40 + 16 + 8 MP Front row: 24 MP 4200 mAh battery Screen fingerprint sensor IP53 dustproof and splash proof\",\"inLanguage\":\"pt-PT\",\"isPartOf\":{\"@id\":\"https:\\\/\\\/www.rucashk.com\\\/pt\\\/#website\"},\"breadcrumb\":{\"@id\":\"https:\\\/\\\/www.rucashk.com\\\/pt\\\/produto\\\/huawei-mate-30-5g-kirin-990\\\/#breadcrumblist\"},\"author\":{\"@id\":\"https:\\\/\\\/www.rucashk.com\\\/pt\\\/author\\\/admin\\\/#author\"},\"creator\":{\"@id\":\"https:\\\/\\\/www.rucashk.com\\\/pt\\\/author\\\/admin\\\/#author\"},\"image\":{\"@type\":\"ImageObject\",\"url\":\"https:\\\/\\\/www.rucashk.com\\\/wp-content\\\/uploads\\\/2024\\\/01\\\/HUAWEI-Mate-30-5G-Mobile-Phone-6-62-inch-Kirin-990-5G-Mate-30-5G-Version.jpg\",\"@id\":\"https:\\\/\\\/www.rucashk.com\\\/pt\\\/produto\\\/huawei-mate-30-5g-kirin-990\\\/#mainImage\",\"width\":800,\"height\":800},\"primaryImageOfPage\":{\"@id\":\"https:\\\/\\\/www.rucashk.com\\\/pt\\\/produto\\\/huawei-mate-30-5g-kirin-990\\\/#mainImage\"},\"datePublished\":\"2024-01-09T15:36:52+00:00\",\"dateModified\":\"2024-03-11T08:13:14+00:00\"},{\"@type\":\"WebSite\",\"@id\":\"https:\\\/\\\/www.rucashk.com\\\/pt\\\/#website\",\"url\":\"https:\\\/\\\/www.rucashk.com\\\/pt\\\/\",\"name\":\"Rucas - Wholesale and distribution worldwide\",\"alternateName\":\"Rucas - One-stop AIoT Distribution Worldwide\",\"description\":\"One-stop AIoT Distribution Worldwide\",\"inLanguage\":\"pt-PT\",\"publisher\":{\"@id\":\"https:\\\/\\\/www.rucashk.com\\\/pt\\\/#organization\"}}]}\n\t\t<\/script>\n\t\t<!-- All in One SEO Pro -->\r\n\t\t<title>Huawei Mate 30 5G Kirin 990 - Rucas - Wholesale and Distribution<\/title>\n\n","aioseo_head_json":{"title":"Huawei Mate 30 5G Kirin 990 - Rucas - Wholesale and Distribution","description":"Main features: 6.62-inch OLED display The kirin 990 has an eight-core 2.86GHz processor Android 10 + EMUI 10 8GB RAM, 128GB ROM Back row: 40 + 16 + 8 MP Front row: 24 MP 4200 mAh battery Screen fingerprint sensor IP53 dustproof and splash proof","canonical_url":"https:\/\/www.rucashk.com\/pt\/produto\/huawei-mate-30-5g-kirin-990\/","robots":"max-image-preview:large","keywords":"","webmasterTools":{"miscellaneous":""},"og:locale":"pt_PT","og:site_name":"Rucas - One-stop AIoT Distribution Worldwide","og:type":"article","og:title":"Huawei Mate 30 5G Kirin 990 - Rucas - Wholesale and Distribution","og:description":"Main features: 6.62-inch OLED display The kirin 990 has an eight-core 2.86GHz processor Android 10 + EMUI 10 8GB RAM, 128GB ROM Back row: 40 + 16 + 8 MP Front row: 24 MP 4200 mAh battery Screen fingerprint sensor IP53 dustproof and splash proof","og:url":"https:\/\/www.rucashk.com\/pt\/produto\/huawei-mate-30-5g-kirin-990\/","og:image":"https:\/\/www.rucashk.com\/wp-content\/uploads\/replace\/503b8e645f128a97ccde2b6290747646.jpeg","og:image:secure_url":"https:\/\/www.rucashk.com\/wp-content\/uploads\/replace\/503b8e645f128a97ccde2b6290747646.jpeg","og:image:width":1456,"og:image:height":816,"article:published_time":"2024-01-09T15:36:52+00:00","article:modified_time":"2024-03-11T08:13:14+00:00","twitter:card":"summary_large_image","twitter:title":"Huawei Mate 30 5G Kirin 990 - Rucas - Wholesale and Distribution","twitter:description":"Main features: 6.62-inch OLED display The kirin 990 has an eight-core 2.86GHz processor Android 10 + EMUI 10 8GB RAM, 128GB ROM Back row: 40 + 16 + 8 MP Front row: 24 MP 4200 mAh battery Screen fingerprint sensor IP53 dustproof and splash proof","twitter:image":"https:\/\/www.rucashk.com\/wp-content\/uploads\/replace\/503b8e645f128a97ccde2b6290747646.jpeg","schema":{"@context":"https:\/\/schema.org","@graph":[{"@type":"BreadcrumbList","@id":"https:\/\/www.rucashk.com\/pt\/produto\/huawei-mate-30-5g-kirin-990\/#breadcrumblist","itemListElement":[{"@type":"ListItem","@id":"https:\/\/www.rucashk.com\/pt\/#listItem","position":1,"name":"Home","item":"https:\/\/www.rucashk.com\/pt\/","nextItem":"https:\/\/www.rucashk.com\/pt\/produto\/huawei-mate-30-5g-kirin-990\/#listItem"},{"@type":"ListItem","@id":"https:\/\/www.rucashk.com\/pt\/produto\/huawei-mate-30-5g-kirin-990\/#listItem","position":2,"name":"Huawei Mate 30  5G Kirin 990","previousItem":"https:\/\/www.rucashk.com\/pt\/#listItem"}]},{"@type":"Organization","@id":"https:\/\/www.rucashk.com\/pt\/#organization","name":"Rucas","url":"https:\/\/www.rucashk.com\/pt\/","logo":{"@type":"ImageObject","url":"https:\/\/www.rucashk.com\/wp-content\/uploads\/2023\/12\/Rucas_campany_logo.png","@id":"https:\/\/www.rucashk.com\/pt\/produto\/huawei-mate-30-5g-kirin-990\/#organizationLogo","width":221,"height":65},"image":{"@id":"https:\/\/www.rucashk.com\/pt\/#organizationLogo"}},{"@type":"Person","@id":"https:\/\/www.rucashk.com\/pt\/author\/admin\/#author","url":"https:\/\/www.rucashk.com\/pt\/author\/admin\/","name":"admin","image":{"@type":"ImageObject","@id":"https:\/\/www.rucashk.com\/pt\/produto\/huawei-mate-30-5g-kirin-990\/#authorImage","url":"https:\/\/secure.gravatar.com\/avatar\/b7c8925b09a27e72b30232f8ecaadbd5af0f70a38c78096863fe51b64f031c24?s=96&d=mm&r=g","width":96,"height":96,"caption":"admin"}},{"@type":"WebPage","@id":"https:\/\/www.rucashk.com\/pt\/produto\/huawei-mate-30-5g-kirin-990\/#webpage","url":"https:\/\/www.rucashk.com\/pt\/produto\/huawei-mate-30-5g-kirin-990\/","name":"Huawei Mate 30 5G Kirin 990 - Rucas - Wholesale and Distribution","description":"Main features: 6.62-inch OLED display The kirin 990 has an eight-core 2.86GHz processor Android 10 + EMUI 10 8GB RAM, 128GB ROM Back row: 40 + 16 + 8 MP Front row: 24 MP 4200 mAh battery Screen fingerprint sensor IP53 dustproof and splash proof","inLanguage":"pt-PT","isPartOf":{"@id":"https:\/\/www.rucashk.com\/pt\/#website"},"breadcrumb":{"@id":"https:\/\/www.rucashk.com\/pt\/produto\/huawei-mate-30-5g-kirin-990\/#breadcrumblist"},"author":{"@id":"https:\/\/www.rucashk.com\/pt\/author\/admin\/#author"},"creator":{"@id":"https:\/\/www.rucashk.com\/pt\/author\/admin\/#author"},"image":{"@type":"ImageObject","url":"https:\/\/www.rucashk.com\/wp-content\/uploads\/2024\/01\/HUAWEI-Mate-30-5G-Mobile-Phone-6-62-inch-Kirin-990-5G-Mate-30-5G-Version.jpg","@id":"https:\/\/www.rucashk.com\/pt\/produto\/huawei-mate-30-5g-kirin-990\/#mainImage","width":800,"height":800},"primaryImageOfPage":{"@id":"https:\/\/www.rucashk.com\/pt\/produto\/huawei-mate-30-5g-kirin-990\/#mainImage"},"datePublished":"2024-01-09T15:36:52+00:00","dateModified":"2024-03-11T08:13:14+00:00"},{"@type":"WebSite","@id":"https:\/\/www.rucashk.com\/pt\/#website","url":"https:\/\/www.rucashk.com\/pt\/","name":"Rucas - Wholesale and distribution worldwide","alternateName":"Rucas - One-stop AIoT Distribution Worldwide","description":"One-stop AIoT Distribution Worldwide","inLanguage":"pt-PT","publisher":{"@id":"https:\/\/www.rucashk.com\/pt\/#organization"}}]}},"aioseo_meta_data":{"post_id":"21869","title":null,"description":null,"keywords":null,"keyphrases":null,"primary_term":null,"canonical_url":null,"og_title":null,"og_description":null,"og_object_type":"default","og_image_type":"default","og_image_url":null,"og_image_width":null,"og_image_height":null,"og_image_custom_url":null,"og_image_custom_fields":null,"og_video":null,"og_custom_url":null,"og_article_section":null,"og_article_tags":null,"twitter_use_og":false,"twitter_card":"default","twitter_image_type":"default","twitter_image_url":null,"twitter_image_custom_url":null,"twitter_image_custom_fields":null,"twitter_title":null,"twitter_description":null,"schema":{"blockGraphs":[],"customGraphs":[],"default":{"data":{"Article":[],"Course":[],"Dataset":[],"FAQPage":[],"Movie":[],"Person":[],"Product":[],"Recipe":[],"Service":[],"SoftwareApplication":[],"WebPage":[]},"graphName":"","isEnabled":true},"graphs":[]},"schema_type":"default","schema_type_options":null,"pillar_content":false,"robots_default":true,"robots_noindex":false,"robots_noarchive":false,"robots_nosnippet":false,"robots_nofollow":false,"robots_noimageindex":false,"robots_noodp":false,"robots_notranslate":false,"robots_max_snippet":null,"robots_max_videopreview":null,"robots_max_imagepreview":"large","priority":null,"frequency":null,"local_seo":null,"breadcrumb_settings":null,"limit_modified_date":false,"created":"2024-04-11 01:55:21","updated":"2025-06-22 16:31:58"},"aioseo_breadcrumb":"<div class=\"aioseo-breadcrumbs\"><span class=\"aioseo-breadcrumb\">\n\t<a href=\"https:\/\/www.rucashk.com\/pt\" title=\"Home\">Home<\/a>\n<\/span><span class=\"aioseo-breadcrumb-separator\">&raquo;<\/span><span class=\"aioseo-breadcrumb\">\n\t<a href=\"https:\/\/www.rucashk.com\/pt\/products\/\" title=\"Produtos\">Produtos<\/a>\n<\/span><span class=\"aioseo-breadcrumb-separator\">&raquo;<\/span><span class=\"aioseo-breadcrumb\">\n\t<a href=\"https:\/\/www.rucashk.com\/pt\/categoria-produto\/other-a-brands\/\" title=\"Other A-Brands\">Other A-Brands<\/a>\n<\/span><span class=\"aioseo-breadcrumb-separator\">&raquo;<\/span><span class=\"aioseo-breadcrumb\">\n\t<a href=\"https:\/\/www.rucashk.com\/pt\/categoria-produto\/other-a-brands\/huawei-other-a-brands\/\" title=\"Huawei\">Huawei<\/a>\n<\/span><span class=\"aioseo-breadcrumb-separator\">&raquo;<\/span><span class=\"aioseo-breadcrumb\">\n\tHuawei Mate 30  5G Kirin 990\n<\/span><\/div>","aioseo_breadcrumb_json":[{"label":"Home","link":"https:\/\/www.rucashk.com\/pt"},{"label":"Produtos","link":"https:\/\/www.rucashk.com\/pt\/products\/"},{"label":"Other A-Brands","link":"https:\/\/www.rucashk.com\/pt\/categoria-produto\/other-a-brands\/"},{"label":"Huawei","link":"https:\/\/www.rucashk.com\/pt\/categoria-produto\/other-a-brands\/huawei-other-a-brands\/"},{"label":"Huawei Mate 30  5G Kirin 990","link":"https:\/\/www.rucashk.com\/pt\/produto\/huawei-mate-30-5g-kirin-990\/"}],"_links":{"self":[{"href":"https:\/\/www.rucashk.com\/pt\/wp-json\/wp\/v2\/product\/21869","targetHints":{"allow":["GET"]}}],"collection":[{"href":"https:\/\/www.rucashk.com\/pt\/wp-json\/wp\/v2\/product"}],"about":[{"href":"https:\/\/www.rucashk.com\/pt\/wp-json\/wp\/v2\/types\/product"}],"wp:featuredmedia":[{"embeddable":true,"href":"https:\/\/www.rucashk.com\/pt\/wp-json\/wp\/v2\/media\/22016"}],"wp:attachment":[{"href":"https:\/\/www.rucashk.com\/pt\/wp-json\/wp\/v2\/media?parent=21869"}],"wp:term":[{"taxonomy":"product_brand","embeddable":true,"href":"https:\/\/www.rucashk.com\/pt\/wp-json\/wp\/v2\/product_brand?post=21869"},{"taxonomy":"product_cat","embeddable":true,"href":"https:\/\/www.rucashk.com\/pt\/wp-json\/wp\/v2\/product_cat?post=21869"},{"taxonomy":"product_tag","embeddable":true,"href":"https:\/\/www.rucashk.com\/pt\/wp-json\/wp\/v2\/product_tag?post=21869"}],"curies":[{"name":"wp","href":"https:\/\/api.w.org\/{rel}","templated":true}]}}