{"id":21847,"date":"2024-01-09T15:36:23","date_gmt":"2024-01-09T15:36:23","guid":{"rendered":"http:\/\/rucashk.com\/?post_type=product&#038;p=21847"},"modified":"2024-03-11T08:16:36","modified_gmt":"2024-03-11T08:16:36","slug":"wiko-y60-16-gb-rom-dualsim","status":"publish","type":"product","link":"https:\/\/www.rucashk.com\/pt\/produto\/wiko-y60-16-gb-rom-dualsim\/","title":{"rendered":"Wiko Y60 16GB ROM Dual Sim"},"content":{"rendered":"<header id=\"hero\" class=\"hero first-block\" aria-labelledby=\"heroTitle\">\n<div class=\"container\">\n<div class=\"row\">\n<div class=\"col order-md-first align-self-end text-center\">\n<h1 id=\"heroTitle\" class=\"text-hide d-none d-md-block -bg__trans\" style=\"text-align: center\"><span style=\"vertical-align: inherit\"><span style=\"vertical-align: inherit\"><span style=\"vertical-align: inherit\"><span style=\"vertical-align: inherit\"><span style=\"vertical-align: inherit\"><span style=\"vertical-align: inherit\"><span style=\"vertical-align: inherit\"><span style=\"vertical-align: inherit\">A60<\/span><\/span><\/span><\/span><\/span><\/span><\/span><\/span><\/h1>\n<h2 class=\"d-none d-md-block text-white\" style=\"text-align: center\">Tela grande.<br \/>\nGrande mem\u00f3ria.<br \/>\n4G.<\/h2>\n<p class=\"mt-250 text-left\" style=\"text-align: center\">O armazenamento ROM de 16 GB do Y60 permite armazenar todo o seu conte\u00fado favorito em uma tela grande com design segmentado.<br \/>\nEsteja preparado para rolar na velocidade m\u00e1xima 4G para uma navega\u00e7\u00e3o tranquila na Internet.<\/p>\n<\/div>\n<\/div>\n<\/div>\n<\/header>\n<div class=\"picto__section my-0\" style=\"text-align: center\">\n<div class=\"container\">\n<div class=\"row align-items-center\"><\/div>\n<\/div>\n<\/div>\n<div class=\"two__section -left__img\" style=\"text-align: center\">\n<div class=\"row align-items-center no-gutters\">\n<div id=\"bigDisplay\" class=\"col-md p-0\"><img fetchpriority=\"high\" decoding=\"async\" class=\"img-fluid float-right alignleft\" style=\"border: 0px none;vertical-align: middle;max-width: 100%;height: auto;float: right !important;width: 674.5px\" src=\"\/wp-content\/uploads\/replace\/2b0c334466709bf98dacc422414bf47b.jpeg\" alt=\"Wiko Y60 16 GB ROM dualsim \" width=\"960\" height=\"900\" \/><\/div>\n<div class=\"col-md p-0\">\n<div class=\"two__section_desc\">\n<h3><\/h3>\n<h3><\/h3>\n<h3><\/h3>\n<h3><\/h3>\n<h3><\/h3>\n<h3><\/h3>\n<h3><\/h3>\n<h3><\/h3>\n<h3><\/h3>\n<h3><\/h3>\n<h3><\/h3>\n<h3><\/h3>\n<h3><\/h3>\n<h3><\/h3>\n<p><strong>Exibe 18:9 em uma tela widescreen de 5,45 polegadas<\/strong><\/p>\n<p>Obviamente na sua resolu\u00e7\u00e3o, certo?<br \/>\nE isso n\u00e3o \u00e9 tudo. Esteja preparado para mergulhar no seu conte\u00fado favorito em formato widescreen de moldura estreita.<\/p>\n<\/div>\n<\/div>\n<\/div>\n<\/div>\n<div class=\"two__section -right__img\" style=\"text-align: center\">\n<div class=\"row align-items-center no-gutters\">\n<div id=\"fastFluid\" class=\"col-md order-md-last p-0\"><img decoding=\"async\" class=\"img-fluid float-left alignnone\" src=\"\/wp-content\/uploads\/replace\/05fc6e3079cc4561daba38195a0b5ae9.jpeg\" alt=\"Wiko Y60 16 GB ROM dualsim \" width=\"960\" height=\"900\" \/><\/div>\n<div class=\"col-md order-md-first p-0\">\n<div class=\"two__section_desc\">\n<p><strong>Grande mem\u00f3ria.<\/strong><br \/>\n<strong>Navega\u00e7\u00e3o r\u00e1pida.<\/strong><\/p>\n<p><strong>Grande capacidade de armazenamento.<\/strong><br \/>\n<strong>Navega\u00e7\u00e3o suave.<\/strong><\/p>\n<p>Aproveite os 16 GB grandes do Y60 <a class=\"\" style=\"width: auto !important\" href=\"https:\/\/www.rucashk.com\/pt\/produto\/xiaomi-mi-a3-4g-smartphone-4gb-ram-128gb-rom\/\" data-wpil-post-to-id=\"2352\">Capacidade de armazenamento ROM e expans\u00e3o para 128 GB<\/a> em micro SD para armazenar 3.000 faixas de m\u00fasica, 6.000 fotos e 80 aplicativos *.<br \/>\nProcurando uma experi\u00eancia perfeita?<br \/>\nSeu processador quad-core oferece uma experi\u00eancia tranquila ao usar o aplicativo.<\/p>\n<div>\n<p>4g de alta velocidade<br \/>\nPerto do r\u00e1pido 4G LTE do Y60, tudo acontece em alta velocidade.<br \/>\nNavegue na Internet facilmente.<br \/>\nSua rede social e seu <a class=\"\" style=\"width: auto !important\" href=\"https:\/\/www.rucashk.com\/pt\/good-thing-this-hot-product-is-my-favorite-color\/\" data-wpil-post-to-id=\"6923\">o conte\u00fado favorito estar\u00e1 sempre ao alcance, porque a \u00fanica coisa f\u00e1cil<\/a> a ver com 4G \u00e9 baix\u00e1-lo.<\/p>\n<p>* n\u00famero baseado no tamanho m\u00e9dio do arquivo<\/p>\n<\/div>\n<\/div>\n<\/div>\n<\/div>\n<\/div>\n<div class=\"two__section -left__img\" style=\"text-align: center\">\n<div class=\"row align-items-center no-gutters\">\n<div id=\"bigDisplay\" class=\"col-md p-0\"><img decoding=\"async\" class=\"img-fluid float-right alignleft\" style=\"border: 0px none;vertical-align: middle;max-width: 100%;height: auto;float: right !important;width: 674.5px\" src=\"\/wp-content\/uploads\/replace\/3db7c8b9c8c513dab69d3db3acb4dbb7.jpeg\" alt=\"Wiko Y60 16 GB ROM dualsim \" width=\"960\" height=\"900\" \/><\/div>\n<div class=\"col-md p-0\">\n<div class=\"two__section_desc\">\n<h3><\/h3>\n<h3><\/h3>\n<h3><\/h3>\n<h3><\/h3>\n<h3><\/h3>\n<h3><\/h3>\n<h3><\/h3>\n<h3><\/h3>\n<h3><\/h3>\n<h3><\/h3>\n<h3><\/h3>\n<h3><\/h3>\n<h3><\/h3>\n<h3><\/h3>\n<p><strong>Cores tocantes<\/strong><\/p>\n<p>Explore todos os recursos de fotografia do Y60.<br \/>\nCapture cada momento com uma c\u00e2mera de 5 megapixels <a class=\"\" style=\"width: auto !important\" href=\"https:\/\/www.rucashk.com\/pt\/produto\/xiaomi-redmi-note8-48mp-quad-rear-camera-4000mah-smartphone\/\" data-wpil-post-to-id=\"2367\">C\u00e2mera traseira<\/a> e par de flashes selfie de 5 megapixels.<\/p>\n<\/div>\n<\/div>\n<\/div>\n<\/div>\n<div class=\"two__section -right__img\" style=\"text-align: center\">\n<div class=\"row align-items-center no-gutters\">\n<div id=\"fastFluid\" class=\"col-md order-md-last p-0\"><img loading=\"lazy\" decoding=\"async\" class=\"img-fluid float-left alignright\" style=\"border: 0px none;vertical-align: middle;max-width: 100%;height: auto;float: left !important;width: 674.5px\" src=\"\/wp-content\/uploads\/replace\/f834847776f8e993de73a42e802c6cf3.jpeg\" alt=\"Wiko Y60 16 GB ROM dualsim \" width=\"960\" height=\"900\" \/><\/div>\n<div class=\"col-md order-md-first p-0\">\n<div class=\"two__section_desc\">\n<h3><\/h3>\n<h3><\/h3>\n<h3><\/h3>\n<h3><\/h3>\n<h3><\/h3>\n<h3><\/h3>\n<h3><\/h3>\n<h3><\/h3>\n<h3><\/h3>\n<h3><\/h3>\n<h3><\/h3>\n<h3><\/h3>\n<h3><\/h3>\n<h3><\/h3>\n<h3><\/h3>\n<h3 class=\"section__title -bleen__box d-none d-md-block\">F\u00e1cil de usar<br \/>\nO modelo simples do Wiko<br \/>\nO modo simples do Y60 permite que voc\u00ea fique tranquilo.<br \/>\nSeu aplicativo b\u00e1sico, contatos favoritos ou configura\u00e7\u00f5es podem ser exibidos em uma tela exclusiva.<br \/>\nUsar um smartphone nunca foi t\u00e3o f\u00e1cil.<\/h3>\n<div><\/div>\n<div><\/div>\n<div><\/div>\n<\/div>\n<\/div>\n<\/div>\n<\/div>\n<div>\n<p style=\"text-align: center\">Simplicidade do Android\u2122<br \/>\nO mais recente Android\u21229 Pie (Go) * tem mais armazenamento, maior seguran\u00e7a e uso de reinicializa\u00e7\u00e3o, s\u00f3 para citar alguns!<\/p>\n<p style=\"text-align: center\"><a class=\"\" style=\"width: auto !important\" href=\"https:\/\/www.rucashk.com\/pt\/produto\/wiko-view4-lite\/\" data-wpil-post-to-id=\"5614\">SIM duplo<\/a> cart\u00e3o<br \/>\nUsar <a class=\"\" style=\"width: auto !important\" href=\"https:\/\/www.rucashk.com\/pt\/produto\/wiko-view4\/\" data-wpil-post-to-id=\"5633\">SIM duplo<\/a> CART\u00d5ES para equilibrar sua vida pessoal e profissional em um \u00fanico dispositivo.<\/p>\n<p style=\"text-align: center\">*Android \u00e9 uma marca registrada da Google LLC<\/p>\n<\/div>\n<div class=\"two__section -left__img\">\n<div class=\"row align-items-center no-gutters\">\n<div id=\"bigDisplay\" class=\"col-md p-0\" style=\"text-align: center\"><img loading=\"lazy\" decoding=\"async\" class=\"img-fluid float-right alignleft\" style=\"border: 0px none;vertical-align: middle;max-width: 100%;height: auto;float: right !important;width: 674.5px\" src=\"\/wp-content\/uploads\/replace\/88ab739ede0d52cf224514b2fa88a1e8.jpeg\" alt=\"Wiko Y60 16 GB ROM dualsim \" width=\"960\" height=\"900\" \/><\/div>\n<div class=\"col-md p-0\">\n<div class=\"two__section_desc\">\n<h3><\/h3>\n<h3><\/h3>\n<h3><\/h3>\n<h3><\/h3>\n<h3><\/h3>\n<h3><\/h3>\n<h3><\/h3>\n<h3><\/h3>\n<h3><\/h3>\n<h3><\/h3>\n<h3><\/h3>\n<h3><\/h3>\n<h3><\/h3>\n<h3><\/h3>\n<h3><\/h3>\n<h3 class=\"section__title -bleen__box d-none d-md-block\" style=\"text-align: center\">Esp\u00edrito da moda<br \/>\n<strong>Escolha a cor que voc\u00ea gosta!<\/strong><br \/>\n<strong>Escolha entre azul escuro, gradiente ou dourado.<\/strong><\/h3>\n<\/div>\n<\/div>\n<\/div>\n<\/div>","protected":false},"excerpt":{"rendered":"<p>The Y60 has 16 GB of extra-large ROM memory, allowing you to enjoy your favorite content and all of it on the big screen in a specific form.<br \/>\nBe prepared to scroll at full speed with 4G for smooth Web browsing.<\/p>\n<p>This text is machine translated.<\/p>\n<p>13.8cm (5.45in) display, 960 x 480 p<br \/>\nQuad-core processor (4 x;<br \/>\n1.3 GHz)<br \/>\n16 GB internal memory (microSD card (Max 128 GB))<br \/>\nAndroid \u2122 9.0<\/p>","protected":false},"featured_media":21994,"template":"","meta":[],"product_brand":[],"product_cat":[1295],"product_tag":[604,605],"class_list":{"0":"post-21847","1":"product","2":"type-product","3":"status-publish","4":"has-post-thumbnail","6":"product_cat-mobile-phone","7":"product_tag-android","8":"product_tag-wiko-y60","10":"first","11":"instock","12":"shipping-taxable","13":"product-type-external"},"aioseo_notices":[],"aioseo_head":"\n\t\t<!-- All in One SEO Pro 4.5.9.2 - aioseo.com -->\n\t\t<meta name=\"description\" content=\"The Y60 has 16 GB of extra-large ROM memory, allowing you to enjoy your favorite content and all of it on the big screen in a specific form. Be prepared to scroll at full speed with 4G for smooth Web browsing. This text is machine translated. 13.8cm (5.45in) display, 960 x 480 p Quad-core processor (4 x; 1.3 GHz) 16 GB internal memory (microSD card (Max 128 GB)) Android \u2122 9.0\" \/>\n\t\t<meta name=\"robots\" content=\"max-image-preview:large\" \/>\n\t\t<link rel=\"canonical\" href=\"https:\/\/www.rucashk.com\/pt\/produto\/wiko-y60-16-gb-rom-dualsim\/\" \/>\n\t\t<meta name=\"generator\" content=\"All in One SEO Pro (AIOSEO) 4.5.9.2\" \/>\n\t\t<meta property=\"og:locale\" content=\"pt_PT\" \/>\n\t\t<meta property=\"og:site_name\" content=\"Rucas - One-stop AIoT Distribution Worldwide\" \/>\n\t\t<meta property=\"og:type\" content=\"article\" \/>\n\t\t<meta property=\"og:title\" content=\"Wiko Y60 16 GB ROM Dualsim - Rucas - Wholesale and Distribution\" \/>\n\t\t<meta property=\"og:description\" content=\"The Y60 has 16 GB of extra-large ROM memory, allowing you to enjoy your favorite content and all of it on the big screen in a specific form. Be prepared to scroll at full speed with 4G for smooth Web browsing. This text is machine translated. 13.8cm (5.45in) display, 960 x 480 p Quad-core processor (4 x; 1.3 GHz) 16 GB internal memory (microSD card (Max 128 GB)) Android \u2122 9.0\" \/>\n\t\t<meta property=\"og:url\" content=\"https:\/\/www.rucashk.com\/pt\/produto\/wiko-y60-16-gb-rom-dualsim\/\" \/>\n\t\t<meta property=\"og:image\" content=\"https:\/\/www.rucashk.com\/wp-content\/uploads\/replace\/503b8e645f128a97ccde2b6290747646.jpeg\" \/>\n\t\t<meta property=\"og:image:secure_url\" content=\"https:\/\/www.rucashk.com\/wp-content\/uploads\/replace\/503b8e645f128a97ccde2b6290747646.jpeg\" \/>\n\t\t<meta property=\"og:image:width\" content=\"1456\" \/>\n\t\t<meta property=\"og:image:height\" content=\"816\" \/>\n\t\t<meta property=\"article:published_time\" content=\"2024-01-09T15:36:23+00:00\" \/>\n\t\t<meta property=\"article:modified_time\" content=\"2024-03-11T08:16:36+00:00\" \/>\n\t\t<meta name=\"twitter:card\" content=\"summary_large_image\" \/>\n\t\t<meta name=\"twitter:title\" content=\"Wiko Y60 16 GB ROM Dualsim - Rucas - Wholesale and Distribution\" \/>\n\t\t<meta name=\"twitter:description\" content=\"The Y60 has 16 GB of extra-large ROM memory, allowing you to enjoy your favorite content and all of it on the big screen in a specific form. Be prepared to scroll at full speed with 4G for smooth Web browsing. This text is machine translated. 13.8cm (5.45in) display, 960 x 480 p Quad-core processor (4 x; 1.3 GHz) 16 GB internal memory (microSD card (Max 128 GB)) Android \u2122 9.0\" \/>\n\t\t<meta name=\"twitter:image\" content=\"https:\/\/www.rucashk.com\/wp-content\/uploads\/replace\/503b8e645f128a97ccde2b6290747646.jpeg\" \/>\n\t\t<script type=\"application\/ld+json\" class=\"aioseo-schema\">\n\t\t\t{\"@context\":\"https:\\\/\\\/schema.org\",\"@graph\":[{\"@type\":\"BreadcrumbList\",\"@id\":\"https:\\\/\\\/www.rucashk.com\\\/pt\\\/produto\\\/wiko-y60-16-gb-rom-dualsim\\\/#breadcrumblist\",\"itemListElement\":[{\"@type\":\"ListItem\",\"@id\":\"https:\\\/\\\/www.rucashk.com\\\/pt\\\/#listItem\",\"position\":1,\"name\":\"Home\",\"item\":\"https:\\\/\\\/www.rucashk.com\\\/pt\\\/\",\"nextItem\":\"https:\\\/\\\/www.rucashk.com\\\/pt\\\/produto\\\/wiko-y60-16-gb-rom-dualsim\\\/#listItem\"},{\"@type\":\"ListItem\",\"@id\":\"https:\\\/\\\/www.rucashk.com\\\/pt\\\/produto\\\/wiko-y60-16-gb-rom-dualsim\\\/#listItem\",\"position\":2,\"name\":\"Wiko Y60 16 GB  ROM Dualsim\",\"previousItem\":\"https:\\\/\\\/www.rucashk.com\\\/pt\\\/#listItem\"}]},{\"@type\":\"Organization\",\"@id\":\"https:\\\/\\\/www.rucashk.com\\\/pt\\\/#organization\",\"name\":\"Rucas\",\"url\":\"https:\\\/\\\/www.rucashk.com\\\/pt\\\/\",\"logo\":{\"@type\":\"ImageObject\",\"url\":\"https:\\\/\\\/www.rucashk.com\\\/wp-content\\\/uploads\\\/2023\\\/12\\\/Rucas_campany_logo.png\",\"@id\":\"https:\\\/\\\/www.rucashk.com\\\/pt\\\/produto\\\/wiko-y60-16-gb-rom-dualsim\\\/#organizationLogo\",\"width\":221,\"height\":65},\"image\":{\"@id\":\"https:\\\/\\\/www.rucashk.com\\\/pt\\\/#organizationLogo\"}},{\"@type\":\"Person\",\"@id\":\"https:\\\/\\\/www.rucashk.com\\\/pt\\\/author\\\/admin\\\/#author\",\"url\":\"https:\\\/\\\/www.rucashk.com\\\/pt\\\/author\\\/admin\\\/\",\"name\":\"admin\",\"image\":{\"@type\":\"ImageObject\",\"@id\":\"https:\\\/\\\/www.rucashk.com\\\/pt\\\/produto\\\/wiko-y60-16-gb-rom-dualsim\\\/#authorImage\",\"url\":\"https:\\\/\\\/secure.gravatar.com\\\/avatar\\\/b7c8925b09a27e72b30232f8ecaadbd5af0f70a38c78096863fe51b64f031c24?s=96&d=mm&r=g\",\"width\":96,\"height\":96,\"caption\":\"admin\"}},{\"@type\":\"WebPage\",\"@id\":\"https:\\\/\\\/www.rucashk.com\\\/pt\\\/produto\\\/wiko-y60-16-gb-rom-dualsim\\\/#webpage\",\"url\":\"https:\\\/\\\/www.rucashk.com\\\/pt\\\/produto\\\/wiko-y60-16-gb-rom-dualsim\\\/\",\"name\":\"Wiko Y60 16 GB ROM Dualsim - Rucas - Wholesale and Distribution\",\"description\":\"The Y60 has 16 GB of extra-large ROM memory, allowing you to enjoy your favorite content and all of it on the big screen in a specific form. Be prepared to scroll at full speed with 4G for smooth Web browsing. This text is machine translated. 13.8cm (5.45in) display, 960 x 480 p Quad-core processor (4 x; 1.3 GHz) 16 GB internal memory (microSD card (Max 128 GB)) Android \\u2122 9.0\",\"inLanguage\":\"pt-PT\",\"isPartOf\":{\"@id\":\"https:\\\/\\\/www.rucashk.com\\\/pt\\\/#website\"},\"breadcrumb\":{\"@id\":\"https:\\\/\\\/www.rucashk.com\\\/pt\\\/produto\\\/wiko-y60-16-gb-rom-dualsim\\\/#breadcrumblist\"},\"author\":{\"@id\":\"https:\\\/\\\/www.rucashk.com\\\/pt\\\/author\\\/admin\\\/#author\"},\"creator\":{\"@id\":\"https:\\\/\\\/www.rucashk.com\\\/pt\\\/author\\\/admin\\\/#author\"},\"image\":{\"@type\":\"ImageObject\",\"url\":\"https:\\\/\\\/www.rucashk.com\\\/wp-content\\\/uploads\\\/2024\\\/01\\\/\\u5fae\\u4fe1\\u56fe\\u7247\\u7f16\\u8f91_20200603120507_\\u526f\\u672c.jpg\",\"@id\":\"https:\\\/\\\/www.rucashk.com\\\/pt\\\/produto\\\/wiko-y60-16-gb-rom-dualsim\\\/#mainImage\",\"width\":800,\"height\":800},\"primaryImageOfPage\":{\"@id\":\"https:\\\/\\\/www.rucashk.com\\\/pt\\\/produto\\\/wiko-y60-16-gb-rom-dualsim\\\/#mainImage\"},\"datePublished\":\"2024-01-09T15:36:23+00:00\",\"dateModified\":\"2024-03-11T08:16:36+00:00\"},{\"@type\":\"WebSite\",\"@id\":\"https:\\\/\\\/www.rucashk.com\\\/pt\\\/#website\",\"url\":\"https:\\\/\\\/www.rucashk.com\\\/pt\\\/\",\"name\":\"Rucas - Wholesale and distribution worldwide\",\"alternateName\":\"Rucas - One-stop AIoT Distribution Worldwide\",\"description\":\"One-stop AIoT Distribution Worldwide\",\"inLanguage\":\"pt-PT\",\"publisher\":{\"@id\":\"https:\\\/\\\/www.rucashk.com\\\/pt\\\/#organization\"}}]}\n\t\t<\/script>\n\t\t<!-- All in One SEO Pro -->\r\n\t\t<title>Wiko Y60 16 GB ROM Dualsim - Rucas - Wholesale and Distribution<\/title>\n\n","aioseo_head_json":{"title":"Wiko Y60 16 GB ROM Dualsim - Rucas - Wholesale and Distribution","description":"The Y60 has 16 GB of extra-large ROM memory, allowing you to enjoy your favorite content and all of it on the big screen in a specific form. Be prepared to scroll at full speed with 4G for smooth Web browsing. This text is machine translated. 13.8cm (5.45in) display, 960 x 480 p Quad-core processor (4 x; 1.3 GHz) 16 GB internal memory (microSD card (Max 128 GB)) Android \u2122 9.0","canonical_url":"https:\/\/www.rucashk.com\/pt\/produto\/wiko-y60-16-gb-rom-dualsim\/","robots":"max-image-preview:large","keywords":"","webmasterTools":{"miscellaneous":""},"og:locale":"pt_PT","og:site_name":"Rucas - One-stop AIoT Distribution Worldwide","og:type":"article","og:title":"Wiko Y60 16 GB ROM Dualsim - Rucas - Wholesale and Distribution","og:description":"The Y60 has 16 GB of extra-large ROM memory, allowing you to enjoy your favorite content and all of it on the big screen in a specific form. Be prepared to scroll at full speed with 4G for smooth Web browsing. This text is machine translated. 13.8cm (5.45in) display, 960 x 480 p Quad-core processor (4 x; 1.3 GHz) 16 GB internal memory (microSD card (Max 128 GB)) Android \u2122 9.0","og:url":"https:\/\/www.rucashk.com\/pt\/produto\/wiko-y60-16-gb-rom-dualsim\/","og:image":"https:\/\/www.rucashk.com\/wp-content\/uploads\/replace\/503b8e645f128a97ccde2b6290747646.jpeg","og:image:secure_url":"https:\/\/www.rucashk.com\/wp-content\/uploads\/replace\/503b8e645f128a97ccde2b6290747646.jpeg","og:image:width":1456,"og:image:height":816,"article:published_time":"2024-01-09T15:36:23+00:00","article:modified_time":"2024-03-11T08:16:36+00:00","twitter:card":"summary_large_image","twitter:title":"Wiko Y60 16 GB ROM Dualsim - Rucas - Wholesale and Distribution","twitter:description":"The Y60 has 16 GB of extra-large ROM memory, allowing you to enjoy your favorite content and all of it on the big screen in a specific form. Be prepared to scroll at full speed with 4G for smooth Web browsing. This text is machine translated. 13.8cm (5.45in) display, 960 x 480 p Quad-core processor (4 x; 1.3 GHz) 16 GB internal memory (microSD card (Max 128 GB)) Android \u2122 9.0","twitter:image":"https:\/\/www.rucashk.com\/wp-content\/uploads\/replace\/503b8e645f128a97ccde2b6290747646.jpeg","schema":{"@context":"https:\/\/schema.org","@graph":[{"@type":"BreadcrumbList","@id":"https:\/\/www.rucashk.com\/pt\/produto\/wiko-y60-16-gb-rom-dualsim\/#breadcrumblist","itemListElement":[{"@type":"ListItem","@id":"https:\/\/www.rucashk.com\/pt\/#listItem","position":1,"name":"Home","item":"https:\/\/www.rucashk.com\/pt\/","nextItem":"https:\/\/www.rucashk.com\/pt\/produto\/wiko-y60-16-gb-rom-dualsim\/#listItem"},{"@type":"ListItem","@id":"https:\/\/www.rucashk.com\/pt\/produto\/wiko-y60-16-gb-rom-dualsim\/#listItem","position":2,"name":"Wiko Y60 16 GB  ROM Dualsim","previousItem":"https:\/\/www.rucashk.com\/pt\/#listItem"}]},{"@type":"Organization","@id":"https:\/\/www.rucashk.com\/pt\/#organization","name":"Rucas","url":"https:\/\/www.rucashk.com\/pt\/","logo":{"@type":"ImageObject","url":"https:\/\/www.rucashk.com\/wp-content\/uploads\/2023\/12\/Rucas_campany_logo.png","@id":"https:\/\/www.rucashk.com\/pt\/produto\/wiko-y60-16-gb-rom-dualsim\/#organizationLogo","width":221,"height":65},"image":{"@id":"https:\/\/www.rucashk.com\/pt\/#organizationLogo"}},{"@type":"Person","@id":"https:\/\/www.rucashk.com\/pt\/author\/admin\/#author","url":"https:\/\/www.rucashk.com\/pt\/author\/admin\/","name":"admin","image":{"@type":"ImageObject","@id":"https:\/\/www.rucashk.com\/pt\/produto\/wiko-y60-16-gb-rom-dualsim\/#authorImage","url":"https:\/\/secure.gravatar.com\/avatar\/b7c8925b09a27e72b30232f8ecaadbd5af0f70a38c78096863fe51b64f031c24?s=96&d=mm&r=g","width":96,"height":96,"caption":"admin"}},{"@type":"WebPage","@id":"https:\/\/www.rucashk.com\/pt\/produto\/wiko-y60-16-gb-rom-dualsim\/#webpage","url":"https:\/\/www.rucashk.com\/pt\/produto\/wiko-y60-16-gb-rom-dualsim\/","name":"Wiko Y60 16 GB ROM Dualsim - Rucas - Wholesale and Distribution","description":"The Y60 has 16 GB of extra-large ROM memory, allowing you to enjoy your favorite content and all of it on the big screen in a specific form. Be prepared to scroll at full speed with 4G for smooth Web browsing. This text is machine translated. 13.8cm (5.45in) display, 960 x 480 p Quad-core processor (4 x; 1.3 GHz) 16 GB internal memory (microSD card (Max 128 GB)) Android \u2122 9.0","inLanguage":"pt-PT","isPartOf":{"@id":"https:\/\/www.rucashk.com\/pt\/#website"},"breadcrumb":{"@id":"https:\/\/www.rucashk.com\/pt\/produto\/wiko-y60-16-gb-rom-dualsim\/#breadcrumblist"},"author":{"@id":"https:\/\/www.rucashk.com\/pt\/author\/admin\/#author"},"creator":{"@id":"https:\/\/www.rucashk.com\/pt\/author\/admin\/#author"},"image":{"@type":"ImageObject","url":"https:\/\/www.rucashk.com\/wp-content\/uploads\/2024\/01\/\u5fae\u4fe1\u56fe\u7247\u7f16\u8f91_20200603120507_\u526f\u672c.jpg","@id":"https:\/\/www.rucashk.com\/pt\/produto\/wiko-y60-16-gb-rom-dualsim\/#mainImage","width":800,"height":800},"primaryImageOfPage":{"@id":"https:\/\/www.rucashk.com\/pt\/produto\/wiko-y60-16-gb-rom-dualsim\/#mainImage"},"datePublished":"2024-01-09T15:36:23+00:00","dateModified":"2024-03-11T08:16:36+00:00"},{"@type":"WebSite","@id":"https:\/\/www.rucashk.com\/pt\/#website","url":"https:\/\/www.rucashk.com\/pt\/","name":"Rucas - Wholesale and distribution worldwide","alternateName":"Rucas - One-stop AIoT Distribution Worldwide","description":"One-stop AIoT Distribution Worldwide","inLanguage":"pt-PT","publisher":{"@id":"https:\/\/www.rucashk.com\/pt\/#organization"}}]}},"aioseo_meta_data":{"post_id":"21847","title":null,"description":null,"keywords":null,"keyphrases":null,"primary_term":null,"canonical_url":null,"og_title":null,"og_description":null,"og_object_type":"default","og_image_type":"default","og_image_url":null,"og_image_width":null,"og_image_height":null,"og_image_custom_url":null,"og_image_custom_fields":null,"og_video":null,"og_custom_url":null,"og_article_section":null,"og_article_tags":null,"twitter_use_og":false,"twitter_card":"default","twitter_image_type":"default","twitter_image_url":null,"twitter_image_custom_url":null,"twitter_image_custom_fields":null,"twitter_title":null,"twitter_description":null,"schema":{"blockGraphs":[],"customGraphs":[],"default":{"data":{"Article":[],"Course":[],"Dataset":[],"FAQPage":[],"Movie":[],"Person":[],"Product":[],"Recipe":[],"Service":[],"SoftwareApplication":[],"WebPage":[]},"graphName":"","isEnabled":true},"graphs":[]},"schema_type":"default","schema_type_options":null,"pillar_content":false,"robots_default":true,"robots_noindex":false,"robots_noarchive":false,"robots_nosnippet":false,"robots_nofollow":false,"robots_noimageindex":false,"robots_noodp":false,"robots_notranslate":false,"robots_max_snippet":null,"robots_max_videopreview":null,"robots_max_imagepreview":"large","priority":null,"frequency":null,"local_seo":null,"breadcrumb_settings":null,"limit_modified_date":false,"created":"2024-04-11 01:55:20","updated":"2025-06-22 16:31:58"},"aioseo_breadcrumb":"<div class=\"aioseo-breadcrumbs\"><span class=\"aioseo-breadcrumb\">\n\t<a href=\"https:\/\/www.rucashk.com\/pt\" title=\"Home\">Home<\/a>\n<\/span><span class=\"aioseo-breadcrumb-separator\">&raquo;<\/span><span class=\"aioseo-breadcrumb\">\n\t<a href=\"https:\/\/www.rucashk.com\/pt\/products\/\" title=\"Produtos\">Produtos<\/a>\n<\/span><span class=\"aioseo-breadcrumb-separator\">&raquo;<\/span><span class=\"aioseo-breadcrumb\">\n\t<a href=\"https:\/\/www.rucashk.com\/pt\/categoria-produto\/mobile-phone\/\" title=\"Mobile Phone\">Mobile Phone<\/a>\n<\/span><span class=\"aioseo-breadcrumb-separator\">&raquo;<\/span><span class=\"aioseo-breadcrumb\">\n\tWiko Y60 16 GB  ROM Dualsim\n<\/span><\/div>","aioseo_breadcrumb_json":[{"label":"Home","link":"https:\/\/www.rucashk.com\/pt"},{"label":"Produtos","link":"https:\/\/www.rucashk.com\/pt\/products\/"},{"label":"Mobile Phone","link":"https:\/\/www.rucashk.com\/pt\/categoria-produto\/mobile-phone\/"},{"label":"Wiko Y60 16 GB  ROM Dualsim","link":"https:\/\/www.rucashk.com\/pt\/produto\/wiko-y60-16-gb-rom-dualsim\/"}],"_links":{"self":[{"href":"https:\/\/www.rucashk.com\/pt\/wp-json\/wp\/v2\/product\/21847","targetHints":{"allow":["GET"]}}],"collection":[{"href":"https:\/\/www.rucashk.com\/pt\/wp-json\/wp\/v2\/product"}],"about":[{"href":"https:\/\/www.rucashk.com\/pt\/wp-json\/wp\/v2\/types\/product"}],"wp:featuredmedia":[{"embeddable":true,"href":"https:\/\/www.rucashk.com\/pt\/wp-json\/wp\/v2\/media\/21994"}],"wp:attachment":[{"href":"https:\/\/www.rucashk.com\/pt\/wp-json\/wp\/v2\/media?parent=21847"}],"wp:term":[{"taxonomy":"product_brand","embeddable":true,"href":"https:\/\/www.rucashk.com\/pt\/wp-json\/wp\/v2\/product_brand?post=21847"},{"taxonomy":"product_cat","embeddable":true,"href":"https:\/\/www.rucashk.com\/pt\/wp-json\/wp\/v2\/product_cat?post=21847"},{"taxonomy":"product_tag","embeddable":true,"href":"https:\/\/www.rucashk.com\/pt\/wp-json\/wp\/v2\/product_tag?post=21847"}],"curies":[{"name":"wp","href":"https:\/\/api.w.org\/{rel}","templated":true}]}}