{"id":21844,"date":"2024-01-09T15:36:23","date_gmt":"2024-01-09T15:36:23","guid":{"rendered":"http:\/\/rucashk.com\/?post_type=product&#038;p=21844"},"modified":"2024-03-11T08:15:28","modified_gmt":"2024-03-11T08:15:28","slug":"wiko-view4-lite-dual-sim-smartphone","status":"publish","type":"product","link":"https:\/\/www.rucashk.com\/pt\/produto\/wiko-view4-lite-dual-sim-smartphone\/","title":{"rendered":"Smartphone Wiko View4 Lite Dual SIM"},"content":{"rendered":"<div class=\"container-\" style=\"text-align: center\">\n<div class=\"row pt-5\">\n<div class=\"hero__prem__header -bleen__bar mt-5 mb-5\">\n<h2 class=\"section__title\" data-division=\"0\">Bateria grande de 4000mAh<\/h2>\n<\/div>\n<\/div>\n<\/div>\n<div class=\"row\" style=\"text-align: center\">\n<div class=\"col-12 mt-1 mb-5 text-center\">\n<div><img fetchpriority=\"high\" decoding=\"async\" class=\"img-fluid -two__format -resized alignnone\" src=\"\/wp-content\/uploads\/replace\/9240afdb7e36465c44ed99919891d4c1.jpeg\" alt=\"Wiko View4 Lite\" width=\"1920\" height=\"800\" \/><\/div>\n<\/div>\n<div class=\"-centered__textbox px-3\">\n<div class=\"col-12 pl-0\">\n<p>48 horas de resist\u00eancia<\/p>\n<p>Equipado com bateria de 4000mAh, o View4 Lite est\u00e1 dispon\u00edvel por 2 dias com uma \u00fanica carga, conforme verificado pelo laborat\u00f3rio de testes SmartViser.<br \/>\nFa\u00e7a chamadas ilimitadas, envie mensagens de texto, ou\u00e7a suas m\u00fasicas favoritas ou assista a v\u00eddeos pela Internet.<br \/>\nView4 Lite oferece grande autonomia otimizando hardware e software.<\/p>\n<p>C\u00e2mera inteligente tr\u00eas em um<\/p>\n<\/div>\n<\/div>\n<\/div>\n<div class=\"row\" style=\"text-align: center\">\n<div class=\"col-12 text-center mt-1 mb-5\">\n<div><img decoding=\"async\" class=\"img-fluid -two__format -resized alignnone\" src=\"\/wp-content\/uploads\/replace\/7b947fd90dc71f6fca9d66ad072bd956.jpeg\" alt=\"Wiko View4 Lite\" width=\"1920\" height=\"800\" \/><\/div>\n<\/div>\n<div class=\"-centered__textbox pb-5 mb-5\"><\/div>\n<\/div>\n<div class=\"container\" style=\"text-align: center\">\n<div class=\"row pt-5\">\n<div class=\"-centered__textbox col-12 pl-0\">\n<h3 class=\"-bleen__box d-none d-md-block mt-5 text-center\">C\u00e2mera tri-em-um super grande angular<\/h3>\n<\/div>\n<\/div>\n<\/div>\n<div class=\"row\" style=\"text-align: center\">\n<div class=\"col-12 text-center mt-1 mb-5\">\n<div><img decoding=\"async\" class=\"img-fluid -two__format -resized alignnone\" src=\"\/wp-content\/uploads\/replace\/a65a113c54c37f1841616ad27627dddf.jpeg\" alt=\"Wiko View4 Lite\" width=\"1920\" height=\"820\" \/><\/div>\n<\/div>\n<div class=\"-centered__textbox px-3 mt-5 pb-5 mb-5\">\n<p>Use uma c\u00e2mera tr\u00eas em um para tirar fotos como um profissional!<br \/>\nO sensor de 13 MP captura fotos e retratos trabalhosos.<br \/>\nNo modo de dispers\u00e3o, a c\u00e2mera de 13 megapixels e o sensor de profundidade de 2 megapixels podem liberar cores art\u00edsticas para um excelente efeito de desfoque.<br \/>\nUse c\u00e2mera ultra grande angular, cen\u00e1rio eterno e foto de grupo.<\/p>\n<\/div>\n<\/div>\n<div class=\"big__img text-center text-center\" style=\"text-align: center\" data-target=\"#rp-285\">\n<div class=\"owl-carousel owl-carousel-default owl-loaded owl-drag\">\n<div class=\"owl-stage-outer\">\n<div class=\"owl-stage\">\n<div class=\"owl-item active\">\n<div data-hash=\"rp-1-285\">\n<div><img decoding=\"async\" class=\"-two__format -resized\" src=\"\/wp-content\/uploads\/replace\/a14894eaefddfd848ba68bfe128090bb.jpeg\" alt=\"\u4eba\u5de5\u667a\u80fd\u9a71\u52a8\" \/><\/div>\n<\/div>\n<\/div>\n<div class=\"owl-item\">\n<div data-hash=\"rp-2-285\">\n<div><img loading=\"lazy\" decoding=\"async\" class=\"-two__format -resized alignnone\" src=\"\/wp-content\/uploads\/replace\/951edd088d3a51679b3592715c9ed931.jpeg\" alt=\"Wiko View4 Lite\" width=\"1640\" height=\"700\" \/><\/div>\n<\/div>\n<\/div>\n<\/div>\n<\/div>\n<div class=\"owl-dots\"><\/div>\n<\/div>\n<p>&nbsp;<\/p>\n<\/div>\n<div class=\"row pb-4\" style=\"text-align: center\">\n<div class=\"-centered__textbox px-3\">\n<div id=\"rp-text-1-285\" class=\"row p-4 text__slider -active\">\n<p><strong><a class=\"\" style=\"width: auto !important\" href=\"https:\/\/www.rucashk.com\/pt\/cancer-early-screening-ai-artificial-intelligence-technology-so-that-patients-can-avoid-cancer-syndrome-confusion\/\" data-wpil-post-to-id=\"7111\">Intelig\u00eancia artificial<\/a> dirigir<\/strong><\/p>\n<p>A c\u00e2mera principal est\u00e1 equipada com intelig\u00eancia AI, que pode detectar e ajustar automaticamente o cen\u00e1rio.<\/p>\n<p>ROM de 32 GB e<br \/>\nProcessador \u00f3ctuplo<br \/>\nGrande mem\u00f3ria.<br \/>\nDesempenho fluido.<\/p>\n<p>O grande espa\u00e7o de armazenamento de 32 GB pode armazenar conte\u00fado importante: 4.000 fotos, 50 epis\u00f3dios do seu programa favorito ou 300 \u00e1lbuns de m\u00fasica ou 140 jogos.<br \/>\nUse um cart\u00e3o microSD para expandir o armazenamento para 256 GB.<br \/>\nUse mediatek A25 8 \u2013 processador central com acesso ilimitado ao telefone.<br \/>\nA velocidade necess\u00e1ria para lidar com jogos casuais ou aplicativos populares.<\/p>\n<\/div>\n<\/div>\n<\/div>\n<div class=\"container\" style=\"text-align: center\">\n<div class=\"row pt-5\">\n<div class=\"col-md-6 px-0 pb-5\">\n<div><img loading=\"lazy\" decoding=\"async\" class=\"img-fluid alignnone\" src=\"\/wp-content\/uploads\/replace\/68d83d1b40c63c1bb3739ea83d54e7e2.jpeg\" alt=\"Wiko View4 Lite\" width=\"768\" height=\"971\" \/><\/div>\n<\/div>\n<\/div>\n<\/div>\n<div style=\"text-align: center\">\n<div class=\"container-fluid\">\n<div class=\"col-12\">\n<div class=\"svg__spec svg__spec__3 align-items-center text-center pb-5\"><\/div>\n<\/div>\n<\/div>\n<\/div>\n<div class=\"container\" style=\"text-align: center\">\n<div class=\"row mt-5 pt-5\">\n<div class=\"hero__prem__header -bleen__bar mt-5 mb-5\">\n<h2 class=\"section__title\" data-division=\"0\">Tela cheia.<br \/>\nDesign elegante.<\/h2>\n<\/div>\n<\/div>\n<\/div>\n<div class=\"row\" style=\"text-align: center\">\n<div class=\"col-12 text-center mt-1 mb-5\">\n<div><img loading=\"lazy\" decoding=\"async\" class=\"img-fluid -two__format -resized alignnone\" src=\"\/wp-content\/uploads\/replace\/57baba65ababc54f41ed2d887214d9f3.jpeg\" alt=\"Wiko View4 Lite\" width=\"1920\" height=\"800\" \/><\/div>\n<\/div>\n<div class=\"-centered__textbox px-3 pb-5 mb-5\">\n<p><strong>Tela totalmente envolvente<\/strong><\/p>\n<p>O View4 Lite possui uma tela ultraimersiva de 6,52 polegadas com display HD +.<br \/>\nA tela 20:9 \u00e9 melhor que a tela 20:9 e minimiza a lacuna para garantir uma melhor experi\u00eancia visual com telas sem bordas.<\/p>\n<\/div>\n<\/div>\n<div style=\"text-align: center\">\n<div class=\"container-fluid\">\n<div class=\"col-12\">\n<div class=\"svg__spec svg__spec__3 align-items-center text-center pb-5\"><\/div>\n<\/div>\n<\/div>\n<\/div>\n<div class=\"row\" style=\"text-align: center\">\n<div class=\"-centered__textbox px-3 pb-5 mb-5\">\n<p>Quanto mais escuro<\/p>\n<p>Voc\u00ea pode escolher entre azul escuro, dourado escuro ou verde escuro?<br \/>\nA tampa traseira tem dois acabamentos, um azul marinho brilhante para um design elegante e um acabamento fosco para ouro profundo e verde escuro.<br \/>\nAl\u00e9m disso, os acess\u00f3rios personalizados originais da Wiko foram projetados especificamente para mostrar toda a beleza do View4 Lite, ao mesmo tempo que adicionam recursos ergon\u00f4micos para proporcionar uma experi\u00eancia de usu\u00e1rio conveniente.<\/p>\n<\/div>\n<\/div>\n<div class=\"container-\" style=\"text-align: center\">\n<div class=\"row pt-5\">\n<div class=\"hero__prem__header -bleen__bar mt-5 mb-5\">\n<h2 class=\"section__title\" data-division=\"0\">Bot\u00e3o do Google Assistente<\/h2>\n<\/div>\n<\/div>\n<\/div>\n<div class=\"row\" style=\"text-align: center\">\n<div class=\"col-12 mt-1 mb-5 text-center\">\n<div><img loading=\"lazy\" decoding=\"async\" class=\"img-fluid -two__format -resized alignnone\" src=\"\/wp-content\/uploads\/replace\/c59fc2d3633843b6dc8f03cf62b59f97.jpeg\" alt=\"Wiko View4 Lite\" width=\"1646\" height=\"763\" \/><\/div>\n<\/div>\n<div class=\"-centered__textbox px-3\">\n<div class=\"col-12 pl-0\">\n<h3 class=\"-bleen__box d-none d-md-block mt-5\">Acesso r\u00e1pido a recursos<\/h3>\n<\/div>\n<p>Com um clique, voc\u00ea pode iniciar o Walkie Talkie pressionando o bot\u00e3o integrado do Google Assistant e, em seguida, pedir diretamente ao Google para definir um alarme, tirar uma selfie, verificar a previs\u00e3o do tempo para amanh\u00e3, ligar uma lanterna, etc.<br \/>\nPor que reservar um tempo para desbloquear seu telefone ou usar a palavra de despertar \u201cOK Google\u201d?<\/p>\n<\/div>\n<\/div>\n<div class=\"container\" style=\"text-align: center\">\n<div class=\"row mt-5 pt-5\">\n<div class=\"hero__prem__header -bleen__bar mt-5 mb-5\">\n<h2 class=\"section__title\" data-division=\"0\">Recursos e acessibilidade do Google<\/h2>\n<\/div>\n<\/div>\n<\/div>\n<div class=\"container\" style=\"text-align: center\">\n<div class=\"row\">\n<div class=\"col-md-6 px-0 pb-2\">\n<div><img loading=\"lazy\" decoding=\"async\" class=\"img-fluid alignnone\" src=\"\/wp-content\/uploads\/replace\/dcf3d7b97bb7930ba8654e10db0d10d7.jpeg\" alt=\"Wiko View4 Lite\" width=\"608\" height=\"608\" \/><\/div>\n<\/div>\n<div class=\"col-md-6 px-4 px-md-3 pb-2 d-flex flex-column justify-content-center\">\n<p>Controle de voz e Android\u212210<\/p>\n<p>Diga e fa\u00e7a!<br \/>\nCom a ativa\u00e7\u00e3o por voz, o Google Lens\u2122 integrado ir\u00e1 ajud\u00e1-lo a pesquisar informa\u00e7\u00f5es sobre suas fotos ou objetos e a interagir com o mundo ao seu redor.<br \/>\nCombine todas as inova\u00e7\u00f5es mais recentes do Google com o Android \u2122 10 *, incluindo legendas ao vivo, respostas inteligentes, navega\u00e7\u00e3o baseada em gestos e temas escuros.<br \/>\nSua vida nunca foi t\u00e3o f\u00e1cil!<\/p>\n<p>*Android\u2122 \u00e9 uma marca registrada da Google LLC<\/p>\n<p>Seguran\u00e7a de desbloqueio facial<\/p>\n<p>Use o recurso \u201cdesbloqueio facial\u201d para desbloquear o dispositivo de forma r\u00e1pida e segura apenas olhando para a tela.<\/p>\n<\/div>\n<\/div>\n<\/div>\n<div class=\"container\" style=\"text-align: center\">\n<div class=\"row\">\n<div class=\"col-md-6 px-0 pb-2\">\n<div><img loading=\"lazy\" decoding=\"async\" class=\"img-fluid alignnone\" src=\"\/wp-content\/uploads\/replace\/1ce7cf4435306b27d3e4cb3236125fcd.jpeg\" alt=\"Wiko View4 Lite\" width=\"608\" height=\"608\" \/><\/div>\n<\/div>\n<\/div>\n<\/div>\n<p style=\"text-align: center\">","protected":false},"excerpt":{"rendered":"<h4><\/h4>\n<ul>\n<li>Principais caracter\u00edsticas:<br \/>\n6.52-inch hd + 1560 x 720 screen<br \/>\nThe 1.8ghz MediaTek Helio A25 eight-core CPU is used<br \/>\n2GB RAM + 64GB ROM, up to 256GB RAM can be added<br \/>\nRear camera 13MP + 2MP<br \/>\n5MP front facing camera<br \/>\nLithium 4000 mAh battery<br \/>\nOperating system version: Android 10.0<\/li>\n<\/ul>","protected":false},"featured_media":21985,"template":"","meta":[],"product_brand":[],"product_cat":[1295],"product_tag":[600,601],"class_list":{"0":"post-21844","1":"product","2":"type-product","3":"status-publish","4":"has-post-thumbnail","6":"product_cat-mobile-phone","7":"product_tag-dual-sim","8":"product_tag-wiko","10":"first","11":"instock","12":"shipping-taxable","13":"product-type-external"},"aioseo_notices":[],"aioseo_head":"\n\t\t<!-- All in One SEO Pro 4.5.9.2 - aioseo.com -->\n\t\t<meta name=\"description\" content=\"Main features: 6.52-inch hd + 1560 x 720 screen The 1.8ghz MediaTek Helio A25 eight-core CPU is used 2GB RAM + 64GB ROM, up to 256GB RAM can be added Rear camera 13MP + 2MP 5MP front facing camera Lithium 4000 mAh battery Operating system version: Android 10.0\" \/>\n\t\t<meta name=\"robots\" content=\"max-image-preview:large\" \/>\n\t\t<link rel=\"canonical\" href=\"https:\/\/www.rucashk.com\/pt\/produto\/wiko-view4-lite-dual-sim-smartphone\/\" \/>\n\t\t<meta name=\"generator\" content=\"All in One SEO Pro (AIOSEO) 4.5.9.2\" \/>\n\t\t<meta property=\"og:locale\" content=\"pt_PT\" \/>\n\t\t<meta property=\"og:site_name\" content=\"Rucas - One-stop AIoT Distribution Worldwide\" \/>\n\t\t<meta property=\"og:type\" content=\"article\" \/>\n\t\t<meta property=\"og:title\" content=\"Wiko View4 Lite Dual SIM Smartphone - Rucas - Wholesale and Distribution\" \/>\n\t\t<meta property=\"og:description\" content=\"Main features: 6.52-inch hd + 1560 x 720 screen The 1.8ghz MediaTek Helio A25 eight-core CPU is used 2GB RAM + 64GB ROM, up to 256GB RAM can be added Rear camera 13MP + 2MP 5MP front facing camera Lithium 4000 mAh battery Operating system version: Android 10.0\" \/>\n\t\t<meta property=\"og:url\" content=\"https:\/\/www.rucashk.com\/pt\/produto\/wiko-view4-lite-dual-sim-smartphone\/\" \/>\n\t\t<meta property=\"og:image\" content=\"https:\/\/www.rucashk.com\/wp-content\/uploads\/replace\/503b8e645f128a97ccde2b6290747646.jpeg\" \/>\n\t\t<meta property=\"og:image:secure_url\" content=\"https:\/\/www.rucashk.com\/wp-content\/uploads\/replace\/503b8e645f128a97ccde2b6290747646.jpeg\" \/>\n\t\t<meta property=\"og:image:width\" content=\"1456\" \/>\n\t\t<meta property=\"og:image:height\" content=\"816\" \/>\n\t\t<meta property=\"article:published_time\" content=\"2024-01-09T15:36:23+00:00\" \/>\n\t\t<meta property=\"article:modified_time\" content=\"2024-03-11T08:15:28+00:00\" \/>\n\t\t<meta name=\"twitter:card\" content=\"summary_large_image\" \/>\n\t\t<meta name=\"twitter:title\" content=\"Wiko View4 Lite Dual SIM Smartphone - Rucas - Wholesale and Distribution\" \/>\n\t\t<meta name=\"twitter:description\" content=\"Main features: 6.52-inch hd + 1560 x 720 screen The 1.8ghz MediaTek Helio A25 eight-core CPU is used 2GB RAM + 64GB ROM, up to 256GB RAM can be added Rear camera 13MP + 2MP 5MP front facing camera Lithium 4000 mAh battery Operating system version: Android 10.0\" \/>\n\t\t<meta name=\"twitter:image\" content=\"https:\/\/www.rucashk.com\/wp-content\/uploads\/replace\/503b8e645f128a97ccde2b6290747646.jpeg\" \/>\n\t\t<script type=\"application\/ld+json\" class=\"aioseo-schema\">\n\t\t\t{\"@context\":\"https:\\\/\\\/schema.org\",\"@graph\":[{\"@type\":\"BreadcrumbList\",\"@id\":\"https:\\\/\\\/www.rucashk.com\\\/pt\\\/produto\\\/wiko-view4-lite-dual-sim-smartphone\\\/#breadcrumblist\",\"itemListElement\":[{\"@type\":\"ListItem\",\"@id\":\"https:\\\/\\\/www.rucashk.com\\\/pt\\\/#listItem\",\"position\":1,\"name\":\"Home\",\"item\":\"https:\\\/\\\/www.rucashk.com\\\/pt\\\/\",\"nextItem\":\"https:\\\/\\\/www.rucashk.com\\\/pt\\\/produto\\\/wiko-view4-lite-dual-sim-smartphone\\\/#listItem\"},{\"@type\":\"ListItem\",\"@id\":\"https:\\\/\\\/www.rucashk.com\\\/pt\\\/produto\\\/wiko-view4-lite-dual-sim-smartphone\\\/#listItem\",\"position\":2,\"name\":\"Wiko View4 Lite  Dual SIM Smartphone\",\"previousItem\":\"https:\\\/\\\/www.rucashk.com\\\/pt\\\/#listItem\"}]},{\"@type\":\"Organization\",\"@id\":\"https:\\\/\\\/www.rucashk.com\\\/pt\\\/#organization\",\"name\":\"Rucas\",\"url\":\"https:\\\/\\\/www.rucashk.com\\\/pt\\\/\",\"logo\":{\"@type\":\"ImageObject\",\"url\":\"https:\\\/\\\/www.rucashk.com\\\/wp-content\\\/uploads\\\/2023\\\/12\\\/Rucas_campany_logo.png\",\"@id\":\"https:\\\/\\\/www.rucashk.com\\\/pt\\\/produto\\\/wiko-view4-lite-dual-sim-smartphone\\\/#organizationLogo\",\"width\":221,\"height\":65},\"image\":{\"@id\":\"https:\\\/\\\/www.rucashk.com\\\/pt\\\/#organizationLogo\"}},{\"@type\":\"Person\",\"@id\":\"https:\\\/\\\/www.rucashk.com\\\/pt\\\/author\\\/admin\\\/#author\",\"url\":\"https:\\\/\\\/www.rucashk.com\\\/pt\\\/author\\\/admin\\\/\",\"name\":\"admin\",\"image\":{\"@type\":\"ImageObject\",\"@id\":\"https:\\\/\\\/www.rucashk.com\\\/pt\\\/produto\\\/wiko-view4-lite-dual-sim-smartphone\\\/#authorImage\",\"url\":\"https:\\\/\\\/secure.gravatar.com\\\/avatar\\\/b7c8925b09a27e72b30232f8ecaadbd5af0f70a38c78096863fe51b64f031c24?s=96&d=mm&r=g\",\"width\":96,\"height\":96,\"caption\":\"admin\"}},{\"@type\":\"WebPage\",\"@id\":\"https:\\\/\\\/www.rucashk.com\\\/pt\\\/produto\\\/wiko-view4-lite-dual-sim-smartphone\\\/#webpage\",\"url\":\"https:\\\/\\\/www.rucashk.com\\\/pt\\\/produto\\\/wiko-view4-lite-dual-sim-smartphone\\\/\",\"name\":\"Wiko View4 Lite Dual SIM Smartphone - Rucas - Wholesale and Distribution\",\"description\":\"Main features: 6.52-inch hd + 1560 x 720 screen The 1.8ghz MediaTek Helio A25 eight-core CPU is used 2GB RAM + 64GB ROM, up to 256GB RAM can be added Rear camera 13MP + 2MP 5MP front facing camera Lithium 4000 mAh battery Operating system version: Android 10.0\",\"inLanguage\":\"pt-PT\",\"isPartOf\":{\"@id\":\"https:\\\/\\\/www.rucashk.com\\\/pt\\\/#website\"},\"breadcrumb\":{\"@id\":\"https:\\\/\\\/www.rucashk.com\\\/pt\\\/produto\\\/wiko-view4-lite-dual-sim-smartphone\\\/#breadcrumblist\"},\"author\":{\"@id\":\"https:\\\/\\\/www.rucashk.com\\\/pt\\\/author\\\/admin\\\/#author\"},\"creator\":{\"@id\":\"https:\\\/\\\/www.rucashk.com\\\/pt\\\/author\\\/admin\\\/#author\"},\"image\":{\"@type\":\"ImageObject\",\"url\":\"https:\\\/\\\/www.rucashk.com\\\/wp-content\\\/uploads\\\/2024\\\/01\\\/ab22808c00cb203e0fd4a4acadf0890c-614x615-1.jpg\",\"@id\":\"https:\\\/\\\/www.rucashk.com\\\/pt\\\/produto\\\/wiko-view4-lite-dual-sim-smartphone\\\/#mainImage\",\"width\":614,\"height\":615},\"primaryImageOfPage\":{\"@id\":\"https:\\\/\\\/www.rucashk.com\\\/pt\\\/produto\\\/wiko-view4-lite-dual-sim-smartphone\\\/#mainImage\"},\"datePublished\":\"2024-01-09T15:36:23+00:00\",\"dateModified\":\"2024-03-11T08:15:28+00:00\"},{\"@type\":\"WebSite\",\"@id\":\"https:\\\/\\\/www.rucashk.com\\\/pt\\\/#website\",\"url\":\"https:\\\/\\\/www.rucashk.com\\\/pt\\\/\",\"name\":\"Rucas - Wholesale and distribution worldwide\",\"alternateName\":\"Rucas - One-stop AIoT Distribution Worldwide\",\"description\":\"One-stop AIoT Distribution Worldwide\",\"inLanguage\":\"pt-PT\",\"publisher\":{\"@id\":\"https:\\\/\\\/www.rucashk.com\\\/pt\\\/#organization\"}}]}\n\t\t<\/script>\n\t\t<!-- All in One SEO Pro -->\r\n\t\t<title>Wiko View4 Lite Dual SIM Smartphone - Rucas - Wholesale and Distribution<\/title>\n\n","aioseo_head_json":{"title":"Wiko View4 Lite Dual SIM Smartphone - Rucas - Wholesale and Distribution","description":"Main features: 6.52-inch hd + 1560 x 720 screen The 1.8ghz MediaTek Helio A25 eight-core CPU is used 2GB RAM + 64GB ROM, up to 256GB RAM can be added Rear camera 13MP + 2MP 5MP front facing camera Lithium 4000 mAh battery Operating system version: Android 10.0","canonical_url":"https:\/\/www.rucashk.com\/pt\/produto\/wiko-view4-lite-dual-sim-smartphone\/","robots":"max-image-preview:large","keywords":"","webmasterTools":{"miscellaneous":""},"og:locale":"pt_PT","og:site_name":"Rucas - One-stop AIoT Distribution Worldwide","og:type":"article","og:title":"Wiko View4 Lite Dual SIM Smartphone - Rucas - Wholesale and Distribution","og:description":"Main features: 6.52-inch hd + 1560 x 720 screen The 1.8ghz MediaTek Helio A25 eight-core CPU is used 2GB RAM + 64GB ROM, up to 256GB RAM can be added Rear camera 13MP + 2MP 5MP front facing camera Lithium 4000 mAh battery Operating system version: Android 10.0","og:url":"https:\/\/www.rucashk.com\/pt\/produto\/wiko-view4-lite-dual-sim-smartphone\/","og:image":"https:\/\/www.rucashk.com\/wp-content\/uploads\/replace\/503b8e645f128a97ccde2b6290747646.jpeg","og:image:secure_url":"https:\/\/www.rucashk.com\/wp-content\/uploads\/replace\/503b8e645f128a97ccde2b6290747646.jpeg","og:image:width":1456,"og:image:height":816,"article:published_time":"2024-01-09T15:36:23+00:00","article:modified_time":"2024-03-11T08:15:28+00:00","twitter:card":"summary_large_image","twitter:title":"Wiko View4 Lite Dual SIM Smartphone - Rucas - Wholesale and Distribution","twitter:description":"Main features: 6.52-inch hd + 1560 x 720 screen The 1.8ghz MediaTek Helio A25 eight-core CPU is used 2GB RAM + 64GB ROM, up to 256GB RAM can be added Rear camera 13MP + 2MP 5MP front facing camera Lithium 4000 mAh battery Operating system version: Android 10.0","twitter:image":"https:\/\/www.rucashk.com\/wp-content\/uploads\/replace\/503b8e645f128a97ccde2b6290747646.jpeg","schema":{"@context":"https:\/\/schema.org","@graph":[{"@type":"BreadcrumbList","@id":"https:\/\/www.rucashk.com\/pt\/produto\/wiko-view4-lite-dual-sim-smartphone\/#breadcrumblist","itemListElement":[{"@type":"ListItem","@id":"https:\/\/www.rucashk.com\/pt\/#listItem","position":1,"name":"Home","item":"https:\/\/www.rucashk.com\/pt\/","nextItem":"https:\/\/www.rucashk.com\/pt\/produto\/wiko-view4-lite-dual-sim-smartphone\/#listItem"},{"@type":"ListItem","@id":"https:\/\/www.rucashk.com\/pt\/produto\/wiko-view4-lite-dual-sim-smartphone\/#listItem","position":2,"name":"Wiko View4 Lite  Dual SIM Smartphone","previousItem":"https:\/\/www.rucashk.com\/pt\/#listItem"}]},{"@type":"Organization","@id":"https:\/\/www.rucashk.com\/pt\/#organization","name":"Rucas","url":"https:\/\/www.rucashk.com\/pt\/","logo":{"@type":"ImageObject","url":"https:\/\/www.rucashk.com\/wp-content\/uploads\/2023\/12\/Rucas_campany_logo.png","@id":"https:\/\/www.rucashk.com\/pt\/produto\/wiko-view4-lite-dual-sim-smartphone\/#organizationLogo","width":221,"height":65},"image":{"@id":"https:\/\/www.rucashk.com\/pt\/#organizationLogo"}},{"@type":"Person","@id":"https:\/\/www.rucashk.com\/pt\/author\/admin\/#author","url":"https:\/\/www.rucashk.com\/pt\/author\/admin\/","name":"admin","image":{"@type":"ImageObject","@id":"https:\/\/www.rucashk.com\/pt\/produto\/wiko-view4-lite-dual-sim-smartphone\/#authorImage","url":"https:\/\/secure.gravatar.com\/avatar\/b7c8925b09a27e72b30232f8ecaadbd5af0f70a38c78096863fe51b64f031c24?s=96&d=mm&r=g","width":96,"height":96,"caption":"admin"}},{"@type":"WebPage","@id":"https:\/\/www.rucashk.com\/pt\/produto\/wiko-view4-lite-dual-sim-smartphone\/#webpage","url":"https:\/\/www.rucashk.com\/pt\/produto\/wiko-view4-lite-dual-sim-smartphone\/","name":"Wiko View4 Lite Dual SIM Smartphone - Rucas - Wholesale and Distribution","description":"Main features: 6.52-inch hd + 1560 x 720 screen The 1.8ghz MediaTek Helio A25 eight-core CPU is used 2GB RAM + 64GB ROM, up to 256GB RAM can be added Rear camera 13MP + 2MP 5MP front facing camera Lithium 4000 mAh battery Operating system version: Android 10.0","inLanguage":"pt-PT","isPartOf":{"@id":"https:\/\/www.rucashk.com\/pt\/#website"},"breadcrumb":{"@id":"https:\/\/www.rucashk.com\/pt\/produto\/wiko-view4-lite-dual-sim-smartphone\/#breadcrumblist"},"author":{"@id":"https:\/\/www.rucashk.com\/pt\/author\/admin\/#author"},"creator":{"@id":"https:\/\/www.rucashk.com\/pt\/author\/admin\/#author"},"image":{"@type":"ImageObject","url":"https:\/\/www.rucashk.com\/wp-content\/uploads\/2024\/01\/ab22808c00cb203e0fd4a4acadf0890c-614x615-1.jpg","@id":"https:\/\/www.rucashk.com\/pt\/produto\/wiko-view4-lite-dual-sim-smartphone\/#mainImage","width":614,"height":615},"primaryImageOfPage":{"@id":"https:\/\/www.rucashk.com\/pt\/produto\/wiko-view4-lite-dual-sim-smartphone\/#mainImage"},"datePublished":"2024-01-09T15:36:23+00:00","dateModified":"2024-03-11T08:15:28+00:00"},{"@type":"WebSite","@id":"https:\/\/www.rucashk.com\/pt\/#website","url":"https:\/\/www.rucashk.com\/pt\/","name":"Rucas - Wholesale and distribution worldwide","alternateName":"Rucas - One-stop AIoT Distribution Worldwide","description":"One-stop AIoT Distribution Worldwide","inLanguage":"pt-PT","publisher":{"@id":"https:\/\/www.rucashk.com\/pt\/#organization"}}]}},"aioseo_meta_data":{"post_id":"21844","title":null,"description":null,"keywords":null,"keyphrases":null,"primary_term":null,"canonical_url":null,"og_title":null,"og_description":null,"og_object_type":"default","og_image_type":"default","og_image_url":null,"og_image_width":null,"og_image_height":null,"og_image_custom_url":null,"og_image_custom_fields":null,"og_video":null,"og_custom_url":null,"og_article_section":null,"og_article_tags":null,"twitter_use_og":false,"twitter_card":"default","twitter_image_type":"default","twitter_image_url":null,"twitter_image_custom_url":null,"twitter_image_custom_fields":null,"twitter_title":null,"twitter_description":null,"schema":{"blockGraphs":[],"customGraphs":[],"default":{"data":{"Article":[],"Course":[],"Dataset":[],"FAQPage":[],"Movie":[],"Person":[],"Product":[],"Recipe":[],"Service":[],"SoftwareApplication":[],"WebPage":[]},"graphName":"","isEnabled":true},"graphs":[]},"schema_type":"default","schema_type_options":null,"pillar_content":false,"robots_default":true,"robots_noindex":false,"robots_noarchive":false,"robots_nosnippet":false,"robots_nofollow":false,"robots_noimageindex":false,"robots_noodp":false,"robots_notranslate":false,"robots_max_snippet":null,"robots_max_videopreview":null,"robots_max_imagepreview":"large","priority":null,"frequency":null,"local_seo":null,"breadcrumb_settings":null,"limit_modified_date":false,"created":"2024-04-11 01:55:20","updated":"2025-06-22 16:31:00"},"aioseo_breadcrumb":"<div class=\"aioseo-breadcrumbs\"><span class=\"aioseo-breadcrumb\">\n\t<a href=\"https:\/\/www.rucashk.com\/pt\" title=\"Home\">Home<\/a>\n<\/span><span class=\"aioseo-breadcrumb-separator\">&raquo;<\/span><span class=\"aioseo-breadcrumb\">\n\t<a href=\"https:\/\/www.rucashk.com\/pt\/products\/\" title=\"Produtos\">Produtos<\/a>\n<\/span><span class=\"aioseo-breadcrumb-separator\">&raquo;<\/span><span class=\"aioseo-breadcrumb\">\n\t<a href=\"https:\/\/www.rucashk.com\/pt\/categoria-produto\/mobile-phone\/\" title=\"Mobile Phone\">Mobile Phone<\/a>\n<\/span><span class=\"aioseo-breadcrumb-separator\">&raquo;<\/span><span class=\"aioseo-breadcrumb\">\n\tWiko View4 Lite  Dual SIM Smartphone\n<\/span><\/div>","aioseo_breadcrumb_json":[{"label":"Home","link":"https:\/\/www.rucashk.com\/pt"},{"label":"Produtos","link":"https:\/\/www.rucashk.com\/pt\/products\/"},{"label":"Mobile Phone","link":"https:\/\/www.rucashk.com\/pt\/categoria-produto\/mobile-phone\/"},{"label":"Wiko View4 Lite  Dual SIM Smartphone","link":"https:\/\/www.rucashk.com\/pt\/produto\/wiko-view4-lite-dual-sim-smartphone\/"}],"_links":{"self":[{"href":"https:\/\/www.rucashk.com\/pt\/wp-json\/wp\/v2\/product\/21844","targetHints":{"allow":["GET"]}}],"collection":[{"href":"https:\/\/www.rucashk.com\/pt\/wp-json\/wp\/v2\/product"}],"about":[{"href":"https:\/\/www.rucashk.com\/pt\/wp-json\/wp\/v2\/types\/product"}],"wp:featuredmedia":[{"embeddable":true,"href":"https:\/\/www.rucashk.com\/pt\/wp-json\/wp\/v2\/media\/21985"}],"wp:attachment":[{"href":"https:\/\/www.rucashk.com\/pt\/wp-json\/wp\/v2\/media?parent=21844"}],"wp:term":[{"taxonomy":"product_brand","embeddable":true,"href":"https:\/\/www.rucashk.com\/pt\/wp-json\/wp\/v2\/product_brand?post=21844"},{"taxonomy":"product_cat","embeddable":true,"href":"https:\/\/www.rucashk.com\/pt\/wp-json\/wp\/v2\/product_cat?post=21844"},{"taxonomy":"product_tag","embeddable":true,"href":"https:\/\/www.rucashk.com\/pt\/wp-json\/wp\/v2\/product_tag?post=21844"}],"curies":[{"name":"wp","href":"https:\/\/api.w.org\/{rel}","templated":true}]}}