{"id":21801,"date":"2024-01-09T15:35:57","date_gmt":"2024-01-09T15:35:57","guid":{"rendered":"http:\/\/rucashk.com\/?post_type=product&#038;p=21801"},"modified":"2024-03-13T12:17:06","modified_gmt":"2024-03-13T12:17:06","slug":"1more-triple-driver-in-ear-earphones","status":"publish","type":"product","link":"https:\/\/www.rucashk.com\/pt\/produto\/1more-triple-driver-in-ear-earphones\/","title":{"rendered":"1MAIS fones de ouvido intra-auriculares com driver triplo"},"content":{"rendered":"<p style=\"text-align: center\"><strong>Nosso estilo intra-auricular com driver triplo representa a miss\u00e3o da 1MORE:<\/strong><\/p>\n<p style=\"text-align: center\">N\u00e3o estamos no neg\u00f3cio de fones de ouvido.<br \/>\nEstamos no ramo da m\u00fasica.<\/p>\n<p style=\"text-align: center\">Nosso triple drive representa todos os detalhes sonoros que os artistas querem que voc\u00ea ou\u00e7a.<br \/>\nEssencialmente, eles desaparecem, ent\u00e3o n\u00e3o h\u00e1 nada entre voc\u00ea e a m\u00fasica.<\/p>\n<p style=\"text-align: center\"><img fetchpriority=\"high\" decoding=\"async\" class=\"aligncenter wp-image-21044 size-full\" src=\"\/wp-content\/uploads\/replace\/3c116235383284ab7f68f0cbdac65348.jpeg\" alt=\"1MORE Triple Driver In-Ear Earphones\" width=\"500\" height=\"233\" \/><\/p>\n<div style=\"text-align: center\">M\u00fasica. Foi entregue.<\/div>\n<div style=\"text-align: center\">Os padr\u00f5es de design incompar\u00e1veis da 1MORE combinam-se com a afina\u00e7\u00e3o visceral de Luca Bignardi para proporcionar uma experi\u00eancia de \u00e1udio profunda.<br \/>\nOuvir nosso triple drive \u00e9 como ouvir sua m\u00fasica favorita ao vivo pela primeira vez.<\/div>\n<p style=\"text-align: center\"><img decoding=\"async\" class=\"aligncenter size-full wp-image-21045\" src=\"\/wp-content\/uploads\/replace\/23e074b28b07e67f737963c61a7d737c.jpeg\" alt=\"1MORE-Triples-cutaway-500\" width=\"500\" height=\"203\" \/><\/p>\n<div style=\"text-align: center\"><strong>Os tr\u00eas pilotos<\/strong><br \/>\nTer tr\u00eas unidades \u00e9 semelhante a instalar um sistema de som surround de \u00faltima gera\u00e7\u00e3o no ouvido.<br \/>\nA unidade din\u00e2mica \u00e9 como um woofer.<br \/>\nNossa armadura \u00e9 como um microtweeter.<br \/>\nOs graves est\u00e3o cheios, a mediana \u00e9 clara, os agudos est\u00e3o brilhando, o campo sonoro \u00e9 amplo.<\/div>\n<div style=\"text-align: center\"><strong>Forma sofisticada<\/strong><br \/>\nNossos fones de ouvido leves de alum\u00ednio s\u00e3o ergonomicamente projetados e inclinados em um \u00e2ngulo que combina com seu canal auditivo, para que voc\u00ea possa desfrutar de m\u00fasica com total conforto.<\/div>\n<div style=\"text-align: center\"><strong>\u00c1udio de alta resolu\u00e7\u00e3o<\/strong><br \/>\nNosso drive triplo \u00e9 certificado em alta resolu\u00e7\u00e3o e possui uma faixa de frequ\u00eancia estendida de 40.000 Hz.<br \/>\nA ind\u00fastria musical est\u00e1 em transi\u00e7\u00e3o para \u00e1udio de alta resolu\u00e7\u00e3o e nosso triple drive \u00e9 adequado a essa tend\u00eancia.<\/div>\n<div style=\"text-align: center\"><strong>Controle remoto de tr\u00eas bot\u00f5es<\/strong><\/div>\n<div style=\"text-align: center\">Um controle remoto acess\u00edvel de tr\u00eas bot\u00f5es <a class=\"\" style=\"width: auto !important\" href=\"https:\/\/www.rucashk.com\/pt\/5-sport-modes-are-added-in-mi-bracelet-5-control-phones-to-shoot-pictures\/\" data-wpil-post-to-id=\"9254\">O controle permite que voc\u00ea controle a m\u00fasica e atenda o telefone<\/a> qualquer hora qualquer lugar.<br \/>\nNossos isoladores de ru\u00eddo e microfones cristalinos fazem com que as conversas pare\u00e7am \u00edntimas, mesmo em ambientes barulhentos.<\/div>\n<p style=\"text-align: center\">Os acess\u00f3rios do fone de ouvido<\/p>\n<p style=\"text-align: center\"><img decoding=\"async\" class=\"aligncenter wp-image-21043 size-full\" src=\"\/wp-content\/uploads\/replace\/a3d0cd8083e5bac23c0ed8dd54c84170.jpeg\" alt=\"1MORE Triple Driver In-Ear Earphones\" width=\"500\" height=\"195\" \/><\/p>\n<p>&nbsp;<\/p>\n<p>&nbsp;<\/p>\n<p>Conte\u00fado do pacote:<\/p>\n<p>1 x fones de ouvido intra-auriculares de unidade tripla<\/p>\n<p>6 x conjuntos de tamp\u00f5es de silicone<\/p>\n<p>3 x conjuntos de tamp\u00f5es de ouvido de espuma<\/p>\n<p>1 x mala com fivela magn\u00e9tica<br \/>\n1 x caixa de armazenamento elegante<br \/>\n1 x qualidade <a class=\"\" style=\"width: auto !important\" href=\"https:\/\/www.rucashk.com\/pt\/produto\/xiaomi-70mai-dual-usb-car-quick-charge-adapter-for-smart-phone\/\" data-wpil-post-to-id=\"2526\">adaptador de avia\u00e7\u00e3o de pino duplo<\/a><br \/>\n1 x clipe de camisa correspondente<\/p>","protected":false},"excerpt":{"rendered":"<p><strong>Caracter\u00edstica principal:<\/strong><br \/>\nTwo balanced armatures and a single dynamic drive provide an extremely accurate listening experience with unmatched dynamic power.<br \/>\nBrought to you by Luca Bignardi, grammy award winning sound engineer, for an accurate presentation of your favorite music.<br \/>\nTilted earplugs will naturally match your ear canal.<br \/>\nThe size of the 6 sets of accompanying earplugs ensures that they are suitable for all groups.<br \/>\nThe embedded controls are compatible with Apple iOS and Android and allow you to easily control volume, select songs and answer phone calls.<\/p>","protected":false},"featured_media":21949,"template":"","meta":[],"product_brand":[],"product_cat":[1341,1305],"product_tag":[466],"class_list":{"0":"post-21801","1":"product","2":"type-product","3":"status-publish","4":"has-post-thumbnail","6":"product_cat-others","7":"product_cat-xiaomi-eco","8":"product_tag-earphones","10":"first","11":"instock","12":"shipping-taxable","13":"product-type-external"},"aioseo_notices":[],"aioseo_head":"\n\t\t<!-- All in One SEO Pro 4.5.9.2 - aioseo.com -->\n\t\t<meta name=\"description\" content=\"Main Feature: Two balanced armatures and a single dynamic drive provide an extremely accurate listening experience with unmatched dynamic power. Brought to you by Luca Bignardi, grammy award winning sound engineer, for an accurate presentation of your favorite music. Tilted earplugs will naturally match your ear canal. The size of the 6 sets of accompanying earplugs ensures that they are suitable for all groups. The embedded controls are compatible with Apple iOS and Android and allow you to easily control volume, select songs and answer phone calls.\" \/>\n\t\t<meta name=\"robots\" content=\"max-image-preview:large\" \/>\n\t\t<link rel=\"canonical\" href=\"https:\/\/www.rucashk.com\/pt\/produto\/1more-triple-driver-in-ear-earphones\/\" \/>\n\t\t<meta name=\"generator\" content=\"All in One SEO Pro (AIOSEO) 4.5.9.2\" \/>\n\t\t<meta property=\"og:locale\" content=\"pt_PT\" \/>\n\t\t<meta property=\"og:site_name\" content=\"Rucas - One-stop AIoT Distribution Worldwide\" \/>\n\t\t<meta property=\"og:type\" content=\"article\" \/>\n\t\t<meta property=\"og:title\" content=\"1MORE Triple Driver In-Ear Earphones - Rucas - Wholesale and Distribution\" \/>\n\t\t<meta property=\"og:description\" content=\"Main Feature: Two balanced armatures and a single dynamic drive provide an extremely accurate listening experience with unmatched dynamic power. Brought to you by Luca Bignardi, grammy award winning sound engineer, for an accurate presentation of your favorite music. Tilted earplugs will naturally match your ear canal. The size of the 6 sets of accompanying earplugs ensures that they are suitable for all groups. The embedded controls are compatible with Apple iOS and Android and allow you to easily control volume, select songs and answer phone calls.\" \/>\n\t\t<meta property=\"og:url\" content=\"https:\/\/www.rucashk.com\/pt\/produto\/1more-triple-driver-in-ear-earphones\/\" \/>\n\t\t<meta property=\"og:image\" content=\"https:\/\/www.rucashk.com\/wp-content\/uploads\/replace\/503b8e645f128a97ccde2b6290747646.jpeg\" \/>\n\t\t<meta property=\"og:image:secure_url\" content=\"https:\/\/www.rucashk.com\/wp-content\/uploads\/replace\/503b8e645f128a97ccde2b6290747646.jpeg\" \/>\n\t\t<meta property=\"og:image:width\" content=\"1456\" \/>\n\t\t<meta property=\"og:image:height\" content=\"816\" \/>\n\t\t<meta property=\"article:published_time\" content=\"2024-01-09T15:35:57+00:00\" \/>\n\t\t<meta property=\"article:modified_time\" content=\"2024-03-13T12:17:06+00:00\" \/>\n\t\t<meta name=\"twitter:card\" content=\"summary_large_image\" \/>\n\t\t<meta name=\"twitter:title\" content=\"1MORE Triple Driver In-Ear Earphones - Rucas - Wholesale and Distribution\" \/>\n\t\t<meta name=\"twitter:description\" content=\"Main Feature: Two balanced armatures and a single dynamic drive provide an extremely accurate listening experience with unmatched dynamic power. Brought to you by Luca Bignardi, grammy award winning sound engineer, for an accurate presentation of your favorite music. Tilted earplugs will naturally match your ear canal. The size of the 6 sets of accompanying earplugs ensures that they are suitable for all groups. The embedded controls are compatible with Apple iOS and Android and allow you to easily control volume, select songs and answer phone calls.\" \/>\n\t\t<meta name=\"twitter:image\" content=\"https:\/\/www.rucashk.com\/wp-content\/uploads\/replace\/503b8e645f128a97ccde2b6290747646.jpeg\" \/>\n\t\t<script type=\"application\/ld+json\" class=\"aioseo-schema\">\n\t\t\t{\"@context\":\"https:\\\/\\\/schema.org\",\"@graph\":[{\"@type\":\"BreadcrumbList\",\"@id\":\"https:\\\/\\\/www.rucashk.com\\\/pt\\\/produto\\\/1more-triple-driver-in-ear-earphones\\\/#breadcrumblist\",\"itemListElement\":[{\"@type\":\"ListItem\",\"@id\":\"https:\\\/\\\/www.rucashk.com\\\/pt\\\/#listItem\",\"position\":1,\"name\":\"Home\",\"item\":\"https:\\\/\\\/www.rucashk.com\\\/pt\\\/\",\"nextItem\":\"https:\\\/\\\/www.rucashk.com\\\/pt\\\/produto\\\/1more-triple-driver-in-ear-earphones\\\/#listItem\"},{\"@type\":\"ListItem\",\"@id\":\"https:\\\/\\\/www.rucashk.com\\\/pt\\\/produto\\\/1more-triple-driver-in-ear-earphones\\\/#listItem\",\"position\":2,\"name\":\"1MORE Triple Driver In-Ear Earphones\",\"previousItem\":\"https:\\\/\\\/www.rucashk.com\\\/pt\\\/#listItem\"}]},{\"@type\":\"Organization\",\"@id\":\"https:\\\/\\\/www.rucashk.com\\\/pt\\\/#organization\",\"name\":\"Rucas\",\"url\":\"https:\\\/\\\/www.rucashk.com\\\/pt\\\/\",\"logo\":{\"@type\":\"ImageObject\",\"url\":\"https:\\\/\\\/www.rucashk.com\\\/wp-content\\\/uploads\\\/2023\\\/12\\\/Rucas_campany_logo.png\",\"@id\":\"https:\\\/\\\/www.rucashk.com\\\/pt\\\/produto\\\/1more-triple-driver-in-ear-earphones\\\/#organizationLogo\",\"width\":221,\"height\":65},\"image\":{\"@id\":\"https:\\\/\\\/www.rucashk.com\\\/pt\\\/#organizationLogo\"}},{\"@type\":\"Person\",\"@id\":\"https:\\\/\\\/www.rucashk.com\\\/pt\\\/author\\\/admin\\\/#author\",\"url\":\"https:\\\/\\\/www.rucashk.com\\\/pt\\\/author\\\/admin\\\/\",\"name\":\"admin\",\"image\":{\"@type\":\"ImageObject\",\"@id\":\"https:\\\/\\\/www.rucashk.com\\\/pt\\\/produto\\\/1more-triple-driver-in-ear-earphones\\\/#authorImage\",\"url\":\"https:\\\/\\\/secure.gravatar.com\\\/avatar\\\/b7c8925b09a27e72b30232f8ecaadbd5af0f70a38c78096863fe51b64f031c24?s=96&d=mm&r=g\",\"width\":96,\"height\":96,\"caption\":\"admin\"}},{\"@type\":\"WebPage\",\"@id\":\"https:\\\/\\\/www.rucashk.com\\\/pt\\\/produto\\\/1more-triple-driver-in-ear-earphones\\\/#webpage\",\"url\":\"https:\\\/\\\/www.rucashk.com\\\/pt\\\/produto\\\/1more-triple-driver-in-ear-earphones\\\/\",\"name\":\"1MORE Triple Driver In-Ear Earphones - Rucas - Wholesale and Distribution\",\"description\":\"Main Feature: Two balanced armatures and a single dynamic drive provide an extremely accurate listening experience with unmatched dynamic power. Brought to you by Luca Bignardi, grammy award winning sound engineer, for an accurate presentation of your favorite music. Tilted earplugs will naturally match your ear canal. The size of the 6 sets of accompanying earplugs ensures that they are suitable for all groups. The embedded controls are compatible with Apple iOS and Android and allow you to easily control volume, select songs and answer phone calls.\",\"inLanguage\":\"pt-PT\",\"isPartOf\":{\"@id\":\"https:\\\/\\\/www.rucashk.com\\\/pt\\\/#website\"},\"breadcrumb\":{\"@id\":\"https:\\\/\\\/www.rucashk.com\\\/pt\\\/produto\\\/1more-triple-driver-in-ear-earphones\\\/#breadcrumblist\"},\"author\":{\"@id\":\"https:\\\/\\\/www.rucashk.com\\\/pt\\\/author\\\/admin\\\/#author\"},\"creator\":{\"@id\":\"https:\\\/\\\/www.rucashk.com\\\/pt\\\/author\\\/admin\\\/#author\"},\"image\":{\"@type\":\"ImageObject\",\"url\":\"https:\\\/\\\/www.rucashk.com\\\/wp-content\\\/uploads\\\/2024\\\/01\\\/Original-Xiaomi-1MORE-Triple-Driver-In-Ear-Earphone-with-In-line-Microphone-and-Remote-for-IOS.jpg\",\"@id\":\"https:\\\/\\\/www.rucashk.com\\\/pt\\\/produto\\\/1more-triple-driver-in-ear-earphones\\\/#mainImage\",\"width\":800,\"height\":800},\"primaryImageOfPage\":{\"@id\":\"https:\\\/\\\/www.rucashk.com\\\/pt\\\/produto\\\/1more-triple-driver-in-ear-earphones\\\/#mainImage\"},\"datePublished\":\"2024-01-09T15:35:57+00:00\",\"dateModified\":\"2024-03-13T12:17:06+00:00\"},{\"@type\":\"WebSite\",\"@id\":\"https:\\\/\\\/www.rucashk.com\\\/pt\\\/#website\",\"url\":\"https:\\\/\\\/www.rucashk.com\\\/pt\\\/\",\"name\":\"Rucas - Wholesale and distribution worldwide\",\"alternateName\":\"Rucas - One-stop AIoT Distribution Worldwide\",\"description\":\"One-stop AIoT Distribution Worldwide\",\"inLanguage\":\"pt-PT\",\"publisher\":{\"@id\":\"https:\\\/\\\/www.rucashk.com\\\/pt\\\/#organization\"}}]}\n\t\t<\/script>\n\t\t<!-- All in One SEO Pro -->\r\n\t\t<title>1MORE Triple Driver In-Ear Earphones - Rucas - Wholesale and Distribution<\/title>\n\n","aioseo_head_json":{"title":"1MORE Triple Driver In-Ear Earphones - Rucas - Wholesale and Distribution","description":"Main Feature: Two balanced armatures and a single dynamic drive provide an extremely accurate listening experience with unmatched dynamic power. Brought to you by Luca Bignardi, grammy award winning sound engineer, for an accurate presentation of your favorite music. Tilted earplugs will naturally match your ear canal. The size of the 6 sets of accompanying earplugs ensures that they are suitable for all groups. The embedded controls are compatible with Apple iOS and Android and allow you to easily control volume, select songs and answer phone calls.","canonical_url":"https:\/\/www.rucashk.com\/pt\/produto\/1more-triple-driver-in-ear-earphones\/","robots":"max-image-preview:large","keywords":"","webmasterTools":{"miscellaneous":""},"og:locale":"pt_PT","og:site_name":"Rucas - One-stop AIoT Distribution Worldwide","og:type":"article","og:title":"1MORE Triple Driver In-Ear Earphones - Rucas - Wholesale and Distribution","og:description":"Main Feature: Two balanced armatures and a single dynamic drive provide an extremely accurate listening experience with unmatched dynamic power. Brought to you by Luca Bignardi, grammy award winning sound engineer, for an accurate presentation of your favorite music. Tilted earplugs will naturally match your ear canal. The size of the 6 sets of accompanying earplugs ensures that they are suitable for all groups. The embedded controls are compatible with Apple iOS and Android and allow you to easily control volume, select songs and answer phone calls.","og:url":"https:\/\/www.rucashk.com\/pt\/produto\/1more-triple-driver-in-ear-earphones\/","og:image":"https:\/\/www.rucashk.com\/wp-content\/uploads\/replace\/503b8e645f128a97ccde2b6290747646.jpeg","og:image:secure_url":"https:\/\/www.rucashk.com\/wp-content\/uploads\/replace\/503b8e645f128a97ccde2b6290747646.jpeg","og:image:width":1456,"og:image:height":816,"article:published_time":"2024-01-09T15:35:57+00:00","article:modified_time":"2024-03-13T12:17:06+00:00","twitter:card":"summary_large_image","twitter:title":"1MORE Triple Driver In-Ear Earphones - Rucas - Wholesale and Distribution","twitter:description":"Main Feature: Two balanced armatures and a single dynamic drive provide an extremely accurate listening experience with unmatched dynamic power. Brought to you by Luca Bignardi, grammy award winning sound engineer, for an accurate presentation of your favorite music. Tilted earplugs will naturally match your ear canal. The size of the 6 sets of accompanying earplugs ensures that they are suitable for all groups. The embedded controls are compatible with Apple iOS and Android and allow you to easily control volume, select songs and answer phone calls.","twitter:image":"https:\/\/www.rucashk.com\/wp-content\/uploads\/replace\/503b8e645f128a97ccde2b6290747646.jpeg","schema":{"@context":"https:\/\/schema.org","@graph":[{"@type":"BreadcrumbList","@id":"https:\/\/www.rucashk.com\/pt\/produto\/1more-triple-driver-in-ear-earphones\/#breadcrumblist","itemListElement":[{"@type":"ListItem","@id":"https:\/\/www.rucashk.com\/pt\/#listItem","position":1,"name":"Home","item":"https:\/\/www.rucashk.com\/pt\/","nextItem":"https:\/\/www.rucashk.com\/pt\/produto\/1more-triple-driver-in-ear-earphones\/#listItem"},{"@type":"ListItem","@id":"https:\/\/www.rucashk.com\/pt\/produto\/1more-triple-driver-in-ear-earphones\/#listItem","position":2,"name":"1MORE Triple Driver In-Ear Earphones","previousItem":"https:\/\/www.rucashk.com\/pt\/#listItem"}]},{"@type":"Organization","@id":"https:\/\/www.rucashk.com\/pt\/#organization","name":"Rucas","url":"https:\/\/www.rucashk.com\/pt\/","logo":{"@type":"ImageObject","url":"https:\/\/www.rucashk.com\/wp-content\/uploads\/2023\/12\/Rucas_campany_logo.png","@id":"https:\/\/www.rucashk.com\/pt\/produto\/1more-triple-driver-in-ear-earphones\/#organizationLogo","width":221,"height":65},"image":{"@id":"https:\/\/www.rucashk.com\/pt\/#organizationLogo"}},{"@type":"Person","@id":"https:\/\/www.rucashk.com\/pt\/author\/admin\/#author","url":"https:\/\/www.rucashk.com\/pt\/author\/admin\/","name":"admin","image":{"@type":"ImageObject","@id":"https:\/\/www.rucashk.com\/pt\/produto\/1more-triple-driver-in-ear-earphones\/#authorImage","url":"https:\/\/secure.gravatar.com\/avatar\/b7c8925b09a27e72b30232f8ecaadbd5af0f70a38c78096863fe51b64f031c24?s=96&d=mm&r=g","width":96,"height":96,"caption":"admin"}},{"@type":"WebPage","@id":"https:\/\/www.rucashk.com\/pt\/produto\/1more-triple-driver-in-ear-earphones\/#webpage","url":"https:\/\/www.rucashk.com\/pt\/produto\/1more-triple-driver-in-ear-earphones\/","name":"1MORE Triple Driver In-Ear Earphones - Rucas - Wholesale and Distribution","description":"Main Feature: Two balanced armatures and a single dynamic drive provide an extremely accurate listening experience with unmatched dynamic power. Brought to you by Luca Bignardi, grammy award winning sound engineer, for an accurate presentation of your favorite music. Tilted earplugs will naturally match your ear canal. The size of the 6 sets of accompanying earplugs ensures that they are suitable for all groups. The embedded controls are compatible with Apple iOS and Android and allow you to easily control volume, select songs and answer phone calls.","inLanguage":"pt-PT","isPartOf":{"@id":"https:\/\/www.rucashk.com\/pt\/#website"},"breadcrumb":{"@id":"https:\/\/www.rucashk.com\/pt\/produto\/1more-triple-driver-in-ear-earphones\/#breadcrumblist"},"author":{"@id":"https:\/\/www.rucashk.com\/pt\/author\/admin\/#author"},"creator":{"@id":"https:\/\/www.rucashk.com\/pt\/author\/admin\/#author"},"image":{"@type":"ImageObject","url":"https:\/\/www.rucashk.com\/wp-content\/uploads\/2024\/01\/Original-Xiaomi-1MORE-Triple-Driver-In-Ear-Earphone-with-In-line-Microphone-and-Remote-for-IOS.jpg","@id":"https:\/\/www.rucashk.com\/pt\/produto\/1more-triple-driver-in-ear-earphones\/#mainImage","width":800,"height":800},"primaryImageOfPage":{"@id":"https:\/\/www.rucashk.com\/pt\/produto\/1more-triple-driver-in-ear-earphones\/#mainImage"},"datePublished":"2024-01-09T15:35:57+00:00","dateModified":"2024-03-13T12:17:06+00:00"},{"@type":"WebSite","@id":"https:\/\/www.rucashk.com\/pt\/#website","url":"https:\/\/www.rucashk.com\/pt\/","name":"Rucas - Wholesale and distribution worldwide","alternateName":"Rucas - One-stop AIoT Distribution Worldwide","description":"One-stop AIoT Distribution Worldwide","inLanguage":"pt-PT","publisher":{"@id":"https:\/\/www.rucashk.com\/pt\/#organization"}}]}},"aioseo_meta_data":{"post_id":"21801","title":null,"description":null,"keywords":null,"keyphrases":null,"primary_term":null,"canonical_url":null,"og_title":null,"og_description":null,"og_object_type":"default","og_image_type":"default","og_image_url":null,"og_image_width":null,"og_image_height":null,"og_image_custom_url":null,"og_image_custom_fields":null,"og_video":null,"og_custom_url":null,"og_article_section":null,"og_article_tags":null,"twitter_use_og":false,"twitter_card":"default","twitter_image_type":"default","twitter_image_url":null,"twitter_image_custom_url":null,"twitter_image_custom_fields":null,"twitter_title":null,"twitter_description":null,"schema":{"blockGraphs":[],"customGraphs":[],"default":{"data":{"Article":[],"Course":[],"Dataset":[],"FAQPage":[],"Movie":[],"Person":[],"Product":[],"Recipe":[],"Service":[],"SoftwareApplication":[],"WebPage":[]},"graphName":"","isEnabled":true},"graphs":[]},"schema_type":"default","schema_type_options":null,"pillar_content":false,"robots_default":true,"robots_noindex":false,"robots_noarchive":false,"robots_nosnippet":false,"robots_nofollow":false,"robots_noimageindex":false,"robots_noodp":false,"robots_notranslate":false,"robots_max_snippet":null,"robots_max_videopreview":null,"robots_max_imagepreview":"large","priority":null,"frequency":null,"local_seo":null,"breadcrumb_settings":null,"limit_modified_date":false,"created":"2024-04-11 01:55:20","updated":"2025-06-22 16:30:59"},"aioseo_breadcrumb":"<div class=\"aioseo-breadcrumbs\"><span class=\"aioseo-breadcrumb\">\n\t<a href=\"https:\/\/www.rucashk.com\/pt\" title=\"Home\">Home<\/a>\n<\/span><span class=\"aioseo-breadcrumb-separator\">&raquo;<\/span><span class=\"aioseo-breadcrumb\">\n\t<a href=\"https:\/\/www.rucashk.com\/pt\/products\/\" title=\"Produtos\">Produtos<\/a>\n<\/span><span class=\"aioseo-breadcrumb-separator\">&raquo;<\/span><span class=\"aioseo-breadcrumb\">\n\t<a href=\"https:\/\/www.rucashk.com\/pt\/categoria-produto\/xiaomi-eco\/\" title=\"Xiaomi Eco\">Xiaomi Eco<\/a>\n<\/span><span class=\"aioseo-breadcrumb-separator\">&raquo;<\/span><span class=\"aioseo-breadcrumb\">\n\t<a href=\"https:\/\/www.rucashk.com\/pt\/categoria-produto\/xiaomi-eco\/others\/\" title=\"Others\">Others<\/a>\n<\/span><span class=\"aioseo-breadcrumb-separator\">&raquo;<\/span><span class=\"aioseo-breadcrumb\">\n\t1MORE Triple Driver In-Ear Earphones\n<\/span><\/div>","aioseo_breadcrumb_json":[{"label":"Home","link":"https:\/\/www.rucashk.com\/pt"},{"label":"Produtos","link":"https:\/\/www.rucashk.com\/pt\/products\/"},{"label":"Xiaomi Eco","link":"https:\/\/www.rucashk.com\/pt\/categoria-produto\/xiaomi-eco\/"},{"label":"Others","link":"https:\/\/www.rucashk.com\/pt\/categoria-produto\/xiaomi-eco\/others\/"},{"label":"1MORE Triple Driver In-Ear Earphones","link":"https:\/\/www.rucashk.com\/pt\/produto\/1more-triple-driver-in-ear-earphones\/"}],"_links":{"self":[{"href":"https:\/\/www.rucashk.com\/pt\/wp-json\/wp\/v2\/product\/21801","targetHints":{"allow":["GET"]}}],"collection":[{"href":"https:\/\/www.rucashk.com\/pt\/wp-json\/wp\/v2\/product"}],"about":[{"href":"https:\/\/www.rucashk.com\/pt\/wp-json\/wp\/v2\/types\/product"}],"wp:featuredmedia":[{"embeddable":true,"href":"https:\/\/www.rucashk.com\/pt\/wp-json\/wp\/v2\/media\/21949"}],"wp:attachment":[{"href":"https:\/\/www.rucashk.com\/pt\/wp-json\/wp\/v2\/media?parent=21801"}],"wp:term":[{"taxonomy":"product_brand","embeddable":true,"href":"https:\/\/www.rucashk.com\/pt\/wp-json\/wp\/v2\/product_brand?post=21801"},{"taxonomy":"product_cat","embeddable":true,"href":"https:\/\/www.rucashk.com\/pt\/wp-json\/wp\/v2\/product_cat?post=21801"},{"taxonomy":"product_tag","embeddable":true,"href":"https:\/\/www.rucashk.com\/pt\/wp-json\/wp\/v2\/product_tag?post=21801"}],"curies":[{"name":"wp","href":"https:\/\/api.w.org\/{rel}","templated":true}]}}