{"id":21723,"date":"2024-01-09T15:35:11","date_gmt":"2024-01-09T15:35:11","guid":{"rendered":"http:\/\/rucashk.com\/?post_type=product&#038;p=21723"},"modified":"2024-03-13T13:05:22","modified_gmt":"2024-03-13T13:05:22","slug":"brands-in-mi-store-inface-blackhead-remover","status":"publish","type":"product","link":"https:\/\/www.rucashk.com\/pt\/produto\/brands-in-mi-store-inface-blackhead-remover\/","title":{"rendered":"Marcas na Mi Store Removedor de cravo Inface"},"content":{"rendered":"<p dir=\"ltr\"><img fetchpriority=\"high\" decoding=\"async\" class=\"aligncenter\" src=\"\/wp-content\/uploads\/replace\/e136786f396becf1eee88038c735bdca.jpeg\" alt=\"Inface Blackhead Remover\" width=\"1000\" height=\"2029\" \/><img decoding=\"async\" class=\"aligncenter\" src=\"\/wp-content\/uploads\/replace\/63da359e118f74aa5b7bb469c2cacc66.jpeg\" alt=\"Inface Blackhead Remover\" width=\"1000\" height=\"1299\" \/><img decoding=\"async\" class=\"aligncenter\" src=\"\/wp-content\/uploads\/replace\/dc5146e6b4760738077c9068fe98d0d7.jpeg\" alt=\"Inface Blackhead Remover\" width=\"1000\" height=\"1169\" \/><img loading=\"lazy\" decoding=\"async\" class=\"aligncenter\" src=\"\/wp-content\/uploads\/replace\/b3fc9f5ba75844856f3d50eaeacddb65.jpeg\" alt=\"Inface Blackhead Remover\" width=\"1000\" height=\"1363\" \/><img loading=\"lazy\" decoding=\"async\" class=\"aligncenter\" src=\"\/wp-content\/uploads\/replace\/341ac45ba743b56f8ad20f8c5017bef7.jpeg\" alt=\"Inface Blackhead Remover\" width=\"1000\" height=\"1251\" \/><img loading=\"lazy\" decoding=\"async\" class=\"aligncenter\" src=\"\/wp-content\/uploads\/replace\/e453fb5d06c51aaa12e11ee35dafe10e.jpeg\" alt=\"Inface Blackhead Remover\" width=\"1000\" height=\"1198\" \/><img loading=\"lazy\" decoding=\"async\" class=\"aligncenter\" src=\"\/wp-content\/uploads\/replace\/141e4ed11fd4073ba58bfdc12271f79e.jpeg\" alt=\"Inface Blackhead Remover\" width=\"1000\" height=\"925\" \/><img loading=\"lazy\" decoding=\"async\" class=\"aligncenter\" src=\"\/wp-content\/uploads\/replace\/92e8baaa349947e20768b6927ac99e93.jpeg\" alt=\"Inface Blackhead Remover\" width=\"1000\" height=\"862\" \/><img loading=\"lazy\" decoding=\"async\" class=\"aligncenter\" src=\"\/wp-content\/uploads\/replace\/026975bad0c51ae9f7ea1b8a0f416b66.jpeg\" alt=\"Inface Blackhead Remover\" width=\"1000\" height=\"1410\" \/><img loading=\"lazy\" decoding=\"async\" class=\"aligncenter\" src=\"\/wp-content\/uploads\/replace\/c1995f6f1b2b401bb19cd6071b753ecc.jpeg\" alt=\"Inface Blackhead Remover\" width=\"1000\" height=\"1680\" \/><img loading=\"lazy\" decoding=\"async\" class=\"aligncenter\" src=\"\/wp-content\/uploads\/replace\/5a801840f33348d3a9e65af11a074eac.jpeg\" alt=\"Inface Blackhead Remover\" width=\"1000\" height=\"1691\" \/><img loading=\"lazy\" decoding=\"async\" class=\"aligncenter\" src=\"\/wp-content\/uploads\/replace\/ca9356fde005d571b1aedd2ddbd277fe.jpeg\" alt=\"Inface Blackhead Remover\" width=\"1000\" height=\"1111\" \/><img loading=\"lazy\" decoding=\"async\" class=\"aligncenter\" src=\"\/wp-content\/uploads\/replace\/1c08e14c73886f30a93d599df032d467.jpeg\" alt=\"Inface Blackhead Remover\" width=\"1000\" height=\"1111\" \/><img loading=\"lazy\" decoding=\"async\" class=\"aligncenter\" src=\"\/wp-content\/uploads\/replace\/11497ab1a113602e3b64c2b7d7fcd364.jpeg\" alt=\"Inface Blackhead Remover\" width=\"1000\" height=\"555\" \/><img loading=\"lazy\" decoding=\"async\" class=\"aligncenter\" src=\"\/wp-content\/uploads\/replace\/0fab13101a0c46afa2e9adf36ddc5be2.jpeg\" alt=\"Inface Blackhead Remover\" width=\"1000\" height=\"734\" \/><img loading=\"lazy\" decoding=\"async\" class=\"aligncenter\" src=\"\/wp-content\/uploads\/replace\/7ca842982d36f794ca984d1e52570924.jpeg\" alt=\"Inface Blackhead Remover\" width=\"1000\" height=\"1239\" \/><img loading=\"lazy\" decoding=\"async\" class=\"aligncenter\" src=\"\/wp-content\/uploads\/replace\/f6b83e6e35dbd901f2f7420e3cea7e30.jpeg\" alt=\"Inface Blackhead Remover\" width=\"1000\" height=\"1316\" data-spm-anchor-id=\"a2g0o.detail.1000023.i2.20565539xlxTr8\" \/><\/p>\n<p dir=\"ltr\">","protected":false},"excerpt":{"rendered":"<div>Principais caracter\u00edsticas:<\/div>\n<div>2 modos<\/div>\n<div>Alta suc\u00e7\u00e3o, recomendada para homens; Uma suc\u00e7\u00e3o calmante, adequada para mulheres e peles sens\u00edveis<\/div>\n<div>3 engrenagem de suc\u00e7\u00e3o<\/div>\n<div>Suc\u00e7\u00f5es diferentes, respondem a peles diferentes e permitem que os cravos sejam completamente resolvidos.<\/div>\n<div>4 bocal<\/div>\n<div data-spm-anchor-id=\"a2g0o.detail.1000023.i0.343c5c0fgP0nTc\">O design convexo curvado de 30\u00b0 \u00e9 mais adequado para a pele facial, n\u00e3o s\u00f3 para proteger a pele, mas tamb\u00e9m para remover cravos pretos.<\/div>","protected":false},"featured_media":21863,"template":"","meta":[],"product_brand":[],"product_cat":[1320,1305],"product_tag":[561,562],"class_list":{"0":"post-21723","1":"product","2":"type-product","3":"status-publish","4":"has-post-thumbnail","6":"product_cat-personal-care","7":"product_cat-xiaomi-eco","8":"product_tag-blackhead-remover","9":"product_tag-inface","11":"first","12":"instock","13":"shipping-taxable","14":"product-type-external"},"aioseo_notices":[],"aioseo_head":"\n\t\t<!-- All in One SEO Pro 4.5.9.2 - aioseo.com -->\n\t\t<meta name=\"description\" content=\"Main Features: 2 Modes A High Suction, Recommended For Men; A Soothing Suction \uff0csuitable For Women And Sensitive Skin 3 Suction Gear Different Suctions, Respond To Different Skins, And Let The Blackheads Be Completely Solved. 4 Nozzle The 30\u00b0 Curved Convex Design Is More Suitable For Facial Skin, Not Only To Protect The Skin, But Also To Remove Blackheads.\" \/>\n\t\t<meta name=\"robots\" content=\"max-image-preview:large\" \/>\n\t\t<link rel=\"canonical\" href=\"https:\/\/www.rucashk.com\/pt\/produto\/brands-in-mi-store-inface-blackhead-remover\/\" \/>\n\t\t<meta name=\"generator\" content=\"All in One SEO Pro (AIOSEO) 4.5.9.2\" \/>\n\t\t<meta property=\"og:locale\" content=\"pt_PT\" \/>\n\t\t<meta property=\"og:site_name\" content=\"Rucas - One-stop AIoT Distribution Worldwide\" \/>\n\t\t<meta property=\"og:type\" content=\"article\" \/>\n\t\t<meta property=\"og:title\" content=\"Brands in Mi Store Inface Blackhead Remover - Rucas - Wholesale and Distribution\" \/>\n\t\t<meta property=\"og:description\" content=\"Main Features: 2 Modes A High Suction, Recommended For Men; A Soothing Suction \uff0csuitable For Women And Sensitive Skin 3 Suction Gear Different Suctions, Respond To Different Skins, And Let The Blackheads Be Completely Solved. 4 Nozzle The 30\u00b0 Curved Convex Design Is More Suitable For Facial Skin, Not Only To Protect The Skin, But Also To Remove Blackheads.\" \/>\n\t\t<meta property=\"og:url\" content=\"https:\/\/www.rucashk.com\/pt\/produto\/brands-in-mi-store-inface-blackhead-remover\/\" \/>\n\t\t<meta property=\"og:image\" content=\"https:\/\/www.rucashk.com\/wp-content\/uploads\/replace\/503b8e645f128a97ccde2b6290747646.jpeg\" \/>\n\t\t<meta property=\"og:image:secure_url\" content=\"https:\/\/www.rucashk.com\/wp-content\/uploads\/replace\/503b8e645f128a97ccde2b6290747646.jpeg\" \/>\n\t\t<meta property=\"og:image:width\" content=\"1456\" \/>\n\t\t<meta property=\"og:image:height\" content=\"816\" \/>\n\t\t<meta property=\"article:published_time\" content=\"2024-01-09T15:35:11+00:00\" \/>\n\t\t<meta property=\"article:modified_time\" content=\"2024-03-13T13:05:22+00:00\" \/>\n\t\t<meta name=\"twitter:card\" content=\"summary_large_image\" \/>\n\t\t<meta name=\"twitter:title\" content=\"Brands in Mi Store Inface Blackhead Remover - Rucas - Wholesale and Distribution\" \/>\n\t\t<meta name=\"twitter:description\" content=\"Main Features: 2 Modes A High Suction, Recommended For Men; A Soothing Suction \uff0csuitable For Women And Sensitive Skin 3 Suction Gear Different Suctions, Respond To Different Skins, And Let The Blackheads Be Completely Solved. 4 Nozzle The 30\u00b0 Curved Convex Design Is More Suitable For Facial Skin, Not Only To Protect The Skin, But Also To Remove Blackheads.\" \/>\n\t\t<meta name=\"twitter:image\" content=\"https:\/\/www.rucashk.com\/wp-content\/uploads\/replace\/503b8e645f128a97ccde2b6290747646.jpeg\" \/>\n\t\t<script type=\"application\/ld+json\" class=\"aioseo-schema\">\n\t\t\t{\"@context\":\"https:\\\/\\\/schema.org\",\"@graph\":[{\"@type\":\"BreadcrumbList\",\"@id\":\"https:\\\/\\\/www.rucashk.com\\\/pt\\\/produto\\\/brands-in-mi-store-inface-blackhead-remover\\\/#breadcrumblist\",\"itemListElement\":[{\"@type\":\"ListItem\",\"@id\":\"https:\\\/\\\/www.rucashk.com\\\/pt\\\/#listItem\",\"position\":1,\"name\":\"Home\",\"item\":\"https:\\\/\\\/www.rucashk.com\\\/pt\\\/\",\"nextItem\":\"https:\\\/\\\/www.rucashk.com\\\/pt\\\/produto\\\/brands-in-mi-store-inface-blackhead-remover\\\/#listItem\"},{\"@type\":\"ListItem\",\"@id\":\"https:\\\/\\\/www.rucashk.com\\\/pt\\\/produto\\\/brands-in-mi-store-inface-blackhead-remover\\\/#listItem\",\"position\":2,\"name\":\"Brands in Mi Store Inface Blackhead Remover\",\"previousItem\":\"https:\\\/\\\/www.rucashk.com\\\/pt\\\/#listItem\"}]},{\"@type\":\"Organization\",\"@id\":\"https:\\\/\\\/www.rucashk.com\\\/pt\\\/#organization\",\"name\":\"Rucas\",\"url\":\"https:\\\/\\\/www.rucashk.com\\\/pt\\\/\",\"logo\":{\"@type\":\"ImageObject\",\"url\":\"https:\\\/\\\/www.rucashk.com\\\/wp-content\\\/uploads\\\/2023\\\/12\\\/Rucas_campany_logo.png\",\"@id\":\"https:\\\/\\\/www.rucashk.com\\\/pt\\\/produto\\\/brands-in-mi-store-inface-blackhead-remover\\\/#organizationLogo\",\"width\":221,\"height\":65},\"image\":{\"@id\":\"https:\\\/\\\/www.rucashk.com\\\/pt\\\/#organizationLogo\"}},{\"@type\":\"Person\",\"@id\":\"https:\\\/\\\/www.rucashk.com\\\/pt\\\/author\\\/admin\\\/#author\",\"url\":\"https:\\\/\\\/www.rucashk.com\\\/pt\\\/author\\\/admin\\\/\",\"name\":\"admin\",\"image\":{\"@type\":\"ImageObject\",\"@id\":\"https:\\\/\\\/www.rucashk.com\\\/pt\\\/produto\\\/brands-in-mi-store-inface-blackhead-remover\\\/#authorImage\",\"url\":\"https:\\\/\\\/secure.gravatar.com\\\/avatar\\\/b7c8925b09a27e72b30232f8ecaadbd5af0f70a38c78096863fe51b64f031c24?s=96&d=mm&r=g\",\"width\":96,\"height\":96,\"caption\":\"admin\"}},{\"@type\":\"WebPage\",\"@id\":\"https:\\\/\\\/www.rucashk.com\\\/pt\\\/produto\\\/brands-in-mi-store-inface-blackhead-remover\\\/#webpage\",\"url\":\"https:\\\/\\\/www.rucashk.com\\\/pt\\\/produto\\\/brands-in-mi-store-inface-blackhead-remover\\\/\",\"name\":\"Brands in Mi Store Inface Blackhead Remover - Rucas - Wholesale and Distribution\",\"description\":\"Main Features: 2 Modes A High Suction, Recommended For Men; A Soothing Suction \\uff0csuitable For Women And Sensitive Skin 3 Suction Gear Different Suctions, Respond To Different Skins, And Let The Blackheads Be Completely Solved. 4 Nozzle The 30\\u00b0 Curved Convex Design Is More Suitable For Facial Skin, Not Only To Protect The Skin, But Also To Remove Blackheads.\",\"inLanguage\":\"pt-PT\",\"isPartOf\":{\"@id\":\"https:\\\/\\\/www.rucashk.com\\\/pt\\\/#website\"},\"breadcrumb\":{\"@id\":\"https:\\\/\\\/www.rucashk.com\\\/pt\\\/produto\\\/brands-in-mi-store-inface-blackhead-remover\\\/#breadcrumblist\"},\"author\":{\"@id\":\"https:\\\/\\\/www.rucashk.com\\\/pt\\\/author\\\/admin\\\/#author\"},\"creator\":{\"@id\":\"https:\\\/\\\/www.rucashk.com\\\/pt\\\/author\\\/admin\\\/#author\"},\"image\":{\"@type\":\"ImageObject\",\"url\":\"https:\\\/\\\/www.rucashk.com\\\/wp-content\\\/uploads\\\/2024\\\/01\\\/InFace-Vacuum-Blackhead-Remover-Skin-Care-Pore-Acne-Pimple-Removal-Blackhead-Removal-Device-Vacuum-Pore-Cleaner.jpg\",\"@id\":\"https:\\\/\\\/www.rucashk.com\\\/pt\\\/produto\\\/brands-in-mi-store-inface-blackhead-remover\\\/#mainImage\",\"width\":800,\"height\":800},\"primaryImageOfPage\":{\"@id\":\"https:\\\/\\\/www.rucashk.com\\\/pt\\\/produto\\\/brands-in-mi-store-inface-blackhead-remover\\\/#mainImage\"},\"datePublished\":\"2024-01-09T15:35:11+00:00\",\"dateModified\":\"2024-03-13T13:05:22+00:00\"},{\"@type\":\"WebSite\",\"@id\":\"https:\\\/\\\/www.rucashk.com\\\/pt\\\/#website\",\"url\":\"https:\\\/\\\/www.rucashk.com\\\/pt\\\/\",\"name\":\"Rucas - Wholesale and distribution worldwide\",\"alternateName\":\"Rucas - One-stop AIoT Distribution Worldwide\",\"description\":\"One-stop AIoT Distribution Worldwide\",\"inLanguage\":\"pt-PT\",\"publisher\":{\"@id\":\"https:\\\/\\\/www.rucashk.com\\\/pt\\\/#organization\"}}]}\n\t\t<\/script>\n\t\t<!-- All in One SEO Pro -->\r\n\t\t<title>Brands in Mi Store Inface Blackhead Remover - Rucas - Wholesale and Distribution<\/title>\n\n","aioseo_head_json":{"title":"Brands in Mi Store Inface Blackhead Remover - Rucas - Wholesale and Distribution","description":"Main Features: 2 Modes A High Suction, Recommended For Men; A Soothing Suction \uff0csuitable For Women And Sensitive Skin 3 Suction Gear Different Suctions, Respond To Different Skins, And Let The Blackheads Be Completely Solved. 4 Nozzle The 30\u00b0 Curved Convex Design Is More Suitable For Facial Skin, Not Only To Protect The Skin, But Also To Remove Blackheads.","canonical_url":"https:\/\/www.rucashk.com\/pt\/produto\/brands-in-mi-store-inface-blackhead-remover\/","robots":"max-image-preview:large","keywords":"","webmasterTools":{"miscellaneous":""},"og:locale":"pt_PT","og:site_name":"Rucas - One-stop AIoT Distribution Worldwide","og:type":"article","og:title":"Brands in Mi Store Inface Blackhead Remover - Rucas - Wholesale and Distribution","og:description":"Main Features: 2 Modes A High Suction, Recommended For Men; A Soothing Suction \uff0csuitable For Women And Sensitive Skin 3 Suction Gear Different Suctions, Respond To Different Skins, And Let The Blackheads Be Completely Solved. 4 Nozzle The 30\u00b0 Curved Convex Design Is More Suitable For Facial Skin, Not Only To Protect The Skin, But Also To Remove Blackheads.","og:url":"https:\/\/www.rucashk.com\/pt\/produto\/brands-in-mi-store-inface-blackhead-remover\/","og:image":"https:\/\/www.rucashk.com\/wp-content\/uploads\/replace\/503b8e645f128a97ccde2b6290747646.jpeg","og:image:secure_url":"https:\/\/www.rucashk.com\/wp-content\/uploads\/replace\/503b8e645f128a97ccde2b6290747646.jpeg","og:image:width":1456,"og:image:height":816,"article:published_time":"2024-01-09T15:35:11+00:00","article:modified_time":"2024-03-13T13:05:22+00:00","twitter:card":"summary_large_image","twitter:title":"Brands in Mi Store Inface Blackhead Remover - Rucas - Wholesale and Distribution","twitter:description":"Main Features: 2 Modes A High Suction, Recommended For Men; A Soothing Suction \uff0csuitable For Women And Sensitive Skin 3 Suction Gear Different Suctions, Respond To Different Skins, And Let The Blackheads Be Completely Solved. 4 Nozzle The 30\u00b0 Curved Convex Design Is More Suitable For Facial Skin, Not Only To Protect The Skin, But Also To Remove Blackheads.","twitter:image":"https:\/\/www.rucashk.com\/wp-content\/uploads\/replace\/503b8e645f128a97ccde2b6290747646.jpeg","schema":{"@context":"https:\/\/schema.org","@graph":[{"@type":"BreadcrumbList","@id":"https:\/\/www.rucashk.com\/pt\/produto\/brands-in-mi-store-inface-blackhead-remover\/#breadcrumblist","itemListElement":[{"@type":"ListItem","@id":"https:\/\/www.rucashk.com\/pt\/#listItem","position":1,"name":"Home","item":"https:\/\/www.rucashk.com\/pt\/","nextItem":"https:\/\/www.rucashk.com\/pt\/produto\/brands-in-mi-store-inface-blackhead-remover\/#listItem"},{"@type":"ListItem","@id":"https:\/\/www.rucashk.com\/pt\/produto\/brands-in-mi-store-inface-blackhead-remover\/#listItem","position":2,"name":"Brands in Mi Store Inface Blackhead Remover","previousItem":"https:\/\/www.rucashk.com\/pt\/#listItem"}]},{"@type":"Organization","@id":"https:\/\/www.rucashk.com\/pt\/#organization","name":"Rucas","url":"https:\/\/www.rucashk.com\/pt\/","logo":{"@type":"ImageObject","url":"https:\/\/www.rucashk.com\/wp-content\/uploads\/2023\/12\/Rucas_campany_logo.png","@id":"https:\/\/www.rucashk.com\/pt\/produto\/brands-in-mi-store-inface-blackhead-remover\/#organizationLogo","width":221,"height":65},"image":{"@id":"https:\/\/www.rucashk.com\/pt\/#organizationLogo"}},{"@type":"Person","@id":"https:\/\/www.rucashk.com\/pt\/author\/admin\/#author","url":"https:\/\/www.rucashk.com\/pt\/author\/admin\/","name":"admin","image":{"@type":"ImageObject","@id":"https:\/\/www.rucashk.com\/pt\/produto\/brands-in-mi-store-inface-blackhead-remover\/#authorImage","url":"https:\/\/secure.gravatar.com\/avatar\/b7c8925b09a27e72b30232f8ecaadbd5af0f70a38c78096863fe51b64f031c24?s=96&d=mm&r=g","width":96,"height":96,"caption":"admin"}},{"@type":"WebPage","@id":"https:\/\/www.rucashk.com\/pt\/produto\/brands-in-mi-store-inface-blackhead-remover\/#webpage","url":"https:\/\/www.rucashk.com\/pt\/produto\/brands-in-mi-store-inface-blackhead-remover\/","name":"Brands in Mi Store Inface Blackhead Remover - Rucas - Wholesale and Distribution","description":"Main Features: 2 Modes A High Suction, Recommended For Men; A Soothing Suction \uff0csuitable For Women And Sensitive Skin 3 Suction Gear Different Suctions, Respond To Different Skins, And Let The Blackheads Be Completely Solved. 4 Nozzle The 30\u00b0 Curved Convex Design Is More Suitable For Facial Skin, Not Only To Protect The Skin, But Also To Remove Blackheads.","inLanguage":"pt-PT","isPartOf":{"@id":"https:\/\/www.rucashk.com\/pt\/#website"},"breadcrumb":{"@id":"https:\/\/www.rucashk.com\/pt\/produto\/brands-in-mi-store-inface-blackhead-remover\/#breadcrumblist"},"author":{"@id":"https:\/\/www.rucashk.com\/pt\/author\/admin\/#author"},"creator":{"@id":"https:\/\/www.rucashk.com\/pt\/author\/admin\/#author"},"image":{"@type":"ImageObject","url":"https:\/\/www.rucashk.com\/wp-content\/uploads\/2024\/01\/InFace-Vacuum-Blackhead-Remover-Skin-Care-Pore-Acne-Pimple-Removal-Blackhead-Removal-Device-Vacuum-Pore-Cleaner.jpg","@id":"https:\/\/www.rucashk.com\/pt\/produto\/brands-in-mi-store-inface-blackhead-remover\/#mainImage","width":800,"height":800},"primaryImageOfPage":{"@id":"https:\/\/www.rucashk.com\/pt\/produto\/brands-in-mi-store-inface-blackhead-remover\/#mainImage"},"datePublished":"2024-01-09T15:35:11+00:00","dateModified":"2024-03-13T13:05:22+00:00"},{"@type":"WebSite","@id":"https:\/\/www.rucashk.com\/pt\/#website","url":"https:\/\/www.rucashk.com\/pt\/","name":"Rucas - Wholesale and distribution worldwide","alternateName":"Rucas - One-stop AIoT Distribution Worldwide","description":"One-stop AIoT Distribution Worldwide","inLanguage":"pt-PT","publisher":{"@id":"https:\/\/www.rucashk.com\/pt\/#organization"}}]}},"aioseo_meta_data":{"post_id":"21723","title":null,"description":null,"keywords":null,"keyphrases":null,"primary_term":null,"canonical_url":null,"og_title":null,"og_description":null,"og_object_type":"default","og_image_type":"default","og_image_url":null,"og_image_width":null,"og_image_height":null,"og_image_custom_url":null,"og_image_custom_fields":null,"og_video":null,"og_custom_url":null,"og_article_section":null,"og_article_tags":null,"twitter_use_og":false,"twitter_card":"default","twitter_image_type":"default","twitter_image_url":null,"twitter_image_custom_url":null,"twitter_image_custom_fields":null,"twitter_title":null,"twitter_description":null,"schema":{"blockGraphs":[],"customGraphs":[],"default":{"data":{"Article":[],"Course":[],"Dataset":[],"FAQPage":[],"Movie":[],"Person":[],"Product":[],"Recipe":[],"Service":[],"SoftwareApplication":[],"WebPage":[]},"graphName":"","isEnabled":true},"graphs":[]},"schema_type":"default","schema_type_options":null,"pillar_content":false,"robots_default":true,"robots_noindex":false,"robots_noarchive":false,"robots_nosnippet":false,"robots_nofollow":false,"robots_noimageindex":false,"robots_noodp":false,"robots_notranslate":false,"robots_max_snippet":null,"robots_max_videopreview":null,"robots_max_imagepreview":"large","priority":null,"frequency":null,"local_seo":null,"breadcrumb_settings":null,"limit_modified_date":false,"created":"2024-04-11 01:55:20","updated":"2025-06-22 16:29:58"},"aioseo_breadcrumb":"<div class=\"aioseo-breadcrumbs\"><span class=\"aioseo-breadcrumb\">\n\t<a href=\"https:\/\/www.rucashk.com\/pt\" title=\"Home\">Home<\/a>\n<\/span><span class=\"aioseo-breadcrumb-separator\">&raquo;<\/span><span class=\"aioseo-breadcrumb\">\n\t<a href=\"https:\/\/www.rucashk.com\/pt\/products\/\" title=\"Produtos\">Produtos<\/a>\n<\/span><span class=\"aioseo-breadcrumb-separator\">&raquo;<\/span><span class=\"aioseo-breadcrumb\">\n\t<a href=\"https:\/\/www.rucashk.com\/pt\/categoria-produto\/xiaomi-eco\/\" title=\"Xiaomi Eco\">Xiaomi Eco<\/a>\n<\/span><span class=\"aioseo-breadcrumb-separator\">&raquo;<\/span><span class=\"aioseo-breadcrumb\">\n\t<a href=\"https:\/\/www.rucashk.com\/pt\/categoria-produto\/xiaomi-eco\/personal-care\/\" title=\"Personal Care\">Personal Care<\/a>\n<\/span><span class=\"aioseo-breadcrumb-separator\">&raquo;<\/span><span class=\"aioseo-breadcrumb\">\n\tBrands in Mi Store Inface Blackhead Remover\n<\/span><\/div>","aioseo_breadcrumb_json":[{"label":"Home","link":"https:\/\/www.rucashk.com\/pt"},{"label":"Produtos","link":"https:\/\/www.rucashk.com\/pt\/products\/"},{"label":"Xiaomi Eco","link":"https:\/\/www.rucashk.com\/pt\/categoria-produto\/xiaomi-eco\/"},{"label":"Personal Care","link":"https:\/\/www.rucashk.com\/pt\/categoria-produto\/xiaomi-eco\/personal-care\/"},{"label":"Brands in Mi Store Inface Blackhead Remover","link":"https:\/\/www.rucashk.com\/pt\/produto\/brands-in-mi-store-inface-blackhead-remover\/"}],"_links":{"self":[{"href":"https:\/\/www.rucashk.com\/pt\/wp-json\/wp\/v2\/product\/21723","targetHints":{"allow":["GET"]}}],"collection":[{"href":"https:\/\/www.rucashk.com\/pt\/wp-json\/wp\/v2\/product"}],"about":[{"href":"https:\/\/www.rucashk.com\/pt\/wp-json\/wp\/v2\/types\/product"}],"wp:featuredmedia":[{"embeddable":true,"href":"https:\/\/www.rucashk.com\/pt\/wp-json\/wp\/v2\/media\/21863"}],"wp:attachment":[{"href":"https:\/\/www.rucashk.com\/pt\/wp-json\/wp\/v2\/media?parent=21723"}],"wp:term":[{"taxonomy":"product_brand","embeddable":true,"href":"https:\/\/www.rucashk.com\/pt\/wp-json\/wp\/v2\/product_brand?post=21723"},{"taxonomy":"product_cat","embeddable":true,"href":"https:\/\/www.rucashk.com\/pt\/wp-json\/wp\/v2\/product_cat?post=21723"},{"taxonomy":"product_tag","embeddable":true,"href":"https:\/\/www.rucashk.com\/pt\/wp-json\/wp\/v2\/product_tag?post=21723"}],"curies":[{"name":"wp","href":"https:\/\/api.w.org\/{rel}","templated":true}]}}