{"id":21720,"date":"2024-01-09T15:35:11","date_gmt":"2024-01-09T15:35:11","guid":{"rendered":"http:\/\/rucashk.com\/?post_type=product&#038;p=21720"},"modified":"2024-01-17T03:58:26","modified_gmt":"2024-01-17T03:58:26","slug":"brands-in-mi-store-oclean-one-sonic-electric-toothbrush","status":"publish","type":"product","link":"https:\/\/www.rucashk.com\/pt\/produto\/brands-in-mi-store-oclean-one-sonic-electric-toothbrush\/","title":{"rendered":"Marcas na Mi Store Escova de dentes el\u00e9trica Oclean One Sonic"},"content":{"rendered":"<p><img fetchpriority=\"high\" decoding=\"async\" class=\"aligncenter\" src=\"https:\/\/www.rucashk.com\/wp-content\/uploads\/2020\/05\/HTB1ydGwQmzqK1RjSZFLq6An2XXar-1-1.jpg\" alt=\"Oclean One Sonic Electric Toothbrush\" width=\"950\" height=\"1338\" \/><\/p>\n<p style=\"text-align: center\"><img decoding=\"async\" class=\"alignnone\" src=\"https:\/\/www.rucashk.com\/wp-content\/uploads\/2020\/05\/HTB1gzqNQhjaK1RjSZFAq6zdLFXa7-1-1.jpg\" alt=\"Oclean One Sonic Electric Toothbrush\" width=\"950\" height=\"303\" \/><\/p>\n<p style=\"text-align: center\"><img decoding=\"async\" class=\"alignnone\" src=\"https:\/\/www.rucashk.com\/wp-content\/uploads\/2020\/05\/HTB1tiGJQXzqK1RjSZFvq6AB7VXao-1-1.jpg\" alt=\"Oclean One Sonic Electric Toothbrush\" width=\"950\" height=\"668\" \/><\/p>\n<p style=\"text-align: center\">Frequ\u00eancia vari\u00e1vel inteligente <a class=\"\" style=\"width: auto !important\" href=\"https:\/\/www.rucashk.com\/pt\/produto\/oclean-x-sonic-electric-toothbrush\/\" data-wpil-post-to-id=\"4967\">escova de dentes el\u00e9trica<\/a> para resolver seus problemas<\/p>\n<p style=\"text-align: center\">De 27.000 a 42.000 batimentos por minuto, a for\u00e7a pode ser aplicada levemente em mais dentes.<\/p>\n<p style=\"text-align: center\"><img loading=\"lazy\" decoding=\"async\" class=\"alignnone\" src=\"https:\/\/www.rucashk.com\/wp-content\/uploads\/2020\/05\/HTB1sq1yQmzqK1RjSZFLq6An2XXau-1-1.jpg\" alt=\"Oclean One Sonic Electric Toothbrush\" width=\"950\" height=\"1215\" \/><\/p>\n<p style=\"text-align: center\">Apenas o seu diretor dent\u00e1rio<\/p>\n<p style=\"text-align: center\">N padr\u00f5es de escovagem \u2013 a escovagem cient\u00edfica \u00e9 mais saud\u00e1vel<\/p>\n<p style=\"text-align: center\"><img loading=\"lazy\" decoding=\"async\" class=\"alignnone\" src=\"https:\/\/www.rucashk.com\/wp-content\/uploads\/2020\/05\/HTB1p_aCQbvpK1RjSZPiq6zmwXXa8-1-1.jpg\" alt=\"Oclean One Sonic Electric Toothbrush\" width=\"950\" height=\"1060\" \/><\/p>\n<p style=\"text-align: center\">Aproveite facilmente o SPA de nivelamento<\/p>\n<p style=\"text-align: center\">Placa limpa, profundamente nos dentes, \u00e1rea cega, frequ\u00eancia de vibra\u00e7\u00e3o de 42.000 vezes\/minuto<\/p>\n<p style=\"text-align: center\"><img loading=\"lazy\" decoding=\"async\" class=\"alignnone\" src=\"https:\/\/www.rucashk.com\/wp-content\/uploads\/2020\/05\/HTB15FKIQjTpK1RjSZKPq6y3UpXaK-1-1.jpg\" alt=\"Oclean One Sonic Electric Toothbrush\" width=\"950\" height=\"671\" \/><\/p>\n<p style=\"text-align: center\"><img loading=\"lazy\" decoding=\"async\" class=\"alignnone\" src=\"https:\/\/www.rucashk.com\/wp-content\/uploads\/2020\/05\/HTB1NtGJQa6qK1RjSZFmq6x0PFXaN-1-1.jpg\" alt=\"Oclean One Sonic Electric Toothbrush\" width=\"950\" height=\"1152\" \/><\/p>\n<p style=\"text-align: center\">Processo de pulveriza\u00e7\u00e3o de cinco camadas<\/p>\n<p style=\"text-align: center\"><img loading=\"lazy\" decoding=\"async\" class=\"alignnone\" src=\"https:\/\/www.rucashk.com\/wp-content\/uploads\/2020\/05\/HTB1qeGIQjTpK1RjSZKPq6y3UpXae-1-1.jpg\" alt=\"Oclean One Sonic Electric Toothbrush\" width=\"950\" height=\"1779\" \/><\/p>\n<p style=\"text-align: center\"><img loading=\"lazy\" decoding=\"async\" class=\"alignnone\" src=\"https:\/\/www.rucashk.com\/wp-content\/uploads\/2020\/05\/HTB1th0IKv5TBuNjSspmq6yDRVXag-1-1.jpg\" alt=\"Oclean One Sonic Electric Toothbrush\" width=\"1000\" height=\"584\" \/><\/p>\n<p style=\"text-align: center\">IPX7 de corpo inteiro \u00e0 prova d&#039;\u00e1gua<\/p>\n<p style=\"text-align: center\"><img decoding=\"async\" src=\"https:\/\/www.rucashk.com\/wp-content\/uploads\/2020\/05\/HTB1fi9xQjDpK1RjSZFrq6y78VXaQ-1-1.jpg\" alt=\"-AIone-tmall_11\" \/><\/p>\n<p style=\"text-align: center\">Um bom dia come\u00e7a com oclean one<\/p>\n<p style=\"text-align: center\"><img decoding=\"async\" src=\"https:\/\/www.rucashk.com\/wp-content\/uploads\/2020\/05\/HTB1okuFQgHqK1RjSZFgq6y7JXXax-1-1.jpg\" alt=\"-AIone-tmall_13\" \/><\/p>\n<p style=\"text-align: center\">Bateria de longa dura\u00e7\u00e3o, s\u00f3 precisa ser carregada 6 vezes por ano<\/p>\n<p style=\"text-align: center\">Tecnologia de carregamento r\u00e1pido magn\u00e9tico, apenas 3,5 horas para carregamento lento, 60 dias para uso sustent\u00e1vel<\/p>\n<p style=\"text-align: center\"><img decoding=\"async\" src=\"https:\/\/www.rucashk.com\/wp-content\/uploads\/2020\/05\/HTB1XGSUQhYaK1RjSZFnq6y80pXad-1-1.jpg\" alt=\"56\" \/><\/p>\n<p style=\"text-align: center\"><img decoding=\"async\" src=\"https:\/\/www.rucashk.com\/wp-content\/uploads\/2020\/05\/HTB1XnaMQXzqK1RjSZFvq6AB7VXaC-1-1.jpg\" alt=\"-AIone-tmall_15\" \/><img decoding=\"async\" src=\"https:\/\/www.rucashk.com\/wp-content\/uploads\/2020\/05\/HTB1xCKGQXYqK1RjSZLeq6zXppXaQ-1-1.jpg\" alt=\"-AIone-tmall_17\" \/><img decoding=\"async\" src=\"https:\/\/www.rucashk.com\/wp-content\/uploads\/2020\/05\/HTB1A3OAQmzqK1RjSZPxq6A4tVXaf-1.jpg\" alt=\"-AIone-tmall_19\" \/><img decoding=\"async\" src=\"https:\/\/www.rucashk.com\/wp-content\/uploads\/2020\/05\/HTB15cuIQXzqK1RjSZFoq6zfcXXac-1.jpg\" alt=\"-AIone-tmall_20\" \/><img decoding=\"async\" src=\"https:\/\/www.rucashk.com\/wp-content\/uploads\/2020\/05\/HTB1xoW9QhnaK1RjSZFtq6zC2VXal.jpg\" alt=\"-AIone-tmall_21\" \/><\/p>\n<p style=\"text-align: left\"><span data-spm-anchor-id=\"a2g0o.detail.1000023.i2.3248306epFFAJP\">Especifica\u00e7\u00f5es:<\/span><\/p>\n<p style=\"text-align: left\">Modelo: Oclean One<br \/>\nMaterial: ABS<br \/>\nLevita\u00e7\u00e3o magn\u00e9tica: frequ\u00eancia m\u00e1xima de 42.000 rpm, for\u00e7a de tor\u00e7\u00e3o m\u00e1xima de 280gf.cm, balan\u00e7o m\u00e1ximo de 5,5 mm<br \/>\nFonte de carregamento: base magn\u00e9tica de carregamento r\u00e1pido Oclean USB<br \/>\nTempo de carregamento: total de 3,5 horas<br \/>\nVida \u00fatil da bateria: 60 dias<br \/>\nTaxa \u00e0 prova d&#039;\u00e1gua: IPX7<br \/>\nModos de limpeza: modos de limpeza de 12 graus (limpar, branquear, massagem x intensidade de limpeza de 4 graus) suporte para variedades de programas de sa\u00fade bucal<br \/>\nCapacidade da bateria: 2600mAh<br \/>\nCabe\u00e7a da escova: escova\u00e7\u00e3o padr\u00e3o Proclean P1 DuPont \/ Pedex<br \/>\nBluetooth: 4.2 BLE<br \/>\nAPP: suporte para iOS 8.0 plus e Android 4.4 plus<br \/>\nTens\u00e3o: 1,8W<br \/>\nEntrada: 5V\/1A<br \/>\nPeso: 155g (corpo principal e cabe\u00e7a da escova)<br \/>\nCertificado: FDA, FCC, CE, RoHS, SRRC, IPX7<\/p>","protected":false},"excerpt":{"rendered":"<p><b data-spm-anchor-id=\"a2g0o.detail.1000023.i0.2fa43a0dKqohjZ\">Principais caracter\u00edsticas:<\/b><br \/>\n\u25cf <b>Motor BLDC de levita\u00e7\u00e3o magn\u00e9tica de alta efici\u00eancia<\/b><br \/>\n\u25cf <b>Escova de plantio brilhante de alta densidade<\/b><br \/>\n\u25cf <b>3 modos de limpeza x limpeza de 4 graus<\/b><br \/>\n\u25cf <b>Controle de APP com fun\u00e7\u00e3o Bluetooth<\/b><br \/>\n\u25cf <b>Escova\u00e7\u00e3o padr\u00e3o com sensores integrados<\/b><br \/>\n\u25cf <b>Carregamento magn\u00e9tico mais r\u00e1pido em 3,5 horas completo<\/b><br \/>\n\u25cf <b>A Great Toothbrush for Travel &#8211; Long Standby Time<\/b><br \/>\n\u25cf <b>Design compacto e monobloco, classifica\u00e7\u00e3o \u00e0 prova d&#039;\u00e1gua IPX7<\/b><\/p>","protected":false},"featured_media":21850,"template":"","meta":[],"product_brand":[],"product_cat":[1320,1305],"product_tag":[553,536,554],"class_list":{"0":"post-21720","1":"product","2":"type-product","3":"status-publish","4":"has-post-thumbnail","6":"product_cat-personal-care","7":"product_cat-xiaomi-eco","8":"product_tag-high-vibration","9":"product_tag-long-battery-life","10":"product_tag-oclean","12":"first","13":"instock","14":"shipping-taxable","15":"product-type-external"},"aioseo_notices":[],"aioseo_head":"\n\t\t<!-- All in One SEO Pro 4.5.9.2 - aioseo.com -->\n\t\t<meta name=\"description\" content=\"Main Features: \u25cf High-efficiency Magnetic Levitation BLDC Motor \u25cf High-density Brilliant Planting Brush \u25cf 3 Cleaning Modes x 4-grade Cleanness \u25cf APP control with Bluetooth function \u25cf Standard Brushing with Built-in Sensors \u25cf Faster Magnetic Charging in 3.5 Hours for Full \u25cf A Great Toothbrush for Travel - Long Standby Time \u25cf Compact and Uni-body Design, IPX7 Waterproof Rating\" \/>\n\t\t<meta name=\"robots\" content=\"max-image-preview:large\" \/>\n\t\t<link rel=\"canonical\" href=\"https:\/\/www.rucashk.com\/pt\/produto\/brands-in-mi-store-oclean-one-sonic-electric-toothbrush\/\" \/>\n\t\t<meta name=\"generator\" content=\"All in One SEO Pro (AIOSEO) 4.5.9.2\" \/>\n\t\t<meta property=\"og:locale\" content=\"pt_PT\" \/>\n\t\t<meta property=\"og:site_name\" content=\"Rucas - One-stop AIoT Distribution Worldwide\" \/>\n\t\t<meta property=\"og:type\" content=\"article\" \/>\n\t\t<meta property=\"og:title\" content=\"Brands in Mi Store Oclean One Sonic Electric Toothbrush - Rucas - Wholesale and Distribution\" \/>\n\t\t<meta property=\"og:description\" content=\"Main Features: \u25cf High-efficiency Magnetic Levitation BLDC Motor \u25cf High-density Brilliant Planting Brush \u25cf 3 Cleaning Modes x 4-grade Cleanness \u25cf APP control with Bluetooth function \u25cf Standard Brushing with Built-in Sensors \u25cf Faster Magnetic Charging in 3.5 Hours for Full \u25cf A Great Toothbrush for Travel - Long Standby Time \u25cf Compact and Uni-body Design, IPX7 Waterproof Rating\" \/>\n\t\t<meta property=\"og:url\" content=\"https:\/\/www.rucashk.com\/pt\/produto\/brands-in-mi-store-oclean-one-sonic-electric-toothbrush\/\" \/>\n\t\t<meta property=\"og:image\" content=\"https:\/\/www.rucashk.com\/wp-content\/uploads\/replace\/503b8e645f128a97ccde2b6290747646.jpeg\" \/>\n\t\t<meta property=\"og:image:secure_url\" content=\"https:\/\/www.rucashk.com\/wp-content\/uploads\/replace\/503b8e645f128a97ccde2b6290747646.jpeg\" \/>\n\t\t<meta property=\"og:image:width\" content=\"1456\" \/>\n\t\t<meta property=\"og:image:height\" content=\"816\" \/>\n\t\t<meta property=\"article:published_time\" content=\"2024-01-09T15:35:11+00:00\" \/>\n\t\t<meta property=\"article:modified_time\" content=\"2024-01-17T03:58:26+00:00\" \/>\n\t\t<meta name=\"twitter:card\" content=\"summary_large_image\" \/>\n\t\t<meta name=\"twitter:title\" content=\"Brands in Mi Store Oclean One Sonic Electric Toothbrush - Rucas - Wholesale and Distribution\" \/>\n\t\t<meta name=\"twitter:description\" content=\"Main Features: \u25cf High-efficiency Magnetic Levitation BLDC Motor \u25cf High-density Brilliant Planting Brush \u25cf 3 Cleaning Modes x 4-grade Cleanness \u25cf APP control with Bluetooth function \u25cf Standard Brushing with Built-in Sensors \u25cf Faster Magnetic Charging in 3.5 Hours for Full \u25cf A Great Toothbrush for Travel - Long Standby Time \u25cf Compact and Uni-body Design, IPX7 Waterproof Rating\" \/>\n\t\t<meta name=\"twitter:image\" content=\"https:\/\/www.rucashk.com\/wp-content\/uploads\/replace\/503b8e645f128a97ccde2b6290747646.jpeg\" \/>\n\t\t<script type=\"application\/ld+json\" class=\"aioseo-schema\">\n\t\t\t{\"@context\":\"https:\\\/\\\/schema.org\",\"@graph\":[{\"@type\":\"BreadcrumbList\",\"@id\":\"https:\\\/\\\/www.rucashk.com\\\/pt\\\/produto\\\/brands-in-mi-store-oclean-one-sonic-electric-toothbrush\\\/#breadcrumblist\",\"itemListElement\":[{\"@type\":\"ListItem\",\"@id\":\"https:\\\/\\\/www.rucashk.com\\\/pt\\\/#listItem\",\"position\":1,\"name\":\"Home\",\"item\":\"https:\\\/\\\/www.rucashk.com\\\/pt\\\/\",\"nextItem\":\"https:\\\/\\\/www.rucashk.com\\\/pt\\\/produto\\\/brands-in-mi-store-oclean-one-sonic-electric-toothbrush\\\/#listItem\"},{\"@type\":\"ListItem\",\"@id\":\"https:\\\/\\\/www.rucashk.com\\\/pt\\\/produto\\\/brands-in-mi-store-oclean-one-sonic-electric-toothbrush\\\/#listItem\",\"position\":2,\"name\":\"Brands in Mi Store Oclean One Sonic Electric Toothbrush\",\"previousItem\":\"https:\\\/\\\/www.rucashk.com\\\/pt\\\/#listItem\"}]},{\"@type\":\"Organization\",\"@id\":\"https:\\\/\\\/www.rucashk.com\\\/pt\\\/#organization\",\"name\":\"Rucas\",\"url\":\"https:\\\/\\\/www.rucashk.com\\\/pt\\\/\",\"logo\":{\"@type\":\"ImageObject\",\"url\":\"https:\\\/\\\/www.rucashk.com\\\/wp-content\\\/uploads\\\/2023\\\/12\\\/Rucas_campany_logo.png\",\"@id\":\"https:\\\/\\\/www.rucashk.com\\\/pt\\\/produto\\\/brands-in-mi-store-oclean-one-sonic-electric-toothbrush\\\/#organizationLogo\",\"width\":221,\"height\":65},\"image\":{\"@id\":\"https:\\\/\\\/www.rucashk.com\\\/pt\\\/#organizationLogo\"}},{\"@type\":\"Person\",\"@id\":\"https:\\\/\\\/www.rucashk.com\\\/pt\\\/author\\\/admin\\\/#author\",\"url\":\"https:\\\/\\\/www.rucashk.com\\\/pt\\\/author\\\/admin\\\/\",\"name\":\"admin\",\"image\":{\"@type\":\"ImageObject\",\"@id\":\"https:\\\/\\\/www.rucashk.com\\\/pt\\\/produto\\\/brands-in-mi-store-oclean-one-sonic-electric-toothbrush\\\/#authorImage\",\"url\":\"https:\\\/\\\/secure.gravatar.com\\\/avatar\\\/b7c8925b09a27e72b30232f8ecaadbd5af0f70a38c78096863fe51b64f031c24?s=96&d=mm&r=g\",\"width\":96,\"height\":96,\"caption\":\"admin\"}},{\"@type\":\"WebPage\",\"@id\":\"https:\\\/\\\/www.rucashk.com\\\/pt\\\/produto\\\/brands-in-mi-store-oclean-one-sonic-electric-toothbrush\\\/#webpage\",\"url\":\"https:\\\/\\\/www.rucashk.com\\\/pt\\\/produto\\\/brands-in-mi-store-oclean-one-sonic-electric-toothbrush\\\/\",\"name\":\"Brands in Mi Store Oclean One Sonic Electric Toothbrush - Rucas - Wholesale and Distribution\",\"description\":\"Main Features: \\u25cf High-efficiency Magnetic Levitation BLDC Motor \\u25cf High-density Brilliant Planting Brush \\u25cf 3 Cleaning Modes x 4-grade Cleanness \\u25cf APP control with Bluetooth function \\u25cf Standard Brushing with Built-in Sensors \\u25cf Faster Magnetic Charging in 3.5 Hours for Full \\u25cf A Great Toothbrush for Travel - Long Standby Time \\u25cf Compact and Uni-body Design, IPX7 Waterproof Rating\",\"inLanguage\":\"pt-PT\",\"isPartOf\":{\"@id\":\"https:\\\/\\\/www.rucashk.com\\\/pt\\\/#website\"},\"breadcrumb\":{\"@id\":\"https:\\\/\\\/www.rucashk.com\\\/pt\\\/produto\\\/brands-in-mi-store-oclean-one-sonic-electric-toothbrush\\\/#breadcrumblist\"},\"author\":{\"@id\":\"https:\\\/\\\/www.rucashk.com\\\/pt\\\/author\\\/admin\\\/#author\"},\"creator\":{\"@id\":\"https:\\\/\\\/www.rucashk.com\\\/pt\\\/author\\\/admin\\\/#author\"},\"image\":{\"@type\":\"ImageObject\",\"url\":\"https:\\\/\\\/www.rucashk.com\\\/wp-content\\\/uploads\\\/2024\\\/01\\\/Xiaomi-Oclean-One-Sonic-Electric-Toothbrush-Adult-Waterproof-Ultrasonic-automatic-Fast-Charging-Tooth-Brush-Fast-1.jpg\",\"@id\":\"https:\\\/\\\/www.rucashk.com\\\/pt\\\/produto\\\/brands-in-mi-store-oclean-one-sonic-electric-toothbrush\\\/#mainImage\",\"width\":800,\"height\":800},\"primaryImageOfPage\":{\"@id\":\"https:\\\/\\\/www.rucashk.com\\\/pt\\\/produto\\\/brands-in-mi-store-oclean-one-sonic-electric-toothbrush\\\/#mainImage\"},\"datePublished\":\"2024-01-09T15:35:11+00:00\",\"dateModified\":\"2024-01-17T03:58:26+00:00\"},{\"@type\":\"WebSite\",\"@id\":\"https:\\\/\\\/www.rucashk.com\\\/pt\\\/#website\",\"url\":\"https:\\\/\\\/www.rucashk.com\\\/pt\\\/\",\"name\":\"Rucas - Wholesale and distribution worldwide\",\"alternateName\":\"Rucas - One-stop AIoT Distribution Worldwide\",\"description\":\"One-stop AIoT Distribution Worldwide\",\"inLanguage\":\"pt-PT\",\"publisher\":{\"@id\":\"https:\\\/\\\/www.rucashk.com\\\/pt\\\/#organization\"}}]}\n\t\t<\/script>\n\t\t<!-- All in One SEO Pro -->\r\n\t\t<title>Brands in Mi Store Oclean One Sonic Electric Toothbrush - Rucas - Wholesale and Distribution<\/title>\n\n","aioseo_head_json":{"title":"Brands in Mi Store Oclean One Sonic Electric Toothbrush - Rucas - Wholesale and Distribution","description":"Main Features: \u25cf High-efficiency Magnetic Levitation BLDC Motor \u25cf High-density Brilliant Planting Brush \u25cf 3 Cleaning Modes x 4-grade Cleanness \u25cf APP control with Bluetooth function \u25cf Standard Brushing with Built-in Sensors \u25cf Faster Magnetic Charging in 3.5 Hours for Full \u25cf A Great Toothbrush for Travel - Long Standby Time \u25cf Compact and Uni-body Design, IPX7 Waterproof Rating","canonical_url":"https:\/\/www.rucashk.com\/pt\/produto\/brands-in-mi-store-oclean-one-sonic-electric-toothbrush\/","robots":"max-image-preview:large","keywords":"","webmasterTools":{"miscellaneous":""},"og:locale":"pt_PT","og:site_name":"Rucas - One-stop AIoT Distribution Worldwide","og:type":"article","og:title":"Brands in Mi Store Oclean One Sonic Electric Toothbrush - Rucas - Wholesale and Distribution","og:description":"Main Features: \u25cf High-efficiency Magnetic Levitation BLDC Motor \u25cf High-density Brilliant Planting Brush \u25cf 3 Cleaning Modes x 4-grade Cleanness \u25cf APP control with Bluetooth function \u25cf Standard Brushing with Built-in Sensors \u25cf Faster Magnetic Charging in 3.5 Hours for Full \u25cf A Great Toothbrush for Travel - Long Standby Time \u25cf Compact and Uni-body Design, IPX7 Waterproof Rating","og:url":"https:\/\/www.rucashk.com\/pt\/produto\/brands-in-mi-store-oclean-one-sonic-electric-toothbrush\/","og:image":"https:\/\/www.rucashk.com\/wp-content\/uploads\/replace\/503b8e645f128a97ccde2b6290747646.jpeg","og:image:secure_url":"https:\/\/www.rucashk.com\/wp-content\/uploads\/replace\/503b8e645f128a97ccde2b6290747646.jpeg","og:image:width":1456,"og:image:height":816,"article:published_time":"2024-01-09T15:35:11+00:00","article:modified_time":"2024-01-17T03:58:26+00:00","twitter:card":"summary_large_image","twitter:title":"Brands in Mi Store Oclean One Sonic Electric Toothbrush - Rucas - Wholesale and Distribution","twitter:description":"Main Features: \u25cf High-efficiency Magnetic Levitation BLDC Motor \u25cf High-density Brilliant Planting Brush \u25cf 3 Cleaning Modes x 4-grade Cleanness \u25cf APP control with Bluetooth function \u25cf Standard Brushing with Built-in Sensors \u25cf Faster Magnetic Charging in 3.5 Hours for Full \u25cf A Great Toothbrush for Travel - Long Standby Time \u25cf Compact and Uni-body Design, IPX7 Waterproof Rating","twitter:image":"https:\/\/www.rucashk.com\/wp-content\/uploads\/replace\/503b8e645f128a97ccde2b6290747646.jpeg","schema":{"@context":"https:\/\/schema.org","@graph":[{"@type":"BreadcrumbList","@id":"https:\/\/www.rucashk.com\/pt\/produto\/brands-in-mi-store-oclean-one-sonic-electric-toothbrush\/#breadcrumblist","itemListElement":[{"@type":"ListItem","@id":"https:\/\/www.rucashk.com\/pt\/#listItem","position":1,"name":"Home","item":"https:\/\/www.rucashk.com\/pt\/","nextItem":"https:\/\/www.rucashk.com\/pt\/produto\/brands-in-mi-store-oclean-one-sonic-electric-toothbrush\/#listItem"},{"@type":"ListItem","@id":"https:\/\/www.rucashk.com\/pt\/produto\/brands-in-mi-store-oclean-one-sonic-electric-toothbrush\/#listItem","position":2,"name":"Brands in Mi Store Oclean One Sonic Electric Toothbrush","previousItem":"https:\/\/www.rucashk.com\/pt\/#listItem"}]},{"@type":"Organization","@id":"https:\/\/www.rucashk.com\/pt\/#organization","name":"Rucas","url":"https:\/\/www.rucashk.com\/pt\/","logo":{"@type":"ImageObject","url":"https:\/\/www.rucashk.com\/wp-content\/uploads\/2023\/12\/Rucas_campany_logo.png","@id":"https:\/\/www.rucashk.com\/pt\/produto\/brands-in-mi-store-oclean-one-sonic-electric-toothbrush\/#organizationLogo","width":221,"height":65},"image":{"@id":"https:\/\/www.rucashk.com\/pt\/#organizationLogo"}},{"@type":"Person","@id":"https:\/\/www.rucashk.com\/pt\/author\/admin\/#author","url":"https:\/\/www.rucashk.com\/pt\/author\/admin\/","name":"admin","image":{"@type":"ImageObject","@id":"https:\/\/www.rucashk.com\/pt\/produto\/brands-in-mi-store-oclean-one-sonic-electric-toothbrush\/#authorImage","url":"https:\/\/secure.gravatar.com\/avatar\/b7c8925b09a27e72b30232f8ecaadbd5af0f70a38c78096863fe51b64f031c24?s=96&d=mm&r=g","width":96,"height":96,"caption":"admin"}},{"@type":"WebPage","@id":"https:\/\/www.rucashk.com\/pt\/produto\/brands-in-mi-store-oclean-one-sonic-electric-toothbrush\/#webpage","url":"https:\/\/www.rucashk.com\/pt\/produto\/brands-in-mi-store-oclean-one-sonic-electric-toothbrush\/","name":"Brands in Mi Store Oclean One Sonic Electric Toothbrush - Rucas - Wholesale and Distribution","description":"Main Features: \u25cf High-efficiency Magnetic Levitation BLDC Motor \u25cf High-density Brilliant Planting Brush \u25cf 3 Cleaning Modes x 4-grade Cleanness \u25cf APP control with Bluetooth function \u25cf Standard Brushing with Built-in Sensors \u25cf Faster Magnetic Charging in 3.5 Hours for Full \u25cf A Great Toothbrush for Travel - Long Standby Time \u25cf Compact and Uni-body Design, IPX7 Waterproof Rating","inLanguage":"pt-PT","isPartOf":{"@id":"https:\/\/www.rucashk.com\/pt\/#website"},"breadcrumb":{"@id":"https:\/\/www.rucashk.com\/pt\/produto\/brands-in-mi-store-oclean-one-sonic-electric-toothbrush\/#breadcrumblist"},"author":{"@id":"https:\/\/www.rucashk.com\/pt\/author\/admin\/#author"},"creator":{"@id":"https:\/\/www.rucashk.com\/pt\/author\/admin\/#author"},"image":{"@type":"ImageObject","url":"https:\/\/www.rucashk.com\/wp-content\/uploads\/2024\/01\/Xiaomi-Oclean-One-Sonic-Electric-Toothbrush-Adult-Waterproof-Ultrasonic-automatic-Fast-Charging-Tooth-Brush-Fast-1.jpg","@id":"https:\/\/www.rucashk.com\/pt\/produto\/brands-in-mi-store-oclean-one-sonic-electric-toothbrush\/#mainImage","width":800,"height":800},"primaryImageOfPage":{"@id":"https:\/\/www.rucashk.com\/pt\/produto\/brands-in-mi-store-oclean-one-sonic-electric-toothbrush\/#mainImage"},"datePublished":"2024-01-09T15:35:11+00:00","dateModified":"2024-01-17T03:58:26+00:00"},{"@type":"WebSite","@id":"https:\/\/www.rucashk.com\/pt\/#website","url":"https:\/\/www.rucashk.com\/pt\/","name":"Rucas - Wholesale and distribution worldwide","alternateName":"Rucas - One-stop AIoT Distribution Worldwide","description":"One-stop AIoT Distribution Worldwide","inLanguage":"pt-PT","publisher":{"@id":"https:\/\/www.rucashk.com\/pt\/#organization"}}]}},"aioseo_meta_data":{"post_id":"21720","title":null,"description":null,"keywords":null,"keyphrases":null,"primary_term":null,"canonical_url":null,"og_title":null,"og_description":null,"og_object_type":"default","og_image_type":"default","og_image_url":null,"og_image_width":null,"og_image_height":null,"og_image_custom_url":null,"og_image_custom_fields":null,"og_video":null,"og_custom_url":null,"og_article_section":null,"og_article_tags":null,"twitter_use_og":false,"twitter_card":"default","twitter_image_type":"default","twitter_image_url":null,"twitter_image_custom_url":null,"twitter_image_custom_fields":null,"twitter_title":null,"twitter_description":null,"schema":{"blockGraphs":[],"customGraphs":[],"default":{"data":{"Article":[],"Course":[],"Dataset":[],"FAQPage":[],"Movie":[],"Person":[],"Product":[],"Recipe":[],"Service":[],"SoftwareApplication":[],"WebPage":[]},"graphName":"","isEnabled":true},"graphs":[]},"schema_type":"default","schema_type_options":null,"pillar_content":false,"robots_default":true,"robots_noindex":false,"robots_noarchive":false,"robots_nosnippet":false,"robots_nofollow":false,"robots_noimageindex":false,"robots_noodp":false,"robots_notranslate":false,"robots_max_snippet":null,"robots_max_videopreview":null,"robots_max_imagepreview":"large","priority":null,"frequency":null,"local_seo":null,"breadcrumb_settings":null,"limit_modified_date":false,"created":"2024-04-11 01:55:20","updated":"2025-06-22 16:29:06"},"aioseo_breadcrumb":"<div class=\"aioseo-breadcrumbs\"><span class=\"aioseo-breadcrumb\">\n\t<a href=\"https:\/\/www.rucashk.com\/pt\" title=\"Home\">Home<\/a>\n<\/span><span class=\"aioseo-breadcrumb-separator\">&raquo;<\/span><span class=\"aioseo-breadcrumb\">\n\t<a href=\"https:\/\/www.rucashk.com\/pt\/products\/\" title=\"Produtos\">Produtos<\/a>\n<\/span><span class=\"aioseo-breadcrumb-separator\">&raquo;<\/span><span class=\"aioseo-breadcrumb\">\n\t<a href=\"https:\/\/www.rucashk.com\/pt\/categoria-produto\/xiaomi-eco\/\" title=\"Xiaomi Eco\">Xiaomi Eco<\/a>\n<\/span><span class=\"aioseo-breadcrumb-separator\">&raquo;<\/span><span class=\"aioseo-breadcrumb\">\n\t<a href=\"https:\/\/www.rucashk.com\/pt\/categoria-produto\/xiaomi-eco\/personal-care\/\" title=\"Personal Care\">Personal Care<\/a>\n<\/span><span class=\"aioseo-breadcrumb-separator\">&raquo;<\/span><span class=\"aioseo-breadcrumb\">\n\tBrands in Mi Store Oclean One Sonic Electric Toothbrush\n<\/span><\/div>","aioseo_breadcrumb_json":[{"label":"Home","link":"https:\/\/www.rucashk.com\/pt"},{"label":"Produtos","link":"https:\/\/www.rucashk.com\/pt\/products\/"},{"label":"Xiaomi Eco","link":"https:\/\/www.rucashk.com\/pt\/categoria-produto\/xiaomi-eco\/"},{"label":"Personal Care","link":"https:\/\/www.rucashk.com\/pt\/categoria-produto\/xiaomi-eco\/personal-care\/"},{"label":"Brands in Mi Store Oclean One Sonic Electric Toothbrush","link":"https:\/\/www.rucashk.com\/pt\/produto\/brands-in-mi-store-oclean-one-sonic-electric-toothbrush\/"}],"_links":{"self":[{"href":"https:\/\/www.rucashk.com\/pt\/wp-json\/wp\/v2\/product\/21720","targetHints":{"allow":["GET"]}}],"collection":[{"href":"https:\/\/www.rucashk.com\/pt\/wp-json\/wp\/v2\/product"}],"about":[{"href":"https:\/\/www.rucashk.com\/pt\/wp-json\/wp\/v2\/types\/product"}],"wp:featuredmedia":[{"embeddable":true,"href":"https:\/\/www.rucashk.com\/pt\/wp-json\/wp\/v2\/media\/21850"}],"wp:attachment":[{"href":"https:\/\/www.rucashk.com\/pt\/wp-json\/wp\/v2\/media?parent=21720"}],"wp:term":[{"taxonomy":"product_brand","embeddable":true,"href":"https:\/\/www.rucashk.com\/pt\/wp-json\/wp\/v2\/product_brand?post=21720"},{"taxonomy":"product_cat","embeddable":true,"href":"https:\/\/www.rucashk.com\/pt\/wp-json\/wp\/v2\/product_cat?post=21720"},{"taxonomy":"product_tag","embeddable":true,"href":"https:\/\/www.rucashk.com\/pt\/wp-json\/wp\/v2\/product_tag?post=21720"}],"curies":[{"name":"wp","href":"https:\/\/api.w.org\/{rel}","templated":true}]}}