{"id":21684,"date":"2024-01-09T15:34:49","date_gmt":"2024-01-09T15:34:49","guid":{"rendered":"http:\/\/rucashk.com\/?post_type=product&#038;p=21684"},"modified":"2024-01-21T10:45:27","modified_gmt":"2024-01-21T10:45:27","slug":"xiaomi-70mai-dash-cam-mini","status":"publish","type":"product","link":"https:\/\/www.rucashk.com\/pt\/produto\/xiaomi-70mai-dash-cam-mini\/","title":{"rendered":"Xiaomi 70Mai Dash Cam Mini"},"content":{"rendered":"<div style=\"text-align: center\" data-spm-anchor-id=\"a2g0o.detail.1000023.i1.5c2a2e8e2PyPuD\"><span data-spm-anchor-id=\"a2g0o.detail.1000023.i0.63423fabKw4TgF\">Grava\u00e7\u00e3o de v\u00eddeo Full HD 2560*1600P<\/span><\/div>\n<div style=\"text-align: center\"><\/div>\n<div style=\"text-align: center\">Alimentado pelo sensor de imagem Omnivision, resolu\u00e7\u00e3o full HD de 2560 * 1600P, melhora muito a efici\u00eancia de compress\u00e3o e qualidade de imagem mais n\u00edtida.<\/div>\n<div style=\"text-align: center\"><\/div>\n<div style=\"text-align: center\"><\/div>\n<div style=\"text-align: center\"><img decoding=\"async\" src=\"https:\/\/www.rucashk.com\/wp-content\/uploads\/2020\/05\/H2bd4732a59294e52b383848430d6b36ce.jpg\" alt=\"70\u8fc8\u667a\u80fd\u8bb0\u5f55\u4eea2_04\" \/><\/div>\n<div style=\"text-align: center\"><\/div>\n<div style=\"text-align: center\">\n<p><span data-spm-anchor-id=\"a2g0o.detail.1000023.i0.785477d7yXxt5m\">Grande angular de 140 graus<\/span><\/p>\n<p>&nbsp;<\/p>\n<p>Cobertura multipista de vis\u00e3o ampla de 140 graus, pode cobrir toda a frente do seu carro,<span data-spm-anchor-id=\"a2g0o.detail.1000023.i1.785477d7yXxt5m\">e tr\u00eas faixas (a faixa de dire\u00e7\u00e3o e a faixa de cada lado). Se ocorrer um acidente, <\/span>o <a class=\"\" style=\"width: auto !important\" href=\"https:\/\/www.rucashk.com\/pt\/produto\/70mai-d02-smart-dash-cam-pro-wholesale\/\" data-wpil-post-to-id=\"3040\">C\u00e2mera de tra\u00e7o<\/a> registrar\u00e1 automaticamente as condi\u00e7\u00f5es da pista adjacente.<\/p>\n<\/div>\n<div style=\"text-align: center\"><\/div>\n<div style=\"text-align: center\"><\/div>\n<div style=\"text-align: center\"><img decoding=\"async\" src=\"https:\/\/www.rucashk.com\/wp-content\/uploads\/2020\/05\/H9f81ded60ef74d749f2d507b94f35b1bk.jpg\" alt=\"70\u8fc8\u667a\u80fd\u8bb0\u5f55\u4eea2_06\" \/><\/div>\n<div style=\"text-align: center\"><\/div>\n<div style=\"text-align: center\">\n<h1><span data-spm-anchor-id=\"a2g0o.detail.1000023.i1.68ff335cMokBz2\">Sensor G <\/span>para grava\u00e7\u00e3o autom\u00e1tica de colis\u00e3o de emerg\u00eancia<\/h1>\n<p dir=\"ltr\"><span data-spm-anchor-id=\"a2g0o.detail.1000023.i0.68ff335cMokBz2\">Tecnologia de sensor G embutida, <a class=\"\" style=\"width: auto !important\" href=\"https:\/\/www.rucashk.com\/pt\/produto\/xiaomi-70mai-1s-car-dvr-dash-cam-1080p-hd-wholesale\/\" data-wpil-post-to-id=\"3089\">c\u00e2mera do painel 70mai<\/a> pode iniciar automaticamente a grava\u00e7\u00e3o quando a colis\u00e3o for detectada. Filmagens bloqueadas no arquivo de eventos separadas do arquivo normal para evitar serem substitu\u00eddas.<\/span><\/p>\n<\/div>\n<div style=\"text-align: center\"><\/div>\n<div style=\"text-align: center\"><\/div>\n<div style=\"text-align: center\"><\/div>\n<div style=\"text-align: center\"><img decoding=\"async\" src=\"https:\/\/www.rucashk.com\/wp-content\/uploads\/2020\/05\/Hc7ba52c46e764325a5f7ddadfecff664v.jpg\" alt=\"HTB13USZacTxK1Rjy0Fgq6yovpXal\" \/><\/div>\n<div style=\"text-align: center\">\n<p>&nbsp;<\/p>\n<p><span data-spm-anchor-id=\"a2g0o.detail.1000023.i0.537c16d9ci40Fb\">Monitor de estacionamento 24 horas<\/span><\/p>\n<p>&nbsp;<\/p>\n<p>No modo de estacionamento, <a class=\"\" style=\"width: auto !important\" href=\"https:\/\/www.rucashk.com\/pt\/produto\/mi-70mai-dash-cam-lite\/\" data-wpil-post-to-id=\"4643\">c\u00e2mera do painel 70mai<\/a> mini entra no modo de hiberna\u00e7\u00e3o, mas mant\u00e9m o monitoramento dos ve\u00edculos<\/p>\n<p>&nbsp;<\/p>\n<p><img decoding=\"async\" src=\"https:\/\/www.rucashk.com\/wp-content\/uploads\/2020\/05\/HTB1x_i5XPDuK1Rjy1zjq6zraFXao.jpg\" alt=\"4-1\" \/><\/p>\n<p>&nbsp;<\/p>\n<p>Algoritmo DeFog<\/p>\n<p>&nbsp;<\/p>\n<p>Reduza a distor\u00e7\u00e3o ou degrada\u00e7\u00e3o da imagem e reproduza uma vis\u00e3o clara ao dirigir em ambientes com neve, fuma\u00e7a e neblina.<\/p>\n<p>&nbsp;<\/p>\n<p><img decoding=\"async\" src=\"https:\/\/www.rucashk.com\/wp-content\/uploads\/2020\/05\/HTB1tx53XLvsK1Rjy0Fiq6zwtXXan.jpg\" alt=\"8-1\" \/><\/p>\n<p>&nbsp;<\/p>\n<p>Fun\u00e7\u00e3o WDR<\/p>\n<p>A ampla tecnologia de processamento de imagem din\u00e2mico, na sombra, brilho, reflexo, luz negra e outros ambientes pode capturar imagens realistas de alta defini\u00e7\u00e3o.<\/p>\n<p>&nbsp;<\/p>\n<p><img decoding=\"async\" src=\"https:\/\/www.rucashk.com\/wp-content\/uploads\/2020\/05\/H2cea8f2d38da4a199601b88ed62a20aam.jpg\" alt=\"HTB1Qpa2XTjxK1Rjy0Fnq6yBaFXah\" \/><\/p>\n<\/div>\n<p style=\"text-align: center\"><img decoding=\"async\" src=\"https:\/\/www.rucashk.com\/wp-content\/uploads\/2020\/05\/H07fded81f2e74ec3ad58a26eb6bf4146n.jpg\" alt=\"70\u8fc8\u667a\u80fd\u8bb0\u5f55\u4eea2_07\" \/><\/p>\n<div style=\"text-align: center\"><img decoding=\"async\" src=\"https:\/\/www.rucashk.com\/wp-content\/uploads\/2020\/05\/H7b7712f99af94a6da7dd3e95cca33c120.jpg\" alt=\"70\u8fc8\u667a\u80fd\u8bb0\u5f55\u4eea2_20\" \/><\/div>\n<div style=\"text-align: center\"><\/div>\n<div style=\"text-align: center\">\n<table border=\"0\" width=\"627\" cellspacing=\"0\" cellpadding=\"0\">\n<colgroup>\n<col width=\"236\" \/>\n<col width=\"391\" \/><\/colgroup>\n<tbody>\n<tr>\n<td class=\"et3\" width=\"236\" height=\"22\">&nbsp;<\/p>\n<p><strong>Especifica\u00e7\u00f5es:<\/strong><\/p>\n<p>&nbsp;<\/td>\n<td class=\"et2\" width=\"391\"><\/td>\n<\/tr>\n<tr>\n<td class=\"et4\" height=\"22\">N\u00famero do modelo<\/td>\n<td class=\"et4\"><a class=\"\" style=\"width: auto !important\" href=\"https:\/\/www.rucashk.com\/pt\/produto\/mi-70mai-smart-dash-cam-1s\/\" data-wpil-post-to-id=\"4687\">C\u00e2mera inteligente para painel 70Mai<\/a> 2<\/td>\n<\/tr>\n<tr>\n<td class=\"et4\" height=\"22\">Tamanho do produto<\/td>\n<td class=\"et4\">86,9 mm * 47 mm * 31,9 mm<\/td>\n<\/tr>\n<tr>\n<td class=\"et5\" height=\"22\">Resolu\u00e7\u00e3o<\/td>\n<td class=\"et4\">2560*1600 400 Mega Pixels<\/td>\n<\/tr>\n<tr>\n<td class=\"et5\" height=\"22\">Sensor de imagem<\/td>\n<td class=\"et4\">OS05A10<\/td>\n<\/tr>\n<tr>\n<td class=\"et5\" height=\"22\">Taxa de quadros<\/td>\n<td class=\"et4\">30FPS a 1600P<\/td>\n<\/tr>\n<tr>\n<td class=\"et5\" height=\"22\">campo de vis\u00e3o<\/td>\n<td class=\"et4\">Abertura FOV140\u00b0 6G\/F1.8<\/td>\n<\/tr>\n<tr>\n<td class=\"et5\" height=\"22\">CPU<\/td>\n<td class=\"et4\">Hi3556 V200<\/td>\n<\/tr>\n<tr>\n<td class=\"et5\" height=\"22\">Bateria<\/td>\n<td class=\"et4\">Bateria de pol\u00edmero de l\u00edtio 500mAh<\/td>\n<\/tr>\n<tr>\n<td class=\"et4\" height=\"22\">(APP) Idioma<\/td>\n<td class=\"et4\">EN\/RU\/KR\/JP<\/td>\n<\/tr>\n<tr>\n<td class=\"et4\" height=\"22\">Capacidade<\/td>\n<td class=\"et4\"><span class=\"font1\">Cart\u00e3o TF 16-64G de classe 10 ou superior (<\/span><span class=\"font0\">n\u00e3o inclu\u00eddo<\/span><span class=\"font1\">)<\/span><\/td>\n<\/tr>\n<tr>\n<td class=\"et5\" height=\"22\">Formato de codifica\u00e7\u00e3o de v\u00eddeo<\/td>\n<td class=\"et4\">H.264<\/td>\n<\/tr>\n<tr>\n<td class=\"et5\" height=\"22\">Formato de armazenamento de v\u00eddeo<\/td>\n<td class=\"et4\">MP4<\/td>\n<\/tr>\n<tr>\n<td class=\"et5\" height=\"22\">Indu\u00e7\u00e3o de colis\u00e3o<\/td>\n<td class=\"et4\">Sensor G<\/td>\n<\/tr>\n<tr>\n<td class=\"et5\" height=\"22\">Poder<\/td>\n<td class=\"et4\">Isqueiro de carro 5V\/2A<\/td>\n<\/tr>\n<tr>\n<td class=\"et6\" height=\"44\">Destaque<\/td>\n<td class=\"et7\" width=\"391\">Monitor de vis\u00e3o noturna\/estacionamento FHD<br \/>\nGrava\u00e7\u00e3o de v\u00eddeo c\u00edclico<\/td>\n<\/tr>\n<tr>\n<td class=\"et5\" height=\"22\">Conex\u00e3o de APLICATIVO<\/td>\n<td class=\"et4\">Wi-fi<\/td>\n<\/tr>\n<\/tbody>\n<\/table>\n<\/div>\n<div>\n<div><a href=\"https:\/\/www.aliexpress.com\/store\/all-wholesale-products\/5069029.html?spm=a2g1y.12024536.pcShopHead_136946473.1\"><img decoding=\"async\" class=\"aligncenter\" src=\"https:\/\/www.rucashk.com\/wp-content\/uploads\/2020\/05\/Hbe7dc4ba3a2544829b8b10f375003340c.jpg\" alt=\"0902_06\" \/><\/a><\/div>\n<\/div>","protected":false},"excerpt":{"rendered":"<div><span data-spm-anchor-id=\"a2g0o.detail.1000023.i1.63423fabKw4TgF\">Principais caracter\u00edsticas:<\/span><\/div>\n<div><\/div>\n<div>\n<div>\n<div>&#8211; <u>2560*1600P<\/u> 30FPS FullHD<\/div>\n<div>&#8211; Aperture: 6G \/ F1.8<\/div>\n<div>&#8211; OS05A10 High Sensitivity Image Sensor<\/div>\n<div>&#8211; 140-degree Wide View Angel<\/div>\n<div>&#8211; Bulit-in G-sensor for Auto Emergency Collision Recording<\/div>\n<div>&#8211; Mobile 70mai APP (Andriod 6.0 above \/iOS 8.0) Control<\/div>\n<div>&#8211; Free Wifi Connect Support Video Replay and Download<\/div>\n<div data-spm-anchor-id=\"a2g0o.detail.1000023.i0.185b4502q8JXkf\">&#8211; 70mai Mini Dash Cam + 3.5M Micro USB Charing Cable + Car Charger<\/div>\n<\/div>\n<\/div>","protected":false},"featured_media":21829,"template":"","meta":[],"product_brand":[],"product_cat":[1289,1288],"product_tag":[458,459],"class_list":{"0":"post-21684","1":"product","2":"type-product","3":"status-publish","4":"has-post-thumbnail","6":"product_cat-dash-camera","7":"product_cat-e-vehicle-accessories","8":"product_tag-70mai","9":"product_tag-dash-cam","11":"first","12":"instock","13":"shipping-taxable","14":"product-type-external"},"aioseo_notices":[],"aioseo_head":"\n\t\t<!-- All in One SEO Pro 4.5.9.2 - aioseo.com -->\n\t\t<meta name=\"description\" content=\"Main Features: - 2560*1600P 30FPS Full HD - Aperture: 6G \/ F1.8 - OS05A10 High Sensitivity Image Sensor - 140-degree Wide View Angel - Bulit-in G-sensor for Auto Emergency Collision Recording - Mobile 70mai APP (Andriod 6.0 above \/iOS 8.0) Control - Free Wifi Connect Support Video Replay and Download - 70mai Mini Dash Cam + 3.5M Micro USB Charing Cable + Car Charger\" \/>\n\t\t<meta name=\"robots\" content=\"max-image-preview:large\" \/>\n\t\t<link rel=\"canonical\" href=\"https:\/\/www.rucashk.com\/pt\/produto\/xiaomi-70mai-dash-cam-mini\/\" \/>\n\t\t<meta name=\"generator\" content=\"All in One SEO Pro (AIOSEO) 4.5.9.2\" \/>\n\t\t<meta property=\"og:locale\" content=\"pt_PT\" \/>\n\t\t<meta property=\"og:site_name\" content=\"Rucas - One-stop AIoT Distribution Worldwide\" \/>\n\t\t<meta property=\"og:type\" content=\"article\" \/>\n\t\t<meta property=\"og:title\" content=\"Xiaomi 70Mai Dash Cam Mini - Rucas - Wholesale and Distribution\" \/>\n\t\t<meta property=\"og:description\" content=\"Main Features: - 2560*1600P 30FPS Full HD - Aperture: 6G \/ F1.8 - OS05A10 High Sensitivity Image Sensor - 140-degree Wide View Angel - Bulit-in G-sensor for Auto Emergency Collision Recording - Mobile 70mai APP (Andriod 6.0 above \/iOS 8.0) Control - Free Wifi Connect Support Video Replay and Download - 70mai Mini Dash Cam + 3.5M Micro USB Charing Cable + Car Charger\" \/>\n\t\t<meta property=\"og:url\" content=\"https:\/\/www.rucashk.com\/pt\/produto\/xiaomi-70mai-dash-cam-mini\/\" \/>\n\t\t<meta property=\"og:image\" content=\"https:\/\/www.rucashk.com\/wp-content\/uploads\/replace\/503b8e645f128a97ccde2b6290747646.jpeg\" \/>\n\t\t<meta property=\"og:image:secure_url\" content=\"https:\/\/www.rucashk.com\/wp-content\/uploads\/replace\/503b8e645f128a97ccde2b6290747646.jpeg\" \/>\n\t\t<meta property=\"og:image:width\" content=\"1456\" \/>\n\t\t<meta property=\"og:image:height\" content=\"816\" \/>\n\t\t<meta property=\"article:published_time\" content=\"2024-01-09T15:34:49+00:00\" \/>\n\t\t<meta property=\"article:modified_time\" content=\"2024-01-21T10:45:27+00:00\" \/>\n\t\t<meta name=\"twitter:card\" content=\"summary_large_image\" \/>\n\t\t<meta name=\"twitter:title\" content=\"Xiaomi 70Mai Dash Cam Mini - Rucas - Wholesale and Distribution\" \/>\n\t\t<meta name=\"twitter:description\" content=\"Main Features: - 2560*1600P 30FPS Full HD - Aperture: 6G \/ F1.8 - OS05A10 High Sensitivity Image Sensor - 140-degree Wide View Angel - Bulit-in G-sensor for Auto Emergency Collision Recording - Mobile 70mai APP (Andriod 6.0 above \/iOS 8.0) Control - Free Wifi Connect Support Video Replay and Download - 70mai Mini Dash Cam + 3.5M Micro USB Charing Cable + Car Charger\" \/>\n\t\t<meta name=\"twitter:image\" content=\"https:\/\/www.rucashk.com\/wp-content\/uploads\/replace\/503b8e645f128a97ccde2b6290747646.jpeg\" \/>\n\t\t<script type=\"application\/ld+json\" class=\"aioseo-schema\">\n\t\t\t{\"@context\":\"https:\\\/\\\/schema.org\",\"@graph\":[{\"@type\":\"BreadcrumbList\",\"@id\":\"https:\\\/\\\/www.rucashk.com\\\/pt\\\/produto\\\/xiaomi-70mai-dash-cam-mini\\\/#breadcrumblist\",\"itemListElement\":[{\"@type\":\"ListItem\",\"@id\":\"https:\\\/\\\/www.rucashk.com\\\/pt\\\/#listItem\",\"position\":1,\"name\":\"Home\",\"item\":\"https:\\\/\\\/www.rucashk.com\\\/pt\\\/\",\"nextItem\":\"https:\\\/\\\/www.rucashk.com\\\/pt\\\/produto\\\/xiaomi-70mai-dash-cam-mini\\\/#listItem\"},{\"@type\":\"ListItem\",\"@id\":\"https:\\\/\\\/www.rucashk.com\\\/pt\\\/produto\\\/xiaomi-70mai-dash-cam-mini\\\/#listItem\",\"position\":2,\"name\":\"Xiaomi 70Mai Dash Cam Mini\",\"previousItem\":\"https:\\\/\\\/www.rucashk.com\\\/pt\\\/#listItem\"}]},{\"@type\":\"Organization\",\"@id\":\"https:\\\/\\\/www.rucashk.com\\\/pt\\\/#organization\",\"name\":\"Rucas\",\"url\":\"https:\\\/\\\/www.rucashk.com\\\/pt\\\/\",\"logo\":{\"@type\":\"ImageObject\",\"url\":\"https:\\\/\\\/www.rucashk.com\\\/wp-content\\\/uploads\\\/2023\\\/12\\\/Rucas_campany_logo.png\",\"@id\":\"https:\\\/\\\/www.rucashk.com\\\/pt\\\/produto\\\/xiaomi-70mai-dash-cam-mini\\\/#organizationLogo\",\"width\":221,\"height\":65},\"image\":{\"@id\":\"https:\\\/\\\/www.rucashk.com\\\/pt\\\/#organizationLogo\"}},{\"@type\":\"Person\",\"@id\":\"https:\\\/\\\/www.rucashk.com\\\/pt\\\/author\\\/admin\\\/#author\",\"url\":\"https:\\\/\\\/www.rucashk.com\\\/pt\\\/author\\\/admin\\\/\",\"name\":\"admin\",\"image\":{\"@type\":\"ImageObject\",\"@id\":\"https:\\\/\\\/www.rucashk.com\\\/pt\\\/produto\\\/xiaomi-70mai-dash-cam-mini\\\/#authorImage\",\"url\":\"https:\\\/\\\/secure.gravatar.com\\\/avatar\\\/b7c8925b09a27e72b30232f8ecaadbd5af0f70a38c78096863fe51b64f031c24?s=96&d=mm&r=g\",\"width\":96,\"height\":96,\"caption\":\"admin\"}},{\"@type\":\"WebPage\",\"@id\":\"https:\\\/\\\/www.rucashk.com\\\/pt\\\/produto\\\/xiaomi-70mai-dash-cam-mini\\\/#webpage\",\"url\":\"https:\\\/\\\/www.rucashk.com\\\/pt\\\/produto\\\/xiaomi-70mai-dash-cam-mini\\\/\",\"name\":\"Xiaomi 70Mai Dash Cam Mini - Rucas - Wholesale and Distribution\",\"description\":\"Main Features: - 2560*1600P 30FPS Full HD - Aperture: 6G \\\/ F1.8 - OS05A10 High Sensitivity Image Sensor - 140-degree Wide View Angel - Bulit-in G-sensor for Auto Emergency Collision Recording - Mobile 70mai APP (Andriod 6.0 above \\\/iOS 8.0) Control - Free Wifi Connect Support Video Replay and Download - 70mai Mini Dash Cam + 3.5M Micro USB Charing Cable + Car Charger\",\"inLanguage\":\"pt-PT\",\"isPartOf\":{\"@id\":\"https:\\\/\\\/www.rucashk.com\\\/pt\\\/#website\"},\"breadcrumb\":{\"@id\":\"https:\\\/\\\/www.rucashk.com\\\/pt\\\/produto\\\/xiaomi-70mai-dash-cam-mini\\\/#breadcrumblist\"},\"author\":{\"@id\":\"https:\\\/\\\/www.rucashk.com\\\/pt\\\/author\\\/admin\\\/#author\"},\"creator\":{\"@id\":\"https:\\\/\\\/www.rucashk.com\\\/pt\\\/author\\\/admin\\\/#author\"},\"image\":{\"@type\":\"ImageObject\",\"url\":\"https:\\\/\\\/www.rucashk.com\\\/wp-content\\\/uploads\\\/2024\\\/01\\\/70mai-Mini-Smart-Dash-Cam-70-MAI-Mini-Car-DVR-Wifi-Video-Recorder-1600P-HD-Night.jpg\",\"@id\":\"https:\\\/\\\/www.rucashk.com\\\/pt\\\/produto\\\/xiaomi-70mai-dash-cam-mini\\\/#mainImage\",\"width\":800,\"height\":800},\"primaryImageOfPage\":{\"@id\":\"https:\\\/\\\/www.rucashk.com\\\/pt\\\/produto\\\/xiaomi-70mai-dash-cam-mini\\\/#mainImage\"},\"datePublished\":\"2024-01-09T15:34:49+00:00\",\"dateModified\":\"2024-01-21T10:45:27+00:00\"},{\"@type\":\"WebSite\",\"@id\":\"https:\\\/\\\/www.rucashk.com\\\/pt\\\/#website\",\"url\":\"https:\\\/\\\/www.rucashk.com\\\/pt\\\/\",\"name\":\"Rucas - Wholesale and distribution worldwide\",\"alternateName\":\"Rucas - One-stop AIoT Distribution Worldwide\",\"description\":\"One-stop AIoT Distribution Worldwide\",\"inLanguage\":\"pt-PT\",\"publisher\":{\"@id\":\"https:\\\/\\\/www.rucashk.com\\\/pt\\\/#organization\"}}]}\n\t\t<\/script>\n\t\t<!-- All in One SEO Pro -->\r\n\t\t<title>Xiaomi 70Mai Dash Cam Mini - Rucas - Wholesale and Distribution<\/title>\n\n","aioseo_head_json":{"title":"Xiaomi 70Mai Dash Cam Mini - Rucas - Wholesale and Distribution","description":"Main Features: - 2560*1600P 30FPS Full HD - Aperture: 6G \/ F1.8 - OS05A10 High Sensitivity Image Sensor - 140-degree Wide View Angel - Bulit-in G-sensor for Auto Emergency Collision Recording - Mobile 70mai APP (Andriod 6.0 above \/iOS 8.0) Control - Free Wifi Connect Support Video Replay and Download - 70mai Mini Dash Cam + 3.5M Micro USB Charing Cable + Car Charger","canonical_url":"https:\/\/www.rucashk.com\/pt\/produto\/xiaomi-70mai-dash-cam-mini\/","robots":"max-image-preview:large","keywords":"","webmasterTools":{"miscellaneous":""},"og:locale":"pt_PT","og:site_name":"Rucas - One-stop AIoT Distribution Worldwide","og:type":"article","og:title":"Xiaomi 70Mai Dash Cam Mini - Rucas - Wholesale and Distribution","og:description":"Main Features: - 2560*1600P 30FPS Full HD - Aperture: 6G \/ F1.8 - OS05A10 High Sensitivity Image Sensor - 140-degree Wide View Angel - Bulit-in G-sensor for Auto Emergency Collision Recording - Mobile 70mai APP (Andriod 6.0 above \/iOS 8.0) Control - Free Wifi Connect Support Video Replay and Download - 70mai Mini Dash Cam + 3.5M Micro USB Charing Cable + Car Charger","og:url":"https:\/\/www.rucashk.com\/pt\/produto\/xiaomi-70mai-dash-cam-mini\/","og:image":"https:\/\/www.rucashk.com\/wp-content\/uploads\/replace\/503b8e645f128a97ccde2b6290747646.jpeg","og:image:secure_url":"https:\/\/www.rucashk.com\/wp-content\/uploads\/replace\/503b8e645f128a97ccde2b6290747646.jpeg","og:image:width":1456,"og:image:height":816,"article:published_time":"2024-01-09T15:34:49+00:00","article:modified_time":"2024-01-21T10:45:27+00:00","twitter:card":"summary_large_image","twitter:title":"Xiaomi 70Mai Dash Cam Mini - Rucas - Wholesale and Distribution","twitter:description":"Main Features: - 2560*1600P 30FPS Full HD - Aperture: 6G \/ F1.8 - OS05A10 High Sensitivity Image Sensor - 140-degree Wide View Angel - Bulit-in G-sensor for Auto Emergency Collision Recording - Mobile 70mai APP (Andriod 6.0 above \/iOS 8.0) Control - Free Wifi Connect Support Video Replay and Download - 70mai Mini Dash Cam + 3.5M Micro USB Charing Cable + Car Charger","twitter:image":"https:\/\/www.rucashk.com\/wp-content\/uploads\/replace\/503b8e645f128a97ccde2b6290747646.jpeg","schema":{"@context":"https:\/\/schema.org","@graph":[{"@type":"BreadcrumbList","@id":"https:\/\/www.rucashk.com\/pt\/produto\/xiaomi-70mai-dash-cam-mini\/#breadcrumblist","itemListElement":[{"@type":"ListItem","@id":"https:\/\/www.rucashk.com\/pt\/#listItem","position":1,"name":"Home","item":"https:\/\/www.rucashk.com\/pt\/","nextItem":"https:\/\/www.rucashk.com\/pt\/produto\/xiaomi-70mai-dash-cam-mini\/#listItem"},{"@type":"ListItem","@id":"https:\/\/www.rucashk.com\/pt\/produto\/xiaomi-70mai-dash-cam-mini\/#listItem","position":2,"name":"Xiaomi 70Mai Dash Cam Mini","previousItem":"https:\/\/www.rucashk.com\/pt\/#listItem"}]},{"@type":"Organization","@id":"https:\/\/www.rucashk.com\/pt\/#organization","name":"Rucas","url":"https:\/\/www.rucashk.com\/pt\/","logo":{"@type":"ImageObject","url":"https:\/\/www.rucashk.com\/wp-content\/uploads\/2023\/12\/Rucas_campany_logo.png","@id":"https:\/\/www.rucashk.com\/pt\/produto\/xiaomi-70mai-dash-cam-mini\/#organizationLogo","width":221,"height":65},"image":{"@id":"https:\/\/www.rucashk.com\/pt\/#organizationLogo"}},{"@type":"Person","@id":"https:\/\/www.rucashk.com\/pt\/author\/admin\/#author","url":"https:\/\/www.rucashk.com\/pt\/author\/admin\/","name":"admin","image":{"@type":"ImageObject","@id":"https:\/\/www.rucashk.com\/pt\/produto\/xiaomi-70mai-dash-cam-mini\/#authorImage","url":"https:\/\/secure.gravatar.com\/avatar\/b7c8925b09a27e72b30232f8ecaadbd5af0f70a38c78096863fe51b64f031c24?s=96&d=mm&r=g","width":96,"height":96,"caption":"admin"}},{"@type":"WebPage","@id":"https:\/\/www.rucashk.com\/pt\/produto\/xiaomi-70mai-dash-cam-mini\/#webpage","url":"https:\/\/www.rucashk.com\/pt\/produto\/xiaomi-70mai-dash-cam-mini\/","name":"Xiaomi 70Mai Dash Cam Mini - Rucas - Wholesale and Distribution","description":"Main Features: - 2560*1600P 30FPS Full HD - Aperture: 6G \/ F1.8 - OS05A10 High Sensitivity Image Sensor - 140-degree Wide View Angel - Bulit-in G-sensor for Auto Emergency Collision Recording - Mobile 70mai APP (Andriod 6.0 above \/iOS 8.0) Control - Free Wifi Connect Support Video Replay and Download - 70mai Mini Dash Cam + 3.5M Micro USB Charing Cable + Car Charger","inLanguage":"pt-PT","isPartOf":{"@id":"https:\/\/www.rucashk.com\/pt\/#website"},"breadcrumb":{"@id":"https:\/\/www.rucashk.com\/pt\/produto\/xiaomi-70mai-dash-cam-mini\/#breadcrumblist"},"author":{"@id":"https:\/\/www.rucashk.com\/pt\/author\/admin\/#author"},"creator":{"@id":"https:\/\/www.rucashk.com\/pt\/author\/admin\/#author"},"image":{"@type":"ImageObject","url":"https:\/\/www.rucashk.com\/wp-content\/uploads\/2024\/01\/70mai-Mini-Smart-Dash-Cam-70-MAI-Mini-Car-DVR-Wifi-Video-Recorder-1600P-HD-Night.jpg","@id":"https:\/\/www.rucashk.com\/pt\/produto\/xiaomi-70mai-dash-cam-mini\/#mainImage","width":800,"height":800},"primaryImageOfPage":{"@id":"https:\/\/www.rucashk.com\/pt\/produto\/xiaomi-70mai-dash-cam-mini\/#mainImage"},"datePublished":"2024-01-09T15:34:49+00:00","dateModified":"2024-01-21T10:45:27+00:00"},{"@type":"WebSite","@id":"https:\/\/www.rucashk.com\/pt\/#website","url":"https:\/\/www.rucashk.com\/pt\/","name":"Rucas - Wholesale and distribution worldwide","alternateName":"Rucas - One-stop AIoT Distribution Worldwide","description":"One-stop AIoT Distribution Worldwide","inLanguage":"pt-PT","publisher":{"@id":"https:\/\/www.rucashk.com\/pt\/#organization"}}]}},"aioseo_meta_data":{"post_id":"21684","title":null,"description":null,"keywords":null,"keyphrases":null,"primary_term":null,"canonical_url":null,"og_title":null,"og_description":null,"og_object_type":"default","og_image_type":"default","og_image_url":null,"og_image_width":null,"og_image_height":null,"og_image_custom_url":null,"og_image_custom_fields":null,"og_video":null,"og_custom_url":null,"og_article_section":null,"og_article_tags":null,"twitter_use_og":false,"twitter_card":"default","twitter_image_type":"default","twitter_image_url":null,"twitter_image_custom_url":null,"twitter_image_custom_fields":null,"twitter_title":null,"twitter_description":null,"schema":{"blockGraphs":[],"customGraphs":[],"default":{"data":{"Article":[],"Course":[],"Dataset":[],"FAQPage":[],"Movie":[],"Person":[],"Product":[],"Recipe":[],"Service":[],"SoftwareApplication":[],"WebPage":[]},"graphName":"","isEnabled":true},"graphs":[]},"schema_type":"default","schema_type_options":null,"pillar_content":false,"robots_default":true,"robots_noindex":false,"robots_noarchive":false,"robots_nosnippet":false,"robots_nofollow":false,"robots_noimageindex":false,"robots_noodp":false,"robots_notranslate":false,"robots_max_snippet":null,"robots_max_videopreview":null,"robots_max_imagepreview":"large","priority":null,"frequency":null,"local_seo":null,"breadcrumb_settings":null,"limit_modified_date":false,"created":"2024-04-11 01:55:20","updated":"2025-06-22 16:29:04"},"aioseo_breadcrumb":"<div class=\"aioseo-breadcrumbs\"><span class=\"aioseo-breadcrumb\">\n\t<a href=\"https:\/\/www.rucashk.com\/pt\" title=\"Home\">Home<\/a>\n<\/span><span class=\"aioseo-breadcrumb-separator\">&raquo;<\/span><span class=\"aioseo-breadcrumb\">\n\t<a href=\"https:\/\/www.rucashk.com\/pt\/products\/\" title=\"Produtos\">Produtos<\/a>\n<\/span><span class=\"aioseo-breadcrumb-separator\">&raquo;<\/span><span class=\"aioseo-breadcrumb\">\n\t<a href=\"https:\/\/www.rucashk.com\/pt\/categoria-produto\/e-vehicle-accessories\/\" title=\"E-Vehicle Accessories\">E-Vehicle Accessories<\/a>\n<\/span><span class=\"aioseo-breadcrumb-separator\">&raquo;<\/span><span class=\"aioseo-breadcrumb\">\n\t<a href=\"https:\/\/www.rucashk.com\/pt\/categoria-produto\/e-vehicle-accessories\/dash-camera\/\" title=\"Dash Camera\">Dash Camera<\/a>\n<\/span><span class=\"aioseo-breadcrumb-separator\">&raquo;<\/span><span class=\"aioseo-breadcrumb\">\n\tXiaomi 70Mai Dash Cam Mini\n<\/span><\/div>","aioseo_breadcrumb_json":[{"label":"Home","link":"https:\/\/www.rucashk.com\/pt"},{"label":"Produtos","link":"https:\/\/www.rucashk.com\/pt\/products\/"},{"label":"E-Vehicle Accessories","link":"https:\/\/www.rucashk.com\/pt\/categoria-produto\/e-vehicle-accessories\/"},{"label":"Dash Camera","link":"https:\/\/www.rucashk.com\/pt\/categoria-produto\/e-vehicle-accessories\/dash-camera\/"},{"label":"Xiaomi 70Mai Dash Cam Mini","link":"https:\/\/www.rucashk.com\/pt\/produto\/xiaomi-70mai-dash-cam-mini\/"}],"_links":{"self":[{"href":"https:\/\/www.rucashk.com\/pt\/wp-json\/wp\/v2\/product\/21684","targetHints":{"allow":["GET"]}}],"collection":[{"href":"https:\/\/www.rucashk.com\/pt\/wp-json\/wp\/v2\/product"}],"about":[{"href":"https:\/\/www.rucashk.com\/pt\/wp-json\/wp\/v2\/types\/product"}],"wp:featuredmedia":[{"embeddable":true,"href":"https:\/\/www.rucashk.com\/pt\/wp-json\/wp\/v2\/media\/21829"}],"wp:attachment":[{"href":"https:\/\/www.rucashk.com\/pt\/wp-json\/wp\/v2\/media?parent=21684"}],"wp:term":[{"taxonomy":"product_brand","embeddable":true,"href":"https:\/\/www.rucashk.com\/pt\/wp-json\/wp\/v2\/product_brand?post=21684"},{"taxonomy":"product_cat","embeddable":true,"href":"https:\/\/www.rucashk.com\/pt\/wp-json\/wp\/v2\/product_cat?post=21684"},{"taxonomy":"product_tag","embeddable":true,"href":"https:\/\/www.rucashk.com\/pt\/wp-json\/wp\/v2\/product_tag?post=21684"}],"curies":[{"name":"wp","href":"https:\/\/api.w.org\/{rel}","templated":true}]}}