{"id":21644,"date":"2024-01-09T15:34:22","date_gmt":"2024-01-09T15:34:22","guid":{"rendered":"http:\/\/rucashk.com\/?post_type=product&#038;p=21644"},"modified":"2024-03-12T07:55:14","modified_gmt":"2024-03-12T07:55:14","slug":"xiaomi-mijia-robot-vacuum-mop-p","status":"publish","type":"product","link":"https:\/\/www.rucashk.com\/pt\/produto\/xiaomi-mijia-robot-vacuum-mop-p\/","title":{"rendered":"Xiaomi Mijia Robot Vacuum-Mop P"},"content":{"rendered":"<div style=\"text-align: center\" data-spm=\"1000024\">\n<h1><strong>Xiaomi Mijia Robot Vacuum-Mop P<\/strong><\/h1>\n<div><img decoding=\"async\" src=\"\/wp-content\/uploads\/replace\/04f4d3d25ad9a13ea5d07a3853c424cd.jpeg\" alt=\"1\" \/><img decoding=\"async\" src=\"\/wp-content\/uploads\/replace\/b2fb42e107ed635c83230a9a7a93f5ec.jpeg\" alt=\"2\" \/><img decoding=\"async\" src=\"\/wp-content\/uploads\/replace\/0d68170e2330f02203a9fca5280d7ed2.jpeg\" alt=\"3\" \/><img decoding=\"async\" src=\"\/wp-content\/uploads\/replace\/17d1ed6c0760380b89990a62290db3c2.jpeg\" alt=\"4\" \/><img decoding=\"async\" src=\"\/wp-content\/uploads\/replace\/9c4db368c95581a42fa620f42dcf70fa.jpeg\" alt=\"5\" \/><img decoding=\"async\" src=\"\/wp-content\/uploads\/replace\/cffe08b673e0f1b026ffa228344cc3e4.jpeg\" alt=\"6\" \/><img decoding=\"async\" src=\"\/wp-content\/uploads\/replace\/b713929e9fd75ee2f4bdc3afb9cd684e.jpeg\" alt=\"7\" data-spm-anchor-id=\"a2g0o.detail.1000023.i1.75092cb0PnBFnp\" \/><img decoding=\"async\" src=\"\/wp-content\/uploads\/replace\/8b818b40d6eae8379667f8ec3b906b78.jpeg\" alt=\"8\" \/><\/div>\n<div><img decoding=\"async\" src=\"\/wp-content\/uploads\/replace\/e46dc9eabe88c591a3963b9bd868743a.jpeg\" alt=\"9\" \/><img decoding=\"async\" src=\"\/wp-content\/uploads\/replace\/d0d7549a3f45b2a9dc95b541e53f9e6e.jpeg\" alt=\"10\" \/><img decoding=\"async\" src=\"\/wp-content\/uploads\/replace\/3b69934b1c761999d8935733ef8c074c.jpeg\" alt=\"11\" \/><img decoding=\"async\" src=\"\/wp-content\/uploads\/replace\/c0cd2f2f43cc59d9abd719caa52dd3c8.jpeg\" alt=\"12\" \/><img decoding=\"async\" src=\"\/wp-content\/uploads\/replace\/b63f610fec56939ef766cffad50a1c41.jpeg\" alt=\"13\" \/><img decoding=\"async\" src=\"\/wp-content\/uploads\/replace\/1718edd8ef4b8ce29b8241af1a58ca5f.jpeg\" alt=\"14\" \/><img decoding=\"async\" src=\"\/wp-content\/uploads\/replace\/5fefdd2d5fab598100578bfca2f281d1.jpeg\" alt=\"15\" \/><img decoding=\"async\" src=\"\/wp-content\/uploads\/replace\/43193c4742ab7d0bac6a9ed4d63c1227.jpeg\" alt=\"16\" \/><\/div>\n<div><img decoding=\"async\" src=\"\/wp-content\/uploads\/replace\/7aaaf0961d8004360af1ecc4fb71667f.jpeg\" alt=\"17\" \/><img decoding=\"async\" src=\"\/wp-content\/uploads\/replace\/ebdfd5b3e881507adff9b8680ea7a7cb.jpeg\" alt=\"18\" \/><img decoding=\"async\" src=\"\/wp-content\/uploads\/replace\/12c672c0070a4554f2e870a4de79658b.jpeg\" alt=\"19\" \/><img decoding=\"async\" src=\"\/wp-content\/uploads\/replace\/b43465efd3ab45b6e48b1d48dd6fabbc.jpeg\" alt=\"20\" \/><img decoding=\"async\" src=\"\/wp-content\/uploads\/replace\/5bdec221ae275ea89158f5a259ad100c.jpeg\" alt=\"21\" \/><img decoding=\"async\" src=\"\/wp-content\/uploads\/replace\/97072cc3460e25666af707e2adc4387d.jpeg\" alt=\"22\" \/><img decoding=\"async\" src=\"\/wp-content\/uploads\/replace\/f7388cda672cb290391f47a0511d52b9.jpeg\" alt=\"23\" \/><img decoding=\"async\" src=\"\/wp-content\/uploads\/replace\/81a304a49546d8afbf1a02291c6097cc.jpeg\" alt=\"24\" \/><\/div>\n<div><img decoding=\"async\" src=\"\/wp-content\/uploads\/replace\/e909888bd5e7cb7da29409eec1d234ed.jpeg\" alt=\"25\" \/><\/div>\n<div style=\"text-align: left\"><a href=\"https:\/\/www.rucashk.com\/pt\/produto\/xiaomi-mijia-electric-scooter-pro-smart-foldable-wholesale\/\" class=\"\" style=\"width: auto !important\" data-wpil-post-to-id=\"3185\">Xiaomi Mijia<\/a> Robot Vacuum-Mop P. Suporta 3 tipos de modo de varredura. Grande suc\u00e7\u00e3o 2100Pa, limpeza mais completa. Novidade na navega\u00e7\u00e3o a laser LDS, o mapa \u00e9 mais preciso.<\/div>\n<\/div>\n<div>\n<div><\/div>\n<div style=\"text-align: left\"><strong>Conte\u00fado do pacote:<\/strong><\/div>\n<div style=\"text-align: left\">1 x rob\u00f4 de limpeza arrebatadora,<\/div>\n<div style=\"text-align: left\">1 x manual chin\u00eas,<\/div>\n<div style=\"text-align: left\">1x2 em 1 tanque de \u00e1gua,<\/div>\n<div style=\"text-align: left\">2 x escova lateral,<\/div>\n<div style=\"text-align: left\">1 x suporte de carregamento,<\/div>\n<div style=\"text-align: left\">1 x adaptador de alimenta\u00e7\u00e3o,<\/div>\n<div style=\"text-align: left\">1 x suporte de esfreg\u00e3o,<\/div>\n<div style=\"text-align: left\">2 x limpador<\/div>\n<div><\/div>\n<\/div>","protected":false},"excerpt":{"rendered":"<p>Caracter\u00edstica principal:<\/p>\n<p><strong data-spm-anchor-id=\"a2g0o.detail.1000023.i0.7aec678cRVkzvZ\">Rob\u00f4 varredor Mijia<\/strong> <strong>Vers\u00e3o de navega\u00e7\u00e3o a laser LDS<\/strong><br \/>\n<strong>It&#8217;s clean, sweeping thoroughly, and cleaning the floor is enough.<\/strong><br \/>\nSupport 3 kinds of sweeping mode<br \/>\nSimulate artificial mopping, wipe more and more cleanly<br \/>\nIntelligent electric control water tank to protect wooden floor<br \/>\n2100Pa large suction, more thorough cleaning<br \/>\nNew in LDS laser navigation, the map is more accurate<\/p>","protected":false},"featured_media":21783,"template":"","meta":[],"product_brand":[],"product_cat":[1344,1305],"product_tag":[527],"class_list":{"0":"post-21644","1":"product","2":"type-product","3":"status-publish","4":"has-post-thumbnail","6":"product_cat-mi-vacuum-cleaner","7":"product_cat-xiaomi-eco","8":"product_tag-robot-vacuum","10":"first","11":"instock","12":"shipping-taxable","13":"product-type-external"},"aioseo_notices":[],"aioseo_head":"\n\t\t<!-- All in One SEO Pro 4.5.9.2 - aioseo.com -->\n\t\t<meta name=\"description\" content=\"Main Feature: Mijia sweeping robot LDS laser navigation version It&#039;s clean, sweeping thoroughly, and cleaning the floor is enough. Support 3 kinds of sweeping mode Simulate artificial mopping, wipe more and more cleanly Intelligent electric control water tank to protect wooden floor 2100Pa large suction, more thorough cleaning New in LDS laser navigation, the map is more accurate\" \/>\n\t\t<meta name=\"robots\" content=\"max-image-preview:large\" \/>\n\t\t<link rel=\"canonical\" href=\"https:\/\/www.rucashk.com\/pt\/produto\/xiaomi-mijia-robot-vacuum-mop-p\/\" \/>\n\t\t<meta name=\"generator\" content=\"All in One SEO Pro (AIOSEO) 4.5.9.2\" \/>\n\t\t<meta property=\"og:locale\" content=\"pt_PT\" \/>\n\t\t<meta property=\"og:site_name\" content=\"Rucas - One-stop AIoT Distribution Worldwide\" \/>\n\t\t<meta property=\"og:type\" content=\"article\" \/>\n\t\t<meta property=\"og:title\" content=\"Xiaomi Mijia Robot Vacuum-Mop P - Rucas - Wholesale and Distribution\" \/>\n\t\t<meta property=\"og:description\" content=\"Main Feature: Mijia sweeping robot LDS laser navigation version It&#039;s clean, sweeping thoroughly, and cleaning the floor is enough. Support 3 kinds of sweeping mode Simulate artificial mopping, wipe more and more cleanly Intelligent electric control water tank to protect wooden floor 2100Pa large suction, more thorough cleaning New in LDS laser navigation, the map is more accurate\" \/>\n\t\t<meta property=\"og:url\" content=\"https:\/\/www.rucashk.com\/pt\/produto\/xiaomi-mijia-robot-vacuum-mop-p\/\" \/>\n\t\t<meta property=\"og:image\" content=\"https:\/\/www.rucashk.com\/wp-content\/uploads\/replace\/503b8e645f128a97ccde2b6290747646.jpeg\" \/>\n\t\t<meta property=\"og:image:secure_url\" content=\"https:\/\/www.rucashk.com\/wp-content\/uploads\/replace\/503b8e645f128a97ccde2b6290747646.jpeg\" \/>\n\t\t<meta property=\"og:image:width\" content=\"1456\" \/>\n\t\t<meta property=\"og:image:height\" content=\"816\" \/>\n\t\t<meta property=\"article:published_time\" content=\"2024-01-09T15:34:22+00:00\" \/>\n\t\t<meta property=\"article:modified_time\" content=\"2024-03-12T07:55:14+00:00\" \/>\n\t\t<meta name=\"twitter:card\" content=\"summary_large_image\" \/>\n\t\t<meta name=\"twitter:title\" content=\"Xiaomi Mijia Robot Vacuum-Mop P - Rucas - Wholesale and Distribution\" \/>\n\t\t<meta name=\"twitter:description\" content=\"Main Feature: Mijia sweeping robot LDS laser navigation version It&#039;s clean, sweeping thoroughly, and cleaning the floor is enough. Support 3 kinds of sweeping mode Simulate artificial mopping, wipe more and more cleanly Intelligent electric control water tank to protect wooden floor 2100Pa large suction, more thorough cleaning New in LDS laser navigation, the map is more accurate\" \/>\n\t\t<meta name=\"twitter:image\" content=\"https:\/\/www.rucashk.com\/wp-content\/uploads\/replace\/503b8e645f128a97ccde2b6290747646.jpeg\" \/>\n\t\t<script type=\"application\/ld+json\" class=\"aioseo-schema\">\n\t\t\t{\"@context\":\"https:\\\/\\\/schema.org\",\"@graph\":[{\"@type\":\"BreadcrumbList\",\"@id\":\"https:\\\/\\\/www.rucashk.com\\\/pt\\\/produto\\\/xiaomi-mijia-robot-vacuum-mop-p\\\/#breadcrumblist\",\"itemListElement\":[{\"@type\":\"ListItem\",\"@id\":\"https:\\\/\\\/www.rucashk.com\\\/pt\\\/#listItem\",\"position\":1,\"name\":\"Home\",\"item\":\"https:\\\/\\\/www.rucashk.com\\\/pt\\\/\",\"nextItem\":\"https:\\\/\\\/www.rucashk.com\\\/pt\\\/produto\\\/xiaomi-mijia-robot-vacuum-mop-p\\\/#listItem\"},{\"@type\":\"ListItem\",\"@id\":\"https:\\\/\\\/www.rucashk.com\\\/pt\\\/produto\\\/xiaomi-mijia-robot-vacuum-mop-p\\\/#listItem\",\"position\":2,\"name\":\"Xiaomi Mijia Robot Vacuum-Mop P\",\"previousItem\":\"https:\\\/\\\/www.rucashk.com\\\/pt\\\/#listItem\"}]},{\"@type\":\"Organization\",\"@id\":\"https:\\\/\\\/www.rucashk.com\\\/pt\\\/#organization\",\"name\":\"Rucas\",\"url\":\"https:\\\/\\\/www.rucashk.com\\\/pt\\\/\",\"logo\":{\"@type\":\"ImageObject\",\"url\":\"https:\\\/\\\/www.rucashk.com\\\/wp-content\\\/uploads\\\/2023\\\/12\\\/Rucas_campany_logo.png\",\"@id\":\"https:\\\/\\\/www.rucashk.com\\\/pt\\\/produto\\\/xiaomi-mijia-robot-vacuum-mop-p\\\/#organizationLogo\",\"width\":221,\"height\":65},\"image\":{\"@id\":\"https:\\\/\\\/www.rucashk.com\\\/pt\\\/#organizationLogo\"}},{\"@type\":\"Person\",\"@id\":\"https:\\\/\\\/www.rucashk.com\\\/pt\\\/author\\\/admin\\\/#author\",\"url\":\"https:\\\/\\\/www.rucashk.com\\\/pt\\\/author\\\/admin\\\/\",\"name\":\"admin\",\"image\":{\"@type\":\"ImageObject\",\"@id\":\"https:\\\/\\\/www.rucashk.com\\\/pt\\\/produto\\\/xiaomi-mijia-robot-vacuum-mop-p\\\/#authorImage\",\"url\":\"https:\\\/\\\/secure.gravatar.com\\\/avatar\\\/b7c8925b09a27e72b30232f8ecaadbd5af0f70a38c78096863fe51b64f031c24?s=96&d=mm&r=g\",\"width\":96,\"height\":96,\"caption\":\"admin\"}},{\"@type\":\"WebPage\",\"@id\":\"https:\\\/\\\/www.rucashk.com\\\/pt\\\/produto\\\/xiaomi-mijia-robot-vacuum-mop-p\\\/#webpage\",\"url\":\"https:\\\/\\\/www.rucashk.com\\\/pt\\\/produto\\\/xiaomi-mijia-robot-vacuum-mop-p\\\/\",\"name\":\"Xiaomi Mijia Robot Vacuum-Mop P - Rucas - Wholesale and Distribution\",\"description\":\"Main Feature: Mijia sweeping robot LDS laser navigation version It's clean, sweeping thoroughly, and cleaning the floor is enough. Support 3 kinds of sweeping mode Simulate artificial mopping, wipe more and more cleanly Intelligent electric control water tank to protect wooden floor 2100Pa large suction, more thorough cleaning New in LDS laser navigation, the map is more accurate\",\"inLanguage\":\"pt-PT\",\"isPartOf\":{\"@id\":\"https:\\\/\\\/www.rucashk.com\\\/pt\\\/#website\"},\"breadcrumb\":{\"@id\":\"https:\\\/\\\/www.rucashk.com\\\/pt\\\/produto\\\/xiaomi-mijia-robot-vacuum-mop-p\\\/#breadcrumblist\"},\"author\":{\"@id\":\"https:\\\/\\\/www.rucashk.com\\\/pt\\\/author\\\/admin\\\/#author\"},\"creator\":{\"@id\":\"https:\\\/\\\/www.rucashk.com\\\/pt\\\/author\\\/admin\\\/#author\"},\"image\":{\"@type\":\"ImageObject\",\"url\":\"https:\\\/\\\/www.rucashk.com\\\/wp-content\\\/uploads\\\/2024\\\/01\\\/2019-Xiaomi-Pro-V2-Mijia-Sweeping-Mopping-Robot-Vacuum-Cleaner-2-STYJ02YM-Mi-Robot-Vacuum-Mop.jpg\",\"@id\":\"https:\\\/\\\/www.rucashk.com\\\/pt\\\/produto\\\/xiaomi-mijia-robot-vacuum-mop-p\\\/#mainImage\",\"width\":800,\"height\":800},\"primaryImageOfPage\":{\"@id\":\"https:\\\/\\\/www.rucashk.com\\\/pt\\\/produto\\\/xiaomi-mijia-robot-vacuum-mop-p\\\/#mainImage\"},\"datePublished\":\"2024-01-09T15:34:22+00:00\",\"dateModified\":\"2024-03-12T07:55:14+00:00\"},{\"@type\":\"WebSite\",\"@id\":\"https:\\\/\\\/www.rucashk.com\\\/pt\\\/#website\",\"url\":\"https:\\\/\\\/www.rucashk.com\\\/pt\\\/\",\"name\":\"Rucas - Wholesale and distribution worldwide\",\"alternateName\":\"Rucas - One-stop AIoT Distribution Worldwide\",\"description\":\"One-stop AIoT Distribution Worldwide\",\"inLanguage\":\"pt-PT\",\"publisher\":{\"@id\":\"https:\\\/\\\/www.rucashk.com\\\/pt\\\/#organization\"}}]}\n\t\t<\/script>\n\t\t<!-- All in One SEO Pro -->\r\n\t\t<title>Xiaomi Mijia Robot Vacuum-Mop P - Rucas - Wholesale and Distribution<\/title>\n\n","aioseo_head_json":{"title":"Xiaomi Mijia Robot Vacuum-Mop P - Rucas - Wholesale and Distribution","description":"Main Feature: Mijia sweeping robot LDS laser navigation version It's clean, sweeping thoroughly, and cleaning the floor is enough. Support 3 kinds of sweeping mode Simulate artificial mopping, wipe more and more cleanly Intelligent electric control water tank to protect wooden floor 2100Pa large suction, more thorough cleaning New in LDS laser navigation, the map is more accurate","canonical_url":"https:\/\/www.rucashk.com\/pt\/produto\/xiaomi-mijia-robot-vacuum-mop-p\/","robots":"max-image-preview:large","keywords":"","webmasterTools":{"miscellaneous":""},"og:locale":"pt_PT","og:site_name":"Rucas - One-stop AIoT Distribution Worldwide","og:type":"article","og:title":"Xiaomi Mijia Robot Vacuum-Mop P - Rucas - Wholesale and Distribution","og:description":"Main Feature: Mijia sweeping robot LDS laser navigation version It's clean, sweeping thoroughly, and cleaning the floor is enough. Support 3 kinds of sweeping mode Simulate artificial mopping, wipe more and more cleanly Intelligent electric control water tank to protect wooden floor 2100Pa large suction, more thorough cleaning New in LDS laser navigation, the map is more accurate","og:url":"https:\/\/www.rucashk.com\/pt\/produto\/xiaomi-mijia-robot-vacuum-mop-p\/","og:image":"https:\/\/www.rucashk.com\/wp-content\/uploads\/replace\/503b8e645f128a97ccde2b6290747646.jpeg","og:image:secure_url":"https:\/\/www.rucashk.com\/wp-content\/uploads\/replace\/503b8e645f128a97ccde2b6290747646.jpeg","og:image:width":1456,"og:image:height":816,"article:published_time":"2024-01-09T15:34:22+00:00","article:modified_time":"2024-03-12T07:55:14+00:00","twitter:card":"summary_large_image","twitter:title":"Xiaomi Mijia Robot Vacuum-Mop P - Rucas - Wholesale and Distribution","twitter:description":"Main Feature: Mijia sweeping robot LDS laser navigation version It's clean, sweeping thoroughly, and cleaning the floor is enough. Support 3 kinds of sweeping mode Simulate artificial mopping, wipe more and more cleanly Intelligent electric control water tank to protect wooden floor 2100Pa large suction, more thorough cleaning New in LDS laser navigation, the map is more accurate","twitter:image":"https:\/\/www.rucashk.com\/wp-content\/uploads\/replace\/503b8e645f128a97ccde2b6290747646.jpeg","schema":{"@context":"https:\/\/schema.org","@graph":[{"@type":"BreadcrumbList","@id":"https:\/\/www.rucashk.com\/pt\/produto\/xiaomi-mijia-robot-vacuum-mop-p\/#breadcrumblist","itemListElement":[{"@type":"ListItem","@id":"https:\/\/www.rucashk.com\/pt\/#listItem","position":1,"name":"Home","item":"https:\/\/www.rucashk.com\/pt\/","nextItem":"https:\/\/www.rucashk.com\/pt\/produto\/xiaomi-mijia-robot-vacuum-mop-p\/#listItem"},{"@type":"ListItem","@id":"https:\/\/www.rucashk.com\/pt\/produto\/xiaomi-mijia-robot-vacuum-mop-p\/#listItem","position":2,"name":"Xiaomi Mijia Robot Vacuum-Mop P","previousItem":"https:\/\/www.rucashk.com\/pt\/#listItem"}]},{"@type":"Organization","@id":"https:\/\/www.rucashk.com\/pt\/#organization","name":"Rucas","url":"https:\/\/www.rucashk.com\/pt\/","logo":{"@type":"ImageObject","url":"https:\/\/www.rucashk.com\/wp-content\/uploads\/2023\/12\/Rucas_campany_logo.png","@id":"https:\/\/www.rucashk.com\/pt\/produto\/xiaomi-mijia-robot-vacuum-mop-p\/#organizationLogo","width":221,"height":65},"image":{"@id":"https:\/\/www.rucashk.com\/pt\/#organizationLogo"}},{"@type":"Person","@id":"https:\/\/www.rucashk.com\/pt\/author\/admin\/#author","url":"https:\/\/www.rucashk.com\/pt\/author\/admin\/","name":"admin","image":{"@type":"ImageObject","@id":"https:\/\/www.rucashk.com\/pt\/produto\/xiaomi-mijia-robot-vacuum-mop-p\/#authorImage","url":"https:\/\/secure.gravatar.com\/avatar\/b7c8925b09a27e72b30232f8ecaadbd5af0f70a38c78096863fe51b64f031c24?s=96&d=mm&r=g","width":96,"height":96,"caption":"admin"}},{"@type":"WebPage","@id":"https:\/\/www.rucashk.com\/pt\/produto\/xiaomi-mijia-robot-vacuum-mop-p\/#webpage","url":"https:\/\/www.rucashk.com\/pt\/produto\/xiaomi-mijia-robot-vacuum-mop-p\/","name":"Xiaomi Mijia Robot Vacuum-Mop P - Rucas - Wholesale and Distribution","description":"Main Feature: Mijia sweeping robot LDS laser navigation version It's clean, sweeping thoroughly, and cleaning the floor is enough. Support 3 kinds of sweeping mode Simulate artificial mopping, wipe more and more cleanly Intelligent electric control water tank to protect wooden floor 2100Pa large suction, more thorough cleaning New in LDS laser navigation, the map is more accurate","inLanguage":"pt-PT","isPartOf":{"@id":"https:\/\/www.rucashk.com\/pt\/#website"},"breadcrumb":{"@id":"https:\/\/www.rucashk.com\/pt\/produto\/xiaomi-mijia-robot-vacuum-mop-p\/#breadcrumblist"},"author":{"@id":"https:\/\/www.rucashk.com\/pt\/author\/admin\/#author"},"creator":{"@id":"https:\/\/www.rucashk.com\/pt\/author\/admin\/#author"},"image":{"@type":"ImageObject","url":"https:\/\/www.rucashk.com\/wp-content\/uploads\/2024\/01\/2019-Xiaomi-Pro-V2-Mijia-Sweeping-Mopping-Robot-Vacuum-Cleaner-2-STYJ02YM-Mi-Robot-Vacuum-Mop.jpg","@id":"https:\/\/www.rucashk.com\/pt\/produto\/xiaomi-mijia-robot-vacuum-mop-p\/#mainImage","width":800,"height":800},"primaryImageOfPage":{"@id":"https:\/\/www.rucashk.com\/pt\/produto\/xiaomi-mijia-robot-vacuum-mop-p\/#mainImage"},"datePublished":"2024-01-09T15:34:22+00:00","dateModified":"2024-03-12T07:55:14+00:00"},{"@type":"WebSite","@id":"https:\/\/www.rucashk.com\/pt\/#website","url":"https:\/\/www.rucashk.com\/pt\/","name":"Rucas - Wholesale and distribution worldwide","alternateName":"Rucas - One-stop AIoT Distribution Worldwide","description":"One-stop AIoT Distribution Worldwide","inLanguage":"pt-PT","publisher":{"@id":"https:\/\/www.rucashk.com\/pt\/#organization"}}]}},"aioseo_meta_data":{"post_id":"21644","title":null,"description":null,"keywords":null,"keyphrases":null,"primary_term":null,"canonical_url":null,"og_title":null,"og_description":null,"og_object_type":"default","og_image_type":"default","og_image_url":null,"og_image_width":null,"og_image_height":null,"og_image_custom_url":null,"og_image_custom_fields":null,"og_video":null,"og_custom_url":null,"og_article_section":null,"og_article_tags":null,"twitter_use_og":false,"twitter_card":"default","twitter_image_type":"default","twitter_image_url":null,"twitter_image_custom_url":null,"twitter_image_custom_fields":null,"twitter_title":null,"twitter_description":null,"schema":{"blockGraphs":[],"customGraphs":[],"default":{"data":{"Article":[],"Course":[],"Dataset":[],"FAQPage":[],"Movie":[],"Person":[],"Product":[],"Recipe":[],"Service":[],"SoftwareApplication":[],"WebPage":[]},"graphName":"","isEnabled":true},"graphs":[]},"schema_type":"default","schema_type_options":null,"pillar_content":false,"robots_default":true,"robots_noindex":false,"robots_noarchive":false,"robots_nosnippet":false,"robots_nofollow":false,"robots_noimageindex":false,"robots_noodp":false,"robots_notranslate":false,"robots_max_snippet":null,"robots_max_videopreview":null,"robots_max_imagepreview":"large","priority":null,"frequency":null,"local_seo":null,"breadcrumb_settings":null,"limit_modified_date":false,"created":"2024-04-11 01:55:19","updated":"2025-06-22 16:27:58"},"aioseo_breadcrumb":"<div class=\"aioseo-breadcrumbs\"><span class=\"aioseo-breadcrumb\">\n\t<a href=\"https:\/\/www.rucashk.com\/pt\" title=\"Home\">Home<\/a>\n<\/span><span class=\"aioseo-breadcrumb-separator\">&raquo;<\/span><span class=\"aioseo-breadcrumb\">\n\t<a href=\"https:\/\/www.rucashk.com\/pt\/products\/\" title=\"Produtos\">Produtos<\/a>\n<\/span><span class=\"aioseo-breadcrumb-separator\">&raquo;<\/span><span class=\"aioseo-breadcrumb\">\n\t<a href=\"https:\/\/www.rucashk.com\/pt\/categoria-produto\/xiaomi-eco\/\" title=\"Xiaomi Eco\">Xiaomi Eco<\/a>\n<\/span><span class=\"aioseo-breadcrumb-separator\">&raquo;<\/span><span class=\"aioseo-breadcrumb\">\n\t<a href=\"https:\/\/www.rucashk.com\/pt\/categoria-produto\/xiaomi-eco\/mi-vacuum-cleaner\/\" title=\"Mi Vacuum Cleaner\">Mi Vacuum Cleaner<\/a>\n<\/span><span class=\"aioseo-breadcrumb-separator\">&raquo;<\/span><span class=\"aioseo-breadcrumb\">\n\tXiaomi Mijia Robot Vacuum-Mop P\n<\/span><\/div>","aioseo_breadcrumb_json":[{"label":"Home","link":"https:\/\/www.rucashk.com\/pt"},{"label":"Produtos","link":"https:\/\/www.rucashk.com\/pt\/products\/"},{"label":"Xiaomi Eco","link":"https:\/\/www.rucashk.com\/pt\/categoria-produto\/xiaomi-eco\/"},{"label":"Mi Vacuum Cleaner","link":"https:\/\/www.rucashk.com\/pt\/categoria-produto\/xiaomi-eco\/mi-vacuum-cleaner\/"},{"label":"Xiaomi Mijia Robot Vacuum-Mop P","link":"https:\/\/www.rucashk.com\/pt\/produto\/xiaomi-mijia-robot-vacuum-mop-p\/"}],"_links":{"self":[{"href":"https:\/\/www.rucashk.com\/pt\/wp-json\/wp\/v2\/product\/21644","targetHints":{"allow":["GET"]}}],"collection":[{"href":"https:\/\/www.rucashk.com\/pt\/wp-json\/wp\/v2\/product"}],"about":[{"href":"https:\/\/www.rucashk.com\/pt\/wp-json\/wp\/v2\/types\/product"}],"wp:featuredmedia":[{"embeddable":true,"href":"https:\/\/www.rucashk.com\/pt\/wp-json\/wp\/v2\/media\/21783"}],"wp:attachment":[{"href":"https:\/\/www.rucashk.com\/pt\/wp-json\/wp\/v2\/media?parent=21644"}],"wp:term":[{"taxonomy":"product_brand","embeddable":true,"href":"https:\/\/www.rucashk.com\/pt\/wp-json\/wp\/v2\/product_brand?post=21644"},{"taxonomy":"product_cat","embeddable":true,"href":"https:\/\/www.rucashk.com\/pt\/wp-json\/wp\/v2\/product_cat?post=21644"},{"taxonomy":"product_tag","embeddable":true,"href":"https:\/\/www.rucashk.com\/pt\/wp-json\/wp\/v2\/product_tag?post=21644"}],"curies":[{"name":"wp","href":"https:\/\/api.w.org\/{rel}","templated":true}]}}