{"id":21641,"date":"2024-01-09T15:34:21","date_gmt":"2024-01-09T15:34:21","guid":{"rendered":"http:\/\/rucashk.com\/?post_type=product&#038;p=21641"},"modified":"2024-03-12T07:55:44","modified_gmt":"2024-03-12T07:55:44","slug":"roborock-s6-robot-vacuum-cleaner","status":"publish","type":"product","link":"https:\/\/www.rucashk.com\/pt\/produto\/roborock-s6-robot-vacuum-cleaner\/","title":{"rendered":"Aspirador rob\u00f4 Roborock S6"},"content":{"rendered":"<div class=\"self-adaption\"><img decoding=\"async\" alt=\"Roborock S6 robot vacuum cleaner\" class=\"aligncenter\" title=\"20190507183515_77708.jpg\" src=\"\/wp-content\/uploads\/replace\/27d68925bf0f4bfdac489613c26773c7.jpeg\" \/><\/div>\n<div class=\"self-adaption\" style=\"text-align: center\"><img decoding=\"async\" alt=\"Roborock S6 robot vacuum cleaner\" title=\"20190507183515_57491.jpg\" src=\"\/wp-content\/uploads\/replace\/177d92208e182dad50d70768a7efe196.jpeg\" \/><\/div>\n<div class=\"self-adaption\" style=\"text-align: center\"><img decoding=\"async\" alt=\"Roborock S6 robot vacuum cleaner\" title=\"20190507183516_85060.jpg\" src=\"\/wp-content\/uploads\/replace\/282ff93509246a6cc04e5a5b8a3fd3cc.jpeg\" \/><\/div>\n<div class=\"self-adaption\" style=\"text-align: center\"><img decoding=\"async\" alt=\"Roborock S6 robot vacuum cleaner\" title=\"1557801619747642.jpg\" src=\"\/wp-content\/uploads\/replace\/b26c1216fd1bde48105b40c9204bf572.jpeg\" \/><\/div>\n<div class=\"self-adaption\" style=\"text-align: center\"><img decoding=\"async\" alt=\"Roborock S6 robot vacuum cleaner\" title=\"20190507183516_29427.jpg\" src=\"\/wp-content\/uploads\/replace\/249d25365d1089c427e470513c0452b0.jpeg\" \/><\/div>\n<div class=\"self-adaption\" style=\"text-align: center\"><img decoding=\"async\" alt=\"Roborock S6 robot vacuum cleaner\" title=\"20190507183516_93447.jpg\" src=\"\/wp-content\/uploads\/replace\/df62e3d6a90c35270ec35061e16dff63.jpeg\" \/><\/div>\n<div class=\"self-adaption\" style=\"text-align: center\"><img decoding=\"async\" alt=\"Roborock S6 robot vacuum cleaner\" title=\"20190507183516_58905.jpg\" src=\"\/wp-content\/uploads\/replace\/319e3309994bb3bde2711126908adfbb.jpeg\" \/><\/div>\n<div class=\"self-adaption\" style=\"text-align: center\"><img decoding=\"async\" alt=\"Roborock S6 robot vacuum cleaner\" title=\"20190507183516_12917.jpg\" src=\"\/wp-content\/uploads\/replace\/be9ce203af9c81c02c566d2bdd37c5a3.jpeg\" \/><\/div>\n<div class=\"self-adaption\" style=\"text-align: center\"><img decoding=\"async\" alt=\"Roborock S6 robot vacuum cleaner\" title=\"20190819113927_63817.jpg\" src=\"\/wp-content\/uploads\/replace\/ee9b4565a1083d71ff968188aa0e9197.jpeg\" \/><\/div>\n<div class=\"self-adaption\" style=\"text-align: center\"><img decoding=\"async\" alt=\"Roborock S6 robot vacuum cleaner\" title=\"20190819113927_57148.jpg\" src=\"\/wp-content\/uploads\/replace\/95c306abcb9076bc127c055bc6407694.jpeg\" \/><\/div>\n<div class=\"self-adaption\" style=\"text-align: center\"><img decoding=\"async\" alt=\"Roborock S6 robot vacuum cleaner\" title=\"20190819113927_44360.jpg\" src=\"\/wp-content\/uploads\/replace\/4c2b02b9d8a0f854eb07374f726a7496.jpeg\" \/><\/div>\n<div class=\"self-adaption\" style=\"text-align: center\"><img decoding=\"async\" alt=\"Roborock S6 robot vacuum cleaner\" title=\"20190819113927_95603.jpg\" src=\"\/wp-content\/uploads\/replace\/651aaf96e086ad710d52e798118f6a63.jpeg\" \/><\/div>\n<div class=\"self-adaption\" style=\"text-align: center\"><img decoding=\"async\" alt=\"Roborock S6 robot vacuum cleaner\" title=\"20190819113927_25669.jpg\" src=\"\/wp-content\/uploads\/replace\/beb6f952f5156781d023b7e50a9d9fd0.jpeg\" \/><\/div>\n<div class=\"self-adaption\" style=\"text-align: center\"><img decoding=\"async\" alt=\"Roborock S6 robot vacuum cleaner\" title=\"20190819113927_79417.jpg\" src=\"\/wp-content\/uploads\/replace\/5b2eda114e3f07f1177947d577ef01c0.jpeg\" \/><\/div>\n<div class=\"self-adaption\" style=\"text-align: center\"><img decoding=\"async\" alt=\"Roborock S6 robot vacuum cleaner\" title=\"20190819113927_71584.jpg\" src=\"\/wp-content\/uploads\/replace\/dda43b1a87df09edc913ab03f6ee7fbf.jpeg\" \/><\/div>\n<div class=\"self-adaption\" style=\"text-align: center\"><img decoding=\"async\" alt=\"Roborock S6 robot vacuum cleaner\" title=\"20190819113928_57732.jpg\" src=\"\/wp-content\/uploads\/replace\/675f3a27e0cb90f8e891de04c4353fe3.jpeg\" \/><\/div>\n<div class=\"self-adaption\" style=\"text-align: center\"><img decoding=\"async\" alt=\"Roborock S6 robot vacuum cleaner\" title=\"20190819113928_89019.jpg\" src=\"\/wp-content\/uploads\/replace\/2763244bae533448a4c5a14e625800f4.jpeg\" \/><\/div>\n<div class=\"self-adaption\" style=\"text-align: center\"><img decoding=\"async\" alt=\"Roborock S6 robot vacuum cleaner\" title=\"20190819113928_10024.jpg\" src=\"\/wp-content\/uploads\/replace\/d895cef41b4c66d9764367522ddd6015.jpeg\" \/><\/div>\n<div class=\"self-adaption\" style=\"text-align: center\"><img decoding=\"async\" alt=\"Roborock S6 robot vacuum cleaner\" title=\"20190819113928_53079.jpg\" src=\"\/wp-content\/uploads\/replace\/7a61483d68ca20462719d35f2ca88e15.jpeg\" \/><\/div>\n<div class=\"self-adaption\" style=\"text-align: center\"><img decoding=\"async\" alt=\"Roborock S6 robot vacuum cleaner\" class=\"aligncenter\" title=\"20190819113928_97085.jpg\" src=\"\/wp-content\/uploads\/replace\/01f8662c4b34e937d7197c1b21504d13.jpeg\" \/><\/div>\n<div style=\"text-align: center\"><\/div>\n<div style=\"text-align: left\"><b data-spm-anchor-id=\"a2g0o.detail.1000023.i1.719d496dweITgF\">Principais caracter\u00edsticas:<\/b><br \/>\n\u25cf Nova tecnologia de mapeamento de IA 1.0, algoritmos atualizados que <b>calcule a maneira mais r\u00e1pida de limpar cada quarto<\/b>, 20% mais r\u00e1pido que Roborock S5.<br \/>\n\u25cf Identificar salas automaticamente, <b>limpe uma sala com um clique ou defina hor\u00e1rios para cada sala.<\/b><br \/>\n\u25cf <b>Varrer e esfregar 2 em 1<\/b>, tanque bi\u00f4nico de 140ml com volume de \u00e1gua ajust\u00e1vel.<br \/>\n\u25cf O motor Mabuchi fornece <b>Suc\u00e7\u00e3o forte de 2.000pa<\/b>, Evita que a poeira se esconda.<br \/>\n\u25cf Varredura LDS lidar e algoritmo SLAM para desenhar mapas precisos, <b>limpeza em forma de S sem nenhum ponto perdido.<\/b><br \/>\n\u25cf Aplicativo f\u00e1cil de usar, coloque zonas \/ barreiras virtuais proibidas ou limpe uma \u00e1rea espec\u00edfica.<br \/>\n\u25cf <b>Pano de limpeza descart\u00e1vel<\/b>, jogue fora ap\u00f3s o uso, sem m\u00e3os sujas.<br \/>\n\u25cf <b>Escova principal remov\u00edvel para facilitar a remo\u00e7\u00e3o dos pelos<\/b>, cerdas de qualidade da DuPont, 230% mais densas que as comuns.<br \/>\n\u25cf 6 sensores de penhasco e escalada de obst\u00e1culos de 2 cm, adequados para terrenos complexos.<br \/>\n\u25cf Equipado com <a class=\"\" style=\"width: auto !important\" href=\"https:\/\/www.rucashk.com\/pt\/updating-of-xiaomi-bluetooth-headset-air-2s-can-resolve-iphone-single-ear-noise\/\" data-wpil-post-to-id=\"7375\">ar de redu\u00e7\u00e3o de ru\u00eddo<\/a> tela e silenciador de algod\u00e3o, <b>50% mais silencioso<\/b> Do que o j\u00e1 silencioso Roborock S5.<br \/>\n\u25cf Bateria de longa dura\u00e7\u00e3o de 5200mAh e grande caixa de p\u00f3 de 480ml, limpeza cont\u00ednua por 150 minutos, cobertura de 250 metros quadrados.<br \/>\n\u25cf <a class=\"\" style=\"width: auto !important\" href=\"https:\/\/www.rucashk.com\/pt\/produto\/mi-smartda-integrated-water-faucet\/\" data-wpil-post-to-id=\"6666\">Cabo integrado arrumado, desligue o cabo do rel\u00f3gio de carregamento e mantenha sua casa<\/a> lustroso.<br \/>\n\u25cf Varrer e esfregar simultaneamente.<br \/>\n\u25cf Fique de olho <a class=\"\" style=\"width: auto !important\" href=\"https:\/\/www.rucashk.com\/pt\/produto\/mi-handheld-wireless-vacuum-cleaner-1c\/\" data-wpil-post-to-id=\"4569\">progresso de limpeza com mapeamento de rotas em tempo real no Mi<\/a> Aplicativo dom\u00e9stico.<br \/>\n\u25cf F\u00e1cil manuten\u00e7\u00e3o, pode continuar usando por mais tempo.<\/div>","protected":false},"excerpt":{"rendered":"<p>O aspirador rob\u00f4 Roborock S6 aspira automaticamente seu quarto, a navega\u00e7\u00e3o Roborock atualizada mapeia sua casa e planeja a rota em tempo real, <b data-spm-anchor-id=\"a2g0o.detail.1000023.i2.719d496dweITgF\">20% mais eficiente que S5<\/b> gra\u00e7as ao mapeamento de ponta, o S6 identifica salas, voc\u00ea pode limpar uma sala com um clique e definir hor\u00e1rios para cada sala. \u00c9 um rob\u00f4 aspirador e esfreg\u00e3o, varre e esfrega ao mesmo tempo, <b>nenhum ponto faltando, nenhum vazamento de \u00e1gua<\/b>, trabalhe uma vez, limpe completamente. Os panos descart\u00e1veis podem ser jogados fora ap\u00f3s o uso, sem necessidade de sujar as m\u00e3os.<\/p>","protected":false},"featured_media":21775,"template":"","meta":[],"product_brand":[],"product_cat":[1312,1305],"product_tag":[455,524],"class_list":{"0":"post-21641","1":"product","2":"type-product","3":"status-publish","4":"has-post-thumbnail","6":"product_cat-roborock-vacuum-cleaner","7":"product_cat-xiaomi-eco","8":"product_tag-roborock","9":"product_tag-vacuum","11":"first","12":"instock","13":"shipping-taxable","14":"product-type-external"},"aioseo_notices":[],"aioseo_head":"\n\t\t<!-- All in One SEO Pro 4.5.9.2 - aioseo.com -->\n\t\t<meta name=\"description\" content=\"Roborock S6 robot vacuum cleaner automatically vacuums your room, the upgraded Roborock navigation maps your house and plans the route in real-time, 20% more efficient than S5 thanks to the cutting-edge mapping, S6 identifies rooms, you can one-click clean a room and set schedules for each room. It is a robot vacuum and mop, sweeps and mops at the same time, no missing spot, no water leakage, work once, thoroughly clean. The disposable mopping rags can be thrown away after use, no need to get hands dirty.\" \/>\n\t\t<meta name=\"robots\" content=\"max-image-preview:large\" \/>\n\t\t<link rel=\"canonical\" href=\"https:\/\/www.rucashk.com\/pt\/produto\/roborock-s6-robot-vacuum-cleaner\/\" \/>\n\t\t<meta name=\"generator\" content=\"All in One SEO Pro (AIOSEO) 4.5.9.2\" \/>\n\t\t<meta property=\"og:locale\" content=\"pt_PT\" \/>\n\t\t<meta property=\"og:site_name\" content=\"Rucas - One-stop AIoT Distribution Worldwide\" \/>\n\t\t<meta property=\"og:type\" content=\"article\" \/>\n\t\t<meta property=\"og:title\" content=\"Roborock S6 robot vacuum cleaner - Rucas - Wholesale and Distribution\" \/>\n\t\t<meta property=\"og:description\" content=\"Roborock S6 robot vacuum cleaner automatically vacuums your room, the upgraded Roborock navigation maps your house and plans the route in real-time, 20% more efficient than S5 thanks to the cutting-edge mapping, S6 identifies rooms, you can one-click clean a room and set schedules for each room. It is a robot vacuum and mop, sweeps and mops at the same time, no missing spot, no water leakage, work once, thoroughly clean. The disposable mopping rags can be thrown away after use, no need to get hands dirty.\" \/>\n\t\t<meta property=\"og:url\" content=\"https:\/\/www.rucashk.com\/pt\/produto\/roborock-s6-robot-vacuum-cleaner\/\" \/>\n\t\t<meta property=\"og:image\" content=\"https:\/\/www.rucashk.com\/wp-content\/uploads\/replace\/503b8e645f128a97ccde2b6290747646.jpeg\" \/>\n\t\t<meta property=\"og:image:secure_url\" content=\"https:\/\/www.rucashk.com\/wp-content\/uploads\/replace\/503b8e645f128a97ccde2b6290747646.jpeg\" \/>\n\t\t<meta property=\"og:image:width\" content=\"1456\" \/>\n\t\t<meta property=\"og:image:height\" content=\"816\" \/>\n\t\t<meta property=\"article:published_time\" content=\"2024-01-09T15:34:21+00:00\" \/>\n\t\t<meta property=\"article:modified_time\" content=\"2024-03-12T07:55:44+00:00\" \/>\n\t\t<meta name=\"twitter:card\" content=\"summary_large_image\" \/>\n\t\t<meta name=\"twitter:title\" content=\"Roborock S6 robot vacuum cleaner - Rucas - Wholesale and Distribution\" \/>\n\t\t<meta name=\"twitter:description\" content=\"Roborock S6 robot vacuum cleaner automatically vacuums your room, the upgraded Roborock navigation maps your house and plans the route in real-time, 20% more efficient than S5 thanks to the cutting-edge mapping, S6 identifies rooms, you can one-click clean a room and set schedules for each room. It is a robot vacuum and mop, sweeps and mops at the same time, no missing spot, no water leakage, work once, thoroughly clean. The disposable mopping rags can be thrown away after use, no need to get hands dirty.\" \/>\n\t\t<meta name=\"twitter:image\" content=\"https:\/\/www.rucashk.com\/wp-content\/uploads\/replace\/503b8e645f128a97ccde2b6290747646.jpeg\" \/>\n\t\t<script type=\"application\/ld+json\" class=\"aioseo-schema\">\n\t\t\t{\"@context\":\"https:\\\/\\\/schema.org\",\"@graph\":[{\"@type\":\"BreadcrumbList\",\"@id\":\"https:\\\/\\\/www.rucashk.com\\\/pt\\\/produto\\\/roborock-s6-robot-vacuum-cleaner\\\/#breadcrumblist\",\"itemListElement\":[{\"@type\":\"ListItem\",\"@id\":\"https:\\\/\\\/www.rucashk.com\\\/pt\\\/#listItem\",\"position\":1,\"name\":\"Home\",\"item\":\"https:\\\/\\\/www.rucashk.com\\\/pt\\\/\",\"nextItem\":\"https:\\\/\\\/www.rucashk.com\\\/pt\\\/produto\\\/roborock-s6-robot-vacuum-cleaner\\\/#listItem\"},{\"@type\":\"ListItem\",\"@id\":\"https:\\\/\\\/www.rucashk.com\\\/pt\\\/produto\\\/roborock-s6-robot-vacuum-cleaner\\\/#listItem\",\"position\":2,\"name\":\"Roborock S6 robot vacuum cleaner\",\"previousItem\":\"https:\\\/\\\/www.rucashk.com\\\/pt\\\/#listItem\"}]},{\"@type\":\"Organization\",\"@id\":\"https:\\\/\\\/www.rucashk.com\\\/pt\\\/#organization\",\"name\":\"Rucas\",\"url\":\"https:\\\/\\\/www.rucashk.com\\\/pt\\\/\",\"logo\":{\"@type\":\"ImageObject\",\"url\":\"https:\\\/\\\/www.rucashk.com\\\/wp-content\\\/uploads\\\/2023\\\/12\\\/Rucas_campany_logo.png\",\"@id\":\"https:\\\/\\\/www.rucashk.com\\\/pt\\\/produto\\\/roborock-s6-robot-vacuum-cleaner\\\/#organizationLogo\",\"width\":221,\"height\":65},\"image\":{\"@id\":\"https:\\\/\\\/www.rucashk.com\\\/pt\\\/#organizationLogo\"}},{\"@type\":\"Person\",\"@id\":\"https:\\\/\\\/www.rucashk.com\\\/pt\\\/author\\\/admin\\\/#author\",\"url\":\"https:\\\/\\\/www.rucashk.com\\\/pt\\\/author\\\/admin\\\/\",\"name\":\"admin\",\"image\":{\"@type\":\"ImageObject\",\"@id\":\"https:\\\/\\\/www.rucashk.com\\\/pt\\\/produto\\\/roborock-s6-robot-vacuum-cleaner\\\/#authorImage\",\"url\":\"https:\\\/\\\/secure.gravatar.com\\\/avatar\\\/b7c8925b09a27e72b30232f8ecaadbd5af0f70a38c78096863fe51b64f031c24?s=96&d=mm&r=g\",\"width\":96,\"height\":96,\"caption\":\"admin\"}},{\"@type\":\"WebPage\",\"@id\":\"https:\\\/\\\/www.rucashk.com\\\/pt\\\/produto\\\/roborock-s6-robot-vacuum-cleaner\\\/#webpage\",\"url\":\"https:\\\/\\\/www.rucashk.com\\\/pt\\\/produto\\\/roborock-s6-robot-vacuum-cleaner\\\/\",\"name\":\"Roborock S6 robot vacuum cleaner - Rucas - Wholesale and Distribution\",\"description\":\"Roborock S6 robot vacuum cleaner automatically vacuums your room, the upgraded Roborock navigation maps your house and plans the route in real-time, 20% more efficient than S5 thanks to the cutting-edge mapping, S6 identifies rooms, you can one-click clean a room and set schedules for each room. It is a robot vacuum and mop, sweeps and mops at the same time, no missing spot, no water leakage, work once, thoroughly clean. The disposable mopping rags can be thrown away after use, no need to get hands dirty.\",\"inLanguage\":\"pt-PT\",\"isPartOf\":{\"@id\":\"https:\\\/\\\/www.rucashk.com\\\/pt\\\/#website\"},\"breadcrumb\":{\"@id\":\"https:\\\/\\\/www.rucashk.com\\\/pt\\\/produto\\\/roborock-s6-robot-vacuum-cleaner\\\/#breadcrumblist\"},\"author\":{\"@id\":\"https:\\\/\\\/www.rucashk.com\\\/pt\\\/author\\\/admin\\\/#author\"},\"creator\":{\"@id\":\"https:\\\/\\\/www.rucashk.com\\\/pt\\\/author\\\/admin\\\/#author\"},\"image\":{\"@type\":\"ImageObject\",\"url\":\"https:\\\/\\\/www.rucashk.com\\\/wp-content\\\/uploads\\\/2024\\\/01\\\/Roborock-S6-White-Robot-Vacuum-Cleaner-Home-Automatic-Sweeping-Dust-Sterilize-Smart-Planned-Washing-Mopping-from-3-1.jpg\",\"@id\":\"https:\\\/\\\/www.rucashk.com\\\/pt\\\/produto\\\/roborock-s6-robot-vacuum-cleaner\\\/#mainImage\",\"width\":800,\"height\":800},\"primaryImageOfPage\":{\"@id\":\"https:\\\/\\\/www.rucashk.com\\\/pt\\\/produto\\\/roborock-s6-robot-vacuum-cleaner\\\/#mainImage\"},\"datePublished\":\"2024-01-09T15:34:21+00:00\",\"dateModified\":\"2024-03-12T07:55:44+00:00\"},{\"@type\":\"WebSite\",\"@id\":\"https:\\\/\\\/www.rucashk.com\\\/pt\\\/#website\",\"url\":\"https:\\\/\\\/www.rucashk.com\\\/pt\\\/\",\"name\":\"Rucas - Wholesale and distribution worldwide\",\"alternateName\":\"Rucas - One-stop AIoT Distribution Worldwide\",\"description\":\"One-stop AIoT Distribution Worldwide\",\"inLanguage\":\"pt-PT\",\"publisher\":{\"@id\":\"https:\\\/\\\/www.rucashk.com\\\/pt\\\/#organization\"}}]}\n\t\t<\/script>\n\t\t<!-- All in One SEO Pro -->\r\n\t\t<title>Roborock S6 robot vacuum cleaner - Rucas - Wholesale and Distribution<\/title>\n\n","aioseo_head_json":{"title":"Roborock S6 robot vacuum cleaner - Rucas - Wholesale and Distribution","description":"Roborock S6 robot vacuum cleaner automatically vacuums your room, the upgraded Roborock navigation maps your house and plans the route in real-time, 20% more efficient than S5 thanks to the cutting-edge mapping, S6 identifies rooms, you can one-click clean a room and set schedules for each room. It is a robot vacuum and mop, sweeps and mops at the same time, no missing spot, no water leakage, work once, thoroughly clean. The disposable mopping rags can be thrown away after use, no need to get hands dirty.","canonical_url":"https:\/\/www.rucashk.com\/pt\/produto\/roborock-s6-robot-vacuum-cleaner\/","robots":"max-image-preview:large","keywords":"","webmasterTools":{"miscellaneous":""},"og:locale":"pt_PT","og:site_name":"Rucas - One-stop AIoT Distribution Worldwide","og:type":"article","og:title":"Roborock S6 robot vacuum cleaner - Rucas - Wholesale and Distribution","og:description":"Roborock S6 robot vacuum cleaner automatically vacuums your room, the upgraded Roborock navigation maps your house and plans the route in real-time, 20% more efficient than S5 thanks to the cutting-edge mapping, S6 identifies rooms, you can one-click clean a room and set schedules for each room. It is a robot vacuum and mop, sweeps and mops at the same time, no missing spot, no water leakage, work once, thoroughly clean. The disposable mopping rags can be thrown away after use, no need to get hands dirty.","og:url":"https:\/\/www.rucashk.com\/pt\/produto\/roborock-s6-robot-vacuum-cleaner\/","og:image":"https:\/\/www.rucashk.com\/wp-content\/uploads\/replace\/503b8e645f128a97ccde2b6290747646.jpeg","og:image:secure_url":"https:\/\/www.rucashk.com\/wp-content\/uploads\/replace\/503b8e645f128a97ccde2b6290747646.jpeg","og:image:width":1456,"og:image:height":816,"article:published_time":"2024-01-09T15:34:21+00:00","article:modified_time":"2024-03-12T07:55:44+00:00","twitter:card":"summary_large_image","twitter:title":"Roborock S6 robot vacuum cleaner - Rucas - Wholesale and Distribution","twitter:description":"Roborock S6 robot vacuum cleaner automatically vacuums your room, the upgraded Roborock navigation maps your house and plans the route in real-time, 20% more efficient than S5 thanks to the cutting-edge mapping, S6 identifies rooms, you can one-click clean a room and set schedules for each room. It is a robot vacuum and mop, sweeps and mops at the same time, no missing spot, no water leakage, work once, thoroughly clean. The disposable mopping rags can be thrown away after use, no need to get hands dirty.","twitter:image":"https:\/\/www.rucashk.com\/wp-content\/uploads\/replace\/503b8e645f128a97ccde2b6290747646.jpeg","schema":{"@context":"https:\/\/schema.org","@graph":[{"@type":"BreadcrumbList","@id":"https:\/\/www.rucashk.com\/pt\/produto\/roborock-s6-robot-vacuum-cleaner\/#breadcrumblist","itemListElement":[{"@type":"ListItem","@id":"https:\/\/www.rucashk.com\/pt\/#listItem","position":1,"name":"Home","item":"https:\/\/www.rucashk.com\/pt\/","nextItem":"https:\/\/www.rucashk.com\/pt\/produto\/roborock-s6-robot-vacuum-cleaner\/#listItem"},{"@type":"ListItem","@id":"https:\/\/www.rucashk.com\/pt\/produto\/roborock-s6-robot-vacuum-cleaner\/#listItem","position":2,"name":"Roborock S6 robot vacuum cleaner","previousItem":"https:\/\/www.rucashk.com\/pt\/#listItem"}]},{"@type":"Organization","@id":"https:\/\/www.rucashk.com\/pt\/#organization","name":"Rucas","url":"https:\/\/www.rucashk.com\/pt\/","logo":{"@type":"ImageObject","url":"https:\/\/www.rucashk.com\/wp-content\/uploads\/2023\/12\/Rucas_campany_logo.png","@id":"https:\/\/www.rucashk.com\/pt\/produto\/roborock-s6-robot-vacuum-cleaner\/#organizationLogo","width":221,"height":65},"image":{"@id":"https:\/\/www.rucashk.com\/pt\/#organizationLogo"}},{"@type":"Person","@id":"https:\/\/www.rucashk.com\/pt\/author\/admin\/#author","url":"https:\/\/www.rucashk.com\/pt\/author\/admin\/","name":"admin","image":{"@type":"ImageObject","@id":"https:\/\/www.rucashk.com\/pt\/produto\/roborock-s6-robot-vacuum-cleaner\/#authorImage","url":"https:\/\/secure.gravatar.com\/avatar\/b7c8925b09a27e72b30232f8ecaadbd5af0f70a38c78096863fe51b64f031c24?s=96&d=mm&r=g","width":96,"height":96,"caption":"admin"}},{"@type":"WebPage","@id":"https:\/\/www.rucashk.com\/pt\/produto\/roborock-s6-robot-vacuum-cleaner\/#webpage","url":"https:\/\/www.rucashk.com\/pt\/produto\/roborock-s6-robot-vacuum-cleaner\/","name":"Roborock S6 robot vacuum cleaner - Rucas - Wholesale and Distribution","description":"Roborock S6 robot vacuum cleaner automatically vacuums your room, the upgraded Roborock navigation maps your house and plans the route in real-time, 20% more efficient than S5 thanks to the cutting-edge mapping, S6 identifies rooms, you can one-click clean a room and set schedules for each room. It is a robot vacuum and mop, sweeps and mops at the same time, no missing spot, no water leakage, work once, thoroughly clean. The disposable mopping rags can be thrown away after use, no need to get hands dirty.","inLanguage":"pt-PT","isPartOf":{"@id":"https:\/\/www.rucashk.com\/pt\/#website"},"breadcrumb":{"@id":"https:\/\/www.rucashk.com\/pt\/produto\/roborock-s6-robot-vacuum-cleaner\/#breadcrumblist"},"author":{"@id":"https:\/\/www.rucashk.com\/pt\/author\/admin\/#author"},"creator":{"@id":"https:\/\/www.rucashk.com\/pt\/author\/admin\/#author"},"image":{"@type":"ImageObject","url":"https:\/\/www.rucashk.com\/wp-content\/uploads\/2024\/01\/Roborock-S6-White-Robot-Vacuum-Cleaner-Home-Automatic-Sweeping-Dust-Sterilize-Smart-Planned-Washing-Mopping-from-3-1.jpg","@id":"https:\/\/www.rucashk.com\/pt\/produto\/roborock-s6-robot-vacuum-cleaner\/#mainImage","width":800,"height":800},"primaryImageOfPage":{"@id":"https:\/\/www.rucashk.com\/pt\/produto\/roborock-s6-robot-vacuum-cleaner\/#mainImage"},"datePublished":"2024-01-09T15:34:21+00:00","dateModified":"2024-03-12T07:55:44+00:00"},{"@type":"WebSite","@id":"https:\/\/www.rucashk.com\/pt\/#website","url":"https:\/\/www.rucashk.com\/pt\/","name":"Rucas - Wholesale and distribution worldwide","alternateName":"Rucas - One-stop AIoT Distribution Worldwide","description":"One-stop AIoT Distribution Worldwide","inLanguage":"pt-PT","publisher":{"@id":"https:\/\/www.rucashk.com\/pt\/#organization"}}]}},"aioseo_meta_data":{"post_id":"21641","title":null,"description":null,"keywords":null,"keyphrases":null,"primary_term":null,"canonical_url":null,"og_title":null,"og_description":null,"og_object_type":"default","og_image_type":"default","og_image_url":null,"og_image_width":null,"og_image_height":null,"og_image_custom_url":null,"og_image_custom_fields":null,"og_video":null,"og_custom_url":null,"og_article_section":null,"og_article_tags":null,"twitter_use_og":false,"twitter_card":"default","twitter_image_type":"default","twitter_image_url":null,"twitter_image_custom_url":null,"twitter_image_custom_fields":null,"twitter_title":null,"twitter_description":null,"schema":{"blockGraphs":[],"customGraphs":[],"default":{"data":{"Article":[],"Course":[],"Dataset":[],"FAQPage":[],"Movie":[],"Person":[],"Product":[],"Recipe":[],"Service":[],"SoftwareApplication":[],"WebPage":[]},"graphName":"","isEnabled":true},"graphs":[]},"schema_type":"default","schema_type_options":null,"pillar_content":false,"robots_default":true,"robots_noindex":false,"robots_noarchive":false,"robots_nosnippet":false,"robots_nofollow":false,"robots_noimageindex":false,"robots_noodp":false,"robots_notranslate":false,"robots_max_snippet":null,"robots_max_videopreview":null,"robots_max_imagepreview":"large","priority":null,"frequency":null,"local_seo":null,"breadcrumb_settings":null,"limit_modified_date":false,"created":"2024-04-11 01:55:19","updated":"2025-06-22 16:27:57"},"aioseo_breadcrumb":"<div class=\"aioseo-breadcrumbs\"><span class=\"aioseo-breadcrumb\">\n\t<a href=\"https:\/\/www.rucashk.com\/pt\" title=\"Home\">Home<\/a>\n<\/span><span class=\"aioseo-breadcrumb-separator\">&raquo;<\/span><span class=\"aioseo-breadcrumb\">\n\t<a href=\"https:\/\/www.rucashk.com\/pt\/products\/\" title=\"Produtos\">Produtos<\/a>\n<\/span><span class=\"aioseo-breadcrumb-separator\">&raquo;<\/span><span class=\"aioseo-breadcrumb\">\n\t<a href=\"https:\/\/www.rucashk.com\/pt\/categoria-produto\/xiaomi-eco\/\" title=\"Xiaomi Eco\">Xiaomi Eco<\/a>\n<\/span><span class=\"aioseo-breadcrumb-separator\">&raquo;<\/span><span class=\"aioseo-breadcrumb\">\n\t<a href=\"https:\/\/www.rucashk.com\/pt\/categoria-produto\/xiaomi-eco\/roborock-vacuum-cleaner\/\" title=\"Roborock Vacuum Cleaner\">Roborock Vacuum Cleaner<\/a>\n<\/span><span class=\"aioseo-breadcrumb-separator\">&raquo;<\/span><span class=\"aioseo-breadcrumb\">\n\tRoborock S6 robot vacuum cleaner\n<\/span><\/div>","aioseo_breadcrumb_json":[{"label":"Home","link":"https:\/\/www.rucashk.com\/pt"},{"label":"Produtos","link":"https:\/\/www.rucashk.com\/pt\/products\/"},{"label":"Xiaomi Eco","link":"https:\/\/www.rucashk.com\/pt\/categoria-produto\/xiaomi-eco\/"},{"label":"Roborock Vacuum Cleaner","link":"https:\/\/www.rucashk.com\/pt\/categoria-produto\/xiaomi-eco\/roborock-vacuum-cleaner\/"},{"label":"Roborock S6 robot vacuum cleaner","link":"https:\/\/www.rucashk.com\/pt\/produto\/roborock-s6-robot-vacuum-cleaner\/"}],"_links":{"self":[{"href":"https:\/\/www.rucashk.com\/pt\/wp-json\/wp\/v2\/product\/21641","targetHints":{"allow":["GET"]}}],"collection":[{"href":"https:\/\/www.rucashk.com\/pt\/wp-json\/wp\/v2\/product"}],"about":[{"href":"https:\/\/www.rucashk.com\/pt\/wp-json\/wp\/v2\/types\/product"}],"wp:featuredmedia":[{"embeddable":true,"href":"https:\/\/www.rucashk.com\/pt\/wp-json\/wp\/v2\/media\/21775"}],"wp:attachment":[{"href":"https:\/\/www.rucashk.com\/pt\/wp-json\/wp\/v2\/media?parent=21641"}],"wp:term":[{"taxonomy":"product_brand","embeddable":true,"href":"https:\/\/www.rucashk.com\/pt\/wp-json\/wp\/v2\/product_brand?post=21641"},{"taxonomy":"product_cat","embeddable":true,"href":"https:\/\/www.rucashk.com\/pt\/wp-json\/wp\/v2\/product_cat?post=21641"},{"taxonomy":"product_tag","embeddable":true,"href":"https:\/\/www.rucashk.com\/pt\/wp-json\/wp\/v2\/product_tag?post=21641"}],"curies":[{"name":"wp","href":"https:\/\/api.w.org\/{rel}","templated":true}]}}