{"id":21604,"date":"2024-01-09T15:33:59","date_gmt":"2024-01-09T15:33:59","guid":{"rendered":"http:\/\/rucashk.com\/?post_type=product&#038;p=21604"},"modified":"2024-01-21T06:57:46","modified_gmt":"2024-01-21T06:57:46","slug":"mi-box-s-4k-ultra-hd-tv-box","status":"publish","type":"product","link":"https:\/\/www.rucashk.com\/pt\/produto\/mi-box-s-4k-ultra-hd-tv-box\/","title":{"rendered":"Caixa de TV Mi Box S 4K Ultra HD"},"content":{"rendered":"<p><img decoding=\"async\" class=\"aligncenter\" src=\"https:\/\/www.rucashk.com\/wp-content\/uploads\/2020\/05\/20190627094107248-1.jpg\" \/><img decoding=\"async\" class=\"aligncenter\" src=\"https:\/\/www.rucashk.com\/wp-content\/uploads\/2020\/05\/20190627094108632-1.jpg\" \/><img decoding=\"async\" class=\"aligncenter\" src=\"https:\/\/www.rucashk.com\/wp-content\/uploads\/2020\/05\/20190627094109185-1.jpg\" \/><img decoding=\"async\" class=\"aligncenter\" src=\"https:\/\/www.rucashk.com\/wp-content\/uploads\/2020\/05\/20190627094111929-1.jpg\" \/><img decoding=\"async\" class=\"aligncenter\" src=\"https:\/\/www.rucashk.com\/wp-content\/uploads\/2020\/05\/20190627094111339-1.jpg\" \/><img decoding=\"async\" class=\"aligncenter\" src=\"https:\/\/www.rucashk.com\/wp-content\/uploads\/2020\/05\/20190627094112236-1.jpg\" \/><\/p>\n<div class=\"widget module_tit\" style=\"text-align: center\">\n<p style=\"text-align: left\">Descri\u00e7\u00e3o do produto<\/p>\n<p style=\"text-align: left\">Xiaomi Mibox S 2 GB DDR3 RAM 8 GB ROM Android 8.1 5G WIFI bluetooth 4.2 H.265 TV Caixa Streaming Media Player Google Assistant Suporte para controle de voz HD Netflix 5.1 Sa\u00edda de som surround.<\/p>\n<\/div>\n<div id=\"detail_info\" class=\"widget\">\n<div>\n<table class=\"alignleft\" border=\"1\" cellspacing=\"0\" cellpadding=\"0\">\n<tbody>\n<tr>\n<td>Marca<\/td>\n<td>Xiaomi<\/td>\n<\/tr>\n<tr>\n<td>Modelo<\/td>\n<td>Xiaomi Mi Caixa S<\/td>\n<\/tr>\n<tr>\n<td>Dimens\u00f5es<\/td>\n<td>Comprimento: 95,25 mm, Largura: 95,25 mm, Espessura: 16,7 mm, Peso: 147g, Cor: Preto<\/td>\n<\/tr>\n<tr>\n<td>Resolu\u00e7\u00e3o de sa\u00edda<\/td>\n<td>4K (3840x2160)<\/td>\n<\/tr>\n<tr>\n<td>CPU<\/td>\n<td>Cortex-A53 Quad-core de 64 bits<\/td>\n<\/tr>\n<tr>\n<td>GPU<\/td>\n<td>Mali-450<\/td>\n<\/tr>\n<tr>\n<td>BATER<\/td>\n<td>2GB DDR3<\/td>\n<\/tr>\n<tr>\n<td>Armazenar<\/td>\n<td>eMMC de 8GB<\/td>\n<\/tr>\n<tr>\n<td>Sistema operacional<\/td>\n<td>Android 8.1<\/td>\n<\/tr>\n<tr>\n<td rowspan=\"2\">Conectividade sem fio<\/td>\n<td>Wi-Fi: 802.11a\/b\/g\/n\/ac 2,4 GHz\/5 GHz<\/td>\n<\/tr>\n<tr>\n<td>Bluetooth: 4.2<\/td>\n<\/tr>\n<tr>\n<td rowspan=\"6\">Decodificador<\/td>\n<td>Decodificador de v\u00eddeo: 4K@60fps,VP9,H.265,H.264,MPEG1\/2\/4,VC-1,Real8\/9\/10<\/td>\n<\/tr>\n<tr>\n<td>Formato de v\u00eddeo: RM,MOV,VOB,AVI,MKV,TS,Mp4,3D<\/td>\n<\/tr>\n<tr>\n<td>Decodificador de \u00e1udio: DOLBY, DTS<\/td>\n<\/tr>\n<tr>\n<td>Formato de \u00e1udio: MP3,APE,Flac<\/td>\n<\/tr>\n<tr>\n<td>Decodificador de imagem: JPG, BMP, GIF, PNG, TIF<\/td>\n<\/tr>\n<tr>\n<td>Idioma de suporte: Global<\/td>\n<\/tr>\n<tr>\n<td>Soquete<\/td>\n<td>HDMI2.0a x 1, USB2.0 x 1, Interface de alimenta\u00e7\u00e3o x 1, Sa\u00edda de \u00e1udio x 1<\/td>\n<\/tr>\n<tr>\n<td rowspan=\"5\">Lista de embalagem<\/td>\n<td>Caixa de TV Android Xiaomi Mi S x 1<\/td>\n<\/tr>\n<tr>\n<td>Manual do usu\u00e1rio x 1<\/td>\n<\/tr>\n<tr>\n<td>Controle remoto x 1<\/td>\n<\/tr>\n<tr>\n<td>Plugue de alimenta\u00e7\u00e3ox 1<\/td>\n<\/tr>\n<tr>\n<td><\/td>\n<\/tr>\n<\/tbody>\n<\/table>\n<p style=\"text-align: left\">\n<\/div>\n<\/div>","protected":false},"excerpt":{"rendered":"<p>Model: Xiaomi Mi Box S.<br \/>\nHardware: Cortex-A53 Quad-core 64bit, Mali-450 GPU 750MHz, 2GB DDR3 RAM,8GB eMMC Flash.<br \/>\nSystem: Android TV 8.1, Support OTA Update and Multi-language.<br \/>\nResolution: 4K (3840 x 2160).<br \/>\nSem fio:<br \/>\nWi-Fi: 802.11a\/b\/g\/n\/ac 2.4GHz\/5GHz.<br \/>\nBluetooth 4.2.<br \/>\nVideo: Video decoder: 4K@60fps, VP9, H.265, H.264, MPEG1\/2\/4, VC-1, Real8\/9\/10.<br \/>\nVideo Format: RM, MOV, VOB, AVI, MKV, TS, Mp4, 3D.<br \/>\nAudio decoder: DOLBY, DTS.<br \/>\nAudio Format: MP3, APE, Flac.<br \/>\nImage decoder: JPG, BMP, GIF, PNG, TIF.<br \/>\nPort: HDMI 2.0a x 1, USB 2.0 x 1, Power Interface x 1, Audio Out x 1.<\/p>","protected":false},"featured_media":21741,"template":"","meta":[],"product_brand":[],"product_cat":[1315,1305],"product_tag":[521],"class_list":{"0":"post-21604","1":"product","2":"type-product","3":"status-publish","4":"has-post-thumbnail","6":"product_cat-tv-accessories","7":"product_cat-xiaomi-eco","8":"product_tag-tv-box","10":"first","11":"instock","12":"shipping-taxable","13":"product-type-external"},"aioseo_notices":[],"aioseo_head":"\n\t\t<!-- All in One SEO Pro 4.5.9.2 - aioseo.com -->\n\t\t<meta name=\"description\" content=\"Model: Xiaomi Mi Box S. Hardware: Cortex-A53 Quad-core 64bit, Mali-450 GPU 750MHz, 2GB DDR3 RAM,8GB eMMC Flash. System: Android TV 8.1, Support OTA Update and Multi-language. Resolution: 4K (3840 x 2160). Wireless: Wi-Fi: 802.11a\/b\/g\/n\/ac 2.4GHz\/5GHz. Bluetooth 4.2. Video: Video decoder: 4K@60fps, VP9, H.265, H.264, MPEG1\/2\/4, VC-1, Real8\/9\/10. Video Format: RM, MOV, VOB, AVI, MKV, TS, Mp4, 3D. Audio decoder: DOLBY, DTS. Audio Format: MP3, APE, Flac. Image decoder: JPG, BMP, GIF, PNG, TIF. Port: HDMI 2.0a x 1, USB 2.0 x 1, Power Interface x 1, Audio Out x 1.\" \/>\n\t\t<meta name=\"robots\" content=\"max-image-preview:large\" \/>\n\t\t<link rel=\"canonical\" href=\"https:\/\/www.rucashk.com\/pt\/produto\/mi-box-s-4k-ultra-hd-tv-box\/\" \/>\n\t\t<meta name=\"generator\" content=\"All in One SEO Pro (AIOSEO) 4.5.9.2\" \/>\n\t\t<meta property=\"og:locale\" content=\"pt_PT\" \/>\n\t\t<meta property=\"og:site_name\" content=\"Rucas - One-stop AIoT Distribution Worldwide\" \/>\n\t\t<meta property=\"og:type\" content=\"article\" \/>\n\t\t<meta property=\"og:title\" content=\"Mi Box S 4K Ultra HD TV Box - Rucas - Wholesale and Distribution\" \/>\n\t\t<meta property=\"og:description\" content=\"Model: Xiaomi Mi Box S. Hardware: Cortex-A53 Quad-core 64bit, Mali-450 GPU 750MHz, 2GB DDR3 RAM,8GB eMMC Flash. System: Android TV 8.1, Support OTA Update and Multi-language. Resolution: 4K (3840 x 2160). Wireless: Wi-Fi: 802.11a\/b\/g\/n\/ac 2.4GHz\/5GHz. Bluetooth 4.2. Video: Video decoder: 4K@60fps, VP9, H.265, H.264, MPEG1\/2\/4, VC-1, Real8\/9\/10. Video Format: RM, MOV, VOB, AVI, MKV, TS, Mp4, 3D. Audio decoder: DOLBY, DTS. Audio Format: MP3, APE, Flac. Image decoder: JPG, BMP, GIF, PNG, TIF. Port: HDMI 2.0a x 1, USB 2.0 x 1, Power Interface x 1, Audio Out x 1.\" \/>\n\t\t<meta property=\"og:url\" content=\"https:\/\/www.rucashk.com\/pt\/produto\/mi-box-s-4k-ultra-hd-tv-box\/\" \/>\n\t\t<meta property=\"og:image\" content=\"https:\/\/www.rucashk.com\/wp-content\/uploads\/replace\/503b8e645f128a97ccde2b6290747646.jpeg\" \/>\n\t\t<meta property=\"og:image:secure_url\" content=\"https:\/\/www.rucashk.com\/wp-content\/uploads\/replace\/503b8e645f128a97ccde2b6290747646.jpeg\" \/>\n\t\t<meta property=\"og:image:width\" content=\"1456\" \/>\n\t\t<meta property=\"og:image:height\" content=\"816\" \/>\n\t\t<meta property=\"article:published_time\" content=\"2024-01-09T15:33:59+00:00\" \/>\n\t\t<meta property=\"article:modified_time\" content=\"2024-01-21T06:57:46+00:00\" \/>\n\t\t<meta name=\"twitter:card\" content=\"summary_large_image\" \/>\n\t\t<meta name=\"twitter:title\" content=\"Mi Box S 4K Ultra HD TV Box - Rucas - Wholesale and Distribution\" \/>\n\t\t<meta name=\"twitter:description\" content=\"Model: Xiaomi Mi Box S. Hardware: Cortex-A53 Quad-core 64bit, Mali-450 GPU 750MHz, 2GB DDR3 RAM,8GB eMMC Flash. System: Android TV 8.1, Support OTA Update and Multi-language. Resolution: 4K (3840 x 2160). Wireless: Wi-Fi: 802.11a\/b\/g\/n\/ac 2.4GHz\/5GHz. Bluetooth 4.2. Video: Video decoder: 4K@60fps, VP9, H.265, H.264, MPEG1\/2\/4, VC-1, Real8\/9\/10. Video Format: RM, MOV, VOB, AVI, MKV, TS, Mp4, 3D. Audio decoder: DOLBY, DTS. Audio Format: MP3, APE, Flac. Image decoder: JPG, BMP, GIF, PNG, TIF. Port: HDMI 2.0a x 1, USB 2.0 x 1, Power Interface x 1, Audio Out x 1.\" \/>\n\t\t<meta name=\"twitter:image\" content=\"https:\/\/www.rucashk.com\/wp-content\/uploads\/replace\/503b8e645f128a97ccde2b6290747646.jpeg\" \/>\n\t\t<script type=\"application\/ld+json\" class=\"aioseo-schema\">\n\t\t\t{\"@context\":\"https:\\\/\\\/schema.org\",\"@graph\":[{\"@type\":\"BreadcrumbList\",\"@id\":\"https:\\\/\\\/www.rucashk.com\\\/pt\\\/produto\\\/mi-box-s-4k-ultra-hd-tv-box\\\/#breadcrumblist\",\"itemListElement\":[{\"@type\":\"ListItem\",\"@id\":\"https:\\\/\\\/www.rucashk.com\\\/pt\\\/#listItem\",\"position\":1,\"name\":\"Home\",\"item\":\"https:\\\/\\\/www.rucashk.com\\\/pt\\\/\",\"nextItem\":\"https:\\\/\\\/www.rucashk.com\\\/pt\\\/produto\\\/mi-box-s-4k-ultra-hd-tv-box\\\/#listItem\"},{\"@type\":\"ListItem\",\"@id\":\"https:\\\/\\\/www.rucashk.com\\\/pt\\\/produto\\\/mi-box-s-4k-ultra-hd-tv-box\\\/#listItem\",\"position\":2,\"name\":\"Mi Box S 4K Ultra HD TV Box\",\"previousItem\":\"https:\\\/\\\/www.rucashk.com\\\/pt\\\/#listItem\"}]},{\"@type\":\"Organization\",\"@id\":\"https:\\\/\\\/www.rucashk.com\\\/pt\\\/#organization\",\"name\":\"Rucas\",\"url\":\"https:\\\/\\\/www.rucashk.com\\\/pt\\\/\",\"logo\":{\"@type\":\"ImageObject\",\"url\":\"https:\\\/\\\/www.rucashk.com\\\/wp-content\\\/uploads\\\/2023\\\/12\\\/Rucas_campany_logo.png\",\"@id\":\"https:\\\/\\\/www.rucashk.com\\\/pt\\\/produto\\\/mi-box-s-4k-ultra-hd-tv-box\\\/#organizationLogo\",\"width\":221,\"height\":65},\"image\":{\"@id\":\"https:\\\/\\\/www.rucashk.com\\\/pt\\\/#organizationLogo\"}},{\"@type\":\"Person\",\"@id\":\"https:\\\/\\\/www.rucashk.com\\\/pt\\\/author\\\/admin\\\/#author\",\"url\":\"https:\\\/\\\/www.rucashk.com\\\/pt\\\/author\\\/admin\\\/\",\"name\":\"admin\",\"image\":{\"@type\":\"ImageObject\",\"@id\":\"https:\\\/\\\/www.rucashk.com\\\/pt\\\/produto\\\/mi-box-s-4k-ultra-hd-tv-box\\\/#authorImage\",\"url\":\"https:\\\/\\\/secure.gravatar.com\\\/avatar\\\/b7c8925b09a27e72b30232f8ecaadbd5af0f70a38c78096863fe51b64f031c24?s=96&d=mm&r=g\",\"width\":96,\"height\":96,\"caption\":\"admin\"}},{\"@type\":\"WebPage\",\"@id\":\"https:\\\/\\\/www.rucashk.com\\\/pt\\\/produto\\\/mi-box-s-4k-ultra-hd-tv-box\\\/#webpage\",\"url\":\"https:\\\/\\\/www.rucashk.com\\\/pt\\\/produto\\\/mi-box-s-4k-ultra-hd-tv-box\\\/\",\"name\":\"Mi Box S 4K Ultra HD TV Box - Rucas - Wholesale and Distribution\",\"description\":\"Model: Xiaomi Mi Box S. Hardware: Cortex-A53 Quad-core 64bit, Mali-450 GPU 750MHz, 2GB DDR3 RAM,8GB eMMC Flash. System: Android TV 8.1, Support OTA Update and Multi-language. Resolution: 4K (3840 x 2160). Wireless: Wi-Fi: 802.11a\\\/b\\\/g\\\/n\\\/ac 2.4GHz\\\/5GHz. Bluetooth 4.2. Video: Video decoder: 4K@60fps, VP9, H.265, H.264, MPEG1\\\/2\\\/4, VC-1, Real8\\\/9\\\/10. Video Format: RM, MOV, VOB, AVI, MKV, TS, Mp4, 3D. Audio decoder: DOLBY, DTS. Audio Format: MP3, APE, Flac. Image decoder: JPG, BMP, GIF, PNG, TIF. Port: HDMI 2.0a x 1, USB 2.0 x 1, Power Interface x 1, Audio Out x 1.\",\"inLanguage\":\"pt-PT\",\"isPartOf\":{\"@id\":\"https:\\\/\\\/www.rucashk.com\\\/pt\\\/#website\"},\"breadcrumb\":{\"@id\":\"https:\\\/\\\/www.rucashk.com\\\/pt\\\/produto\\\/mi-box-s-4k-ultra-hd-tv-box\\\/#breadcrumblist\"},\"author\":{\"@id\":\"https:\\\/\\\/www.rucashk.com\\\/pt\\\/author\\\/admin\\\/#author\"},\"creator\":{\"@id\":\"https:\\\/\\\/www.rucashk.com\\\/pt\\\/author\\\/admin\\\/#author\"},\"image\":{\"@type\":\"ImageObject\",\"url\":\"https:\\\/\\\/www.rucashk.com\\\/wp-content\\\/uploads\\\/2024\\\/01\\\/s-l500-2-1-1.jpg\",\"@id\":\"https:\\\/\\\/www.rucashk.com\\\/pt\\\/produto\\\/mi-box-s-4k-ultra-hd-tv-box\\\/#mainImage\",\"width\":800,\"height\":800},\"primaryImageOfPage\":{\"@id\":\"https:\\\/\\\/www.rucashk.com\\\/pt\\\/produto\\\/mi-box-s-4k-ultra-hd-tv-box\\\/#mainImage\"},\"datePublished\":\"2024-01-09T15:33:59+00:00\",\"dateModified\":\"2024-01-21T06:57:46+00:00\"},{\"@type\":\"WebSite\",\"@id\":\"https:\\\/\\\/www.rucashk.com\\\/pt\\\/#website\",\"url\":\"https:\\\/\\\/www.rucashk.com\\\/pt\\\/\",\"name\":\"Rucas - Wholesale and distribution worldwide\",\"alternateName\":\"Rucas - One-stop AIoT Distribution Worldwide\",\"description\":\"One-stop AIoT Distribution Worldwide\",\"inLanguage\":\"pt-PT\",\"publisher\":{\"@id\":\"https:\\\/\\\/www.rucashk.com\\\/pt\\\/#organization\"}}]}\n\t\t<\/script>\n\t\t<!-- All in One SEO Pro -->\r\n\t\t<title>Mi Box S 4K Ultra HD TV Box - Rucas - Wholesale and Distribution<\/title>\n\n","aioseo_head_json":{"title":"Mi Box S 4K Ultra HD TV Box - Rucas - Wholesale and Distribution","description":"Model: Xiaomi Mi Box S. Hardware: Cortex-A53 Quad-core 64bit, Mali-450 GPU 750MHz, 2GB DDR3 RAM,8GB eMMC Flash. System: Android TV 8.1, Support OTA Update and Multi-language. Resolution: 4K (3840 x 2160). Wireless: Wi-Fi: 802.11a\/b\/g\/n\/ac 2.4GHz\/5GHz. Bluetooth 4.2. Video: Video decoder: 4K@60fps, VP9, H.265, H.264, MPEG1\/2\/4, VC-1, Real8\/9\/10. Video Format: RM, MOV, VOB, AVI, MKV, TS, Mp4, 3D. Audio decoder: DOLBY, DTS. Audio Format: MP3, APE, Flac. Image decoder: JPG, BMP, GIF, PNG, TIF. Port: HDMI 2.0a x 1, USB 2.0 x 1, Power Interface x 1, Audio Out x 1.","canonical_url":"https:\/\/www.rucashk.com\/pt\/produto\/mi-box-s-4k-ultra-hd-tv-box\/","robots":"max-image-preview:large","keywords":"","webmasterTools":{"miscellaneous":""},"og:locale":"pt_PT","og:site_name":"Rucas - One-stop AIoT Distribution Worldwide","og:type":"article","og:title":"Mi Box S 4K Ultra HD TV Box - Rucas - Wholesale and Distribution","og:description":"Model: Xiaomi Mi Box S. Hardware: Cortex-A53 Quad-core 64bit, Mali-450 GPU 750MHz, 2GB DDR3 RAM,8GB eMMC Flash. System: Android TV 8.1, Support OTA Update and Multi-language. Resolution: 4K (3840 x 2160). Wireless: Wi-Fi: 802.11a\/b\/g\/n\/ac 2.4GHz\/5GHz. Bluetooth 4.2. Video: Video decoder: 4K@60fps, VP9, H.265, H.264, MPEG1\/2\/4, VC-1, Real8\/9\/10. Video Format: RM, MOV, VOB, AVI, MKV, TS, Mp4, 3D. Audio decoder: DOLBY, DTS. Audio Format: MP3, APE, Flac. Image decoder: JPG, BMP, GIF, PNG, TIF. Port: HDMI 2.0a x 1, USB 2.0 x 1, Power Interface x 1, Audio Out x 1.","og:url":"https:\/\/www.rucashk.com\/pt\/produto\/mi-box-s-4k-ultra-hd-tv-box\/","og:image":"https:\/\/www.rucashk.com\/wp-content\/uploads\/replace\/503b8e645f128a97ccde2b6290747646.jpeg","og:image:secure_url":"https:\/\/www.rucashk.com\/wp-content\/uploads\/replace\/503b8e645f128a97ccde2b6290747646.jpeg","og:image:width":1456,"og:image:height":816,"article:published_time":"2024-01-09T15:33:59+00:00","article:modified_time":"2024-01-21T06:57:46+00:00","twitter:card":"summary_large_image","twitter:title":"Mi Box S 4K Ultra HD TV Box - Rucas - Wholesale and Distribution","twitter:description":"Model: Xiaomi Mi Box S. Hardware: Cortex-A53 Quad-core 64bit, Mali-450 GPU 750MHz, 2GB DDR3 RAM,8GB eMMC Flash. System: Android TV 8.1, Support OTA Update and Multi-language. Resolution: 4K (3840 x 2160). Wireless: Wi-Fi: 802.11a\/b\/g\/n\/ac 2.4GHz\/5GHz. Bluetooth 4.2. Video: Video decoder: 4K@60fps, VP9, H.265, H.264, MPEG1\/2\/4, VC-1, Real8\/9\/10. Video Format: RM, MOV, VOB, AVI, MKV, TS, Mp4, 3D. Audio decoder: DOLBY, DTS. Audio Format: MP3, APE, Flac. Image decoder: JPG, BMP, GIF, PNG, TIF. Port: HDMI 2.0a x 1, USB 2.0 x 1, Power Interface x 1, Audio Out x 1.","twitter:image":"https:\/\/www.rucashk.com\/wp-content\/uploads\/replace\/503b8e645f128a97ccde2b6290747646.jpeg","schema":{"@context":"https:\/\/schema.org","@graph":[{"@type":"BreadcrumbList","@id":"https:\/\/www.rucashk.com\/pt\/produto\/mi-box-s-4k-ultra-hd-tv-box\/#breadcrumblist","itemListElement":[{"@type":"ListItem","@id":"https:\/\/www.rucashk.com\/pt\/#listItem","position":1,"name":"Home","item":"https:\/\/www.rucashk.com\/pt\/","nextItem":"https:\/\/www.rucashk.com\/pt\/produto\/mi-box-s-4k-ultra-hd-tv-box\/#listItem"},{"@type":"ListItem","@id":"https:\/\/www.rucashk.com\/pt\/produto\/mi-box-s-4k-ultra-hd-tv-box\/#listItem","position":2,"name":"Mi Box S 4K Ultra HD TV Box","previousItem":"https:\/\/www.rucashk.com\/pt\/#listItem"}]},{"@type":"Organization","@id":"https:\/\/www.rucashk.com\/pt\/#organization","name":"Rucas","url":"https:\/\/www.rucashk.com\/pt\/","logo":{"@type":"ImageObject","url":"https:\/\/www.rucashk.com\/wp-content\/uploads\/2023\/12\/Rucas_campany_logo.png","@id":"https:\/\/www.rucashk.com\/pt\/produto\/mi-box-s-4k-ultra-hd-tv-box\/#organizationLogo","width":221,"height":65},"image":{"@id":"https:\/\/www.rucashk.com\/pt\/#organizationLogo"}},{"@type":"Person","@id":"https:\/\/www.rucashk.com\/pt\/author\/admin\/#author","url":"https:\/\/www.rucashk.com\/pt\/author\/admin\/","name":"admin","image":{"@type":"ImageObject","@id":"https:\/\/www.rucashk.com\/pt\/produto\/mi-box-s-4k-ultra-hd-tv-box\/#authorImage","url":"https:\/\/secure.gravatar.com\/avatar\/b7c8925b09a27e72b30232f8ecaadbd5af0f70a38c78096863fe51b64f031c24?s=96&d=mm&r=g","width":96,"height":96,"caption":"admin"}},{"@type":"WebPage","@id":"https:\/\/www.rucashk.com\/pt\/produto\/mi-box-s-4k-ultra-hd-tv-box\/#webpage","url":"https:\/\/www.rucashk.com\/pt\/produto\/mi-box-s-4k-ultra-hd-tv-box\/","name":"Mi Box S 4K Ultra HD TV Box - Rucas - Wholesale and Distribution","description":"Model: Xiaomi Mi Box S. Hardware: Cortex-A53 Quad-core 64bit, Mali-450 GPU 750MHz, 2GB DDR3 RAM,8GB eMMC Flash. System: Android TV 8.1, Support OTA Update and Multi-language. Resolution: 4K (3840 x 2160). Wireless: Wi-Fi: 802.11a\/b\/g\/n\/ac 2.4GHz\/5GHz. Bluetooth 4.2. Video: Video decoder: 4K@60fps, VP9, H.265, H.264, MPEG1\/2\/4, VC-1, Real8\/9\/10. Video Format: RM, MOV, VOB, AVI, MKV, TS, Mp4, 3D. Audio decoder: DOLBY, DTS. Audio Format: MP3, APE, Flac. Image decoder: JPG, BMP, GIF, PNG, TIF. Port: HDMI 2.0a x 1, USB 2.0 x 1, Power Interface x 1, Audio Out x 1.","inLanguage":"pt-PT","isPartOf":{"@id":"https:\/\/www.rucashk.com\/pt\/#website"},"breadcrumb":{"@id":"https:\/\/www.rucashk.com\/pt\/produto\/mi-box-s-4k-ultra-hd-tv-box\/#breadcrumblist"},"author":{"@id":"https:\/\/www.rucashk.com\/pt\/author\/admin\/#author"},"creator":{"@id":"https:\/\/www.rucashk.com\/pt\/author\/admin\/#author"},"image":{"@type":"ImageObject","url":"https:\/\/www.rucashk.com\/wp-content\/uploads\/2024\/01\/s-l500-2-1-1.jpg","@id":"https:\/\/www.rucashk.com\/pt\/produto\/mi-box-s-4k-ultra-hd-tv-box\/#mainImage","width":800,"height":800},"primaryImageOfPage":{"@id":"https:\/\/www.rucashk.com\/pt\/produto\/mi-box-s-4k-ultra-hd-tv-box\/#mainImage"},"datePublished":"2024-01-09T15:33:59+00:00","dateModified":"2024-01-21T06:57:46+00:00"},{"@type":"WebSite","@id":"https:\/\/www.rucashk.com\/pt\/#website","url":"https:\/\/www.rucashk.com\/pt\/","name":"Rucas - Wholesale and distribution worldwide","alternateName":"Rucas - One-stop AIoT Distribution Worldwide","description":"One-stop AIoT Distribution Worldwide","inLanguage":"pt-PT","publisher":{"@id":"https:\/\/www.rucashk.com\/pt\/#organization"}}]}},"aioseo_meta_data":{"post_id":"21604","title":null,"description":null,"keywords":null,"keyphrases":null,"primary_term":null,"canonical_url":null,"og_title":null,"og_description":null,"og_object_type":"default","og_image_type":"default","og_image_url":null,"og_image_width":null,"og_image_height":null,"og_image_custom_url":null,"og_image_custom_fields":null,"og_video":null,"og_custom_url":null,"og_article_section":null,"og_article_tags":null,"twitter_use_og":false,"twitter_card":"default","twitter_image_type":"default","twitter_image_url":null,"twitter_image_custom_url":null,"twitter_image_custom_fields":null,"twitter_title":null,"twitter_description":null,"schema":{"blockGraphs":[],"customGraphs":[],"default":{"data":{"Article":[],"Course":[],"Dataset":[],"FAQPage":[],"Movie":[],"Person":[],"Product":[],"Recipe":[],"Service":[],"SoftwareApplication":[],"WebPage":[]},"graphName":"","isEnabled":true},"graphs":[]},"schema_type":"default","schema_type_options":null,"pillar_content":false,"robots_default":true,"robots_noindex":false,"robots_noarchive":false,"robots_nosnippet":false,"robots_nofollow":false,"robots_noimageindex":false,"robots_noodp":false,"robots_notranslate":false,"robots_max_snippet":null,"robots_max_videopreview":null,"robots_max_imagepreview":"large","priority":null,"frequency":null,"local_seo":null,"breadcrumb_settings":null,"limit_modified_date":false,"created":"2024-04-11 01:55:19","updated":"2025-06-22 16:27:55"},"aioseo_breadcrumb":"<div class=\"aioseo-breadcrumbs\"><span class=\"aioseo-breadcrumb\">\n\t<a href=\"https:\/\/www.rucashk.com\/pt\" title=\"Home\">Home<\/a>\n<\/span><span class=\"aioseo-breadcrumb-separator\">&raquo;<\/span><span class=\"aioseo-breadcrumb\">\n\t<a href=\"https:\/\/www.rucashk.com\/pt\/products\/\" title=\"Produtos\">Produtos<\/a>\n<\/span><span class=\"aioseo-breadcrumb-separator\">&raquo;<\/span><span class=\"aioseo-breadcrumb\">\n\t<a href=\"https:\/\/www.rucashk.com\/pt\/categoria-produto\/xiaomi-eco\/\" title=\"Xiaomi Eco\">Xiaomi Eco<\/a>\n<\/span><span class=\"aioseo-breadcrumb-separator\">&raquo;<\/span><span class=\"aioseo-breadcrumb\">\n\t<a href=\"https:\/\/www.rucashk.com\/pt\/categoria-produto\/xiaomi-eco\/tv-accessories\/\" title=\"TV Accessories\">TV Accessories<\/a>\n<\/span><span class=\"aioseo-breadcrumb-separator\">&raquo;<\/span><span class=\"aioseo-breadcrumb\">\n\tMi Box S 4K Ultra HD TV Box\n<\/span><\/div>","aioseo_breadcrumb_json":[{"label":"Home","link":"https:\/\/www.rucashk.com\/pt"},{"label":"Produtos","link":"https:\/\/www.rucashk.com\/pt\/products\/"},{"label":"Xiaomi Eco","link":"https:\/\/www.rucashk.com\/pt\/categoria-produto\/xiaomi-eco\/"},{"label":"TV Accessories","link":"https:\/\/www.rucashk.com\/pt\/categoria-produto\/xiaomi-eco\/tv-accessories\/"},{"label":"Mi Box S 4K Ultra HD TV Box","link":"https:\/\/www.rucashk.com\/pt\/produto\/mi-box-s-4k-ultra-hd-tv-box\/"}],"_links":{"self":[{"href":"https:\/\/www.rucashk.com\/pt\/wp-json\/wp\/v2\/product\/21604","targetHints":{"allow":["GET"]}}],"collection":[{"href":"https:\/\/www.rucashk.com\/pt\/wp-json\/wp\/v2\/product"}],"about":[{"href":"https:\/\/www.rucashk.com\/pt\/wp-json\/wp\/v2\/types\/product"}],"wp:featuredmedia":[{"embeddable":true,"href":"https:\/\/www.rucashk.com\/pt\/wp-json\/wp\/v2\/media\/21741"}],"wp:attachment":[{"href":"https:\/\/www.rucashk.com\/pt\/wp-json\/wp\/v2\/media?parent=21604"}],"wp:term":[{"taxonomy":"product_brand","embeddable":true,"href":"https:\/\/www.rucashk.com\/pt\/wp-json\/wp\/v2\/product_brand?post=21604"},{"taxonomy":"product_cat","embeddable":true,"href":"https:\/\/www.rucashk.com\/pt\/wp-json\/wp\/v2\/product_cat?post=21604"},{"taxonomy":"product_tag","embeddable":true,"href":"https:\/\/www.rucashk.com\/pt\/wp-json\/wp\/v2\/product_tag?post=21604"}],"curies":[{"name":"wp","href":"https:\/\/api.w.org\/{rel}","templated":true}]}}