{"id":21601,"date":"2024-01-09T15:33:59","date_gmt":"2024-01-09T15:33:59","guid":{"rendered":"http:\/\/rucashk.com\/?post_type=product&#038;p=21601"},"modified":"2024-01-21T05:34:07","modified_gmt":"2024-01-21T05:34:07","slug":"xiaomi-mijia-electric-kettle-1-5l-capacity","status":"publish","type":"product","link":"https:\/\/www.rucashk.com\/pt\/produto\/xiaomi-mijia-electric-kettle-1-5l-capacity\/","title":{"rendered":"Chaleira el\u00e9trica Xiaomi Mijia com capacidade de 1,5L"},"content":{"rendered":"<p><img decoding=\"async\" class=\"aligncenter\" src=\"https:\/\/www.rucashk.com\/wp-content\/uploads\/2020\/05\/HTB1CbbhvZuYBuNkSmRyq6AA3pXam.jpg\" alt=\"_01\" \/><\/p>\n<p style=\"text-align: center\"><img decoding=\"async\" src=\"https:\/\/www.rucashk.com\/wp-content\/uploads\/2020\/05\/HTB1dijpEhSYBuNjSsphq6zGvVXab.jpg\" alt=\"_02\" \/><\/p>\n<p style=\"text-align: center\"><img decoding=\"async\" src=\"https:\/\/www.rucashk.com\/wp-content\/uploads\/2020\/05\/HTB1WGxIExGYBuNjy0Fnq6x5lpXaE.jpg\" alt=\"950_03\" \/><img decoding=\"async\" src=\"https:\/\/www.rucashk.com\/wp-content\/uploads\/2020\/05\/HTB1W7ZRkL6TBKNjSZJiq6zKVFXaM.jpg\" alt=\"950_04\" \/><\/p>\n<p style=\"text-align: center\"><strong>Duplo 304 <a class=\"\" style=\"width: auto !important\" href=\"https:\/\/www.rucashk.com\/pt\/39-9rmb-xiaomi-grocery-store-new-life-experience-high-quality-stainless-steel-create-a-xiaomi-ecological-chain-explosive\/\" data-wpil-post-to-id=\"7150\">a\u00e7o inoxid\u00e1vel<\/a> pia interna - mais isolamento t\u00e9rmico<\/strong><\/p>\n<p style=\"text-align: center\"><strong><img decoding=\"async\" src=\"https:\/\/www.rucashk.com\/wp-content\/uploads\/2020\/05\/HTB1rLzlvZuYBuNkSmRyq6AA3pXaa.jpg\" alt=\"_05\" \/><\/strong><\/p>\n<p style=\"text-align: center\"><strong>Abra o Bluetooth 4.0 e conecte-se<\/strong><\/p>\n<p style=\"text-align: center\"><strong><a class=\"\" style=\"width: auto !important\" href=\"https:\/\/www.rucashk.com\/pt\/produto\/xiaomi-smart-camera-ptz-pro\/\" data-wpil-post-to-id=\"5968\">Casa inteligente Xiaomi<\/a> APP para controlar remotamente a temperatura da \u00e1gua<\/strong><\/p>\n<p style=\"text-align: center\"><strong><img decoding=\"async\" src=\"https:\/\/www.rucashk.com\/wp-content\/uploads\/2020\/05\/HTB1M7RFXvQypeRjt_bXq6yZuXXaB.jpg\" alt=\"_06\" \/><\/strong><\/p>\n<p style=\"text-align: center\"><img decoding=\"async\" src=\"https:\/\/www.rucashk.com\/wp-content\/uploads\/2020\/05\/HTB1hgiFEqmWBuNjy1Xaq6xCbXXaY.jpg\" alt=\"_07\" \/><\/p>\n<p><img decoding=\"async\" class=\"aligncenter\" src=\"https:\/\/www.rucashk.com\/wp-content\/uploads\/2020\/05\/HTB113LGkYZnBKNjSZFhq6A.oXXaG_.jpg\" alt=\"950_08\" \/><img decoding=\"async\" class=\"aligncenter\" src=\"https:\/\/www.rucashk.com\/wp-content\/uploads\/2020\/05\/HTB1UQEFEoR1BeNjy0Fmq6z0wVXag.jpg\" alt=\"_08\" \/><img decoding=\"async\" class=\"aligncenter\" src=\"https:\/\/www.rucashk.com\/wp-content\/uploads\/2020\/05\/HTB1upE4kIUrBKNjSZPxq6x00pXaj.jpg\" alt=\"_09\" \/><img decoding=\"async\" class=\"aligncenter\" src=\"https:\/\/www.rucashk.com\/wp-content\/uploads\/2020\/05\/HTB1VSYSEgmTBuNjy1Xbq6yMrVXa9.jpg\" alt=\"_10\" \/><\/p>\n<p><a class=\"\" style=\"width: auto !important\" href=\"https:\/\/www.rucashk.com\/pt\/produto\/xiaomi-mi-band-4-smart-bracelet\/\" data-wpil-post-to-id=\"1828\">A Chaleira El\u00e9trica Xiaomi Mi \u00e9 uma chaleira inteligente<\/a> chaleira, que tem grande capacidade de 1,5L e 12 horas de controle de temperatura e desliga automaticamente quando a \u00e1gua come\u00e7a a ferver. A temperatura da \u00e1gua pode ser controlada remotamente atrav\u00e9s do seu <a class=\"\" style=\"width: auto !important\" href=\"https:\/\/www.rucashk.com\/pt\/xiaomi-smart-door-lock-e-the-new-xiaomi-door-lock-connected-to-mi-home\/\" data-wpil-post-to-id=\"9249\">Casa inteligente Xiaomi<\/a> APP, tudo est\u00e1 na sua m\u00e3o!<\/p>\n<p>Principais caracter\u00edsticas:<br \/>\n\u2022 Tripla prote\u00e7\u00e3o de seguran\u00e7a: Evita choque el\u00e9trico, aus\u00eancia de vazamento el\u00e9trico e desligamento autom\u00e1tico.<br \/>\n\u2022 O tempo de controle de temperatura constante pode ser de at\u00e9 12 horas.<br \/>\n\u2022 Duplo 304 <a href=\"https:\/\/www.rucashk.com\/pt\/39-9rmb-xiaomi-grocery-store-new-life-experience-high-quality-stainless-steel-create-a-xiaomi-ecological-chain-explosive\/\" class=\"\" style=\"width: auto !important\" data-wpil-post-to-id=\"7150\">a\u00e7o inoxid\u00e1vel<\/a> camada interna, o design de isolamento t\u00e9rmico oferece prote\u00e7\u00e3o mais segura.<br \/>\n\u2022 Base de alimenta\u00e7\u00e3o girat\u00f3ria de 360 graus proporciona uso dur\u00e1vel e conveni\u00eancia.<\/p>","protected":false},"excerpt":{"rendered":"<p>Principais caracter\u00edsticas:<\/p>\n<p><span data-spm-anchor-id=\"a2g0o.detail.1000023.i0.76c35da91Of7NN\">* Capacidade de \u00e1gua de 1,5L.<\/span><\/p>\n<p>* temperature control time and automatically switches off once water comes to a boil. The water temperature.<\/p>\n<p>* It can be remote controlled via your Xiaomi smart home APP, everything in on your hand.<\/p>\n<p>* Constant temperature control time can be up to 12hours.<\/p>\n<p>* 360 degree swivel power base provides durable use and convenience.<\/p>\n<p data-spm-anchor-id=\"a2g0o.detail.1000023.i1.76c35da91Of7NN\">* Prote\u00e7\u00e3o de seguran\u00e7a tripla: evita choque el\u00e9trico, sem vazamento el\u00e9trico e desligamento autom\u00e1tico.<\/p>","protected":false},"featured_media":21731,"template":"","meta":[],"product_brand":[],"product_cat":[1318,1305],"product_tag":[498,515,516],"class_list":{"0":"post-21601","1":"product","2":"type-product","3":"status-publish","4":"has-post-thumbnail","6":"product_cat-gadgets","7":"product_cat-xiaomi-eco","8":"product_tag-mijia","9":"product_tag-mijia-kettle","10":"product_tag-phone-connected","12":"first","13":"instock","14":"shipping-taxable","15":"product-type-external"},"aioseo_notices":[],"aioseo_head":"\n\t\t<!-- All in One SEO Pro 4.5.9.2 - aioseo.com -->\n\t\t<meta name=\"description\" content=\"Main Features: * 1.5L water capacity. * temperature control time and automatically switches off once water comes to a boil. The water temperature. * It can be remote controlled via your Xiaomi smart home APP, everything in on your hand. * Constant temperature control time can be up to 12hours. * 360 degree swivel power base provides durable use and convenience. * Triple security protection: Prevent electric shock, no electric leakage and auto power off.\" \/>\n\t\t<meta name=\"robots\" content=\"max-image-preview:large\" \/>\n\t\t<link rel=\"canonical\" href=\"https:\/\/www.rucashk.com\/pt\/produto\/xiaomi-mijia-electric-kettle-1-5l-capacity\/\" \/>\n\t\t<meta name=\"generator\" content=\"All in One SEO Pro (AIOSEO) 4.5.9.2\" \/>\n\t\t<meta property=\"og:locale\" content=\"pt_PT\" \/>\n\t\t<meta property=\"og:site_name\" content=\"Rucas - One-stop AIoT Distribution Worldwide\" \/>\n\t\t<meta property=\"og:type\" content=\"article\" \/>\n\t\t<meta property=\"og:title\" content=\"Xiaomi Mijia Electric Kettle 1.5L Capacity - Rucas - Wholesale and Distribution\" \/>\n\t\t<meta property=\"og:description\" content=\"Main Features: * 1.5L water capacity. * temperature control time and automatically switches off once water comes to a boil. The water temperature. * It can be remote controlled via your Xiaomi smart home APP, everything in on your hand. * Constant temperature control time can be up to 12hours. * 360 degree swivel power base provides durable use and convenience. * Triple security protection: Prevent electric shock, no electric leakage and auto power off.\" \/>\n\t\t<meta property=\"og:url\" content=\"https:\/\/www.rucashk.com\/pt\/produto\/xiaomi-mijia-electric-kettle-1-5l-capacity\/\" \/>\n\t\t<meta property=\"og:image\" content=\"https:\/\/www.rucashk.com\/wp-content\/uploads\/replace\/503b8e645f128a97ccde2b6290747646.jpeg\" \/>\n\t\t<meta property=\"og:image:secure_url\" content=\"https:\/\/www.rucashk.com\/wp-content\/uploads\/replace\/503b8e645f128a97ccde2b6290747646.jpeg\" \/>\n\t\t<meta property=\"og:image:width\" content=\"1456\" \/>\n\t\t<meta property=\"og:image:height\" content=\"816\" \/>\n\t\t<meta property=\"article:published_time\" content=\"2024-01-09T15:33:59+00:00\" \/>\n\t\t<meta property=\"article:modified_time\" content=\"2024-01-21T05:34:07+00:00\" \/>\n\t\t<meta name=\"twitter:card\" content=\"summary_large_image\" \/>\n\t\t<meta name=\"twitter:title\" content=\"Xiaomi Mijia Electric Kettle 1.5L Capacity - Rucas - Wholesale and Distribution\" \/>\n\t\t<meta name=\"twitter:description\" content=\"Main Features: * 1.5L water capacity. * temperature control time and automatically switches off once water comes to a boil. The water temperature. * It can be remote controlled via your Xiaomi smart home APP, everything in on your hand. * Constant temperature control time can be up to 12hours. * 360 degree swivel power base provides durable use and convenience. * Triple security protection: Prevent electric shock, no electric leakage and auto power off.\" \/>\n\t\t<meta name=\"twitter:image\" content=\"https:\/\/www.rucashk.com\/wp-content\/uploads\/replace\/503b8e645f128a97ccde2b6290747646.jpeg\" \/>\n\t\t<script type=\"application\/ld+json\" class=\"aioseo-schema\">\n\t\t\t{\"@context\":\"https:\\\/\\\/schema.org\",\"@graph\":[{\"@type\":\"BreadcrumbList\",\"@id\":\"https:\\\/\\\/www.rucashk.com\\\/pt\\\/produto\\\/xiaomi-mijia-electric-kettle-1-5l-capacity\\\/#breadcrumblist\",\"itemListElement\":[{\"@type\":\"ListItem\",\"@id\":\"https:\\\/\\\/www.rucashk.com\\\/pt\\\/#listItem\",\"position\":1,\"name\":\"Home\",\"item\":\"https:\\\/\\\/www.rucashk.com\\\/pt\\\/\",\"nextItem\":\"https:\\\/\\\/www.rucashk.com\\\/pt\\\/produto\\\/xiaomi-mijia-electric-kettle-1-5l-capacity\\\/#listItem\"},{\"@type\":\"ListItem\",\"@id\":\"https:\\\/\\\/www.rucashk.com\\\/pt\\\/produto\\\/xiaomi-mijia-electric-kettle-1-5l-capacity\\\/#listItem\",\"position\":2,\"name\":\"Xiaomi Mijia Electric Kettle 1.5L Capacity\",\"previousItem\":\"https:\\\/\\\/www.rucashk.com\\\/pt\\\/#listItem\"}]},{\"@type\":\"Organization\",\"@id\":\"https:\\\/\\\/www.rucashk.com\\\/pt\\\/#organization\",\"name\":\"Rucas\",\"url\":\"https:\\\/\\\/www.rucashk.com\\\/pt\\\/\",\"logo\":{\"@type\":\"ImageObject\",\"url\":\"https:\\\/\\\/www.rucashk.com\\\/wp-content\\\/uploads\\\/2023\\\/12\\\/Rucas_campany_logo.png\",\"@id\":\"https:\\\/\\\/www.rucashk.com\\\/pt\\\/produto\\\/xiaomi-mijia-electric-kettle-1-5l-capacity\\\/#organizationLogo\",\"width\":221,\"height\":65},\"image\":{\"@id\":\"https:\\\/\\\/www.rucashk.com\\\/pt\\\/#organizationLogo\"}},{\"@type\":\"Person\",\"@id\":\"https:\\\/\\\/www.rucashk.com\\\/pt\\\/author\\\/admin\\\/#author\",\"url\":\"https:\\\/\\\/www.rucashk.com\\\/pt\\\/author\\\/admin\\\/\",\"name\":\"admin\",\"image\":{\"@type\":\"ImageObject\",\"@id\":\"https:\\\/\\\/www.rucashk.com\\\/pt\\\/produto\\\/xiaomi-mijia-electric-kettle-1-5l-capacity\\\/#authorImage\",\"url\":\"https:\\\/\\\/secure.gravatar.com\\\/avatar\\\/b7c8925b09a27e72b30232f8ecaadbd5af0f70a38c78096863fe51b64f031c24?s=96&d=mm&r=g\",\"width\":96,\"height\":96,\"caption\":\"admin\"}},{\"@type\":\"WebPage\",\"@id\":\"https:\\\/\\\/www.rucashk.com\\\/pt\\\/produto\\\/xiaomi-mijia-electric-kettle-1-5l-capacity\\\/#webpage\",\"url\":\"https:\\\/\\\/www.rucashk.com\\\/pt\\\/produto\\\/xiaomi-mijia-electric-kettle-1-5l-capacity\\\/\",\"name\":\"Xiaomi Mijia Electric Kettle 1.5L Capacity - Rucas - Wholesale and Distribution\",\"description\":\"Main Features: * 1.5L water capacity. * temperature control time and automatically switches off once water comes to a boil. The water temperature. * It can be remote controlled via your Xiaomi smart home APP, everything in on your hand. * Constant temperature control time can be up to 12hours. * 360 degree swivel power base provides durable use and convenience. * Triple security protection: Prevent electric shock, no electric leakage and auto power off.\",\"inLanguage\":\"pt-PT\",\"isPartOf\":{\"@id\":\"https:\\\/\\\/www.rucashk.com\\\/pt\\\/#website\"},\"breadcrumb\":{\"@id\":\"https:\\\/\\\/www.rucashk.com\\\/pt\\\/produto\\\/xiaomi-mijia-electric-kettle-1-5l-capacity\\\/#breadcrumblist\"},\"author\":{\"@id\":\"https:\\\/\\\/www.rucashk.com\\\/pt\\\/author\\\/admin\\\/#author\"},\"creator\":{\"@id\":\"https:\\\/\\\/www.rucashk.com\\\/pt\\\/author\\\/admin\\\/#author\"},\"image\":{\"@type\":\"ImageObject\",\"url\":\"https:\\\/\\\/www.rucashk.com\\\/wp-content\\\/uploads\\\/2024\\\/01\\\/XIAOMI-MIJIA-Electric-kettle-fast-boiling-stainless-teapot-samovar-kitchen-Water-Kettle-Mi-home-2.jpg\",\"@id\":\"https:\\\/\\\/www.rucashk.com\\\/pt\\\/produto\\\/xiaomi-mijia-electric-kettle-1-5l-capacity\\\/#mainImage\",\"width\":800,\"height\":800},\"primaryImageOfPage\":{\"@id\":\"https:\\\/\\\/www.rucashk.com\\\/pt\\\/produto\\\/xiaomi-mijia-electric-kettle-1-5l-capacity\\\/#mainImage\"},\"datePublished\":\"2024-01-09T15:33:59+00:00\",\"dateModified\":\"2024-01-21T05:34:07+00:00\"},{\"@type\":\"WebSite\",\"@id\":\"https:\\\/\\\/www.rucashk.com\\\/pt\\\/#website\",\"url\":\"https:\\\/\\\/www.rucashk.com\\\/pt\\\/\",\"name\":\"Rucas - Wholesale and distribution worldwide\",\"alternateName\":\"Rucas - One-stop AIoT Distribution Worldwide\",\"description\":\"One-stop AIoT Distribution Worldwide\",\"inLanguage\":\"pt-PT\",\"publisher\":{\"@id\":\"https:\\\/\\\/www.rucashk.com\\\/pt\\\/#organization\"}}]}\n\t\t<\/script>\n\t\t<!-- All in One SEO Pro -->\r\n\t\t<title>Xiaomi Mijia Electric Kettle 1.5L Capacity - Rucas - Wholesale and Distribution<\/title>\n\n","aioseo_head_json":{"title":"Xiaomi Mijia Electric Kettle 1.5L Capacity - Rucas - Wholesale and Distribution","description":"Main Features: * 1.5L water capacity. * temperature control time and automatically switches off once water comes to a boil. The water temperature. * It can be remote controlled via your Xiaomi smart home APP, everything in on your hand. * Constant temperature control time can be up to 12hours. * 360 degree swivel power base provides durable use and convenience. * Triple security protection: Prevent electric shock, no electric leakage and auto power off.","canonical_url":"https:\/\/www.rucashk.com\/pt\/produto\/xiaomi-mijia-electric-kettle-1-5l-capacity\/","robots":"max-image-preview:large","keywords":"","webmasterTools":{"miscellaneous":""},"og:locale":"pt_PT","og:site_name":"Rucas - One-stop AIoT Distribution Worldwide","og:type":"article","og:title":"Xiaomi Mijia Electric Kettle 1.5L Capacity - Rucas - Wholesale and Distribution","og:description":"Main Features: * 1.5L water capacity. * temperature control time and automatically switches off once water comes to a boil. The water temperature. * It can be remote controlled via your Xiaomi smart home APP, everything in on your hand. * Constant temperature control time can be up to 12hours. * 360 degree swivel power base provides durable use and convenience. * Triple security protection: Prevent electric shock, no electric leakage and auto power off.","og:url":"https:\/\/www.rucashk.com\/pt\/produto\/xiaomi-mijia-electric-kettle-1-5l-capacity\/","og:image":"https:\/\/www.rucashk.com\/wp-content\/uploads\/replace\/503b8e645f128a97ccde2b6290747646.jpeg","og:image:secure_url":"https:\/\/www.rucashk.com\/wp-content\/uploads\/replace\/503b8e645f128a97ccde2b6290747646.jpeg","og:image:width":1456,"og:image:height":816,"article:published_time":"2024-01-09T15:33:59+00:00","article:modified_time":"2024-01-21T05:34:07+00:00","twitter:card":"summary_large_image","twitter:title":"Xiaomi Mijia Electric Kettle 1.5L Capacity - Rucas - Wholesale and Distribution","twitter:description":"Main Features: * 1.5L water capacity. * temperature control time and automatically switches off once water comes to a boil. The water temperature. * It can be remote controlled via your Xiaomi smart home APP, everything in on your hand. * Constant temperature control time can be up to 12hours. * 360 degree swivel power base provides durable use and convenience. * Triple security protection: Prevent electric shock, no electric leakage and auto power off.","twitter:image":"https:\/\/www.rucashk.com\/wp-content\/uploads\/replace\/503b8e645f128a97ccde2b6290747646.jpeg","schema":{"@context":"https:\/\/schema.org","@graph":[{"@type":"BreadcrumbList","@id":"https:\/\/www.rucashk.com\/pt\/produto\/xiaomi-mijia-electric-kettle-1-5l-capacity\/#breadcrumblist","itemListElement":[{"@type":"ListItem","@id":"https:\/\/www.rucashk.com\/pt\/#listItem","position":1,"name":"Home","item":"https:\/\/www.rucashk.com\/pt\/","nextItem":"https:\/\/www.rucashk.com\/pt\/produto\/xiaomi-mijia-electric-kettle-1-5l-capacity\/#listItem"},{"@type":"ListItem","@id":"https:\/\/www.rucashk.com\/pt\/produto\/xiaomi-mijia-electric-kettle-1-5l-capacity\/#listItem","position":2,"name":"Xiaomi Mijia Electric Kettle 1.5L Capacity","previousItem":"https:\/\/www.rucashk.com\/pt\/#listItem"}]},{"@type":"Organization","@id":"https:\/\/www.rucashk.com\/pt\/#organization","name":"Rucas","url":"https:\/\/www.rucashk.com\/pt\/","logo":{"@type":"ImageObject","url":"https:\/\/www.rucashk.com\/wp-content\/uploads\/2023\/12\/Rucas_campany_logo.png","@id":"https:\/\/www.rucashk.com\/pt\/produto\/xiaomi-mijia-electric-kettle-1-5l-capacity\/#organizationLogo","width":221,"height":65},"image":{"@id":"https:\/\/www.rucashk.com\/pt\/#organizationLogo"}},{"@type":"Person","@id":"https:\/\/www.rucashk.com\/pt\/author\/admin\/#author","url":"https:\/\/www.rucashk.com\/pt\/author\/admin\/","name":"admin","image":{"@type":"ImageObject","@id":"https:\/\/www.rucashk.com\/pt\/produto\/xiaomi-mijia-electric-kettle-1-5l-capacity\/#authorImage","url":"https:\/\/secure.gravatar.com\/avatar\/b7c8925b09a27e72b30232f8ecaadbd5af0f70a38c78096863fe51b64f031c24?s=96&d=mm&r=g","width":96,"height":96,"caption":"admin"}},{"@type":"WebPage","@id":"https:\/\/www.rucashk.com\/pt\/produto\/xiaomi-mijia-electric-kettle-1-5l-capacity\/#webpage","url":"https:\/\/www.rucashk.com\/pt\/produto\/xiaomi-mijia-electric-kettle-1-5l-capacity\/","name":"Xiaomi Mijia Electric Kettle 1.5L Capacity - Rucas - Wholesale and Distribution","description":"Main Features: * 1.5L water capacity. * temperature control time and automatically switches off once water comes to a boil. The water temperature. * It can be remote controlled via your Xiaomi smart home APP, everything in on your hand. * Constant temperature control time can be up to 12hours. * 360 degree swivel power base provides durable use and convenience. * Triple security protection: Prevent electric shock, no electric leakage and auto power off.","inLanguage":"pt-PT","isPartOf":{"@id":"https:\/\/www.rucashk.com\/pt\/#website"},"breadcrumb":{"@id":"https:\/\/www.rucashk.com\/pt\/produto\/xiaomi-mijia-electric-kettle-1-5l-capacity\/#breadcrumblist"},"author":{"@id":"https:\/\/www.rucashk.com\/pt\/author\/admin\/#author"},"creator":{"@id":"https:\/\/www.rucashk.com\/pt\/author\/admin\/#author"},"image":{"@type":"ImageObject","url":"https:\/\/www.rucashk.com\/wp-content\/uploads\/2024\/01\/XIAOMI-MIJIA-Electric-kettle-fast-boiling-stainless-teapot-samovar-kitchen-Water-Kettle-Mi-home-2.jpg","@id":"https:\/\/www.rucashk.com\/pt\/produto\/xiaomi-mijia-electric-kettle-1-5l-capacity\/#mainImage","width":800,"height":800},"primaryImageOfPage":{"@id":"https:\/\/www.rucashk.com\/pt\/produto\/xiaomi-mijia-electric-kettle-1-5l-capacity\/#mainImage"},"datePublished":"2024-01-09T15:33:59+00:00","dateModified":"2024-01-21T05:34:07+00:00"},{"@type":"WebSite","@id":"https:\/\/www.rucashk.com\/pt\/#website","url":"https:\/\/www.rucashk.com\/pt\/","name":"Rucas - Wholesale and distribution worldwide","alternateName":"Rucas - One-stop AIoT Distribution Worldwide","description":"One-stop AIoT Distribution Worldwide","inLanguage":"pt-PT","publisher":{"@id":"https:\/\/www.rucashk.com\/pt\/#organization"}}]}},"aioseo_meta_data":{"post_id":"21601","title":null,"description":null,"keywords":null,"keyphrases":null,"primary_term":null,"canonical_url":null,"og_title":null,"og_description":null,"og_object_type":"default","og_image_type":"default","og_image_url":null,"og_image_width":null,"og_image_height":null,"og_image_custom_url":null,"og_image_custom_fields":null,"og_video":null,"og_custom_url":null,"og_article_section":null,"og_article_tags":null,"twitter_use_og":false,"twitter_card":"default","twitter_image_type":"default","twitter_image_url":null,"twitter_image_custom_url":null,"twitter_image_custom_fields":null,"twitter_title":null,"twitter_description":null,"schema":{"blockGraphs":[],"customGraphs":[],"default":{"data":{"Article":[],"Course":[],"Dataset":[],"FAQPage":[],"Movie":[],"Person":[],"Product":[],"Recipe":[],"Service":[],"SoftwareApplication":[],"WebPage":[]},"graphName":"","isEnabled":true},"graphs":[]},"schema_type":"default","schema_type_options":null,"pillar_content":false,"robots_default":true,"robots_noindex":false,"robots_noarchive":false,"robots_nosnippet":false,"robots_nofollow":false,"robots_noimageindex":false,"robots_noodp":false,"robots_notranslate":false,"robots_max_snippet":null,"robots_max_videopreview":null,"robots_max_imagepreview":"large","priority":null,"frequency":null,"local_seo":null,"breadcrumb_settings":null,"limit_modified_date":false,"created":"2024-04-11 01:55:19","updated":"2025-06-22 16:27:01"},"aioseo_breadcrumb":"<div class=\"aioseo-breadcrumbs\"><span class=\"aioseo-breadcrumb\">\n\t<a href=\"https:\/\/www.rucashk.com\/pt\" title=\"Home\">Home<\/a>\n<\/span><span class=\"aioseo-breadcrumb-separator\">&raquo;<\/span><span class=\"aioseo-breadcrumb\">\n\t<a href=\"https:\/\/www.rucashk.com\/pt\/products\/\" title=\"Produtos\">Produtos<\/a>\n<\/span><span class=\"aioseo-breadcrumb-separator\">&raquo;<\/span><span class=\"aioseo-breadcrumb\">\n\t<a href=\"https:\/\/www.rucashk.com\/pt\/categoria-produto\/xiaomi-eco\/\" title=\"Xiaomi Eco\">Xiaomi Eco<\/a>\n<\/span><span class=\"aioseo-breadcrumb-separator\">&raquo;<\/span><span class=\"aioseo-breadcrumb\">\n\t<a href=\"https:\/\/www.rucashk.com\/pt\/categoria-produto\/xiaomi-eco\/gadgets\/\" title=\"Gadgets\">Gadgets<\/a>\n<\/span><span class=\"aioseo-breadcrumb-separator\">&raquo;<\/span><span class=\"aioseo-breadcrumb\">\n\tXiaomi Mijia Electric Kettle 1.5L Capacity\n<\/span><\/div>","aioseo_breadcrumb_json":[{"label":"Home","link":"https:\/\/www.rucashk.com\/pt"},{"label":"Produtos","link":"https:\/\/www.rucashk.com\/pt\/products\/"},{"label":"Xiaomi Eco","link":"https:\/\/www.rucashk.com\/pt\/categoria-produto\/xiaomi-eco\/"},{"label":"Gadgets","link":"https:\/\/www.rucashk.com\/pt\/categoria-produto\/xiaomi-eco\/gadgets\/"},{"label":"Xiaomi Mijia Electric Kettle 1.5L Capacity","link":"https:\/\/www.rucashk.com\/pt\/produto\/xiaomi-mijia-electric-kettle-1-5l-capacity\/"}],"_links":{"self":[{"href":"https:\/\/www.rucashk.com\/pt\/wp-json\/wp\/v2\/product\/21601","targetHints":{"allow":["GET"]}}],"collection":[{"href":"https:\/\/www.rucashk.com\/pt\/wp-json\/wp\/v2\/product"}],"about":[{"href":"https:\/\/www.rucashk.com\/pt\/wp-json\/wp\/v2\/types\/product"}],"wp:featuredmedia":[{"embeddable":true,"href":"https:\/\/www.rucashk.com\/pt\/wp-json\/wp\/v2\/media\/21731"}],"wp:attachment":[{"href":"https:\/\/www.rucashk.com\/pt\/wp-json\/wp\/v2\/media?parent=21601"}],"wp:term":[{"taxonomy":"product_brand","embeddable":true,"href":"https:\/\/www.rucashk.com\/pt\/wp-json\/wp\/v2\/product_brand?post=21601"},{"taxonomy":"product_cat","embeddable":true,"href":"https:\/\/www.rucashk.com\/pt\/wp-json\/wp\/v2\/product_cat?post=21601"},{"taxonomy":"product_tag","embeddable":true,"href":"https:\/\/www.rucashk.com\/pt\/wp-json\/wp\/v2\/product_tag?post=21601"}],"curies":[{"name":"wp","href":"https:\/\/api.w.org\/{rel}","templated":true}]}}