{"id":21596,"date":"2024-01-09T15:33:58","date_gmt":"2024-01-09T15:33:58","guid":{"rendered":"http:\/\/rucashk.com\/?post_type=product&#038;p=21596"},"modified":"2024-01-22T07:32:17","modified_gmt":"2024-01-22T07:32:17","slug":"haylou-gt1-tws-fingerprint-touch-bluetooth-earphones-wholesale","status":"publish","type":"product","link":"https:\/\/www.rucashk.com\/pt\/produto\/haylou-gt1-tws-fingerprint-touch-bluetooth-earphones-wholesale\/","title":{"rendered":"Haylou GT1 TWS Fones de ouvido Bluetooth com toque de impress\u00e3o digital no atacado"},"content":{"rendered":"<div class=\"detailmodule_dynamic\">\n<div>\n<p><a href=\"https:\/\/www.aliexpress.com\/item\/4000193927509.html\"><img fetchpriority=\"high\" decoding=\"async\" class=\"aligncenter\" src=\"https:\/\/www.rucashk.com\/wp-content\/uploads\/2020\/05\/H4cca7db0e91a403d8cd8480e5d1ac922m.jpg\" alt=\"Haylou GT1 TWS Fingerprint Touch Bluetooth Earphones Wholesale\" width=\"1000\" height=\"563\" \/><\/a><\/p>\n<\/div>\n<\/div>\n<div class=\"detailmodule_image\" style=\"text-align: center\"><img decoding=\"async\" class=\"detail-desc-decorate-image alignnone\" src=\"https:\/\/www.rucashk.com\/wp-content\/uploads\/2020\/05\/H5ed14d06c31842bab2469e8ae4719f09v.jpg\" alt=\"Haylou GT1 TWS Fingerprint Touch Bluetooth Earphones Wholesale\" width=\"960\" height=\"1614\" \/><img decoding=\"async\" class=\"detail-desc-decorate-image alignnone\" src=\"https:\/\/www.rucashk.com\/wp-content\/uploads\/2020\/05\/H2ee6eb84b0074d2e9cfebce699ca61ffk.jpg\" alt=\"Haylou GT1 TWS Fingerprint Touch Bluetooth Earphones Wholesale\" width=\"960\" height=\"1286\" \/><img loading=\"lazy\" decoding=\"async\" class=\"detail-desc-decorate-image alignnone\" src=\"https:\/\/www.rucashk.com\/wp-content\/uploads\/2020\/05\/HTB1k4YYbeT2gK0jSZFvq6xnFXXaf.jpg\" alt=\"Haylou GT1 TWS Fingerprint Touch Bluetooth Earphones Wholesale\" width=\"960\" height=\"1013\" \/><img loading=\"lazy\" decoding=\"async\" class=\"detail-desc-decorate-image alignnone\" src=\"https:\/\/www.rucashk.com\/wp-content\/uploads\/2020\/05\/HTB1hX_VbXT7gK0jSZFpq6yTkpXaE.jpg\" alt=\"Haylou GT1 TWS Fingerprint Touch Bluetooth Earphones Wholesale\" width=\"960\" height=\"1011\" \/><img loading=\"lazy\" decoding=\"async\" class=\"detail-desc-decorate-image alignnone\" src=\"https:\/\/www.rucashk.com\/wp-content\/uploads\/2020\/05\/H442efb5750a2431c85c95d69cbe0603cd.jpg\" alt=\"Haylou GT1 TWS Fingerprint Touch Bluetooth Earphones Wholesale\" width=\"960\" height=\"1366\" \/><img loading=\"lazy\" decoding=\"async\" class=\"detail-desc-decorate-image alignnone\" src=\"https:\/\/www.rucashk.com\/wp-content\/uploads\/2020\/05\/Ha472966151fa48b68196d286abd89360l.jpg\" alt=\"Haylou GT1 TWS Fingerprint Touch Bluetooth Earphones Wholesale\" width=\"960\" height=\"1472\" \/><img loading=\"lazy\" decoding=\"async\" class=\"detail-desc-decorate-image alignnone\" src=\"https:\/\/www.rucashk.com\/wp-content\/uploads\/2020\/05\/Hd63a10ad60884dfc9de8137ccdfac671A.jpg\" alt=\"Haylou GT1 TWS Fingerprint Touch Bluetooth Earphones Wholesale\" width=\"960\" height=\"1402\" \/><img loading=\"lazy\" decoding=\"async\" class=\"detail-desc-decorate-image alignnone\" src=\"https:\/\/www.rucashk.com\/wp-content\/uploads\/2020\/05\/HTB1ngzZbeL2gK0jSZFmq6A7iXXaE.jpg\" alt=\"Haylou GT1 TWS Fingerprint Touch Bluetooth Earphones Wholesale\" width=\"960\" height=\"1754\" \/><img loading=\"lazy\" decoding=\"async\" class=\"detail-desc-decorate-image alignnone\" src=\"https:\/\/www.rucashk.com\/wp-content\/uploads\/2020\/05\/H9a19915f9ddd4b898e5a643a61a1d78ax.jpg\" alt=\"Haylou GT1 TWS Fingerprint Touch Bluetooth Earphones Wholesale\" width=\"960\" height=\"1777\" \/><img loading=\"lazy\" decoding=\"async\" class=\"detail-desc-decorate-image alignnone\" src=\"https:\/\/www.rucashk.com\/wp-content\/uploads\/2020\/05\/H958312031f9146b389f86abd3626f860m.jpg\" alt=\"Haylou GT1 TWS Fingerprint Touch Bluetooth Earphones Wholesale\" width=\"960\" height=\"1745\" \/><\/div>\n<div class=\"detailmodule_image\"><img loading=\"lazy\" decoding=\"async\" class=\"detail-desc-decorate-image aligncenter\" src=\"https:\/\/www.rucashk.com\/wp-content\/uploads\/2020\/05\/Habad705eb8e64591997af8c9c6e7d7c6h.jpg\" alt=\"Haylou GT1 TWS Fingerprint Touch Bluetooth Earphones Wholesale\" width=\"960\" height=\"1507\" \/><img loading=\"lazy\" decoding=\"async\" class=\"detail-desc-decorate-image aligncenter\" src=\"https:\/\/www.rucashk.com\/wp-content\/uploads\/2020\/05\/Hb02dd422c47c4f7ebe02a5b4249bc7e3z.jpg\" alt=\"Haylou GT1 TWS Fingerprint Touch Bluetooth Earphones Wholesale\" width=\"960\" height=\"1250\" \/><img loading=\"lazy\" decoding=\"async\" class=\"detail-desc-decorate-image aligncenter\" src=\"https:\/\/www.rucashk.com\/wp-content\/uploads\/2020\/05\/He5f2823fbe6f4016b6d807611aee09cdQ.jpg\" alt=\"Haylou GT1 TWS Fingerprint Touch Bluetooth Earphones Wholesale\" width=\"960\" height=\"1196\" \/><\/div>\n<div>\n<h4 class=\"expand_en_name\">Especifica\u00e7\u00e3o:<\/h4>\n<div class=\"product_pz_info product_pz_style2\">\n<table>\n<tbody>\n<tr>\n<th>Em geral<\/th>\n<td>Marca: Haylou<br \/>\nTipo de fone de ouvido: viva-voz<br \/>\nMateriais: ABS<br \/>\nPrincipalmente compat\u00edvel com: HTC, HTC One M9, iPhone, iPhone 5\/5S, iPhone 6, iPhone 6 Plus, iPhone 6S, LG, Motorola, Nokia, SAMSUNG<br \/>\nFun\u00e7\u00f5es: Atendimento de chamadas telef\u00f4nicas, troca de m\u00fasica, suporte para m\u00fasica<\/td>\n<\/tr>\n<tr>\n<th>Dimens\u00f5es e peso<\/th>\n<td>Peso do produto: 0,0350 kg<br \/>\nPeso do pacote: 0,1000 kg<br \/>\nTamanho do produto (C x L x A): 6,20 x 4,00 x 2,72 cm \/ 2,44 x 1,57 x 1,07 polegadas<br \/>\nTamanho do pacote (C x L x A): 15,00 x 10,00 x 5,00 cm \/ 5,91 x 3,94 x 1,97 polegadas<\/td>\n<\/tr>\n<tr>\n<th>conte\u00fado do pacote<\/th>\n<td>Conte\u00fado do pacote: 2 x fone de ouvido, 1 x compartimento de carregamento, 1 x manual chin\u00eas\/ingl\u00eas, 1 x cabo de dados, 3 x par de tampa de ouvido<\/td>\n<\/tr>\n<\/tbody>\n<\/table>\n<\/div>\n<\/div>","protected":false},"excerpt":{"rendered":"<p><b>Principais caracter\u00edsticas:<\/b><\/p>\n<p>\u2022 Frequency response range 20 &#8211; 20000Hz<br \/>\n\u2022 Impedance 32<br \/>\n\u2022 Sensitivity 110dB<br \/>\n\u2022 Bluetooth version 5.0<br \/>\n\u2022 Multiple touch, DSP noise reduction, IPX5 waterproof<br \/>\n\u2022 Speaker: 7.2mm moving coil unit<br \/>\n\u2022 Headphones 3.5 hours battery life, charging box 12 hours battery life, charging time about 1.5h, standby 120h<br \/>\n\u2022 Battery capacity earphone 43mAh, charging bin 310mAh<\/p>","protected":false},"featured_media":21704,"template":"","meta":[],"product_brand":[],"product_cat":[1309,1305],"product_tag":[466,474],"class_list":{"0":"post-21596","1":"product","2":"type-product","3":"status-publish","4":"has-post-thumbnail","6":"product_cat-haylou-earphone","7":"product_cat-xiaomi-eco","8":"product_tag-earphones","9":"product_tag-haylou","11":"first","12":"instock","13":"shipping-taxable","14":"product-type-external"},"aioseo_notices":[],"aioseo_head":"\n\t\t<!-- All in One SEO Pro 4.5.9.2 - aioseo.com -->\n\t\t<meta name=\"description\" content=\"Main Features: \u2022 Frequency response range 20 - 20000Hz \u2022 Impedance 32 \u2022 Sensitivity 110dB \u2022 Bluetooth version 5.0 \u2022 Multiple touch, DSP noise reduction, IPX5 waterproof \u2022 Speaker: 7.2mm moving coil unit \u2022 Headphones 3.5 hours battery life, charging box 12 hours battery life, charging time about 1.5h, standby 120h \u2022 Battery capacity earphone 43mAh, charging bin 310mAh\" \/>\n\t\t<meta name=\"robots\" content=\"max-image-preview:large\" \/>\n\t\t<link rel=\"canonical\" href=\"https:\/\/www.rucashk.com\/pt\/produto\/haylou-gt1-tws-fingerprint-touch-bluetooth-earphones-wholesale\/\" \/>\n\t\t<meta name=\"generator\" content=\"All in One SEO Pro (AIOSEO) 4.5.9.2\" \/>\n\t\t<meta property=\"og:locale\" content=\"pt_PT\" \/>\n\t\t<meta property=\"og:site_name\" content=\"Rucas - One-stop AIoT Distribution Worldwide\" \/>\n\t\t<meta property=\"og:type\" content=\"article\" \/>\n\t\t<meta property=\"og:title\" content=\"Haylou GT1 TWS Fingerprint Touch Bluetooth Earphones Wholesale - Rucas - Wholesale and Distribution\" \/>\n\t\t<meta property=\"og:description\" content=\"Main Features: \u2022 Frequency response range 20 - 20000Hz \u2022 Impedance 32 \u2022 Sensitivity 110dB \u2022 Bluetooth version 5.0 \u2022 Multiple touch, DSP noise reduction, IPX5 waterproof \u2022 Speaker: 7.2mm moving coil unit \u2022 Headphones 3.5 hours battery life, charging box 12 hours battery life, charging time about 1.5h, standby 120h \u2022 Battery capacity earphone 43mAh, charging bin 310mAh\" \/>\n\t\t<meta property=\"og:url\" content=\"https:\/\/www.rucashk.com\/pt\/produto\/haylou-gt1-tws-fingerprint-touch-bluetooth-earphones-wholesale\/\" \/>\n\t\t<meta property=\"og:image\" content=\"https:\/\/www.rucashk.com\/wp-content\/uploads\/replace\/503b8e645f128a97ccde2b6290747646.jpeg\" \/>\n\t\t<meta property=\"og:image:secure_url\" content=\"https:\/\/www.rucashk.com\/wp-content\/uploads\/replace\/503b8e645f128a97ccde2b6290747646.jpeg\" \/>\n\t\t<meta property=\"og:image:width\" content=\"1456\" \/>\n\t\t<meta property=\"og:image:height\" content=\"816\" \/>\n\t\t<meta property=\"article:published_time\" content=\"2024-01-09T15:33:58+00:00\" \/>\n\t\t<meta property=\"article:modified_time\" content=\"2024-01-22T07:32:17+00:00\" \/>\n\t\t<meta name=\"twitter:card\" content=\"summary_large_image\" \/>\n\t\t<meta name=\"twitter:title\" content=\"Haylou GT1 TWS Fingerprint Touch Bluetooth Earphones Wholesale - Rucas - Wholesale and Distribution\" \/>\n\t\t<meta name=\"twitter:description\" content=\"Main Features: \u2022 Frequency response range 20 - 20000Hz \u2022 Impedance 32 \u2022 Sensitivity 110dB \u2022 Bluetooth version 5.0 \u2022 Multiple touch, DSP noise reduction, IPX5 waterproof \u2022 Speaker: 7.2mm moving coil unit \u2022 Headphones 3.5 hours battery life, charging box 12 hours battery life, charging time about 1.5h, standby 120h \u2022 Battery capacity earphone 43mAh, charging bin 310mAh\" \/>\n\t\t<meta name=\"twitter:image\" content=\"https:\/\/www.rucashk.com\/wp-content\/uploads\/replace\/503b8e645f128a97ccde2b6290747646.jpeg\" \/>\n\t\t<script type=\"application\/ld+json\" class=\"aioseo-schema\">\n\t\t\t{\"@context\":\"https:\\\/\\\/schema.org\",\"@graph\":[{\"@type\":\"BreadcrumbList\",\"@id\":\"https:\\\/\\\/www.rucashk.com\\\/pt\\\/produto\\\/haylou-gt1-tws-fingerprint-touch-bluetooth-earphones-wholesale\\\/#breadcrumblist\",\"itemListElement\":[{\"@type\":\"ListItem\",\"@id\":\"https:\\\/\\\/www.rucashk.com\\\/pt\\\/#listItem\",\"position\":1,\"name\":\"Home\",\"item\":\"https:\\\/\\\/www.rucashk.com\\\/pt\\\/\",\"nextItem\":\"https:\\\/\\\/www.rucashk.com\\\/pt\\\/produto\\\/haylou-gt1-tws-fingerprint-touch-bluetooth-earphones-wholesale\\\/#listItem\"},{\"@type\":\"ListItem\",\"@id\":\"https:\\\/\\\/www.rucashk.com\\\/pt\\\/produto\\\/haylou-gt1-tws-fingerprint-touch-bluetooth-earphones-wholesale\\\/#listItem\",\"position\":2,\"name\":\"Haylou GT1 TWS Fingerprint Touch Bluetooth Earphones Wholesale\",\"previousItem\":\"https:\\\/\\\/www.rucashk.com\\\/pt\\\/#listItem\"}]},{\"@type\":\"Organization\",\"@id\":\"https:\\\/\\\/www.rucashk.com\\\/pt\\\/#organization\",\"name\":\"Rucas\",\"url\":\"https:\\\/\\\/www.rucashk.com\\\/pt\\\/\",\"logo\":{\"@type\":\"ImageObject\",\"url\":\"https:\\\/\\\/www.rucashk.com\\\/wp-content\\\/uploads\\\/2023\\\/12\\\/Rucas_campany_logo.png\",\"@id\":\"https:\\\/\\\/www.rucashk.com\\\/pt\\\/produto\\\/haylou-gt1-tws-fingerprint-touch-bluetooth-earphones-wholesale\\\/#organizationLogo\",\"width\":221,\"height\":65},\"image\":{\"@id\":\"https:\\\/\\\/www.rucashk.com\\\/pt\\\/#organizationLogo\"}},{\"@type\":\"Person\",\"@id\":\"https:\\\/\\\/www.rucashk.com\\\/pt\\\/author\\\/admin\\\/#author\",\"url\":\"https:\\\/\\\/www.rucashk.com\\\/pt\\\/author\\\/admin\\\/\",\"name\":\"admin\",\"image\":{\"@type\":\"ImageObject\",\"@id\":\"https:\\\/\\\/www.rucashk.com\\\/pt\\\/produto\\\/haylou-gt1-tws-fingerprint-touch-bluetooth-earphones-wholesale\\\/#authorImage\",\"url\":\"https:\\\/\\\/secure.gravatar.com\\\/avatar\\\/b7c8925b09a27e72b30232f8ecaadbd5af0f70a38c78096863fe51b64f031c24?s=96&d=mm&r=g\",\"width\":96,\"height\":96,\"caption\":\"admin\"}},{\"@type\":\"WebPage\",\"@id\":\"https:\\\/\\\/www.rucashk.com\\\/pt\\\/produto\\\/haylou-gt1-tws-fingerprint-touch-bluetooth-earphones-wholesale\\\/#webpage\",\"url\":\"https:\\\/\\\/www.rucashk.com\\\/pt\\\/produto\\\/haylou-gt1-tws-fingerprint-touch-bluetooth-earphones-wholesale\\\/\",\"name\":\"Haylou GT1 TWS Fingerprint Touch Bluetooth Earphones Wholesale - Rucas - Wholesale and Distribution\",\"description\":\"Main Features: \\u2022 Frequency response range 20 - 20000Hz \\u2022 Impedance 32 \\u2022 Sensitivity 110dB \\u2022 Bluetooth version 5.0 \\u2022 Multiple touch, DSP noise reduction, IPX5 waterproof \\u2022 Speaker: 7.2mm moving coil unit \\u2022 Headphones 3.5 hours battery life, charging box 12 hours battery life, charging time about 1.5h, standby 120h \\u2022 Battery capacity earphone 43mAh, charging bin 310mAh\",\"inLanguage\":\"pt-PT\",\"isPartOf\":{\"@id\":\"https:\\\/\\\/www.rucashk.com\\\/pt\\\/#website\"},\"breadcrumb\":{\"@id\":\"https:\\\/\\\/www.rucashk.com\\\/pt\\\/produto\\\/haylou-gt1-tws-fingerprint-touch-bluetooth-earphones-wholesale\\\/#breadcrumblist\"},\"author\":{\"@id\":\"https:\\\/\\\/www.rucashk.com\\\/pt\\\/author\\\/admin\\\/#author\"},\"creator\":{\"@id\":\"https:\\\/\\\/www.rucashk.com\\\/pt\\\/author\\\/admin\\\/#author\"},\"image\":{\"@type\":\"ImageObject\",\"url\":\"https:\\\/\\\/www.rucashk.com\\\/wp-content\\\/uploads\\\/2024\\\/01\\\/Haylou-GT1-TWS-Touch-Control-Bluetooth-5-0-Earphones-Sports-Music-Wireless-Earbuds-Headphone-Noise-Cancelling-1.jpg_640x640-1.jpg\",\"@id\":\"https:\\\/\\\/www.rucashk.com\\\/pt\\\/produto\\\/haylou-gt1-tws-fingerprint-touch-bluetooth-earphones-wholesale\\\/#mainImage\",\"width\":800,\"height\":800},\"primaryImageOfPage\":{\"@id\":\"https:\\\/\\\/www.rucashk.com\\\/pt\\\/produto\\\/haylou-gt1-tws-fingerprint-touch-bluetooth-earphones-wholesale\\\/#mainImage\"},\"datePublished\":\"2024-01-09T15:33:58+00:00\",\"dateModified\":\"2024-01-22T07:32:17+00:00\"},{\"@type\":\"WebSite\",\"@id\":\"https:\\\/\\\/www.rucashk.com\\\/pt\\\/#website\",\"url\":\"https:\\\/\\\/www.rucashk.com\\\/pt\\\/\",\"name\":\"Rucas - Wholesale and distribution worldwide\",\"alternateName\":\"Rucas - One-stop AIoT Distribution Worldwide\",\"description\":\"One-stop AIoT Distribution Worldwide\",\"inLanguage\":\"pt-PT\",\"publisher\":{\"@id\":\"https:\\\/\\\/www.rucashk.com\\\/pt\\\/#organization\"}}]}\n\t\t<\/script>\n\t\t<!-- All in One SEO Pro -->\r\n\t\t<title>Haylou GT1 TWS Fingerprint Touch Bluetooth Earphones Wholesale - Rucas - Wholesale and Distribution<\/title>\n\n","aioseo_head_json":{"title":"Haylou GT1 TWS Fingerprint Touch Bluetooth Earphones Wholesale - Rucas - Wholesale and Distribution","description":"Main Features: \u2022 Frequency response range 20 - 20000Hz \u2022 Impedance 32 \u2022 Sensitivity 110dB \u2022 Bluetooth version 5.0 \u2022 Multiple touch, DSP noise reduction, IPX5 waterproof \u2022 Speaker: 7.2mm moving coil unit \u2022 Headphones 3.5 hours battery life, charging box 12 hours battery life, charging time about 1.5h, standby 120h \u2022 Battery capacity earphone 43mAh, charging bin 310mAh","canonical_url":"https:\/\/www.rucashk.com\/pt\/produto\/haylou-gt1-tws-fingerprint-touch-bluetooth-earphones-wholesale\/","robots":"max-image-preview:large","keywords":"","webmasterTools":{"miscellaneous":""},"og:locale":"pt_PT","og:site_name":"Rucas - One-stop AIoT Distribution Worldwide","og:type":"article","og:title":"Haylou GT1 TWS Fingerprint Touch Bluetooth Earphones Wholesale - Rucas - Wholesale and Distribution","og:description":"Main Features: \u2022 Frequency response range 20 - 20000Hz \u2022 Impedance 32 \u2022 Sensitivity 110dB \u2022 Bluetooth version 5.0 \u2022 Multiple touch, DSP noise reduction, IPX5 waterproof \u2022 Speaker: 7.2mm moving coil unit \u2022 Headphones 3.5 hours battery life, charging box 12 hours battery life, charging time about 1.5h, standby 120h \u2022 Battery capacity earphone 43mAh, charging bin 310mAh","og:url":"https:\/\/www.rucashk.com\/pt\/produto\/haylou-gt1-tws-fingerprint-touch-bluetooth-earphones-wholesale\/","og:image":"https:\/\/www.rucashk.com\/wp-content\/uploads\/replace\/503b8e645f128a97ccde2b6290747646.jpeg","og:image:secure_url":"https:\/\/www.rucashk.com\/wp-content\/uploads\/replace\/503b8e645f128a97ccde2b6290747646.jpeg","og:image:width":1456,"og:image:height":816,"article:published_time":"2024-01-09T15:33:58+00:00","article:modified_time":"2024-01-22T07:32:17+00:00","twitter:card":"summary_large_image","twitter:title":"Haylou GT1 TWS Fingerprint Touch Bluetooth Earphones Wholesale - Rucas - Wholesale and Distribution","twitter:description":"Main Features: \u2022 Frequency response range 20 - 20000Hz \u2022 Impedance 32 \u2022 Sensitivity 110dB \u2022 Bluetooth version 5.0 \u2022 Multiple touch, DSP noise reduction, IPX5 waterproof \u2022 Speaker: 7.2mm moving coil unit \u2022 Headphones 3.5 hours battery life, charging box 12 hours battery life, charging time about 1.5h, standby 120h \u2022 Battery capacity earphone 43mAh, charging bin 310mAh","twitter:image":"https:\/\/www.rucashk.com\/wp-content\/uploads\/replace\/503b8e645f128a97ccde2b6290747646.jpeg","schema":{"@context":"https:\/\/schema.org","@graph":[{"@type":"BreadcrumbList","@id":"https:\/\/www.rucashk.com\/pt\/produto\/haylou-gt1-tws-fingerprint-touch-bluetooth-earphones-wholesale\/#breadcrumblist","itemListElement":[{"@type":"ListItem","@id":"https:\/\/www.rucashk.com\/pt\/#listItem","position":1,"name":"Home","item":"https:\/\/www.rucashk.com\/pt\/","nextItem":"https:\/\/www.rucashk.com\/pt\/produto\/haylou-gt1-tws-fingerprint-touch-bluetooth-earphones-wholesale\/#listItem"},{"@type":"ListItem","@id":"https:\/\/www.rucashk.com\/pt\/produto\/haylou-gt1-tws-fingerprint-touch-bluetooth-earphones-wholesale\/#listItem","position":2,"name":"Haylou GT1 TWS Fingerprint Touch Bluetooth Earphones Wholesale","previousItem":"https:\/\/www.rucashk.com\/pt\/#listItem"}]},{"@type":"Organization","@id":"https:\/\/www.rucashk.com\/pt\/#organization","name":"Rucas","url":"https:\/\/www.rucashk.com\/pt\/","logo":{"@type":"ImageObject","url":"https:\/\/www.rucashk.com\/wp-content\/uploads\/2023\/12\/Rucas_campany_logo.png","@id":"https:\/\/www.rucashk.com\/pt\/produto\/haylou-gt1-tws-fingerprint-touch-bluetooth-earphones-wholesale\/#organizationLogo","width":221,"height":65},"image":{"@id":"https:\/\/www.rucashk.com\/pt\/#organizationLogo"}},{"@type":"Person","@id":"https:\/\/www.rucashk.com\/pt\/author\/admin\/#author","url":"https:\/\/www.rucashk.com\/pt\/author\/admin\/","name":"admin","image":{"@type":"ImageObject","@id":"https:\/\/www.rucashk.com\/pt\/produto\/haylou-gt1-tws-fingerprint-touch-bluetooth-earphones-wholesale\/#authorImage","url":"https:\/\/secure.gravatar.com\/avatar\/b7c8925b09a27e72b30232f8ecaadbd5af0f70a38c78096863fe51b64f031c24?s=96&d=mm&r=g","width":96,"height":96,"caption":"admin"}},{"@type":"WebPage","@id":"https:\/\/www.rucashk.com\/pt\/produto\/haylou-gt1-tws-fingerprint-touch-bluetooth-earphones-wholesale\/#webpage","url":"https:\/\/www.rucashk.com\/pt\/produto\/haylou-gt1-tws-fingerprint-touch-bluetooth-earphones-wholesale\/","name":"Haylou GT1 TWS Fingerprint Touch Bluetooth Earphones Wholesale - Rucas - Wholesale and Distribution","description":"Main Features: \u2022 Frequency response range 20 - 20000Hz \u2022 Impedance 32 \u2022 Sensitivity 110dB \u2022 Bluetooth version 5.0 \u2022 Multiple touch, DSP noise reduction, IPX5 waterproof \u2022 Speaker: 7.2mm moving coil unit \u2022 Headphones 3.5 hours battery life, charging box 12 hours battery life, charging time about 1.5h, standby 120h \u2022 Battery capacity earphone 43mAh, charging bin 310mAh","inLanguage":"pt-PT","isPartOf":{"@id":"https:\/\/www.rucashk.com\/pt\/#website"},"breadcrumb":{"@id":"https:\/\/www.rucashk.com\/pt\/produto\/haylou-gt1-tws-fingerprint-touch-bluetooth-earphones-wholesale\/#breadcrumblist"},"author":{"@id":"https:\/\/www.rucashk.com\/pt\/author\/admin\/#author"},"creator":{"@id":"https:\/\/www.rucashk.com\/pt\/author\/admin\/#author"},"image":{"@type":"ImageObject","url":"https:\/\/www.rucashk.com\/wp-content\/uploads\/2024\/01\/Haylou-GT1-TWS-Touch-Control-Bluetooth-5-0-Earphones-Sports-Music-Wireless-Earbuds-Headphone-Noise-Cancelling-1.jpg_640x640-1.jpg","@id":"https:\/\/www.rucashk.com\/pt\/produto\/haylou-gt1-tws-fingerprint-touch-bluetooth-earphones-wholesale\/#mainImage","width":800,"height":800},"primaryImageOfPage":{"@id":"https:\/\/www.rucashk.com\/pt\/produto\/haylou-gt1-tws-fingerprint-touch-bluetooth-earphones-wholesale\/#mainImage"},"datePublished":"2024-01-09T15:33:58+00:00","dateModified":"2024-01-22T07:32:17+00:00"},{"@type":"WebSite","@id":"https:\/\/www.rucashk.com\/pt\/#website","url":"https:\/\/www.rucashk.com\/pt\/","name":"Rucas - Wholesale and distribution worldwide","alternateName":"Rucas - One-stop AIoT Distribution Worldwide","description":"One-stop AIoT Distribution Worldwide","inLanguage":"pt-PT","publisher":{"@id":"https:\/\/www.rucashk.com\/pt\/#organization"}}]}},"aioseo_meta_data":{"post_id":"21596","title":null,"description":null,"keywords":null,"keyphrases":null,"primary_term":null,"canonical_url":null,"og_title":null,"og_description":null,"og_object_type":"default","og_image_type":"default","og_image_url":null,"og_image_width":null,"og_image_height":null,"og_image_custom_url":null,"og_image_custom_fields":null,"og_video":null,"og_custom_url":null,"og_article_section":null,"og_article_tags":null,"twitter_use_og":false,"twitter_card":"default","twitter_image_type":"default","twitter_image_url":null,"twitter_image_custom_url":null,"twitter_image_custom_fields":null,"twitter_title":null,"twitter_description":null,"schema":{"blockGraphs":[],"customGraphs":[],"default":{"data":{"Article":[],"Course":[],"Dataset":[],"FAQPage":[],"Movie":[],"Person":[],"Product":[],"Recipe":[],"Service":[],"SoftwareApplication":[],"WebPage":[]},"graphName":"","isEnabled":true},"graphs":[]},"schema_type":"default","schema_type_options":null,"pillar_content":false,"robots_default":true,"robots_noindex":false,"robots_noarchive":false,"robots_nosnippet":false,"robots_nofollow":false,"robots_noimageindex":false,"robots_noodp":false,"robots_notranslate":false,"robots_max_snippet":null,"robots_max_videopreview":null,"robots_max_imagepreview":"large","priority":null,"frequency":null,"local_seo":null,"breadcrumb_settings":null,"limit_modified_date":false,"created":"2024-04-11 01:55:19","updated":"2025-06-22 16:26:57"},"aioseo_breadcrumb":"<div class=\"aioseo-breadcrumbs\"><span class=\"aioseo-breadcrumb\">\n\t<a href=\"https:\/\/www.rucashk.com\/pt\" title=\"Home\">Home<\/a>\n<\/span><span class=\"aioseo-breadcrumb-separator\">&raquo;<\/span><span class=\"aioseo-breadcrumb\">\n\t<a href=\"https:\/\/www.rucashk.com\/pt\/products\/\" title=\"Produtos\">Produtos<\/a>\n<\/span><span class=\"aioseo-breadcrumb-separator\">&raquo;<\/span><span class=\"aioseo-breadcrumb\">\n\t<a href=\"https:\/\/www.rucashk.com\/pt\/categoria-produto\/xiaomi-eco\/\" title=\"Xiaomi Eco\">Xiaomi Eco<\/a>\n<\/span><span class=\"aioseo-breadcrumb-separator\">&raquo;<\/span><span class=\"aioseo-breadcrumb\">\n\t<a href=\"https:\/\/www.rucashk.com\/pt\/categoria-produto\/xiaomi-eco\/haylou-earphone\/\" title=\"Haylou Earphone\">Haylou Earphone<\/a>\n<\/span><span class=\"aioseo-breadcrumb-separator\">&raquo;<\/span><span class=\"aioseo-breadcrumb\">\n\tHaylou GT1 TWS Fingerprint Touch Bluetooth Earphones Wholesale\n<\/span><\/div>","aioseo_breadcrumb_json":[{"label":"Home","link":"https:\/\/www.rucashk.com\/pt"},{"label":"Produtos","link":"https:\/\/www.rucashk.com\/pt\/products\/"},{"label":"Xiaomi Eco","link":"https:\/\/www.rucashk.com\/pt\/categoria-produto\/xiaomi-eco\/"},{"label":"Haylou Earphone","link":"https:\/\/www.rucashk.com\/pt\/categoria-produto\/xiaomi-eco\/haylou-earphone\/"},{"label":"Haylou GT1 TWS Fingerprint Touch Bluetooth Earphones Wholesale","link":"https:\/\/www.rucashk.com\/pt\/produto\/haylou-gt1-tws-fingerprint-touch-bluetooth-earphones-wholesale\/"}],"_links":{"self":[{"href":"https:\/\/www.rucashk.com\/pt\/wp-json\/wp\/v2\/product\/21596","targetHints":{"allow":["GET"]}}],"collection":[{"href":"https:\/\/www.rucashk.com\/pt\/wp-json\/wp\/v2\/product"}],"about":[{"href":"https:\/\/www.rucashk.com\/pt\/wp-json\/wp\/v2\/types\/product"}],"wp:featuredmedia":[{"embeddable":true,"href":"https:\/\/www.rucashk.com\/pt\/wp-json\/wp\/v2\/media\/21704"}],"wp:attachment":[{"href":"https:\/\/www.rucashk.com\/pt\/wp-json\/wp\/v2\/media?parent=21596"}],"wp:term":[{"taxonomy":"product_brand","embeddable":true,"href":"https:\/\/www.rucashk.com\/pt\/wp-json\/wp\/v2\/product_brand?post=21596"},{"taxonomy":"product_cat","embeddable":true,"href":"https:\/\/www.rucashk.com\/pt\/wp-json\/wp\/v2\/product_cat?post=21596"},{"taxonomy":"product_tag","embeddable":true,"href":"https:\/\/www.rucashk.com\/pt\/wp-json\/wp\/v2\/product_tag?post=21596"}],"curies":[{"name":"wp","href":"https:\/\/api.w.org\/{rel}","templated":true}]}}