{"id":21556,"date":"2024-01-09T15:33:35","date_gmt":"2024-01-09T15:33:35","guid":{"rendered":"http:\/\/rucashk.com\/?post_type=product&#038;p=21556"},"modified":"2024-01-22T07:42:22","modified_gmt":"2024-01-22T07:42:22","slug":"xiaomi-redmi-airdots-bluetooth-earphone","status":"publish","type":"product","link":"https:\/\/www.rucashk.com\/pt\/produto\/xiaomi-redmi-airdots-bluetooth-earphone\/","title":{"rendered":"Fone de ouvido Bluetooth Xiaomi Redmi Airdots"},"content":{"rendered":"<div class=\"detailmodule_text-image\">\n<p class=\"detail-desc-decorate-title\" style=\"text-align: center\" data-spm-anchor-id=\"a2g0o.detail.1000023.i1.527f5a0dko2oTJ\"><a class=\"\" style=\"width: auto !important\" href=\"https:\/\/www.rucashk.com\/pt\/produto\/xiaomi-redmi-airdots-wireless-earphone-bluetooth-5-0-wholesale\/\" data-wpil-post-to-id=\"3205\">Xiaomi Redmi AirDots<\/a><\/p>\n<p class=\"detail-desc-decorate-content\" style=\"text-align: center\" data-spm-anchor-id=\"a2g0o.detail.1000023.i0.527f5a0dko2oTJ\"><a class=\"\" style=\"width: auto !important\" href=\"https:\/\/www.rucashk.com\/pt\/xiaomi-true-wireless-bluetooth-headset-air2-se-with-endurance-of-20-hours-is-released\/\" data-wpil-post-to-id=\"8073\">Fone de ouvido Bluetooth sem fio verdadeiro<\/a> , Bluetooth 5.0, conectado automaticamente.<\/p>\n<p><img decoding=\"async\" class=\"detail-desc-decorate-image aligncenter\" src=\"https:\/\/www.rucashk.com\/wp-content\/uploads\/2020\/05\/HTB1KnYfRSzqK1RjSZFpq6ykSXXar.jpg\" \/><\/p>\n<\/div>\n<div class=\"detailmodule_text-image\" style=\"text-align: center\">\n<p class=\"detail-desc-decorate-title\">Uma nova gera\u00e7\u00e3o de Bluetooth 5.0, mais r\u00e1pida e est\u00e1vel<\/p>\n<p class=\"detail-desc-decorate-content\">redmi <a class=\"\" style=\"width: auto !important\" href=\"https:\/\/www.rucashk.com\/pt\/produto\/mi-airdot-pro-tws-bluetooth-earphones\/\" data-wpil-post-to-id=\"1843\">AirDots est\u00e1 equipado com o mais recente Bluetooth<\/a> Chip 5.0, a taxa de transfer\u00eancia de dados \u00e9 de at\u00e9 2 vezes em compara\u00e7\u00e3o com a gera\u00e7\u00e3o anterior, a conex\u00e3o \u00e9 mais r\u00e1pida e est\u00e1vel. Ouvir m\u00fasicas e jogar \u00e9 mais tranquilo.<\/p>\n<p><img decoding=\"async\" class=\"detail-desc-decorate-image\" src=\"https:\/\/www.rucashk.com\/wp-content\/uploads\/2020\/05\/HTB1ZRjfRMHqK1RjSZFPq6AwapXag.jpg\" \/><\/p>\n<\/div>\n<div class=\"detailmodule_text-image\" style=\"text-align: center\">\n<p class=\"detail-desc-decorate-title\">A m\u00fasica \u00e9 boa e a chamada \u00e9 clara<\/p>\n<p class=\"detail-desc-decorate-content\">Unidade din\u00e2mica de 7,2 mm e redu\u00e7\u00e3o de ru\u00eddo de ambiente inteligente DSP.<\/p>\n<p><img decoding=\"async\" class=\"detail-desc-decorate-image\" src=\"https:\/\/www.rucashk.com\/wp-content\/uploads\/2020\/05\/HTB1GWYGRNnaK1RjSZFtq6zC2VXa3.jpg\" \/><\/p>\n<\/div>\n<div class=\"detailmodule_text-image\" style=\"text-align: center\">\n<p class=\"detail-desc-decorate-title\">4,1g leve<\/p>\n<p class=\"detail-desc-decorate-content\">Tr\u00eas modelos de protetores auriculares para atender \u00e0s suas maiores necessidades de fechamento e firmeza, mesmo ao correr, dar socos e ouvir m\u00fasica na estrada.<\/p>\n<p><img decoding=\"async\" class=\"detail-desc-decorate-image\" src=\"https:\/\/www.rucashk.com\/wp-content\/uploads\/2020\/05\/HTB1Kj2fRQzoK1RjSZFlq6yi4VXak.jpg\" \/><\/p>\n<\/div>\n<div class=\"detailmodule_text-image\" style=\"text-align: center\">\n<p class=\"detail-desc-decorate-title\">Longo <a class=\"\" style=\"width: auto !important\" href=\"https:\/\/www.rucashk.com\/pt\/xiaomi-scooter-1s-released-30km-battery-life\/\" data-wpil-post-to-id=\"6898\">Vida \u00fatil da bateria<\/a><\/p>\n<p class=\"detail-desc-decorate-content\">4h. de <a class=\"\" style=\"width: auto !important\" href=\"https:\/\/www.rucashk.com\/pt\/xiaomi-scooter-1s-released-30km-battery-life\/\" data-wpil-post-to-id=\"6898\">vida \u00fatil da bateria<\/a> com uma carga, 12 horas. de <a class=\"\" style=\"width: auto !important\" href=\"https:\/\/www.rucashk.com\/pt\/xiaomi-scooter-1s-released-30km-battery-life\/\" data-wpil-post-to-id=\"6898\">vida \u00fatil da bateria<\/a> com estojo de carregamento, um fone de ouvido com bateria de 40mAh, caixa de carregamento com bateria de 300mAh.<\/p>\n<p><img decoding=\"async\" class=\"detail-desc-decorate-image\" src=\"https:\/\/www.rucashk.com\/wp-content\/uploads\/2020\/05\/HTB14a2dROrpK1RjSZFhq6xSdXXaO.jpg\" \/><\/p>\n<\/div>\n<div class=\"detailmodule_text-image\" style=\"text-align: center\">\n<p class=\"detail-desc-decorate-title\">Bot\u00e3o f\u00edsico multifuncional<\/p>\n<p><img decoding=\"async\" class=\"detail-desc-decorate-image\" src=\"https:\/\/www.rucashk.com\/wp-content\/uploads\/2020\/05\/HTB1Xi6pRIfpK1RjSZFOq6y6nFXaq.jpg\" \/><\/p>\n<\/div>\n<div class=\"detailmodule_text-image\" style=\"text-align: center\">\n<p class=\"detail-desc-decorate-title\">Habilidades ocultas do AirDots<\/p>\n<p class=\"detail-desc-decorate-content\">Chame o assistente de voz AI e encontre um telefone celular. Abra a navega\u00e7\u00e3o, envie WeChat, tire uma foto. Voc\u00ea pode navegar at\u00e9 a navega\u00e7\u00e3o clicando duas vezes em qualquer uma das teclas multifuncionais do fone de ouvido para ativar o assistente de voz. Voc\u00ea pode se concentrar em dirigir e o percurso j\u00e1 foi planejado para voc\u00ea. Fa\u00e7a uma refei\u00e7\u00e3o com um amigo, ou voc\u00ea pode chegar ao destino com anteced\u00eancia atrav\u00e9s do assistente de voz amigo WeChat.<\/p>\n<p><img decoding=\"async\" class=\"detail-desc-decorate-image\" src=\"https:\/\/www.rucashk.com\/wp-content\/uploads\/2020\/05\/HTB1HozhRIbpK1RjSZFyq6x_qFXat.jpg\" \/><\/p>\n<\/div>\n<div class=\"detailmodule_text-image\" style=\"text-align: center\">\n<p class=\"detail-desc-decorate-title\">O que est\u00e1 inclu\u00eddo<\/p>\n<p><img decoding=\"async\" class=\"detail-desc-decorate-image\" src=\"https:\/\/www.rucashk.com\/wp-content\/uploads\/2020\/05\/HTB1Lo6eRHvpK1RjSZFqq6AXUVXar.jpg\" \/><\/p>\n<\/div>\n<div class=\"detailmodule_text-image\"><img decoding=\"async\" class=\"detail-desc-decorate-image aligncenter\" src=\"https:\/\/www.rucashk.com\/wp-content\/uploads\/2020\/05\/HTB1PXbFROLaK1RjSZFxq6ymPFXaK.jpg\" \/><\/div>","protected":false},"excerpt":{"rendered":"<div style=\"text-align: center\">\n<div style=\"text-align: left\">\n<p><strong>Caracter\u00edstica principal:<\/strong><\/p>\n<\/div>\n<\/div>\n<div style=\"text-align: left\">Modelo: TWSEJ04LS<\/div>\n<div style=\"text-align: left\">Conex\u00e3o sem fio: Bluetooth 5.0<\/div>\n<div style=\"text-align: left\">Protocolo Bluetooth: HFP\/A2DP\/HSP\/AVRCP<\/div>\n<div style=\"text-align: left\">Dist\u00e2ncia de comunica\u00e7\u00e3o: 10 metros (ambiente aberto acess\u00edvel)<\/div>\n<div style=\"text-align: left\">Fones de ouvido duplos ouvem m\u00fasicas continuamente por cerca de 4 horas<\/div>\n<div style=\"text-align: left\">O tempo de espera do fone de ouvido \u00e9: cerca de 150 horas<\/div>\n<div style=\"text-align: left\">Capacidade da bateria do fone de ouvido \u00fanico: 40mAh<\/div>\n<div style=\"text-align: left\">Capacidade da bateria da caixa de carregamento: 300mAh<\/div>\n<div style=\"text-align: left\">Tempo de carregamento do fone de ouvido: cerca de 1,5 horas<\/div>\n<div style=\"text-align: left\">Tempo de carregamento da caixa de carregamento: cerca de 2 horas<\/div>\n<div style=\"text-align: left\">O peso l\u00edquido de um \u00fanico fone de ouvido: cerca de 4,1g.<\/div>\n<div style=\"text-align: left\">O peso l\u00edquido total da caixa de carregamento: cerca de 35,4g<\/div>\n<div style=\"text-align: left\">Tamanho da caixa de carregamento: 62 \u00d7 40 \u00d7 27,2 mm<\/div>\n<div style=\"text-align: left\">Tamanho do fone de ouvido: 26,65 \u00d7 16,4 \u00d7 21,6 mm<\/div>","protected":false},"featured_media":21674,"template":"","meta":[],"product_brand":[],"product_cat":[1306,1305],"product_tag":[460,504],"class_list":{"0":"post-21556","1":"product","2":"type-product","3":"status-publish","4":"has-post-thumbnail","6":"product_cat-mi-redmi-earphone","7":"product_cat-xiaomi-eco","8":"product_tag-airdots","9":"product_tag-bluetooth-earphone","11":"first","12":"instock","13":"shipping-taxable","14":"product-type-external"},"aioseo_notices":[],"aioseo_head":"\n\t\t<!-- All in One SEO Pro 4.5.9.2 - aioseo.com -->\n\t\t<meta name=\"description\" content=\"Main Feature: Model : TWSEJ04LS Wireless connection : Bluetooth 5.0 Bluetooth protocol : HFP\/A2DP\/ HSP\/AVRCP Communication distance :10 meters (accessible open environment) Dual headphones continuously listen to songs for about 4 hours Headphone standby time is: about 150 hours Single earphone battery capacity: 40mAh Charging box battery capacity: 300mAh Headphone charging time : about 1.5 hours Charging box charging time :about 2 hours The net weight of a single earphone :about 4.1g. The total net weight of the charging box : about 35.4g Charging box size: 62\u00d740\u00d727.2mm Headphone size :26.65 \u00d7 16.4 \u00d7 21.6mm\" \/>\n\t\t<meta name=\"robots\" content=\"max-image-preview:large\" \/>\n\t\t<link rel=\"canonical\" href=\"https:\/\/www.rucashk.com\/pt\/produto\/xiaomi-redmi-airdots-bluetooth-earphone\/\" \/>\n\t\t<meta name=\"generator\" content=\"All in One SEO Pro (AIOSEO) 4.5.9.2\" \/>\n\t\t<meta property=\"og:locale\" content=\"pt_PT\" \/>\n\t\t<meta property=\"og:site_name\" content=\"Rucas - One-stop AIoT Distribution Worldwide\" \/>\n\t\t<meta property=\"og:type\" content=\"article\" \/>\n\t\t<meta property=\"og:title\" content=\"Xiaomi Redmi Airdots Bluetooth Earphone - Rucas - Wholesale and Distribution\" \/>\n\t\t<meta property=\"og:description\" content=\"Main Feature: Model : TWSEJ04LS Wireless connection : Bluetooth 5.0 Bluetooth protocol : HFP\/A2DP\/ HSP\/AVRCP Communication distance :10 meters (accessible open environment) Dual headphones continuously listen to songs for about 4 hours Headphone standby time is: about 150 hours Single earphone battery capacity: 40mAh Charging box battery capacity: 300mAh Headphone charging time : about 1.5 hours Charging box charging time :about 2 hours The net weight of a single earphone :about 4.1g. The total net weight of the charging box : about 35.4g Charging box size: 62\u00d740\u00d727.2mm Headphone size :26.65 \u00d7 16.4 \u00d7 21.6mm\" \/>\n\t\t<meta property=\"og:url\" content=\"https:\/\/www.rucashk.com\/pt\/produto\/xiaomi-redmi-airdots-bluetooth-earphone\/\" \/>\n\t\t<meta property=\"og:image\" content=\"https:\/\/www.rucashk.com\/wp-content\/uploads\/replace\/503b8e645f128a97ccde2b6290747646.jpeg\" \/>\n\t\t<meta property=\"og:image:secure_url\" content=\"https:\/\/www.rucashk.com\/wp-content\/uploads\/replace\/503b8e645f128a97ccde2b6290747646.jpeg\" \/>\n\t\t<meta property=\"og:image:width\" content=\"1456\" \/>\n\t\t<meta property=\"og:image:height\" content=\"816\" \/>\n\t\t<meta property=\"article:published_time\" content=\"2024-01-09T15:33:35+00:00\" \/>\n\t\t<meta property=\"article:modified_time\" content=\"2024-01-22T07:42:22+00:00\" \/>\n\t\t<meta name=\"twitter:card\" content=\"summary_large_image\" \/>\n\t\t<meta name=\"twitter:title\" content=\"Xiaomi Redmi Airdots Bluetooth Earphone - Rucas - Wholesale and Distribution\" \/>\n\t\t<meta name=\"twitter:description\" content=\"Main Feature: Model : TWSEJ04LS Wireless connection : Bluetooth 5.0 Bluetooth protocol : HFP\/A2DP\/ HSP\/AVRCP Communication distance :10 meters (accessible open environment) Dual headphones continuously listen to songs for about 4 hours Headphone standby time is: about 150 hours Single earphone battery capacity: 40mAh Charging box battery capacity: 300mAh Headphone charging time : about 1.5 hours Charging box charging time :about 2 hours The net weight of a single earphone :about 4.1g. The total net weight of the charging box : about 35.4g Charging box size: 62\u00d740\u00d727.2mm Headphone size :26.65 \u00d7 16.4 \u00d7 21.6mm\" \/>\n\t\t<meta name=\"twitter:image\" content=\"https:\/\/www.rucashk.com\/wp-content\/uploads\/replace\/503b8e645f128a97ccde2b6290747646.jpeg\" \/>\n\t\t<script type=\"application\/ld+json\" class=\"aioseo-schema\">\n\t\t\t{\"@context\":\"https:\\\/\\\/schema.org\",\"@graph\":[{\"@type\":\"BreadcrumbList\",\"@id\":\"https:\\\/\\\/www.rucashk.com\\\/pt\\\/produto\\\/xiaomi-redmi-airdots-bluetooth-earphone\\\/#breadcrumblist\",\"itemListElement\":[{\"@type\":\"ListItem\",\"@id\":\"https:\\\/\\\/www.rucashk.com\\\/pt\\\/#listItem\",\"position\":1,\"name\":\"Home\",\"item\":\"https:\\\/\\\/www.rucashk.com\\\/pt\\\/\",\"nextItem\":\"https:\\\/\\\/www.rucashk.com\\\/pt\\\/produto\\\/xiaomi-redmi-airdots-bluetooth-earphone\\\/#listItem\"},{\"@type\":\"ListItem\",\"@id\":\"https:\\\/\\\/www.rucashk.com\\\/pt\\\/produto\\\/xiaomi-redmi-airdots-bluetooth-earphone\\\/#listItem\",\"position\":2,\"name\":\"Xiaomi Redmi Airdots Bluetooth Earphone\",\"previousItem\":\"https:\\\/\\\/www.rucashk.com\\\/pt\\\/#listItem\"}]},{\"@type\":\"Organization\",\"@id\":\"https:\\\/\\\/www.rucashk.com\\\/pt\\\/#organization\",\"name\":\"Rucas\",\"url\":\"https:\\\/\\\/www.rucashk.com\\\/pt\\\/\",\"logo\":{\"@type\":\"ImageObject\",\"url\":\"https:\\\/\\\/www.rucashk.com\\\/wp-content\\\/uploads\\\/2023\\\/12\\\/Rucas_campany_logo.png\",\"@id\":\"https:\\\/\\\/www.rucashk.com\\\/pt\\\/produto\\\/xiaomi-redmi-airdots-bluetooth-earphone\\\/#organizationLogo\",\"width\":221,\"height\":65},\"image\":{\"@id\":\"https:\\\/\\\/www.rucashk.com\\\/pt\\\/#organizationLogo\"}},{\"@type\":\"Person\",\"@id\":\"https:\\\/\\\/www.rucashk.com\\\/pt\\\/author\\\/admin\\\/#author\",\"url\":\"https:\\\/\\\/www.rucashk.com\\\/pt\\\/author\\\/admin\\\/\",\"name\":\"admin\",\"image\":{\"@type\":\"ImageObject\",\"@id\":\"https:\\\/\\\/www.rucashk.com\\\/pt\\\/produto\\\/xiaomi-redmi-airdots-bluetooth-earphone\\\/#authorImage\",\"url\":\"https:\\\/\\\/secure.gravatar.com\\\/avatar\\\/b7c8925b09a27e72b30232f8ecaadbd5af0f70a38c78096863fe51b64f031c24?s=96&d=mm&r=g\",\"width\":96,\"height\":96,\"caption\":\"admin\"}},{\"@type\":\"WebPage\",\"@id\":\"https:\\\/\\\/www.rucashk.com\\\/pt\\\/produto\\\/xiaomi-redmi-airdots-bluetooth-earphone\\\/#webpage\",\"url\":\"https:\\\/\\\/www.rucashk.com\\\/pt\\\/produto\\\/xiaomi-redmi-airdots-bluetooth-earphone\\\/\",\"name\":\"Xiaomi Redmi Airdots Bluetooth Earphone - Rucas - Wholesale and Distribution\",\"description\":\"Main Feature: Model : TWSEJ04LS Wireless connection : Bluetooth 5.0 Bluetooth protocol : HFP\\\/A2DP\\\/ HSP\\\/AVRCP Communication distance :10 meters (accessible open environment) Dual headphones continuously listen to songs for about 4 hours Headphone standby time is: about 150 hours Single earphone battery capacity: 40mAh Charging box battery capacity: 300mAh Headphone charging time : about 1.5 hours Charging box charging time :about 2 hours The net weight of a single earphone :about 4.1g. The total net weight of the charging box : about 35.4g Charging box size: 62\\u00d740\\u00d727.2mm Headphone size :26.65 \\u00d7 16.4 \\u00d7 21.6mm\",\"inLanguage\":\"pt-PT\",\"isPartOf\":{\"@id\":\"https:\\\/\\\/www.rucashk.com\\\/pt\\\/#website\"},\"breadcrumb\":{\"@id\":\"https:\\\/\\\/www.rucashk.com\\\/pt\\\/produto\\\/xiaomi-redmi-airdots-bluetooth-earphone\\\/#breadcrumblist\"},\"author\":{\"@id\":\"https:\\\/\\\/www.rucashk.com\\\/pt\\\/author\\\/admin\\\/#author\"},\"creator\":{\"@id\":\"https:\\\/\\\/www.rucashk.com\\\/pt\\\/author\\\/admin\\\/#author\"},\"image\":{\"@type\":\"ImageObject\",\"url\":\"https:\\\/\\\/www.rucashk.com\\\/wp-content\\\/uploads\\\/2024\\\/01\\\/Xiaomi-Redmi-Airdots-TWS-Bluetooth-Earphone-Stereo-bass-BT-5-0-Eeadphones-With-Mic-Handsfree-Earbuds-4.jpg\",\"@id\":\"https:\\\/\\\/www.rucashk.com\\\/pt\\\/produto\\\/xiaomi-redmi-airdots-bluetooth-earphone\\\/#mainImage\",\"width\":800,\"height\":800},\"primaryImageOfPage\":{\"@id\":\"https:\\\/\\\/www.rucashk.com\\\/pt\\\/produto\\\/xiaomi-redmi-airdots-bluetooth-earphone\\\/#mainImage\"},\"datePublished\":\"2024-01-09T15:33:35+00:00\",\"dateModified\":\"2024-01-22T07:42:22+00:00\"},{\"@type\":\"WebSite\",\"@id\":\"https:\\\/\\\/www.rucashk.com\\\/pt\\\/#website\",\"url\":\"https:\\\/\\\/www.rucashk.com\\\/pt\\\/\",\"name\":\"Rucas - Wholesale and distribution worldwide\",\"alternateName\":\"Rucas - One-stop AIoT Distribution Worldwide\",\"description\":\"One-stop AIoT Distribution Worldwide\",\"inLanguage\":\"pt-PT\",\"publisher\":{\"@id\":\"https:\\\/\\\/www.rucashk.com\\\/pt\\\/#organization\"}}]}\n\t\t<\/script>\n\t\t<!-- All in One SEO Pro -->\r\n\t\t<title>Xiaomi Redmi Airdots Bluetooth Earphone - Rucas - Wholesale and Distribution<\/title>\n\n","aioseo_head_json":{"title":"Xiaomi Redmi Airdots Bluetooth Earphone - Rucas - Wholesale and Distribution","description":"Main Feature: Model : TWSEJ04LS Wireless connection : Bluetooth 5.0 Bluetooth protocol : HFP\/A2DP\/ HSP\/AVRCP Communication distance :10 meters (accessible open environment) Dual headphones continuously listen to songs for about 4 hours Headphone standby time is: about 150 hours Single earphone battery capacity: 40mAh Charging box battery capacity: 300mAh Headphone charging time : about 1.5 hours Charging box charging time :about 2 hours The net weight of a single earphone :about 4.1g. The total net weight of the charging box : about 35.4g Charging box size: 62\u00d740\u00d727.2mm Headphone size :26.65 \u00d7 16.4 \u00d7 21.6mm","canonical_url":"https:\/\/www.rucashk.com\/pt\/produto\/xiaomi-redmi-airdots-bluetooth-earphone\/","robots":"max-image-preview:large","keywords":"","webmasterTools":{"miscellaneous":""},"og:locale":"pt_PT","og:site_name":"Rucas - One-stop AIoT Distribution Worldwide","og:type":"article","og:title":"Xiaomi Redmi Airdots Bluetooth Earphone - Rucas - Wholesale and Distribution","og:description":"Main Feature: Model : TWSEJ04LS Wireless connection : Bluetooth 5.0 Bluetooth protocol : HFP\/A2DP\/ HSP\/AVRCP Communication distance :10 meters (accessible open environment) Dual headphones continuously listen to songs for about 4 hours Headphone standby time is: about 150 hours Single earphone battery capacity: 40mAh Charging box battery capacity: 300mAh Headphone charging time : about 1.5 hours Charging box charging time :about 2 hours The net weight of a single earphone :about 4.1g. The total net weight of the charging box : about 35.4g Charging box size: 62\u00d740\u00d727.2mm Headphone size :26.65 \u00d7 16.4 \u00d7 21.6mm","og:url":"https:\/\/www.rucashk.com\/pt\/produto\/xiaomi-redmi-airdots-bluetooth-earphone\/","og:image":"https:\/\/www.rucashk.com\/wp-content\/uploads\/replace\/503b8e645f128a97ccde2b6290747646.jpeg","og:image:secure_url":"https:\/\/www.rucashk.com\/wp-content\/uploads\/replace\/503b8e645f128a97ccde2b6290747646.jpeg","og:image:width":1456,"og:image:height":816,"article:published_time":"2024-01-09T15:33:35+00:00","article:modified_time":"2024-01-22T07:42:22+00:00","twitter:card":"summary_large_image","twitter:title":"Xiaomi Redmi Airdots Bluetooth Earphone - Rucas - Wholesale and Distribution","twitter:description":"Main Feature: Model : TWSEJ04LS Wireless connection : Bluetooth 5.0 Bluetooth protocol : HFP\/A2DP\/ HSP\/AVRCP Communication distance :10 meters (accessible open environment) Dual headphones continuously listen to songs for about 4 hours Headphone standby time is: about 150 hours Single earphone battery capacity: 40mAh Charging box battery capacity: 300mAh Headphone charging time : about 1.5 hours Charging box charging time :about 2 hours The net weight of a single earphone :about 4.1g. The total net weight of the charging box : about 35.4g Charging box size: 62\u00d740\u00d727.2mm Headphone size :26.65 \u00d7 16.4 \u00d7 21.6mm","twitter:image":"https:\/\/www.rucashk.com\/wp-content\/uploads\/replace\/503b8e645f128a97ccde2b6290747646.jpeg","schema":{"@context":"https:\/\/schema.org","@graph":[{"@type":"BreadcrumbList","@id":"https:\/\/www.rucashk.com\/pt\/produto\/xiaomi-redmi-airdots-bluetooth-earphone\/#breadcrumblist","itemListElement":[{"@type":"ListItem","@id":"https:\/\/www.rucashk.com\/pt\/#listItem","position":1,"name":"Home","item":"https:\/\/www.rucashk.com\/pt\/","nextItem":"https:\/\/www.rucashk.com\/pt\/produto\/xiaomi-redmi-airdots-bluetooth-earphone\/#listItem"},{"@type":"ListItem","@id":"https:\/\/www.rucashk.com\/pt\/produto\/xiaomi-redmi-airdots-bluetooth-earphone\/#listItem","position":2,"name":"Xiaomi Redmi Airdots Bluetooth Earphone","previousItem":"https:\/\/www.rucashk.com\/pt\/#listItem"}]},{"@type":"Organization","@id":"https:\/\/www.rucashk.com\/pt\/#organization","name":"Rucas","url":"https:\/\/www.rucashk.com\/pt\/","logo":{"@type":"ImageObject","url":"https:\/\/www.rucashk.com\/wp-content\/uploads\/2023\/12\/Rucas_campany_logo.png","@id":"https:\/\/www.rucashk.com\/pt\/produto\/xiaomi-redmi-airdots-bluetooth-earphone\/#organizationLogo","width":221,"height":65},"image":{"@id":"https:\/\/www.rucashk.com\/pt\/#organizationLogo"}},{"@type":"Person","@id":"https:\/\/www.rucashk.com\/pt\/author\/admin\/#author","url":"https:\/\/www.rucashk.com\/pt\/author\/admin\/","name":"admin","image":{"@type":"ImageObject","@id":"https:\/\/www.rucashk.com\/pt\/produto\/xiaomi-redmi-airdots-bluetooth-earphone\/#authorImage","url":"https:\/\/secure.gravatar.com\/avatar\/b7c8925b09a27e72b30232f8ecaadbd5af0f70a38c78096863fe51b64f031c24?s=96&d=mm&r=g","width":96,"height":96,"caption":"admin"}},{"@type":"WebPage","@id":"https:\/\/www.rucashk.com\/pt\/produto\/xiaomi-redmi-airdots-bluetooth-earphone\/#webpage","url":"https:\/\/www.rucashk.com\/pt\/produto\/xiaomi-redmi-airdots-bluetooth-earphone\/","name":"Xiaomi Redmi Airdots Bluetooth Earphone - Rucas - Wholesale and Distribution","description":"Main Feature: Model : TWSEJ04LS Wireless connection : Bluetooth 5.0 Bluetooth protocol : HFP\/A2DP\/ HSP\/AVRCP Communication distance :10 meters (accessible open environment) Dual headphones continuously listen to songs for about 4 hours Headphone standby time is: about 150 hours Single earphone battery capacity: 40mAh Charging box battery capacity: 300mAh Headphone charging time : about 1.5 hours Charging box charging time :about 2 hours The net weight of a single earphone :about 4.1g. The total net weight of the charging box : about 35.4g Charging box size: 62\u00d740\u00d727.2mm Headphone size :26.65 \u00d7 16.4 \u00d7 21.6mm","inLanguage":"pt-PT","isPartOf":{"@id":"https:\/\/www.rucashk.com\/pt\/#website"},"breadcrumb":{"@id":"https:\/\/www.rucashk.com\/pt\/produto\/xiaomi-redmi-airdots-bluetooth-earphone\/#breadcrumblist"},"author":{"@id":"https:\/\/www.rucashk.com\/pt\/author\/admin\/#author"},"creator":{"@id":"https:\/\/www.rucashk.com\/pt\/author\/admin\/#author"},"image":{"@type":"ImageObject","url":"https:\/\/www.rucashk.com\/wp-content\/uploads\/2024\/01\/Xiaomi-Redmi-Airdots-TWS-Bluetooth-Earphone-Stereo-bass-BT-5-0-Eeadphones-With-Mic-Handsfree-Earbuds-4.jpg","@id":"https:\/\/www.rucashk.com\/pt\/produto\/xiaomi-redmi-airdots-bluetooth-earphone\/#mainImage","width":800,"height":800},"primaryImageOfPage":{"@id":"https:\/\/www.rucashk.com\/pt\/produto\/xiaomi-redmi-airdots-bluetooth-earphone\/#mainImage"},"datePublished":"2024-01-09T15:33:35+00:00","dateModified":"2024-01-22T07:42:22+00:00"},{"@type":"WebSite","@id":"https:\/\/www.rucashk.com\/pt\/#website","url":"https:\/\/www.rucashk.com\/pt\/","name":"Rucas - Wholesale and distribution worldwide","alternateName":"Rucas - One-stop AIoT Distribution Worldwide","description":"One-stop AIoT Distribution Worldwide","inLanguage":"pt-PT","publisher":{"@id":"https:\/\/www.rucashk.com\/pt\/#organization"}}]}},"aioseo_meta_data":{"post_id":"21556","title":null,"description":null,"keywords":null,"keyphrases":null,"primary_term":null,"canonical_url":null,"og_title":null,"og_description":null,"og_object_type":"default","og_image_type":"default","og_image_url":null,"og_image_width":null,"og_image_height":null,"og_image_custom_url":null,"og_image_custom_fields":null,"og_video":null,"og_custom_url":null,"og_article_section":null,"og_article_tags":null,"twitter_use_og":false,"twitter_card":"default","twitter_image_type":"default","twitter_image_url":null,"twitter_image_custom_url":null,"twitter_image_custom_fields":null,"twitter_title":null,"twitter_description":null,"schema":{"blockGraphs":[],"customGraphs":[],"default":{"data":{"Article":[],"Course":[],"Dataset":[],"FAQPage":[],"Movie":[],"Person":[],"Product":[],"Recipe":[],"Service":[],"SoftwareApplication":[],"WebPage":[]},"graphName":"","isEnabled":true},"graphs":[]},"schema_type":"default","schema_type_options":null,"pillar_content":false,"robots_default":true,"robots_noindex":false,"robots_noarchive":false,"robots_nosnippet":false,"robots_nofollow":false,"robots_noimageindex":false,"robots_noodp":false,"robots_notranslate":false,"robots_max_snippet":null,"robots_max_videopreview":null,"robots_max_imagepreview":"large","priority":null,"frequency":null,"local_seo":null,"breadcrumb_settings":null,"limit_modified_date":false,"created":"2024-04-11 01:55:19","updated":"2025-06-22 16:26:01"},"aioseo_breadcrumb":"<div class=\"aioseo-breadcrumbs\"><span class=\"aioseo-breadcrumb\">\n\t<a href=\"https:\/\/www.rucashk.com\/pt\" title=\"Home\">Home<\/a>\n<\/span><span class=\"aioseo-breadcrumb-separator\">&raquo;<\/span><span class=\"aioseo-breadcrumb\">\n\t<a href=\"https:\/\/www.rucashk.com\/pt\/products\/\" title=\"Produtos\">Produtos<\/a>\n<\/span><span class=\"aioseo-breadcrumb-separator\">&raquo;<\/span><span class=\"aioseo-breadcrumb\">\n\t<a href=\"https:\/\/www.rucashk.com\/pt\/categoria-produto\/xiaomi-eco\/\" title=\"Xiaomi Eco\">Xiaomi Eco<\/a>\n<\/span><span class=\"aioseo-breadcrumb-separator\">&raquo;<\/span><span class=\"aioseo-breadcrumb\">\n\t<a href=\"https:\/\/www.rucashk.com\/pt\/categoria-produto\/xiaomi-eco\/mi-redmi-earphone\/\" title=\"Mi Redmi Earphone\">Mi Redmi Earphone<\/a>\n<\/span><span class=\"aioseo-breadcrumb-separator\">&raquo;<\/span><span class=\"aioseo-breadcrumb\">\n\tXiaomi Redmi Airdots Bluetooth Earphone\n<\/span><\/div>","aioseo_breadcrumb_json":[{"label":"Home","link":"https:\/\/www.rucashk.com\/pt"},{"label":"Produtos","link":"https:\/\/www.rucashk.com\/pt\/products\/"},{"label":"Xiaomi Eco","link":"https:\/\/www.rucashk.com\/pt\/categoria-produto\/xiaomi-eco\/"},{"label":"Mi Redmi Earphone","link":"https:\/\/www.rucashk.com\/pt\/categoria-produto\/xiaomi-eco\/mi-redmi-earphone\/"},{"label":"Xiaomi Redmi Airdots Bluetooth Earphone","link":"https:\/\/www.rucashk.com\/pt\/produto\/xiaomi-redmi-airdots-bluetooth-earphone\/"}],"_links":{"self":[{"href":"https:\/\/www.rucashk.com\/pt\/wp-json\/wp\/v2\/product\/21556","targetHints":{"allow":["GET"]}}],"collection":[{"href":"https:\/\/www.rucashk.com\/pt\/wp-json\/wp\/v2\/product"}],"about":[{"href":"https:\/\/www.rucashk.com\/pt\/wp-json\/wp\/v2\/types\/product"}],"wp:featuredmedia":[{"embeddable":true,"href":"https:\/\/www.rucashk.com\/pt\/wp-json\/wp\/v2\/media\/21674"}],"wp:attachment":[{"href":"https:\/\/www.rucashk.com\/pt\/wp-json\/wp\/v2\/media?parent=21556"}],"wp:term":[{"taxonomy":"product_brand","embeddable":true,"href":"https:\/\/www.rucashk.com\/pt\/wp-json\/wp\/v2\/product_brand?post=21556"},{"taxonomy":"product_cat","embeddable":true,"href":"https:\/\/www.rucashk.com\/pt\/wp-json\/wp\/v2\/product_cat?post=21556"},{"taxonomy":"product_tag","embeddable":true,"href":"https:\/\/www.rucashk.com\/pt\/wp-json\/wp\/v2\/product_tag?post=21556"}],"curies":[{"name":"wp","href":"https:\/\/api.w.org\/{rel}","templated":true}]}}