{"id":21551,"date":"2024-01-09T15:33:35","date_gmt":"2024-01-09T15:33:35","guid":{"rendered":"http:\/\/rucashk.com\/?post_type=product&#038;p=21551"},"modified":"2024-03-11T08:32:27","modified_gmt":"2024-03-11T08:32:27","slug":"meizu-16xs-smartphone","status":"publish","type":"product","link":"https:\/\/www.rucashk.com\/pt\/produto\/meizu-16xs-smartphone\/","title":{"rendered":"Smartphone MEIZU 16XS"},"content":{"rendered":"<div class=\"detail-desc-decorate-richtext\" style=\"text-align: center\" align=\"center\" data-spm-anchor-id=\"a2g0o.detail.1000023.i0.16611b5aDk2KDF\">Tela infinita, lentes triplas, bateria de longa dura\u00e7\u00e3o<\/div>\n<p class=\"detail-desc-decorate-richtext\" style=\"text-align: center\"><img decoding=\"async\" alt=\"MEIZU 16XS Smartphone\" src=\"\/wp-content\/uploads\/replace\/2cbc712d664a03637f91e7bbde274f30.jpeg\" \/><\/p>\n<p class=\"detail-desc-decorate-richtext\" style=\"text-align: center\" align=\"center\">6 principais argumentos de venda<\/p>\n<p class=\"detail-desc-decorate-richtext\" style=\"text-align: center\"><img decoding=\"async\" alt=\"MEIZU 16XS Smartphone\" src=\"\/wp-content\/uploads\/replace\/77942d9d27f326764ef7e33fc5a0cbdd.jpeg\" \/><\/p>\n<p class=\"detail-desc-decorate-richtext\" style=\"text-align: center\" align=\"center\">Infinity Display, um campo de vis\u00e3o completo ao seu alcance<br \/>\no 16Xs com uma tela sim\u00e9trica de ponta a ponta, a moldura estreita \u00e9 quase invis\u00edvel gra\u00e7as \u00e0 extrema rela\u00e7\u00e3o tela-corpo 90.29%<\/p>\n<p class=\"detail-desc-decorate-richtext\" style=\"text-align: center\"><img decoding=\"async\" alt=\"MEIZU 16XS Smartphone\" src=\"\/wp-content\/uploads\/replace\/00ce6b8c0cca315d49e68f42b338ad84.jpeg\" \/><\/p>\n<p class=\"detail-desc-decorate-richtext\" style=\"text-align: center\"><img decoding=\"async\" alt=\"MEIZU 16XS Smartphone\" src=\"\/wp-content\/uploads\/replace\/710b8dbae382fd78bbb3bf7b01f7946a.jpeg\" \/><\/p>\n<p class=\"detail-desc-decorate-richtext\" style=\"text-align: center\" align=\"center\">C\u00e2mera traseira de lente tripla de 48 MP<br \/>\ncapture qualquer momento da sua vida com apenas um leve toque de um bot\u00e3o na cor e nos detalhes que merece<\/p>\n<p class=\"detail-desc-decorate-richtext\" style=\"text-align: center\"><img decoding=\"async\" alt=\"MEIZU 16XS Smartphone\" src=\"\/wp-content\/uploads\/replace\/766f9d61cef92e0cf6bbdf926d4eb2cc.jpeg\" \/><\/p>\n<p class=\"detail-desc-decorate-richtext\" style=\"text-align: center\"><img decoding=\"async\" alt=\"MEIZU 16XS Smartphone\" src=\"\/wp-content\/uploads\/replace\/18a4fb7f99fad6fca47637e0e45979ea.jpeg\" \/><\/p>\n<p style=\"text-align: center\"><img decoding=\"async\" alt=\"MEIZU 16XS Smartphone\" src=\"\/wp-content\/uploads\/replace\/9fb138afa19efd57c9b53afdac5bf98f.jpeg\" \/><\/p>\n<p class=\"detail-desc-decorate-richtext\" style=\"text-align: center\" align=\"center\">Lente super grande angular de 118,8\u00b0<br \/>\nNossa lente super grande angular, em combina\u00e7\u00e3o com nossa lente principal f1.7 e nossa lente Super Night Scene d\u00e1 ao Meizu 16Xs um grande salto<img decoding=\"async\" alt=\"MEIZU 16XS Smartphone\" src=\"\/wp-content\/uploads\/replace\/c8ee844ded10182e40efcdba13744afe.jpeg\" \/><\/p>\n<p class=\"detail-desc-decorate-richtext\" style=\"text-align: center\" align=\"center\">Qualcomm Snapdragon 675<br \/>\nA tecnologia de processamento de 11nm com CPU Kryo 460, o 16Xs suporta e se destaca em uma excelente variedade de atividades no dispositivo.<br \/>\ncom uma GPU Adreno 612, este \u00e9 um telefone excelente em jogos.<\/p>\n<p style=\"text-align: center\"><img decoding=\"async\" alt=\"MEIZU 16XS Smartphone\" src=\"\/wp-content\/uploads\/replace\/ad10834d4460503cb98b98df892ed3f0.jpeg\" \/><\/p>\n<p class=\"detail-desc-decorate-richtext\" style=\"text-align: center\" align=\"center\">A pr\u00f3xima gera\u00e7\u00e3o de leitores de impress\u00e3o digital na tela<br \/>\nO sistema de reconhecimento de impress\u00e3o digital Super mTouch permite que os 16Xs sejam desbloqueados em menos de 0,2 segundos;<\/p>\n<p class=\"detail-desc-decorate-richtext\" style=\"text-align: center\"><img decoding=\"async\" alt=\"MEIZU 16XS Smartphone\" src=\"\/wp-content\/uploads\/replace\/f6a4448ea4639306e6a73f0eec445a68.jpeg\" \/><\/p>\n<p class=\"detail-desc-decorate-richtext\" style=\"text-align: center\" align=\"center\">Bateria ilimitada para uma vida \u00fatil ilimitada<br \/>\nA bateria de 4.000 mAh proporciona uma vida \u00fatil incrivelmente longa, os recursos de carregamento r\u00e1pido do mCharge aproveitam os momentos em que voc\u00ea precisa conect\u00e1-lo.<\/p>\n<p class=\"detail-desc-decorate-richtext\" style=\"text-align: center\"><img decoding=\"async\" alt=\"MEIZU 16XS Smartphone\" src=\"\/wp-content\/uploads\/replace\/8c16e6e8f03b325d45164bef22d05ac5.jpeg\" \/><\/p>\n<p class=\"detail-desc-decorate-richtext\" style=\"text-align: center\" align=\"center\">\u00a03 anos de otimiza\u00e7\u00f5es, aperfei\u00e7oadas<br \/>\nA vers\u00e3o mais recente do sistema operacional Flyme7 traz uma experi\u00eancia sem precedentes. Baseado no Android P. O mecanismo One Mind 3.0 integrado n\u00e3o oferece apenas uma experi\u00eancia suave <a href=\"https:\/\/www.rucashk.com\/pt\/39-9rmb-xiaomi-grocery-store-new-life-experience-high-quality-stainless-steel-create-a-xiaomi-ecological-chain-explosive\/\" class=\"\" style=\"width: auto !important\" data-wpil-post-to-id=\"7150\">experi\u00eancia ao jogar, mas em todos os aspectos de seu uso, a dura\u00e7\u00e3o da bateria<\/a> inclu\u00eddo.<\/p>\n<p style=\"text-align: center\"><img decoding=\"async\" alt=\"MEIZU 16XS Smartphone\" src=\"\/wp-content\/uploads\/replace\/6442cbffaa8b33aa09cad76470c92b8d.jpeg\" \/><\/p>\n<p><img decoding=\"async\" alt=\"MEIZU 16XS Smartphone\" class=\"aligncenter\" src=\"\/wp-content\/uploads\/replace\/36785eb417919dde9cf21e32312c7e12.jpeg\" \/><\/p>","protected":false},"excerpt":{"rendered":"<p><strong>Caracter\u00edstica principal:<\/strong><br \/>\nModel: M926H Global Version, Original EU Charger, With Google play and Support OTA update.<br \/>\nCPU: Snapdragon 675 Octa Core ( Adreno 612 GPU ).<br \/>\nScreen: 6.2-inch 2232 x 1080P 403PPI.<br \/>\nRAM+ROM: 6GB + 64GB.<br \/>\nCamera: 48.0MP+5.0MP+8.0MP\u00a0Triple Rear Cameras (bokeh+Super wide-angel)\u00a0, 16.0MP Front Camera.<br \/>\nBattery: 4000 mAh(Typ), 18W mCharge fast charge.<br \/>\nOS: Flyme 7 OS (Based on Android 9).<br \/>\nOther: WIFI, Bluetooth, GPS, mTouch Sensor,In-screen Fingerprint ID, Face recognition unlock.<br \/>\nNework: Dual SIM Dual Standby ( Dual Nano Sim ).<br \/>\n2G: GSM: B2:1900\/B3:1800\/B5:850\/B8:900MHZ;<br \/>\n3G: WCDMA :B1:2100\/B2:1900\/B4:1700\/B5:850\/B8:900;CDMA:BC0;<br \/>\n4G: FDD-LTE :B1:2100\/B2:1900\/B3:1800\/B4:1700\/B5:850\/B7:2600\/B8:900\/B20:800MHZ;TDD-LTE :B40;<\/p>","protected":false},"featured_media":21651,"template":"","meta":[],"product_brand":[],"product_cat":[1295,1322],"product_tag":[502,478,477],"class_list":{"0":"post-21551","1":"product","2":"type-product","3":"status-publish","4":"has-post-thumbnail","6":"product_cat-mobile-phone","7":"product_cat-other-a-brands","8":"product_tag-meizu","9":"product_tag-mobile","10":"product_tag-phone","12":"first","13":"instock","14":"shipping-taxable","15":"product-type-external"},"aioseo_notices":[],"aioseo_head":"\n\t\t<!-- All in One SEO Pro 4.5.9.2 - aioseo.com -->\n\t\t<meta name=\"description\" content=\"Main Feature: Model: M926H Global Version, Original EU Charger, With Google play and Support OTA update. CPU: Snapdragon 675 Octa Core ( Adreno 612 GPU ). Screen: 6.2-inch 2232 x 1080P 403PPI. RAM+ROM: 6GB + 64GB. Camera: 48.0MP+5.0MP+8.0MP Triple Rear Cameras (bokeh+Super wide-angel) , 16.0MP Front Camera. Battery: 4000 mAh(Typ), 18W mCharge fast charge. OS: Flyme 7 OS (Based on Android 9). Other: WIFI, Bluetooth, GPS, mTouch Sensor,In-screen Fingerprint ID, Face recognition unlock. Nework: Dual SIM Dual Standby ( Dual Nano Sim ). 2G: GSM: B2:1900\/B3:1800\/B5:850\/B8:900MHZ; 3G: WCDMA :B1:2100\/B2:1900\/B4:1700\/B5:850\/B8:900;CDMA:BC0; 4G: FDD-LTE :B1:2100\/B2:1900\/B3:1800\/B4:1700\/B5:850\/B7:2600\/B8:900\/B20:800MHZ;TDD-LTE :B40;\" \/>\n\t\t<meta name=\"robots\" content=\"max-image-preview:large\" \/>\n\t\t<link rel=\"canonical\" href=\"https:\/\/www.rucashk.com\/pt\/produto\/meizu-16xs-smartphone\/\" \/>\n\t\t<meta name=\"generator\" content=\"All in One SEO Pro (AIOSEO) 4.5.9.2\" \/>\n\t\t<meta property=\"og:locale\" content=\"pt_PT\" \/>\n\t\t<meta property=\"og:site_name\" content=\"Rucas - One-stop AIoT Distribution Worldwide\" \/>\n\t\t<meta property=\"og:type\" content=\"article\" \/>\n\t\t<meta property=\"og:title\" content=\"MEIZU 16XS Smartphone - Rucas - Wholesale and Distribution\" \/>\n\t\t<meta property=\"og:description\" content=\"Main Feature: Model: M926H Global Version, Original EU Charger, With Google play and Support OTA update. CPU: Snapdragon 675 Octa Core ( Adreno 612 GPU ). Screen: 6.2-inch 2232 x 1080P 403PPI. RAM+ROM: 6GB + 64GB. Camera: 48.0MP+5.0MP+8.0MP Triple Rear Cameras (bokeh+Super wide-angel) , 16.0MP Front Camera. Battery: 4000 mAh(Typ), 18W mCharge fast charge. OS: Flyme 7 OS (Based on Android 9). Other: WIFI, Bluetooth, GPS, mTouch Sensor,In-screen Fingerprint ID, Face recognition unlock. Nework: Dual SIM Dual Standby ( Dual Nano Sim ). 2G: GSM: B2:1900\/B3:1800\/B5:850\/B8:900MHZ; 3G: WCDMA :B1:2100\/B2:1900\/B4:1700\/B5:850\/B8:900;CDMA:BC0; 4G: FDD-LTE :B1:2100\/B2:1900\/B3:1800\/B4:1700\/B5:850\/B7:2600\/B8:900\/B20:800MHZ;TDD-LTE :B40;\" \/>\n\t\t<meta property=\"og:url\" content=\"https:\/\/www.rucashk.com\/pt\/produto\/meizu-16xs-smartphone\/\" \/>\n\t\t<meta property=\"og:image\" content=\"https:\/\/www.rucashk.com\/wp-content\/uploads\/replace\/503b8e645f128a97ccde2b6290747646.jpeg\" \/>\n\t\t<meta property=\"og:image:secure_url\" content=\"https:\/\/www.rucashk.com\/wp-content\/uploads\/replace\/503b8e645f128a97ccde2b6290747646.jpeg\" \/>\n\t\t<meta property=\"og:image:width\" content=\"1456\" \/>\n\t\t<meta property=\"og:image:height\" content=\"816\" \/>\n\t\t<meta property=\"article:published_time\" content=\"2024-01-09T15:33:35+00:00\" \/>\n\t\t<meta property=\"article:modified_time\" content=\"2024-03-11T08:32:27+00:00\" \/>\n\t\t<meta name=\"twitter:card\" content=\"summary_large_image\" \/>\n\t\t<meta name=\"twitter:title\" content=\"MEIZU 16XS Smartphone - Rucas - Wholesale and Distribution\" \/>\n\t\t<meta name=\"twitter:description\" content=\"Main Feature: Model: M926H Global Version, Original EU Charger, With Google play and Support OTA update. CPU: Snapdragon 675 Octa Core ( Adreno 612 GPU ). Screen: 6.2-inch 2232 x 1080P 403PPI. RAM+ROM: 6GB + 64GB. Camera: 48.0MP+5.0MP+8.0MP Triple Rear Cameras (bokeh+Super wide-angel) , 16.0MP Front Camera. Battery: 4000 mAh(Typ), 18W mCharge fast charge. OS: Flyme 7 OS (Based on Android 9). Other: WIFI, Bluetooth, GPS, mTouch Sensor,In-screen Fingerprint ID, Face recognition unlock. Nework: Dual SIM Dual Standby ( Dual Nano Sim ). 2G: GSM: B2:1900\/B3:1800\/B5:850\/B8:900MHZ; 3G: WCDMA :B1:2100\/B2:1900\/B4:1700\/B5:850\/B8:900;CDMA:BC0; 4G: FDD-LTE :B1:2100\/B2:1900\/B3:1800\/B4:1700\/B5:850\/B7:2600\/B8:900\/B20:800MHZ;TDD-LTE :B40;\" \/>\n\t\t<meta name=\"twitter:image\" content=\"https:\/\/www.rucashk.com\/wp-content\/uploads\/replace\/503b8e645f128a97ccde2b6290747646.jpeg\" \/>\n\t\t<script type=\"application\/ld+json\" class=\"aioseo-schema\">\n\t\t\t{\"@context\":\"https:\\\/\\\/schema.org\",\"@graph\":[{\"@type\":\"BreadcrumbList\",\"@id\":\"https:\\\/\\\/www.rucashk.com\\\/pt\\\/produto\\\/meizu-16xs-smartphone\\\/#breadcrumblist\",\"itemListElement\":[{\"@type\":\"ListItem\",\"@id\":\"https:\\\/\\\/www.rucashk.com\\\/pt\\\/#listItem\",\"position\":1,\"name\":\"Home\",\"item\":\"https:\\\/\\\/www.rucashk.com\\\/pt\\\/\",\"nextItem\":\"https:\\\/\\\/www.rucashk.com\\\/pt\\\/produto\\\/meizu-16xs-smartphone\\\/#listItem\"},{\"@type\":\"ListItem\",\"@id\":\"https:\\\/\\\/www.rucashk.com\\\/pt\\\/produto\\\/meizu-16xs-smartphone\\\/#listItem\",\"position\":2,\"name\":\"MEIZU 16XS Smartphone\",\"previousItem\":\"https:\\\/\\\/www.rucashk.com\\\/pt\\\/#listItem\"}]},{\"@type\":\"Organization\",\"@id\":\"https:\\\/\\\/www.rucashk.com\\\/pt\\\/#organization\",\"name\":\"Rucas\",\"url\":\"https:\\\/\\\/www.rucashk.com\\\/pt\\\/\",\"logo\":{\"@type\":\"ImageObject\",\"url\":\"https:\\\/\\\/www.rucashk.com\\\/wp-content\\\/uploads\\\/2023\\\/12\\\/Rucas_campany_logo.png\",\"@id\":\"https:\\\/\\\/www.rucashk.com\\\/pt\\\/produto\\\/meizu-16xs-smartphone\\\/#organizationLogo\",\"width\":221,\"height\":65},\"image\":{\"@id\":\"https:\\\/\\\/www.rucashk.com\\\/pt\\\/#organizationLogo\"}},{\"@type\":\"Person\",\"@id\":\"https:\\\/\\\/www.rucashk.com\\\/pt\\\/author\\\/admin\\\/#author\",\"url\":\"https:\\\/\\\/www.rucashk.com\\\/pt\\\/author\\\/admin\\\/\",\"name\":\"admin\",\"image\":{\"@type\":\"ImageObject\",\"@id\":\"https:\\\/\\\/www.rucashk.com\\\/pt\\\/produto\\\/meizu-16xs-smartphone\\\/#authorImage\",\"url\":\"https:\\\/\\\/secure.gravatar.com\\\/avatar\\\/b7c8925b09a27e72b30232f8ecaadbd5af0f70a38c78096863fe51b64f031c24?s=96&d=mm&r=g\",\"width\":96,\"height\":96,\"caption\":\"admin\"}},{\"@type\":\"WebPage\",\"@id\":\"https:\\\/\\\/www.rucashk.com\\\/pt\\\/produto\\\/meizu-16xs-smartphone\\\/#webpage\",\"url\":\"https:\\\/\\\/www.rucashk.com\\\/pt\\\/produto\\\/meizu-16xs-smartphone\\\/\",\"name\":\"MEIZU 16XS Smartphone - Rucas - Wholesale and Distribution\",\"description\":\"Main Feature: Model: M926H Global Version, Original EU Charger, With Google play and Support OTA update. CPU: Snapdragon 675 Octa Core ( Adreno 612 GPU ). Screen: 6.2-inch 2232 x 1080P 403PPI. RAM+ROM: 6GB + 64GB. Camera: 48.0MP+5.0MP+8.0MP Triple Rear Cameras (bokeh+Super wide-angel) , 16.0MP Front Camera. Battery: 4000 mAh(Typ), 18W mCharge fast charge. OS: Flyme 7 OS (Based on Android 9). Other: WIFI, Bluetooth, GPS, mTouch Sensor,In-screen Fingerprint ID, Face recognition unlock. Nework: Dual SIM Dual Standby ( Dual Nano Sim ). 2G: GSM: B2:1900\\\/B3:1800\\\/B5:850\\\/B8:900MHZ; 3G: WCDMA :B1:2100\\\/B2:1900\\\/B4:1700\\\/B5:850\\\/B8:900;CDMA:BC0; 4G: FDD-LTE :B1:2100\\\/B2:1900\\\/B3:1800\\\/B4:1700\\\/B5:850\\\/B7:2600\\\/B8:900\\\/B20:800MHZ;TDD-LTE :B40;\",\"inLanguage\":\"pt-PT\",\"isPartOf\":{\"@id\":\"https:\\\/\\\/www.rucashk.com\\\/pt\\\/#website\"},\"breadcrumb\":{\"@id\":\"https:\\\/\\\/www.rucashk.com\\\/pt\\\/produto\\\/meizu-16xs-smartphone\\\/#breadcrumblist\"},\"author\":{\"@id\":\"https:\\\/\\\/www.rucashk.com\\\/pt\\\/author\\\/admin\\\/#author\"},\"creator\":{\"@id\":\"https:\\\/\\\/www.rucashk.com\\\/pt\\\/author\\\/admin\\\/#author\"},\"image\":{\"@type\":\"ImageObject\",\"url\":\"https:\\\/\\\/www.rucashk.com\\\/wp-content\\\/uploads\\\/2024\\\/01\\\/Meizu-16XS-Smart-Phone.jpg\",\"@id\":\"https:\\\/\\\/www.rucashk.com\\\/pt\\\/produto\\\/meizu-16xs-smartphone\\\/#mainImage\",\"width\":800,\"height\":800},\"primaryImageOfPage\":{\"@id\":\"https:\\\/\\\/www.rucashk.com\\\/pt\\\/produto\\\/meizu-16xs-smartphone\\\/#mainImage\"},\"datePublished\":\"2024-01-09T15:33:35+00:00\",\"dateModified\":\"2024-03-11T08:32:27+00:00\"},{\"@type\":\"WebSite\",\"@id\":\"https:\\\/\\\/www.rucashk.com\\\/pt\\\/#website\",\"url\":\"https:\\\/\\\/www.rucashk.com\\\/pt\\\/\",\"name\":\"Rucas - Wholesale and distribution worldwide\",\"alternateName\":\"Rucas - One-stop AIoT Distribution Worldwide\",\"description\":\"One-stop AIoT Distribution Worldwide\",\"inLanguage\":\"pt-PT\",\"publisher\":{\"@id\":\"https:\\\/\\\/www.rucashk.com\\\/pt\\\/#organization\"}}]}\n\t\t<\/script>\n\t\t<!-- All in One SEO Pro -->\r\n\t\t<title>MEIZU 16XS Smartphone - Rucas - Wholesale and Distribution<\/title>\n\n","aioseo_head_json":{"title":"MEIZU 16XS Smartphone - Rucas - Wholesale and Distribution","description":"Main Feature: Model: M926H Global Version, Original EU Charger, With Google play and Support OTA update. CPU: Snapdragon 675 Octa Core ( Adreno 612 GPU ). Screen: 6.2-inch 2232 x 1080P 403PPI. RAM+ROM: 6GB + 64GB. Camera: 48.0MP+5.0MP+8.0MP Triple Rear Cameras (bokeh+Super wide-angel) , 16.0MP Front Camera. Battery: 4000 mAh(Typ), 18W mCharge fast charge. OS: Flyme 7 OS (Based on Android 9). Other: WIFI, Bluetooth, GPS, mTouch Sensor,In-screen Fingerprint ID, Face recognition unlock. Nework: Dual SIM Dual Standby ( Dual Nano Sim ). 2G: GSM: B2:1900\/B3:1800\/B5:850\/B8:900MHZ; 3G: WCDMA :B1:2100\/B2:1900\/B4:1700\/B5:850\/B8:900;CDMA:BC0; 4G: FDD-LTE :B1:2100\/B2:1900\/B3:1800\/B4:1700\/B5:850\/B7:2600\/B8:900\/B20:800MHZ;TDD-LTE :B40;","canonical_url":"https:\/\/www.rucashk.com\/pt\/produto\/meizu-16xs-smartphone\/","robots":"max-image-preview:large","keywords":"","webmasterTools":{"miscellaneous":""},"og:locale":"pt_PT","og:site_name":"Rucas - One-stop AIoT Distribution Worldwide","og:type":"article","og:title":"MEIZU 16XS Smartphone - Rucas - Wholesale and Distribution","og:description":"Main Feature: Model: M926H Global Version, Original EU Charger, With Google play and Support OTA update. CPU: Snapdragon 675 Octa Core ( Adreno 612 GPU ). Screen: 6.2-inch 2232 x 1080P 403PPI. RAM+ROM: 6GB + 64GB. Camera: 48.0MP+5.0MP+8.0MP Triple Rear Cameras (bokeh+Super wide-angel) , 16.0MP Front Camera. Battery: 4000 mAh(Typ), 18W mCharge fast charge. OS: Flyme 7 OS (Based on Android 9). Other: WIFI, Bluetooth, GPS, mTouch Sensor,In-screen Fingerprint ID, Face recognition unlock. Nework: Dual SIM Dual Standby ( Dual Nano Sim ). 2G: GSM: B2:1900\/B3:1800\/B5:850\/B8:900MHZ; 3G: WCDMA :B1:2100\/B2:1900\/B4:1700\/B5:850\/B8:900;CDMA:BC0; 4G: FDD-LTE :B1:2100\/B2:1900\/B3:1800\/B4:1700\/B5:850\/B7:2600\/B8:900\/B20:800MHZ;TDD-LTE :B40;","og:url":"https:\/\/www.rucashk.com\/pt\/produto\/meizu-16xs-smartphone\/","og:image":"https:\/\/www.rucashk.com\/wp-content\/uploads\/replace\/503b8e645f128a97ccde2b6290747646.jpeg","og:image:secure_url":"https:\/\/www.rucashk.com\/wp-content\/uploads\/replace\/503b8e645f128a97ccde2b6290747646.jpeg","og:image:width":1456,"og:image:height":816,"article:published_time":"2024-01-09T15:33:35+00:00","article:modified_time":"2024-03-11T08:32:27+00:00","twitter:card":"summary_large_image","twitter:title":"MEIZU 16XS Smartphone - Rucas - Wholesale and Distribution","twitter:description":"Main Feature: Model: M926H Global Version, Original EU Charger, With Google play and Support OTA update. CPU: Snapdragon 675 Octa Core ( Adreno 612 GPU ). Screen: 6.2-inch 2232 x 1080P 403PPI. RAM+ROM: 6GB + 64GB. Camera: 48.0MP+5.0MP+8.0MP Triple Rear Cameras (bokeh+Super wide-angel) , 16.0MP Front Camera. Battery: 4000 mAh(Typ), 18W mCharge fast charge. OS: Flyme 7 OS (Based on Android 9). Other: WIFI, Bluetooth, GPS, mTouch Sensor,In-screen Fingerprint ID, Face recognition unlock. Nework: Dual SIM Dual Standby ( Dual Nano Sim ). 2G: GSM: B2:1900\/B3:1800\/B5:850\/B8:900MHZ; 3G: WCDMA :B1:2100\/B2:1900\/B4:1700\/B5:850\/B8:900;CDMA:BC0; 4G: FDD-LTE :B1:2100\/B2:1900\/B3:1800\/B4:1700\/B5:850\/B7:2600\/B8:900\/B20:800MHZ;TDD-LTE :B40;","twitter:image":"https:\/\/www.rucashk.com\/wp-content\/uploads\/replace\/503b8e645f128a97ccde2b6290747646.jpeg","schema":{"@context":"https:\/\/schema.org","@graph":[{"@type":"BreadcrumbList","@id":"https:\/\/www.rucashk.com\/pt\/produto\/meizu-16xs-smartphone\/#breadcrumblist","itemListElement":[{"@type":"ListItem","@id":"https:\/\/www.rucashk.com\/pt\/#listItem","position":1,"name":"Home","item":"https:\/\/www.rucashk.com\/pt\/","nextItem":"https:\/\/www.rucashk.com\/pt\/produto\/meizu-16xs-smartphone\/#listItem"},{"@type":"ListItem","@id":"https:\/\/www.rucashk.com\/pt\/produto\/meizu-16xs-smartphone\/#listItem","position":2,"name":"MEIZU 16XS Smartphone","previousItem":"https:\/\/www.rucashk.com\/pt\/#listItem"}]},{"@type":"Organization","@id":"https:\/\/www.rucashk.com\/pt\/#organization","name":"Rucas","url":"https:\/\/www.rucashk.com\/pt\/","logo":{"@type":"ImageObject","url":"https:\/\/www.rucashk.com\/wp-content\/uploads\/2023\/12\/Rucas_campany_logo.png","@id":"https:\/\/www.rucashk.com\/pt\/produto\/meizu-16xs-smartphone\/#organizationLogo","width":221,"height":65},"image":{"@id":"https:\/\/www.rucashk.com\/pt\/#organizationLogo"}},{"@type":"Person","@id":"https:\/\/www.rucashk.com\/pt\/author\/admin\/#author","url":"https:\/\/www.rucashk.com\/pt\/author\/admin\/","name":"admin","image":{"@type":"ImageObject","@id":"https:\/\/www.rucashk.com\/pt\/produto\/meizu-16xs-smartphone\/#authorImage","url":"https:\/\/secure.gravatar.com\/avatar\/b7c8925b09a27e72b30232f8ecaadbd5af0f70a38c78096863fe51b64f031c24?s=96&d=mm&r=g","width":96,"height":96,"caption":"admin"}},{"@type":"WebPage","@id":"https:\/\/www.rucashk.com\/pt\/produto\/meizu-16xs-smartphone\/#webpage","url":"https:\/\/www.rucashk.com\/pt\/produto\/meizu-16xs-smartphone\/","name":"MEIZU 16XS Smartphone - Rucas - Wholesale and Distribution","description":"Main Feature: Model: M926H Global Version, Original EU Charger, With Google play and Support OTA update. CPU: Snapdragon 675 Octa Core ( Adreno 612 GPU ). Screen: 6.2-inch 2232 x 1080P 403PPI. RAM+ROM: 6GB + 64GB. Camera: 48.0MP+5.0MP+8.0MP Triple Rear Cameras (bokeh+Super wide-angel) , 16.0MP Front Camera. Battery: 4000 mAh(Typ), 18W mCharge fast charge. OS: Flyme 7 OS (Based on Android 9). Other: WIFI, Bluetooth, GPS, mTouch Sensor,In-screen Fingerprint ID, Face recognition unlock. Nework: Dual SIM Dual Standby ( Dual Nano Sim ). 2G: GSM: B2:1900\/B3:1800\/B5:850\/B8:900MHZ; 3G: WCDMA :B1:2100\/B2:1900\/B4:1700\/B5:850\/B8:900;CDMA:BC0; 4G: FDD-LTE :B1:2100\/B2:1900\/B3:1800\/B4:1700\/B5:850\/B7:2600\/B8:900\/B20:800MHZ;TDD-LTE :B40;","inLanguage":"pt-PT","isPartOf":{"@id":"https:\/\/www.rucashk.com\/pt\/#website"},"breadcrumb":{"@id":"https:\/\/www.rucashk.com\/pt\/produto\/meizu-16xs-smartphone\/#breadcrumblist"},"author":{"@id":"https:\/\/www.rucashk.com\/pt\/author\/admin\/#author"},"creator":{"@id":"https:\/\/www.rucashk.com\/pt\/author\/admin\/#author"},"image":{"@type":"ImageObject","url":"https:\/\/www.rucashk.com\/wp-content\/uploads\/2024\/01\/Meizu-16XS-Smart-Phone.jpg","@id":"https:\/\/www.rucashk.com\/pt\/produto\/meizu-16xs-smartphone\/#mainImage","width":800,"height":800},"primaryImageOfPage":{"@id":"https:\/\/www.rucashk.com\/pt\/produto\/meizu-16xs-smartphone\/#mainImage"},"datePublished":"2024-01-09T15:33:35+00:00","dateModified":"2024-03-11T08:32:27+00:00"},{"@type":"WebSite","@id":"https:\/\/www.rucashk.com\/pt\/#website","url":"https:\/\/www.rucashk.com\/pt\/","name":"Rucas - Wholesale and distribution worldwide","alternateName":"Rucas - One-stop AIoT Distribution Worldwide","description":"One-stop AIoT Distribution Worldwide","inLanguage":"pt-PT","publisher":{"@id":"https:\/\/www.rucashk.com\/pt\/#organization"}}]}},"aioseo_meta_data":{"post_id":"21551","title":null,"description":null,"keywords":null,"keyphrases":null,"primary_term":null,"canonical_url":null,"og_title":null,"og_description":null,"og_object_type":"default","og_image_type":"default","og_image_url":null,"og_image_width":null,"og_image_height":null,"og_image_custom_url":null,"og_image_custom_fields":null,"og_video":null,"og_custom_url":null,"og_article_section":null,"og_article_tags":null,"twitter_use_og":false,"twitter_card":"default","twitter_image_type":"default","twitter_image_url":null,"twitter_image_custom_url":null,"twitter_image_custom_fields":null,"twitter_title":null,"twitter_description":null,"schema":{"blockGraphs":[],"customGraphs":[],"default":{"data":{"Article":[],"Course":[],"Dataset":[],"FAQPage":[],"Movie":[],"Person":[],"Product":[],"Recipe":[],"Service":[],"SoftwareApplication":[],"WebPage":[]},"graphName":"","isEnabled":true},"graphs":[]},"schema_type":"default","schema_type_options":null,"pillar_content":false,"robots_default":true,"robots_noindex":false,"robots_noarchive":false,"robots_nosnippet":false,"robots_nofollow":false,"robots_noimageindex":false,"robots_noodp":false,"robots_notranslate":false,"robots_max_snippet":null,"robots_max_videopreview":null,"robots_max_imagepreview":"large","priority":null,"frequency":null,"local_seo":null,"breadcrumb_settings":null,"limit_modified_date":false,"created":"2024-04-11 01:55:19","updated":"2025-06-22 16:25:58"},"aioseo_breadcrumb":"<div class=\"aioseo-breadcrumbs\"><span class=\"aioseo-breadcrumb\">\n\t<a href=\"https:\/\/www.rucashk.com\/pt\" title=\"Home\">Home<\/a>\n<\/span><span class=\"aioseo-breadcrumb-separator\">&raquo;<\/span><span class=\"aioseo-breadcrumb\">\n\t<a href=\"https:\/\/www.rucashk.com\/pt\/products\/\" title=\"Produtos\">Produtos<\/a>\n<\/span><span class=\"aioseo-breadcrumb-separator\">&raquo;<\/span><span class=\"aioseo-breadcrumb\">\n\t<a href=\"https:\/\/www.rucashk.com\/pt\/categoria-produto\/mobile-phone\/\" title=\"Mobile Phone\">Mobile Phone<\/a>\n<\/span><span class=\"aioseo-breadcrumb-separator\">&raquo;<\/span><span class=\"aioseo-breadcrumb\">\n\tMEIZU 16XS Smartphone\n<\/span><\/div>","aioseo_breadcrumb_json":[{"label":"Home","link":"https:\/\/www.rucashk.com\/pt"},{"label":"Produtos","link":"https:\/\/www.rucashk.com\/pt\/products\/"},{"label":"Mobile Phone","link":"https:\/\/www.rucashk.com\/pt\/categoria-produto\/mobile-phone\/"},{"label":"MEIZU 16XS Smartphone","link":"https:\/\/www.rucashk.com\/pt\/produto\/meizu-16xs-smartphone\/"}],"_links":{"self":[{"href":"https:\/\/www.rucashk.com\/pt\/wp-json\/wp\/v2\/product\/21551","targetHints":{"allow":["GET"]}}],"collection":[{"href":"https:\/\/www.rucashk.com\/pt\/wp-json\/wp\/v2\/product"}],"about":[{"href":"https:\/\/www.rucashk.com\/pt\/wp-json\/wp\/v2\/types\/product"}],"wp:featuredmedia":[{"embeddable":true,"href":"https:\/\/www.rucashk.com\/pt\/wp-json\/wp\/v2\/media\/21651"}],"wp:attachment":[{"href":"https:\/\/www.rucashk.com\/pt\/wp-json\/wp\/v2\/media?parent=21551"}],"wp:term":[{"taxonomy":"product_brand","embeddable":true,"href":"https:\/\/www.rucashk.com\/pt\/wp-json\/wp\/v2\/product_brand?post=21551"},{"taxonomy":"product_cat","embeddable":true,"href":"https:\/\/www.rucashk.com\/pt\/wp-json\/wp\/v2\/product_cat?post=21551"},{"taxonomy":"product_tag","embeddable":true,"href":"https:\/\/www.rucashk.com\/pt\/wp-json\/wp\/v2\/product_tag?post=21551"}],"curies":[{"name":"wp","href":"https:\/\/api.w.org\/{rel}","templated":true}]}}