{"id":21545,"date":"2024-01-09T15:33:34","date_gmt":"2024-01-09T15:33:34","guid":{"rendered":"http:\/\/rucashk.com\/?post_type=product&#038;p=21545"},"modified":"2024-03-13T13:06:00","modified_gmt":"2024-03-13T13:06:00","slug":"xiaomi-xiaoda-sterilizing-lamp","status":"publish","type":"product","link":"https:\/\/www.rucashk.com\/pt\/produto\/xiaomi-xiaoda-sterilizing-lamp\/","title":{"rendered":"L\u00e2mpada de esteriliza\u00e7\u00e3o Xiaomi Xiaoda"},"content":{"rendered":"<p><img decoding=\"async\" class=\"aligncenter\" src=\"\/wp-content\/uploads\/replace\/8e0a20b11c8f0b1a29721397320f48cf.jpeg\" alt=\"1 (9)\" \/><img decoding=\"async\" class=\"aligncenter\" src=\"\/wp-content\/uploads\/replace\/f62889d7d2ec486e01a6539709ef0aa9.jpeg\" alt=\"1 (11)\" \/><img decoding=\"async\" class=\"aligncenter\" src=\"\/wp-content\/uploads\/replace\/7bde8e9ee4f4dc503d9361d78b7db3ba.jpeg\" alt=\"1 (15)\" \/><img decoding=\"async\" class=\"aligncenter\" src=\"\/wp-content\/uploads\/replace\/deb6f26cd658b04a95a041e00babd87f.jpeg\" alt=\"1 (13)\" \/><img decoding=\"async\" class=\"aligncenter\" src=\"\/wp-content\/uploads\/replace\/7d762dedb6ad7486fbb981a71db5eace.jpeg\" alt=\"1 (14)\" \/><img decoding=\"async\" class=\"aligncenter\" src=\"\/wp-content\/uploads\/replace\/80254c20248392bb3521f938826084e6.jpeg\" alt=\"1 (16)\" \/><img decoding=\"async\" class=\"aligncenter\" src=\"\/wp-content\/uploads\/replace\/d9b16a8ee51d372f074948612c12c63e.jpeg\" alt=\"1 (17)\" \/><img decoding=\"async\" class=\"aligncenter\" src=\"\/wp-content\/uploads\/replace\/6366d0eb95312a451b78e79b8c3a7ac0.jpeg\" alt=\"1 (18)\" \/><img decoding=\"async\" class=\"aligncenter\" src=\"\/wp-content\/uploads\/replace\/3492fc423fe261e5d82271770f65148a.jpeg\" alt=\"1 (12)\" \/><img decoding=\"async\" class=\"aligncenter\" src=\"\/wp-content\/uploads\/replace\/c0512920b297ff0e13433f64552f0793.jpeg\" alt=\"1 (10)\" \/><img decoding=\"async\" class=\"aligncenter\" src=\"\/wp-content\/uploads\/replace\/781c949e225425e9e3ada46b694fd336.jpeg\" alt=\"1 (22)\" \/><img decoding=\"async\" class=\"aligncenter\" src=\"\/wp-content\/uploads\/replace\/90de77309a4eae0f1b9f05b096d07019.jpeg\" alt=\"1 (20)\" \/><img decoding=\"async\" class=\"aligncenter\" src=\"\/wp-content\/uploads\/replace\/f13f13e45ef4cf6a4106e2e68729b661.jpeg\" alt=\"1 (21)\" \/><img decoding=\"async\" class=\"aligncenter\" src=\"\/wp-content\/uploads\/replace\/657feccdc3eea99c94a1042b38538a69.jpeg\" alt=\"1 (23)\" \/><img decoding=\"async\" class=\"aligncenter\" src=\"\/wp-content\/uploads\/replace\/974d4bd2d49367fe52aea678b641a64d.jpeg\" alt=\"1 (24)\" \/><img decoding=\"async\" class=\"aligncenter\" src=\"\/wp-content\/uploads\/replace\/cc03a735fc6dc446ad60da5edc489ed2.jpeg\" alt=\"1 (25)\" \/><img decoding=\"async\" class=\"aligncenter\" src=\"\/wp-content\/uploads\/replace\/eb51d7a0b789e1da0e4c1a5d32cef5ad.jpeg\" alt=\"1 (26)\" \/><\/p>\n<p style=\"text-align: left\">Caracter\u00edsticas:<\/p>\n<p style=\"text-align: left\">Tipo: l\u00e2mpada de desinfec\u00e7\u00e3o germicida UV emissora<\/p>\n<p style=\"text-align: left\">cor: Violeta azulado<\/p>\n<p style=\"text-align: left\">Tens\u00e3o: 3,7V<\/p>\n<p style=\"text-align: left\">Pot\u00eancia: 2,5W<\/p>\n<p style=\"text-align: left\">Bateria: 700mAh \/ Carregamento Micro USB<\/p>\n<p>&nbsp;<\/p>\n<p style=\"text-align: left\">Pontas:<\/p>\n<p style=\"text-align: left\">A l\u00e2mpada de desinfec\u00e7\u00e3o no uso de pessoas n\u00e3o pode estar presente, n\u00e3o pode olhar diretamente para a fonte de luz. Este tipo de l\u00e2mpada de desinfec\u00e7\u00e3o ficar\u00e1 acesa por 30 segundos ap\u00f3s ser ligada e depois desligada por 30 minutos.<\/p>\n<p>&nbsp;<\/p>\n<p style=\"text-align: left\">M\u00e9todo de uso<\/p>\n<p style=\"text-align: left\">1. Pressione longamente o bot\u00e3o por 3 segundos e a luz indicadora pisca em azul. Lembr\u00e1-lo de que a m\u00e1quina est\u00e1 aberta. A l\u00e2mpada acender\u00e1 automaticamente ap\u00f3s<\/p>\n<p style=\"text-align: left\">2,30 segundos. Voc\u00ea precisa sair da m\u00e1quina nesse per\u00edodo para evitar ilumina\u00e7\u00e3o direta.<\/p>\n<p style=\"text-align: left\">3. O produto desligar\u00e1 automaticamente ap\u00f3s 30 minutos de um ciclo de trabalho.<\/p>\n<p style=\"text-align: left\">","protected":false},"excerpt":{"rendered":"<p>Principais caracter\u00edsticas:<\/p>\n<p>\u25cf It is small and portable, the size of a can of coke, and can be carried around in a pocket.<\/p>\n<p>\u25cf The active area is about 2 cubic meters.<\/p>\n<p>\u25cf 700mAh lithium battery power, USB charging, conventional microl JSB socket<\/p>\n<p>\u25cf Charge once, can use 1-2 times, reduce the trouble of frequent charge<\/p>\n<p>\u25cf Uv UVC+ ozone ion, two disinfection methods, 30 minutes efficient sterilization Package Contents 1 x Sterilization Lamp, 1 x Power Cord<\/p>","protected":false},"featured_media":21623,"template":"","meta":[],"product_brand":[],"product_cat":[1318,1305],"product_tag":[495,496],"class_list":{"0":"post-21545","1":"product","2":"type-product","3":"status-publish","4":"has-post-thumbnail","6":"product_cat-gadgets","7":"product_cat-xiaomi-eco","8":"product_tag-sterilizing-lamp","9":"product_tag-xiaoda","11":"first","12":"instock","13":"shipping-taxable","14":"product-type-external"},"aioseo_notices":[],"aioseo_head":"\n\t\t<!-- All in One SEO Pro 4.5.9.2 - aioseo.com -->\n\t\t<meta name=\"description\" content=\"Main Features: \u25cf It is small and portable, the size of a can of coke, and can be carried around in a pocket. \u25cf The active area is about 2 cubic meters. \u25cf 700mAh lithium battery power, USB charging, conventional microl JSB socket \u25cf Charge once, can use 1-2 times, reduce the trouble of frequent charge \u25cf Uv UVC+ ozone ion, two disinfection methods, 30 minutes efficient sterilization Package Contents 1 x Sterilization Lamp, 1 x Power Cord\" \/>\n\t\t<meta name=\"robots\" content=\"max-image-preview:large\" \/>\n\t\t<link rel=\"canonical\" href=\"https:\/\/www.rucashk.com\/pt\/produto\/xiaomi-xiaoda-sterilizing-lamp\/\" \/>\n\t\t<meta name=\"generator\" content=\"All in One SEO Pro (AIOSEO) 4.5.9.2\" \/>\n\t\t<meta property=\"og:locale\" content=\"pt_PT\" \/>\n\t\t<meta property=\"og:site_name\" content=\"Rucas - One-stop AIoT Distribution Worldwide\" \/>\n\t\t<meta property=\"og:type\" content=\"article\" \/>\n\t\t<meta property=\"og:title\" content=\"Xiaomi Xiaoda Sterilizing Lamp - Rucas - Wholesale and Distribution\" \/>\n\t\t<meta property=\"og:description\" content=\"Main Features: \u25cf It is small and portable, the size of a can of coke, and can be carried around in a pocket. \u25cf The active area is about 2 cubic meters. \u25cf 700mAh lithium battery power, USB charging, conventional microl JSB socket \u25cf Charge once, can use 1-2 times, reduce the trouble of frequent charge \u25cf Uv UVC+ ozone ion, two disinfection methods, 30 minutes efficient sterilization Package Contents 1 x Sterilization Lamp, 1 x Power Cord\" \/>\n\t\t<meta property=\"og:url\" content=\"https:\/\/www.rucashk.com\/pt\/produto\/xiaomi-xiaoda-sterilizing-lamp\/\" \/>\n\t\t<meta property=\"og:image\" content=\"https:\/\/www.rucashk.com\/wp-content\/uploads\/replace\/503b8e645f128a97ccde2b6290747646.jpeg\" \/>\n\t\t<meta property=\"og:image:secure_url\" content=\"https:\/\/www.rucashk.com\/wp-content\/uploads\/replace\/503b8e645f128a97ccde2b6290747646.jpeg\" \/>\n\t\t<meta property=\"og:image:width\" content=\"1456\" \/>\n\t\t<meta property=\"og:image:height\" content=\"816\" \/>\n\t\t<meta property=\"article:published_time\" content=\"2024-01-09T15:33:34+00:00\" \/>\n\t\t<meta property=\"article:modified_time\" content=\"2024-03-13T13:06:00+00:00\" \/>\n\t\t<meta name=\"twitter:card\" content=\"summary_large_image\" \/>\n\t\t<meta name=\"twitter:title\" content=\"Xiaomi Xiaoda Sterilizing Lamp - Rucas - Wholesale and Distribution\" \/>\n\t\t<meta name=\"twitter:description\" content=\"Main Features: \u25cf It is small and portable, the size of a can of coke, and can be carried around in a pocket. \u25cf The active area is about 2 cubic meters. \u25cf 700mAh lithium battery power, USB charging, conventional microl JSB socket \u25cf Charge once, can use 1-2 times, reduce the trouble of frequent charge \u25cf Uv UVC+ ozone ion, two disinfection methods, 30 minutes efficient sterilization Package Contents 1 x Sterilization Lamp, 1 x Power Cord\" \/>\n\t\t<meta name=\"twitter:image\" content=\"https:\/\/www.rucashk.com\/wp-content\/uploads\/replace\/503b8e645f128a97ccde2b6290747646.jpeg\" \/>\n\t\t<script type=\"application\/ld+json\" class=\"aioseo-schema\">\n\t\t\t{\"@context\":\"https:\\\/\\\/schema.org\",\"@graph\":[{\"@type\":\"BreadcrumbList\",\"@id\":\"https:\\\/\\\/www.rucashk.com\\\/pt\\\/produto\\\/xiaomi-xiaoda-sterilizing-lamp\\\/#breadcrumblist\",\"itemListElement\":[{\"@type\":\"ListItem\",\"@id\":\"https:\\\/\\\/www.rucashk.com\\\/pt\\\/#listItem\",\"position\":1,\"name\":\"Home\",\"item\":\"https:\\\/\\\/www.rucashk.com\\\/pt\\\/\",\"nextItem\":\"https:\\\/\\\/www.rucashk.com\\\/pt\\\/produto\\\/xiaomi-xiaoda-sterilizing-lamp\\\/#listItem\"},{\"@type\":\"ListItem\",\"@id\":\"https:\\\/\\\/www.rucashk.com\\\/pt\\\/produto\\\/xiaomi-xiaoda-sterilizing-lamp\\\/#listItem\",\"position\":2,\"name\":\"Xiaomi Xiaoda Sterilizing Lamp\",\"previousItem\":\"https:\\\/\\\/www.rucashk.com\\\/pt\\\/#listItem\"}]},{\"@type\":\"Organization\",\"@id\":\"https:\\\/\\\/www.rucashk.com\\\/pt\\\/#organization\",\"name\":\"Rucas\",\"url\":\"https:\\\/\\\/www.rucashk.com\\\/pt\\\/\",\"logo\":{\"@type\":\"ImageObject\",\"url\":\"https:\\\/\\\/www.rucashk.com\\\/wp-content\\\/uploads\\\/2023\\\/12\\\/Rucas_campany_logo.png\",\"@id\":\"https:\\\/\\\/www.rucashk.com\\\/pt\\\/produto\\\/xiaomi-xiaoda-sterilizing-lamp\\\/#organizationLogo\",\"width\":221,\"height\":65},\"image\":{\"@id\":\"https:\\\/\\\/www.rucashk.com\\\/pt\\\/#organizationLogo\"}},{\"@type\":\"Person\",\"@id\":\"https:\\\/\\\/www.rucashk.com\\\/pt\\\/author\\\/admin\\\/#author\",\"url\":\"https:\\\/\\\/www.rucashk.com\\\/pt\\\/author\\\/admin\\\/\",\"name\":\"admin\",\"image\":{\"@type\":\"ImageObject\",\"@id\":\"https:\\\/\\\/www.rucashk.com\\\/pt\\\/produto\\\/xiaomi-xiaoda-sterilizing-lamp\\\/#authorImage\",\"url\":\"https:\\\/\\\/secure.gravatar.com\\\/avatar\\\/b7c8925b09a27e72b30232f8ecaadbd5af0f70a38c78096863fe51b64f031c24?s=96&d=mm&r=g\",\"width\":96,\"height\":96,\"caption\":\"admin\"}},{\"@type\":\"WebPage\",\"@id\":\"https:\\\/\\\/www.rucashk.com\\\/pt\\\/produto\\\/xiaomi-xiaoda-sterilizing-lamp\\\/#webpage\",\"url\":\"https:\\\/\\\/www.rucashk.com\\\/pt\\\/produto\\\/xiaomi-xiaoda-sterilizing-lamp\\\/\",\"name\":\"Xiaomi Xiaoda Sterilizing Lamp - Rucas - Wholesale and Distribution\",\"description\":\"Main Features: \\u25cf It is small and portable, the size of a can of coke, and can be carried around in a pocket. \\u25cf The active area is about 2 cubic meters. \\u25cf 700mAh lithium battery power, USB charging, conventional microl JSB socket \\u25cf Charge once, can use 1-2 times, reduce the trouble of frequent charge \\u25cf Uv UVC+ ozone ion, two disinfection methods, 30 minutes efficient sterilization Package Contents 1 x Sterilization Lamp, 1 x Power Cord\",\"inLanguage\":\"pt-PT\",\"isPartOf\":{\"@id\":\"https:\\\/\\\/www.rucashk.com\\\/pt\\\/#website\"},\"breadcrumb\":{\"@id\":\"https:\\\/\\\/www.rucashk.com\\\/pt\\\/produto\\\/xiaomi-xiaoda-sterilizing-lamp\\\/#breadcrumblist\"},\"author\":{\"@id\":\"https:\\\/\\\/www.rucashk.com\\\/pt\\\/author\\\/admin\\\/#author\"},\"creator\":{\"@id\":\"https:\\\/\\\/www.rucashk.com\\\/pt\\\/author\\\/admin\\\/#author\"},\"image\":{\"@type\":\"ImageObject\",\"url\":\"https:\\\/\\\/www.rucashk.com\\\/wp-content\\\/uploads\\\/2024\\\/01\\\/Xiaomi-Mijia-sterilization-lamp-UV-disinfection-lamp-Ultraviolet-and-ozone-disinfection-High-efficiency-sterilization-machine-1.jpg_640x640-1.jpg\",\"@id\":\"https:\\\/\\\/www.rucashk.com\\\/pt\\\/produto\\\/xiaomi-xiaoda-sterilizing-lamp\\\/#mainImage\",\"width\":800,\"height\":800},\"primaryImageOfPage\":{\"@id\":\"https:\\\/\\\/www.rucashk.com\\\/pt\\\/produto\\\/xiaomi-xiaoda-sterilizing-lamp\\\/#mainImage\"},\"datePublished\":\"2024-01-09T15:33:34+00:00\",\"dateModified\":\"2024-03-13T13:06:00+00:00\"},{\"@type\":\"WebSite\",\"@id\":\"https:\\\/\\\/www.rucashk.com\\\/pt\\\/#website\",\"url\":\"https:\\\/\\\/www.rucashk.com\\\/pt\\\/\",\"name\":\"Rucas - Wholesale and distribution worldwide\",\"alternateName\":\"Rucas - One-stop AIoT Distribution Worldwide\",\"description\":\"One-stop AIoT Distribution Worldwide\",\"inLanguage\":\"pt-PT\",\"publisher\":{\"@id\":\"https:\\\/\\\/www.rucashk.com\\\/pt\\\/#organization\"}}]}\n\t\t<\/script>\n\t\t<!-- All in One SEO Pro -->\r\n\t\t<title>Xiaomi Xiaoda Sterilizing Lamp - Rucas - Wholesale and Distribution<\/title>\n\n","aioseo_head_json":{"title":"Xiaomi Xiaoda Sterilizing Lamp - Rucas - Wholesale and Distribution","description":"Main Features: \u25cf It is small and portable, the size of a can of coke, and can be carried around in a pocket. \u25cf The active area is about 2 cubic meters. \u25cf 700mAh lithium battery power, USB charging, conventional microl JSB socket \u25cf Charge once, can use 1-2 times, reduce the trouble of frequent charge \u25cf Uv UVC+ ozone ion, two disinfection methods, 30 minutes efficient sterilization Package Contents 1 x Sterilization Lamp, 1 x Power Cord","canonical_url":"https:\/\/www.rucashk.com\/pt\/produto\/xiaomi-xiaoda-sterilizing-lamp\/","robots":"max-image-preview:large","keywords":"","webmasterTools":{"miscellaneous":""},"og:locale":"pt_PT","og:site_name":"Rucas - One-stop AIoT Distribution Worldwide","og:type":"article","og:title":"Xiaomi Xiaoda Sterilizing Lamp - Rucas - Wholesale and Distribution","og:description":"Main Features: \u25cf It is small and portable, the size of a can of coke, and can be carried around in a pocket. \u25cf The active area is about 2 cubic meters. \u25cf 700mAh lithium battery power, USB charging, conventional microl JSB socket \u25cf Charge once, can use 1-2 times, reduce the trouble of frequent charge \u25cf Uv UVC+ ozone ion, two disinfection methods, 30 minutes efficient sterilization Package Contents 1 x Sterilization Lamp, 1 x Power Cord","og:url":"https:\/\/www.rucashk.com\/pt\/produto\/xiaomi-xiaoda-sterilizing-lamp\/","og:image":"https:\/\/www.rucashk.com\/wp-content\/uploads\/replace\/503b8e645f128a97ccde2b6290747646.jpeg","og:image:secure_url":"https:\/\/www.rucashk.com\/wp-content\/uploads\/replace\/503b8e645f128a97ccde2b6290747646.jpeg","og:image:width":1456,"og:image:height":816,"article:published_time":"2024-01-09T15:33:34+00:00","article:modified_time":"2024-03-13T13:06:00+00:00","twitter:card":"summary_large_image","twitter:title":"Xiaomi Xiaoda Sterilizing Lamp - Rucas - Wholesale and Distribution","twitter:description":"Main Features: \u25cf It is small and portable, the size of a can of coke, and can be carried around in a pocket. \u25cf The active area is about 2 cubic meters. \u25cf 700mAh lithium battery power, USB charging, conventional microl JSB socket \u25cf Charge once, can use 1-2 times, reduce the trouble of frequent charge \u25cf Uv UVC+ ozone ion, two disinfection methods, 30 minutes efficient sterilization Package Contents 1 x Sterilization Lamp, 1 x Power Cord","twitter:image":"https:\/\/www.rucashk.com\/wp-content\/uploads\/replace\/503b8e645f128a97ccde2b6290747646.jpeg","schema":{"@context":"https:\/\/schema.org","@graph":[{"@type":"BreadcrumbList","@id":"https:\/\/www.rucashk.com\/pt\/produto\/xiaomi-xiaoda-sterilizing-lamp\/#breadcrumblist","itemListElement":[{"@type":"ListItem","@id":"https:\/\/www.rucashk.com\/pt\/#listItem","position":1,"name":"Home","item":"https:\/\/www.rucashk.com\/pt\/","nextItem":"https:\/\/www.rucashk.com\/pt\/produto\/xiaomi-xiaoda-sterilizing-lamp\/#listItem"},{"@type":"ListItem","@id":"https:\/\/www.rucashk.com\/pt\/produto\/xiaomi-xiaoda-sterilizing-lamp\/#listItem","position":2,"name":"Xiaomi Xiaoda Sterilizing Lamp","previousItem":"https:\/\/www.rucashk.com\/pt\/#listItem"}]},{"@type":"Organization","@id":"https:\/\/www.rucashk.com\/pt\/#organization","name":"Rucas","url":"https:\/\/www.rucashk.com\/pt\/","logo":{"@type":"ImageObject","url":"https:\/\/www.rucashk.com\/wp-content\/uploads\/2023\/12\/Rucas_campany_logo.png","@id":"https:\/\/www.rucashk.com\/pt\/produto\/xiaomi-xiaoda-sterilizing-lamp\/#organizationLogo","width":221,"height":65},"image":{"@id":"https:\/\/www.rucashk.com\/pt\/#organizationLogo"}},{"@type":"Person","@id":"https:\/\/www.rucashk.com\/pt\/author\/admin\/#author","url":"https:\/\/www.rucashk.com\/pt\/author\/admin\/","name":"admin","image":{"@type":"ImageObject","@id":"https:\/\/www.rucashk.com\/pt\/produto\/xiaomi-xiaoda-sterilizing-lamp\/#authorImage","url":"https:\/\/secure.gravatar.com\/avatar\/b7c8925b09a27e72b30232f8ecaadbd5af0f70a38c78096863fe51b64f031c24?s=96&d=mm&r=g","width":96,"height":96,"caption":"admin"}},{"@type":"WebPage","@id":"https:\/\/www.rucashk.com\/pt\/produto\/xiaomi-xiaoda-sterilizing-lamp\/#webpage","url":"https:\/\/www.rucashk.com\/pt\/produto\/xiaomi-xiaoda-sterilizing-lamp\/","name":"Xiaomi Xiaoda Sterilizing Lamp - Rucas - Wholesale and Distribution","description":"Main Features: \u25cf It is small and portable, the size of a can of coke, and can be carried around in a pocket. \u25cf The active area is about 2 cubic meters. \u25cf 700mAh lithium battery power, USB charging, conventional microl JSB socket \u25cf Charge once, can use 1-2 times, reduce the trouble of frequent charge \u25cf Uv UVC+ ozone ion, two disinfection methods, 30 minutes efficient sterilization Package Contents 1 x Sterilization Lamp, 1 x Power Cord","inLanguage":"pt-PT","isPartOf":{"@id":"https:\/\/www.rucashk.com\/pt\/#website"},"breadcrumb":{"@id":"https:\/\/www.rucashk.com\/pt\/produto\/xiaomi-xiaoda-sterilizing-lamp\/#breadcrumblist"},"author":{"@id":"https:\/\/www.rucashk.com\/pt\/author\/admin\/#author"},"creator":{"@id":"https:\/\/www.rucashk.com\/pt\/author\/admin\/#author"},"image":{"@type":"ImageObject","url":"https:\/\/www.rucashk.com\/wp-content\/uploads\/2024\/01\/Xiaomi-Mijia-sterilization-lamp-UV-disinfection-lamp-Ultraviolet-and-ozone-disinfection-High-efficiency-sterilization-machine-1.jpg_640x640-1.jpg","@id":"https:\/\/www.rucashk.com\/pt\/produto\/xiaomi-xiaoda-sterilizing-lamp\/#mainImage","width":800,"height":800},"primaryImageOfPage":{"@id":"https:\/\/www.rucashk.com\/pt\/produto\/xiaomi-xiaoda-sterilizing-lamp\/#mainImage"},"datePublished":"2024-01-09T15:33:34+00:00","dateModified":"2024-03-13T13:06:00+00:00"},{"@type":"WebSite","@id":"https:\/\/www.rucashk.com\/pt\/#website","url":"https:\/\/www.rucashk.com\/pt\/","name":"Rucas - Wholesale and distribution worldwide","alternateName":"Rucas - One-stop AIoT Distribution Worldwide","description":"One-stop AIoT Distribution Worldwide","inLanguage":"pt-PT","publisher":{"@id":"https:\/\/www.rucashk.com\/pt\/#organization"}}]}},"aioseo_meta_data":{"post_id":"21545","title":null,"description":null,"keywords":null,"keyphrases":null,"primary_term":null,"canonical_url":null,"og_title":null,"og_description":null,"og_object_type":"default","og_image_type":"default","og_image_url":null,"og_image_width":null,"og_image_height":null,"og_image_custom_url":null,"og_image_custom_fields":null,"og_video":null,"og_custom_url":null,"og_article_section":null,"og_article_tags":null,"twitter_use_og":false,"twitter_card":"default","twitter_image_type":"default","twitter_image_url":null,"twitter_image_custom_url":null,"twitter_image_custom_fields":null,"twitter_title":null,"twitter_description":null,"schema":{"blockGraphs":[],"customGraphs":[],"default":{"data":{"Article":[],"Course":[],"Dataset":[],"FAQPage":[],"Movie":[],"Person":[],"Product":[],"Recipe":[],"Service":[],"SoftwareApplication":[],"WebPage":[]},"graphName":"","isEnabled":true},"graphs":[]},"schema_type":"default","schema_type_options":null,"pillar_content":false,"robots_default":true,"robots_noindex":false,"robots_noarchive":false,"robots_nosnippet":false,"robots_nofollow":false,"robots_noimageindex":false,"robots_noodp":false,"robots_notranslate":false,"robots_max_snippet":null,"robots_max_videopreview":null,"robots_max_imagepreview":"large","priority":null,"frequency":null,"local_seo":null,"breadcrumb_settings":null,"limit_modified_date":false,"created":"2024-04-11 01:55:18","updated":"2025-06-22 16:24:58"},"aioseo_breadcrumb":"<div class=\"aioseo-breadcrumbs\"><span class=\"aioseo-breadcrumb\">\n\t<a href=\"https:\/\/www.rucashk.com\/pt\" title=\"Home\">Home<\/a>\n<\/span><span class=\"aioseo-breadcrumb-separator\">&raquo;<\/span><span class=\"aioseo-breadcrumb\">\n\t<a href=\"https:\/\/www.rucashk.com\/pt\/products\/\" title=\"Produtos\">Produtos<\/a>\n<\/span><span class=\"aioseo-breadcrumb-separator\">&raquo;<\/span><span class=\"aioseo-breadcrumb\">\n\t<a href=\"https:\/\/www.rucashk.com\/pt\/categoria-produto\/xiaomi-eco\/\" title=\"Xiaomi Eco\">Xiaomi Eco<\/a>\n<\/span><span class=\"aioseo-breadcrumb-separator\">&raquo;<\/span><span class=\"aioseo-breadcrumb\">\n\t<a href=\"https:\/\/www.rucashk.com\/pt\/categoria-produto\/xiaomi-eco\/gadgets\/\" title=\"Gadgets\">Gadgets<\/a>\n<\/span><span class=\"aioseo-breadcrumb-separator\">&raquo;<\/span><span class=\"aioseo-breadcrumb\">\n\tXiaomi Xiaoda Sterilizing Lamp\n<\/span><\/div>","aioseo_breadcrumb_json":[{"label":"Home","link":"https:\/\/www.rucashk.com\/pt"},{"label":"Produtos","link":"https:\/\/www.rucashk.com\/pt\/products\/"},{"label":"Xiaomi Eco","link":"https:\/\/www.rucashk.com\/pt\/categoria-produto\/xiaomi-eco\/"},{"label":"Gadgets","link":"https:\/\/www.rucashk.com\/pt\/categoria-produto\/xiaomi-eco\/gadgets\/"},{"label":"Xiaomi Xiaoda Sterilizing Lamp","link":"https:\/\/www.rucashk.com\/pt\/produto\/xiaomi-xiaoda-sterilizing-lamp\/"}],"_links":{"self":[{"href":"https:\/\/www.rucashk.com\/pt\/wp-json\/wp\/v2\/product\/21545","targetHints":{"allow":["GET"]}}],"collection":[{"href":"https:\/\/www.rucashk.com\/pt\/wp-json\/wp\/v2\/product"}],"about":[{"href":"https:\/\/www.rucashk.com\/pt\/wp-json\/wp\/v2\/types\/product"}],"wp:featuredmedia":[{"embeddable":true,"href":"https:\/\/www.rucashk.com\/pt\/wp-json\/wp\/v2\/media\/21623"}],"wp:attachment":[{"href":"https:\/\/www.rucashk.com\/pt\/wp-json\/wp\/v2\/media?parent=21545"}],"wp:term":[{"taxonomy":"product_brand","embeddable":true,"href":"https:\/\/www.rucashk.com\/pt\/wp-json\/wp\/v2\/product_brand?post=21545"},{"taxonomy":"product_cat","embeddable":true,"href":"https:\/\/www.rucashk.com\/pt\/wp-json\/wp\/v2\/product_cat?post=21545"},{"taxonomy":"product_tag","embeddable":true,"href":"https:\/\/www.rucashk.com\/pt\/wp-json\/wp\/v2\/product_tag?post=21545"}],"curies":[{"name":"wp","href":"https:\/\/api.w.org\/{rel}","templated":true}]}}