{"id":21509,"date":"2024-01-09T15:33:13","date_gmt":"2024-01-09T15:33:13","guid":{"rendered":"http:\/\/rucashk.com\/?post_type=product&#038;p=21509"},"modified":"2024-01-17T03:59:20","modified_gmt":"2024-01-17T03:59:20","slug":"smartmi-kn95-mask-wholesale","status":"publish","type":"product","link":"https:\/\/www.rucashk.com\/pt\/produto\/smartmi-kn95-mask-wholesale\/","title":{"rendered":"M\u00e1scara Smartmi KN95 atacado"},"content":{"rendered":"<div>\n<div style=\"text-align: left\" align=\"center\" data-spm-anchor-id=\"a2g0o.detail.1000023.i0.273b58d5N8r1B9\"><\/div>\n<div align=\"center\" data-spm-anchor-id=\"a2g0o.detail.1000023.i0.273b58d5N8r1B9\"><img decoding=\"async\" class=\"detail-desc-decorate-image aligncenter\" src=\"https:\/\/www.rucashk.com\/wp-content\/uploads\/2020\/04\/H0bd9eb43208f4dd5b50b4101bf768746b.jpg\" \/><img decoding=\"async\" class=\"detail-desc-decorate-image aligncenter\" src=\"https:\/\/www.rucashk.com\/wp-content\/uploads\/2020\/04\/Hf6dae16645e64652b2d9ed5134872a0fz.jpg\" \/><img decoding=\"async\" class=\"detail-desc-decorate-image aligncenter\" src=\"https:\/\/www.rucashk.com\/wp-content\/uploads\/2020\/04\/H3e399119d6a9476e995a8e3af5464c95v.jpg\" \/><img decoding=\"async\" class=\"detail-desc-decorate-image aligncenter\" src=\"https:\/\/www.rucashk.com\/wp-content\/uploads\/2020\/04\/H1c37ea578871480ca5e8dd6c8ef215f18.jpg\" \/><img decoding=\"async\" class=\"detail-desc-decorate-image aligncenter\" src=\"https:\/\/www.rucashk.com\/wp-content\/uploads\/2020\/04\/Hb091b6f51a2a47ba8f9c67ede4cd8950Y.jpg\" \/><img decoding=\"async\" class=\"detail-desc-decorate-image aligncenter\" src=\"https:\/\/www.rucashk.com\/wp-content\/uploads\/2020\/04\/H6cebf8c90087440f9cd60e26d3a0fbfen.jpg\" \/><img decoding=\"async\" class=\"detail-desc-decorate-image aligncenter\" src=\"https:\/\/www.rucashk.com\/wp-content\/uploads\/2020\/04\/H04754e6b8fc945c99911c5034a7bf53dZ.jpg\" \/><img decoding=\"async\" class=\"detail-desc-decorate-image aligncenter\" src=\"https:\/\/www.rucashk.com\/wp-content\/uploads\/2020\/04\/H9b8fb0977ea6453f9452f15d1b6fe66fo.jpg\" \/><img decoding=\"async\" class=\"detail-desc-decorate-image aligncenter\" src=\"https:\/\/www.rucashk.com\/wp-content\/uploads\/2020\/04\/Hf998eb56efd24f54961571fb70645663l.jpg\" \/><img decoding=\"async\" class=\"detail-desc-decorate-image aligncenter\" src=\"https:\/\/www.rucashk.com\/wp-content\/uploads\/2020\/04\/H3121cbc395a04c3480e0e38f98135915S.jpg\" \/><img decoding=\"async\" class=\"detail-desc-decorate-image aligncenter\" src=\"https:\/\/www.rucashk.com\/wp-content\/uploads\/2020\/04\/Hc072c3d6a8fa4ec38773faa9be0d6eeeF.jpg\" \/><img decoding=\"async\" class=\"detail-desc-decorate-image aligncenter\" src=\"https:\/\/www.rucashk.com\/wp-content\/uploads\/2020\/04\/H979b414d21574625b42e401400d487c9X.jpg\" \/><img decoding=\"async\" class=\"detail-desc-decorate-image aligncenter\" src=\"https:\/\/www.rucashk.com\/wp-content\/uploads\/2020\/04\/H55206db6dfd540b38d3b44a2fdce9abff.jpg\" \/><img decoding=\"async\" class=\"detail-desc-decorate-image aligncenter\" src=\"https:\/\/www.rucashk.com\/wp-content\/uploads\/2020\/04\/Hf83d9899672c4a37b379c349f0c6d101h.jpg\" data-spm-anchor-id=\"a2g0o.detail.1000023.i0.5f98605aUrhNwr\" \/><\/div>\n<div style=\"text-align: left\" align=\"center\" data-spm-anchor-id=\"a2g0o.detail.1000023.i0.273b58d5N8r1B9\">Smartmi Anti-Haze KN95 m\u00e1scara profissional de prote\u00e7\u00e3o facial m\u00e1scara facial PM2.5 Haze <a href=\"https:\/\/www.rucashk.com\/pt\/coronavirus-xiaomi-sends-thousands-of-masks-to-italy\/\" class=\"\" style=\"width: auto !important\" data-wpil-post-to-id=\"3402\">M\u00e1scara FFP2 da Xiaomi<\/a> Voc\u00ea pin.<\/div>\n<div align=\"center\" data-spm-anchor-id=\"a2g0o.detail.1000023.i0.273b58d5N8r1B9\"><\/div>\n<div style=\"text-align: left\" align=\"center\" data-spm-anchor-id=\"a2g0o.detail.1000023.i0.273b58d5N8r1B9\"><strong style=\"text-align: left\">Especifica\u00e7\u00e3o:<\/strong><\/div>\n<\/div>\n<div>\n<table class=\"alignleft\" border=\"1\" cellspacing=\"1\" cellpadding=\"1\">\n<tbody>\n<tr>\n<td>Marca<\/td>\n<td>Smartmi ( <a href=\"https:\/\/www.rucashk.com\/pt\/produto\/amiro-o-series-cosmetic-mirrors-rechargeable\/\" class=\"\" style=\"width: auto !important\" data-wpil-post-to-id=\"5180\">Marca de coopera\u00e7\u00e3o XIAOMI<\/a> )<\/td>\n<\/tr>\n<tr>\n<td>\n<div>Material do filtro principal<\/div>\n<\/td>\n<td>Meltblown de camada dupla<\/td>\n<\/tr>\n<tr>\n<td>Cor<\/td>\n<td>Cinza escuro<\/td>\n<\/tr>\n<tr>\n<td>Quantidade<\/td>\n<td>1 unidade<\/td>\n<\/tr>\n<tr>\n<td>Peso<\/td>\n<td>Cerca de 150g<\/td>\n<\/tr>\n<tr>\n<td>Padr\u00f5es de Implementa\u00e7\u00e3o<\/td>\n<td>\n<div>GB 2626-2006 KN95<\/div>\n<\/td>\n<\/tr>\n<tr>\n<td>tamanho do pacote<\/td>\n<td>190x150x15mm<\/td>\n<\/tr>\n<tr>\n<td colspan=\"2\"><\/td>\n<\/tr>\n<\/tbody>\n<\/table>\n<p style=\"text-align: left\" data-spm-anchor-id=\"a2g0o.detail.1000023.i3.273b58d5N8r1B9\"><strong>O pacote inclui:<\/strong><\/p>\n<p style=\"text-align: left\">1 m\u00e1scara facial<br \/>\n1 x Suporte<br \/>\n1 x Gancho<\/p>\n<div style=\"text-align: left\"><\/div>\n<div style=\"text-align: center\"><\/div>\n<div style=\"text-align: center\"><\/div>\n<\/div>","protected":false},"excerpt":{"rendered":"<div data-spm-anchor-id=\"a2g0o.detail.1000023.i4.273b58d5N8r1B9\"><span data-spm-anchor-id=\"a2g0o.detail.1000023.i2.273b58d5N8r1B9\">Descri\u00e7\u00e3o :<\/span><\/div>\n<p>Smartmi Anti-Haze KN95 Capa protetora profissional para rosto M\u00e1scara PM2.5 Haze M\u00e1scara FFP2 da Xiaomi Youpin<\/p>\n<p>1. The use of environmentally friendly polyurethane sponge material, 3D split vault skeleton, the face no sense of support.<\/p>\n<div>2. M\u00e1scaras anti-neblina de respira\u00e7\u00e3o leve, respira\u00e7\u00e3o desenfreada, n\u00e3o apenas fria, efici\u00eancia de filtra\u00e7\u00e3o de mais de 97% PM2.5, bloqueando efetivamente mais de 0,3um de bact\u00e9rias<\/div>\n<div>3. Esponja fina composta de filme el\u00e1stico TPU, mais confort\u00e1vel a banda, design de gancho de orelha confort\u00e1vel, forte tra\u00e7\u00e3o e ajuste flex\u00edvel.<\/div>\n<div>4. Sele\u00e7\u00e3o de qualidade alimentar, prote\u00e7\u00e3o pessoal \u00edntima, f\u00e1cil de respirar, at\u00e9 mesmo o exerc\u00edcio pode proporcionar uma respira\u00e7\u00e3o suave.<\/div>\n<div>5. V\u00e1lvula respirat\u00f3ria de fluxo frio de grande calibre e disse tchau molhado, v\u00e1lvula respirat\u00f3ria de fluxo frio de grande di\u00e2metro com 40 mm de di\u00e2metro, v\u00e1lvula de silicone fina de 0,3 mm, retorno \u00e0 experi\u00eancia de respira\u00e7\u00e3o natural.<\/div>","protected":false},"featured_media":21614,"template":"","meta":[],"product_brand":[],"product_cat":[1320,1305],"product_tag":[488],"class_list":{"0":"post-21509","1":"product","2":"type-product","3":"status-publish","4":"has-post-thumbnail","6":"product_cat-personal-care","7":"product_cat-xiaomi-eco","8":"product_tag-kn95-mask","10":"first","11":"instock","12":"shipping-taxable","13":"product-type-external"},"aioseo_notices":[],"aioseo_head":"\n\t\t<!-- All in One SEO Pro 4.5.9.2 - aioseo.com -->\n\t\t<meta name=\"description\" content=\"Description : Smartmi Anti-Haze KN95 Professional Protective Face Cover Face Mask PM2.5 Haze Mask FFP2 From Xiaomi Youpin 1. The use of environmentally friendly polyurethane sponge material, 3D split vault skeleton, the face no sense of support. 2. Light breathing anti-haze masks, unbridled breathing, not just cool, filtration efficiency of more than 97% PM2.5, effectively blocking more than 0.3um bacteria 3. TPU stretch film composite fine sponge, the more comfortable the band, comfortable ear hook design, strong tensile, flexible fit. 4. Food-grade selection, intimate personal protection, easy to breathe, even exercise can wear a smooth breathing. 5. Large-caliber cold flow breathing valve, and said wet bye-bye, large diameter cold flow breathing valve 40mm in diameter, 0.3mm thin silicone valve, return to natural breathing experience.\" \/>\n\t\t<meta name=\"robots\" content=\"max-image-preview:large\" \/>\n\t\t<link rel=\"canonical\" href=\"https:\/\/www.rucashk.com\/pt\/produto\/smartmi-kn95-mask-wholesale\/\" \/>\n\t\t<meta name=\"generator\" content=\"All in One SEO Pro (AIOSEO) 4.5.9.2\" \/>\n\t\t<meta property=\"og:locale\" content=\"pt_PT\" \/>\n\t\t<meta property=\"og:site_name\" content=\"Rucas - One-stop AIoT Distribution Worldwide\" \/>\n\t\t<meta property=\"og:type\" content=\"article\" \/>\n\t\t<meta property=\"og:title\" content=\"Smartmi KN95 Mask Wholesale - Rucas - Wholesale and Distribution\" \/>\n\t\t<meta property=\"og:description\" content=\"Description : Smartmi Anti-Haze KN95 Professional Protective Face Cover Face Mask PM2.5 Haze Mask FFP2 From Xiaomi Youpin 1. The use of environmentally friendly polyurethane sponge material, 3D split vault skeleton, the face no sense of support. 2. Light breathing anti-haze masks, unbridled breathing, not just cool, filtration efficiency of more than 97% PM2.5, effectively blocking more than 0.3um bacteria 3. TPU stretch film composite fine sponge, the more comfortable the band, comfortable ear hook design, strong tensile, flexible fit. 4. Food-grade selection, intimate personal protection, easy to breathe, even exercise can wear a smooth breathing. 5. Large-caliber cold flow breathing valve, and said wet bye-bye, large diameter cold flow breathing valve 40mm in diameter, 0.3mm thin silicone valve, return to natural breathing experience.\" \/>\n\t\t<meta property=\"og:url\" content=\"https:\/\/www.rucashk.com\/pt\/produto\/smartmi-kn95-mask-wholesale\/\" \/>\n\t\t<meta property=\"og:image\" content=\"https:\/\/www.rucashk.com\/wp-content\/uploads\/replace\/503b8e645f128a97ccde2b6290747646.jpeg\" \/>\n\t\t<meta property=\"og:image:secure_url\" content=\"https:\/\/www.rucashk.com\/wp-content\/uploads\/replace\/503b8e645f128a97ccde2b6290747646.jpeg\" \/>\n\t\t<meta property=\"og:image:width\" content=\"1456\" \/>\n\t\t<meta property=\"og:image:height\" content=\"816\" \/>\n\t\t<meta property=\"article:published_time\" content=\"2024-01-09T15:33:13+00:00\" \/>\n\t\t<meta property=\"article:modified_time\" content=\"2024-01-17T03:59:20+00:00\" \/>\n\t\t<meta name=\"twitter:card\" content=\"summary_large_image\" \/>\n\t\t<meta name=\"twitter:title\" content=\"Smartmi KN95 Mask Wholesale - Rucas - Wholesale and Distribution\" \/>\n\t\t<meta name=\"twitter:description\" content=\"Description : Smartmi Anti-Haze KN95 Professional Protective Face Cover Face Mask PM2.5 Haze Mask FFP2 From Xiaomi Youpin 1. The use of environmentally friendly polyurethane sponge material, 3D split vault skeleton, the face no sense of support. 2. Light breathing anti-haze masks, unbridled breathing, not just cool, filtration efficiency of more than 97% PM2.5, effectively blocking more than 0.3um bacteria 3. TPU stretch film composite fine sponge, the more comfortable the band, comfortable ear hook design, strong tensile, flexible fit. 4. Food-grade selection, intimate personal protection, easy to breathe, even exercise can wear a smooth breathing. 5. Large-caliber cold flow breathing valve, and said wet bye-bye, large diameter cold flow breathing valve 40mm in diameter, 0.3mm thin silicone valve, return to natural breathing experience.\" \/>\n\t\t<meta name=\"twitter:image\" content=\"https:\/\/www.rucashk.com\/wp-content\/uploads\/replace\/503b8e645f128a97ccde2b6290747646.jpeg\" \/>\n\t\t<script type=\"application\/ld+json\" class=\"aioseo-schema\">\n\t\t\t{\"@context\":\"https:\\\/\\\/schema.org\",\"@graph\":[{\"@type\":\"BreadcrumbList\",\"@id\":\"https:\\\/\\\/www.rucashk.com\\\/pt\\\/produto\\\/smartmi-kn95-mask-wholesale\\\/#breadcrumblist\",\"itemListElement\":[{\"@type\":\"ListItem\",\"@id\":\"https:\\\/\\\/www.rucashk.com\\\/pt\\\/#listItem\",\"position\":1,\"name\":\"Home\",\"item\":\"https:\\\/\\\/www.rucashk.com\\\/pt\\\/\",\"nextItem\":\"https:\\\/\\\/www.rucashk.com\\\/pt\\\/produto\\\/smartmi-kn95-mask-wholesale\\\/#listItem\"},{\"@type\":\"ListItem\",\"@id\":\"https:\\\/\\\/www.rucashk.com\\\/pt\\\/produto\\\/smartmi-kn95-mask-wholesale\\\/#listItem\",\"position\":2,\"name\":\"Smartmi KN95 Mask Wholesale\",\"previousItem\":\"https:\\\/\\\/www.rucashk.com\\\/pt\\\/#listItem\"}]},{\"@type\":\"Organization\",\"@id\":\"https:\\\/\\\/www.rucashk.com\\\/pt\\\/#organization\",\"name\":\"Rucas\",\"url\":\"https:\\\/\\\/www.rucashk.com\\\/pt\\\/\",\"logo\":{\"@type\":\"ImageObject\",\"url\":\"https:\\\/\\\/www.rucashk.com\\\/wp-content\\\/uploads\\\/2023\\\/12\\\/Rucas_campany_logo.png\",\"@id\":\"https:\\\/\\\/www.rucashk.com\\\/pt\\\/produto\\\/smartmi-kn95-mask-wholesale\\\/#organizationLogo\",\"width\":221,\"height\":65},\"image\":{\"@id\":\"https:\\\/\\\/www.rucashk.com\\\/pt\\\/#organizationLogo\"}},{\"@type\":\"Person\",\"@id\":\"https:\\\/\\\/www.rucashk.com\\\/pt\\\/author\\\/admin\\\/#author\",\"url\":\"https:\\\/\\\/www.rucashk.com\\\/pt\\\/author\\\/admin\\\/\",\"name\":\"admin\",\"image\":{\"@type\":\"ImageObject\",\"@id\":\"https:\\\/\\\/www.rucashk.com\\\/pt\\\/produto\\\/smartmi-kn95-mask-wholesale\\\/#authorImage\",\"url\":\"https:\\\/\\\/secure.gravatar.com\\\/avatar\\\/b7c8925b09a27e72b30232f8ecaadbd5af0f70a38c78096863fe51b64f031c24?s=96&d=mm&r=g\",\"width\":96,\"height\":96,\"caption\":\"admin\"}},{\"@type\":\"WebPage\",\"@id\":\"https:\\\/\\\/www.rucashk.com\\\/pt\\\/produto\\\/smartmi-kn95-mask-wholesale\\\/#webpage\",\"url\":\"https:\\\/\\\/www.rucashk.com\\\/pt\\\/produto\\\/smartmi-kn95-mask-wholesale\\\/\",\"name\":\"Smartmi KN95 Mask Wholesale - Rucas - Wholesale and Distribution\",\"description\":\"Description : Smartmi Anti-Haze KN95 Professional Protective Face Cover Face Mask PM2.5 Haze Mask FFP2 From Xiaomi Youpin 1. The use of environmentally friendly polyurethane sponge material, 3D split vault skeleton, the face no sense of support. 2. Light breathing anti-haze masks, unbridled breathing, not just cool, filtration efficiency of more than 97% PM2.5, effectively blocking more than 0.3um bacteria 3. TPU stretch film composite fine sponge, the more comfortable the band, comfortable ear hook design, strong tensile, flexible fit. 4. Food-grade selection, intimate personal protection, easy to breathe, even exercise can wear a smooth breathing. 5. Large-caliber cold flow breathing valve, and said wet bye-bye, large diameter cold flow breathing valve 40mm in diameter, 0.3mm thin silicone valve, return to natural breathing experience.\",\"inLanguage\":\"pt-PT\",\"isPartOf\":{\"@id\":\"https:\\\/\\\/www.rucashk.com\\\/pt\\\/#website\"},\"breadcrumb\":{\"@id\":\"https:\\\/\\\/www.rucashk.com\\\/pt\\\/produto\\\/smartmi-kn95-mask-wholesale\\\/#breadcrumblist\"},\"author\":{\"@id\":\"https:\\\/\\\/www.rucashk.com\\\/pt\\\/author\\\/admin\\\/#author\"},\"creator\":{\"@id\":\"https:\\\/\\\/www.rucashk.com\\\/pt\\\/author\\\/admin\\\/#author\"},\"image\":{\"@type\":\"ImageObject\",\"url\":\"https:\\\/\\\/www.rucashk.com\\\/wp-content\\\/uploads\\\/2024\\\/01\\\/Xiaomi-mijia-Smartmi-Anti-Haze-KN95-Professional-Protective-Face-Cover-Face-Mask-PM2-5-Haze-Mask.jpg\",\"@id\":\"https:\\\/\\\/www.rucashk.com\\\/pt\\\/produto\\\/smartmi-kn95-mask-wholesale\\\/#mainImage\",\"width\":800,\"height\":800},\"primaryImageOfPage\":{\"@id\":\"https:\\\/\\\/www.rucashk.com\\\/pt\\\/produto\\\/smartmi-kn95-mask-wholesale\\\/#mainImage\"},\"datePublished\":\"2024-01-09T15:33:13+00:00\",\"dateModified\":\"2024-01-17T03:59:20+00:00\"},{\"@type\":\"WebSite\",\"@id\":\"https:\\\/\\\/www.rucashk.com\\\/pt\\\/#website\",\"url\":\"https:\\\/\\\/www.rucashk.com\\\/pt\\\/\",\"name\":\"Rucas - Wholesale and distribution worldwide\",\"alternateName\":\"Rucas - One-stop AIoT Distribution Worldwide\",\"description\":\"One-stop AIoT Distribution Worldwide\",\"inLanguage\":\"pt-PT\",\"publisher\":{\"@id\":\"https:\\\/\\\/www.rucashk.com\\\/pt\\\/#organization\"}}]}\n\t\t<\/script>\n\t\t<!-- All in One SEO Pro -->\r\n\t\t<title>Smartmi KN95 Mask Wholesale - Rucas - Wholesale and Distribution<\/title>\n\n","aioseo_head_json":{"title":"Smartmi KN95 Mask Wholesale - Rucas - Wholesale and Distribution","description":"Description : Smartmi Anti-Haze KN95 Professional Protective Face Cover Face Mask PM2.5 Haze Mask FFP2 From Xiaomi Youpin 1. The use of environmentally friendly polyurethane sponge material, 3D split vault skeleton, the face no sense of support. 2. Light breathing anti-haze masks, unbridled breathing, not just cool, filtration efficiency of more than 97% PM2.5, effectively blocking more than 0.3um bacteria 3. TPU stretch film composite fine sponge, the more comfortable the band, comfortable ear hook design, strong tensile, flexible fit. 4. Food-grade selection, intimate personal protection, easy to breathe, even exercise can wear a smooth breathing. 5. Large-caliber cold flow breathing valve, and said wet bye-bye, large diameter cold flow breathing valve 40mm in diameter, 0.3mm thin silicone valve, return to natural breathing experience.","canonical_url":"https:\/\/www.rucashk.com\/pt\/produto\/smartmi-kn95-mask-wholesale\/","robots":"max-image-preview:large","keywords":"","webmasterTools":{"miscellaneous":""},"og:locale":"pt_PT","og:site_name":"Rucas - One-stop AIoT Distribution Worldwide","og:type":"article","og:title":"Smartmi KN95 Mask Wholesale - Rucas - Wholesale and Distribution","og:description":"Description : Smartmi Anti-Haze KN95 Professional Protective Face Cover Face Mask PM2.5 Haze Mask FFP2 From Xiaomi Youpin 1. The use of environmentally friendly polyurethane sponge material, 3D split vault skeleton, the face no sense of support. 2. Light breathing anti-haze masks, unbridled breathing, not just cool, filtration efficiency of more than 97% PM2.5, effectively blocking more than 0.3um bacteria 3. TPU stretch film composite fine sponge, the more comfortable the band, comfortable ear hook design, strong tensile, flexible fit. 4. Food-grade selection, intimate personal protection, easy to breathe, even exercise can wear a smooth breathing. 5. Large-caliber cold flow breathing valve, and said wet bye-bye, large diameter cold flow breathing valve 40mm in diameter, 0.3mm thin silicone valve, return to natural breathing experience.","og:url":"https:\/\/www.rucashk.com\/pt\/produto\/smartmi-kn95-mask-wholesale\/","og:image":"https:\/\/www.rucashk.com\/wp-content\/uploads\/replace\/503b8e645f128a97ccde2b6290747646.jpeg","og:image:secure_url":"https:\/\/www.rucashk.com\/wp-content\/uploads\/replace\/503b8e645f128a97ccde2b6290747646.jpeg","og:image:width":1456,"og:image:height":816,"article:published_time":"2024-01-09T15:33:13+00:00","article:modified_time":"2024-01-17T03:59:20+00:00","twitter:card":"summary_large_image","twitter:title":"Smartmi KN95 Mask Wholesale - Rucas - Wholesale and Distribution","twitter:description":"Description : Smartmi Anti-Haze KN95 Professional Protective Face Cover Face Mask PM2.5 Haze Mask FFP2 From Xiaomi Youpin 1. The use of environmentally friendly polyurethane sponge material, 3D split vault skeleton, the face no sense of support. 2. Light breathing anti-haze masks, unbridled breathing, not just cool, filtration efficiency of more than 97% PM2.5, effectively blocking more than 0.3um bacteria 3. TPU stretch film composite fine sponge, the more comfortable the band, comfortable ear hook design, strong tensile, flexible fit. 4. Food-grade selection, intimate personal protection, easy to breathe, even exercise can wear a smooth breathing. 5. Large-caliber cold flow breathing valve, and said wet bye-bye, large diameter cold flow breathing valve 40mm in diameter, 0.3mm thin silicone valve, return to natural breathing experience.","twitter:image":"https:\/\/www.rucashk.com\/wp-content\/uploads\/replace\/503b8e645f128a97ccde2b6290747646.jpeg","schema":{"@context":"https:\/\/schema.org","@graph":[{"@type":"BreadcrumbList","@id":"https:\/\/www.rucashk.com\/pt\/produto\/smartmi-kn95-mask-wholesale\/#breadcrumblist","itemListElement":[{"@type":"ListItem","@id":"https:\/\/www.rucashk.com\/pt\/#listItem","position":1,"name":"Home","item":"https:\/\/www.rucashk.com\/pt\/","nextItem":"https:\/\/www.rucashk.com\/pt\/produto\/smartmi-kn95-mask-wholesale\/#listItem"},{"@type":"ListItem","@id":"https:\/\/www.rucashk.com\/pt\/produto\/smartmi-kn95-mask-wholesale\/#listItem","position":2,"name":"Smartmi KN95 Mask Wholesale","previousItem":"https:\/\/www.rucashk.com\/pt\/#listItem"}]},{"@type":"Organization","@id":"https:\/\/www.rucashk.com\/pt\/#organization","name":"Rucas","url":"https:\/\/www.rucashk.com\/pt\/","logo":{"@type":"ImageObject","url":"https:\/\/www.rucashk.com\/wp-content\/uploads\/2023\/12\/Rucas_campany_logo.png","@id":"https:\/\/www.rucashk.com\/pt\/produto\/smartmi-kn95-mask-wholesale\/#organizationLogo","width":221,"height":65},"image":{"@id":"https:\/\/www.rucashk.com\/pt\/#organizationLogo"}},{"@type":"Person","@id":"https:\/\/www.rucashk.com\/pt\/author\/admin\/#author","url":"https:\/\/www.rucashk.com\/pt\/author\/admin\/","name":"admin","image":{"@type":"ImageObject","@id":"https:\/\/www.rucashk.com\/pt\/produto\/smartmi-kn95-mask-wholesale\/#authorImage","url":"https:\/\/secure.gravatar.com\/avatar\/b7c8925b09a27e72b30232f8ecaadbd5af0f70a38c78096863fe51b64f031c24?s=96&d=mm&r=g","width":96,"height":96,"caption":"admin"}},{"@type":"WebPage","@id":"https:\/\/www.rucashk.com\/pt\/produto\/smartmi-kn95-mask-wholesale\/#webpage","url":"https:\/\/www.rucashk.com\/pt\/produto\/smartmi-kn95-mask-wholesale\/","name":"Smartmi KN95 Mask Wholesale - Rucas - Wholesale and Distribution","description":"Description : Smartmi Anti-Haze KN95 Professional Protective Face Cover Face Mask PM2.5 Haze Mask FFP2 From Xiaomi Youpin 1. The use of environmentally friendly polyurethane sponge material, 3D split vault skeleton, the face no sense of support. 2. Light breathing anti-haze masks, unbridled breathing, not just cool, filtration efficiency of more than 97% PM2.5, effectively blocking more than 0.3um bacteria 3. TPU stretch film composite fine sponge, the more comfortable the band, comfortable ear hook design, strong tensile, flexible fit. 4. Food-grade selection, intimate personal protection, easy to breathe, even exercise can wear a smooth breathing. 5. Large-caliber cold flow breathing valve, and said wet bye-bye, large diameter cold flow breathing valve 40mm in diameter, 0.3mm thin silicone valve, return to natural breathing experience.","inLanguage":"pt-PT","isPartOf":{"@id":"https:\/\/www.rucashk.com\/pt\/#website"},"breadcrumb":{"@id":"https:\/\/www.rucashk.com\/pt\/produto\/smartmi-kn95-mask-wholesale\/#breadcrumblist"},"author":{"@id":"https:\/\/www.rucashk.com\/pt\/author\/admin\/#author"},"creator":{"@id":"https:\/\/www.rucashk.com\/pt\/author\/admin\/#author"},"image":{"@type":"ImageObject","url":"https:\/\/www.rucashk.com\/wp-content\/uploads\/2024\/01\/Xiaomi-mijia-Smartmi-Anti-Haze-KN95-Professional-Protective-Face-Cover-Face-Mask-PM2-5-Haze-Mask.jpg","@id":"https:\/\/www.rucashk.com\/pt\/produto\/smartmi-kn95-mask-wholesale\/#mainImage","width":800,"height":800},"primaryImageOfPage":{"@id":"https:\/\/www.rucashk.com\/pt\/produto\/smartmi-kn95-mask-wholesale\/#mainImage"},"datePublished":"2024-01-09T15:33:13+00:00","dateModified":"2024-01-17T03:59:20+00:00"},{"@type":"WebSite","@id":"https:\/\/www.rucashk.com\/pt\/#website","url":"https:\/\/www.rucashk.com\/pt\/","name":"Rucas - Wholesale and distribution worldwide","alternateName":"Rucas - One-stop AIoT Distribution Worldwide","description":"One-stop AIoT Distribution Worldwide","inLanguage":"pt-PT","publisher":{"@id":"https:\/\/www.rucashk.com\/pt\/#organization"}}]}},"aioseo_meta_data":{"post_id":"21509","title":null,"description":null,"keywords":null,"keyphrases":null,"primary_term":null,"canonical_url":null,"og_title":null,"og_description":null,"og_object_type":"default","og_image_type":"default","og_image_url":null,"og_image_width":null,"og_image_height":null,"og_image_custom_url":null,"og_image_custom_fields":null,"og_video":null,"og_custom_url":null,"og_article_section":null,"og_article_tags":null,"twitter_use_og":false,"twitter_card":"default","twitter_image_type":"default","twitter_image_url":null,"twitter_image_custom_url":null,"twitter_image_custom_fields":null,"twitter_title":null,"twitter_description":null,"schema":{"blockGraphs":[],"customGraphs":[],"default":{"data":{"Article":[],"Course":[],"Dataset":[],"FAQPage":[],"Movie":[],"Person":[],"Product":[],"Recipe":[],"Service":[],"SoftwareApplication":[],"WebPage":[]},"graphName":"","isEnabled":true},"graphs":[]},"schema_type":"default","schema_type_options":null,"pillar_content":false,"robots_default":true,"robots_noindex":false,"robots_noarchive":false,"robots_nosnippet":false,"robots_nofollow":false,"robots_noimageindex":false,"robots_noodp":false,"robots_notranslate":false,"robots_max_snippet":null,"robots_max_videopreview":null,"robots_max_imagepreview":"large","priority":null,"frequency":null,"local_seo":null,"breadcrumb_settings":null,"limit_modified_date":false,"created":"2024-04-11 01:55:18","updated":"2025-06-22 16:24:57"},"aioseo_breadcrumb":"<div class=\"aioseo-breadcrumbs\"><span class=\"aioseo-breadcrumb\">\n\t<a href=\"https:\/\/www.rucashk.com\/pt\" title=\"Home\">Home<\/a>\n<\/span><span class=\"aioseo-breadcrumb-separator\">&raquo;<\/span><span class=\"aioseo-breadcrumb\">\n\t<a href=\"https:\/\/www.rucashk.com\/pt\/products\/\" title=\"Produtos\">Produtos<\/a>\n<\/span><span class=\"aioseo-breadcrumb-separator\">&raquo;<\/span><span class=\"aioseo-breadcrumb\">\n\t<a href=\"https:\/\/www.rucashk.com\/pt\/categoria-produto\/xiaomi-eco\/\" title=\"Xiaomi Eco\">Xiaomi Eco<\/a>\n<\/span><span class=\"aioseo-breadcrumb-separator\">&raquo;<\/span><span class=\"aioseo-breadcrumb\">\n\t<a href=\"https:\/\/www.rucashk.com\/pt\/categoria-produto\/xiaomi-eco\/personal-care\/\" title=\"Personal Care\">Personal Care<\/a>\n<\/span><span class=\"aioseo-breadcrumb-separator\">&raquo;<\/span><span class=\"aioseo-breadcrumb\">\n\tSmartmi KN95 Mask Wholesale\n<\/span><\/div>","aioseo_breadcrumb_json":[{"label":"Home","link":"https:\/\/www.rucashk.com\/pt"},{"label":"Produtos","link":"https:\/\/www.rucashk.com\/pt\/products\/"},{"label":"Xiaomi Eco","link":"https:\/\/www.rucashk.com\/pt\/categoria-produto\/xiaomi-eco\/"},{"label":"Personal Care","link":"https:\/\/www.rucashk.com\/pt\/categoria-produto\/xiaomi-eco\/personal-care\/"},{"label":"Smartmi KN95 Mask Wholesale","link":"https:\/\/www.rucashk.com\/pt\/produto\/smartmi-kn95-mask-wholesale\/"}],"_links":{"self":[{"href":"https:\/\/www.rucashk.com\/pt\/wp-json\/wp\/v2\/product\/21509","targetHints":{"allow":["GET"]}}],"collection":[{"href":"https:\/\/www.rucashk.com\/pt\/wp-json\/wp\/v2\/product"}],"about":[{"href":"https:\/\/www.rucashk.com\/pt\/wp-json\/wp\/v2\/types\/product"}],"wp:featuredmedia":[{"embeddable":true,"href":"https:\/\/www.rucashk.com\/pt\/wp-json\/wp\/v2\/media\/21614"}],"wp:attachment":[{"href":"https:\/\/www.rucashk.com\/pt\/wp-json\/wp\/v2\/media?parent=21509"}],"wp:term":[{"taxonomy":"product_brand","embeddable":true,"href":"https:\/\/www.rucashk.com\/pt\/wp-json\/wp\/v2\/product_brand?post=21509"},{"taxonomy":"product_cat","embeddable":true,"href":"https:\/\/www.rucashk.com\/pt\/wp-json\/wp\/v2\/product_cat?post=21509"},{"taxonomy":"product_tag","embeddable":true,"href":"https:\/\/www.rucashk.com\/pt\/wp-json\/wp\/v2\/product_tag?post=21509"}],"curies":[{"name":"wp","href":"https:\/\/api.w.org\/{rel}","templated":true}]}}