{"id":21508,"date":"2024-01-09T15:33:12","date_gmt":"2024-01-09T15:33:12","guid":{"rendered":"http:\/\/rucashk.com\/?post_type=product&#038;p=21508"},"modified":"2024-01-17T04:01:25","modified_gmt":"2024-01-17T04:01:25","slug":"purely-kn95-mask-wholesale","status":"publish","type":"product","link":"https:\/\/www.rucashk.com\/pt\/produto\/purely-kn95-mask-wholesale\/","title":{"rendered":"M\u00e1scara puramente KN95 no atacado"},"content":{"rendered":"<p><img decoding=\"async\" class=\"bg_lazy aligncenter\" title=\"M\u00e1scara facial de ar puramente antipolui\u00e7\u00e3o KN95 com filtro recarreg\u00e1vel PM2.5 550mAh Battreies da Xiaomi Youpin\" src=\"https:\/\/www.rucashk.com\/wp-content\/uploads\/2020\/04\/6369ca92-a656-4497-abfb-4451227ca0b7.jpg\" alt=\"\" data-original=\"https:\/\/www.rucashk.com\/wp-content\/uploads\/2020\/04\/6369ca92-a656-4497-abfb-4451227ca0b7.jpg\" \/><img class=\"bg_lazy aligncenter\" title=\"M\u00e1scara facial de ar puramente antipolui\u00e7\u00e3o KN95 com filtro recarreg\u00e1vel PM2.5 550mAh Battreies da Xiaomi Youpin\" alt=\"\" data-original=\"https:\/\/imgaz.staticbg.com\/images\/oaupload\/banggood\/images\/66\/13\/7625385a-b4c9-409f-bc0e-05c9a0695111.jpg\" \/><img decoding=\"async\" class=\"bg_lazy aligncenter\" title=\"M\u00e1scara facial de ar puramente antipolui\u00e7\u00e3o KN95 com filtro recarreg\u00e1vel PM2.5 550mAh Battreies da Xiaomi Youpin\" src=\"https:\/\/www.rucashk.com\/wp-content\/uploads\/2020\/04\/63d76017-4950-4a32-ba8d-27542ada39cf.gif\" alt=\"\" data-original=\"https:\/\/www.rucashk.com\/wp-content\/uploads\/2020\/04\/63d76017-4950-4a32-ba8d-27542ada39cf.gif\" \/><img decoding=\"async\" class=\"bg_lazy aligncenter\" title=\"M\u00e1scara facial de ar puramente antipolui\u00e7\u00e3o KN95 com filtro recarreg\u00e1vel PM2.5 550mAh Battreies da Xiaomi Youpin\" src=\"https:\/\/www.rucashk.com\/wp-content\/uploads\/2020\/04\/e6b6b432-9cb5-4113-b740-28462ce7ce1b.jpg\" alt=\"\" data-original=\"https:\/\/www.rucashk.com\/wp-content\/uploads\/2020\/04\/e6b6b432-9cb5-4113-b740-28462ce7ce1b.jpg\" \/><img class=\"bg_lazy aligncenter\" title=\"M\u00e1scara facial de ar puramente antipolui\u00e7\u00e3o KN95 com filtro recarreg\u00e1vel PM2.5 550mAh Battreies da Xiaomi Youpin\" alt=\"\" data-original=\"https:\/\/imgaz.staticbg.com\/images\/oaupload\/banggood\/images\/EB\/D6\/da0f9c86-6672-495e-83df-d932d42c0bc0.jpg\" \/><img decoding=\"async\" class=\"bg_lazy aligncenter\" title=\"M\u00e1scara facial de ar puramente antipolui\u00e7\u00e3o KN95 com filtro recarreg\u00e1vel PM2.5 550mAh Battreies da Xiaomi Youpin\" src=\"https:\/\/www.rucashk.com\/wp-content\/uploads\/2020\/04\/0c78090a-50f3-4bdf-b86b-4a2093e15fae.jpg\" alt=\"\" data-original=\"https:\/\/www.rucashk.com\/wp-content\/uploads\/2020\/04\/0c78090a-50f3-4bdf-b86b-4a2093e15fae.jpg\" \/><img class=\"bg_lazy aligncenter\" title=\"M\u00e1scara facial de ar puramente antipolui\u00e7\u00e3o KN95 com filtro recarreg\u00e1vel PM2.5 550mAh Battreies da Xiaomi Youpin\" alt=\"\" data-original=\"https:\/\/imgaz.staticbg.com\/images\/oaupload\/banggood\/images\/1B\/B3\/ffa47e23-dd9e-406e-ba12-8625b1a1ea6c.jpg\" \/><img decoding=\"async\" class=\"bg_lazy aligncenter\" title=\"M\u00e1scara facial de ar puramente antipolui\u00e7\u00e3o KN95 com filtro recarreg\u00e1vel PM2.5 550mAh Battreies da Xiaomi Youpin\" src=\"https:\/\/www.rucashk.com\/wp-content\/uploads\/2020\/04\/85d8ba64-4dd9-4872-9b6b-b6675f7e18f5.jpg\" alt=\"\" data-original=\"https:\/\/www.rucashk.com\/wp-content\/uploads\/2020\/04\/85d8ba64-4dd9-4872-9b6b-b6675f7e18f5.jpg\" \/><img class=\"bg_lazy aligncenter\" title=\"M\u00e1scara facial de ar puramente antipolui\u00e7\u00e3o KN95 com filtro recarreg\u00e1vel PM2.5 550mAh Battreies da Xiaomi Youpin\" alt=\"\" data-original=\"https:\/\/imgaz.staticbg.com\/images\/oaupload\/banggood\/images\/E9\/61\/c84a2911-692d-4d9c-84d2-dd64983d5eab.jpg\" \/><img decoding=\"async\" class=\"bg_lazy aligncenter\" title=\"\" src=\"https:\/\/www.rucashk.com\/wp-content\/uploads\/2020\/04\/693224a9-e5f7-45a9-a0a0-5b569cc3d503.jpg\" alt=\"\" data-original=\"https:\/\/www.rucashk.com\/wp-content\/uploads\/2020\/04\/693224a9-e5f7-45a9-a0a0-5b569cc3d503.jpg\" \/><\/p>\n<div>Tecnologia de filtragem de eletreto de nanofibra, o filtro de ar aparentemente \u00e9 capaz de atingir uma efici\u00eancia de filtragem de PM2,5 de at\u00e9 99 por cento. Tr\u00eas modos ajust\u00e1veis, o <a href=\"https:\/\/www.rucashk.com\/pt\/demand-for-overseas-masks-continues-to-rise-jinfa-technology-sign-1-billion-us-dollar-order\/\" class=\"\" style=\"width: auto !important\" data-wpil-post-to-id=\"8128\">A m\u00e1scara possui um ventilador fino com 3 velocidades, e voc\u00ea pode ajustar a velocidade do ventilador por meio de um bot\u00e3o, projetado para atender a diferentes demandas<\/a> em v\u00e1rias condi\u00e7\u00f5es e aliviando os sentimentos sufocantes. Material de PC de qualidade alimentar, ventilador silencioso e ultrafino, a m\u00e1scara \u00e9 segura e confort\u00e1vel de usar. Estrutura tridimensional, apar\u00eancia compacta e design leve. Um presente perfeito para esportes ao ar livre.<\/div>\n<div data-spm-anchor-id=\"a2g0o.detail.1000023.i4.7ab8343eNgxix2\"><\/div>\n<p class=\"detail-desc-decorate-content\" data-spm-anchor-id=\"a2g0o.detail.1000023.i8.7ab8343eNgxix2\"><strong>Especifica\u00e7\u00e3o:<\/strong><\/p>\n<div>Marca: Puramente<\/div>\n<div>Modelo: HZSN001<\/div>\n<div>Cor: Cinza<\/div>\n<div>Material: PC, PP<\/div>\n<div>Caracter\u00edstica: respir\u00e1vel, \u00e0 prova de vento<\/div>\n<div>Tens\u00e3o nominal: CC 5V<\/div>\n<div>Pot\u00eancia nominal: 0,4 W<\/div>\n<div>Bateria: bateria recarreg\u00e1vel de \u00edons de l\u00edtio<\/div>\n<div>Tempo de servi\u00e7o da bateria: 4 a 8 horas<\/div>\n<div data-spm-anchor-id=\"a2g0o.detail.1000023.i3.7ab8343eNgxix2\">Peso: 50,5g<\/div>\n<p class=\"detail-desc-decorate-content\" data-spm-anchor-id=\"a2g0o.detail.1000023.i2.7ab8343eNgxix2\"><strong>Inclu\u00eddo no Pacote:<\/strong><\/p>\n<div>1 x m\u00e1scara de ar<\/div>\n<div>1 x filtro de m\u00e1scara<\/div>\n<div data-spm-anchor-id=\"a2g0o.detail.1000023.i5.7ab8343eNgxix2\">Filtro puramente de 5x26mm<\/div>\n<div>1 x tampa de m\u00e1scara sobressalente<\/div>\n<div data-spm-anchor-id=\"a2g0o.detail.1000023.i6.7ab8343eNgxix2\">1 x tampa sobressalente de 30 mm<\/div>","protected":false},"excerpt":{"rendered":"<p>Principais caracter\u00edsticas:<\/p>\n<div>Tecnologia de filtragem de eletreto de nanofibra, o filtro de ar aparentemente \u00e9 capaz de atingir uma efici\u00eancia de filtragem de PM2,5 de at\u00e9 99 por cento.<\/div>\n<div>Three adjustable modes, the mask has a thin fan with 3 speeds, and you can adjust the fan speed by a button,<br \/>\nwhich is designed for meeting different demands on various conditions and relieving the suffocating feelings.<\/div>\n<div>Material de PC de qualidade alimentar, ventilador silencioso e ultrafino, a m\u00e1scara \u00e9 segura e confort\u00e1vel de usar.<\/div>\n<div>Estrutura tridimensional, apar\u00eancia compacta e design leve.<\/div>\n<div data-spm-anchor-id=\"a2g0o.detail.1000023.i4.7ab8343eNgxix2\">Um presente perfeito para esportes ao ar livre.<\/div>","protected":false},"featured_media":21610,"template":"","meta":[],"product_brand":[],"product_cat":[1320,1305],"product_tag":[488],"class_list":{"0":"post-21508","1":"product","2":"type-product","3":"status-publish","4":"has-post-thumbnail","6":"product_cat-personal-care","7":"product_cat-xiaomi-eco","8":"product_tag-kn95-mask","10":"first","11":"instock","12":"shipping-taxable","13":"product-type-external"},"aioseo_notices":[],"aioseo_head":"\n\t\t<!-- All in One SEO Pro 4.5.9.2 - aioseo.com -->\n\t\t<meta name=\"description\" content=\"Main Features: Nano-fiber electret filtering technology, the air filter is apparently able to achieve PM2.5 filtration efficiency of up to 99 percent. Three adjustable modes, the mask has a thin fan with 3 speeds, and you can adjust the fan speed by a button, which is designed for meeting different demands on various conditions and relieving the suffocating feelings. Food-grade PC material, quiet and ultra-thin fan, the mask is safe and comfortable to wear. Three-dimensional structure, compact appearance, and lightweight design. A perfect gift for outdoor sports.\" \/>\n\t\t<meta name=\"robots\" content=\"max-image-preview:large\" \/>\n\t\t<link rel=\"canonical\" href=\"https:\/\/www.rucashk.com\/pt\/produto\/purely-kn95-mask-wholesale\/\" \/>\n\t\t<meta name=\"generator\" content=\"All in One SEO Pro (AIOSEO) 4.5.9.2\" \/>\n\t\t<meta property=\"og:locale\" content=\"pt_PT\" \/>\n\t\t<meta property=\"og:site_name\" content=\"Rucas - One-stop AIoT Distribution Worldwide\" \/>\n\t\t<meta property=\"og:type\" content=\"article\" \/>\n\t\t<meta property=\"og:title\" content=\"Purely KN95 Mask Wholesale - Rucas - Wholesale and Distribution\" \/>\n\t\t<meta property=\"og:description\" content=\"Main Features: Nano-fiber electret filtering technology, the air filter is apparently able to achieve PM2.5 filtration efficiency of up to 99 percent. Three adjustable modes, the mask has a thin fan with 3 speeds, and you can adjust the fan speed by a button, which is designed for meeting different demands on various conditions and relieving the suffocating feelings. Food-grade PC material, quiet and ultra-thin fan, the mask is safe and comfortable to wear. Three-dimensional structure, compact appearance, and lightweight design. A perfect gift for outdoor sports.\" \/>\n\t\t<meta property=\"og:url\" content=\"https:\/\/www.rucashk.com\/pt\/produto\/purely-kn95-mask-wholesale\/\" \/>\n\t\t<meta property=\"og:image\" content=\"https:\/\/www.rucashk.com\/wp-content\/uploads\/replace\/503b8e645f128a97ccde2b6290747646.jpeg\" \/>\n\t\t<meta property=\"og:image:secure_url\" content=\"https:\/\/www.rucashk.com\/wp-content\/uploads\/replace\/503b8e645f128a97ccde2b6290747646.jpeg\" \/>\n\t\t<meta property=\"og:image:width\" content=\"1456\" \/>\n\t\t<meta property=\"og:image:height\" content=\"816\" \/>\n\t\t<meta property=\"article:published_time\" content=\"2024-01-09T15:33:12+00:00\" \/>\n\t\t<meta property=\"article:modified_time\" content=\"2024-01-17T04:01:25+00:00\" \/>\n\t\t<meta name=\"twitter:card\" content=\"summary_large_image\" \/>\n\t\t<meta name=\"twitter:title\" content=\"Purely KN95 Mask Wholesale - Rucas - Wholesale and Distribution\" \/>\n\t\t<meta name=\"twitter:description\" content=\"Main Features: Nano-fiber electret filtering technology, the air filter is apparently able to achieve PM2.5 filtration efficiency of up to 99 percent. Three adjustable modes, the mask has a thin fan with 3 speeds, and you can adjust the fan speed by a button, which is designed for meeting different demands on various conditions and relieving the suffocating feelings. Food-grade PC material, quiet and ultra-thin fan, the mask is safe and comfortable to wear. Three-dimensional structure, compact appearance, and lightweight design. A perfect gift for outdoor sports.\" \/>\n\t\t<meta name=\"twitter:image\" content=\"https:\/\/www.rucashk.com\/wp-content\/uploads\/replace\/503b8e645f128a97ccde2b6290747646.jpeg\" \/>\n\t\t<script type=\"application\/ld+json\" class=\"aioseo-schema\">\n\t\t\t{\"@context\":\"https:\\\/\\\/schema.org\",\"@graph\":[{\"@type\":\"BreadcrumbList\",\"@id\":\"https:\\\/\\\/www.rucashk.com\\\/pt\\\/produto\\\/purely-kn95-mask-wholesale\\\/#breadcrumblist\",\"itemListElement\":[{\"@type\":\"ListItem\",\"@id\":\"https:\\\/\\\/www.rucashk.com\\\/pt\\\/#listItem\",\"position\":1,\"name\":\"Home\",\"item\":\"https:\\\/\\\/www.rucashk.com\\\/pt\\\/\",\"nextItem\":\"https:\\\/\\\/www.rucashk.com\\\/pt\\\/produto\\\/purely-kn95-mask-wholesale\\\/#listItem\"},{\"@type\":\"ListItem\",\"@id\":\"https:\\\/\\\/www.rucashk.com\\\/pt\\\/produto\\\/purely-kn95-mask-wholesale\\\/#listItem\",\"position\":2,\"name\":\"Purely KN95 Mask Wholesale\",\"previousItem\":\"https:\\\/\\\/www.rucashk.com\\\/pt\\\/#listItem\"}]},{\"@type\":\"Organization\",\"@id\":\"https:\\\/\\\/www.rucashk.com\\\/pt\\\/#organization\",\"name\":\"Rucas\",\"url\":\"https:\\\/\\\/www.rucashk.com\\\/pt\\\/\",\"logo\":{\"@type\":\"ImageObject\",\"url\":\"https:\\\/\\\/www.rucashk.com\\\/wp-content\\\/uploads\\\/2023\\\/12\\\/Rucas_campany_logo.png\",\"@id\":\"https:\\\/\\\/www.rucashk.com\\\/pt\\\/produto\\\/purely-kn95-mask-wholesale\\\/#organizationLogo\",\"width\":221,\"height\":65},\"image\":{\"@id\":\"https:\\\/\\\/www.rucashk.com\\\/pt\\\/#organizationLogo\"}},{\"@type\":\"Person\",\"@id\":\"https:\\\/\\\/www.rucashk.com\\\/pt\\\/author\\\/admin\\\/#author\",\"url\":\"https:\\\/\\\/www.rucashk.com\\\/pt\\\/author\\\/admin\\\/\",\"name\":\"admin\",\"image\":{\"@type\":\"ImageObject\",\"@id\":\"https:\\\/\\\/www.rucashk.com\\\/pt\\\/produto\\\/purely-kn95-mask-wholesale\\\/#authorImage\",\"url\":\"https:\\\/\\\/secure.gravatar.com\\\/avatar\\\/b7c8925b09a27e72b30232f8ecaadbd5af0f70a38c78096863fe51b64f031c24?s=96&d=mm&r=g\",\"width\":96,\"height\":96,\"caption\":\"admin\"}},{\"@type\":\"WebPage\",\"@id\":\"https:\\\/\\\/www.rucashk.com\\\/pt\\\/produto\\\/purely-kn95-mask-wholesale\\\/#webpage\",\"url\":\"https:\\\/\\\/www.rucashk.com\\\/pt\\\/produto\\\/purely-kn95-mask-wholesale\\\/\",\"name\":\"Purely KN95 Mask Wholesale - Rucas - Wholesale and Distribution\",\"description\":\"Main Features: Nano-fiber electret filtering technology, the air filter is apparently able to achieve PM2.5 filtration efficiency of up to 99 percent. Three adjustable modes, the mask has a thin fan with 3 speeds, and you can adjust the fan speed by a button, which is designed for meeting different demands on various conditions and relieving the suffocating feelings. Food-grade PC material, quiet and ultra-thin fan, the mask is safe and comfortable to wear. Three-dimensional structure, compact appearance, and lightweight design. A perfect gift for outdoor sports.\",\"inLanguage\":\"pt-PT\",\"isPartOf\":{\"@id\":\"https:\\\/\\\/www.rucashk.com\\\/pt\\\/#website\"},\"breadcrumb\":{\"@id\":\"https:\\\/\\\/www.rucashk.com\\\/pt\\\/produto\\\/purely-kn95-mask-wholesale\\\/#breadcrumblist\"},\"author\":{\"@id\":\"https:\\\/\\\/www.rucashk.com\\\/pt\\\/author\\\/admin\\\/#author\"},\"creator\":{\"@id\":\"https:\\\/\\\/www.rucashk.com\\\/pt\\\/author\\\/admin\\\/#author\"},\"image\":{\"@type\":\"ImageObject\",\"url\":\"https:\\\/\\\/www.rucashk.com\\\/wp-content\\\/uploads\\\/2024\\\/01\\\/Xiaomi-mijia-Purely-KN95-Anti-Pollution-Air-Face-Mask-with-PM2-5-550mAh-Battreies-Rechargeable-Filter.jpg\",\"@id\":\"https:\\\/\\\/www.rucashk.com\\\/pt\\\/produto\\\/purely-kn95-mask-wholesale\\\/#mainImage\",\"width\":800,\"height\":800},\"primaryImageOfPage\":{\"@id\":\"https:\\\/\\\/www.rucashk.com\\\/pt\\\/produto\\\/purely-kn95-mask-wholesale\\\/#mainImage\"},\"datePublished\":\"2024-01-09T15:33:12+00:00\",\"dateModified\":\"2024-01-17T04:01:25+00:00\"},{\"@type\":\"WebSite\",\"@id\":\"https:\\\/\\\/www.rucashk.com\\\/pt\\\/#website\",\"url\":\"https:\\\/\\\/www.rucashk.com\\\/pt\\\/\",\"name\":\"Rucas - Wholesale and distribution worldwide\",\"alternateName\":\"Rucas - One-stop AIoT Distribution Worldwide\",\"description\":\"One-stop AIoT Distribution Worldwide\",\"inLanguage\":\"pt-PT\",\"publisher\":{\"@id\":\"https:\\\/\\\/www.rucashk.com\\\/pt\\\/#organization\"}}]}\n\t\t<\/script>\n\t\t<!-- All in One SEO Pro -->\r\n\t\t<title>Purely KN95 Mask Wholesale - Rucas - Wholesale and Distribution<\/title>\n\n","aioseo_head_json":{"title":"Purely KN95 Mask Wholesale - Rucas - Wholesale and Distribution","description":"Main Features: Nano-fiber electret filtering technology, the air filter is apparently able to achieve PM2.5 filtration efficiency of up to 99 percent. Three adjustable modes, the mask has a thin fan with 3 speeds, and you can adjust the fan speed by a button, which is designed for meeting different demands on various conditions and relieving the suffocating feelings. Food-grade PC material, quiet and ultra-thin fan, the mask is safe and comfortable to wear. Three-dimensional structure, compact appearance, and lightweight design. A perfect gift for outdoor sports.","canonical_url":"https:\/\/www.rucashk.com\/pt\/produto\/purely-kn95-mask-wholesale\/","robots":"max-image-preview:large","keywords":"","webmasterTools":{"miscellaneous":""},"og:locale":"pt_PT","og:site_name":"Rucas - One-stop AIoT Distribution Worldwide","og:type":"article","og:title":"Purely KN95 Mask Wholesale - Rucas - Wholesale and Distribution","og:description":"Main Features: Nano-fiber electret filtering technology, the air filter is apparently able to achieve PM2.5 filtration efficiency of up to 99 percent. Three adjustable modes, the mask has a thin fan with 3 speeds, and you can adjust the fan speed by a button, which is designed for meeting different demands on various conditions and relieving the suffocating feelings. Food-grade PC material, quiet and ultra-thin fan, the mask is safe and comfortable to wear. Three-dimensional structure, compact appearance, and lightweight design. A perfect gift for outdoor sports.","og:url":"https:\/\/www.rucashk.com\/pt\/produto\/purely-kn95-mask-wholesale\/","og:image":"https:\/\/www.rucashk.com\/wp-content\/uploads\/replace\/503b8e645f128a97ccde2b6290747646.jpeg","og:image:secure_url":"https:\/\/www.rucashk.com\/wp-content\/uploads\/replace\/503b8e645f128a97ccde2b6290747646.jpeg","og:image:width":1456,"og:image:height":816,"article:published_time":"2024-01-09T15:33:12+00:00","article:modified_time":"2024-01-17T04:01:25+00:00","twitter:card":"summary_large_image","twitter:title":"Purely KN95 Mask Wholesale - Rucas - Wholesale and Distribution","twitter:description":"Main Features: Nano-fiber electret filtering technology, the air filter is apparently able to achieve PM2.5 filtration efficiency of up to 99 percent. Three adjustable modes, the mask has a thin fan with 3 speeds, and you can adjust the fan speed by a button, which is designed for meeting different demands on various conditions and relieving the suffocating feelings. Food-grade PC material, quiet and ultra-thin fan, the mask is safe and comfortable to wear. Three-dimensional structure, compact appearance, and lightweight design. A perfect gift for outdoor sports.","twitter:image":"https:\/\/www.rucashk.com\/wp-content\/uploads\/replace\/503b8e645f128a97ccde2b6290747646.jpeg","schema":{"@context":"https:\/\/schema.org","@graph":[{"@type":"BreadcrumbList","@id":"https:\/\/www.rucashk.com\/pt\/produto\/purely-kn95-mask-wholesale\/#breadcrumblist","itemListElement":[{"@type":"ListItem","@id":"https:\/\/www.rucashk.com\/pt\/#listItem","position":1,"name":"Home","item":"https:\/\/www.rucashk.com\/pt\/","nextItem":"https:\/\/www.rucashk.com\/pt\/produto\/purely-kn95-mask-wholesale\/#listItem"},{"@type":"ListItem","@id":"https:\/\/www.rucashk.com\/pt\/produto\/purely-kn95-mask-wholesale\/#listItem","position":2,"name":"Purely KN95 Mask Wholesale","previousItem":"https:\/\/www.rucashk.com\/pt\/#listItem"}]},{"@type":"Organization","@id":"https:\/\/www.rucashk.com\/pt\/#organization","name":"Rucas","url":"https:\/\/www.rucashk.com\/pt\/","logo":{"@type":"ImageObject","url":"https:\/\/www.rucashk.com\/wp-content\/uploads\/2023\/12\/Rucas_campany_logo.png","@id":"https:\/\/www.rucashk.com\/pt\/produto\/purely-kn95-mask-wholesale\/#organizationLogo","width":221,"height":65},"image":{"@id":"https:\/\/www.rucashk.com\/pt\/#organizationLogo"}},{"@type":"Person","@id":"https:\/\/www.rucashk.com\/pt\/author\/admin\/#author","url":"https:\/\/www.rucashk.com\/pt\/author\/admin\/","name":"admin","image":{"@type":"ImageObject","@id":"https:\/\/www.rucashk.com\/pt\/produto\/purely-kn95-mask-wholesale\/#authorImage","url":"https:\/\/secure.gravatar.com\/avatar\/b7c8925b09a27e72b30232f8ecaadbd5af0f70a38c78096863fe51b64f031c24?s=96&d=mm&r=g","width":96,"height":96,"caption":"admin"}},{"@type":"WebPage","@id":"https:\/\/www.rucashk.com\/pt\/produto\/purely-kn95-mask-wholesale\/#webpage","url":"https:\/\/www.rucashk.com\/pt\/produto\/purely-kn95-mask-wholesale\/","name":"Purely KN95 Mask Wholesale - Rucas - Wholesale and Distribution","description":"Main Features: Nano-fiber electret filtering technology, the air filter is apparently able to achieve PM2.5 filtration efficiency of up to 99 percent. Three adjustable modes, the mask has a thin fan with 3 speeds, and you can adjust the fan speed by a button, which is designed for meeting different demands on various conditions and relieving the suffocating feelings. Food-grade PC material, quiet and ultra-thin fan, the mask is safe and comfortable to wear. Three-dimensional structure, compact appearance, and lightweight design. A perfect gift for outdoor sports.","inLanguage":"pt-PT","isPartOf":{"@id":"https:\/\/www.rucashk.com\/pt\/#website"},"breadcrumb":{"@id":"https:\/\/www.rucashk.com\/pt\/produto\/purely-kn95-mask-wholesale\/#breadcrumblist"},"author":{"@id":"https:\/\/www.rucashk.com\/pt\/author\/admin\/#author"},"creator":{"@id":"https:\/\/www.rucashk.com\/pt\/author\/admin\/#author"},"image":{"@type":"ImageObject","url":"https:\/\/www.rucashk.com\/wp-content\/uploads\/2024\/01\/Xiaomi-mijia-Purely-KN95-Anti-Pollution-Air-Face-Mask-with-PM2-5-550mAh-Battreies-Rechargeable-Filter.jpg","@id":"https:\/\/www.rucashk.com\/pt\/produto\/purely-kn95-mask-wholesale\/#mainImage","width":800,"height":800},"primaryImageOfPage":{"@id":"https:\/\/www.rucashk.com\/pt\/produto\/purely-kn95-mask-wholesale\/#mainImage"},"datePublished":"2024-01-09T15:33:12+00:00","dateModified":"2024-01-17T04:01:25+00:00"},{"@type":"WebSite","@id":"https:\/\/www.rucashk.com\/pt\/#website","url":"https:\/\/www.rucashk.com\/pt\/","name":"Rucas - Wholesale and distribution worldwide","alternateName":"Rucas - One-stop AIoT Distribution Worldwide","description":"One-stop AIoT Distribution Worldwide","inLanguage":"pt-PT","publisher":{"@id":"https:\/\/www.rucashk.com\/pt\/#organization"}}]}},"aioseo_meta_data":{"post_id":"21508","title":null,"description":null,"keywords":null,"keyphrases":null,"primary_term":null,"canonical_url":null,"og_title":null,"og_description":null,"og_object_type":"default","og_image_type":"default","og_image_url":null,"og_image_width":null,"og_image_height":null,"og_image_custom_url":null,"og_image_custom_fields":null,"og_video":null,"og_custom_url":null,"og_article_section":null,"og_article_tags":null,"twitter_use_og":false,"twitter_card":"default","twitter_image_type":"default","twitter_image_url":null,"twitter_image_custom_url":null,"twitter_image_custom_fields":null,"twitter_title":null,"twitter_description":null,"schema":{"blockGraphs":[],"customGraphs":[],"default":{"data":{"Article":[],"Course":[],"Dataset":[],"FAQPage":[],"Movie":[],"Person":[],"Product":[],"Recipe":[],"Service":[],"SoftwareApplication":[],"WebPage":[]},"graphName":"","isEnabled":true},"graphs":[]},"schema_type":"default","schema_type_options":null,"pillar_content":false,"robots_default":true,"robots_noindex":false,"robots_noarchive":false,"robots_nosnippet":false,"robots_nofollow":false,"robots_noimageindex":false,"robots_noodp":false,"robots_notranslate":false,"robots_max_snippet":null,"robots_max_videopreview":null,"robots_max_imagepreview":"large","priority":null,"frequency":null,"local_seo":null,"breadcrumb_settings":null,"limit_modified_date":false,"created":"2024-04-11 01:55:18","updated":"2025-06-22 16:24:57"},"aioseo_breadcrumb":"<div class=\"aioseo-breadcrumbs\"><span class=\"aioseo-breadcrumb\">\n\t<a href=\"https:\/\/www.rucashk.com\/pt\" title=\"Home\">Home<\/a>\n<\/span><span class=\"aioseo-breadcrumb-separator\">&raquo;<\/span><span class=\"aioseo-breadcrumb\">\n\t<a href=\"https:\/\/www.rucashk.com\/pt\/products\/\" title=\"Produtos\">Produtos<\/a>\n<\/span><span class=\"aioseo-breadcrumb-separator\">&raquo;<\/span><span class=\"aioseo-breadcrumb\">\n\t<a href=\"https:\/\/www.rucashk.com\/pt\/categoria-produto\/xiaomi-eco\/\" title=\"Xiaomi Eco\">Xiaomi Eco<\/a>\n<\/span><span class=\"aioseo-breadcrumb-separator\">&raquo;<\/span><span class=\"aioseo-breadcrumb\">\n\t<a href=\"https:\/\/www.rucashk.com\/pt\/categoria-produto\/xiaomi-eco\/personal-care\/\" title=\"Personal Care\">Personal Care<\/a>\n<\/span><span class=\"aioseo-breadcrumb-separator\">&raquo;<\/span><span class=\"aioseo-breadcrumb\">\n\tPurely KN95 Mask Wholesale\n<\/span><\/div>","aioseo_breadcrumb_json":[{"label":"Home","link":"https:\/\/www.rucashk.com\/pt"},{"label":"Produtos","link":"https:\/\/www.rucashk.com\/pt\/products\/"},{"label":"Xiaomi Eco","link":"https:\/\/www.rucashk.com\/pt\/categoria-produto\/xiaomi-eco\/"},{"label":"Personal Care","link":"https:\/\/www.rucashk.com\/pt\/categoria-produto\/xiaomi-eco\/personal-care\/"},{"label":"Purely KN95 Mask Wholesale","link":"https:\/\/www.rucashk.com\/pt\/produto\/purely-kn95-mask-wholesale\/"}],"_links":{"self":[{"href":"https:\/\/www.rucashk.com\/pt\/wp-json\/wp\/v2\/product\/21508","targetHints":{"allow":["GET"]}}],"collection":[{"href":"https:\/\/www.rucashk.com\/pt\/wp-json\/wp\/v2\/product"}],"about":[{"href":"https:\/\/www.rucashk.com\/pt\/wp-json\/wp\/v2\/types\/product"}],"wp:featuredmedia":[{"embeddable":true,"href":"https:\/\/www.rucashk.com\/pt\/wp-json\/wp\/v2\/media\/21610"}],"wp:attachment":[{"href":"https:\/\/www.rucashk.com\/pt\/wp-json\/wp\/v2\/media?parent=21508"}],"wp:term":[{"taxonomy":"product_brand","embeddable":true,"href":"https:\/\/www.rucashk.com\/pt\/wp-json\/wp\/v2\/product_brand?post=21508"},{"taxonomy":"product_cat","embeddable":true,"href":"https:\/\/www.rucashk.com\/pt\/wp-json\/wp\/v2\/product_cat?post=21508"},{"taxonomy":"product_tag","embeddable":true,"href":"https:\/\/www.rucashk.com\/pt\/wp-json\/wp\/v2\/product_tag?post=21508"}],"curies":[{"name":"wp","href":"https:\/\/api.w.org\/{rel}","templated":true}]}}