{"id":21506,"date":"2024-01-09T15:33:12","date_gmt":"2024-01-09T15:33:12","guid":{"rendered":"http:\/\/rucashk.com\/?post_type=product&#038;p=21506"},"modified":"2024-01-21T06:59:22","modified_gmt":"2024-01-21T06:59:22","slug":"xiaomi-mijia-automatic-washing-machine","status":"publish","type":"product","link":"https:\/\/www.rucashk.com\/pt\/produto\/xiaomi-mijia-automatic-washing-machine\/","title":{"rendered":"M\u00e1quina de lavar autom\u00e1tica Xiaomi Mijia"},"content":{"rendered":"<p style=\"text-align: center\">Xiaomi mijia espuma autom\u00e1tica lavadora de m\u00e3os dispensador de sab\u00e3o de espuma 0.25s sensor infravermelho para casa inteligente<\/p>\n<p><img decoding=\"async\" class=\"aligncenter\" src=\"http:\/\/www.rucashk.com\/wp-content\/uploads\/2020\/03\/HTB1Rv3jXZfrK1Rjy0Fmq6xhEXXa7.jpg\" alt=\"F1\" \/><img decoding=\"async\" class=\"aligncenter\" src=\"http:\/\/www.rucashk.com\/wp-content\/uploads\/2020\/03\/HTB1nNUoX2fsK1RjSszgq6yXzpXaY.jpg\" alt=\"F2\" \/><img decoding=\"async\" class=\"aligncenter\" src=\"http:\/\/www.rucashk.com\/wp-content\/uploads\/2020\/03\/HTB1e7skX5nrK1RjSsziq6xptpXai.jpg\" alt=\"F3\" \/><img decoding=\"async\" class=\"aligncenter\" src=\"http:\/\/www.rucashk.com\/wp-content\/uploads\/2020\/03\/HTB1kx7kX5DxK1Rjy1zcq6yGeXXaS.jpg\" alt=\"F4\" \/><img decoding=\"async\" class=\"aligncenter\" src=\"http:\/\/www.rucashk.com\/wp-content\/uploads\/2020\/03\/HTB1QUAkX_jxK1Rjy0Fnq6yBaFXad.jpg\" alt=\"F5\" \/><img decoding=\"async\" class=\"aligncenter\" src=\"http:\/\/www.rucashk.com\/wp-content\/uploads\/2020\/03\/HTB1GmlmtgHqK1RjSZFEq6AGMXXaL.jpg\" alt=\"F6\" \/><img decoding=\"async\" class=\"aligncenter\" src=\"http:\/\/www.rucashk.com\/wp-content\/uploads\/2020\/03\/HTB1XmpmtgHqK1RjSZFEq6AGMXXaE.jpg\" alt=\"F7\" \/><img decoding=\"async\" class=\"aligncenter\" src=\"http:\/\/www.rucashk.com\/wp-content\/uploads\/2020\/03\/HTB11xwlX4rvK1RjSszeq6yObFXa5.jpg\" alt=\"F8\" \/><img decoding=\"async\" class=\"aligncenter\" src=\"http:\/\/www.rucashk.com\/wp-content\/uploads\/2020\/03\/HTB1jhIlX5YrK1Rjy0Fdq6ACvVXaV.jpg\" alt=\"F9\" \/><img decoding=\"async\" class=\"aligncenter\" src=\"http:\/\/www.rucashk.com\/wp-content\/uploads\/2020\/03\/HTB1CtuphcbpK1RjSZFyq6x_qFXam.jpg\" alt=\"20181011_160223_006\" \/><img decoding=\"async\" class=\"aligncenter\" src=\"http:\/\/www.rucashk.com\/wp-content\/uploads\/2020\/03\/HTB16rtiXxrvK1RjSszeq6yObFXa4.jpg\" alt=\"20181011_160223_007\" \/><\/p>\n<p>Descri\u00e7\u00f5es:<br \/>\n1. Motor miniatura de alta efici\u00eancia, baixo consumo de energia e mais silencioso.<br \/>\n2. O estilo cl\u00e1ssico de design minimalista pode ser facilmente integrado ao banheiro, cozinha e outros ambientes.<\/p>\n<p>Especifica\u00e7\u00f5es:<br \/>\nMaterial: ABS<br \/>\nTens\u00e3o nominal: 6V<br \/>\nTemperatura de trabalho: 5\u00b0C ~ 40\u00b0C<br \/>\nClassifica\u00e7\u00e3o \u00e0 prova d&#039;\u00e1gua: IPX4<br \/>\nUmidade de trabalho: 0% ~ 85%RH<br \/>\nDist\u00e2ncia de detec\u00e7\u00e3o: 60 ~ 90 mm<br \/>\ncor branca<\/p>\n<p>Inclu\u00eddo no Pacote:<br \/>\n1 x dispensador de sab\u00e3o<br \/>\n1 x desinfetante para as m\u00e3os<br \/>\n4 x bateria<\/p>","protected":false},"excerpt":{"rendered":"<p>Principais caracter\u00edsticas:<br \/>\n1. No contact, more sanitary, effective antibacterial, gas and liquid bubble ratio to 12:1.<br \/>\n2. Fine and dense foam can better cover skin epidermis, direct to fine pore, achieve deep cleansing.<br \/>\n3. Effective inhibition of daily bacteria, inhibition rate up to 99.9 percent, micron-grade foam, penetrate into pores, deep cleansing.<br \/>\n4.Compact body, natural plant essence, moist and comfortable, hand sanitizer close to skin pH value, gentle and skin-friendly, not tight, foam without residue.<br \/>\n5.Can effectively inhibit e. coli, staphylococcus aureus, candida albicans and other common life bacteria, effectively care for the health of the family.<br \/>\n6. The micro-high efficiency motor and its rubber damping structure not only have high bubble efficiency, but also will not be disturbed by noise when used, intelligent induction design, low power consumption.<br \/>\n7. 320mL large-capacity design, available for 400 times, compact, minimalist, understated design style automatically sensing bubbles without press.<\/p>","protected":false},"featured_media":21605,"template":"","meta":[],"product_brand":[],"product_cat":[1318,1305],"product_tag":[490],"class_list":{"0":"post-21506","1":"product","2":"type-product","3":"status-publish","4":"has-post-thumbnail","6":"product_cat-gadgets","7":"product_cat-xiaomi-eco","8":"product_tag-automatic-foaming","10":"first","11":"instock","12":"shipping-taxable","13":"product-type-external"},"aioseo_notices":[],"aioseo_head":"\n\t\t<!-- All in One SEO Pro 4.5.9.2 - aioseo.com -->\n\t\t<meta name=\"description\" content=\"Main Features: 1. No contact, more sanitary, effective antibacterial, gas and liquid bubble ratio to 12:1. 2. Fine and dense foam can better cover skin epidermis, direct to fine pore, achieve deep cleansing. 3. Effective inhibition of daily bacteria, inhibition rate up to 99.9 percent, micron-grade foam, penetrate into pores, deep cleansing. 4.Compact body, natural plant essence, moist and comfortable, hand sanitizer close to skin pH value, gentle and skin-friendly, not tight, foam without residue. 5.Can effectively inhibit e. coli, staphylococcus aureus, candida albicans and other common life bacteria, effectively care for the health of the family. 6. The micro-high efficiency motor and its rubber damping structure not only have high bubble efficiency, but also will not be disturbed by noise when used, intelligent induction design, low power consumption. 7. 320mL large-capacity design, available for 400 times, compact, minimalist, understated design style automatically sensing bubbles without press.\" \/>\n\t\t<meta name=\"robots\" content=\"max-image-preview:large\" \/>\n\t\t<link rel=\"canonical\" href=\"https:\/\/www.rucashk.com\/pt\/produto\/xiaomi-mijia-automatic-washing-machine\/\" \/>\n\t\t<meta name=\"generator\" content=\"All in One SEO Pro (AIOSEO) 4.5.9.2\" \/>\n\t\t<meta property=\"og:locale\" content=\"pt_PT\" \/>\n\t\t<meta property=\"og:site_name\" content=\"Rucas - One-stop AIoT Distribution Worldwide\" \/>\n\t\t<meta property=\"og:type\" content=\"article\" \/>\n\t\t<meta property=\"og:title\" content=\"Xiaomi Mijia Automatic Washing Machine - Rucas - Wholesale and Distribution\" \/>\n\t\t<meta property=\"og:description\" content=\"Main Features: 1. No contact, more sanitary, effective antibacterial, gas and liquid bubble ratio to 12:1. 2. Fine and dense foam can better cover skin epidermis, direct to fine pore, achieve deep cleansing. 3. Effective inhibition of daily bacteria, inhibition rate up to 99.9 percent, micron-grade foam, penetrate into pores, deep cleansing. 4.Compact body, natural plant essence, moist and comfortable, hand sanitizer close to skin pH value, gentle and skin-friendly, not tight, foam without residue. 5.Can effectively inhibit e. coli, staphylococcus aureus, candida albicans and other common life bacteria, effectively care for the health of the family. 6. The micro-high efficiency motor and its rubber damping structure not only have high bubble efficiency, but also will not be disturbed by noise when used, intelligent induction design, low power consumption. 7. 320mL large-capacity design, available for 400 times, compact, minimalist, understated design style automatically sensing bubbles without press.\" \/>\n\t\t<meta property=\"og:url\" content=\"https:\/\/www.rucashk.com\/pt\/produto\/xiaomi-mijia-automatic-washing-machine\/\" \/>\n\t\t<meta property=\"og:image\" content=\"https:\/\/www.rucashk.com\/wp-content\/uploads\/replace\/503b8e645f128a97ccde2b6290747646.jpeg\" \/>\n\t\t<meta property=\"og:image:secure_url\" content=\"https:\/\/www.rucashk.com\/wp-content\/uploads\/replace\/503b8e645f128a97ccde2b6290747646.jpeg\" \/>\n\t\t<meta property=\"og:image:width\" content=\"1456\" \/>\n\t\t<meta property=\"og:image:height\" content=\"816\" \/>\n\t\t<meta property=\"article:published_time\" content=\"2024-01-09T15:33:12+00:00\" \/>\n\t\t<meta property=\"article:modified_time\" content=\"2024-01-21T06:59:22+00:00\" \/>\n\t\t<meta name=\"twitter:card\" content=\"summary_large_image\" \/>\n\t\t<meta name=\"twitter:title\" content=\"Xiaomi Mijia Automatic Washing Machine - Rucas - Wholesale and Distribution\" \/>\n\t\t<meta name=\"twitter:description\" content=\"Main Features: 1. No contact, more sanitary, effective antibacterial, gas and liquid bubble ratio to 12:1. 2. Fine and dense foam can better cover skin epidermis, direct to fine pore, achieve deep cleansing. 3. Effective inhibition of daily bacteria, inhibition rate up to 99.9 percent, micron-grade foam, penetrate into pores, deep cleansing. 4.Compact body, natural plant essence, moist and comfortable, hand sanitizer close to skin pH value, gentle and skin-friendly, not tight, foam without residue. 5.Can effectively inhibit e. coli, staphylococcus aureus, candida albicans and other common life bacteria, effectively care for the health of the family. 6. The micro-high efficiency motor and its rubber damping structure not only have high bubble efficiency, but also will not be disturbed by noise when used, intelligent induction design, low power consumption. 7. 320mL large-capacity design, available for 400 times, compact, minimalist, understated design style automatically sensing bubbles without press.\" \/>\n\t\t<meta name=\"twitter:image\" content=\"https:\/\/www.rucashk.com\/wp-content\/uploads\/replace\/503b8e645f128a97ccde2b6290747646.jpeg\" \/>\n\t\t<script type=\"application\/ld+json\" class=\"aioseo-schema\">\n\t\t\t{\"@context\":\"https:\\\/\\\/schema.org\",\"@graph\":[{\"@type\":\"BreadcrumbList\",\"@id\":\"https:\\\/\\\/www.rucashk.com\\\/pt\\\/produto\\\/xiaomi-mijia-automatic-washing-machine\\\/#breadcrumblist\",\"itemListElement\":[{\"@type\":\"ListItem\",\"@id\":\"https:\\\/\\\/www.rucashk.com\\\/pt\\\/#listItem\",\"position\":1,\"name\":\"Home\",\"item\":\"https:\\\/\\\/www.rucashk.com\\\/pt\\\/\",\"nextItem\":\"https:\\\/\\\/www.rucashk.com\\\/pt\\\/produto\\\/xiaomi-mijia-automatic-washing-machine\\\/#listItem\"},{\"@type\":\"ListItem\",\"@id\":\"https:\\\/\\\/www.rucashk.com\\\/pt\\\/produto\\\/xiaomi-mijia-automatic-washing-machine\\\/#listItem\",\"position\":2,\"name\":\"Xiaomi Mijia Automatic Washing Machine\",\"previousItem\":\"https:\\\/\\\/www.rucashk.com\\\/pt\\\/#listItem\"}]},{\"@type\":\"Organization\",\"@id\":\"https:\\\/\\\/www.rucashk.com\\\/pt\\\/#organization\",\"name\":\"Rucas\",\"url\":\"https:\\\/\\\/www.rucashk.com\\\/pt\\\/\",\"logo\":{\"@type\":\"ImageObject\",\"url\":\"https:\\\/\\\/www.rucashk.com\\\/wp-content\\\/uploads\\\/2023\\\/12\\\/Rucas_campany_logo.png\",\"@id\":\"https:\\\/\\\/www.rucashk.com\\\/pt\\\/produto\\\/xiaomi-mijia-automatic-washing-machine\\\/#organizationLogo\",\"width\":221,\"height\":65},\"image\":{\"@id\":\"https:\\\/\\\/www.rucashk.com\\\/pt\\\/#organizationLogo\"}},{\"@type\":\"Person\",\"@id\":\"https:\\\/\\\/www.rucashk.com\\\/pt\\\/author\\\/admin\\\/#author\",\"url\":\"https:\\\/\\\/www.rucashk.com\\\/pt\\\/author\\\/admin\\\/\",\"name\":\"admin\",\"image\":{\"@type\":\"ImageObject\",\"@id\":\"https:\\\/\\\/www.rucashk.com\\\/pt\\\/produto\\\/xiaomi-mijia-automatic-washing-machine\\\/#authorImage\",\"url\":\"https:\\\/\\\/secure.gravatar.com\\\/avatar\\\/b7c8925b09a27e72b30232f8ecaadbd5af0f70a38c78096863fe51b64f031c24?s=96&d=mm&r=g\",\"width\":96,\"height\":96,\"caption\":\"admin\"}},{\"@type\":\"WebPage\",\"@id\":\"https:\\\/\\\/www.rucashk.com\\\/pt\\\/produto\\\/xiaomi-mijia-automatic-washing-machine\\\/#webpage\",\"url\":\"https:\\\/\\\/www.rucashk.com\\\/pt\\\/produto\\\/xiaomi-mijia-automatic-washing-machine\\\/\",\"name\":\"Xiaomi Mijia Automatic Washing Machine - Rucas - Wholesale and Distribution\",\"description\":\"Main Features: 1. No contact, more sanitary, effective antibacterial, gas and liquid bubble ratio to 12:1. 2. Fine and dense foam can better cover skin epidermis, direct to fine pore, achieve deep cleansing. 3. Effective inhibition of daily bacteria, inhibition rate up to 99.9 percent, micron-grade foam, penetrate into pores, deep cleansing. 4.Compact body, natural plant essence, moist and comfortable, hand sanitizer close to skin pH value, gentle and skin-friendly, not tight, foam without residue. 5.Can effectively inhibit e. coli, staphylococcus aureus, candida albicans and other common life bacteria, effectively care for the health of the family. 6. The micro-high efficiency motor and its rubber damping structure not only have high bubble efficiency, but also will not be disturbed by noise when used, intelligent induction design, low power consumption. 7. 320mL large-capacity design, available for 400 times, compact, minimalist, understated design style automatically sensing bubbles without press.\",\"inLanguage\":\"pt-PT\",\"isPartOf\":{\"@id\":\"https:\\\/\\\/www.rucashk.com\\\/pt\\\/#website\"},\"breadcrumb\":{\"@id\":\"https:\\\/\\\/www.rucashk.com\\\/pt\\\/produto\\\/xiaomi-mijia-automatic-washing-machine\\\/#breadcrumblist\"},\"author\":{\"@id\":\"https:\\\/\\\/www.rucashk.com\\\/pt\\\/author\\\/admin\\\/#author\"},\"creator\":{\"@id\":\"https:\\\/\\\/www.rucashk.com\\\/pt\\\/author\\\/admin\\\/#author\"},\"image\":{\"@type\":\"ImageObject\",\"url\":\"https:\\\/\\\/www.rucashk.com\\\/wp-content\\\/uploads\\\/2024\\\/01\\\/In-Stock-Xiaomi-Mijia-Auto-Induction-Foaming-Hand-Washer-Wash-Automatic-Soap-Dispenser-0-25s-Infrared.jpg\",\"@id\":\"https:\\\/\\\/www.rucashk.com\\\/pt\\\/produto\\\/xiaomi-mijia-automatic-washing-machine\\\/#mainImage\",\"width\":800,\"height\":800},\"primaryImageOfPage\":{\"@id\":\"https:\\\/\\\/www.rucashk.com\\\/pt\\\/produto\\\/xiaomi-mijia-automatic-washing-machine\\\/#mainImage\"},\"datePublished\":\"2024-01-09T15:33:12+00:00\",\"dateModified\":\"2024-01-21T06:59:22+00:00\"},{\"@type\":\"WebSite\",\"@id\":\"https:\\\/\\\/www.rucashk.com\\\/pt\\\/#website\",\"url\":\"https:\\\/\\\/www.rucashk.com\\\/pt\\\/\",\"name\":\"Rucas - Wholesale and distribution worldwide\",\"alternateName\":\"Rucas - One-stop AIoT Distribution Worldwide\",\"description\":\"One-stop AIoT Distribution Worldwide\",\"inLanguage\":\"pt-PT\",\"publisher\":{\"@id\":\"https:\\\/\\\/www.rucashk.com\\\/pt\\\/#organization\"}}]}\n\t\t<\/script>\n\t\t<!-- All in One SEO Pro -->\r\n\t\t<title>Xiaomi Mijia Automatic Washing Machine - Rucas - Wholesale and Distribution<\/title>\n\n","aioseo_head_json":{"title":"Xiaomi Mijia Automatic Washing Machine - Rucas - Wholesale and Distribution","description":"Main Features: 1. No contact, more sanitary, effective antibacterial, gas and liquid bubble ratio to 12:1. 2. Fine and dense foam can better cover skin epidermis, direct to fine pore, achieve deep cleansing. 3. Effective inhibition of daily bacteria, inhibition rate up to 99.9 percent, micron-grade foam, penetrate into pores, deep cleansing. 4.Compact body, natural plant essence, moist and comfortable, hand sanitizer close to skin pH value, gentle and skin-friendly, not tight, foam without residue. 5.Can effectively inhibit e. coli, staphylococcus aureus, candida albicans and other common life bacteria, effectively care for the health of the family. 6. The micro-high efficiency motor and its rubber damping structure not only have high bubble efficiency, but also will not be disturbed by noise when used, intelligent induction design, low power consumption. 7. 320mL large-capacity design, available for 400 times, compact, minimalist, understated design style automatically sensing bubbles without press.","canonical_url":"https:\/\/www.rucashk.com\/pt\/produto\/xiaomi-mijia-automatic-washing-machine\/","robots":"max-image-preview:large","keywords":"","webmasterTools":{"miscellaneous":""},"og:locale":"pt_PT","og:site_name":"Rucas - One-stop AIoT Distribution Worldwide","og:type":"article","og:title":"Xiaomi Mijia Automatic Washing Machine - Rucas - Wholesale and Distribution","og:description":"Main Features: 1. No contact, more sanitary, effective antibacterial, gas and liquid bubble ratio to 12:1. 2. Fine and dense foam can better cover skin epidermis, direct to fine pore, achieve deep cleansing. 3. Effective inhibition of daily bacteria, inhibition rate up to 99.9 percent, micron-grade foam, penetrate into pores, deep cleansing. 4.Compact body, natural plant essence, moist and comfortable, hand sanitizer close to skin pH value, gentle and skin-friendly, not tight, foam without residue. 5.Can effectively inhibit e. coli, staphylococcus aureus, candida albicans and other common life bacteria, effectively care for the health of the family. 6. The micro-high efficiency motor and its rubber damping structure not only have high bubble efficiency, but also will not be disturbed by noise when used, intelligent induction design, low power consumption. 7. 320mL large-capacity design, available for 400 times, compact, minimalist, understated design style automatically sensing bubbles without press.","og:url":"https:\/\/www.rucashk.com\/pt\/produto\/xiaomi-mijia-automatic-washing-machine\/","og:image":"https:\/\/www.rucashk.com\/wp-content\/uploads\/replace\/503b8e645f128a97ccde2b6290747646.jpeg","og:image:secure_url":"https:\/\/www.rucashk.com\/wp-content\/uploads\/replace\/503b8e645f128a97ccde2b6290747646.jpeg","og:image:width":1456,"og:image:height":816,"article:published_time":"2024-01-09T15:33:12+00:00","article:modified_time":"2024-01-21T06:59:22+00:00","twitter:card":"summary_large_image","twitter:title":"Xiaomi Mijia Automatic Washing Machine - Rucas - Wholesale and Distribution","twitter:description":"Main Features: 1. No contact, more sanitary, effective antibacterial, gas and liquid bubble ratio to 12:1. 2. Fine and dense foam can better cover skin epidermis, direct to fine pore, achieve deep cleansing. 3. Effective inhibition of daily bacteria, inhibition rate up to 99.9 percent, micron-grade foam, penetrate into pores, deep cleansing. 4.Compact body, natural plant essence, moist and comfortable, hand sanitizer close to skin pH value, gentle and skin-friendly, not tight, foam without residue. 5.Can effectively inhibit e. coli, staphylococcus aureus, candida albicans and other common life bacteria, effectively care for the health of the family. 6. The micro-high efficiency motor and its rubber damping structure not only have high bubble efficiency, but also will not be disturbed by noise when used, intelligent induction design, low power consumption. 7. 320mL large-capacity design, available for 400 times, compact, minimalist, understated design style automatically sensing bubbles without press.","twitter:image":"https:\/\/www.rucashk.com\/wp-content\/uploads\/replace\/503b8e645f128a97ccde2b6290747646.jpeg","schema":{"@context":"https:\/\/schema.org","@graph":[{"@type":"BreadcrumbList","@id":"https:\/\/www.rucashk.com\/pt\/produto\/xiaomi-mijia-automatic-washing-machine\/#breadcrumblist","itemListElement":[{"@type":"ListItem","@id":"https:\/\/www.rucashk.com\/pt\/#listItem","position":1,"name":"Home","item":"https:\/\/www.rucashk.com\/pt\/","nextItem":"https:\/\/www.rucashk.com\/pt\/produto\/xiaomi-mijia-automatic-washing-machine\/#listItem"},{"@type":"ListItem","@id":"https:\/\/www.rucashk.com\/pt\/produto\/xiaomi-mijia-automatic-washing-machine\/#listItem","position":2,"name":"Xiaomi Mijia Automatic Washing Machine","previousItem":"https:\/\/www.rucashk.com\/pt\/#listItem"}]},{"@type":"Organization","@id":"https:\/\/www.rucashk.com\/pt\/#organization","name":"Rucas","url":"https:\/\/www.rucashk.com\/pt\/","logo":{"@type":"ImageObject","url":"https:\/\/www.rucashk.com\/wp-content\/uploads\/2023\/12\/Rucas_campany_logo.png","@id":"https:\/\/www.rucashk.com\/pt\/produto\/xiaomi-mijia-automatic-washing-machine\/#organizationLogo","width":221,"height":65},"image":{"@id":"https:\/\/www.rucashk.com\/pt\/#organizationLogo"}},{"@type":"Person","@id":"https:\/\/www.rucashk.com\/pt\/author\/admin\/#author","url":"https:\/\/www.rucashk.com\/pt\/author\/admin\/","name":"admin","image":{"@type":"ImageObject","@id":"https:\/\/www.rucashk.com\/pt\/produto\/xiaomi-mijia-automatic-washing-machine\/#authorImage","url":"https:\/\/secure.gravatar.com\/avatar\/b7c8925b09a27e72b30232f8ecaadbd5af0f70a38c78096863fe51b64f031c24?s=96&d=mm&r=g","width":96,"height":96,"caption":"admin"}},{"@type":"WebPage","@id":"https:\/\/www.rucashk.com\/pt\/produto\/xiaomi-mijia-automatic-washing-machine\/#webpage","url":"https:\/\/www.rucashk.com\/pt\/produto\/xiaomi-mijia-automatic-washing-machine\/","name":"Xiaomi Mijia Automatic Washing Machine - Rucas - Wholesale and Distribution","description":"Main Features: 1. No contact, more sanitary, effective antibacterial, gas and liquid bubble ratio to 12:1. 2. Fine and dense foam can better cover skin epidermis, direct to fine pore, achieve deep cleansing. 3. Effective inhibition of daily bacteria, inhibition rate up to 99.9 percent, micron-grade foam, penetrate into pores, deep cleansing. 4.Compact body, natural plant essence, moist and comfortable, hand sanitizer close to skin pH value, gentle and skin-friendly, not tight, foam without residue. 5.Can effectively inhibit e. coli, staphylococcus aureus, candida albicans and other common life bacteria, effectively care for the health of the family. 6. The micro-high efficiency motor and its rubber damping structure not only have high bubble efficiency, but also will not be disturbed by noise when used, intelligent induction design, low power consumption. 7. 320mL large-capacity design, available for 400 times, compact, minimalist, understated design style automatically sensing bubbles without press.","inLanguage":"pt-PT","isPartOf":{"@id":"https:\/\/www.rucashk.com\/pt\/#website"},"breadcrumb":{"@id":"https:\/\/www.rucashk.com\/pt\/produto\/xiaomi-mijia-automatic-washing-machine\/#breadcrumblist"},"author":{"@id":"https:\/\/www.rucashk.com\/pt\/author\/admin\/#author"},"creator":{"@id":"https:\/\/www.rucashk.com\/pt\/author\/admin\/#author"},"image":{"@type":"ImageObject","url":"https:\/\/www.rucashk.com\/wp-content\/uploads\/2024\/01\/In-Stock-Xiaomi-Mijia-Auto-Induction-Foaming-Hand-Washer-Wash-Automatic-Soap-Dispenser-0-25s-Infrared.jpg","@id":"https:\/\/www.rucashk.com\/pt\/produto\/xiaomi-mijia-automatic-washing-machine\/#mainImage","width":800,"height":800},"primaryImageOfPage":{"@id":"https:\/\/www.rucashk.com\/pt\/produto\/xiaomi-mijia-automatic-washing-machine\/#mainImage"},"datePublished":"2024-01-09T15:33:12+00:00","dateModified":"2024-01-21T06:59:22+00:00"},{"@type":"WebSite","@id":"https:\/\/www.rucashk.com\/pt\/#website","url":"https:\/\/www.rucashk.com\/pt\/","name":"Rucas - Wholesale and distribution worldwide","alternateName":"Rucas - One-stop AIoT Distribution Worldwide","description":"One-stop AIoT Distribution Worldwide","inLanguage":"pt-PT","publisher":{"@id":"https:\/\/www.rucashk.com\/pt\/#organization"}}]}},"aioseo_meta_data":{"post_id":"21506","title":null,"description":null,"keywords":null,"keyphrases":null,"primary_term":null,"canonical_url":null,"og_title":null,"og_description":null,"og_object_type":"default","og_image_type":"default","og_image_url":null,"og_image_width":null,"og_image_height":null,"og_image_custom_url":null,"og_image_custom_fields":null,"og_video":null,"og_custom_url":null,"og_article_section":null,"og_article_tags":null,"twitter_use_og":false,"twitter_card":"default","twitter_image_type":"default","twitter_image_url":null,"twitter_image_custom_url":null,"twitter_image_custom_fields":null,"twitter_title":null,"twitter_description":null,"schema":{"blockGraphs":[],"customGraphs":[],"default":{"data":{"Article":[],"Course":[],"Dataset":[],"FAQPage":[],"Movie":[],"Person":[],"Product":[],"Recipe":[],"Service":[],"SoftwareApplication":[],"WebPage":[]},"graphName":"","isEnabled":true},"graphs":[]},"schema_type":"default","schema_type_options":null,"pillar_content":false,"robots_default":true,"robots_noindex":false,"robots_noarchive":false,"robots_nosnippet":false,"robots_nofollow":false,"robots_noimageindex":false,"robots_noodp":false,"robots_notranslate":false,"robots_max_snippet":null,"robots_max_videopreview":null,"robots_max_imagepreview":"large","priority":null,"frequency":null,"local_seo":null,"breadcrumb_settings":null,"limit_modified_date":false,"created":"2024-04-11 01:55:18","updated":"2025-06-22 16:24:56"},"aioseo_breadcrumb":"<div class=\"aioseo-breadcrumbs\"><span class=\"aioseo-breadcrumb\">\n\t<a href=\"https:\/\/www.rucashk.com\/pt\" title=\"Home\">Home<\/a>\n<\/span><span class=\"aioseo-breadcrumb-separator\">&raquo;<\/span><span class=\"aioseo-breadcrumb\">\n\t<a href=\"https:\/\/www.rucashk.com\/pt\/products\/\" title=\"Produtos\">Produtos<\/a>\n<\/span><span class=\"aioseo-breadcrumb-separator\">&raquo;<\/span><span class=\"aioseo-breadcrumb\">\n\t<a href=\"https:\/\/www.rucashk.com\/pt\/categoria-produto\/xiaomi-eco\/\" title=\"Xiaomi Eco\">Xiaomi Eco<\/a>\n<\/span><span class=\"aioseo-breadcrumb-separator\">&raquo;<\/span><span class=\"aioseo-breadcrumb\">\n\t<a href=\"https:\/\/www.rucashk.com\/pt\/categoria-produto\/xiaomi-eco\/gadgets\/\" title=\"Gadgets\">Gadgets<\/a>\n<\/span><span class=\"aioseo-breadcrumb-separator\">&raquo;<\/span><span class=\"aioseo-breadcrumb\">\n\tXiaomi Mijia Automatic Washing Machine\n<\/span><\/div>","aioseo_breadcrumb_json":[{"label":"Home","link":"https:\/\/www.rucashk.com\/pt"},{"label":"Produtos","link":"https:\/\/www.rucashk.com\/pt\/products\/"},{"label":"Xiaomi Eco","link":"https:\/\/www.rucashk.com\/pt\/categoria-produto\/xiaomi-eco\/"},{"label":"Gadgets","link":"https:\/\/www.rucashk.com\/pt\/categoria-produto\/xiaomi-eco\/gadgets\/"},{"label":"Xiaomi Mijia Automatic Washing Machine","link":"https:\/\/www.rucashk.com\/pt\/produto\/xiaomi-mijia-automatic-washing-machine\/"}],"_links":{"self":[{"href":"https:\/\/www.rucashk.com\/pt\/wp-json\/wp\/v2\/product\/21506","targetHints":{"allow":["GET"]}}],"collection":[{"href":"https:\/\/www.rucashk.com\/pt\/wp-json\/wp\/v2\/product"}],"about":[{"href":"https:\/\/www.rucashk.com\/pt\/wp-json\/wp\/v2\/types\/product"}],"wp:featuredmedia":[{"embeddable":true,"href":"https:\/\/www.rucashk.com\/pt\/wp-json\/wp\/v2\/media\/21605"}],"wp:attachment":[{"href":"https:\/\/www.rucashk.com\/pt\/wp-json\/wp\/v2\/media?parent=21506"}],"wp:term":[{"taxonomy":"product_brand","embeddable":true,"href":"https:\/\/www.rucashk.com\/pt\/wp-json\/wp\/v2\/product_brand?post=21506"},{"taxonomy":"product_cat","embeddable":true,"href":"https:\/\/www.rucashk.com\/pt\/wp-json\/wp\/v2\/product_cat?post=21506"},{"taxonomy":"product_tag","embeddable":true,"href":"https:\/\/www.rucashk.com\/pt\/wp-json\/wp\/v2\/product_tag?post=21506"}],"curies":[{"name":"wp","href":"https:\/\/api.w.org\/{rel}","templated":true}]}}