{"id":21504,"date":"2024-01-09T15:33:12","date_gmt":"2024-01-09T15:33:12","guid":{"rendered":"http:\/\/rucashk.com\/?post_type=product&#038;p=21504"},"modified":"2024-01-21T06:58:52","modified_gmt":"2024-01-21T06:58:52","slug":"xiaomi-ihealth-infrared-forehead-thermometer-wholesale","status":"publish","type":"product","link":"https:\/\/www.rucashk.com\/pt\/produto\/xiaomi-ihealth-infrared-forehead-thermometer-wholesale\/","title":{"rendered":"Term\u00f4metro infravermelho de testa Xiaomi Ihealth no atacado"},"content":{"rendered":"<p style=\"text-align: center\">Xiaomi Mi Home IHealth <a href=\"https:\/\/www.rucashk.com\/pt\/produto\/digital-infrared-body-forehead-ear-thermometer-pink\/\" class=\"\" style=\"width: auto !important\" data-wpil-post-to-id=\"9571\">Term\u00f4metro Beb\u00ea Eletr\u00f4nico LED Term\u00f4metro Digital Corpo Term\u00f4metro Infravermelho Sem Contato<\/a> Detector de sa\u00fade<\/p>\n<p><img decoding=\"async\" class=\"detail-desc-decorate-image aligncenter\" src=\"https:\/\/www.rucashk.com\/wp-content\/uploads\/2020\/04\/HTB1EjXRaQL0gK0jSZFAq6AA9pXaz.jpg\" \/><img decoding=\"async\" class=\"detail-desc-decorate-image aligncenter\" src=\"https:\/\/www.rucashk.com\/wp-content\/uploads\/2020\/04\/HTB1GDRNaF67gK0jSZPfq6yhhFXaW.jpg\" \/><img decoding=\"async\" class=\"detail-desc-decorate-image aligncenter\" src=\"https:\/\/www.rucashk.com\/wp-content\/uploads\/2020\/04\/HTB1WlBQaNz1gK0jSZSgq6yvwpXaK.jpg\" \/><img decoding=\"async\" class=\"detail-desc-decorate-image aligncenter\" src=\"https:\/\/www.rucashk.com\/wp-content\/uploads\/2020\/04\/HTB1uQ4QaUH1gK0jSZSyq6xtlpXaP.jpg\" \/><img decoding=\"async\" class=\"detail-desc-decorate-image aligncenter\" src=\"https:\/\/www.rucashk.com\/wp-content\/uploads\/2020\/04\/HTB1if8RaQT2gK0jSZPcq6AKkpXad.jpg\" \/><img decoding=\"async\" class=\"detail-desc-decorate-image aligncenter\" src=\"https:\/\/www.rucashk.com\/wp-content\/uploads\/2020\/04\/HTB1rLhQaQY2gK0jSZFgq6A5OFXac.jpg\" \/><img decoding=\"async\" class=\"detail-desc-decorate-image aligncenter\" src=\"https:\/\/www.rucashk.com\/wp-content\/uploads\/2020\/04\/HTB1y8lRaHr1gK0jSZR0q6zP8XXaU.jpg\" \/><img decoding=\"async\" class=\"detail-desc-decorate-image aligncenter\" src=\"https:\/\/www.rucashk.com\/wp-content\/uploads\/2020\/04\/HTB1oI4OaFY7gK0jSZKzq6yikpXaA.jpg\" \/><img decoding=\"async\" class=\"detail-desc-decorate-image aligncenter\" src=\"https:\/\/www.rucashk.com\/wp-content\/uploads\/2020\/04\/HTB14lJQaKH2gK0jSZFEq6AqMpXa4.jpg\" \/><\/p>\n<div><span data-spm-anchor-id=\"a2g0o.detail.1000023.i1.687349d55orqD7\">Especifica\u00e7\u00e3o:<\/span><\/div>\n<div>Tamanho do host: 137 mm \u00d7 34 mm \u00d7 39 mm<\/div>\n<div>Tamanho da tela: 25,7 mm \u00d7 19,1 mm<\/div>\n<div>Tipo de produto:FDIR \u2013 V14<\/div>\n<div>Peso do produto: 90g<\/div>\n<div data-spm-anchor-id=\"a2g0o.detail.1000023.i0.687349d55orqD7\"><\/div>\n<div>Performance do produto:<\/div>\n<div>Posi\u00e7\u00e3o de medi\u00e7\u00e3o: centro da testa<\/div>\n<div>Dist\u00e2ncia de medi\u00e7\u00e3o: \u2264 3cm<\/div>\n<div>Fonte de alimenta\u00e7\u00e3o: DC 3V, bateria AAA 2 \u00d7 1,5V<\/div>\n<div>Faixa de medi\u00e7\u00e3o: 32\u00b0C \u2013 42,9\u00b0C<\/div>\n<div>Precis\u00e3o de medi\u00e7\u00e3o: 35 \u00b0 C \u2013 42 \u00b0 C Faixa: \u00b1 0,2 \u00b0 C Outra faixa: \u00b1 0,3 \u00b0 C<\/div>\n<div>Resolu\u00e7\u00e3o: 0,1\u00b0C<\/div>\n<div>Reprodutibilidade cl\u00ednica: dentro de \u00b1 0,3 \u00b0 C<\/div>\n<div>Faixa de ambiente operacional: 16,0 \u00b0 C \u2013 35,0 \u00b0 C \u2264 85% RH 70kPa \u2013 106kPa<\/div>\n<div><\/div>\n<div>pacote:<\/div>\n<div>1 * term\u00f4metro<\/div>\n<div>1 * Cart\u00e3o de garantia (apenas em chin\u00eas)<\/div>\n<div>1 * Manual (apenas em chin\u00eas)<\/div>\n<div>1*Guia r\u00e1pido (apenas em chin\u00eas)<\/div>\n<div>1 * bateria (n\u00e3o inclu\u00edda)<\/div>","protected":false},"excerpt":{"rendered":"<p>Principais caracter\u00edsticas:<br \/>\nNon-contact infrared thermometer is useful for measuring temperature under many circumstances, also healthful for multiple users.<br \/>\nQuick to get data for just 1 second, smart and convenient.<br \/>\nAdopting advanced German Heimann Sensor for accurate detection.<br \/>\nConcealed LED digital display with clear data, easy to use for the elderly and children.<br \/>\nPowered by 2 x AAA battery ( NOT INCLUD BATTERY) we have to open the box to put the battery out.<\/p>","protected":false},"featured_media":21587,"template":"","meta":[],"product_brand":[],"product_cat":[1320,1305],"product_tag":[484,485],"class_list":{"0":"post-21504","1":"product","2":"type-product","3":"status-publish","4":"has-post-thumbnail","6":"product_cat-personal-care","7":"product_cat-xiaomi-eco","8":"product_tag-ihealth","9":"product_tag-thermometer","11":"first","12":"instock","13":"shipping-taxable","14":"product-type-external"},"aioseo_notices":[],"aioseo_head":"\n\t\t<!-- All in One SEO Pro 4.5.9.2 - aioseo.com -->\n\t\t<meta name=\"description\" content=\"Main Features: Non-contact infrared thermometer is useful for measuring temperature under many circumstances, also healthful for multiple users. Quick to get data for just 1 second, smart and convenient. Adopting advanced German Heimann Sensor for accurate detection. Concealed LED digital display with clear data, easy to use for the elderly and children. Powered by 2 x AAA battery ( NOT INCLUD BATTERY) we have to open the box to put the battery out.\" \/>\n\t\t<meta name=\"robots\" content=\"max-image-preview:large\" \/>\n\t\t<link rel=\"canonical\" href=\"https:\/\/www.rucashk.com\/pt\/produto\/xiaomi-ihealth-infrared-forehead-thermometer-wholesale\/\" \/>\n\t\t<meta name=\"generator\" content=\"All in One SEO Pro (AIOSEO) 4.5.9.2\" \/>\n\t\t<meta property=\"og:locale\" content=\"pt_PT\" \/>\n\t\t<meta property=\"og:site_name\" content=\"Rucas - One-stop AIoT Distribution Worldwide\" \/>\n\t\t<meta property=\"og:type\" content=\"article\" \/>\n\t\t<meta property=\"og:title\" content=\"Xiaomi Ihealth Infrared Forehead Thermometer Wholesale - Rucas - Wholesale and Distribution\" \/>\n\t\t<meta property=\"og:description\" content=\"Main Features: Non-contact infrared thermometer is useful for measuring temperature under many circumstances, also healthful for multiple users. Quick to get data for just 1 second, smart and convenient. Adopting advanced German Heimann Sensor for accurate detection. Concealed LED digital display with clear data, easy to use for the elderly and children. Powered by 2 x AAA battery ( NOT INCLUD BATTERY) we have to open the box to put the battery out.\" \/>\n\t\t<meta property=\"og:url\" content=\"https:\/\/www.rucashk.com\/pt\/produto\/xiaomi-ihealth-infrared-forehead-thermometer-wholesale\/\" \/>\n\t\t<meta property=\"og:image\" content=\"https:\/\/www.rucashk.com\/wp-content\/uploads\/replace\/503b8e645f128a97ccde2b6290747646.jpeg\" \/>\n\t\t<meta property=\"og:image:secure_url\" content=\"https:\/\/www.rucashk.com\/wp-content\/uploads\/replace\/503b8e645f128a97ccde2b6290747646.jpeg\" \/>\n\t\t<meta property=\"og:image:width\" content=\"1456\" \/>\n\t\t<meta property=\"og:image:height\" content=\"816\" \/>\n\t\t<meta property=\"article:published_time\" content=\"2024-01-09T15:33:12+00:00\" \/>\n\t\t<meta property=\"article:modified_time\" content=\"2024-01-21T06:58:52+00:00\" \/>\n\t\t<meta name=\"twitter:card\" content=\"summary_large_image\" \/>\n\t\t<meta name=\"twitter:title\" content=\"Xiaomi Ihealth Infrared Forehead Thermometer Wholesale - Rucas - Wholesale and Distribution\" \/>\n\t\t<meta name=\"twitter:description\" content=\"Main Features: Non-contact infrared thermometer is useful for measuring temperature under many circumstances, also healthful for multiple users. Quick to get data for just 1 second, smart and convenient. Adopting advanced German Heimann Sensor for accurate detection. Concealed LED digital display with clear data, easy to use for the elderly and children. Powered by 2 x AAA battery ( NOT INCLUD BATTERY) we have to open the box to put the battery out.\" \/>\n\t\t<meta name=\"twitter:image\" content=\"https:\/\/www.rucashk.com\/wp-content\/uploads\/replace\/503b8e645f128a97ccde2b6290747646.jpeg\" \/>\n\t\t<script type=\"application\/ld+json\" class=\"aioseo-schema\">\n\t\t\t{\"@context\":\"https:\\\/\\\/schema.org\",\"@graph\":[{\"@type\":\"BreadcrumbList\",\"@id\":\"https:\\\/\\\/www.rucashk.com\\\/pt\\\/produto\\\/xiaomi-ihealth-infrared-forehead-thermometer-wholesale\\\/#breadcrumblist\",\"itemListElement\":[{\"@type\":\"ListItem\",\"@id\":\"https:\\\/\\\/www.rucashk.com\\\/pt\\\/#listItem\",\"position\":1,\"name\":\"Home\",\"item\":\"https:\\\/\\\/www.rucashk.com\\\/pt\\\/\",\"nextItem\":\"https:\\\/\\\/www.rucashk.com\\\/pt\\\/produto\\\/xiaomi-ihealth-infrared-forehead-thermometer-wholesale\\\/#listItem\"},{\"@type\":\"ListItem\",\"@id\":\"https:\\\/\\\/www.rucashk.com\\\/pt\\\/produto\\\/xiaomi-ihealth-infrared-forehead-thermometer-wholesale\\\/#listItem\",\"position\":2,\"name\":\"Xiaomi Ihealth Infrared Forehead Thermometer Wholesale\",\"previousItem\":\"https:\\\/\\\/www.rucashk.com\\\/pt\\\/#listItem\"}]},{\"@type\":\"Organization\",\"@id\":\"https:\\\/\\\/www.rucashk.com\\\/pt\\\/#organization\",\"name\":\"Rucas\",\"url\":\"https:\\\/\\\/www.rucashk.com\\\/pt\\\/\",\"logo\":{\"@type\":\"ImageObject\",\"url\":\"https:\\\/\\\/www.rucashk.com\\\/wp-content\\\/uploads\\\/2023\\\/12\\\/Rucas_campany_logo.png\",\"@id\":\"https:\\\/\\\/www.rucashk.com\\\/pt\\\/produto\\\/xiaomi-ihealth-infrared-forehead-thermometer-wholesale\\\/#organizationLogo\",\"width\":221,\"height\":65},\"image\":{\"@id\":\"https:\\\/\\\/www.rucashk.com\\\/pt\\\/#organizationLogo\"}},{\"@type\":\"Person\",\"@id\":\"https:\\\/\\\/www.rucashk.com\\\/pt\\\/author\\\/admin\\\/#author\",\"url\":\"https:\\\/\\\/www.rucashk.com\\\/pt\\\/author\\\/admin\\\/\",\"name\":\"admin\",\"image\":{\"@type\":\"ImageObject\",\"@id\":\"https:\\\/\\\/www.rucashk.com\\\/pt\\\/produto\\\/xiaomi-ihealth-infrared-forehead-thermometer-wholesale\\\/#authorImage\",\"url\":\"https:\\\/\\\/secure.gravatar.com\\\/avatar\\\/b7c8925b09a27e72b30232f8ecaadbd5af0f70a38c78096863fe51b64f031c24?s=96&d=mm&r=g\",\"width\":96,\"height\":96,\"caption\":\"admin\"}},{\"@type\":\"WebPage\",\"@id\":\"https:\\\/\\\/www.rucashk.com\\\/pt\\\/produto\\\/xiaomi-ihealth-infrared-forehead-thermometer-wholesale\\\/#webpage\",\"url\":\"https:\\\/\\\/www.rucashk.com\\\/pt\\\/produto\\\/xiaomi-ihealth-infrared-forehead-thermometer-wholesale\\\/\",\"name\":\"Xiaomi Ihealth Infrared Forehead Thermometer Wholesale - Rucas - Wholesale and Distribution\",\"description\":\"Main Features: Non-contact infrared thermometer is useful for measuring temperature under many circumstances, also healthful for multiple users. Quick to get data for just 1 second, smart and convenient. Adopting advanced German Heimann Sensor for accurate detection. Concealed LED digital display with clear data, easy to use for the elderly and children. Powered by 2 x AAA battery ( NOT INCLUD BATTERY) we have to open the box to put the battery out.\",\"inLanguage\":\"pt-PT\",\"isPartOf\":{\"@id\":\"https:\\\/\\\/www.rucashk.com\\\/pt\\\/#website\"},\"breadcrumb\":{\"@id\":\"https:\\\/\\\/www.rucashk.com\\\/pt\\\/produto\\\/xiaomi-ihealth-infrared-forehead-thermometer-wholesale\\\/#breadcrumblist\"},\"author\":{\"@id\":\"https:\\\/\\\/www.rucashk.com\\\/pt\\\/author\\\/admin\\\/#author\"},\"creator\":{\"@id\":\"https:\\\/\\\/www.rucashk.com\\\/pt\\\/author\\\/admin\\\/#author\"},\"image\":{\"@type\":\"ImageObject\",\"url\":\"https:\\\/\\\/www.rucashk.com\\\/wp-content\\\/uploads\\\/2024\\\/01\\\/Xiaomi-Mi-Home-IHealth-Thermometer-Baby-Electronic-LED-Digital-Thermometer-Non-Contact-Infrared-Thermometer-Body-Health.jpg\",\"@id\":\"https:\\\/\\\/www.rucashk.com\\\/pt\\\/produto\\\/xiaomi-ihealth-infrared-forehead-thermometer-wholesale\\\/#mainImage\",\"width\":800,\"height\":800},\"primaryImageOfPage\":{\"@id\":\"https:\\\/\\\/www.rucashk.com\\\/pt\\\/produto\\\/xiaomi-ihealth-infrared-forehead-thermometer-wholesale\\\/#mainImage\"},\"datePublished\":\"2024-01-09T15:33:12+00:00\",\"dateModified\":\"2024-01-21T06:58:52+00:00\"},{\"@type\":\"WebSite\",\"@id\":\"https:\\\/\\\/www.rucashk.com\\\/pt\\\/#website\",\"url\":\"https:\\\/\\\/www.rucashk.com\\\/pt\\\/\",\"name\":\"Rucas - Wholesale and distribution worldwide\",\"alternateName\":\"Rucas - One-stop AIoT Distribution Worldwide\",\"description\":\"One-stop AIoT Distribution Worldwide\",\"inLanguage\":\"pt-PT\",\"publisher\":{\"@id\":\"https:\\\/\\\/www.rucashk.com\\\/pt\\\/#organization\"}}]}\n\t\t<\/script>\n\t\t<!-- All in One SEO Pro -->\r\n\t\t<title>Xiaomi Ihealth Infrared Forehead Thermometer Wholesale - Rucas - Wholesale and Distribution<\/title>\n\n","aioseo_head_json":{"title":"Xiaomi Ihealth Infrared Forehead Thermometer Wholesale - Rucas - Wholesale and Distribution","description":"Main Features: Non-contact infrared thermometer is useful for measuring temperature under many circumstances, also healthful for multiple users. Quick to get data for just 1 second, smart and convenient. Adopting advanced German Heimann Sensor for accurate detection. Concealed LED digital display with clear data, easy to use for the elderly and children. Powered by 2 x AAA battery ( NOT INCLUD BATTERY) we have to open the box to put the battery out.","canonical_url":"https:\/\/www.rucashk.com\/pt\/produto\/xiaomi-ihealth-infrared-forehead-thermometer-wholesale\/","robots":"max-image-preview:large","keywords":"","webmasterTools":{"miscellaneous":""},"og:locale":"pt_PT","og:site_name":"Rucas - One-stop AIoT Distribution Worldwide","og:type":"article","og:title":"Xiaomi Ihealth Infrared Forehead Thermometer Wholesale - Rucas - Wholesale and Distribution","og:description":"Main Features: Non-contact infrared thermometer is useful for measuring temperature under many circumstances, also healthful for multiple users. Quick to get data for just 1 second, smart and convenient. Adopting advanced German Heimann Sensor for accurate detection. Concealed LED digital display with clear data, easy to use for the elderly and children. Powered by 2 x AAA battery ( NOT INCLUD BATTERY) we have to open the box to put the battery out.","og:url":"https:\/\/www.rucashk.com\/pt\/produto\/xiaomi-ihealth-infrared-forehead-thermometer-wholesale\/","og:image":"https:\/\/www.rucashk.com\/wp-content\/uploads\/replace\/503b8e645f128a97ccde2b6290747646.jpeg","og:image:secure_url":"https:\/\/www.rucashk.com\/wp-content\/uploads\/replace\/503b8e645f128a97ccde2b6290747646.jpeg","og:image:width":1456,"og:image:height":816,"article:published_time":"2024-01-09T15:33:12+00:00","article:modified_time":"2024-01-21T06:58:52+00:00","twitter:card":"summary_large_image","twitter:title":"Xiaomi Ihealth Infrared Forehead Thermometer Wholesale - Rucas - Wholesale and Distribution","twitter:description":"Main Features: Non-contact infrared thermometer is useful for measuring temperature under many circumstances, also healthful for multiple users. Quick to get data for just 1 second, smart and convenient. Adopting advanced German Heimann Sensor for accurate detection. Concealed LED digital display with clear data, easy to use for the elderly and children. Powered by 2 x AAA battery ( NOT INCLUD BATTERY) we have to open the box to put the battery out.","twitter:image":"https:\/\/www.rucashk.com\/wp-content\/uploads\/replace\/503b8e645f128a97ccde2b6290747646.jpeg","schema":{"@context":"https:\/\/schema.org","@graph":[{"@type":"BreadcrumbList","@id":"https:\/\/www.rucashk.com\/pt\/produto\/xiaomi-ihealth-infrared-forehead-thermometer-wholesale\/#breadcrumblist","itemListElement":[{"@type":"ListItem","@id":"https:\/\/www.rucashk.com\/pt\/#listItem","position":1,"name":"Home","item":"https:\/\/www.rucashk.com\/pt\/","nextItem":"https:\/\/www.rucashk.com\/pt\/produto\/xiaomi-ihealth-infrared-forehead-thermometer-wholesale\/#listItem"},{"@type":"ListItem","@id":"https:\/\/www.rucashk.com\/pt\/produto\/xiaomi-ihealth-infrared-forehead-thermometer-wholesale\/#listItem","position":2,"name":"Xiaomi Ihealth Infrared Forehead Thermometer Wholesale","previousItem":"https:\/\/www.rucashk.com\/pt\/#listItem"}]},{"@type":"Organization","@id":"https:\/\/www.rucashk.com\/pt\/#organization","name":"Rucas","url":"https:\/\/www.rucashk.com\/pt\/","logo":{"@type":"ImageObject","url":"https:\/\/www.rucashk.com\/wp-content\/uploads\/2023\/12\/Rucas_campany_logo.png","@id":"https:\/\/www.rucashk.com\/pt\/produto\/xiaomi-ihealth-infrared-forehead-thermometer-wholesale\/#organizationLogo","width":221,"height":65},"image":{"@id":"https:\/\/www.rucashk.com\/pt\/#organizationLogo"}},{"@type":"Person","@id":"https:\/\/www.rucashk.com\/pt\/author\/admin\/#author","url":"https:\/\/www.rucashk.com\/pt\/author\/admin\/","name":"admin","image":{"@type":"ImageObject","@id":"https:\/\/www.rucashk.com\/pt\/produto\/xiaomi-ihealth-infrared-forehead-thermometer-wholesale\/#authorImage","url":"https:\/\/secure.gravatar.com\/avatar\/b7c8925b09a27e72b30232f8ecaadbd5af0f70a38c78096863fe51b64f031c24?s=96&d=mm&r=g","width":96,"height":96,"caption":"admin"}},{"@type":"WebPage","@id":"https:\/\/www.rucashk.com\/pt\/produto\/xiaomi-ihealth-infrared-forehead-thermometer-wholesale\/#webpage","url":"https:\/\/www.rucashk.com\/pt\/produto\/xiaomi-ihealth-infrared-forehead-thermometer-wholesale\/","name":"Xiaomi Ihealth Infrared Forehead Thermometer Wholesale - Rucas - Wholesale and Distribution","description":"Main Features: Non-contact infrared thermometer is useful for measuring temperature under many circumstances, also healthful for multiple users. Quick to get data for just 1 second, smart and convenient. Adopting advanced German Heimann Sensor for accurate detection. Concealed LED digital display with clear data, easy to use for the elderly and children. Powered by 2 x AAA battery ( NOT INCLUD BATTERY) we have to open the box to put the battery out.","inLanguage":"pt-PT","isPartOf":{"@id":"https:\/\/www.rucashk.com\/pt\/#website"},"breadcrumb":{"@id":"https:\/\/www.rucashk.com\/pt\/produto\/xiaomi-ihealth-infrared-forehead-thermometer-wholesale\/#breadcrumblist"},"author":{"@id":"https:\/\/www.rucashk.com\/pt\/author\/admin\/#author"},"creator":{"@id":"https:\/\/www.rucashk.com\/pt\/author\/admin\/#author"},"image":{"@type":"ImageObject","url":"https:\/\/www.rucashk.com\/wp-content\/uploads\/2024\/01\/Xiaomi-Mi-Home-IHealth-Thermometer-Baby-Electronic-LED-Digital-Thermometer-Non-Contact-Infrared-Thermometer-Body-Health.jpg","@id":"https:\/\/www.rucashk.com\/pt\/produto\/xiaomi-ihealth-infrared-forehead-thermometer-wholesale\/#mainImage","width":800,"height":800},"primaryImageOfPage":{"@id":"https:\/\/www.rucashk.com\/pt\/produto\/xiaomi-ihealth-infrared-forehead-thermometer-wholesale\/#mainImage"},"datePublished":"2024-01-09T15:33:12+00:00","dateModified":"2024-01-21T06:58:52+00:00"},{"@type":"WebSite","@id":"https:\/\/www.rucashk.com\/pt\/#website","url":"https:\/\/www.rucashk.com\/pt\/","name":"Rucas - Wholesale and distribution worldwide","alternateName":"Rucas - One-stop AIoT Distribution Worldwide","description":"One-stop AIoT Distribution Worldwide","inLanguage":"pt-PT","publisher":{"@id":"https:\/\/www.rucashk.com\/pt\/#organization"}}]}},"aioseo_meta_data":{"post_id":"21504","title":null,"description":null,"keywords":null,"keyphrases":null,"primary_term":null,"canonical_url":null,"og_title":null,"og_description":null,"og_object_type":"default","og_image_type":"default","og_image_url":null,"og_image_width":null,"og_image_height":null,"og_image_custom_url":null,"og_image_custom_fields":null,"og_video":null,"og_custom_url":null,"og_article_section":null,"og_article_tags":null,"twitter_use_og":false,"twitter_card":"default","twitter_image_type":"default","twitter_image_url":null,"twitter_image_custom_url":null,"twitter_image_custom_fields":null,"twitter_title":null,"twitter_description":null,"schema":{"blockGraphs":[],"customGraphs":[],"default":{"data":{"Article":[],"Course":[],"Dataset":[],"FAQPage":[],"Movie":[],"Person":[],"Product":[],"Recipe":[],"Service":[],"SoftwareApplication":[],"WebPage":[]},"graphName":"","isEnabled":true},"graphs":[]},"schema_type":"default","schema_type_options":null,"pillar_content":false,"robots_default":true,"robots_noindex":false,"robots_noarchive":false,"robots_nosnippet":false,"robots_nofollow":false,"robots_noimageindex":false,"robots_noodp":false,"robots_notranslate":false,"robots_max_snippet":null,"robots_max_videopreview":null,"robots_max_imagepreview":"large","priority":null,"frequency":null,"local_seo":null,"breadcrumb_settings":null,"limit_modified_date":false,"created":"2024-04-11 01:55:18","updated":"2025-06-22 16:23:59"},"aioseo_breadcrumb":"<div class=\"aioseo-breadcrumbs\"><span class=\"aioseo-breadcrumb\">\n\t<a href=\"https:\/\/www.rucashk.com\/pt\" title=\"Home\">Home<\/a>\n<\/span><span class=\"aioseo-breadcrumb-separator\">&raquo;<\/span><span class=\"aioseo-breadcrumb\">\n\t<a href=\"https:\/\/www.rucashk.com\/pt\/products\/\" title=\"Produtos\">Produtos<\/a>\n<\/span><span class=\"aioseo-breadcrumb-separator\">&raquo;<\/span><span class=\"aioseo-breadcrumb\">\n\t<a href=\"https:\/\/www.rucashk.com\/pt\/categoria-produto\/xiaomi-eco\/\" title=\"Xiaomi Eco\">Xiaomi Eco<\/a>\n<\/span><span class=\"aioseo-breadcrumb-separator\">&raquo;<\/span><span class=\"aioseo-breadcrumb\">\n\t<a href=\"https:\/\/www.rucashk.com\/pt\/categoria-produto\/xiaomi-eco\/personal-care\/\" title=\"Personal Care\">Personal Care<\/a>\n<\/span><span class=\"aioseo-breadcrumb-separator\">&raquo;<\/span><span class=\"aioseo-breadcrumb\">\n\tXiaomi Ihealth Infrared Forehead Thermometer Wholesale\n<\/span><\/div>","aioseo_breadcrumb_json":[{"label":"Home","link":"https:\/\/www.rucashk.com\/pt"},{"label":"Produtos","link":"https:\/\/www.rucashk.com\/pt\/products\/"},{"label":"Xiaomi Eco","link":"https:\/\/www.rucashk.com\/pt\/categoria-produto\/xiaomi-eco\/"},{"label":"Personal Care","link":"https:\/\/www.rucashk.com\/pt\/categoria-produto\/xiaomi-eco\/personal-care\/"},{"label":"Xiaomi Ihealth Infrared Forehead Thermometer Wholesale","link":"https:\/\/www.rucashk.com\/pt\/produto\/xiaomi-ihealth-infrared-forehead-thermometer-wholesale\/"}],"_links":{"self":[{"href":"https:\/\/www.rucashk.com\/pt\/wp-json\/wp\/v2\/product\/21504","targetHints":{"allow":["GET"]}}],"collection":[{"href":"https:\/\/www.rucashk.com\/pt\/wp-json\/wp\/v2\/product"}],"about":[{"href":"https:\/\/www.rucashk.com\/pt\/wp-json\/wp\/v2\/types\/product"}],"wp:featuredmedia":[{"embeddable":true,"href":"https:\/\/www.rucashk.com\/pt\/wp-json\/wp\/v2\/media\/21587"}],"wp:attachment":[{"href":"https:\/\/www.rucashk.com\/pt\/wp-json\/wp\/v2\/media?parent=21504"}],"wp:term":[{"taxonomy":"product_brand","embeddable":true,"href":"https:\/\/www.rucashk.com\/pt\/wp-json\/wp\/v2\/product_brand?post=21504"},{"taxonomy":"product_cat","embeddable":true,"href":"https:\/\/www.rucashk.com\/pt\/wp-json\/wp\/v2\/product_cat?post=21504"},{"taxonomy":"product_tag","embeddable":true,"href":"https:\/\/www.rucashk.com\/pt\/wp-json\/wp\/v2\/product_tag?post=21504"}],"curies":[{"name":"wp","href":"https:\/\/api.w.org\/{rel}","templated":true}]}}