{"id":21471,"date":"2024-01-09T15:32:49","date_gmt":"2024-01-09T15:32:49","guid":{"rendered":"http:\/\/rucashk.com\/?post_type=product&#038;p=21471"},"modified":"2024-03-11T08:38:07","modified_gmt":"2024-03-11T08:38:07","slug":"realme-x2-pro","status":"publish","type":"product","link":"https:\/\/www.rucashk.com\/pt\/produto\/realme-x2-pro\/","title":{"rendered":"Realme X2 Pro"},"content":{"rendered":"<p><a href=\"https:\/\/www.aliexpress.com\/item\/screen%20shot\"><img decoding=\"async\" alt=\"Realme X2 Pro\" class=\"detail-desc-decorate-image aligncenter\" src=\"\/wp-content\/uploads\/replace\/277b5a2ab29785d906606e8eca64e277.jpeg\" \/><\/a><a href=\"https:\/\/www.aliexpress.com\/item\/realme%20x2%20pro\"><img decoding=\"async\" alt=\"Realme X2 Pro\" class=\"detail-desc-decorate-image aligncenter\" src=\"\/wp-content\/uploads\/replace\/d6772555680503651011906eac232f10.jpeg\" \/><\/a><a href=\"https:\/\/www.aliexpress.com\/item\/snapdragon%20855%20plus,64MP%20quad%20camera,super%20vooc\"><img decoding=\"async\" alt=\"Realme X2 Pro\" class=\"detail-desc-decorate-image aligncenter\" src=\"\/wp-content\/uploads\/replace\/35cd8cfffb0584a4cd7b8fced6c1a344.jpeg\" \/><\/a><img decoding=\"async\" alt=\"Realme X2 Pro\" class=\"detail-desc-decorate-image aligncenter\" src=\"\/wp-content\/uploads\/replace\/5abcce57b335660279d5509952fe3be4.jpeg\" \/><a href=\"https:\/\/www.aliexpress.com\/item\/super%20vision%20eagle%20eye\"><img decoding=\"async\" alt=\"Realme X2 Pro\" class=\"detail-desc-decorate-image aligncenter\" src=\"\/wp-content\/uploads\/replace\/65fb67688d848452b3b7d43896140bb3.jpeg\" \/><\/a><a href=\"https:\/\/www.aliexpress.com\/item\/50W%20super%20vooc\"><img decoding=\"async\" alt=\"Realme X2 Pro\" class=\"detail-desc-decorate-image aligncenter\" src=\"\/wp-content\/uploads\/replace\/e7eb390d4226165694e30a55cb103b4d.jpeg\" \/><\/a><a href=\"https:\/\/www.aliexpress.com\/item\/64MP%20cameras\"><img decoding=\"async\" alt=\"Realme X2 Pro\" class=\"detail-desc-decorate-image aligncenter\" src=\"\/wp-content\/uploads\/replace\/88abbda834b8faf34c48e9f66f80436d.jpeg\" \/><\/a><img decoding=\"async\" alt=\"Realme X2 Pro\" class=\"detail-desc-decorate-image aligncenter\" src=\"\/wp-content\/uploads\/replace\/80799acc09f70d0e4682e41be712ea5a.jpeg\" \/><img decoding=\"async\" alt=\"Realme X2 Pro\" class=\"detail-desc-decorate-image aligncenter\" src=\"\/wp-content\/uploads\/replace\/521c23f7065fa2b8557b44a366360743.jpeg\" \/><img decoding=\"async\" alt=\"Realme X2 Pro\" class=\"detail-desc-decorate-image aligncenter\" src=\"\/wp-content\/uploads\/replace\/415d42a90067d5b1ed78d9eadd6a13b1.jpeg\" \/><img decoding=\"async\" alt=\"Realme X2 Pro\" class=\"detail-desc-decorate-image aligncenter\" src=\"\/wp-content\/uploads\/replace\/6ce3624637865596e023acc4452e5706.jpeg\" \/><img decoding=\"async\" alt=\"Realme X2 Pro\" class=\"detail-desc-decorate-image aligncenter\" src=\"\/wp-content\/uploads\/replace\/6953680aefc813621b9e04f5f404da02.jpeg\" \/><a href=\"https:\/\/www.aliexpress.com\/item\/20x%20zoom%20,%205x%20hybird%20optical%20zoom\"><img decoding=\"async\" alt=\"Realme X2 Pro\" class=\"detail-desc-decorate-image aligncenter\" src=\"\/wp-content\/uploads\/replace\/1f35ecb7d04170dbf93e944e0146fdab.jpeg\" \/><\/a><img decoding=\"async\" alt=\"Realme X2 Pro\" class=\"detail-desc-decorate-image aligncenter\" src=\"\/wp-content\/uploads\/replace\/185f0bbd420c5cfb18814c90ae2a7b4b.jpeg\" \/><img decoding=\"async\" alt=\"Realme X2 Pro\" class=\"detail-desc-decorate-image aligncenter\" src=\"\/wp-content\/uploads\/replace\/17f71a15714736d1ea7d7b9dbfcf7a03.jpeg\" \/><img decoding=\"async\" alt=\"Realme X2 Pro\" class=\"detail-desc-decorate-image aligncenter\" src=\"\/wp-content\/uploads\/replace\/a06eef34f4c4affa7f57edbb04062872.jpeg\" \/><img decoding=\"async\" alt=\"Realme X2 Pro\" class=\"detail-desc-decorate-image aligncenter\" src=\"\/wp-content\/uploads\/replace\/4af675620880d0ed53a3cf1a113f0135.jpeg\" \/><\/p>\n<p>O <a class=\"\" style=\"width: auto !important\" href=\"https:\/\/www.rucashk.com\/pt\/produto\/black-shark-2\/\" data-wpil-post-to-id=\"3399\">Xiaomi Tubar\u00e3o Negro<\/a> 2 \u00e9 um telefone de 6,39\u2033 com tela de 1080x2340p. O chipset Snapdragon 855 \u00e9 emparelhado com 6\/8\/12 GB de RAM e 128\/256 GB de armazenamento. A c\u00e2mera principal \u00e9 de 12+48MP e a c\u00e2mera selfie \u00e9 de 20MP. A bateria tem capacidade de 4000mAh.<\/p>","protected":false},"excerpt":{"rendered":"<p class=\"detail-desc-decorate-title\" data-spm-anchor-id=\"a2g0o.detail.1000023.i1.58f33df7CisQfx\">Principais caracter\u00edsticas<br \/>\nProcessador: Qualcomm Snapdragon 855 Plus Octa-core<br \/>\nSO: ColorOS 6.1 baseado em Android 9.0<br \/>\nRAM: 8 GB de RAM<br \/>\nROM: ROM de 128 GB<br \/>\nTela: 6,5 polegadas; tela cheia de gota de orvalho 2400 * 1080P<br \/>\nC\u00e2mera: c\u00e2mera qu\u00e1drupla de 64 MP + 13 MP + 8 MP + 2 MP, c\u00e2mera frontal de 16 MP<br \/>\nBateria: 4000mAh (T\u00edpico); Carga Flash SuperVOOC de 50W<br \/>\nPortas: conector de fone de ouvido de 3,5 mm; Tipo C; Nano duplo<br \/>\nMedidas: 161*75,7*8,7mm peso:\u2248199g (com bateria)<br \/>\nOutros: Google Play, NFC, atualiza\u00e7\u00e3o OTA<\/p>","protected":false},"featured_media":21569,"template":"","meta":[],"product_brand":[],"product_cat":[1295,1301],"product_tag":[481,477],"class_list":{"0":"post-21471","1":"product","2":"type-product","3":"status-publish","4":"has-post-thumbnail","6":"product_cat-mobile-phone","7":"product_cat-realme-mobile-phone","8":"product_tag-mobie","9":"product_tag-phone","11":"first","12":"instock","13":"shipping-taxable","14":"product-type-external"},"aioseo_notices":[],"aioseo_head":"\n\t\t<!-- All in One SEO Pro 4.5.9.2 - aioseo.com -->\n\t\t<meta name=\"description\" content=\"Main Features CPU: Qualcomm Snapdragon 855 Plus Octa-core OS: ColorOS 6.1 based on Android 9.0 RAM: 8GB RAM ROM: 128GB ROM Display: 6.5 inch;2400*1080P Dewdrop Full Screen Camera: 64MP+13MP+8MP+2MP Quad Camera,16MP Front Camera Battery: 4000mAh(Typ); 50W SuperVOOC Flash Charge Ports: 3.5mm headset jack;Type-C;Dual nano Measurements: 161*75.7*8.7mm weight:\u2248199g(with battery) Other: Google Play, NFC ,OTA Update\" \/>\n\t\t<meta name=\"robots\" content=\"max-image-preview:large\" \/>\n\t\t<link rel=\"canonical\" href=\"https:\/\/www.rucashk.com\/pt\/produto\/realme-x2-pro\/\" \/>\n\t\t<meta name=\"generator\" content=\"All in One SEO Pro (AIOSEO) 4.5.9.2\" \/>\n\t\t<meta property=\"og:locale\" content=\"pt_PT\" \/>\n\t\t<meta property=\"og:site_name\" content=\"Rucas - One-stop AIoT Distribution Worldwide\" \/>\n\t\t<meta property=\"og:type\" content=\"article\" \/>\n\t\t<meta property=\"og:title\" content=\"Realme X2 Pro - Rucas - Wholesale and Distribution\" \/>\n\t\t<meta property=\"og:description\" content=\"Main Features CPU: Qualcomm Snapdragon 855 Plus Octa-core OS: ColorOS 6.1 based on Android 9.0 RAM: 8GB RAM ROM: 128GB ROM Display: 6.5 inch;2400*1080P Dewdrop Full Screen Camera: 64MP+13MP+8MP+2MP Quad Camera,16MP Front Camera Battery: 4000mAh(Typ); 50W SuperVOOC Flash Charge Ports: 3.5mm headset jack;Type-C;Dual nano Measurements: 161*75.7*8.7mm weight:\u2248199g(with battery) Other: Google Play, NFC ,OTA Update\" \/>\n\t\t<meta property=\"og:url\" content=\"https:\/\/www.rucashk.com\/pt\/produto\/realme-x2-pro\/\" \/>\n\t\t<meta property=\"og:image\" content=\"https:\/\/www.rucashk.com\/wp-content\/uploads\/replace\/503b8e645f128a97ccde2b6290747646.jpeg\" \/>\n\t\t<meta property=\"og:image:secure_url\" content=\"https:\/\/www.rucashk.com\/wp-content\/uploads\/replace\/503b8e645f128a97ccde2b6290747646.jpeg\" \/>\n\t\t<meta property=\"og:image:width\" content=\"1456\" \/>\n\t\t<meta property=\"og:image:height\" content=\"816\" \/>\n\t\t<meta property=\"article:published_time\" content=\"2024-01-09T15:32:49+00:00\" \/>\n\t\t<meta property=\"article:modified_time\" content=\"2024-03-11T08:38:07+00:00\" \/>\n\t\t<meta name=\"twitter:card\" content=\"summary_large_image\" \/>\n\t\t<meta name=\"twitter:title\" content=\"Realme X2 Pro - Rucas - Wholesale and Distribution\" \/>\n\t\t<meta name=\"twitter:description\" content=\"Main Features CPU: Qualcomm Snapdragon 855 Plus Octa-core OS: ColorOS 6.1 based on Android 9.0 RAM: 8GB RAM ROM: 128GB ROM Display: 6.5 inch;2400*1080P Dewdrop Full Screen Camera: 64MP+13MP+8MP+2MP Quad Camera,16MP Front Camera Battery: 4000mAh(Typ); 50W SuperVOOC Flash Charge Ports: 3.5mm headset jack;Type-C;Dual nano Measurements: 161*75.7*8.7mm weight:\u2248199g(with battery) Other: Google Play, NFC ,OTA Update\" \/>\n\t\t<meta name=\"twitter:image\" content=\"https:\/\/www.rucashk.com\/wp-content\/uploads\/replace\/503b8e645f128a97ccde2b6290747646.jpeg\" \/>\n\t\t<script type=\"application\/ld+json\" class=\"aioseo-schema\">\n\t\t\t{\"@context\":\"https:\\\/\\\/schema.org\",\"@graph\":[{\"@type\":\"BreadcrumbList\",\"@id\":\"https:\\\/\\\/www.rucashk.com\\\/pt\\\/produto\\\/realme-x2-pro\\\/#breadcrumblist\",\"itemListElement\":[{\"@type\":\"ListItem\",\"@id\":\"https:\\\/\\\/www.rucashk.com\\\/pt\\\/#listItem\",\"position\":1,\"name\":\"Home\",\"item\":\"https:\\\/\\\/www.rucashk.com\\\/pt\\\/\",\"nextItem\":\"https:\\\/\\\/www.rucashk.com\\\/pt\\\/produto\\\/realme-x2-pro\\\/#listItem\"},{\"@type\":\"ListItem\",\"@id\":\"https:\\\/\\\/www.rucashk.com\\\/pt\\\/produto\\\/realme-x2-pro\\\/#listItem\",\"position\":2,\"name\":\"Realme X2 Pro\",\"previousItem\":\"https:\\\/\\\/www.rucashk.com\\\/pt\\\/#listItem\"}]},{\"@type\":\"Organization\",\"@id\":\"https:\\\/\\\/www.rucashk.com\\\/pt\\\/#organization\",\"name\":\"Rucas\",\"url\":\"https:\\\/\\\/www.rucashk.com\\\/pt\\\/\",\"logo\":{\"@type\":\"ImageObject\",\"url\":\"https:\\\/\\\/www.rucashk.com\\\/wp-content\\\/uploads\\\/2023\\\/12\\\/Rucas_campany_logo.png\",\"@id\":\"https:\\\/\\\/www.rucashk.com\\\/pt\\\/produto\\\/realme-x2-pro\\\/#organizationLogo\",\"width\":221,\"height\":65},\"image\":{\"@id\":\"https:\\\/\\\/www.rucashk.com\\\/pt\\\/#organizationLogo\"}},{\"@type\":\"Person\",\"@id\":\"https:\\\/\\\/www.rucashk.com\\\/pt\\\/author\\\/admin\\\/#author\",\"url\":\"https:\\\/\\\/www.rucashk.com\\\/pt\\\/author\\\/admin\\\/\",\"name\":\"admin\",\"image\":{\"@type\":\"ImageObject\",\"@id\":\"https:\\\/\\\/www.rucashk.com\\\/pt\\\/produto\\\/realme-x2-pro\\\/#authorImage\",\"url\":\"https:\\\/\\\/secure.gravatar.com\\\/avatar\\\/b7c8925b09a27e72b30232f8ecaadbd5af0f70a38c78096863fe51b64f031c24?s=96&d=mm&r=g\",\"width\":96,\"height\":96,\"caption\":\"admin\"}},{\"@type\":\"WebPage\",\"@id\":\"https:\\\/\\\/www.rucashk.com\\\/pt\\\/produto\\\/realme-x2-pro\\\/#webpage\",\"url\":\"https:\\\/\\\/www.rucashk.com\\\/pt\\\/produto\\\/realme-x2-pro\\\/\",\"name\":\"Realme X2 Pro - Rucas - Wholesale and Distribution\",\"description\":\"Main Features CPU: Qualcomm Snapdragon 855 Plus Octa-core OS: ColorOS 6.1 based on Android 9.0 RAM: 8GB RAM ROM: 128GB ROM Display: 6.5 inch;2400*1080P Dewdrop Full Screen Camera: 64MP+13MP+8MP+2MP Quad Camera,16MP Front Camera Battery: 4000mAh(Typ); 50W SuperVOOC Flash Charge Ports: 3.5mm headset jack;Type-C;Dual nano Measurements: 161*75.7*8.7mm weight:\\u2248199g(with battery) Other: Google Play, NFC ,OTA Update\",\"inLanguage\":\"pt-PT\",\"isPartOf\":{\"@id\":\"https:\\\/\\\/www.rucashk.com\\\/pt\\\/#website\"},\"breadcrumb\":{\"@id\":\"https:\\\/\\\/www.rucashk.com\\\/pt\\\/produto\\\/realme-x2-pro\\\/#breadcrumblist\"},\"author\":{\"@id\":\"https:\\\/\\\/www.rucashk.com\\\/pt\\\/author\\\/admin\\\/#author\"},\"creator\":{\"@id\":\"https:\\\/\\\/www.rucashk.com\\\/pt\\\/author\\\/admin\\\/#author\"},\"image\":{\"@type\":\"ImageObject\",\"url\":\"https:\\\/\\\/www.rucashk.com\\\/wp-content\\\/uploads\\\/2024\\\/01\\\/Global-Version-Realme-X2-Pro-LTE-Smartphone-8GB-128GB-6-5-Snapdragon-855-Plus-64MP-Camera-1.jpg_640x640-1.jpg\",\"@id\":\"https:\\\/\\\/www.rucashk.com\\\/pt\\\/produto\\\/realme-x2-pro\\\/#mainImage\",\"width\":800,\"height\":800},\"primaryImageOfPage\":{\"@id\":\"https:\\\/\\\/www.rucashk.com\\\/pt\\\/produto\\\/realme-x2-pro\\\/#mainImage\"},\"datePublished\":\"2024-01-09T15:32:49+00:00\",\"dateModified\":\"2024-03-11T08:38:07+00:00\"},{\"@type\":\"WebSite\",\"@id\":\"https:\\\/\\\/www.rucashk.com\\\/pt\\\/#website\",\"url\":\"https:\\\/\\\/www.rucashk.com\\\/pt\\\/\",\"name\":\"Rucas - Wholesale and distribution worldwide\",\"alternateName\":\"Rucas - One-stop AIoT Distribution Worldwide\",\"description\":\"One-stop AIoT Distribution Worldwide\",\"inLanguage\":\"pt-PT\",\"publisher\":{\"@id\":\"https:\\\/\\\/www.rucashk.com\\\/pt\\\/#organization\"}}]}\n\t\t<\/script>\n\t\t<!-- All in One SEO Pro -->\r\n\t\t<title>Realme X2 Pro - Rucas - Wholesale and Distribution<\/title>\n\n","aioseo_head_json":{"title":"Realme X2 Pro - Rucas - Wholesale and Distribution","description":"Main Features CPU: Qualcomm Snapdragon 855 Plus Octa-core OS: ColorOS 6.1 based on Android 9.0 RAM: 8GB RAM ROM: 128GB ROM Display: 6.5 inch;2400*1080P Dewdrop Full Screen Camera: 64MP+13MP+8MP+2MP Quad Camera,16MP Front Camera Battery: 4000mAh(Typ); 50W SuperVOOC Flash Charge Ports: 3.5mm headset jack;Type-C;Dual nano Measurements: 161*75.7*8.7mm weight:\u2248199g(with battery) Other: Google Play, NFC ,OTA Update","canonical_url":"https:\/\/www.rucashk.com\/pt\/produto\/realme-x2-pro\/","robots":"max-image-preview:large","keywords":"","webmasterTools":{"miscellaneous":""},"og:locale":"pt_PT","og:site_name":"Rucas - One-stop AIoT Distribution Worldwide","og:type":"article","og:title":"Realme X2 Pro - Rucas - Wholesale and Distribution","og:description":"Main Features CPU: Qualcomm Snapdragon 855 Plus Octa-core OS: ColorOS 6.1 based on Android 9.0 RAM: 8GB RAM ROM: 128GB ROM Display: 6.5 inch;2400*1080P Dewdrop Full Screen Camera: 64MP+13MP+8MP+2MP Quad Camera,16MP Front Camera Battery: 4000mAh(Typ); 50W SuperVOOC Flash Charge Ports: 3.5mm headset jack;Type-C;Dual nano Measurements: 161*75.7*8.7mm weight:\u2248199g(with battery) Other: Google Play, NFC ,OTA Update","og:url":"https:\/\/www.rucashk.com\/pt\/produto\/realme-x2-pro\/","og:image":"https:\/\/www.rucashk.com\/wp-content\/uploads\/replace\/503b8e645f128a97ccde2b6290747646.jpeg","og:image:secure_url":"https:\/\/www.rucashk.com\/wp-content\/uploads\/replace\/503b8e645f128a97ccde2b6290747646.jpeg","og:image:width":1456,"og:image:height":816,"article:published_time":"2024-01-09T15:32:49+00:00","article:modified_time":"2024-03-11T08:38:07+00:00","twitter:card":"summary_large_image","twitter:title":"Realme X2 Pro - Rucas - Wholesale and Distribution","twitter:description":"Main Features CPU: Qualcomm Snapdragon 855 Plus Octa-core OS: ColorOS 6.1 based on Android 9.0 RAM: 8GB RAM ROM: 128GB ROM Display: 6.5 inch;2400*1080P Dewdrop Full Screen Camera: 64MP+13MP+8MP+2MP Quad Camera,16MP Front Camera Battery: 4000mAh(Typ); 50W SuperVOOC Flash Charge Ports: 3.5mm headset jack;Type-C;Dual nano Measurements: 161*75.7*8.7mm weight:\u2248199g(with battery) Other: Google Play, NFC ,OTA Update","twitter:image":"https:\/\/www.rucashk.com\/wp-content\/uploads\/replace\/503b8e645f128a97ccde2b6290747646.jpeg","schema":{"@context":"https:\/\/schema.org","@graph":[{"@type":"BreadcrumbList","@id":"https:\/\/www.rucashk.com\/pt\/produto\/realme-x2-pro\/#breadcrumblist","itemListElement":[{"@type":"ListItem","@id":"https:\/\/www.rucashk.com\/pt\/#listItem","position":1,"name":"Home","item":"https:\/\/www.rucashk.com\/pt\/","nextItem":"https:\/\/www.rucashk.com\/pt\/produto\/realme-x2-pro\/#listItem"},{"@type":"ListItem","@id":"https:\/\/www.rucashk.com\/pt\/produto\/realme-x2-pro\/#listItem","position":2,"name":"Realme X2 Pro","previousItem":"https:\/\/www.rucashk.com\/pt\/#listItem"}]},{"@type":"Organization","@id":"https:\/\/www.rucashk.com\/pt\/#organization","name":"Rucas","url":"https:\/\/www.rucashk.com\/pt\/","logo":{"@type":"ImageObject","url":"https:\/\/www.rucashk.com\/wp-content\/uploads\/2023\/12\/Rucas_campany_logo.png","@id":"https:\/\/www.rucashk.com\/pt\/produto\/realme-x2-pro\/#organizationLogo","width":221,"height":65},"image":{"@id":"https:\/\/www.rucashk.com\/pt\/#organizationLogo"}},{"@type":"Person","@id":"https:\/\/www.rucashk.com\/pt\/author\/admin\/#author","url":"https:\/\/www.rucashk.com\/pt\/author\/admin\/","name":"admin","image":{"@type":"ImageObject","@id":"https:\/\/www.rucashk.com\/pt\/produto\/realme-x2-pro\/#authorImage","url":"https:\/\/secure.gravatar.com\/avatar\/b7c8925b09a27e72b30232f8ecaadbd5af0f70a38c78096863fe51b64f031c24?s=96&d=mm&r=g","width":96,"height":96,"caption":"admin"}},{"@type":"WebPage","@id":"https:\/\/www.rucashk.com\/pt\/produto\/realme-x2-pro\/#webpage","url":"https:\/\/www.rucashk.com\/pt\/produto\/realme-x2-pro\/","name":"Realme X2 Pro - Rucas - Wholesale and Distribution","description":"Main Features CPU: Qualcomm Snapdragon 855 Plus Octa-core OS: ColorOS 6.1 based on Android 9.0 RAM: 8GB RAM ROM: 128GB ROM Display: 6.5 inch;2400*1080P Dewdrop Full Screen Camera: 64MP+13MP+8MP+2MP Quad Camera,16MP Front Camera Battery: 4000mAh(Typ); 50W SuperVOOC Flash Charge Ports: 3.5mm headset jack;Type-C;Dual nano Measurements: 161*75.7*8.7mm weight:\u2248199g(with battery) Other: Google Play, NFC ,OTA Update","inLanguage":"pt-PT","isPartOf":{"@id":"https:\/\/www.rucashk.com\/pt\/#website"},"breadcrumb":{"@id":"https:\/\/www.rucashk.com\/pt\/produto\/realme-x2-pro\/#breadcrumblist"},"author":{"@id":"https:\/\/www.rucashk.com\/pt\/author\/admin\/#author"},"creator":{"@id":"https:\/\/www.rucashk.com\/pt\/author\/admin\/#author"},"image":{"@type":"ImageObject","url":"https:\/\/www.rucashk.com\/wp-content\/uploads\/2024\/01\/Global-Version-Realme-X2-Pro-LTE-Smartphone-8GB-128GB-6-5-Snapdragon-855-Plus-64MP-Camera-1.jpg_640x640-1.jpg","@id":"https:\/\/www.rucashk.com\/pt\/produto\/realme-x2-pro\/#mainImage","width":800,"height":800},"primaryImageOfPage":{"@id":"https:\/\/www.rucashk.com\/pt\/produto\/realme-x2-pro\/#mainImage"},"datePublished":"2024-01-09T15:32:49+00:00","dateModified":"2024-03-11T08:38:07+00:00"},{"@type":"WebSite","@id":"https:\/\/www.rucashk.com\/pt\/#website","url":"https:\/\/www.rucashk.com\/pt\/","name":"Rucas - Wholesale and distribution worldwide","alternateName":"Rucas - One-stop AIoT Distribution Worldwide","description":"One-stop AIoT Distribution Worldwide","inLanguage":"pt-PT","publisher":{"@id":"https:\/\/www.rucashk.com\/pt\/#organization"}}]}},"aioseo_meta_data":{"post_id":"21471","title":null,"description":null,"keywords":null,"keyphrases":null,"primary_term":null,"canonical_url":null,"og_title":null,"og_description":null,"og_object_type":"default","og_image_type":"default","og_image_url":null,"og_image_width":null,"og_image_height":null,"og_image_custom_url":null,"og_image_custom_fields":null,"og_video":null,"og_custom_url":null,"og_article_section":null,"og_article_tags":null,"twitter_use_og":false,"twitter_card":"default","twitter_image_type":"default","twitter_image_url":null,"twitter_image_custom_url":null,"twitter_image_custom_fields":null,"twitter_title":null,"twitter_description":null,"schema":{"blockGraphs":[],"customGraphs":[],"default":{"data":{"Article":[],"Course":[],"Dataset":[],"FAQPage":[],"Movie":[],"Person":[],"Product":[],"Recipe":[],"Service":[],"SoftwareApplication":[],"WebPage":[]},"graphName":"","isEnabled":true},"graphs":[]},"schema_type":"default","schema_type_options":null,"pillar_content":false,"robots_default":true,"robots_noindex":false,"robots_noarchive":false,"robots_nosnippet":false,"robots_nofollow":false,"robots_noimageindex":false,"robots_noodp":false,"robots_notranslate":false,"robots_max_snippet":null,"robots_max_videopreview":null,"robots_max_imagepreview":"large","priority":null,"frequency":null,"local_seo":null,"breadcrumb_settings":null,"limit_modified_date":false,"created":"2024-04-11 01:55:18","updated":"2025-06-22 16:23:57"},"aioseo_breadcrumb":"<div class=\"aioseo-breadcrumbs\"><span class=\"aioseo-breadcrumb\">\n\t<a href=\"https:\/\/www.rucashk.com\/pt\" title=\"Home\">Home<\/a>\n<\/span><span class=\"aioseo-breadcrumb-separator\">&raquo;<\/span><span class=\"aioseo-breadcrumb\">\n\t<a href=\"https:\/\/www.rucashk.com\/pt\/products\/\" title=\"Produtos\">Produtos<\/a>\n<\/span><span class=\"aioseo-breadcrumb-separator\">&raquo;<\/span><span class=\"aioseo-breadcrumb\">\n\t<a href=\"https:\/\/www.rucashk.com\/pt\/categoria-produto\/mobile-phone\/\" title=\"Mobile Phone\">Mobile Phone<\/a>\n<\/span><span class=\"aioseo-breadcrumb-separator\">&raquo;<\/span><span class=\"aioseo-breadcrumb\">\n\t<a href=\"https:\/\/www.rucashk.com\/pt\/categoria-produto\/mobile-phone\/realme-mobile-phone\/\" title=\"Realme\">Realme<\/a>\n<\/span><span class=\"aioseo-breadcrumb-separator\">&raquo;<\/span><span class=\"aioseo-breadcrumb\">\n\tRealme X2 Pro\n<\/span><\/div>","aioseo_breadcrumb_json":[{"label":"Home","link":"https:\/\/www.rucashk.com\/pt"},{"label":"Produtos","link":"https:\/\/www.rucashk.com\/pt\/products\/"},{"label":"Mobile Phone","link":"https:\/\/www.rucashk.com\/pt\/categoria-produto\/mobile-phone\/"},{"label":"Realme","link":"https:\/\/www.rucashk.com\/pt\/categoria-produto\/mobile-phone\/realme-mobile-phone\/"},{"label":"Realme X2 Pro","link":"https:\/\/www.rucashk.com\/pt\/produto\/realme-x2-pro\/"}],"_links":{"self":[{"href":"https:\/\/www.rucashk.com\/pt\/wp-json\/wp\/v2\/product\/21471","targetHints":{"allow":["GET"]}}],"collection":[{"href":"https:\/\/www.rucashk.com\/pt\/wp-json\/wp\/v2\/product"}],"about":[{"href":"https:\/\/www.rucashk.com\/pt\/wp-json\/wp\/v2\/types\/product"}],"wp:featuredmedia":[{"embeddable":true,"href":"https:\/\/www.rucashk.com\/pt\/wp-json\/wp\/v2\/media\/21569"}],"wp:attachment":[{"href":"https:\/\/www.rucashk.com\/pt\/wp-json\/wp\/v2\/media?parent=21471"}],"wp:term":[{"taxonomy":"product_brand","embeddable":true,"href":"https:\/\/www.rucashk.com\/pt\/wp-json\/wp\/v2\/product_brand?post=21471"},{"taxonomy":"product_cat","embeddable":true,"href":"https:\/\/www.rucashk.com\/pt\/wp-json\/wp\/v2\/product_cat?post=21471"},{"taxonomy":"product_tag","embeddable":true,"href":"https:\/\/www.rucashk.com\/pt\/wp-json\/wp\/v2\/product_tag?post=21471"}],"curies":[{"name":"wp","href":"https:\/\/api.w.org\/{rel}","templated":true}]}}