{"id":21396,"date":"2024-01-09T15:32:05","date_gmt":"2024-01-09T15:32:05","guid":{"rendered":"http:\/\/rucashk.com\/?post_type=product&#038;p=21396"},"modified":"2024-03-11T08:47:04","modified_gmt":"2024-03-11T08:47:04","slug":"xiaomi-mi-note-10-108mp-penta-camera-wholesale","status":"publish","type":"product","link":"https:\/\/www.rucashk.com\/pt\/produto\/xiaomi-mi-note-10-108mp-penta-camera-wholesale\/","title":{"rendered":"C\u00e2mera Xiaomi Mi Redmi Note 10 108MP Penta atacado"},"content":{"rendered":"<div>\n<div class=\"detailmodule_html\">\n<div class=\"detail-desc-decorate-richtext\">\n<div class=\"detailmodule_html\">\n<div>\n<div>\n<div>\n<div>\n<div style=\"text-align: center\">Mi Nota 10<\/div>\n<div style=\"text-align: center\">Sonhe grande, filme \u00e9pico<\/div>\n<div style=\"text-align: center\">A primeira c\u00e2mera penta de 108 MP do mundo<\/div>\n<div style=\"text-align: center\"><img decoding=\"async\" src=\"\/wp-content\/uploads\/replace\/3ce2bd775e5f4a2eb2cddb541f105d24.jpeg\" alt=\"NOTE-10--\u8be6\u60c5_01\" \/><\/div>\n<div style=\"text-align: center\">C\u00e2mera penta traseira AI de 108 MP | Tela AMOLED curva 3D de 6,47\u2033 | Processador Snapdragon 730G<\/div>\n<div style=\"text-align: center\">MIUI11 | 5260 mAh (t\u00edpico)\/ 5170mAh (min) | NFC multifuncional compat\u00edvel com Google Pay<\/div>\n<div style=\"text-align: center\"><img decoding=\"async\" src=\"\/wp-content\/uploads\/replace\/9ed42834f8a526066a79b6c325a845ff.jpeg\" alt=\"NOTE-10--\u8be6\u60c5_02\" \/><\/div>\n<div style=\"text-align: center\"><strong>Sistema de imagem para todos os cen\u00e1rios Bem-vindo \u00e0 Penta Camera Era<\/strong><\/div>\n<div style=\"text-align: center\">\n<div>Telefoto de 5 MP <a class=\"\" style=\"width: auto !important\" href=\"https:\/\/www.rucashk.com\/pt\/produto\/huawei-p40-pro\/\" data-wpil-post-to-id=\"5675\">c\u00e2mera | C\u00e2mera retrato de 12 MP | 108 MP ultra<\/a> c\u00e2mera de alta resolu\u00e7\u00e3o<\/div>\n<div>C\u00e2mera ultra grande angular de 20 MP | C\u00e2mera macro de 2 MP<\/div>\n<div><img decoding=\"async\" src=\"\/wp-content\/uploads\/replace\/d3e0e7ea4f97c32d9e0ce131979037dd.jpeg\" alt=\"NOTE-10--\u8be6\u60c5_03\" \/><\/div>\n<div><strong>Primeira c\u00e2mera de 108 MP produzida em massa Lente de imagem n\u00edtida e detalhada<\/strong><\/div>\n<div>Inapresentavelmente, <a class=\"\" style=\"width: auto !important\" href=\"https:\/\/www.rucashk.com\/pt\/produto\/xiaomi-mi-drone-wifi-fpv-with-4k-30fps-camera-3-axis-gimbal-rc-quadcopter\/\" data-wpil-post-to-id=\"2783\">Mi Note 10 possui uma c\u00e2mera de 108MP, com resolu\u00e7\u00e3o de foto \u00fanica de at\u00e9 12032 x 9024, 12 vezes maior que 4K<\/a> resolu\u00e7\u00e3o! Com um sensor de imagem super grande no tamanho de 1\/1,33\u2033, o <a class=\"\" style=\"width: auto !important\" href=\"https:\/\/www.rucashk.com\/pt\/produto\/xiaomi-redmi-note-8t-48mp-rear-camera-4000mah-smartphone\/\" data-wpil-post-to-id=\"2427\">c\u00e2mera no Mi Note<\/a> 10 supera a maioria das c\u00e2meras digitais.<\/div>\n<div><img decoding=\"async\" src=\"\/wp-content\/uploads\/replace\/6bf4eae85749d53369505098a314311b.jpeg\" alt=\"NOTE-10--\u8be6\u60c5_04\" \/><\/div>\n<div>C\u00e2mera telefoto de 5MP | C\u00e2mera retrato de 12 MP | C\u00e2mera ultra grande angular de 20 MP<\/div>\n<div>C\u00e2mera selfie de 32 MP | Fotos macro \u00e9picas | Modo Vlog e modo noturno 2.0<\/div>\n<div><img decoding=\"async\" src=\"\/wp-content\/uploads\/replace\/79a87007bbf168a69e88422dfb3d7882.jpeg\" alt=\"NOTE-10--\u8be6\u60c5_05\" \/><\/div>\n<div><strong>Tela AMOLED curvada 3D de 6,47 \u2033 Vidro Corning Gorilla na frente e atr\u00e1s<\/strong><\/div>\n<div>\n<div>HDR 10 Excelente contraste de v\u00eddeo<\/div>\n<div>Tela FHD + mais n\u00edtida<\/div>\n<div>Modo de leitura 2.0 Certifica\u00e7\u00e3o de luz azul baixa T\u00dcV Rheinland<\/div>\n<div><img decoding=\"async\" src=\"\/wp-content\/uploads\/replace\/ae5597552df24aa3612ca3744f926148.jpeg\" alt=\"NOTE-10--\u8be6\u60c5_06\" \/><\/div>\n<div><strong>Novo sensor de impress\u00e3o digital responsivo na tela<\/strong><\/div>\n<div><a class=\"\" style=\"width: auto !important\" href=\"https:\/\/www.rucashk.com\/pt\/produto\/soocas-electric-hair-dryer-h3s\/\" data-wpil-post-to-id=\"5046\">O Mi Note 10 emprega tecnologia de desbloqueio de tela ultra plana totalmente nova e otimiza ainda mais a experi\u00eancia de desbloqueio sob luz forte, com luz seca.<\/a> dedos e em baixas temperaturas. N\u00e3o s\u00f3 a sensibilidade do bot\u00e3o de desbloqueio aumentou, mas a taxa de sucesso tamb\u00e9m aumentou.<\/div>\n<div><img decoding=\"async\" src=\"\/wp-content\/uploads\/replace\/0b1e9ca336ea7d2d622ebf6d2208f5ee.jpeg\" alt=\"NOTE-10--\u8be6\u60c5_07\" \/><\/div>\n<div><strong>Bateria grande e carregamento r\u00e1pido<\/strong><\/div>\n<div>\n<div>Bateria de ultra-alta capacidade de 5260mAh para mais de dois dias de uso, carga de flash de 30W na caixa,<\/div>\n<div>r\u00e1pido <a class=\"\" style=\"width: auto !important\" href=\"https:\/\/www.rucashk.com\/pt\/produto\/xiaomi-mi-usb-c-charger-65w-output-rate-socket-power-adapter\/\" data-wpil-post-to-id=\"2611\">recarga de energia, 100% carregado<\/a> no menor tempo de 65 minutos<\/div>\n<div><img decoding=\"async\" src=\"\/wp-content\/uploads\/replace\/8aaa693913e1ce810c93b253204e2798.jpeg\" alt=\"NOTE-10--\u8be6\u60c5_08\" \/><\/div>\n<div><strong>Qualcomm Snapdragon 730G\u00a0<\/strong><\/div>\n<div>Como o chip mais forte da Qualcomm S\u00e9rie 7, o Snapdragon 730G oferece frequ\u00eancia principal m\u00e1xima de at\u00e9 2,2 GHz, <a class=\"\" style=\"width: auto !important\" href=\"https:\/\/www.rucashk.com\/pt\/microsoft-releases-10-new-products285000-core-ai-supercomputers-maximum-language-model\/\" data-wpil-post-to-id=\"8630\">frequ\u00eancia m\u00e1xima de renderiza\u00e7\u00e3o de 700 MHz e maior velocidade geral em opera\u00e7\u00f5es, jogos, IA<\/a> etc.<\/div>\n<div><img decoding=\"async\" src=\"\/wp-content\/uploads\/replace\/55387663c4f87490db4888c30edc252a.jpeg\" alt=\"NOTE-10--\u8be6\u60c5_09\" \/><\/div>\n<div><strong>NFC multifuncional compat\u00edvel com Google Pay<\/strong><\/div>\n<div><strong><img decoding=\"async\" src=\"\/wp-content\/uploads\/replace\/d3db0c46e362b3c97f5f210742df88c1.jpeg\" alt=\"NOTE-10--\u8be6\u60c5_10\" \/><\/strong><\/div>\n<\/div>\n<\/div>\n<\/div>\n<\/div>\n<\/div>\n<\/div>\n<\/div>\n<\/div>\n<\/div>\n<\/div>\n<\/div>\n<p><img decoding=\"async\" class=\"aligncenter\" src=\"\/wp-content\/uploads\/replace\/1bf05207bf7948a8eb8b2076db49b01e.jpeg\" alt=\"1-4\" \/><img decoding=\"async\" class=\"aligncenter\" src=\"\/wp-content\/uploads\/replace\/21dc91a4acb6a00f45c56f13b735cd15.jpeg\" alt=\"1-6\" \/><img decoding=\"async\" class=\"aligncenter\" src=\"\/wp-content\/uploads\/replace\/e03633f11a79cdbb4220911521719fb2.jpeg\" alt=\"1-7\" \/><img decoding=\"async\" class=\"aligncenter\" src=\"\/wp-content\/uploads\/replace\/34de3e5c080f1d1f49ba61223c9a8746.jpeg\" alt=\"1-8\" \/><img decoding=\"async\" class=\"aligncenter\" src=\"\/wp-content\/uploads\/replace\/838859b8e8c8c2684ac0b6b7db89c107.jpeg\" alt=\"1-9\" \/><\/p>\n<table border=\"1\" cellspacing=\"0\">\n<tbody>\n<tr>\n<td colspan=\"3\">\n<p align=\"center\"><strong>Mi Nota 10\u00a0<\/strong><\/p>\n<\/td>\n<\/tr>\n<tr>\n<td>\n<p align=\"center\"><strong>Vers\u00e3o<\/strong><\/p>\n<\/td>\n<td colspan=\"2\">\n<p align=\"center\"><a class=\"\" style=\"width: auto !important\" href=\"https:\/\/www.rucashk.com\/pt\/xiaomi-will-launch-miui-9-global-stability-update-from-november-3\/\" data-wpil-post-to-id=\"7691\">Vers\u00e3o Global \u2013 Suporte Multil\u00edngue, Google Play, Atualiza\u00e7\u00e3o OTA<\/a><\/p>\n<\/td>\n<\/tr>\n<tr>\n<td>\n<p align=\"center\"><strong>Processador<\/strong><\/p>\n<\/td>\n<td colspan=\"2\">\n<p align=\"center\">Processador Qualcomm\u00ae Snapdragon\u2122 730G<\/p>\n<\/td>\n<\/tr>\n<tr>\n<td>\n<p align=\"center\"><strong>C\u00e2mera<\/strong><\/p>\n<\/td>\n<td colspan=\"2\">\n<p align=\"center\">C\u00e2mera penta traseira AI de 108 MP; C\u00e2mera frontal de 32MP<\/p>\n<\/td>\n<\/tr>\n<tr>\n<td rowspan=\"4\">\n<p align=\"center\"><strong>Tela<\/strong><\/p>\n<\/td>\n<td colspan=\"2\">\n<p align=\"center\">Tela AMOLED curva 3D de 6,47\u2033<\/p>\n<\/td>\n<\/tr>\n<tr>\n<td>\n<p align=\"center\">Resolu\u00e7\u00e3o<\/p>\n<\/td>\n<td>\n<p align=\"center\">2340\u00d71080 FHD+, 398PPI<\/p>\n<\/td>\n<\/tr>\n<tr>\n<td>\n<p align=\"center\">Brilho<\/p>\n<\/td>\n<td>\n<p align=\"center\">600 nits (HBM) \/ 430 nits (t\u00edpico)<\/p>\n<\/td>\n<\/tr>\n<tr>\n<td>\n<p align=\"center\">Contraste<\/p>\n<\/td>\n<td>\n<p align=\"center\">400.000:1 (min) | Gama de cores: DCI-P3<\/p>\n<\/td>\n<\/tr>\n<tr>\n<td>\n<p align=\"center\"><strong><a class=\"\" style=\"width: auto !important\" href=\"https:\/\/www.rucashk.com\/pt\/produto\/xiaomi-mi-a3-4g-smartphone-4gb-ram-128gb-rom\/\" data-wpil-post-to-id=\"2352\">RAM + ROM<\/a><\/strong><\/p>\n<\/td>\n<td colspan=\"2\">\n<p align=\"center\">6 GB + 128 GB<\/p>\n<\/td>\n<\/tr>\n<tr>\n<td>\n<p align=\"center\"><strong>Bateria<\/strong><\/p>\n<\/td>\n<td colspan=\"2\">\n<p align=\"center\">5260 mAh (tipo), suporta carga r\u00e1pida de 30 W<\/p>\n<\/td>\n<\/tr>\n<tr>\n<td>\n<p align=\"center\"><strong>SO<\/strong><\/p>\n<\/td>\n<td colspan=\"2\">\n<p align=\"center\">MIUI 11<\/p>\n<\/td>\n<\/tr>\n<tr>\n<td>\n<p align=\"center\"><strong>Outros<\/strong><\/p>\n<\/td>\n<td colspan=\"2\">\n<p align=\"center\">WIFI, Bluetooth 5.0, desbloqueio de impress\u00e3o digital na tela, GPS, OTG, NFC<\/p>\n<\/td>\n<\/tr>\n<tr>\n<td rowspan=\"5\">\n<p align=\"center\"><strong>Rede<\/strong><\/p>\n<\/td>\n<td colspan=\"2\">\n<p align=\"center\">\u00a0Dual <a class=\"\" style=\"width: auto !important\" href=\"https:\/\/www.rucashk.com\/pt\/produto\/wiko-view4-lite\/\" data-wpil-post-to-id=\"5614\">SIM duplo<\/a> Modo de espera (slots duplos Nano-SIM)<\/p>\n<\/td>\n<\/tr>\n<tr>\n<td>\n<p align=\"center\">2G<\/p>\n<\/td>\n<td>\n<p align=\"center\">GSM: B2\/B3\/B5\/B8<\/p>\n<\/td>\n<\/tr>\n<tr>\n<td>\n<p align=\"center\">3G<\/p>\n<\/td>\n<td>\n<p align=\"center\">WCDMA: B1\/B2\/B4\/B5\/B6\/B8\/B19<\/p>\n<\/td>\n<\/tr>\n<tr>\n<td rowspan=\"2\">\n<p align=\"center\">4G<\/p>\n<\/td>\n<td>\n<p align=\"center\">LTE FDD: B1\/B2\/B3\/B4\/B5\/B7\/B8\/B18\/B19\/B20\/B26\/B28<\/p>\n<\/td>\n<\/tr>\n<tr>\n<td>\n<p align=\"center\">LTE TDD: B38\/40<\/p>\n<\/td>\n<\/tr>\n<tr>\n<td colspan=\"3\">\n<p align=\"center\"><strong>Nossos produtos s\u00e3o todas vers\u00f5es globais,<\/strong><\/p>\n<p align=\"center\"><strong>n\u00f3s lhe enviaremos o plugue adequado de acordo com o seu pa\u00eds.<\/strong><\/p>\n<div><\/div>\n<\/td>\n<\/tr>\n<\/tbody>\n<\/table>","protected":false},"excerpt":{"rendered":"<p>Mi Nota 10<br \/>\n1. 108MP+5MP+12MP+20MP+2MP Rear Camera.<br \/>\n2. Snapdragon 730G Octa Core.<br \/>\n3. 6.47&#8243; 3D Curved AMOLED 19.5:9 Full Screen.<br \/>\n4. 5260mAh Big Battery.<br \/>\n5. World&#8217;s first 108MP penta camera.<\/p>","protected":false},"featured_media":21523,"template":"","meta":[],"product_brand":[],"product_cat":[1295,1297],"product_tag":[421,418,420],"class_list":{"0":"post-21396","1":"product","2":"type-product","3":"status-publish","4":"has-post-thumbnail","6":"product_cat-mobile-phone","7":"product_cat-redmi-mobile-phone","8":"product_tag-mi-note10","9":"product_tag-mi-phones","10":"product_tag-xiaomi","12":"first","13":"instock","14":"shipping-taxable","15":"product-type-external"},"aioseo_notices":[],"aioseo_head":"\n\t\t<!-- All in One SEO Pro 4.5.9.2 - aioseo.com -->\n\t\t<meta name=\"description\" content=\"Mi Note 10 1. 108MP+5MP+12MP+20MP+2MP Rear Camera. 2. Snapdragon 730G Octa Core. 3. 6.47&quot; 3D Curved AMOLED 19.5:9 Full Screen. 4. 5260mAh Big Battery. 5. World&#039;s first 108MP penta camera.\" \/>\n\t\t<meta name=\"robots\" content=\"max-image-preview:large\" \/>\n\t\t<link rel=\"canonical\" href=\"https:\/\/www.rucashk.com\/pt\/produto\/xiaomi-mi-note-10-108mp-penta-camera-wholesale\/\" \/>\n\t\t<meta name=\"generator\" content=\"All in One SEO Pro (AIOSEO) 4.5.9.2\" \/>\n\t\t<meta property=\"og:locale\" content=\"pt_PT\" \/>\n\t\t<meta property=\"og:site_name\" content=\"Rucas - One-stop AIoT Distribution Worldwide\" \/>\n\t\t<meta property=\"og:type\" content=\"article\" \/>\n\t\t<meta property=\"og:title\" content=\"Xiaomi Mi Redmi Note 10 108MP Penta Camera Wholesale - Rucas - Wholesale and Distribution\" \/>\n\t\t<meta property=\"og:description\" content=\"Mi Note 10 1. 108MP+5MP+12MP+20MP+2MP Rear Camera. 2. Snapdragon 730G Octa Core. 3. 6.47&quot; 3D Curved AMOLED 19.5:9 Full Screen. 4. 5260mAh Big Battery. 5. World&#039;s first 108MP penta camera.\" \/>\n\t\t<meta property=\"og:url\" content=\"https:\/\/www.rucashk.com\/pt\/produto\/xiaomi-mi-note-10-108mp-penta-camera-wholesale\/\" \/>\n\t\t<meta property=\"og:image\" content=\"https:\/\/www.rucashk.com\/wp-content\/uploads\/replace\/503b8e645f128a97ccde2b6290747646.jpeg\" \/>\n\t\t<meta property=\"og:image:secure_url\" content=\"https:\/\/www.rucashk.com\/wp-content\/uploads\/replace\/503b8e645f128a97ccde2b6290747646.jpeg\" \/>\n\t\t<meta property=\"og:image:width\" content=\"1456\" \/>\n\t\t<meta property=\"og:image:height\" content=\"816\" \/>\n\t\t<meta property=\"article:published_time\" content=\"2024-01-09T15:32:05+00:00\" \/>\n\t\t<meta property=\"article:modified_time\" content=\"2024-03-11T08:47:04+00:00\" \/>\n\t\t<meta name=\"twitter:card\" content=\"summary_large_image\" \/>\n\t\t<meta name=\"twitter:title\" content=\"Xiaomi Mi Redmi Note 10 108MP Penta Camera Wholesale - Rucas - Wholesale and Distribution\" \/>\n\t\t<meta name=\"twitter:description\" content=\"Mi Note 10 1. 108MP+5MP+12MP+20MP+2MP Rear Camera. 2. Snapdragon 730G Octa Core. 3. 6.47&quot; 3D Curved AMOLED 19.5:9 Full Screen. 4. 5260mAh Big Battery. 5. World&#039;s first 108MP penta camera.\" \/>\n\t\t<meta name=\"twitter:image\" content=\"https:\/\/www.rucashk.com\/wp-content\/uploads\/replace\/503b8e645f128a97ccde2b6290747646.jpeg\" \/>\n\t\t<script type=\"application\/ld+json\" class=\"aioseo-schema\">\n\t\t\t{\"@context\":\"https:\\\/\\\/schema.org\",\"@graph\":[{\"@type\":\"BreadcrumbList\",\"@id\":\"https:\\\/\\\/www.rucashk.com\\\/pt\\\/produto\\\/xiaomi-mi-note-10-108mp-penta-camera-wholesale\\\/#breadcrumblist\",\"itemListElement\":[{\"@type\":\"ListItem\",\"@id\":\"https:\\\/\\\/www.rucashk.com\\\/pt\\\/#listItem\",\"position\":1,\"name\":\"Home\",\"item\":\"https:\\\/\\\/www.rucashk.com\\\/pt\\\/\",\"nextItem\":\"https:\\\/\\\/www.rucashk.com\\\/pt\\\/produto\\\/xiaomi-mi-note-10-108mp-penta-camera-wholesale\\\/#listItem\"},{\"@type\":\"ListItem\",\"@id\":\"https:\\\/\\\/www.rucashk.com\\\/pt\\\/produto\\\/xiaomi-mi-note-10-108mp-penta-camera-wholesale\\\/#listItem\",\"position\":2,\"name\":\"Xiaomi Mi Redmi Note 10 108MP Penta Camera Wholesale\",\"previousItem\":\"https:\\\/\\\/www.rucashk.com\\\/pt\\\/#listItem\"}]},{\"@type\":\"Organization\",\"@id\":\"https:\\\/\\\/www.rucashk.com\\\/pt\\\/#organization\",\"name\":\"Rucas\",\"url\":\"https:\\\/\\\/www.rucashk.com\\\/pt\\\/\",\"logo\":{\"@type\":\"ImageObject\",\"url\":\"https:\\\/\\\/www.rucashk.com\\\/wp-content\\\/uploads\\\/2023\\\/12\\\/Rucas_campany_logo.png\",\"@id\":\"https:\\\/\\\/www.rucashk.com\\\/pt\\\/produto\\\/xiaomi-mi-note-10-108mp-penta-camera-wholesale\\\/#organizationLogo\",\"width\":221,\"height\":65},\"image\":{\"@id\":\"https:\\\/\\\/www.rucashk.com\\\/pt\\\/#organizationLogo\"}},{\"@type\":\"Person\",\"@id\":\"https:\\\/\\\/www.rucashk.com\\\/pt\\\/author\\\/admin\\\/#author\",\"url\":\"https:\\\/\\\/www.rucashk.com\\\/pt\\\/author\\\/admin\\\/\",\"name\":\"admin\",\"image\":{\"@type\":\"ImageObject\",\"@id\":\"https:\\\/\\\/www.rucashk.com\\\/pt\\\/produto\\\/xiaomi-mi-note-10-108mp-penta-camera-wholesale\\\/#authorImage\",\"url\":\"https:\\\/\\\/secure.gravatar.com\\\/avatar\\\/b7c8925b09a27e72b30232f8ecaadbd5af0f70a38c78096863fe51b64f031c24?s=96&d=mm&r=g\",\"width\":96,\"height\":96,\"caption\":\"admin\"}},{\"@type\":\"WebPage\",\"@id\":\"https:\\\/\\\/www.rucashk.com\\\/pt\\\/produto\\\/xiaomi-mi-note-10-108mp-penta-camera-wholesale\\\/#webpage\",\"url\":\"https:\\\/\\\/www.rucashk.com\\\/pt\\\/produto\\\/xiaomi-mi-note-10-108mp-penta-camera-wholesale\\\/\",\"name\":\"Xiaomi Mi Redmi Note 10 108MP Penta Camera Wholesale - Rucas - Wholesale and Distribution\",\"description\":\"Mi Note 10 1. 108MP+5MP+12MP+20MP+2MP Rear Camera. 2. Snapdragon 730G Octa Core. 3. 6.47\\\" 3D Curved AMOLED 19.5:9 Full Screen. 4. 5260mAh Big Battery. 5. World's first 108MP penta camera.\",\"inLanguage\":\"pt-PT\",\"isPartOf\":{\"@id\":\"https:\\\/\\\/www.rucashk.com\\\/pt\\\/#website\"},\"breadcrumb\":{\"@id\":\"https:\\\/\\\/www.rucashk.com\\\/pt\\\/produto\\\/xiaomi-mi-note-10-108mp-penta-camera-wholesale\\\/#breadcrumblist\"},\"author\":{\"@id\":\"https:\\\/\\\/www.rucashk.com\\\/pt\\\/author\\\/admin\\\/#author\"},\"creator\":{\"@id\":\"https:\\\/\\\/www.rucashk.com\\\/pt\\\/author\\\/admin\\\/#author\"},\"image\":{\"@type\":\"ImageObject\",\"url\":\"https:\\\/\\\/www.rucashk.com\\\/wp-content\\\/uploads\\\/2024\\\/01\\\/Global-Version-Xiaomi-Mi-Note-10-Pro-256GB-8GB-Cellphone-Snapdragon-730G-5260mAh-NFC-108MP-Penta-1.jpg_640x640-1-1.jpg\",\"@id\":\"https:\\\/\\\/www.rucashk.com\\\/pt\\\/produto\\\/xiaomi-mi-note-10-108mp-penta-camera-wholesale\\\/#mainImage\",\"width\":800,\"height\":800},\"primaryImageOfPage\":{\"@id\":\"https:\\\/\\\/www.rucashk.com\\\/pt\\\/produto\\\/xiaomi-mi-note-10-108mp-penta-camera-wholesale\\\/#mainImage\"},\"datePublished\":\"2024-01-09T15:32:05+00:00\",\"dateModified\":\"2024-03-11T08:47:04+00:00\"},{\"@type\":\"WebSite\",\"@id\":\"https:\\\/\\\/www.rucashk.com\\\/pt\\\/#website\",\"url\":\"https:\\\/\\\/www.rucashk.com\\\/pt\\\/\",\"name\":\"Rucas - Wholesale and distribution worldwide\",\"alternateName\":\"Rucas - One-stop AIoT Distribution Worldwide\",\"description\":\"One-stop AIoT Distribution Worldwide\",\"inLanguage\":\"pt-PT\",\"publisher\":{\"@id\":\"https:\\\/\\\/www.rucashk.com\\\/pt\\\/#organization\"}}]}\n\t\t<\/script>\n\t\t<!-- All in One SEO Pro -->\r\n\t\t<title>Xiaomi Mi Redmi Note 10 108MP Penta Camera Wholesale - Rucas - Wholesale and Distribution<\/title>\n\n","aioseo_head_json":{"title":"Xiaomi Mi Redmi Note 10 108MP Penta Camera Wholesale - Rucas - Wholesale and Distribution","description":"Mi Note 10 1. 108MP+5MP+12MP+20MP+2MP Rear Camera. 2. Snapdragon 730G Octa Core. 3. 6.47\" 3D Curved AMOLED 19.5:9 Full Screen. 4. 5260mAh Big Battery. 5. World's first 108MP penta camera.","canonical_url":"https:\/\/www.rucashk.com\/pt\/produto\/xiaomi-mi-note-10-108mp-penta-camera-wholesale\/","robots":"max-image-preview:large","keywords":"","webmasterTools":{"miscellaneous":""},"og:locale":"pt_PT","og:site_name":"Rucas - One-stop AIoT Distribution Worldwide","og:type":"article","og:title":"Xiaomi Mi Redmi Note 10 108MP Penta Camera Wholesale - Rucas - Wholesale and Distribution","og:description":"Mi Note 10 1. 108MP+5MP+12MP+20MP+2MP Rear Camera. 2. Snapdragon 730G Octa Core. 3. 6.47&quot; 3D Curved AMOLED 19.5:9 Full Screen. 4. 5260mAh Big Battery. 5. World's first 108MP penta camera.","og:url":"https:\/\/www.rucashk.com\/pt\/produto\/xiaomi-mi-note-10-108mp-penta-camera-wholesale\/","og:image":"https:\/\/www.rucashk.com\/wp-content\/uploads\/replace\/503b8e645f128a97ccde2b6290747646.jpeg","og:image:secure_url":"https:\/\/www.rucashk.com\/wp-content\/uploads\/replace\/503b8e645f128a97ccde2b6290747646.jpeg","og:image:width":1456,"og:image:height":816,"article:published_time":"2024-01-09T15:32:05+00:00","article:modified_time":"2024-03-11T08:47:04+00:00","twitter:card":"summary_large_image","twitter:title":"Xiaomi Mi Redmi Note 10 108MP Penta Camera Wholesale - Rucas - Wholesale and Distribution","twitter:description":"Mi Note 10 1. 108MP+5MP+12MP+20MP+2MP Rear Camera. 2. Snapdragon 730G Octa Core. 3. 6.47&quot; 3D Curved AMOLED 19.5:9 Full Screen. 4. 5260mAh Big Battery. 5. World's first 108MP penta camera.","twitter:image":"https:\/\/www.rucashk.com\/wp-content\/uploads\/replace\/503b8e645f128a97ccde2b6290747646.jpeg","schema":{"@context":"https:\/\/schema.org","@graph":[{"@type":"BreadcrumbList","@id":"https:\/\/www.rucashk.com\/pt\/produto\/xiaomi-mi-note-10-108mp-penta-camera-wholesale\/#breadcrumblist","itemListElement":[{"@type":"ListItem","@id":"https:\/\/www.rucashk.com\/pt\/#listItem","position":1,"name":"Home","item":"https:\/\/www.rucashk.com\/pt\/","nextItem":"https:\/\/www.rucashk.com\/pt\/produto\/xiaomi-mi-note-10-108mp-penta-camera-wholesale\/#listItem"},{"@type":"ListItem","@id":"https:\/\/www.rucashk.com\/pt\/produto\/xiaomi-mi-note-10-108mp-penta-camera-wholesale\/#listItem","position":2,"name":"Xiaomi Mi Redmi Note 10 108MP Penta Camera Wholesale","previousItem":"https:\/\/www.rucashk.com\/pt\/#listItem"}]},{"@type":"Organization","@id":"https:\/\/www.rucashk.com\/pt\/#organization","name":"Rucas","url":"https:\/\/www.rucashk.com\/pt\/","logo":{"@type":"ImageObject","url":"https:\/\/www.rucashk.com\/wp-content\/uploads\/2023\/12\/Rucas_campany_logo.png","@id":"https:\/\/www.rucashk.com\/pt\/produto\/xiaomi-mi-note-10-108mp-penta-camera-wholesale\/#organizationLogo","width":221,"height":65},"image":{"@id":"https:\/\/www.rucashk.com\/pt\/#organizationLogo"}},{"@type":"Person","@id":"https:\/\/www.rucashk.com\/pt\/author\/admin\/#author","url":"https:\/\/www.rucashk.com\/pt\/author\/admin\/","name":"admin","image":{"@type":"ImageObject","@id":"https:\/\/www.rucashk.com\/pt\/produto\/xiaomi-mi-note-10-108mp-penta-camera-wholesale\/#authorImage","url":"https:\/\/secure.gravatar.com\/avatar\/b7c8925b09a27e72b30232f8ecaadbd5af0f70a38c78096863fe51b64f031c24?s=96&d=mm&r=g","width":96,"height":96,"caption":"admin"}},{"@type":"WebPage","@id":"https:\/\/www.rucashk.com\/pt\/produto\/xiaomi-mi-note-10-108mp-penta-camera-wholesale\/#webpage","url":"https:\/\/www.rucashk.com\/pt\/produto\/xiaomi-mi-note-10-108mp-penta-camera-wholesale\/","name":"Xiaomi Mi Redmi Note 10 108MP Penta Camera Wholesale - Rucas - Wholesale and Distribution","description":"Mi Note 10 1. 108MP+5MP+12MP+20MP+2MP Rear Camera. 2. Snapdragon 730G Octa Core. 3. 6.47\" 3D Curved AMOLED 19.5:9 Full Screen. 4. 5260mAh Big Battery. 5. World's first 108MP penta camera.","inLanguage":"pt-PT","isPartOf":{"@id":"https:\/\/www.rucashk.com\/pt\/#website"},"breadcrumb":{"@id":"https:\/\/www.rucashk.com\/pt\/produto\/xiaomi-mi-note-10-108mp-penta-camera-wholesale\/#breadcrumblist"},"author":{"@id":"https:\/\/www.rucashk.com\/pt\/author\/admin\/#author"},"creator":{"@id":"https:\/\/www.rucashk.com\/pt\/author\/admin\/#author"},"image":{"@type":"ImageObject","url":"https:\/\/www.rucashk.com\/wp-content\/uploads\/2024\/01\/Global-Version-Xiaomi-Mi-Note-10-Pro-256GB-8GB-Cellphone-Snapdragon-730G-5260mAh-NFC-108MP-Penta-1.jpg_640x640-1-1.jpg","@id":"https:\/\/www.rucashk.com\/pt\/produto\/xiaomi-mi-note-10-108mp-penta-camera-wholesale\/#mainImage","width":800,"height":800},"primaryImageOfPage":{"@id":"https:\/\/www.rucashk.com\/pt\/produto\/xiaomi-mi-note-10-108mp-penta-camera-wholesale\/#mainImage"},"datePublished":"2024-01-09T15:32:05+00:00","dateModified":"2024-03-11T08:47:04+00:00"},{"@type":"WebSite","@id":"https:\/\/www.rucashk.com\/pt\/#website","url":"https:\/\/www.rucashk.com\/pt\/","name":"Rucas - Wholesale and distribution worldwide","alternateName":"Rucas - One-stop AIoT Distribution Worldwide","description":"One-stop AIoT Distribution Worldwide","inLanguage":"pt-PT","publisher":{"@id":"https:\/\/www.rucashk.com\/pt\/#organization"}}]}},"aioseo_meta_data":{"post_id":"21396","title":null,"description":null,"keywords":null,"keyphrases":null,"primary_term":null,"canonical_url":null,"og_title":null,"og_description":null,"og_object_type":"default","og_image_type":"default","og_image_url":null,"og_image_width":null,"og_image_height":null,"og_image_custom_url":null,"og_image_custom_fields":null,"og_video":null,"og_custom_url":null,"og_article_section":null,"og_article_tags":null,"twitter_use_og":false,"twitter_card":"default","twitter_image_type":"default","twitter_image_url":null,"twitter_image_custom_url":null,"twitter_image_custom_fields":null,"twitter_title":null,"twitter_description":null,"schema":{"blockGraphs":[],"customGraphs":[],"default":{"data":{"Article":[],"Course":[],"Dataset":[],"FAQPage":[],"Movie":[],"Person":[],"Product":[],"Recipe":[],"Service":[],"SoftwareApplication":[],"WebPage":[]},"graphName":"","isEnabled":true},"graphs":[]},"schema_type":"default","schema_type_options":null,"pillar_content":false,"robots_default":true,"robots_noindex":false,"robots_noarchive":false,"robots_nosnippet":false,"robots_nofollow":false,"robots_noimageindex":false,"robots_noodp":false,"robots_notranslate":false,"robots_max_snippet":null,"robots_max_videopreview":null,"robots_max_imagepreview":"large","priority":null,"frequency":null,"local_seo":null,"breadcrumb_settings":null,"limit_modified_date":false,"created":"2024-04-11 01:55:17","updated":"2025-06-22 16:22:54"},"aioseo_breadcrumb":"<div class=\"aioseo-breadcrumbs\"><span class=\"aioseo-breadcrumb\">\n\t<a href=\"https:\/\/www.rucashk.com\/pt\" title=\"Home\">Home<\/a>\n<\/span><span class=\"aioseo-breadcrumb-separator\">&raquo;<\/span><span class=\"aioseo-breadcrumb\">\n\t<a href=\"https:\/\/www.rucashk.com\/pt\/products\/\" title=\"Produtos\">Produtos<\/a>\n<\/span><span class=\"aioseo-breadcrumb-separator\">&raquo;<\/span><span class=\"aioseo-breadcrumb\">\n\t<a href=\"https:\/\/www.rucashk.com\/pt\/categoria-produto\/mobile-phone\/\" title=\"Mobile Phone\">Mobile Phone<\/a>\n<\/span><span class=\"aioseo-breadcrumb-separator\">&raquo;<\/span><span class=\"aioseo-breadcrumb\">\n\t<a href=\"https:\/\/www.rucashk.com\/pt\/categoria-produto\/mobile-phone\/redmi-mobile-phone\/\" title=\"Redmi\">Redmi<\/a>\n<\/span><span class=\"aioseo-breadcrumb-separator\">&raquo;<\/span><span class=\"aioseo-breadcrumb\">\n\tXiaomi Mi Redmi Note 10 108MP Penta Camera Wholesale\n<\/span><\/div>","aioseo_breadcrumb_json":[{"label":"Home","link":"https:\/\/www.rucashk.com\/pt"},{"label":"Produtos","link":"https:\/\/www.rucashk.com\/pt\/products\/"},{"label":"Mobile Phone","link":"https:\/\/www.rucashk.com\/pt\/categoria-produto\/mobile-phone\/"},{"label":"Redmi","link":"https:\/\/www.rucashk.com\/pt\/categoria-produto\/mobile-phone\/redmi-mobile-phone\/"},{"label":"Xiaomi Mi Redmi Note 10 108MP Penta Camera Wholesale","link":"https:\/\/www.rucashk.com\/pt\/produto\/xiaomi-mi-note-10-108mp-penta-camera-wholesale\/"}],"_links":{"self":[{"href":"https:\/\/www.rucashk.com\/pt\/wp-json\/wp\/v2\/product\/21396","targetHints":{"allow":["GET"]}}],"collection":[{"href":"https:\/\/www.rucashk.com\/pt\/wp-json\/wp\/v2\/product"}],"about":[{"href":"https:\/\/www.rucashk.com\/pt\/wp-json\/wp\/v2\/types\/product"}],"wp:featuredmedia":[{"embeddable":true,"href":"https:\/\/www.rucashk.com\/pt\/wp-json\/wp\/v2\/media\/21523"}],"wp:attachment":[{"href":"https:\/\/www.rucashk.com\/pt\/wp-json\/wp\/v2\/media?parent=21396"}],"wp:term":[{"taxonomy":"product_brand","embeddable":true,"href":"https:\/\/www.rucashk.com\/pt\/wp-json\/wp\/v2\/product_brand?post=21396"},{"taxonomy":"product_cat","embeddable":true,"href":"https:\/\/www.rucashk.com\/pt\/wp-json\/wp\/v2\/product_cat?post=21396"},{"taxonomy":"product_tag","embeddable":true,"href":"https:\/\/www.rucashk.com\/pt\/wp-json\/wp\/v2\/product_tag?post=21396"}],"curies":[{"name":"wp","href":"https:\/\/api.w.org\/{rel}","templated":true}]}}