{"id":21358,"date":"2024-01-09T15:31:41","date_gmt":"2024-01-09T15:31:41","guid":{"rendered":"http:\/\/rucashk.com\/?post_type=product&#038;p=21358"},"modified":"2024-01-21T07:01:34","modified_gmt":"2024-01-21T07:01:34","slug":"funsnap-idol-fpv-rc-drone-4k-gps-quadrupter-professional-camera-hd-1080p","status":"publish","type":"product","link":"https:\/\/www.rucashk.com\/pt\/produto\/funsnap-idol-fpv-rc-drone-4k-gps-quadrupter-professional-camera-hd-1080p\/","title":{"rendered":"Funsnap iDol FPV RC Drone 4K GPS Quadruper C\u00e2mera Profissional HD 1080P"},"content":{"rendered":"<p><img decoding=\"async\" class=\"detail-desc-decorate-image aligncenter\" src=\"https:\/\/www.rucashk.com\/wp-content\/uploads\/2020\/05\/HTB1y_XVeECF3KVjSZJnq6znHFXaD.jpg\" \/><img decoding=\"async\" class=\"detail-desc-decorate-image aligncenter\" src=\"https:\/\/www.rucashk.com\/wp-content\/uploads\/2020\/05\/HTB1GgpVevWG3KVjSZFgq6zTspXaV.jpg\" \/><img decoding=\"async\" class=\"detail-desc-decorate-image aligncenter\" src=\"https:\/\/www.rucashk.com\/wp-content\/uploads\/2020\/05\/HTB1oN5obgFY.1VjSZFnq6AFHXXaz.jpg\" \/><img decoding=\"async\" class=\"detail-desc-decorate-image aligncenter\" src=\"https:\/\/www.rucashk.com\/wp-content\/uploads\/2020\/05\/HTB1TuC_bLBj_uVjSZFpq6A0SXXag.jpg\" \/><img decoding=\"async\" class=\"detail-desc-decorate-image aligncenter\" src=\"https:\/\/www.rucashk.com\/wp-content\/uploads\/2020\/05\/HTB1gzxWeA9E3KVjSZFGq6A19XXaR.jpg\" \/><img decoding=\"async\" class=\"detail-desc-decorate-image aligncenter\" src=\"https:\/\/www.rucashk.com\/wp-content\/uploads\/2020\/05\/HTB1oBlVeEGF3KVjSZFmq6zqPXXaj.jpg\" \/><img decoding=\"async\" class=\"detail-desc-decorate-image aligncenter\" src=\"https:\/\/www.rucashk.com\/wp-content\/uploads\/2020\/05\/HTB1WyhVev5G3KVjSZPxq6zI3XXaa.jpg\" \/><img decoding=\"async\" class=\"detail-desc-decorate-image aligncenter\" src=\"https:\/\/www.rucashk.com\/wp-content\/uploads\/2020\/05\/HTB1bz4WeA9E3KVjSZFGq6A19XXaN.jpg\" \/><img decoding=\"async\" class=\"detail-desc-decorate-image aligncenter\" src=\"https:\/\/www.rucashk.com\/wp-content\/uploads\/2020\/05\/HTB1fnxVevWG3KVjSZPcq6zkbXXak.jpg\" \/><img decoding=\"async\" class=\"detail-desc-decorate-image aligncenter\" src=\"https:\/\/www.rucashk.com\/wp-content\/uploads\/2020\/05\/HTB16Wl1eCWD3KVjSZSgq6ACxVXab.jpg\" \/><img decoding=\"async\" class=\"detail-desc-decorate-image aligncenter\" src=\"https:\/\/www.rucashk.com\/wp-content\/uploads\/2020\/05\/HTB1rk8ZeBGE3KVjSZFhq6AkaFXaS.jpg\" \/><img decoding=\"async\" class=\"detail-desc-decorate-image aligncenter\" src=\"https:\/\/www.rucashk.com\/wp-content\/uploads\/2020\/05\/HTB1gc0ZeEuF3KVjSZK9q6zVtXXaZ.jpg\" \/><img decoding=\"async\" class=\"detail-desc-decorate-image aligncenter\" src=\"https:\/\/www.rucashk.com\/wp-content\/uploads\/2020\/05\/HTB1aqt1eCWD3KVjSZSgq6ACxVXam.jpg\" \/><\/p>\n<p><strong>Especifica\u00e7\u00f5es:<\/strong><br \/>\nTamanho: 22,6\u00d726,8\u00d74,3 cm (desdobrado), 22,6\u00d714,4\u00d74,8 cm (dobrado)<br \/>\nBaixar APLICATIVO: <a href=\"https:\/\/www.rucashk.com\/pt\/the-updates-of-whatsapp-beta-add-real-security-and-qr-codes\/\" class=\"\" style=\"width: auto !important\" data-wpil-post-to-id=\"8968\">C\u00f3digo QR<\/a> no manual<br \/>\n<a href=\"https:\/\/www.rucashk.com\/pt\/patent-exposure-xiaomi-flip-flop-folding-screen-mobile-phone-camera-90-degree-rotation\/\" class=\"\" style=\"width: auto !important\" data-wpil-post-to-id=\"8983\">\u00c2ngulo da c\u00e2mera: -90-30 graus<\/a><br \/>\nTipo: quadroc\u00f3ptero<br \/>\nCaracter\u00edsticas: C\u00e2mera, <a href=\"https:\/\/www.rucashk.com\/pt\/produto\/xiaomi-mitu-mini-rc-drone-with-quadcopter-wifi-fpv-720p-hd-camera\/\" class=\"\" style=\"width: auto !important\" data-wpil-post-to-id=\"2768\">Controle de APP WiFi, WiFi FPV<\/a><br \/>\nCaracter\u00edsticas: retorno autom\u00e1tico, pr\u00f3ximo autom\u00e1tico, c\u00e2mera, avan\u00e7o\/reverso, FPV, modo de gesto, rastreamento de posi\u00e7\u00e3o GPS, modo sem cabe\u00e7a, reten\u00e7\u00e3o de altitude, pairar, prote\u00e7\u00e3o de baixa tens\u00e3o, acompanhamento de uma tecla, pouso de uma tecla, despir uma tecla, esquerda\/direita , Conex\u00e3o wifi<br \/>\nTamanho pequeno<br \/>\nPi\u00e3o embutido: Sim<br \/>\nN\u00edvel: n\u00edvel iniciante<br \/>\n<a href=\"https:\/\/www.rucashk.com\/pt\/update-your-air-conditioning-xiaomi-releases-a-smart-ai-universal-remote-control\/\" class=\"\" style=\"width: auto !important\" data-wpil-post-to-id=\"9669\">Controle remoto: controle remoto Wi-Fi<\/a><br \/>\nCanal: 4 canais<br \/>\nModo de r\u00e1dio: APP WiFi<br \/>\nDist\u00e2ncia de controle detalhada: mais de 100 m<br \/>\nCompat\u00edvel com cardan adicional: Nenhum<br \/>\nDist\u00e2ncia FPV: mais de 50 m<br \/>\nAlimenta\u00e7\u00e3o do transmissor: 2 pilhas AA de 1,5 V (n\u00e3o inclu\u00eddas)<br \/>\nBateria: 2S 1800 mAh 13,68 Wh<br \/>\nTempo de v\u00f4o: cerca de 10 minutos<br \/>\nCada bateria pode voar por cerca de 10 minutos, observe isso.<br \/>\nTempo de carregamento: 50-60 minutos<br \/>\nPixels da c\u00e2mera: 1920 x 1080p.<br \/>\nResolu\u00e7\u00e3o de v\u00eddeo: 1080P 30fps<br \/>\nPeso da embalagem: 2,1 kg<br \/>\nTamanho da embalagem (C x L x A): 23,00\u00d727,00\u00d75,00 cm \/ 9,06\u00d710,63\u00d71,97 polegadas<br \/>\nConte\u00fado do pacote: 1 x drone RC, 1 x transmissor, 4 x h\u00e9lice, 1 x bateria, 1 x adaptador, 1 x esta\u00e7\u00e3o de carregamento, 1 x manual chin\u00eas-ingl\u00eas, 1 x caixa de armazenamento<br \/>\nIsen\u00e7\u00e3o de responsabilidade de seguran\u00e7a do produto:<br \/>\nN\u00e3o assumimos nenhuma responsabilidade pelo uso indevido deste ou de qualquer outro produto. Todos os nossos produtos s\u00e3o extensivamente testados para atender aos padr\u00f5es de controle de qualidade rigorosos e rigorosos. Para determinados produtos (por exemplo, brinquedos, facas, etc.) recomendamos um monitoramento adequado, pois n\u00e3o assumimos qualquer responsabilidade por abusos ou acidentes.<br \/>\nIsen\u00e7\u00e3o de responsabilidade de pe\u00e7as pequenas:<br \/>\nEsses <a href=\"https:\/\/www.rucashk.com\/pt\/xiaomi-releases-harry-potter-toys-lego-gameplay-led-display-with-67db-low-noise-children-like-it-very-much\/\" class=\"\" style=\"width: auto !important\" data-wpil-post-to-id=\"6937\">os brinquedos cont\u00eam pe\u00e7as pequenas, n\u00e3o para crian\u00e7as<\/a> menores de 3 anos, que devem ser engolidos ou amorda\u00e7ados. N\u00e3o assumimos nenhuma responsabilidade pelo uso indevido deste ou de qualquer outro produto.<\/p>\n<p>&nbsp;<\/p>","protected":false},"excerpt":{"rendered":"<p>Caracter\u00edsticas:<br \/>\n\u25cf Give a new recording experience as a cell phone or camera.<br \/>\n\u25cf HD real-time transmission and sharing with the 1920x1080P camera.<br \/>\n\u25cf Very friendly for a new player Thanks to many intelligent flight modes: AI gesture control, one-key follow mode, headless mode, one-key start \/ landing, automatic back when out of control and low voltage protection.<br \/>\n\u25cf Very stable flight thanks to a large positioning system: GPS + Optical Flow + Barometric Stop + Ultrasonic Altitude.<\/p>","protected":false},"featured_media":21493,"template":"","meta":[],"product_brand":[],"product_cat":[1318,1305],"product_tag":[],"class_list":{"0":"post-21358","1":"product","2":"type-product","3":"status-publish","4":"has-post-thumbnail","6":"product_cat-gadgets","7":"product_cat-xiaomi-eco","9":"first","10":"instock","11":"shipping-taxable","12":"product-type-external"},"aioseo_notices":[],"aioseo_head":"\n\t\t<!-- All in One SEO Pro 4.5.9.2 - aioseo.com -->\n\t\t<meta name=\"description\" content=\"Features: \u25cf Give a new recording experience as a cell phone or camera. \u25cf HD real-time transmission and sharing with the 1920x1080P camera. \u25cf Very friendly for a new player Thanks to many intelligent flight modes: AI gesture control, one-key follow mode, headless mode, one-key start \/ landing, automatic back when out of control and low voltage protection. \u25cf Very stable flight thanks to a large positioning system: GPS + Optical Flow + Barometric Stop + Ultrasonic Altitude.\" \/>\n\t\t<meta name=\"robots\" content=\"max-image-preview:large\" \/>\n\t\t<link rel=\"canonical\" href=\"https:\/\/www.rucashk.com\/pt\/produto\/funsnap-idol-fpv-rc-drone-4k-gps-quadrupter-professional-camera-hd-1080p\/\" \/>\n\t\t<meta name=\"generator\" content=\"All in One SEO Pro (AIOSEO) 4.5.9.2\" \/>\n\t\t<meta property=\"og:locale\" content=\"pt_PT\" \/>\n\t\t<meta property=\"og:site_name\" content=\"Rucas - One-stop AIoT Distribution Worldwide\" \/>\n\t\t<meta property=\"og:type\" content=\"article\" \/>\n\t\t<meta property=\"og:title\" content=\"Funsnap iDol FPV RC Drone 4K GPS Quadrupter Professional Camera HD 1080P - Rucas - Wholesale and Distribution\" \/>\n\t\t<meta property=\"og:description\" content=\"Features: \u25cf Give a new recording experience as a cell phone or camera. \u25cf HD real-time transmission and sharing with the 1920x1080P camera. \u25cf Very friendly for a new player Thanks to many intelligent flight modes: AI gesture control, one-key follow mode, headless mode, one-key start \/ landing, automatic back when out of control and low voltage protection. \u25cf Very stable flight thanks to a large positioning system: GPS + Optical Flow + Barometric Stop + Ultrasonic Altitude.\" \/>\n\t\t<meta property=\"og:url\" content=\"https:\/\/www.rucashk.com\/pt\/produto\/funsnap-idol-fpv-rc-drone-4k-gps-quadrupter-professional-camera-hd-1080p\/\" \/>\n\t\t<meta property=\"og:image\" content=\"https:\/\/www.rucashk.com\/wp-content\/uploads\/replace\/503b8e645f128a97ccde2b6290747646.jpeg\" \/>\n\t\t<meta property=\"og:image:secure_url\" content=\"https:\/\/www.rucashk.com\/wp-content\/uploads\/replace\/503b8e645f128a97ccde2b6290747646.jpeg\" \/>\n\t\t<meta property=\"og:image:width\" content=\"1456\" \/>\n\t\t<meta property=\"og:image:height\" content=\"816\" \/>\n\t\t<meta property=\"article:published_time\" content=\"2024-01-09T15:31:41+00:00\" \/>\n\t\t<meta property=\"article:modified_time\" content=\"2024-01-21T07:01:34+00:00\" \/>\n\t\t<meta name=\"twitter:card\" content=\"summary_large_image\" \/>\n\t\t<meta name=\"twitter:title\" content=\"Funsnap iDol FPV RC Drone 4K GPS Quadrupter Professional Camera HD 1080P - Rucas - Wholesale and Distribution\" \/>\n\t\t<meta name=\"twitter:description\" content=\"Features: \u25cf Give a new recording experience as a cell phone or camera. \u25cf HD real-time transmission and sharing with the 1920x1080P camera. \u25cf Very friendly for a new player Thanks to many intelligent flight modes: AI gesture control, one-key follow mode, headless mode, one-key start \/ landing, automatic back when out of control and low voltage protection. \u25cf Very stable flight thanks to a large positioning system: GPS + Optical Flow + Barometric Stop + Ultrasonic Altitude.\" \/>\n\t\t<meta name=\"twitter:image\" content=\"https:\/\/www.rucashk.com\/wp-content\/uploads\/replace\/503b8e645f128a97ccde2b6290747646.jpeg\" \/>\n\t\t<script type=\"application\/ld+json\" class=\"aioseo-schema\">\n\t\t\t{\"@context\":\"https:\\\/\\\/schema.org\",\"@graph\":[{\"@type\":\"BreadcrumbList\",\"@id\":\"https:\\\/\\\/www.rucashk.com\\\/pt\\\/produto\\\/funsnap-idol-fpv-rc-drone-4k-gps-quadrupter-professional-camera-hd-1080p\\\/#breadcrumblist\",\"itemListElement\":[{\"@type\":\"ListItem\",\"@id\":\"https:\\\/\\\/www.rucashk.com\\\/pt\\\/#listItem\",\"position\":1,\"name\":\"Home\",\"item\":\"https:\\\/\\\/www.rucashk.com\\\/pt\\\/\",\"nextItem\":\"https:\\\/\\\/www.rucashk.com\\\/pt\\\/produto\\\/funsnap-idol-fpv-rc-drone-4k-gps-quadrupter-professional-camera-hd-1080p\\\/#listItem\"},{\"@type\":\"ListItem\",\"@id\":\"https:\\\/\\\/www.rucashk.com\\\/pt\\\/produto\\\/funsnap-idol-fpv-rc-drone-4k-gps-quadrupter-professional-camera-hd-1080p\\\/#listItem\",\"position\":2,\"name\":\"Funsnap iDol FPV RC Drone 4K GPS Quadrupter Professional Camera HD 1080P\",\"previousItem\":\"https:\\\/\\\/www.rucashk.com\\\/pt\\\/#listItem\"}]},{\"@type\":\"Organization\",\"@id\":\"https:\\\/\\\/www.rucashk.com\\\/pt\\\/#organization\",\"name\":\"Rucas\",\"url\":\"https:\\\/\\\/www.rucashk.com\\\/pt\\\/\",\"logo\":{\"@type\":\"ImageObject\",\"url\":\"https:\\\/\\\/www.rucashk.com\\\/wp-content\\\/uploads\\\/2023\\\/12\\\/Rucas_campany_logo.png\",\"@id\":\"https:\\\/\\\/www.rucashk.com\\\/pt\\\/produto\\\/funsnap-idol-fpv-rc-drone-4k-gps-quadrupter-professional-camera-hd-1080p\\\/#organizationLogo\",\"width\":221,\"height\":65},\"image\":{\"@id\":\"https:\\\/\\\/www.rucashk.com\\\/pt\\\/#organizationLogo\"}},{\"@type\":\"Person\",\"@id\":\"https:\\\/\\\/www.rucashk.com\\\/pt\\\/author\\\/admin\\\/#author\",\"url\":\"https:\\\/\\\/www.rucashk.com\\\/pt\\\/author\\\/admin\\\/\",\"name\":\"admin\",\"image\":{\"@type\":\"ImageObject\",\"@id\":\"https:\\\/\\\/www.rucashk.com\\\/pt\\\/produto\\\/funsnap-idol-fpv-rc-drone-4k-gps-quadrupter-professional-camera-hd-1080p\\\/#authorImage\",\"url\":\"https:\\\/\\\/secure.gravatar.com\\\/avatar\\\/b7c8925b09a27e72b30232f8ecaadbd5af0f70a38c78096863fe51b64f031c24?s=96&d=mm&r=g\",\"width\":96,\"height\":96,\"caption\":\"admin\"}},{\"@type\":\"WebPage\",\"@id\":\"https:\\\/\\\/www.rucashk.com\\\/pt\\\/produto\\\/funsnap-idol-fpv-rc-drone-4k-gps-quadrupter-professional-camera-hd-1080p\\\/#webpage\",\"url\":\"https:\\\/\\\/www.rucashk.com\\\/pt\\\/produto\\\/funsnap-idol-fpv-rc-drone-4k-gps-quadrupter-professional-camera-hd-1080p\\\/\",\"name\":\"Funsnap iDol FPV RC Drone 4K GPS Quadrupter Professional Camera HD 1080P - Rucas - Wholesale and Distribution\",\"description\":\"Features: \\u25cf Give a new recording experience as a cell phone or camera. \\u25cf HD real-time transmission and sharing with the 1920x1080P camera. \\u25cf Very friendly for a new player Thanks to many intelligent flight modes: AI gesture control, one-key follow mode, headless mode, one-key start \\\/ landing, automatic back when out of control and low voltage protection. \\u25cf Very stable flight thanks to a large positioning system: GPS + Optical Flow + Barometric Stop + Ultrasonic Altitude.\",\"inLanguage\":\"pt-PT\",\"isPartOf\":{\"@id\":\"https:\\\/\\\/www.rucashk.com\\\/pt\\\/#website\"},\"breadcrumb\":{\"@id\":\"https:\\\/\\\/www.rucashk.com\\\/pt\\\/produto\\\/funsnap-idol-fpv-rc-drone-4k-gps-quadrupter-professional-camera-hd-1080p\\\/#breadcrumblist\"},\"author\":{\"@id\":\"https:\\\/\\\/www.rucashk.com\\\/pt\\\/author\\\/admin\\\/#author\"},\"creator\":{\"@id\":\"https:\\\/\\\/www.rucashk.com\\\/pt\\\/author\\\/admin\\\/#author\"},\"image\":{\"@type\":\"ImageObject\",\"url\":\"https:\\\/\\\/www.rucashk.com\\\/wp-content\\\/uploads\\\/2024\\\/01\\\/1PC-Funsnap-iDol-Remote-Control-Drone-FPV-Camera-Portable-Foldable-HD-Aerial-Follow-GPS-AI-Gesture.jpg\",\"@id\":\"https:\\\/\\\/www.rucashk.com\\\/pt\\\/produto\\\/funsnap-idol-fpv-rc-drone-4k-gps-quadrupter-professional-camera-hd-1080p\\\/#mainImage\",\"width\":800,\"height\":800},\"primaryImageOfPage\":{\"@id\":\"https:\\\/\\\/www.rucashk.com\\\/pt\\\/produto\\\/funsnap-idol-fpv-rc-drone-4k-gps-quadrupter-professional-camera-hd-1080p\\\/#mainImage\"},\"datePublished\":\"2024-01-09T15:31:41+00:00\",\"dateModified\":\"2024-01-21T07:01:34+00:00\"},{\"@type\":\"WebSite\",\"@id\":\"https:\\\/\\\/www.rucashk.com\\\/pt\\\/#website\",\"url\":\"https:\\\/\\\/www.rucashk.com\\\/pt\\\/\",\"name\":\"Rucas - Wholesale and distribution worldwide\",\"alternateName\":\"Rucas - One-stop AIoT Distribution Worldwide\",\"description\":\"One-stop AIoT Distribution Worldwide\",\"inLanguage\":\"pt-PT\",\"publisher\":{\"@id\":\"https:\\\/\\\/www.rucashk.com\\\/pt\\\/#organization\"}}]}\n\t\t<\/script>\n\t\t<!-- All in One SEO Pro -->\r\n\t\t<title>Funsnap iDol FPV RC Drone 4K GPS Quadrupter Professional Camera HD 1080P - Rucas - Wholesale and Distribution<\/title>\n\n","aioseo_head_json":{"title":"Funsnap iDol FPV RC Drone 4K GPS Quadrupter Professional Camera HD 1080P - Rucas - Wholesale and Distribution","description":"Features: \u25cf Give a new recording experience as a cell phone or camera. \u25cf HD real-time transmission and sharing with the 1920x1080P camera. \u25cf Very friendly for a new player Thanks to many intelligent flight modes: AI gesture control, one-key follow mode, headless mode, one-key start \/ landing, automatic back when out of control and low voltage protection. \u25cf Very stable flight thanks to a large positioning system: GPS + Optical Flow + Barometric Stop + Ultrasonic Altitude.","canonical_url":"https:\/\/www.rucashk.com\/pt\/produto\/funsnap-idol-fpv-rc-drone-4k-gps-quadrupter-professional-camera-hd-1080p\/","robots":"max-image-preview:large","keywords":"","webmasterTools":{"miscellaneous":""},"og:locale":"pt_PT","og:site_name":"Rucas - One-stop AIoT Distribution Worldwide","og:type":"article","og:title":"Funsnap iDol FPV RC Drone 4K GPS Quadrupter Professional Camera HD 1080P - Rucas - Wholesale and Distribution","og:description":"Features: \u25cf Give a new recording experience as a cell phone or camera. \u25cf HD real-time transmission and sharing with the 1920x1080P camera. \u25cf Very friendly for a new player Thanks to many intelligent flight modes: AI gesture control, one-key follow mode, headless mode, one-key start \/ landing, automatic back when out of control and low voltage protection. \u25cf Very stable flight thanks to a large positioning system: GPS + Optical Flow + Barometric Stop + Ultrasonic Altitude.","og:url":"https:\/\/www.rucashk.com\/pt\/produto\/funsnap-idol-fpv-rc-drone-4k-gps-quadrupter-professional-camera-hd-1080p\/","og:image":"https:\/\/www.rucashk.com\/wp-content\/uploads\/replace\/503b8e645f128a97ccde2b6290747646.jpeg","og:image:secure_url":"https:\/\/www.rucashk.com\/wp-content\/uploads\/replace\/503b8e645f128a97ccde2b6290747646.jpeg","og:image:width":1456,"og:image:height":816,"article:published_time":"2024-01-09T15:31:41+00:00","article:modified_time":"2024-01-21T07:01:34+00:00","twitter:card":"summary_large_image","twitter:title":"Funsnap iDol FPV RC Drone 4K GPS Quadrupter Professional Camera HD 1080P - Rucas - Wholesale and Distribution","twitter:description":"Features: \u25cf Give a new recording experience as a cell phone or camera. \u25cf HD real-time transmission and sharing with the 1920x1080P camera. \u25cf Very friendly for a new player Thanks to many intelligent flight modes: AI gesture control, one-key follow mode, headless mode, one-key start \/ landing, automatic back when out of control and low voltage protection. \u25cf Very stable flight thanks to a large positioning system: GPS + Optical Flow + Barometric Stop + Ultrasonic Altitude.","twitter:image":"https:\/\/www.rucashk.com\/wp-content\/uploads\/replace\/503b8e645f128a97ccde2b6290747646.jpeg","schema":{"@context":"https:\/\/schema.org","@graph":[{"@type":"BreadcrumbList","@id":"https:\/\/www.rucashk.com\/pt\/produto\/funsnap-idol-fpv-rc-drone-4k-gps-quadrupter-professional-camera-hd-1080p\/#breadcrumblist","itemListElement":[{"@type":"ListItem","@id":"https:\/\/www.rucashk.com\/pt\/#listItem","position":1,"name":"Home","item":"https:\/\/www.rucashk.com\/pt\/","nextItem":"https:\/\/www.rucashk.com\/pt\/produto\/funsnap-idol-fpv-rc-drone-4k-gps-quadrupter-professional-camera-hd-1080p\/#listItem"},{"@type":"ListItem","@id":"https:\/\/www.rucashk.com\/pt\/produto\/funsnap-idol-fpv-rc-drone-4k-gps-quadrupter-professional-camera-hd-1080p\/#listItem","position":2,"name":"Funsnap iDol FPV RC Drone 4K GPS Quadrupter Professional Camera HD 1080P","previousItem":"https:\/\/www.rucashk.com\/pt\/#listItem"}]},{"@type":"Organization","@id":"https:\/\/www.rucashk.com\/pt\/#organization","name":"Rucas","url":"https:\/\/www.rucashk.com\/pt\/","logo":{"@type":"ImageObject","url":"https:\/\/www.rucashk.com\/wp-content\/uploads\/2023\/12\/Rucas_campany_logo.png","@id":"https:\/\/www.rucashk.com\/pt\/produto\/funsnap-idol-fpv-rc-drone-4k-gps-quadrupter-professional-camera-hd-1080p\/#organizationLogo","width":221,"height":65},"image":{"@id":"https:\/\/www.rucashk.com\/pt\/#organizationLogo"}},{"@type":"Person","@id":"https:\/\/www.rucashk.com\/pt\/author\/admin\/#author","url":"https:\/\/www.rucashk.com\/pt\/author\/admin\/","name":"admin","image":{"@type":"ImageObject","@id":"https:\/\/www.rucashk.com\/pt\/produto\/funsnap-idol-fpv-rc-drone-4k-gps-quadrupter-professional-camera-hd-1080p\/#authorImage","url":"https:\/\/secure.gravatar.com\/avatar\/b7c8925b09a27e72b30232f8ecaadbd5af0f70a38c78096863fe51b64f031c24?s=96&d=mm&r=g","width":96,"height":96,"caption":"admin"}},{"@type":"WebPage","@id":"https:\/\/www.rucashk.com\/pt\/produto\/funsnap-idol-fpv-rc-drone-4k-gps-quadrupter-professional-camera-hd-1080p\/#webpage","url":"https:\/\/www.rucashk.com\/pt\/produto\/funsnap-idol-fpv-rc-drone-4k-gps-quadrupter-professional-camera-hd-1080p\/","name":"Funsnap iDol FPV RC Drone 4K GPS Quadrupter Professional Camera HD 1080P - Rucas - Wholesale and Distribution","description":"Features: \u25cf Give a new recording experience as a cell phone or camera. \u25cf HD real-time transmission and sharing with the 1920x1080P camera. \u25cf Very friendly for a new player Thanks to many intelligent flight modes: AI gesture control, one-key follow mode, headless mode, one-key start \/ landing, automatic back when out of control and low voltage protection. \u25cf Very stable flight thanks to a large positioning system: GPS + Optical Flow + Barometric Stop + Ultrasonic Altitude.","inLanguage":"pt-PT","isPartOf":{"@id":"https:\/\/www.rucashk.com\/pt\/#website"},"breadcrumb":{"@id":"https:\/\/www.rucashk.com\/pt\/produto\/funsnap-idol-fpv-rc-drone-4k-gps-quadrupter-professional-camera-hd-1080p\/#breadcrumblist"},"author":{"@id":"https:\/\/www.rucashk.com\/pt\/author\/admin\/#author"},"creator":{"@id":"https:\/\/www.rucashk.com\/pt\/author\/admin\/#author"},"image":{"@type":"ImageObject","url":"https:\/\/www.rucashk.com\/wp-content\/uploads\/2024\/01\/1PC-Funsnap-iDol-Remote-Control-Drone-FPV-Camera-Portable-Foldable-HD-Aerial-Follow-GPS-AI-Gesture.jpg","@id":"https:\/\/www.rucashk.com\/pt\/produto\/funsnap-idol-fpv-rc-drone-4k-gps-quadrupter-professional-camera-hd-1080p\/#mainImage","width":800,"height":800},"primaryImageOfPage":{"@id":"https:\/\/www.rucashk.com\/pt\/produto\/funsnap-idol-fpv-rc-drone-4k-gps-quadrupter-professional-camera-hd-1080p\/#mainImage"},"datePublished":"2024-01-09T15:31:41+00:00","dateModified":"2024-01-21T07:01:34+00:00"},{"@type":"WebSite","@id":"https:\/\/www.rucashk.com\/pt\/#website","url":"https:\/\/www.rucashk.com\/pt\/","name":"Rucas - Wholesale and distribution worldwide","alternateName":"Rucas - One-stop AIoT Distribution Worldwide","description":"One-stop AIoT Distribution Worldwide","inLanguage":"pt-PT","publisher":{"@id":"https:\/\/www.rucashk.com\/pt\/#organization"}}]}},"aioseo_meta_data":{"post_id":"21358","title":null,"description":null,"keywords":null,"keyphrases":null,"primary_term":null,"canonical_url":null,"og_title":null,"og_description":null,"og_object_type":"default","og_image_type":"default","og_image_url":null,"og_image_width":null,"og_image_height":null,"og_image_custom_url":null,"og_image_custom_fields":null,"og_video":null,"og_custom_url":null,"og_article_section":null,"og_article_tags":null,"twitter_use_og":false,"twitter_card":"default","twitter_image_type":"default","twitter_image_url":null,"twitter_image_custom_url":null,"twitter_image_custom_fields":null,"twitter_title":null,"twitter_description":null,"schema":{"blockGraphs":[],"customGraphs":[],"default":{"data":{"Article":[],"Course":[],"Dataset":[],"FAQPage":[],"Movie":[],"Person":[],"Product":[],"Recipe":[],"Service":[],"SoftwareApplication":[],"WebPage":[]},"graphName":"","isEnabled":true},"graphs":[]},"schema_type":"default","schema_type_options":null,"pillar_content":false,"robots_default":true,"robots_noindex":false,"robots_noarchive":false,"robots_nosnippet":false,"robots_nofollow":false,"robots_noimageindex":false,"robots_noodp":false,"robots_notranslate":false,"robots_max_snippet":null,"robots_max_videopreview":null,"robots_max_imagepreview":"large","priority":null,"frequency":null,"local_seo":null,"breadcrumb_settings":null,"limit_modified_date":false,"created":"2024-04-11 01:55:17","updated":"2025-06-22 16:22:11"},"aioseo_breadcrumb":"<div class=\"aioseo-breadcrumbs\"><span class=\"aioseo-breadcrumb\">\n\t<a href=\"https:\/\/www.rucashk.com\/pt\" title=\"Home\">Home<\/a>\n<\/span><span class=\"aioseo-breadcrumb-separator\">&raquo;<\/span><span class=\"aioseo-breadcrumb\">\n\t<a href=\"https:\/\/www.rucashk.com\/pt\/products\/\" title=\"Produtos\">Produtos<\/a>\n<\/span><span class=\"aioseo-breadcrumb-separator\">&raquo;<\/span><span class=\"aioseo-breadcrumb\">\n\t<a href=\"https:\/\/www.rucashk.com\/pt\/categoria-produto\/xiaomi-eco\/\" title=\"Xiaomi Eco\">Xiaomi Eco<\/a>\n<\/span><span class=\"aioseo-breadcrumb-separator\">&raquo;<\/span><span class=\"aioseo-breadcrumb\">\n\t<a href=\"https:\/\/www.rucashk.com\/pt\/categoria-produto\/xiaomi-eco\/gadgets\/\" title=\"Gadgets\">Gadgets<\/a>\n<\/span><span class=\"aioseo-breadcrumb-separator\">&raquo;<\/span><span class=\"aioseo-breadcrumb\">\n\tFunsnap iDol FPV RC Drone 4K GPS Quadrupter Professional Camera HD 1080P\n<\/span><\/div>","aioseo_breadcrumb_json":[{"label":"Home","link":"https:\/\/www.rucashk.com\/pt"},{"label":"Produtos","link":"https:\/\/www.rucashk.com\/pt\/products\/"},{"label":"Xiaomi Eco","link":"https:\/\/www.rucashk.com\/pt\/categoria-produto\/xiaomi-eco\/"},{"label":"Gadgets","link":"https:\/\/www.rucashk.com\/pt\/categoria-produto\/xiaomi-eco\/gadgets\/"},{"label":"Funsnap iDol FPV RC Drone 4K GPS Quadrupter Professional Camera HD 1080P","link":"https:\/\/www.rucashk.com\/pt\/produto\/funsnap-idol-fpv-rc-drone-4k-gps-quadrupter-professional-camera-hd-1080p\/"}],"_links":{"self":[{"href":"https:\/\/www.rucashk.com\/pt\/wp-json\/wp\/v2\/product\/21358","targetHints":{"allow":["GET"]}}],"collection":[{"href":"https:\/\/www.rucashk.com\/pt\/wp-json\/wp\/v2\/product"}],"about":[{"href":"https:\/\/www.rucashk.com\/pt\/wp-json\/wp\/v2\/types\/product"}],"wp:featuredmedia":[{"embeddable":true,"href":"https:\/\/www.rucashk.com\/pt\/wp-json\/wp\/v2\/media\/21493"}],"wp:attachment":[{"href":"https:\/\/www.rucashk.com\/pt\/wp-json\/wp\/v2\/media?parent=21358"}],"wp:term":[{"taxonomy":"product_brand","embeddable":true,"href":"https:\/\/www.rucashk.com\/pt\/wp-json\/wp\/v2\/product_brand?post=21358"},{"taxonomy":"product_cat","embeddable":true,"href":"https:\/\/www.rucashk.com\/pt\/wp-json\/wp\/v2\/product_cat?post=21358"},{"taxonomy":"product_tag","embeddable":true,"href":"https:\/\/www.rucashk.com\/pt\/wp-json\/wp\/v2\/product_tag?post=21358"}],"curies":[{"name":"wp","href":"https:\/\/api.w.org\/{rel}","templated":true}]}}