{"id":21321,"date":"2024-01-09T15:31:17","date_gmt":"2024-01-09T15:31:17","guid":{"rendered":"http:\/\/rucashk.com\/?post_type=product&#038;p=21321"},"modified":"2025-06-22T07:34:50","modified_gmt":"2025-06-22T07:34:50","slug":"xiaomi-car-charger-18w-quick-charge-metal-casing-dual-usb","status":"publish","type":"product","link":"https:\/\/www.rucashk.com\/pt\/produto\/xiaomi-car-charger-18w-quick-charge-metal-casing-dual-usb\/","title":{"rendered":"Carregador de carro Xiaomi 18W de carga r\u00e1pida com caixa de metal USB duplo"},"content":{"rendered":"<div style=\"text-align: center\" data-spm-anchor-id=\"a2g0o.detail.1000023.i0.60e35989H7ZejC\"><a href=\"https:\/\/www.rucashk.com\/pt\/produto\/xiaomi-mi-20w-max-qi-wireless-car-charger-distribution-and-wholesale\/\" class=\"\" style=\"width: auto !important\" data-wpil-post-to-id=\"2600\">Carregador de carro Xiaomi<\/a> Nova vers\u00e3o 18W m\u00e1x.<\/div>\n<div style=\"text-align: center\">Apar\u00eancia simples, excelente experi\u00eancia de carregamento<\/div>\n<div style=\"text-align: center\">Suporta 18W r\u00e1pido <a href=\"https:\/\/www.rucashk.com\/pt\/produto\/xiaomi-70mai-dual-usb-car-quick-charge-adapter-for-smart-phone\/\" class=\"\" style=\"width: auto !important\" data-wpil-post-to-id=\"2526\">cobrar | concha de lat\u00e3o | USB duplo<\/a> sa\u00edda inteligente | dicas leves<\/div>\n<div style=\"text-align: center\"><img fetchpriority=\"high\" decoding=\"async\" class=\"alignnone size-full wp-image-2671\" src=\"https:\/\/www.rucashk.com\/wp-content\/uploads\/2020\/05\/Xiaomi-Mi-Car-Charger-18W-37W-Original-Dual-USB-1-1.jpg\" alt=\"\" width=\"950\" height=\"500\" \/><\/div>\n<div style=\"text-align: center\"><\/div>\n<div style=\"text-align: center\">\n<div><a class=\"\" style=\"width: auto !important\" href=\"https:\/\/www.rucashk.com\/pt\/produto\/xiaomi-mi-power-bank-3-10000-mah-quick-charge-supports-18w-charging\/\" data-wpil-post-to-id=\"2674\">Suporta carregamento r\u00e1pido de 18W<\/a><\/div>\n<div><a class=\"\" style=\"width: auto !important\" href=\"https:\/\/www.rucashk.com\/pt\/produto\/xiaomi-mi-car-charger-qc3-0-x2-dual-usb-quick-charge\/\" data-wpil-post-to-id=\"2642\">Carregador de carro Xiaomi carga r\u00e1pida<\/a> vers\u00e3o de qualquer sa\u00edda de porta \u00fanica, pode fornecer carregamento r\u00e1pido de 18 W para dispositivos m\u00f3veis inteligentes<\/div>\n<div>dispositivos como Xiaomi, Samsung, etc., mesmo no caminho para o trabalho, podem adicionar energia rapidamente a dispositivos inteligentes.<\/div>\n<\/div>\n<div style=\"text-align: center\"><img decoding=\"async\" class=\"alignnone size-full wp-image-2670\" src=\"https:\/\/www.rucashk.com\/wp-content\/uploads\/2020\/05\/Xiaomi-Mi-Car-Charger-18W-37W-Original-Dual-USB.jpg\" alt=\"\" width=\"950\" height=\"500\" \/><\/div>\n<div style=\"text-align: center\"><\/div>\n<div style=\"text-align: center\">\n<div><a class=\"\" style=\"width: auto !important\" href=\"https:\/\/www.rucashk.com\/pt\/produto\/roidmi-c1-quick-and-intelligent-car-charger-metal-dual-usb\/\" data-wpil-post-to-id=\"2628\">Porta dupla inteligente<\/a> distribui\u00e7\u00e3o 5V\/2,4A<\/div>\n<div>Quando a porta dupla \u00e9 <a class=\"\" style=\"width: auto !important\" href=\"https:\/\/www.rucashk.com\/pt\/produto\/xiaomi-mi-usb-c-charger-65w-output-rate-socket-power-adapter\/\" data-wpil-post-to-id=\"2611\">sa\u00edda ao mesmo tempo, o carregador de carro Xiaomi<\/a> vers\u00e3o de carregamento r\u00e1pido pode carregar<\/div>\n<div>dois dispositivos e distribuir de forma inteligente, a pot\u00eancia total pode chegar a 15W Max,<\/div>\n<div>e pode facilmente lidar com a demanda de carregamento simult\u00e2neo da condu\u00e7\u00e3o principal e da primeira condu\u00e7\u00e3o.<\/div>\n<\/div>\n<div style=\"text-align: center\"><img decoding=\"async\" class=\"alignnone size-full wp-image-2669\" src=\"https:\/\/www.rucashk.com\/wp-content\/uploads\/2020\/05\/Xiaomi-Mi-Car-Charger-18W-37W-Original-Dual-USB-.jpg\" alt=\"\" width=\"950\" height=\"500\" \/><\/div>\n<div style=\"text-align: center\"><\/div>\n<div style=\"text-align: center\">\n<div>Chip mestre de circuito de alta qualidade<\/div>\n<div>O uso de chips de circuito de alta qualidade, com prote\u00e7\u00e3o de 5 circuitos, n\u00e3o s\u00f3 melhora a efici\u00eancia de carregamento,<\/div>\n<div>mas tamb\u00e9m protege melhor o <a class=\"\" style=\"width: auto !important\" href=\"https:\/\/www.rucashk.com\/pt\/produto\/70mai-wireless-car-charger-mount\/\" data-wpil-post-to-id=\"2507\">carro e carregamento<\/a> equipamento.<\/div>\n<\/div>\n<div><img decoding=\"async\" class=\"aligncenter\" src=\"https:\/\/www.rucashk.com\/wp-content\/uploads\/2020\/05\/HTB1FjLpapzsK1Rjy1Xbq6xOaFXaB.jpg\" alt=\"Xiaomi MI Car Charger 18W d05\" \/><img decoding=\"async\" class=\"aligncenter\" src=\"https:\/\/www.rucashk.com\/wp-content\/uploads\/2020\/05\/HTB1wOTvazzuK1RjSsppq6xz0XXaV.jpg\" alt=\"Xiaomi MI Car Charger 18W d06\" \/><img decoding=\"async\" class=\"aligncenter\" src=\"https:\/\/www.rucashk.com\/wp-content\/uploads\/2020\/05\/HTB1bAHuatjvK1RjSspiq6AEqXXaM.jpg\" alt=\"Xiaomi MI Car Charger 18W d07\" \/><img decoding=\"async\" class=\"aligncenter\" src=\"https:\/\/www.rucashk.com\/wp-content\/uploads\/2020\/05\/HTB1QynxavvsK1Rjy0Fiq6zwtXXa0.jpg\" alt=\"Xiaomi MI Car Charger 18W d08\" \/><img decoding=\"async\" class=\"aligncenter\" src=\"https:\/\/www.rucashk.com\/wp-content\/uploads\/2020\/05\/HTB1QgftayDxK1Rjy1zcq6yGeXXav.jpg\" alt=\"Xiaomi MI Car Charger 18W d09\" \/><\/div>\n<div><\/div>\n<div>\n<p>Original <a class=\"\" style=\"width: auto !important\" href=\"https:\/\/www.rucashk.com\/pt\/produto\/xiaomi-mi-4a-5ghz-wifi-dual-band-ac-1200m-smart-wireless-router\/\" data-wpil-post-to-id=\"2486\">Carregador de Carro Xiaomi 18W Carga R\u00e1pida Mi Carca\u00e7a Met\u00e1lica Dupla<\/a> USB para celular iPhone Samsung Huawei Xiaomi Tablet carga r\u00e1pida<\/p>\n<\/div>\n<div>\n<p>Agora \u00e9 <a class=\"\" style=\"width: auto !important\" href=\"https:\/\/www.rucashk.com\/pt\/produto\/xiaomi-70mai-air-compressor-car-tyre-inflator\/\" data-wpil-post-to-id=\"2539\">Carro Xiaomi<\/a> Especifica\u00e7\u00f5es do carregador 18W:<\/p>\n<p>1. Digite: <a href=\"https:\/\/www.rucashk.com\/pt\/produto\/roidmi-c1-quick-and-intelligent-car-charger-metal-dual-usb\/\" class=\"\" style=\"width: auto !important\" data-wpil-post-to-id=\"2628\">Carro USB duplo<\/a> Carregador.<br \/>\n2. Entrada: CC 12-24V<br \/>\n3. Sa\u00edda: at\u00e9 DC 5V 3,6A<br \/>\n4. Cor: tira<\/p>\n<p>Caracter\u00edsticas:<br \/>\n1. <a href=\"https:\/\/www.rucashk.com\/pt\/produto\/xiaomi-mi-power-bank-3-10000-mah-quick-charge-supports-18w-charging\/\" class=\"\" style=\"width: auto !important\" data-wpil-post-to-id=\"2674\">Suporte para carga r\u00e1pida<\/a> 18W.<br \/>\n2. Sa\u00edda 3,6A m\u00e1x., por sa\u00edda USB at\u00e9 2,4A.<br \/>\n3. Dispositivo de reconhecimento inteligente, fornece corrente apropriada.<br \/>\n4. Prote\u00e7\u00e3o de cinco circuitos, seguran\u00e7a em primeiro lugar.<br \/>\n5. Superf\u00edcie met\u00e1lica, feita pelo processo CNC 18.<br \/>\n6. Taxa de convers\u00e3o de energia 95%, mais eficaz e mais eficiente.<br \/>\n7. Compat\u00edvel com dispositivos quase inteligentes.<br \/>\n8. Adequado para quase carro.<\/p>\n<\/div>","protected":false},"excerpt":{"rendered":"<p>Caracter\u00edsticas:<br \/>\n1. Suporte para carga r\u00e1pida 18W.<br \/>\n2. Sa\u00edda 3,6A m\u00e1x., por sa\u00edda USB at\u00e9 2,4A.<br \/>\n3. Dispositivo de reconhecimento inteligente, fornece corrente apropriada.<br \/>\n4. Prote\u00e7\u00e3o de cinco circuitos, seguran\u00e7a em primeiro lugar.<br \/>\n5. Superf\u00edcie met\u00e1lica, feita pelo processo CNC 18.<br \/>\n6. Taxa de convers\u00e3o de energia 95%, mais eficaz e mais eficiente.<br \/>\n7. Compat\u00edvel com dispositivos quase inteligentes.<br \/>\n8. Adequado para quase carro.<\/p>","protected":false},"featured_media":21454,"template":"","meta":[],"product_brand":[1363],"product_cat":[1288,1292],"product_tag":[],"class_list":{"0":"post-21321","1":"product","2":"type-product","3":"status-publish","4":"has-post-thumbnail","6":"product_brand-xiaomi","7":"product_cat-e-vehicle-accessories","8":"product_cat-phone-charging","10":"first","11":"instock","12":"shipping-taxable","13":"product-type-external"},"aioseo_notices":[],"aioseo_head":"\n\t\t<!-- All in One SEO Pro 4.5.9.2 - aioseo.com -->\n\t\t<meta name=\"description\" content=\"Features: 1. Support Quick Charge 18W. 2. Output 3.6A max, per USB output up to 2.4A. 3. Intelligent recognition device, provide appropriate current. 4. Five circuit protection, safety first. 5. Metal surface, made by CNC 18 process. 6. 95% power conversion rate, more effective and more efficient. 7. Compitable with almost smart devices. 8. Suitable for almost car.\" \/>\n\t\t<meta name=\"robots\" content=\"max-image-preview:large\" \/>\n\t\t<link rel=\"canonical\" href=\"https:\/\/www.rucashk.com\/pt\/produto\/xiaomi-car-charger-18w-quick-charge-metal-casing-dual-usb\/\" \/>\n\t\t<meta name=\"generator\" content=\"All in One SEO Pro (AIOSEO) 4.5.9.2\" \/>\n\t\t<meta property=\"og:locale\" content=\"pt_PT\" \/>\n\t\t<meta property=\"og:site_name\" content=\"Rucas - One-stop AIoT Distribution Worldwide\" \/>\n\t\t<meta property=\"og:type\" content=\"article\" \/>\n\t\t<meta property=\"og:title\" content=\"Xiaomi Car Charger 18W Quick Charge Metal Casing Dual USB - Rucas - Wholesale and Distribution\" \/>\n\t\t<meta property=\"og:description\" content=\"Features: 1. Support Quick Charge 18W. 2. Output 3.6A max, per USB output up to 2.4A. 3. Intelligent recognition device, provide appropriate current. 4. Five circuit protection, safety first. 5. Metal surface, made by CNC 18 process. 6. 95% power conversion rate, more effective and more efficient. 7. Compitable with almost smart devices. 8. Suitable for almost car.\" \/>\n\t\t<meta property=\"og:url\" content=\"https:\/\/www.rucashk.com\/pt\/produto\/xiaomi-car-charger-18w-quick-charge-metal-casing-dual-usb\/\" \/>\n\t\t<meta property=\"og:image\" content=\"https:\/\/www.rucashk.com\/wp-content\/uploads\/replace\/503b8e645f128a97ccde2b6290747646.jpeg\" \/>\n\t\t<meta property=\"og:image:secure_url\" content=\"https:\/\/www.rucashk.com\/wp-content\/uploads\/replace\/503b8e645f128a97ccde2b6290747646.jpeg\" \/>\n\t\t<meta property=\"og:image:width\" content=\"1456\" \/>\n\t\t<meta property=\"og:image:height\" content=\"816\" \/>\n\t\t<meta property=\"article:published_time\" content=\"2024-01-09T15:31:17+00:00\" \/>\n\t\t<meta property=\"article:modified_time\" content=\"2025-06-22T07:34:50+00:00\" \/>\n\t\t<meta name=\"twitter:card\" content=\"summary_large_image\" \/>\n\t\t<meta name=\"twitter:title\" content=\"Xiaomi Car Charger 18W Quick Charge Metal Casing Dual USB - Rucas - Wholesale and Distribution\" \/>\n\t\t<meta name=\"twitter:description\" content=\"Features: 1. Support Quick Charge 18W. 2. Output 3.6A max, per USB output up to 2.4A. 3. Intelligent recognition device, provide appropriate current. 4. Five circuit protection, safety first. 5. Metal surface, made by CNC 18 process. 6. 95% power conversion rate, more effective and more efficient. 7. Compitable with almost smart devices. 8. Suitable for almost car.\" \/>\n\t\t<meta name=\"twitter:image\" content=\"https:\/\/www.rucashk.com\/wp-content\/uploads\/replace\/503b8e645f128a97ccde2b6290747646.jpeg\" \/>\n\t\t<script type=\"application\/ld+json\" class=\"aioseo-schema\">\n\t\t\t{\"@context\":\"https:\\\/\\\/schema.org\",\"@graph\":[{\"@type\":\"BreadcrumbList\",\"@id\":\"https:\\\/\\\/www.rucashk.com\\\/pt\\\/produto\\\/xiaomi-car-charger-18w-quick-charge-metal-casing-dual-usb\\\/#breadcrumblist\",\"itemListElement\":[{\"@type\":\"ListItem\",\"@id\":\"https:\\\/\\\/www.rucashk.com\\\/pt\\\/#listItem\",\"position\":1,\"name\":\"Home\",\"item\":\"https:\\\/\\\/www.rucashk.com\\\/pt\\\/\",\"nextItem\":\"https:\\\/\\\/www.rucashk.com\\\/pt\\\/produto\\\/xiaomi-car-charger-18w-quick-charge-metal-casing-dual-usb\\\/#listItem\"},{\"@type\":\"ListItem\",\"@id\":\"https:\\\/\\\/www.rucashk.com\\\/pt\\\/produto\\\/xiaomi-car-charger-18w-quick-charge-metal-casing-dual-usb\\\/#listItem\",\"position\":2,\"name\":\"Xiaomi Car Charger 18W Quick Charge Metal Casing Dual USB\",\"previousItem\":\"https:\\\/\\\/www.rucashk.com\\\/pt\\\/#listItem\"}]},{\"@type\":\"Organization\",\"@id\":\"https:\\\/\\\/www.rucashk.com\\\/pt\\\/#organization\",\"name\":\"Rucas\",\"url\":\"https:\\\/\\\/www.rucashk.com\\\/pt\\\/\",\"logo\":{\"@type\":\"ImageObject\",\"url\":\"https:\\\/\\\/www.rucashk.com\\\/wp-content\\\/uploads\\\/2023\\\/12\\\/Rucas_campany_logo.png\",\"@id\":\"https:\\\/\\\/www.rucashk.com\\\/pt\\\/produto\\\/xiaomi-car-charger-18w-quick-charge-metal-casing-dual-usb\\\/#organizationLogo\",\"width\":221,\"height\":65},\"image\":{\"@id\":\"https:\\\/\\\/www.rucashk.com\\\/pt\\\/#organizationLogo\"}},{\"@type\":\"Person\",\"@id\":\"https:\\\/\\\/www.rucashk.com\\\/pt\\\/author\\\/admin\\\/#author\",\"url\":\"https:\\\/\\\/www.rucashk.com\\\/pt\\\/author\\\/admin\\\/\",\"name\":\"admin\",\"image\":{\"@type\":\"ImageObject\",\"@id\":\"https:\\\/\\\/www.rucashk.com\\\/pt\\\/produto\\\/xiaomi-car-charger-18w-quick-charge-metal-casing-dual-usb\\\/#authorImage\",\"url\":\"https:\\\/\\\/secure.gravatar.com\\\/avatar\\\/b7c8925b09a27e72b30232f8ecaadbd5af0f70a38c78096863fe51b64f031c24?s=96&d=mm&r=g\",\"width\":96,\"height\":96,\"caption\":\"admin\"}},{\"@type\":\"WebPage\",\"@id\":\"https:\\\/\\\/www.rucashk.com\\\/pt\\\/produto\\\/xiaomi-car-charger-18w-quick-charge-metal-casing-dual-usb\\\/#webpage\",\"url\":\"https:\\\/\\\/www.rucashk.com\\\/pt\\\/produto\\\/xiaomi-car-charger-18w-quick-charge-metal-casing-dual-usb\\\/\",\"name\":\"Xiaomi Car Charger 18W Quick Charge Metal Casing Dual USB - Rucas - Wholesale and Distribution\",\"description\":\"Features: 1. Support Quick Charge 18W. 2. Output 3.6A max, per USB output up to 2.4A. 3. Intelligent recognition device, provide appropriate current. 4. Five circuit protection, safety first. 5. Metal surface, made by CNC 18 process. 6. 95% power conversion rate, more effective and more efficient. 7. Compitable with almost smart devices. 8. Suitable for almost car.\",\"inLanguage\":\"pt-PT\",\"isPartOf\":{\"@id\":\"https:\\\/\\\/www.rucashk.com\\\/pt\\\/#website\"},\"breadcrumb\":{\"@id\":\"https:\\\/\\\/www.rucashk.com\\\/pt\\\/produto\\\/xiaomi-car-charger-18w-quick-charge-metal-casing-dual-usb\\\/#breadcrumblist\"},\"author\":{\"@id\":\"https:\\\/\\\/www.rucashk.com\\\/pt\\\/author\\\/admin\\\/#author\"},\"creator\":{\"@id\":\"https:\\\/\\\/www.rucashk.com\\\/pt\\\/author\\\/admin\\\/#author\"},\"image\":{\"@type\":\"ImageObject\",\"url\":\"https:\\\/\\\/www.rucashk.com\\\/wp-content\\\/uploads\\\/2024\\\/01\\\/Xiaomi-Mi-Car-Charger-18W-37W-Original-Dual-USB-5V-2-4A-Fast-Charge-Compatible-Mi.jpg\",\"@id\":\"https:\\\/\\\/www.rucashk.com\\\/pt\\\/produto\\\/xiaomi-car-charger-18w-quick-charge-metal-casing-dual-usb\\\/#mainImage\",\"width\":800,\"height\":800},\"primaryImageOfPage\":{\"@id\":\"https:\\\/\\\/www.rucashk.com\\\/pt\\\/produto\\\/xiaomi-car-charger-18w-quick-charge-metal-casing-dual-usb\\\/#mainImage\"},\"datePublished\":\"2024-01-09T15:31:17+00:00\",\"dateModified\":\"2025-06-22T07:34:50+00:00\"},{\"@type\":\"WebSite\",\"@id\":\"https:\\\/\\\/www.rucashk.com\\\/pt\\\/#website\",\"url\":\"https:\\\/\\\/www.rucashk.com\\\/pt\\\/\",\"name\":\"Rucas - Wholesale and distribution worldwide\",\"alternateName\":\"Rucas - One-stop AIoT Distribution Worldwide\",\"description\":\"One-stop AIoT Distribution Worldwide\",\"inLanguage\":\"pt-PT\",\"publisher\":{\"@id\":\"https:\\\/\\\/www.rucashk.com\\\/pt\\\/#organization\"}}]}\n\t\t<\/script>\n\t\t<!-- All in One SEO Pro -->\r\n\t\t<title>Xiaomi Car Charger 18W Quick Charge Metal Casing Dual USB - Rucas - Wholesale and Distribution<\/title>\n\n","aioseo_head_json":{"title":"Xiaomi Car Charger 18W Quick Charge Metal Casing Dual USB - Rucas - Wholesale and Distribution","description":"Features: 1. Support Quick Charge 18W. 2. Output 3.6A max, per USB output up to 2.4A. 3. Intelligent recognition device, provide appropriate current. 4. Five circuit protection, safety first. 5. Metal surface, made by CNC 18 process. 6. 95% power conversion rate, more effective and more efficient. 7. Compitable with almost smart devices. 8. Suitable for almost car.","canonical_url":"https:\/\/www.rucashk.com\/pt\/produto\/xiaomi-car-charger-18w-quick-charge-metal-casing-dual-usb\/","robots":"max-image-preview:large","keywords":"","webmasterTools":{"miscellaneous":""},"og:locale":"pt_PT","og:site_name":"Rucas - One-stop AIoT Distribution Worldwide","og:type":"article","og:title":"Xiaomi Car Charger 18W Quick Charge Metal Casing Dual USB - Rucas - Wholesale and Distribution","og:description":"Features: 1. Support Quick Charge 18W. 2. Output 3.6A max, per USB output up to 2.4A. 3. Intelligent recognition device, provide appropriate current. 4. Five circuit protection, safety first. 5. Metal surface, made by CNC 18 process. 6. 95% power conversion rate, more effective and more efficient. 7. Compitable with almost smart devices. 8. Suitable for almost car.","og:url":"https:\/\/www.rucashk.com\/pt\/produto\/xiaomi-car-charger-18w-quick-charge-metal-casing-dual-usb\/","og:image":"https:\/\/www.rucashk.com\/wp-content\/uploads\/replace\/503b8e645f128a97ccde2b6290747646.jpeg","og:image:secure_url":"https:\/\/www.rucashk.com\/wp-content\/uploads\/replace\/503b8e645f128a97ccde2b6290747646.jpeg","og:image:width":1456,"og:image:height":816,"article:published_time":"2024-01-09T15:31:17+00:00","article:modified_time":"2025-06-22T07:34:50+00:00","twitter:card":"summary_large_image","twitter:title":"Xiaomi Car Charger 18W Quick Charge Metal Casing Dual USB - Rucas - Wholesale and Distribution","twitter:description":"Features: 1. Support Quick Charge 18W. 2. Output 3.6A max, per USB output up to 2.4A. 3. Intelligent recognition device, provide appropriate current. 4. Five circuit protection, safety first. 5. Metal surface, made by CNC 18 process. 6. 95% power conversion rate, more effective and more efficient. 7. Compitable with almost smart devices. 8. Suitable for almost car.","twitter:image":"https:\/\/www.rucashk.com\/wp-content\/uploads\/replace\/503b8e645f128a97ccde2b6290747646.jpeg","schema":{"@context":"https:\/\/schema.org","@graph":[{"@type":"BreadcrumbList","@id":"https:\/\/www.rucashk.com\/pt\/produto\/xiaomi-car-charger-18w-quick-charge-metal-casing-dual-usb\/#breadcrumblist","itemListElement":[{"@type":"ListItem","@id":"https:\/\/www.rucashk.com\/pt\/#listItem","position":1,"name":"Home","item":"https:\/\/www.rucashk.com\/pt\/","nextItem":"https:\/\/www.rucashk.com\/pt\/produto\/xiaomi-car-charger-18w-quick-charge-metal-casing-dual-usb\/#listItem"},{"@type":"ListItem","@id":"https:\/\/www.rucashk.com\/pt\/produto\/xiaomi-car-charger-18w-quick-charge-metal-casing-dual-usb\/#listItem","position":2,"name":"Xiaomi Car Charger 18W Quick Charge Metal Casing Dual USB","previousItem":"https:\/\/www.rucashk.com\/pt\/#listItem"}]},{"@type":"Organization","@id":"https:\/\/www.rucashk.com\/pt\/#organization","name":"Rucas","url":"https:\/\/www.rucashk.com\/pt\/","logo":{"@type":"ImageObject","url":"https:\/\/www.rucashk.com\/wp-content\/uploads\/2023\/12\/Rucas_campany_logo.png","@id":"https:\/\/www.rucashk.com\/pt\/produto\/xiaomi-car-charger-18w-quick-charge-metal-casing-dual-usb\/#organizationLogo","width":221,"height":65},"image":{"@id":"https:\/\/www.rucashk.com\/pt\/#organizationLogo"}},{"@type":"Person","@id":"https:\/\/www.rucashk.com\/pt\/author\/admin\/#author","url":"https:\/\/www.rucashk.com\/pt\/author\/admin\/","name":"admin","image":{"@type":"ImageObject","@id":"https:\/\/www.rucashk.com\/pt\/produto\/xiaomi-car-charger-18w-quick-charge-metal-casing-dual-usb\/#authorImage","url":"https:\/\/secure.gravatar.com\/avatar\/b7c8925b09a27e72b30232f8ecaadbd5af0f70a38c78096863fe51b64f031c24?s=96&d=mm&r=g","width":96,"height":96,"caption":"admin"}},{"@type":"WebPage","@id":"https:\/\/www.rucashk.com\/pt\/produto\/xiaomi-car-charger-18w-quick-charge-metal-casing-dual-usb\/#webpage","url":"https:\/\/www.rucashk.com\/pt\/produto\/xiaomi-car-charger-18w-quick-charge-metal-casing-dual-usb\/","name":"Xiaomi Car Charger 18W Quick Charge Metal Casing Dual USB - Rucas - Wholesale and Distribution","description":"Features: 1. Support Quick Charge 18W. 2. Output 3.6A max, per USB output up to 2.4A. 3. Intelligent recognition device, provide appropriate current. 4. Five circuit protection, safety first. 5. Metal surface, made by CNC 18 process. 6. 95% power conversion rate, more effective and more efficient. 7. Compitable with almost smart devices. 8. Suitable for almost car.","inLanguage":"pt-PT","isPartOf":{"@id":"https:\/\/www.rucashk.com\/pt\/#website"},"breadcrumb":{"@id":"https:\/\/www.rucashk.com\/pt\/produto\/xiaomi-car-charger-18w-quick-charge-metal-casing-dual-usb\/#breadcrumblist"},"author":{"@id":"https:\/\/www.rucashk.com\/pt\/author\/admin\/#author"},"creator":{"@id":"https:\/\/www.rucashk.com\/pt\/author\/admin\/#author"},"image":{"@type":"ImageObject","url":"https:\/\/www.rucashk.com\/wp-content\/uploads\/2024\/01\/Xiaomi-Mi-Car-Charger-18W-37W-Original-Dual-USB-5V-2-4A-Fast-Charge-Compatible-Mi.jpg","@id":"https:\/\/www.rucashk.com\/pt\/produto\/xiaomi-car-charger-18w-quick-charge-metal-casing-dual-usb\/#mainImage","width":800,"height":800},"primaryImageOfPage":{"@id":"https:\/\/www.rucashk.com\/pt\/produto\/xiaomi-car-charger-18w-quick-charge-metal-casing-dual-usb\/#mainImage"},"datePublished":"2024-01-09T15:31:17+00:00","dateModified":"2025-06-22T07:34:50+00:00"},{"@type":"WebSite","@id":"https:\/\/www.rucashk.com\/pt\/#website","url":"https:\/\/www.rucashk.com\/pt\/","name":"Rucas - Wholesale and distribution worldwide","alternateName":"Rucas - One-stop AIoT Distribution Worldwide","description":"One-stop AIoT Distribution Worldwide","inLanguage":"pt-PT","publisher":{"@id":"https:\/\/www.rucashk.com\/pt\/#organization"}}]}},"aioseo_meta_data":{"post_id":"21321","title":null,"description":null,"keywords":null,"keyphrases":null,"primary_term":null,"canonical_url":null,"og_title":null,"og_description":null,"og_object_type":"default","og_image_type":"default","og_image_url":null,"og_image_width":null,"og_image_height":null,"og_image_custom_url":null,"og_image_custom_fields":null,"og_video":null,"og_custom_url":null,"og_article_section":null,"og_article_tags":null,"twitter_use_og":false,"twitter_card":"default","twitter_image_type":"default","twitter_image_url":null,"twitter_image_custom_url":null,"twitter_image_custom_fields":null,"twitter_title":null,"twitter_description":null,"schema":{"blockGraphs":[],"customGraphs":[],"default":{"data":{"Article":[],"Course":[],"Dataset":[],"FAQPage":[],"Movie":[],"Person":[],"Product":[],"Recipe":[],"Service":[],"SoftwareApplication":[],"WebPage":[]},"graphName":"","isEnabled":true},"graphs":[]},"schema_type":"default","schema_type_options":null,"pillar_content":false,"robots_default":true,"robots_noindex":false,"robots_noarchive":false,"robots_nosnippet":false,"robots_nofollow":false,"robots_noimageindex":false,"robots_noodp":false,"robots_notranslate":false,"robots_max_snippet":null,"robots_max_videopreview":null,"robots_max_imagepreview":"large","priority":null,"frequency":null,"local_seo":null,"breadcrumb_settings":null,"limit_modified_date":false,"created":"2024-04-11 01:55:17","updated":"2025-06-22 16:21:02"},"aioseo_breadcrumb":"<div class=\"aioseo-breadcrumbs\"><span class=\"aioseo-breadcrumb\">\n\t<a href=\"https:\/\/www.rucashk.com\/pt\" title=\"Home\">Home<\/a>\n<\/span><span class=\"aioseo-breadcrumb-separator\">&raquo;<\/span><span class=\"aioseo-breadcrumb\">\n\t<a href=\"https:\/\/www.rucashk.com\/pt\/products\/\" title=\"Produtos\">Produtos<\/a>\n<\/span><span class=\"aioseo-breadcrumb-separator\">&raquo;<\/span><span class=\"aioseo-breadcrumb\">\n\t<a href=\"https:\/\/www.rucashk.com\/pt\/marca\/xiaomi\/\" title=\"Xiaomi\">Xiaomi<\/a>\n<\/span><span class=\"aioseo-breadcrumb-separator\">&raquo;<\/span><span class=\"aioseo-breadcrumb\">\n\tXiaomi Car Charger 18W Quick Charge Metal Casing Dual USB\n<\/span><\/div>","aioseo_breadcrumb_json":[{"label":"Home","link":"https:\/\/www.rucashk.com\/pt"},{"label":"Produtos","link":"https:\/\/www.rucashk.com\/pt\/products\/"},{"label":"Xiaomi","link":"https:\/\/www.rucashk.com\/pt\/marca\/xiaomi\/"},{"label":"Xiaomi Car Charger 18W Quick Charge Metal Casing Dual USB","link":"https:\/\/www.rucashk.com\/pt\/produto\/xiaomi-car-charger-18w-quick-charge-metal-casing-dual-usb\/"}],"_links":{"self":[{"href":"https:\/\/www.rucashk.com\/pt\/wp-json\/wp\/v2\/product\/21321","targetHints":{"allow":["GET"]}}],"collection":[{"href":"https:\/\/www.rucashk.com\/pt\/wp-json\/wp\/v2\/product"}],"about":[{"href":"https:\/\/www.rucashk.com\/pt\/wp-json\/wp\/v2\/types\/product"}],"wp:featuredmedia":[{"embeddable":true,"href":"https:\/\/www.rucashk.com\/pt\/wp-json\/wp\/v2\/media\/21454"}],"wp:attachment":[{"href":"https:\/\/www.rucashk.com\/pt\/wp-json\/wp\/v2\/media?parent=21321"}],"wp:term":[{"taxonomy":"product_brand","embeddable":true,"href":"https:\/\/www.rucashk.com\/pt\/wp-json\/wp\/v2\/product_brand?post=21321"},{"taxonomy":"product_cat","embeddable":true,"href":"https:\/\/www.rucashk.com\/pt\/wp-json\/wp\/v2\/product_cat?post=21321"},{"taxonomy":"product_tag","embeddable":true,"href":"https:\/\/www.rucashk.com\/pt\/wp-json\/wp\/v2\/product_tag?post=21321"}],"curies":[{"name":"wp","href":"https:\/\/api.w.org\/{rel}","templated":true}]}}