{"id":21270,"date":"2024-01-09T15:30:53","date_gmt":"2024-01-09T15:30:53","guid":{"rendered":"http:\/\/rucashk.com\/?post_type=product&#038;p=21270"},"modified":"2025-06-22T07:34:52","modified_gmt":"2025-06-22T07:34:52","slug":"xiaomi-70mai-dual-usb-car-quick-charge-adapter-for-smartphone","status":"publish","type":"product","link":"https:\/\/www.rucashk.com\/pt\/produto\/xiaomi-70mai-dual-usb-car-quick-charge-adapter-for-smartphone\/","title":{"rendered":"Adaptador de carga r\u00e1pida para carro Xiaomi 70mai Dual USB para smartphone"},"content":{"rendered":"<p><img decoding=\"async\" alt=\"Xiaomi 70mai Dual USB Car Quick Charge Adapter For SmartPhone\" class=\"js-descLazyload lazy-loaded aligncenter\" src=\"https:\/\/www.rucashk.com\/wp-content\/uploads\/2020\/05\/a6cbf29a7239.jpg\" data-lazy=\"https:\/\/www.rucashk.com\/wp-content\/uploads\/2020\/05\/a6cbf29a7239.jpg\" data-was-processed=\"true\" \/><\/p>\n<p style=\"text-align: center\"><img decoding=\"async\" alt=\"Xiaomi 70mai Dual USB Car Quick Charge Adapter For SmartPhone\" class=\"js-descLazyload lazy-loaded\" src=\"https:\/\/www.rucashk.com\/wp-content\/uploads\/2020\/05\/173cb2cc6ec5.jpg\" data-lazy=\"https:\/\/www.rucashk.com\/wp-content\/uploads\/2020\/05\/173cb2cc6ec5.jpg\" data-was-processed=\"true\" \/><\/p>\n<p style=\"text-align: center\"><img decoding=\"async\" alt=\"Xiaomi 70mai Dual USB Car Quick Charge Adapter For SmartPhone\" class=\"js-descLazyload lazy-loaded\" src=\"https:\/\/www.rucashk.com\/wp-content\/uploads\/2020\/05\/8b3c71744a13.jpg\" data-lazy=\"https:\/\/www.rucashk.com\/wp-content\/uploads\/2020\/05\/8b3c71744a13.jpg\" data-was-processed=\"true\" \/><\/p>\n<p style=\"text-align: center\"><img decoding=\"async\" alt=\"Xiaomi 70mai Dual USB Car Quick Charge Adapter For SmartPhone\" class=\"js-descLazyload lazy-loaded\" src=\"https:\/\/www.rucashk.com\/wp-content\/uploads\/2020\/05\/c095ecec0c89.jpg\" data-lazy=\"https:\/\/www.rucashk.com\/wp-content\/uploads\/2020\/05\/c095ecec0c89.jpg\" data-was-processed=\"true\" \/><\/p>\n<p style=\"text-align: center\"><img decoding=\"async\" alt=\"Xiaomi 70mai Dual USB Car Quick Charge Adapter For SmartPhone\" class=\"js-descLazyload lazy-loaded\" src=\"https:\/\/www.rucashk.com\/wp-content\/uploads\/2020\/05\/17b6cab5ae62.jpg\" data-lazy=\"https:\/\/www.rucashk.com\/wp-content\/uploads\/2020\/05\/17b6cab5ae62.jpg\" data-was-processed=\"true\" \/><\/p>\n<p style=\"text-align: center\"><img decoding=\"async\" alt=\"Xiaomi 70mai Dual USB Car Quick Charge Adapter For SmartPhone\" class=\"js-descLazyload lazy-loaded\" src=\"https:\/\/www.rucashk.com\/wp-content\/uploads\/2020\/05\/ed2ebbca985c.jpg\" data-lazy=\"https:\/\/www.rucashk.com\/wp-content\/uploads\/2020\/05\/ed2ebbca985c.jpg\" data-was-processed=\"true\" \/><\/p>\n<p style=\"text-align: center\"><img decoding=\"async\" alt=\"Xiaomi 70mai Dual USB Car Quick Charge Adapter For SmartPhone\" class=\"js-descLazyload lazy-loaded\" src=\"https:\/\/www.rucashk.com\/wp-content\/uploads\/2020\/05\/1258ad4fa0d5.jpg\" data-lazy=\"https:\/\/www.rucashk.com\/wp-content\/uploads\/2020\/05\/1258ad4fa0d5.jpg\" data-was-processed=\"true\" \/><\/p>\n<p style=\"text-align: center\"><img decoding=\"async\" alt=\"Xiaomi 70mai Dual USB Car Quick Charge Adapter For SmartPhone\" class=\"js-descLazyload lazy-loaded\" src=\"https:\/\/www.rucashk.com\/wp-content\/uploads\/2020\/05\/fbdecd332ffb.jpg\" data-lazy=\"https:\/\/www.rucashk.com\/wp-content\/uploads\/2020\/05\/fbdecd332ffb.jpg\" data-was-processed=\"true\" \/><\/p>\n<p><img decoding=\"async\" alt=\"Xiaomi 70mai Dual USB Car Quick Charge Adapter For SmartPhone\" class=\"js-descLazyload lazy-loaded aligncenter\" src=\"https:\/\/www.rucashk.com\/wp-content\/uploads\/2020\/05\/bb206c5b5d3a.jpg\" data-lazy=\"https:\/\/www.rucashk.com\/wp-content\/uploads\/2020\/05\/bb206c5b5d3a.jpg\" data-was-processed=\"true\" \/><\/p>\n<p>&nbsp;<\/p>\n<h2 class=\"goodsDescribe_title\">Descri\u00e7\u00f5es<\/h2>\n<section class=\"platformGoodsDesc js-platformGoodsDesc\">\n<div class=\"textDesc\">\n<p class=\"textDescTitle\">Principais caracter\u00edsticas<\/p>\n<p class=\"textDescContent\"><a class=\"\" style=\"width: auto !important\" href=\"https:\/\/www.rucashk.com\/pt\/produto\/xiaomi-car-charger-18w-quick-charge-metal-casing-dual-usb\/\" data-wpil-post-to-id=\"2655\">XIAOMI 70MAI Midrive CC02 Dual USB Carregador Autom\u00f3vel De Metal<\/a> QC 3.0 R\u00e1pido R\u00e1pido <a class=\"\" style=\"width: auto !important\" href=\"https:\/\/www.rucashk.com\/pt\/produto\/xiaomi-mi-usb-c-charger-65w-output-rate-socket-power-adapter\/\" data-wpil-post-to-id=\"2611\">Adaptador de carregamento<\/a> para tablet de telefone inteligente<br \/>\nEspecifica\u00e7\u00f5es:<br \/>\nMarca: <a class=\"\" style=\"width: auto !important\" href=\"https:\/\/www.rucashk.com\/pt\/produto\/mi-70-mai-pro-d02-dash-camera\/\" data-wpil-post-to-id=\"1924\">XIAOMI 70MAI<\/a> (Coopera\u00e7\u00e3o <a class=\"\" style=\"width: auto !important\" href=\"https:\/\/www.rucashk.com\/pt\/produto\/amiro-o-series-cosmetic-mirrors-rechargeable\/\" data-wpil-post-to-id=\"5180\">Marca para XIAOMI<\/a>)<br \/>\nModelo:Midrive CC02<br \/>\nCor: Cinza<br \/>\nSa\u00edda: 2V\/24V<br \/>\nSa\u00edda (preta): 5V\/1A<br \/>\nSa\u00edda (laranja): 5V\/3A, 9V\/2A, 12\/1,5A<br \/>\nInterface de sa\u00edda: <a class=\"\" style=\"width: auto !important\" href=\"https:\/\/www.rucashk.com\/pt\/produto\/roidmi-c1-quick-and-intelligent-car-charger-metal-dual-usb\/\" data-wpil-post-to-id=\"2628\">USB duplo<\/a><br \/>\nTemperatura de trabalho: 0\u00b0C-30\u00b0C<br \/>\nTemperatura de armazenamento: 30\u00b0C-80\u00b0C<br \/>\nTamanho do produto: 62,79 x 29,8 x 29,8 mm \/ 2,47 x 1,17 x 1,17 \u2033<br \/>\nPeso: 15g<\/p>\n<p>Notas:<br \/>\n1. \u00c9 um <a class=\"\" style=\"width: auto !important\" href=\"https:\/\/www.rucashk.com\/pt\/explosive-products-of-xiaomi-ecological-chain-super-high-speed-motor-2-times-the-air-pressure-boost-hairline-i-am-saved\/\" data-wpil-post-to-id=\"7147\">produto ecol\u00f3gico da Xiaomi<\/a> corrente. Portanto, n\u00e3o h\u00e1 LOGOTIPO Xiaomi no produto.<br \/>\n2. Devido aos diferentes monitores e efeitos de luz, a cor real do item pode ser ligeiramente diferente da cor mostrada nas fotos. Obrigado!<br \/>\n3. permita um desvio de medi\u00e7\u00e3o de 1-3mm devido \u00e0 medi\u00e7\u00e3o manual.<\/p>\n<\/div>\n<div class=\"sizeDesc js-sizeDescription\">\n<div class=\"sizeDescTable\">\n<div class=\"sizeDescDetail\">\n<div class=\"sizeDescContent\"><\/div>\n<\/div>\n<\/div>\n<\/div>\n<\/section>","protected":false},"excerpt":{"rendered":"<p>Caracter\u00edsticas:<\/p>\n<p>XIAOMI 70MAI Midrive CC02 QC3.0 Carga r\u00e1pida 2USB Porta Carregador de carro Metal Caso Dual USB para Xiaomi\/iPhone\/Huawei<br \/>\n1. Carga r\u00e1pida QC3.0, pot\u00eancia de sa\u00edda m\u00e1xima de 3,4A<br \/>\n2. A sa\u00edda do carregador pode chegar a 5V 3,4A totalmente<br \/>\n3. A sa\u00edda USB do sinal pode chegar a 5V 2,4A, ajudar\u00e1 a carregar o dispositivo rapidamente<br \/>\n4. Portas USB duplas, podem carregar dois telefones ao mesmo tempo<br \/>\n5. Pode carregar a maioria dos dispositivos m\u00f3veis, iPad e jogadores<br \/>\n16. Entrada 2V ~ 24V, pode ser usada para a maioria dos ve\u00edculos<\/p>","protected":false},"featured_media":21418,"template":"","meta":[],"product_brand":[1419,1363],"product_cat":[1288,1292],"product_tag":[],"class_list":{"0":"post-21270","1":"product","2":"type-product","3":"status-publish","4":"has-post-thumbnail","6":"product_brand-70mai","7":"product_brand-xiaomi","8":"product_cat-e-vehicle-accessories","9":"product_cat-phone-charging","11":"first","12":"instock","13":"shipping-taxable","14":"product-type-external"},"aioseo_notices":[],"aioseo_head":"\n\t\t<!-- All in One SEO Pro 4.5.9.2 - aioseo.com -->\n\t\t<meta name=\"description\" content=\"Features: XIAOMI 70MAI Midrive CC02 QC3.0 Quick Charge 2USB Port Car Charger Metal Case Dual USB for Xiaomi\/iPhone\/Huawei 1. QC3.0 fast charge, max 3.4A output power 2. The charger output can reach to 5V 3.4A totally 3. Signal USB output can reach to 5V 2.4A, will help to charge the device quickly 4. Dual USB ports, can charge two phones at the same time 5. Can charge most mobile, iPad and game player 16. 2V~24V input, can be used for most vehicles\" \/>\n\t\t<meta name=\"robots\" content=\"max-image-preview:large\" \/>\n\t\t<link rel=\"canonical\" href=\"https:\/\/www.rucashk.com\/pt\/produto\/xiaomi-70mai-dual-usb-car-quick-charge-adapter-for-smartphone\/\" \/>\n\t\t<meta name=\"generator\" content=\"All in One SEO Pro (AIOSEO) 4.5.9.2\" \/>\n\t\t<meta property=\"og:locale\" content=\"pt_PT\" \/>\n\t\t<meta property=\"og:site_name\" content=\"Rucas - One-stop AIoT Distribution Worldwide\" \/>\n\t\t<meta property=\"og:type\" content=\"article\" \/>\n\t\t<meta property=\"og:title\" content=\"Xiaomi 70mai Dual USB Car Quick Charge Adapter For SmartPhone - Rucas - Wholesale and Distribution\" \/>\n\t\t<meta property=\"og:description\" content=\"Features: XIAOMI 70MAI Midrive CC02 QC3.0 Quick Charge 2USB Port Car Charger Metal Case Dual USB for Xiaomi\/iPhone\/Huawei 1. QC3.0 fast charge, max 3.4A output power 2. The charger output can reach to 5V 3.4A totally 3. Signal USB output can reach to 5V 2.4A, will help to charge the device quickly 4. Dual USB ports, can charge two phones at the same time 5. Can charge most mobile, iPad and game player 16. 2V~24V input, can be used for most vehicles\" \/>\n\t\t<meta property=\"og:url\" content=\"https:\/\/www.rucashk.com\/pt\/produto\/xiaomi-70mai-dual-usb-car-quick-charge-adapter-for-smartphone\/\" \/>\n\t\t<meta property=\"og:image\" content=\"https:\/\/www.rucashk.com\/wp-content\/uploads\/replace\/503b8e645f128a97ccde2b6290747646.jpeg\" \/>\n\t\t<meta property=\"og:image:secure_url\" content=\"https:\/\/www.rucashk.com\/wp-content\/uploads\/replace\/503b8e645f128a97ccde2b6290747646.jpeg\" \/>\n\t\t<meta property=\"og:image:width\" content=\"1456\" \/>\n\t\t<meta property=\"og:image:height\" content=\"816\" \/>\n\t\t<meta property=\"article:published_time\" content=\"2024-01-09T15:30:53+00:00\" \/>\n\t\t<meta property=\"article:modified_time\" content=\"2025-06-22T07:34:52+00:00\" \/>\n\t\t<meta name=\"twitter:card\" content=\"summary_large_image\" \/>\n\t\t<meta name=\"twitter:title\" content=\"Xiaomi 70mai Dual USB Car Quick Charge Adapter For SmartPhone - Rucas - Wholesale and Distribution\" \/>\n\t\t<meta name=\"twitter:description\" content=\"Features: XIAOMI 70MAI Midrive CC02 QC3.0 Quick Charge 2USB Port Car Charger Metal Case Dual USB for Xiaomi\/iPhone\/Huawei 1. QC3.0 fast charge, max 3.4A output power 2. The charger output can reach to 5V 3.4A totally 3. Signal USB output can reach to 5V 2.4A, will help to charge the device quickly 4. Dual USB ports, can charge two phones at the same time 5. Can charge most mobile, iPad and game player 16. 2V~24V input, can be used for most vehicles\" \/>\n\t\t<meta name=\"twitter:image\" content=\"https:\/\/www.rucashk.com\/wp-content\/uploads\/replace\/503b8e645f128a97ccde2b6290747646.jpeg\" \/>\n\t\t<script type=\"application\/ld+json\" class=\"aioseo-schema\">\n\t\t\t{\"@context\":\"https:\\\/\\\/schema.org\",\"@graph\":[{\"@type\":\"BreadcrumbList\",\"@id\":\"https:\\\/\\\/www.rucashk.com\\\/pt\\\/produto\\\/xiaomi-70mai-dual-usb-car-quick-charge-adapter-for-smartphone\\\/#breadcrumblist\",\"itemListElement\":[{\"@type\":\"ListItem\",\"@id\":\"https:\\\/\\\/www.rucashk.com\\\/pt\\\/#listItem\",\"position\":1,\"name\":\"Home\",\"item\":\"https:\\\/\\\/www.rucashk.com\\\/pt\\\/\",\"nextItem\":\"https:\\\/\\\/www.rucashk.com\\\/pt\\\/produto\\\/xiaomi-70mai-dual-usb-car-quick-charge-adapter-for-smartphone\\\/#listItem\"},{\"@type\":\"ListItem\",\"@id\":\"https:\\\/\\\/www.rucashk.com\\\/pt\\\/produto\\\/xiaomi-70mai-dual-usb-car-quick-charge-adapter-for-smartphone\\\/#listItem\",\"position\":2,\"name\":\"Xiaomi 70mai Dual USB Car Quick Charge Adapter For SmartPhone\",\"previousItem\":\"https:\\\/\\\/www.rucashk.com\\\/pt\\\/#listItem\"}]},{\"@type\":\"Organization\",\"@id\":\"https:\\\/\\\/www.rucashk.com\\\/pt\\\/#organization\",\"name\":\"Rucas\",\"url\":\"https:\\\/\\\/www.rucashk.com\\\/pt\\\/\",\"logo\":{\"@type\":\"ImageObject\",\"url\":\"https:\\\/\\\/www.rucashk.com\\\/wp-content\\\/uploads\\\/2023\\\/12\\\/Rucas_campany_logo.png\",\"@id\":\"https:\\\/\\\/www.rucashk.com\\\/pt\\\/produto\\\/xiaomi-70mai-dual-usb-car-quick-charge-adapter-for-smartphone\\\/#organizationLogo\",\"width\":221,\"height\":65},\"image\":{\"@id\":\"https:\\\/\\\/www.rucashk.com\\\/pt\\\/#organizationLogo\"}},{\"@type\":\"Person\",\"@id\":\"https:\\\/\\\/www.rucashk.com\\\/pt\\\/author\\\/admin\\\/#author\",\"url\":\"https:\\\/\\\/www.rucashk.com\\\/pt\\\/author\\\/admin\\\/\",\"name\":\"admin\",\"image\":{\"@type\":\"ImageObject\",\"@id\":\"https:\\\/\\\/www.rucashk.com\\\/pt\\\/produto\\\/xiaomi-70mai-dual-usb-car-quick-charge-adapter-for-smartphone\\\/#authorImage\",\"url\":\"https:\\\/\\\/secure.gravatar.com\\\/avatar\\\/b7c8925b09a27e72b30232f8ecaadbd5af0f70a38c78096863fe51b64f031c24?s=96&d=mm&r=g\",\"width\":96,\"height\":96,\"caption\":\"admin\"}},{\"@type\":\"WebPage\",\"@id\":\"https:\\\/\\\/www.rucashk.com\\\/pt\\\/produto\\\/xiaomi-70mai-dual-usb-car-quick-charge-adapter-for-smartphone\\\/#webpage\",\"url\":\"https:\\\/\\\/www.rucashk.com\\\/pt\\\/produto\\\/xiaomi-70mai-dual-usb-car-quick-charge-adapter-for-smartphone\\\/\",\"name\":\"Xiaomi 70mai Dual USB Car Quick Charge Adapter For SmartPhone - Rucas - Wholesale and Distribution\",\"description\":\"Features: XIAOMI 70MAI Midrive CC02 QC3.0 Quick Charge 2USB Port Car Charger Metal Case Dual USB for Xiaomi\\\/iPhone\\\/Huawei 1. QC3.0 fast charge, max 3.4A output power 2. The charger output can reach to 5V 3.4A totally 3. Signal USB output can reach to 5V 2.4A, will help to charge the device quickly 4. Dual USB ports, can charge two phones at the same time 5. Can charge most mobile, iPad and game player 16. 2V~24V input, can be used for most vehicles\",\"inLanguage\":\"pt-PT\",\"isPartOf\":{\"@id\":\"https:\\\/\\\/www.rucashk.com\\\/pt\\\/#website\"},\"breadcrumb\":{\"@id\":\"https:\\\/\\\/www.rucashk.com\\\/pt\\\/produto\\\/xiaomi-70mai-dual-usb-car-quick-charge-adapter-for-smartphone\\\/#breadcrumblist\"},\"author\":{\"@id\":\"https:\\\/\\\/www.rucashk.com\\\/pt\\\/author\\\/admin\\\/#author\"},\"creator\":{\"@id\":\"https:\\\/\\\/www.rucashk.com\\\/pt\\\/author\\\/admin\\\/#author\"},\"image\":{\"@type\":\"ImageObject\",\"url\":\"https:\\\/\\\/www.rucashk.com\\\/wp-content\\\/uploads\\\/2024\\\/01\\\/Xiaomi-70Mai-Metal-double-car-charger-QC3-0-intelligent-fast-charge-Dual-USB-output-for-Samsung-2.jpg\",\"@id\":\"https:\\\/\\\/www.rucashk.com\\\/pt\\\/produto\\\/xiaomi-70mai-dual-usb-car-quick-charge-adapter-for-smartphone\\\/#mainImage\",\"width\":800,\"height\":800},\"primaryImageOfPage\":{\"@id\":\"https:\\\/\\\/www.rucashk.com\\\/pt\\\/produto\\\/xiaomi-70mai-dual-usb-car-quick-charge-adapter-for-smartphone\\\/#mainImage\"},\"datePublished\":\"2024-01-09T15:30:53+00:00\",\"dateModified\":\"2025-06-22T07:34:52+00:00\"},{\"@type\":\"WebSite\",\"@id\":\"https:\\\/\\\/www.rucashk.com\\\/pt\\\/#website\",\"url\":\"https:\\\/\\\/www.rucashk.com\\\/pt\\\/\",\"name\":\"Rucas - Wholesale and distribution worldwide\",\"alternateName\":\"Rucas - One-stop AIoT Distribution Worldwide\",\"description\":\"One-stop AIoT Distribution Worldwide\",\"inLanguage\":\"pt-PT\",\"publisher\":{\"@id\":\"https:\\\/\\\/www.rucashk.com\\\/pt\\\/#organization\"}}]}\n\t\t<\/script>\n\t\t<!-- All in One SEO Pro -->\r\n\t\t<title>Xiaomi 70mai Dual USB Car Quick Charge Adapter For SmartPhone - Rucas - Wholesale and Distribution<\/title>\n\n","aioseo_head_json":{"title":"Xiaomi 70mai Dual USB Car Quick Charge Adapter For SmartPhone - Rucas - Wholesale and Distribution","description":"Features: XIAOMI 70MAI Midrive CC02 QC3.0 Quick Charge 2USB Port Car Charger Metal Case Dual USB for Xiaomi\/iPhone\/Huawei 1. QC3.0 fast charge, max 3.4A output power 2. The charger output can reach to 5V 3.4A totally 3. Signal USB output can reach to 5V 2.4A, will help to charge the device quickly 4. Dual USB ports, can charge two phones at the same time 5. Can charge most mobile, iPad and game player 16. 2V~24V input, can be used for most vehicles","canonical_url":"https:\/\/www.rucashk.com\/pt\/produto\/xiaomi-70mai-dual-usb-car-quick-charge-adapter-for-smartphone\/","robots":"max-image-preview:large","keywords":"","webmasterTools":{"miscellaneous":""},"og:locale":"pt_PT","og:site_name":"Rucas - One-stop AIoT Distribution Worldwide","og:type":"article","og:title":"Xiaomi 70mai Dual USB Car Quick Charge Adapter For SmartPhone - Rucas - Wholesale and Distribution","og:description":"Features: XIAOMI 70MAI Midrive CC02 QC3.0 Quick Charge 2USB Port Car Charger Metal Case Dual USB for Xiaomi\/iPhone\/Huawei 1. QC3.0 fast charge, max 3.4A output power 2. The charger output can reach to 5V 3.4A totally 3. Signal USB output can reach to 5V 2.4A, will help to charge the device quickly 4. Dual USB ports, can charge two phones at the same time 5. Can charge most mobile, iPad and game player 16. 2V~24V input, can be used for most vehicles","og:url":"https:\/\/www.rucashk.com\/pt\/produto\/xiaomi-70mai-dual-usb-car-quick-charge-adapter-for-smartphone\/","og:image":"https:\/\/www.rucashk.com\/wp-content\/uploads\/replace\/503b8e645f128a97ccde2b6290747646.jpeg","og:image:secure_url":"https:\/\/www.rucashk.com\/wp-content\/uploads\/replace\/503b8e645f128a97ccde2b6290747646.jpeg","og:image:width":1456,"og:image:height":816,"article:published_time":"2024-01-09T15:30:53+00:00","article:modified_time":"2025-06-22T07:34:52+00:00","twitter:card":"summary_large_image","twitter:title":"Xiaomi 70mai Dual USB Car Quick Charge Adapter For SmartPhone - Rucas - Wholesale and Distribution","twitter:description":"Features: XIAOMI 70MAI Midrive CC02 QC3.0 Quick Charge 2USB Port Car Charger Metal Case Dual USB for Xiaomi\/iPhone\/Huawei 1. QC3.0 fast charge, max 3.4A output power 2. The charger output can reach to 5V 3.4A totally 3. Signal USB output can reach to 5V 2.4A, will help to charge the device quickly 4. Dual USB ports, can charge two phones at the same time 5. Can charge most mobile, iPad and game player 16. 2V~24V input, can be used for most vehicles","twitter:image":"https:\/\/www.rucashk.com\/wp-content\/uploads\/replace\/503b8e645f128a97ccde2b6290747646.jpeg","schema":{"@context":"https:\/\/schema.org","@graph":[{"@type":"BreadcrumbList","@id":"https:\/\/www.rucashk.com\/pt\/produto\/xiaomi-70mai-dual-usb-car-quick-charge-adapter-for-smartphone\/#breadcrumblist","itemListElement":[{"@type":"ListItem","@id":"https:\/\/www.rucashk.com\/pt\/#listItem","position":1,"name":"Home","item":"https:\/\/www.rucashk.com\/pt\/","nextItem":"https:\/\/www.rucashk.com\/pt\/produto\/xiaomi-70mai-dual-usb-car-quick-charge-adapter-for-smartphone\/#listItem"},{"@type":"ListItem","@id":"https:\/\/www.rucashk.com\/pt\/produto\/xiaomi-70mai-dual-usb-car-quick-charge-adapter-for-smartphone\/#listItem","position":2,"name":"Xiaomi 70mai Dual USB Car Quick Charge Adapter For SmartPhone","previousItem":"https:\/\/www.rucashk.com\/pt\/#listItem"}]},{"@type":"Organization","@id":"https:\/\/www.rucashk.com\/pt\/#organization","name":"Rucas","url":"https:\/\/www.rucashk.com\/pt\/","logo":{"@type":"ImageObject","url":"https:\/\/www.rucashk.com\/wp-content\/uploads\/2023\/12\/Rucas_campany_logo.png","@id":"https:\/\/www.rucashk.com\/pt\/produto\/xiaomi-70mai-dual-usb-car-quick-charge-adapter-for-smartphone\/#organizationLogo","width":221,"height":65},"image":{"@id":"https:\/\/www.rucashk.com\/pt\/#organizationLogo"}},{"@type":"Person","@id":"https:\/\/www.rucashk.com\/pt\/author\/admin\/#author","url":"https:\/\/www.rucashk.com\/pt\/author\/admin\/","name":"admin","image":{"@type":"ImageObject","@id":"https:\/\/www.rucashk.com\/pt\/produto\/xiaomi-70mai-dual-usb-car-quick-charge-adapter-for-smartphone\/#authorImage","url":"https:\/\/secure.gravatar.com\/avatar\/b7c8925b09a27e72b30232f8ecaadbd5af0f70a38c78096863fe51b64f031c24?s=96&d=mm&r=g","width":96,"height":96,"caption":"admin"}},{"@type":"WebPage","@id":"https:\/\/www.rucashk.com\/pt\/produto\/xiaomi-70mai-dual-usb-car-quick-charge-adapter-for-smartphone\/#webpage","url":"https:\/\/www.rucashk.com\/pt\/produto\/xiaomi-70mai-dual-usb-car-quick-charge-adapter-for-smartphone\/","name":"Xiaomi 70mai Dual USB Car Quick Charge Adapter For SmartPhone - Rucas - Wholesale and Distribution","description":"Features: XIAOMI 70MAI Midrive CC02 QC3.0 Quick Charge 2USB Port Car Charger Metal Case Dual USB for Xiaomi\/iPhone\/Huawei 1. QC3.0 fast charge, max 3.4A output power 2. The charger output can reach to 5V 3.4A totally 3. Signal USB output can reach to 5V 2.4A, will help to charge the device quickly 4. Dual USB ports, can charge two phones at the same time 5. Can charge most mobile, iPad and game player 16. 2V~24V input, can be used for most vehicles","inLanguage":"pt-PT","isPartOf":{"@id":"https:\/\/www.rucashk.com\/pt\/#website"},"breadcrumb":{"@id":"https:\/\/www.rucashk.com\/pt\/produto\/xiaomi-70mai-dual-usb-car-quick-charge-adapter-for-smartphone\/#breadcrumblist"},"author":{"@id":"https:\/\/www.rucashk.com\/pt\/author\/admin\/#author"},"creator":{"@id":"https:\/\/www.rucashk.com\/pt\/author\/admin\/#author"},"image":{"@type":"ImageObject","url":"https:\/\/www.rucashk.com\/wp-content\/uploads\/2024\/01\/Xiaomi-70Mai-Metal-double-car-charger-QC3-0-intelligent-fast-charge-Dual-USB-output-for-Samsung-2.jpg","@id":"https:\/\/www.rucashk.com\/pt\/produto\/xiaomi-70mai-dual-usb-car-quick-charge-adapter-for-smartphone\/#mainImage","width":800,"height":800},"primaryImageOfPage":{"@id":"https:\/\/www.rucashk.com\/pt\/produto\/xiaomi-70mai-dual-usb-car-quick-charge-adapter-for-smartphone\/#mainImage"},"datePublished":"2024-01-09T15:30:53+00:00","dateModified":"2025-06-22T07:34:52+00:00"},{"@type":"WebSite","@id":"https:\/\/www.rucashk.com\/pt\/#website","url":"https:\/\/www.rucashk.com\/pt\/","name":"Rucas - Wholesale and distribution worldwide","alternateName":"Rucas - One-stop AIoT Distribution Worldwide","description":"One-stop AIoT Distribution Worldwide","inLanguage":"pt-PT","publisher":{"@id":"https:\/\/www.rucashk.com\/pt\/#organization"}}]}},"aioseo_meta_data":{"post_id":"21270","title":null,"description":null,"keywords":null,"keyphrases":null,"primary_term":null,"canonical_url":null,"og_title":null,"og_description":null,"og_object_type":"default","og_image_type":"default","og_image_url":null,"og_image_width":null,"og_image_height":null,"og_image_custom_url":null,"og_image_custom_fields":null,"og_video":"","og_custom_url":null,"og_article_section":null,"og_article_tags":null,"twitter_use_og":false,"twitter_card":"default","twitter_image_type":"default","twitter_image_url":null,"twitter_image_custom_url":null,"twitter_image_custom_fields":null,"twitter_title":null,"twitter_description":null,"schema":{"blockGraphs":[],"customGraphs":[],"default":{"data":{"Article":[],"Course":[],"Dataset":[],"FAQPage":[],"Movie":[],"Person":[],"Product":[],"Recipe":[],"Service":[],"SoftwareApplication":[],"WebPage":[]},"graphName":"","isEnabled":true},"graphs":[]},"schema_type":"default","schema_type_options":null,"pillar_content":false,"robots_default":true,"robots_noindex":false,"robots_noarchive":false,"robots_nosnippet":false,"robots_nofollow":false,"robots_noimageindex":false,"robots_noodp":false,"robots_notranslate":false,"robots_max_snippet":"-1","robots_max_videopreview":"-1","robots_max_imagepreview":"large","priority":null,"frequency":"default","local_seo":null,"breadcrumb_settings":null,"limit_modified_date":false,"created":"2024-04-11 01:55:17","updated":"2025-06-22 16:20:08"},"aioseo_breadcrumb":"<div class=\"aioseo-breadcrumbs\"><span class=\"aioseo-breadcrumb\">\n\t<a href=\"https:\/\/www.rucashk.com\/pt\" title=\"Home\">Home<\/a>\n<\/span><span class=\"aioseo-breadcrumb-separator\">&raquo;<\/span><span class=\"aioseo-breadcrumb\">\n\t<a href=\"https:\/\/www.rucashk.com\/pt\/products\/\" title=\"Produtos\">Produtos<\/a>\n<\/span><span class=\"aioseo-breadcrumb-separator\">&raquo;<\/span><span class=\"aioseo-breadcrumb\">\n\t<a href=\"https:\/\/www.rucashk.com\/pt\/marca\/70mai\/\" title=\"70Mai\">70Mai<\/a>\n<\/span><span class=\"aioseo-breadcrumb-separator\">&raquo;<\/span><span class=\"aioseo-breadcrumb\">\n\tXiaomi 70mai Dual USB Car Quick Charge Adapter For SmartPhone\n<\/span><\/div>","aioseo_breadcrumb_json":[{"label":"Home","link":"https:\/\/www.rucashk.com\/pt"},{"label":"Produtos","link":"https:\/\/www.rucashk.com\/pt\/products\/"},{"label":"70Mai","link":"https:\/\/www.rucashk.com\/pt\/marca\/70mai\/"},{"label":"Xiaomi 70mai Dual USB Car Quick Charge Adapter For SmartPhone","link":"https:\/\/www.rucashk.com\/pt\/produto\/xiaomi-70mai-dual-usb-car-quick-charge-adapter-for-smartphone\/"}],"_links":{"self":[{"href":"https:\/\/www.rucashk.com\/pt\/wp-json\/wp\/v2\/product\/21270","targetHints":{"allow":["GET"]}}],"collection":[{"href":"https:\/\/www.rucashk.com\/pt\/wp-json\/wp\/v2\/product"}],"about":[{"href":"https:\/\/www.rucashk.com\/pt\/wp-json\/wp\/v2\/types\/product"}],"wp:featuredmedia":[{"embeddable":true,"href":"https:\/\/www.rucashk.com\/pt\/wp-json\/wp\/v2\/media\/21418"}],"wp:attachment":[{"href":"https:\/\/www.rucashk.com\/pt\/wp-json\/wp\/v2\/media?parent=21270"}],"wp:term":[{"taxonomy":"product_brand","embeddable":true,"href":"https:\/\/www.rucashk.com\/pt\/wp-json\/wp\/v2\/product_brand?post=21270"},{"taxonomy":"product_cat","embeddable":true,"href":"https:\/\/www.rucashk.com\/pt\/wp-json\/wp\/v2\/product_cat?post=21270"},{"taxonomy":"product_tag","embeddable":true,"href":"https:\/\/www.rucashk.com\/pt\/wp-json\/wp\/v2\/product_tag?post=21270"}],"curies":[{"name":"wp","href":"https:\/\/api.w.org\/{rel}","templated":true}]}}