{"id":21269,"date":"2024-01-09T15:30:53","date_gmt":"2024-01-09T15:30:53","guid":{"rendered":"http:\/\/rucashk.com\/?post_type=product&#038;p=21269"},"modified":"2025-06-22T06:32:35","modified_gmt":"2025-06-22T06:32:35","slug":"70mai-wireless-car-charger-mount","status":"publish","type":"product","link":"https:\/\/www.rucashk.com\/pt\/produto\/70mai-wireless-car-charger-mount\/","title":{"rendered":"Suporte para carregador de carro sem fio 70mai"},"content":{"rendered":"<p><img decoding=\"async\" alt=\"70mai Wireless Car Charger Mount\" class=\"js-descLazyload lazy-loaded aligncenter\" src=\"https:\/\/www.rucashk.com\/wp-content\/uploads\/2020\/06\/d51a7e678e67.jpg\" data-lazy=\"https:\/\/www.rucashk.com\/wp-content\/uploads\/2020\/06\/d51a7e678e67.jpg\" data-was-processed=\"true\" \/><\/p>\n<p style=\"text-align: center\"><img decoding=\"async\" alt=\"70mai Wireless Car Charger Mount\" class=\"js-descLazyload lazy-loaded\" src=\"https:\/\/www.rucashk.com\/wp-content\/uploads\/2020\/06\/228f17ca3369.jpg\" data-lazy=\"https:\/\/www.rucashk.com\/wp-content\/uploads\/2020\/06\/228f17ca3369.jpg\" data-was-processed=\"true\" \/><\/p>\n<p style=\"text-align: center\"><img decoding=\"async\" alt=\"70mai Wireless Car Charger Mount\" class=\"js-descLazyload lazy-loaded\" src=\"https:\/\/www.rucashk.com\/wp-content\/uploads\/2020\/06\/387a5d0c6438.jpg\" data-lazy=\"https:\/\/www.rucashk.com\/wp-content\/uploads\/2020\/06\/387a5d0c6438.jpg\" data-was-processed=\"true\" \/><\/p>\n<p style=\"text-align: center\"><img decoding=\"async\" alt=\"70mai Wireless Car Charger Mount\" class=\"js-descLazyload lazy-loaded\" src=\"https:\/\/www.rucashk.com\/wp-content\/uploads\/2020\/06\/41381693b0e5.jpg\" data-lazy=\"https:\/\/www.rucashk.com\/wp-content\/uploads\/2020\/06\/41381693b0e5.jpg\" data-was-processed=\"true\" \/><\/p>\n<p style=\"text-align: center\"><img decoding=\"async\" alt=\"70mai Wireless Car Charger Mount\" class=\"js-descLazyload lazy-loaded\" src=\"https:\/\/www.rucashk.com\/wp-content\/uploads\/2020\/06\/7d3e83040347.jpg\" data-lazy=\"https:\/\/www.rucashk.com\/wp-content\/uploads\/2020\/06\/7d3e83040347.jpg\" data-was-processed=\"true\" \/><\/p>\n<p style=\"text-align: center\"><img decoding=\"async\" alt=\"70mai Wireless Car Charger Mount\" class=\"js-descLazyload lazy-loaded\" src=\"https:\/\/www.rucashk.com\/wp-content\/uploads\/2020\/06\/01b258ca0c22.jpg\" data-lazy=\"https:\/\/www.rucashk.com\/wp-content\/uploads\/2020\/06\/01b258ca0c22.jpg\" data-was-processed=\"true\" \/><\/p>\n<p style=\"text-align: center\"><img decoding=\"async\" alt=\"70mai Wireless Car Charger Mount\" class=\"js-descLazyload lazy-loaded\" src=\"https:\/\/www.rucashk.com\/wp-content\/uploads\/2020\/06\/fe85cc6fdb1d.jpg\" data-lazy=\"https:\/\/www.rucashk.com\/wp-content\/uploads\/2020\/06\/fe85cc6fdb1d.jpg\" data-was-processed=\"true\" \/><\/p>\n<p style=\"text-align: center\"><img decoding=\"async\" alt=\"70mai Wireless Car Charger Mount\" class=\"js-descLazyload lazy-loaded\" src=\"https:\/\/www.rucashk.com\/wp-content\/uploads\/2020\/06\/3bfce8260e87.jpg\" data-lazy=\"https:\/\/www.rucashk.com\/wp-content\/uploads\/2020\/06\/3bfce8260e87.jpg\" data-was-processed=\"true\" \/><\/p>\n<p style=\"text-align: center\"><img decoding=\"async\" alt=\"70mai Wireless Car Charger Mount\" class=\"js-descLazyload lazy-loaded\" src=\"https:\/\/www.rucashk.com\/wp-content\/uploads\/2020\/06\/3c062b5f412e.jpg\" data-lazy=\"https:\/\/www.rucashk.com\/wp-content\/uploads\/2020\/06\/3c062b5f412e.jpg\" data-was-processed=\"true\" \/><\/p>\n<p style=\"text-align: center\"><img decoding=\"async\" alt=\"70mai Wireless Car Charger Mount\" class=\"js-descLazyload lazy-loaded\" src=\"https:\/\/www.rucashk.com\/wp-content\/uploads\/2020\/06\/bdf9b5a21647.jpg\" data-lazy=\"https:\/\/www.rucashk.com\/wp-content\/uploads\/2020\/06\/bdf9b5a21647.jpg\" data-was-processed=\"true\" \/><\/p>\n<p style=\"text-align: center\"><img decoding=\"async\" alt=\"70mai Wireless Car Charger Mount\" class=\"js-descLazyload lazy-loaded\" src=\"https:\/\/www.rucashk.com\/wp-content\/uploads\/2020\/06\/c60d19be6fa5.jpg\" data-lazy=\"https:\/\/www.rucashk.com\/wp-content\/uploads\/2020\/06\/c60d19be6fa5.jpg\" data-was-processed=\"true\" \/><\/p>\n<p style=\"text-align: center\"><img decoding=\"async\" alt=\"70mai Wireless Car Charger Mount\" class=\"js-descLazyload lazy-loaded\" src=\"https:\/\/www.rucashk.com\/wp-content\/uploads\/2020\/06\/a47199b588bc.jpg\" data-lazy=\"https:\/\/www.rucashk.com\/wp-content\/uploads\/2020\/06\/a47199b588bc.jpg\" data-was-processed=\"true\" \/><\/p>\n<p style=\"text-align: center\"><img decoding=\"async\" alt=\"70mai Wireless Car Charger Mount\" class=\"js-descLazyload lazy-loaded\" src=\"https:\/\/www.rucashk.com\/wp-content\/uploads\/2020\/06\/8cf38722a9d2.jpg\" data-lazy=\"https:\/\/www.rucashk.com\/wp-content\/uploads\/2020\/06\/8cf38722a9d2.jpg\" data-was-processed=\"true\" \/><\/p>\n<p><img decoding=\"async\" alt=\"70mai Wireless Car Charger Mount\" class=\"js-descLazyload lazy-loaded aligncenter\" src=\"https:\/\/www.rucashk.com\/wp-content\/uploads\/2020\/06\/fa53f8143627.jpg\" data-lazy=\"https:\/\/www.rucashk.com\/wp-content\/uploads\/2020\/06\/fa53f8143627.jpg\" data-was-processed=\"true\" \/><\/p>\n<p>Descri\u00e7\u00e3o do produto<br \/>\nPar\u00e2metros do produto:<br \/>\nNome do Produto: <a class=\"\" style=\"width: auto !important\" href=\"https:\/\/www.rucashk.com\/pt\/produto\/xiaomi-mi-20w-max-qi-wireless-car-charger-distribution-and-wholesale\/\" data-wpil-post-to-id=\"2600\">Carregamento sem fio para carro<\/a> suporte para celular<br \/>\nModelo:Midrive PB01<br \/>\nTamanho: 96,8X105,8X58,8mm<br \/>\nMaterial: pl\u00e1stico + ferragens + silicone<br \/>\nCor: Preto<br \/>\nEntrada: 5,0V~2A\/9,0~1,6A<br \/>\nSa\u00edda: 5,0 V ~ 5 W M\u00c1X\/9,0 V ~ 10 W MA<br \/>\nDist\u00e2ncia de transmiss\u00e3o: \u2264 4mm<br \/>\nTemperatura de trabalho: 0 \u00b0C ~ 40 \u00b0C<br \/>\nPeso l\u00edquido: cerca de 84g<\/p>\n<p>Dimens\u00e3o: 96,8 \u00d7 105,8 \u00d7 58,8 mm<\/p>\n<p>Qi Fast Charge: Certificado Qi para funcionar em alta velocidade com a maioria dos telefones carregados sem fio<br \/>\nOpera\u00e7\u00e3o com uma m\u00e3o: design de bloqueio autom\u00e1tico por gravidade. Solte e v\u00e1, simples e conveniente<br \/>\nAmpla compatibilidade: 3 configura\u00e7\u00f5es de carga, suporta a maioria dos telefones<br \/>\n<a class=\"\" style=\"width: auto !important\" href=\"https:\/\/www.rucashk.com\/pt\/update-your-air-conditioning-xiaomi-releases-a-smart-ai-universal-remote-control\/\" data-wpil-post-to-id=\"9669\">Ajuste universal: projetado para fixar com seguran\u00e7a em praticamente qualquer ar do ve\u00edculo<\/a> aberturas de ventila\u00e7\u00e3o<\/p>\n<p>&nbsp;<\/p>","protected":false},"excerpt":{"rendered":"<p>Caracter\u00edsticas:<br \/>\n1. O design de liga\u00e7\u00e3o por gravidade bloquear\u00e1 automaticamente o telefone.<br \/>\n2. Carregamento sem fio Qi, compat\u00edvel com a fun\u00e7\u00e3o de carga sem fio com suporte para telefone.<br \/>\n3. Carregamento r\u00e1pido de alta pot\u00eancia de 10 W (suporte 10 W para Android e 7,5 W para iPhone).<br \/>\n4. Design de chip inteligente, pode identificar diferentes dispositivos de carregamento.<br \/>\n5. S\u00e3o fornecidas m\u00faltiplas prote\u00e7\u00f5es inteligentes de reconhecimento de objetos estranhos (FOD), prote\u00e7\u00e3o contra sobrecorrente e prote\u00e7\u00e3o contra superaquecimento.<br \/>\n6. Equipado com uma almofada de silicone macia, a bra\u00e7adeira de ranhura apertada n\u00e3o prejudica o telefone.<br \/>\n7. Design ajust\u00e1vel do bra\u00e7o de fixa\u00e7\u00e3o, ajuste de posi\u00e7\u00e3o de tr\u00eas marchas, adapta-se a mais modelos.<\/p>","protected":false},"featured_media":21414,"template":"","meta":[],"product_brand":[1419],"product_cat":[1288,1292],"product_tag":[],"class_list":{"0":"post-21269","1":"product","2":"type-product","3":"status-publish","4":"has-post-thumbnail","6":"product_brand-70mai","7":"product_cat-e-vehicle-accessories","8":"product_cat-phone-charging","10":"first","11":"instock","12":"shipping-taxable","13":"product-type-external"},"aioseo_notices":[],"aioseo_head":"\n\t\t<!-- All in One SEO Pro 4.5.9.2 - aioseo.com -->\n\t\t<meta name=\"description\" content=\"Features: 1. Gravity linkage design, will automatically lock the phone. 2. Qi wireless charging, compatible for the phone support wireless charge function. 3. 10W high power fast charging (support 10W for Android and 7.5W for iPhone). 4. Intelligent chip design, can identify different charging devices. 5. Multiple intelligent protection of the (FOD) foreign object recognition, overcurrent protection, and over temperature protection are provided. 6. Equipped with a soft silicone pad, wrap tight groove clamp does not hurt the phone. 7. Adjustable design of the clamp arm, three gear position adjustment, adapt to more models.\" \/>\n\t\t<meta name=\"robots\" content=\"max-image-preview:large\" \/>\n\t\t<link rel=\"canonical\" href=\"https:\/\/www.rucashk.com\/pt\/produto\/70mai-wireless-car-charger-mount\/\" \/>\n\t\t<meta name=\"generator\" content=\"All in One SEO Pro (AIOSEO) 4.5.9.2\" \/>\n\t\t<meta property=\"og:locale\" content=\"pt_PT\" \/>\n\t\t<meta property=\"og:site_name\" content=\"Rucas - One-stop AIoT Distribution Worldwide\" \/>\n\t\t<meta property=\"og:type\" content=\"article\" \/>\n\t\t<meta property=\"og:title\" content=\"70mai Wireless Car Charger Mount - Rucas - Wholesale and Distribution\" \/>\n\t\t<meta property=\"og:description\" content=\"Features: 1. Gravity linkage design, will automatically lock the phone. 2. Qi wireless charging, compatible for the phone support wireless charge function. 3. 10W high power fast charging (support 10W for Android and 7.5W for iPhone). 4. Intelligent chip design, can identify different charging devices. 5. Multiple intelligent protection of the (FOD) foreign object recognition, overcurrent protection, and over temperature protection are provided. 6. Equipped with a soft silicone pad, wrap tight groove clamp does not hurt the phone. 7. Adjustable design of the clamp arm, three gear position adjustment, adapt to more models.\" \/>\n\t\t<meta property=\"og:url\" content=\"https:\/\/www.rucashk.com\/pt\/produto\/70mai-wireless-car-charger-mount\/\" \/>\n\t\t<meta property=\"og:image\" content=\"https:\/\/www.rucashk.com\/wp-content\/uploads\/replace\/503b8e645f128a97ccde2b6290747646.jpeg\" \/>\n\t\t<meta property=\"og:image:secure_url\" content=\"https:\/\/www.rucashk.com\/wp-content\/uploads\/replace\/503b8e645f128a97ccde2b6290747646.jpeg\" \/>\n\t\t<meta property=\"og:image:width\" content=\"1456\" \/>\n\t\t<meta property=\"og:image:height\" content=\"816\" \/>\n\t\t<meta property=\"article:published_time\" content=\"2024-01-09T15:30:53+00:00\" \/>\n\t\t<meta property=\"article:modified_time\" content=\"2025-06-22T06:32:35+00:00\" \/>\n\t\t<meta name=\"twitter:card\" content=\"summary_large_image\" \/>\n\t\t<meta name=\"twitter:title\" content=\"70mai Wireless Car Charger Mount - Rucas - Wholesale and Distribution\" \/>\n\t\t<meta name=\"twitter:description\" content=\"Features: 1. Gravity linkage design, will automatically lock the phone. 2. Qi wireless charging, compatible for the phone support wireless charge function. 3. 10W high power fast charging (support 10W for Android and 7.5W for iPhone). 4. Intelligent chip design, can identify different charging devices. 5. Multiple intelligent protection of the (FOD) foreign object recognition, overcurrent protection, and over temperature protection are provided. 6. Equipped with a soft silicone pad, wrap tight groove clamp does not hurt the phone. 7. Adjustable design of the clamp arm, three gear position adjustment, adapt to more models.\" \/>\n\t\t<meta name=\"twitter:image\" content=\"https:\/\/www.rucashk.com\/wp-content\/uploads\/replace\/503b8e645f128a97ccde2b6290747646.jpeg\" \/>\n\t\t<script type=\"application\/ld+json\" class=\"aioseo-schema\">\n\t\t\t{\"@context\":\"https:\\\/\\\/schema.org\",\"@graph\":[{\"@type\":\"BreadcrumbList\",\"@id\":\"https:\\\/\\\/www.rucashk.com\\\/pt\\\/produto\\\/70mai-wireless-car-charger-mount\\\/#breadcrumblist\",\"itemListElement\":[{\"@type\":\"ListItem\",\"@id\":\"https:\\\/\\\/www.rucashk.com\\\/pt\\\/#listItem\",\"position\":1,\"name\":\"Home\",\"item\":\"https:\\\/\\\/www.rucashk.com\\\/pt\\\/\",\"nextItem\":\"https:\\\/\\\/www.rucashk.com\\\/pt\\\/produto\\\/70mai-wireless-car-charger-mount\\\/#listItem\"},{\"@type\":\"ListItem\",\"@id\":\"https:\\\/\\\/www.rucashk.com\\\/pt\\\/produto\\\/70mai-wireless-car-charger-mount\\\/#listItem\",\"position\":2,\"name\":\"70mai Wireless Car Charger Mount\",\"previousItem\":\"https:\\\/\\\/www.rucashk.com\\\/pt\\\/#listItem\"}]},{\"@type\":\"Organization\",\"@id\":\"https:\\\/\\\/www.rucashk.com\\\/pt\\\/#organization\",\"name\":\"Rucas\",\"url\":\"https:\\\/\\\/www.rucashk.com\\\/pt\\\/\",\"logo\":{\"@type\":\"ImageObject\",\"url\":\"https:\\\/\\\/www.rucashk.com\\\/wp-content\\\/uploads\\\/2023\\\/12\\\/Rucas_campany_logo.png\",\"@id\":\"https:\\\/\\\/www.rucashk.com\\\/pt\\\/produto\\\/70mai-wireless-car-charger-mount\\\/#organizationLogo\",\"width\":221,\"height\":65},\"image\":{\"@id\":\"https:\\\/\\\/www.rucashk.com\\\/pt\\\/#organizationLogo\"}},{\"@type\":\"Person\",\"@id\":\"https:\\\/\\\/www.rucashk.com\\\/pt\\\/author\\\/admin\\\/#author\",\"url\":\"https:\\\/\\\/www.rucashk.com\\\/pt\\\/author\\\/admin\\\/\",\"name\":\"admin\",\"image\":{\"@type\":\"ImageObject\",\"@id\":\"https:\\\/\\\/www.rucashk.com\\\/pt\\\/produto\\\/70mai-wireless-car-charger-mount\\\/#authorImage\",\"url\":\"https:\\\/\\\/secure.gravatar.com\\\/avatar\\\/b7c8925b09a27e72b30232f8ecaadbd5af0f70a38c78096863fe51b64f031c24?s=96&d=mm&r=g\",\"width\":96,\"height\":96,\"caption\":\"admin\"}},{\"@type\":\"WebPage\",\"@id\":\"https:\\\/\\\/www.rucashk.com\\\/pt\\\/produto\\\/70mai-wireless-car-charger-mount\\\/#webpage\",\"url\":\"https:\\\/\\\/www.rucashk.com\\\/pt\\\/produto\\\/70mai-wireless-car-charger-mount\\\/\",\"name\":\"70mai Wireless Car Charger Mount - Rucas - Wholesale and Distribution\",\"description\":\"Features: 1. Gravity linkage design, will automatically lock the phone. 2. Qi wireless charging, compatible for the phone support wireless charge function. 3. 10W high power fast charging (support 10W for Android and 7.5W for iPhone). 4. Intelligent chip design, can identify different charging devices. 5. Multiple intelligent protection of the (FOD) foreign object recognition, overcurrent protection, and over temperature protection are provided. 6. Equipped with a soft silicone pad, wrap tight groove clamp does not hurt the phone. 7. Adjustable design of the clamp arm, three gear position adjustment, adapt to more models.\",\"inLanguage\":\"pt-PT\",\"isPartOf\":{\"@id\":\"https:\\\/\\\/www.rucashk.com\\\/pt\\\/#website\"},\"breadcrumb\":{\"@id\":\"https:\\\/\\\/www.rucashk.com\\\/pt\\\/produto\\\/70mai-wireless-car-charger-mount\\\/#breadcrumblist\"},\"author\":{\"@id\":\"https:\\\/\\\/www.rucashk.com\\\/pt\\\/author\\\/admin\\\/#author\"},\"creator\":{\"@id\":\"https:\\\/\\\/www.rucashk.com\\\/pt\\\/author\\\/admin\\\/#author\"},\"image\":{\"@type\":\"ImageObject\",\"url\":\"https:\\\/\\\/www.rucashk.com\\\/wp-content\\\/uploads\\\/2024\\\/01\\\/70mai-Wireless-Car-Charger-Mount-4.jpg\",\"@id\":\"https:\\\/\\\/www.rucashk.com\\\/pt\\\/produto\\\/70mai-wireless-car-charger-mount\\\/#mainImage\",\"width\":800,\"height\":800},\"primaryImageOfPage\":{\"@id\":\"https:\\\/\\\/www.rucashk.com\\\/pt\\\/produto\\\/70mai-wireless-car-charger-mount\\\/#mainImage\"},\"datePublished\":\"2024-01-09T15:30:53+00:00\",\"dateModified\":\"2025-06-22T06:32:35+00:00\"},{\"@type\":\"WebSite\",\"@id\":\"https:\\\/\\\/www.rucashk.com\\\/pt\\\/#website\",\"url\":\"https:\\\/\\\/www.rucashk.com\\\/pt\\\/\",\"name\":\"Rucas - Wholesale and distribution worldwide\",\"alternateName\":\"Rucas - One-stop AIoT Distribution Worldwide\",\"description\":\"One-stop AIoT Distribution Worldwide\",\"inLanguage\":\"pt-PT\",\"publisher\":{\"@id\":\"https:\\\/\\\/www.rucashk.com\\\/pt\\\/#organization\"}}]}\n\t\t<\/script>\n\t\t<!-- All in One SEO Pro -->\r\n\t\t<title>70mai Wireless Car Charger Mount - Rucas - Wholesale and Distribution<\/title>\n\n","aioseo_head_json":{"title":"70mai Wireless Car Charger Mount - Rucas - Wholesale and Distribution","description":"Features: 1. Gravity linkage design, will automatically lock the phone. 2. Qi wireless charging, compatible for the phone support wireless charge function. 3. 10W high power fast charging (support 10W for Android and 7.5W for iPhone). 4. Intelligent chip design, can identify different charging devices. 5. Multiple intelligent protection of the (FOD) foreign object recognition, overcurrent protection, and over temperature protection are provided. 6. Equipped with a soft silicone pad, wrap tight groove clamp does not hurt the phone. 7. Adjustable design of the clamp arm, three gear position adjustment, adapt to more models.","canonical_url":"https:\/\/www.rucashk.com\/pt\/produto\/70mai-wireless-car-charger-mount\/","robots":"max-image-preview:large","keywords":"","webmasterTools":{"miscellaneous":""},"og:locale":"pt_PT","og:site_name":"Rucas - One-stop AIoT Distribution Worldwide","og:type":"article","og:title":"70mai Wireless Car Charger Mount - Rucas - Wholesale and Distribution","og:description":"Features: 1. Gravity linkage design, will automatically lock the phone. 2. Qi wireless charging, compatible for the phone support wireless charge function. 3. 10W high power fast charging (support 10W for Android and 7.5W for iPhone). 4. Intelligent chip design, can identify different charging devices. 5. Multiple intelligent protection of the (FOD) foreign object recognition, overcurrent protection, and over temperature protection are provided. 6. Equipped with a soft silicone pad, wrap tight groove clamp does not hurt the phone. 7. Adjustable design of the clamp arm, three gear position adjustment, adapt to more models.","og:url":"https:\/\/www.rucashk.com\/pt\/produto\/70mai-wireless-car-charger-mount\/","og:image":"https:\/\/www.rucashk.com\/wp-content\/uploads\/replace\/503b8e645f128a97ccde2b6290747646.jpeg","og:image:secure_url":"https:\/\/www.rucashk.com\/wp-content\/uploads\/replace\/503b8e645f128a97ccde2b6290747646.jpeg","og:image:width":1456,"og:image:height":816,"article:published_time":"2024-01-09T15:30:53+00:00","article:modified_time":"2025-06-22T06:32:35+00:00","twitter:card":"summary_large_image","twitter:title":"70mai Wireless Car Charger Mount - Rucas - Wholesale and Distribution","twitter:description":"Features: 1. Gravity linkage design, will automatically lock the phone. 2. Qi wireless charging, compatible for the phone support wireless charge function. 3. 10W high power fast charging (support 10W for Android and 7.5W for iPhone). 4. Intelligent chip design, can identify different charging devices. 5. Multiple intelligent protection of the (FOD) foreign object recognition, overcurrent protection, and over temperature protection are provided. 6. Equipped with a soft silicone pad, wrap tight groove clamp does not hurt the phone. 7. Adjustable design of the clamp arm, three gear position adjustment, adapt to more models.","twitter:image":"https:\/\/www.rucashk.com\/wp-content\/uploads\/replace\/503b8e645f128a97ccde2b6290747646.jpeg","schema":{"@context":"https:\/\/schema.org","@graph":[{"@type":"BreadcrumbList","@id":"https:\/\/www.rucashk.com\/pt\/produto\/70mai-wireless-car-charger-mount\/#breadcrumblist","itemListElement":[{"@type":"ListItem","@id":"https:\/\/www.rucashk.com\/pt\/#listItem","position":1,"name":"Home","item":"https:\/\/www.rucashk.com\/pt\/","nextItem":"https:\/\/www.rucashk.com\/pt\/produto\/70mai-wireless-car-charger-mount\/#listItem"},{"@type":"ListItem","@id":"https:\/\/www.rucashk.com\/pt\/produto\/70mai-wireless-car-charger-mount\/#listItem","position":2,"name":"70mai Wireless Car Charger Mount","previousItem":"https:\/\/www.rucashk.com\/pt\/#listItem"}]},{"@type":"Organization","@id":"https:\/\/www.rucashk.com\/pt\/#organization","name":"Rucas","url":"https:\/\/www.rucashk.com\/pt\/","logo":{"@type":"ImageObject","url":"https:\/\/www.rucashk.com\/wp-content\/uploads\/2023\/12\/Rucas_campany_logo.png","@id":"https:\/\/www.rucashk.com\/pt\/produto\/70mai-wireless-car-charger-mount\/#organizationLogo","width":221,"height":65},"image":{"@id":"https:\/\/www.rucashk.com\/pt\/#organizationLogo"}},{"@type":"Person","@id":"https:\/\/www.rucashk.com\/pt\/author\/admin\/#author","url":"https:\/\/www.rucashk.com\/pt\/author\/admin\/","name":"admin","image":{"@type":"ImageObject","@id":"https:\/\/www.rucashk.com\/pt\/produto\/70mai-wireless-car-charger-mount\/#authorImage","url":"https:\/\/secure.gravatar.com\/avatar\/b7c8925b09a27e72b30232f8ecaadbd5af0f70a38c78096863fe51b64f031c24?s=96&d=mm&r=g","width":96,"height":96,"caption":"admin"}},{"@type":"WebPage","@id":"https:\/\/www.rucashk.com\/pt\/produto\/70mai-wireless-car-charger-mount\/#webpage","url":"https:\/\/www.rucashk.com\/pt\/produto\/70mai-wireless-car-charger-mount\/","name":"70mai Wireless Car Charger Mount - Rucas - Wholesale and Distribution","description":"Features: 1. Gravity linkage design, will automatically lock the phone. 2. Qi wireless charging, compatible for the phone support wireless charge function. 3. 10W high power fast charging (support 10W for Android and 7.5W for iPhone). 4. Intelligent chip design, can identify different charging devices. 5. Multiple intelligent protection of the (FOD) foreign object recognition, overcurrent protection, and over temperature protection are provided. 6. Equipped with a soft silicone pad, wrap tight groove clamp does not hurt the phone. 7. Adjustable design of the clamp arm, three gear position adjustment, adapt to more models.","inLanguage":"pt-PT","isPartOf":{"@id":"https:\/\/www.rucashk.com\/pt\/#website"},"breadcrumb":{"@id":"https:\/\/www.rucashk.com\/pt\/produto\/70mai-wireless-car-charger-mount\/#breadcrumblist"},"author":{"@id":"https:\/\/www.rucashk.com\/pt\/author\/admin\/#author"},"creator":{"@id":"https:\/\/www.rucashk.com\/pt\/author\/admin\/#author"},"image":{"@type":"ImageObject","url":"https:\/\/www.rucashk.com\/wp-content\/uploads\/2024\/01\/70mai-Wireless-Car-Charger-Mount-4.jpg","@id":"https:\/\/www.rucashk.com\/pt\/produto\/70mai-wireless-car-charger-mount\/#mainImage","width":800,"height":800},"primaryImageOfPage":{"@id":"https:\/\/www.rucashk.com\/pt\/produto\/70mai-wireless-car-charger-mount\/#mainImage"},"datePublished":"2024-01-09T15:30:53+00:00","dateModified":"2025-06-22T06:32:35+00:00"},{"@type":"WebSite","@id":"https:\/\/www.rucashk.com\/pt\/#website","url":"https:\/\/www.rucashk.com\/pt\/","name":"Rucas - Wholesale and distribution worldwide","alternateName":"Rucas - One-stop AIoT Distribution Worldwide","description":"One-stop AIoT Distribution Worldwide","inLanguage":"pt-PT","publisher":{"@id":"https:\/\/www.rucashk.com\/pt\/#organization"}}]}},"aioseo_meta_data":{"post_id":"21269","title":null,"description":null,"keywords":null,"keyphrases":null,"primary_term":null,"canonical_url":null,"og_title":null,"og_description":null,"og_object_type":"default","og_image_type":"default","og_image_url":null,"og_image_width":null,"og_image_height":null,"og_image_custom_url":null,"og_image_custom_fields":null,"og_video":"","og_custom_url":null,"og_article_section":null,"og_article_tags":null,"twitter_use_og":false,"twitter_card":"default","twitter_image_type":"default","twitter_image_url":null,"twitter_image_custom_url":null,"twitter_image_custom_fields":null,"twitter_title":null,"twitter_description":null,"schema":{"blockGraphs":[],"customGraphs":[],"default":{"data":{"Article":[],"Course":[],"Dataset":[],"FAQPage":[],"Movie":[],"Person":[],"Product":[],"Recipe":[],"Service":[],"SoftwareApplication":[],"WebPage":[]},"graphName":"","isEnabled":true},"graphs":[]},"schema_type":"default","schema_type_options":null,"pillar_content":false,"robots_default":true,"robots_noindex":false,"robots_noarchive":false,"robots_nosnippet":false,"robots_nofollow":false,"robots_noimageindex":false,"robots_noodp":false,"robots_notranslate":false,"robots_max_snippet":"-1","robots_max_videopreview":"-1","robots_max_imagepreview":"large","priority":null,"frequency":"default","local_seo":null,"breadcrumb_settings":null,"limit_modified_date":false,"created":"2024-04-11 01:55:17","updated":"2025-06-22 16:20:07"},"aioseo_breadcrumb":"<div class=\"aioseo-breadcrumbs\"><span class=\"aioseo-breadcrumb\">\n\t<a href=\"https:\/\/www.rucashk.com\/pt\" title=\"Home\">Home<\/a>\n<\/span><span class=\"aioseo-breadcrumb-separator\">&raquo;<\/span><span class=\"aioseo-breadcrumb\">\n\t<a href=\"https:\/\/www.rucashk.com\/pt\/products\/\" title=\"Produtos\">Produtos<\/a>\n<\/span><span class=\"aioseo-breadcrumb-separator\">&raquo;<\/span><span class=\"aioseo-breadcrumb\">\n\t<a href=\"https:\/\/www.rucashk.com\/pt\/marca\/70mai\/\" title=\"70Mai\">70Mai<\/a>\n<\/span><span class=\"aioseo-breadcrumb-separator\">&raquo;<\/span><span class=\"aioseo-breadcrumb\">\n\t70mai Wireless Car Charger Mount\n<\/span><\/div>","aioseo_breadcrumb_json":[{"label":"Home","link":"https:\/\/www.rucashk.com\/pt"},{"label":"Produtos","link":"https:\/\/www.rucashk.com\/pt\/products\/"},{"label":"70Mai","link":"https:\/\/www.rucashk.com\/pt\/marca\/70mai\/"},{"label":"70mai Wireless Car Charger Mount","link":"https:\/\/www.rucashk.com\/pt\/produto\/70mai-wireless-car-charger-mount\/"}],"_links":{"self":[{"href":"https:\/\/www.rucashk.com\/pt\/wp-json\/wp\/v2\/product\/21269","targetHints":{"allow":["GET"]}}],"collection":[{"href":"https:\/\/www.rucashk.com\/pt\/wp-json\/wp\/v2\/product"}],"about":[{"href":"https:\/\/www.rucashk.com\/pt\/wp-json\/wp\/v2\/types\/product"}],"wp:featuredmedia":[{"embeddable":true,"href":"https:\/\/www.rucashk.com\/pt\/wp-json\/wp\/v2\/media\/21414"}],"wp:attachment":[{"href":"https:\/\/www.rucashk.com\/pt\/wp-json\/wp\/v2\/media?parent=21269"}],"wp:term":[{"taxonomy":"product_brand","embeddable":true,"href":"https:\/\/www.rucashk.com\/pt\/wp-json\/wp\/v2\/product_brand?post=21269"},{"taxonomy":"product_cat","embeddable":true,"href":"https:\/\/www.rucashk.com\/pt\/wp-json\/wp\/v2\/product_cat?post=21269"},{"taxonomy":"product_tag","embeddable":true,"href":"https:\/\/www.rucashk.com\/pt\/wp-json\/wp\/v2\/product_tag?post=21269"}],"curies":[{"name":"wp","href":"https:\/\/api.w.org\/{rel}","templated":true}]}}