{"id":21268,"date":"2024-01-09T15:30:53","date_gmt":"2024-01-09T15:30:53","guid":{"rendered":"http:\/\/rucashk.com\/?post_type=product&#038;p=21268"},"modified":"2025-06-22T07:34:52","modified_gmt":"2025-06-22T07:34:52","slug":"xiaomi-ac1200-smart-wireless-router-wholesale","status":"publish","type":"product","link":"https:\/\/www.rucashk.com\/pt\/produto\/xiaomi-ac1200-smart-wireless-router-wholesale\/","title":{"rendered":"Roteador sem fio inteligente Xiaomi AC1200 no atacado"},"content":{"rendered":"<h2 style=\"text-align: center\">Roteador Sem Fio Inteligente Mi 4A 5GHz WiFi Dual Band AC1200<\/h2>\n<p><img fetchpriority=\"high\" decoding=\"async\" class=\"js-descLazyload lazy-loaded aligncenter\" src=\"https:\/\/www.rucashk.com\/wp-content\/uploads\/2020\/05\/62096c39a3bf.jpg\" alt=\"Xiaomi Mi 4A 5GHz WiFi Dual Band AC1200M Smart Wireless Router Wholesale\" width=\"1000\" height=\"618\" data-lazy=\"https:\/\/www.rucashk.com\/wp-content\/uploads\/2020\/05\/62096c39a3bf.jpg\" data-was-processed=\"true\" \/><\/p>\n<p style=\"text-align: center\"><img decoding=\"async\" class=\"js-descLazyload lazy-loaded alignnone\" src=\"https:\/\/www.rucashk.com\/wp-content\/uploads\/2020\/05\/eb8ec6405358.jpg\" alt=\"Xiaomi Mi 4A 5GHz WiFi Dual Band AC1200M Smart Wireless Router Wholesale\" width=\"1000\" height=\"474\" data-lazy=\"https:\/\/www.rucashk.com\/wp-content\/uploads\/2020\/05\/eb8ec6405358.jpg\" data-was-processed=\"true\" \/><\/p>\n<p style=\"text-align: center\"><img decoding=\"async\" class=\"js-descLazyload lazy-loaded alignnone\" src=\"https:\/\/www.rucashk.com\/wp-content\/uploads\/2020\/05\/9a93a7531473.jpg\" alt=\"Xiaomi Mi 4A 5GHz WiFi Dual Band AC1200M Smart Wireless Router Wholesale\" width=\"1000\" height=\"440\" data-lazy=\"https:\/\/www.rucashk.com\/wp-content\/uploads\/2020\/05\/9a93a7531473.jpg\" data-was-processed=\"true\" \/><\/p>\n<p style=\"text-align: center\"><img decoding=\"async\" class=\"js-descLazyload lazy-loaded\" src=\"https:\/\/www.rucashk.com\/wp-content\/uploads\/2020\/05\/c97233417ae5.jpg\" data-lazy=\"https:\/\/www.rucashk.com\/wp-content\/uploads\/2020\/05\/c97233417ae5.jpg\" data-was-processed=\"true\" \/><\/p>\n<p style=\"text-align: center\"><img loading=\"lazy\" decoding=\"async\" class=\"js-descLazyload lazy-loaded alignnone\" src=\"https:\/\/www.rucashk.com\/wp-content\/uploads\/2020\/05\/e96eb598c1cc.jpg\" alt=\"Xiaomi Mi 4A 5GHz WiFi Dual Band AC1200M Smart Wireless Router Wholesale\" width=\"1000\" height=\"481\" data-lazy=\"https:\/\/www.rucashk.com\/wp-content\/uploads\/2020\/05\/e96eb598c1cc.jpg\" data-was-processed=\"true\" \/><\/p>\n<p style=\"text-align: center\"><img loading=\"lazy\" decoding=\"async\" class=\"js-descLazyload lazy-loaded alignnone\" src=\"https:\/\/www.rucashk.com\/wp-content\/uploads\/2020\/05\/f9de246b712f.jpg\" alt=\"Xiaomi Mi 4A 5GHz WiFi Dual Band AC1200M Smart Wireless Router Wholesale\" width=\"1000\" height=\"422\" data-lazy=\"https:\/\/www.rucashk.com\/wp-content\/uploads\/2020\/05\/f9de246b712f.jpg\" data-was-processed=\"true\" \/><\/p>\n<p style=\"text-align: center\"><img loading=\"lazy\" decoding=\"async\" class=\"js-descLazyload lazy-loaded alignnone\" src=\"https:\/\/www.rucashk.com\/wp-content\/uploads\/2020\/05\/a99b2061aae5.jpg\" alt=\"Xiaomi Mi 4A 5GHz WiFi Dual Band AC1200M Smart Wireless Router Wholesale\" width=\"1000\" height=\"488\" data-lazy=\"https:\/\/www.rucashk.com\/wp-content\/uploads\/2020\/05\/a99b2061aae5.jpg\" data-was-processed=\"true\" \/><\/p>\n<p><img loading=\"lazy\" decoding=\"async\" class=\"js-descLazyload lazy-loaded aligncenter\" src=\"https:\/\/www.rucashk.com\/wp-content\/uploads\/2020\/05\/b32a18322346.jpg\" alt=\"Xiaomi Mi 4A 5GHz WiFi Dual Band AC1200M Smart Wireless Router Wholesale\" width=\"1000\" height=\"491\" data-lazy=\"https:\/\/www.rucashk.com\/wp-content\/uploads\/2020\/05\/b32a18322346.jpg\" data-was-processed=\"true\" \/><\/p>\n<p>&nbsp;<\/p>\n<p><strong>Especifica\u00e7\u00f5es:<\/strong><\/p>\n<p><a class=\"\" style=\"width: auto !important\" href=\"https:\/\/www.rucashk.com\/pt\/produto\/amiro-o-series-cosmetic-mirrors-rechargeable\/\" data-wpil-post-to-id=\"5180\">Marca: Xiaomi<\/a><br \/>\nN\u00famero do modelo: 4A<br \/>\nProcessador: MT7628DA<br \/>\nTaxa m\u00e1xima de dados LAN: 1167 Mbps<br \/>\nROM: 16MB<br \/>\nMem\u00f3ria: 64 GB<br \/>\nFrequ\u00eancia suportada por Wi-Fi: 2.4G e 5G<br \/>\nTaxa de transmiss\u00e3o Wi-Fi 2.4G: 300 Mbps<br \/>\nTaxa de transmiss\u00e3o Wi-Fi 5G: 867Mbps<br \/>\nN\u00famero de antenas: 4 ra\u00edzes, ganho m\u00e1ximo de 2,4g 5dBi 2 PCS e ganho m\u00e1ximo de 5G 6dBi 2 PCS<br \/>\nPortas WAN: 1*10\/100Mbps<br \/>\nTipo: frequ\u00eancia Bouble sem fio<br \/>\nAdaptador de alimenta\u00e7\u00e3o: 12V 0,6A<br \/>\nPadr\u00e3o de protocolo: IEEE 802.11a\/b\/g\/n\/ac, IEEE 802.3\/3u<br \/>\nGerenciamento: Suporte Web, Android, iOS<br \/>\nQuantidade de luz indicadora LED: 2<br \/>\nQuantidade do bot\u00e3o de reinicializa\u00e7\u00e3o do sistema: 1<br \/>\nQuantidade de interface de entrada de energia: 1<br \/>\nAplica\u00e7\u00e3o: Casa<br \/>\nCor branca<\/p>\n<p>&nbsp;<\/p>\n<p><strong>Caracter\u00edsticas:<\/strong><br \/>\nCPU Dual Core para velocidade de rede mais r\u00e1pida<br \/>\nApresentando CPU dual core e quatro threading, a frequ\u00eancia de n\u00facleo \u00fanico pode chegar a 880MHz. <a class=\"\" style=\"width: auto !important\" href=\"https:\/\/www.rucashk.com\/pt\/xiaomi-launched-a-new-machine-with-a-strong-cost-performance-and-a-new-5g-processor\/\" data-wpil-post-to-id=\"8176\">Desempenho forte<\/a> suporta facilmente rede gigabit e transmiss\u00e3o de dados WiFi de banda dupla.<br \/>\nBanda dupla sem fio<br \/>\nSuporta duas bandas de frequ\u00eancia de 2,4 GHz e 5 GHz. A taxa de velocidade m\u00e1xima pode chegar a 1167Mbps. A banda de 2,4 GHz suporta cobertura melhor e mais longa e desempenho atrav\u00e9s da parede. A banda de 5 GHz usa tecnologia 802.11ac. Menos interfer\u00eancia, alta taxa. Assista a v\u00eddeos em HD e jogue sem problemas.<br \/>\nBanda dupla compartilha um nome WiFi<br \/>\n<a class=\"\" style=\"width: auto !important\" href=\"https:\/\/www.rucashk.com\/pt\/produto\/xiaomi-70mai-dual-usb-car-quick-charge-adapter-for-smart-phone\/\" data-wpil-post-to-id=\"2526\">Roteador Xiaomi 4A com suporte duplo<\/a> banda. Ele combina 2,4 GHz e 5 GHz em um nome WiFi. 2,4 GHz tem melhor desempenho atrav\u00e9s da parede e 5 GHz tem taxa mais alta.<br \/>\n4 antenas de alto ganho para sinal mais forte<br \/>\n4 antenas omnidirecionais externas de alto ganho. Melhora enormemente o desempenho da transmiss\u00e3o e faz um \u00f3timo trabalho em v\u00e1rios ambientes complexos.<br \/>\n128 MB de mem\u00f3ria grande<br \/>\n<a class=\"\" style=\"width: auto !important\" href=\"https:\/\/www.rucashk.com\/pt\/produto\/aqara-smart-gateway\/\" data-wpil-post-to-id=\"5356\">Lar inteligente<\/a> era dos eletrodom\u00e9sticos. Mais dispositivos precisam de conex\u00e3o est\u00e1vel. <a class=\"\" style=\"width: auto !important\" href=\"https:\/\/www.rucashk.com\/pt\/produto\/xiaomi-router-mesh\/\" data-wpil-post-to-id=\"6767\">Roteador Xiaomi<\/a> 4A adota mem\u00f3ria de 128 MB que garante transmiss\u00e3o est\u00e1vel.<br \/>\nC\u00e1lculo inteligente de corre\u00e7\u00e3o de erros<br \/>\nC\u00e1lculo de corre\u00e7\u00e3o de erros LDCP com suporte de frequ\u00eancia de 5 GHz. Fortalecer o desempenho anti-interfer\u00eancia. Aumente o sinal WiFi e melhore a taxa de velocidade de transmiss\u00e3o<\/p>","protected":false},"excerpt":{"rendered":"<p><strong>Caracter\u00edsticas:<\/strong><\/p>\n<p>1.\u00a0Four\u00a0antennas make the transmission performance better.<br \/>\n2. Wireless dual band design makes the connection faster.<br \/>\n3. 64MB large memory design enables it to connect multiple terminal devices stably, up to\u00a0up to connect 64 devices\u00a0computers<br \/>\n4. With Mi WiFi APP, it is more convenient for daily use.<br \/>\n5.\u00a0Support 2.4G and 5G dual band, up to 1167Mbps total bandwidth, 300Mbps in 2.4G and 867Mbps in 5G<br \/>\n6. Intelligent anti-rub network.<\/p>","protected":false},"featured_media":21412,"template":"","meta":[],"product_brand":[1363],"product_cat":[1315,1305],"product_tag":[446,420],"class_list":{"0":"post-21268","1":"product","2":"type-product","3":"status-publish","4":"has-post-thumbnail","6":"product_brand-xiaomi","7":"product_cat-tv-accessories","8":"product_cat-xiaomi-eco","9":"product_tag-ac1200","10":"product_tag-xiaomi","12":"first","13":"instock","14":"shipping-taxable","15":"product-type-external"},"aioseo_notices":[],"aioseo_head":"\n\t\t<!-- All in One SEO Pro 4.5.9.2 - aioseo.com -->\n\t\t<meta name=\"description\" content=\"Features: 1. Four antennas make the transmission performance better. 2. Wireless dual band design makes the connection faster. 3. 64MB large memory design enables it to connect multiple terminal devices stably, up to up to connect 64 devices computers 4. With Mi WiFi APP, it is more convenient for daily use. 5. Support 2.4G and 5G dual band, up to 1167Mbps total bandwidth, 300Mbps in 2.4G and 867Mbps in 5G 6. Intelligent anti-rub network.\" \/>\n\t\t<meta name=\"robots\" content=\"max-image-preview:large\" \/>\n\t\t<link rel=\"canonical\" href=\"https:\/\/www.rucashk.com\/pt\/produto\/xiaomi-ac1200-smart-wireless-router-wholesale\/\" \/>\n\t\t<meta name=\"generator\" content=\"All in One SEO Pro (AIOSEO) 4.5.9.2\" \/>\n\t\t<meta property=\"og:locale\" content=\"pt_PT\" \/>\n\t\t<meta property=\"og:site_name\" content=\"Rucas - One-stop AIoT Distribution Worldwide\" \/>\n\t\t<meta property=\"og:type\" content=\"article\" \/>\n\t\t<meta property=\"og:title\" content=\"Xiaomi AC1200 Smart Wireless Router Wholesale - Rucas - Wholesale and Distribution\" \/>\n\t\t<meta property=\"og:description\" content=\"Features: 1. Four antennas make the transmission performance better. 2. Wireless dual band design makes the connection faster. 3. 64MB large memory design enables it to connect multiple terminal devices stably, up to up to connect 64 devices computers 4. With Mi WiFi APP, it is more convenient for daily use. 5. Support 2.4G and 5G dual band, up to 1167Mbps total bandwidth, 300Mbps in 2.4G and 867Mbps in 5G 6. Intelligent anti-rub network.\" \/>\n\t\t<meta property=\"og:url\" content=\"https:\/\/www.rucashk.com\/pt\/produto\/xiaomi-ac1200-smart-wireless-router-wholesale\/\" \/>\n\t\t<meta property=\"og:image\" content=\"https:\/\/www.rucashk.com\/wp-content\/uploads\/replace\/503b8e645f128a97ccde2b6290747646.jpeg\" \/>\n\t\t<meta property=\"og:image:secure_url\" content=\"https:\/\/www.rucashk.com\/wp-content\/uploads\/replace\/503b8e645f128a97ccde2b6290747646.jpeg\" \/>\n\t\t<meta property=\"og:image:width\" content=\"1456\" \/>\n\t\t<meta property=\"og:image:height\" content=\"816\" \/>\n\t\t<meta property=\"article:published_time\" content=\"2024-01-09T15:30:53+00:00\" \/>\n\t\t<meta property=\"article:modified_time\" content=\"2025-06-22T07:34:52+00:00\" \/>\n\t\t<meta name=\"twitter:card\" content=\"summary_large_image\" \/>\n\t\t<meta name=\"twitter:title\" content=\"Xiaomi AC1200 Smart Wireless Router Wholesale - Rucas - Wholesale and Distribution\" \/>\n\t\t<meta name=\"twitter:description\" content=\"Features: 1. Four antennas make the transmission performance better. 2. Wireless dual band design makes the connection faster. 3. 64MB large memory design enables it to connect multiple terminal devices stably, up to up to connect 64 devices computers 4. With Mi WiFi APP, it is more convenient for daily use. 5. Support 2.4G and 5G dual band, up to 1167Mbps total bandwidth, 300Mbps in 2.4G and 867Mbps in 5G 6. Intelligent anti-rub network.\" \/>\n\t\t<meta name=\"twitter:image\" content=\"https:\/\/www.rucashk.com\/wp-content\/uploads\/replace\/503b8e645f128a97ccde2b6290747646.jpeg\" \/>\n\t\t<script type=\"application\/ld+json\" class=\"aioseo-schema\">\n\t\t\t{\"@context\":\"https:\\\/\\\/schema.org\",\"@graph\":[{\"@type\":\"BreadcrumbList\",\"@id\":\"https:\\\/\\\/www.rucashk.com\\\/pt\\\/produto\\\/xiaomi-ac1200-smart-wireless-router-wholesale\\\/#breadcrumblist\",\"itemListElement\":[{\"@type\":\"ListItem\",\"@id\":\"https:\\\/\\\/www.rucashk.com\\\/pt\\\/#listItem\",\"position\":1,\"name\":\"Home\",\"item\":\"https:\\\/\\\/www.rucashk.com\\\/pt\\\/\",\"nextItem\":\"https:\\\/\\\/www.rucashk.com\\\/pt\\\/produto\\\/xiaomi-ac1200-smart-wireless-router-wholesale\\\/#listItem\"},{\"@type\":\"ListItem\",\"@id\":\"https:\\\/\\\/www.rucashk.com\\\/pt\\\/produto\\\/xiaomi-ac1200-smart-wireless-router-wholesale\\\/#listItem\",\"position\":2,\"name\":\"Xiaomi AC1200 Smart Wireless Router Wholesale\",\"previousItem\":\"https:\\\/\\\/www.rucashk.com\\\/pt\\\/#listItem\"}]},{\"@type\":\"Organization\",\"@id\":\"https:\\\/\\\/www.rucashk.com\\\/pt\\\/#organization\",\"name\":\"Rucas\",\"url\":\"https:\\\/\\\/www.rucashk.com\\\/pt\\\/\",\"logo\":{\"@type\":\"ImageObject\",\"url\":\"https:\\\/\\\/www.rucashk.com\\\/wp-content\\\/uploads\\\/2023\\\/12\\\/Rucas_campany_logo.png\",\"@id\":\"https:\\\/\\\/www.rucashk.com\\\/pt\\\/produto\\\/xiaomi-ac1200-smart-wireless-router-wholesale\\\/#organizationLogo\",\"width\":221,\"height\":65},\"image\":{\"@id\":\"https:\\\/\\\/www.rucashk.com\\\/pt\\\/#organizationLogo\"}},{\"@type\":\"Person\",\"@id\":\"https:\\\/\\\/www.rucashk.com\\\/pt\\\/author\\\/admin\\\/#author\",\"url\":\"https:\\\/\\\/www.rucashk.com\\\/pt\\\/author\\\/admin\\\/\",\"name\":\"admin\",\"image\":{\"@type\":\"ImageObject\",\"@id\":\"https:\\\/\\\/www.rucashk.com\\\/pt\\\/produto\\\/xiaomi-ac1200-smart-wireless-router-wholesale\\\/#authorImage\",\"url\":\"https:\\\/\\\/secure.gravatar.com\\\/avatar\\\/b7c8925b09a27e72b30232f8ecaadbd5af0f70a38c78096863fe51b64f031c24?s=96&d=mm&r=g\",\"width\":96,\"height\":96,\"caption\":\"admin\"}},{\"@type\":\"WebPage\",\"@id\":\"https:\\\/\\\/www.rucashk.com\\\/pt\\\/produto\\\/xiaomi-ac1200-smart-wireless-router-wholesale\\\/#webpage\",\"url\":\"https:\\\/\\\/www.rucashk.com\\\/pt\\\/produto\\\/xiaomi-ac1200-smart-wireless-router-wholesale\\\/\",\"name\":\"Xiaomi AC1200 Smart Wireless Router Wholesale - Rucas - Wholesale and Distribution\",\"description\":\"Features: 1. Four antennas make the transmission performance better. 2. Wireless dual band design makes the connection faster. 3. 64MB large memory design enables it to connect multiple terminal devices stably, up to up to connect 64 devices computers 4. With Mi WiFi APP, it is more convenient for daily use. 5. Support 2.4G and 5G dual band, up to 1167Mbps total bandwidth, 300Mbps in 2.4G and 867Mbps in 5G 6. Intelligent anti-rub network.\",\"inLanguage\":\"pt-PT\",\"isPartOf\":{\"@id\":\"https:\\\/\\\/www.rucashk.com\\\/pt\\\/#website\"},\"breadcrumb\":{\"@id\":\"https:\\\/\\\/www.rucashk.com\\\/pt\\\/produto\\\/xiaomi-ac1200-smart-wireless-router-wholesale\\\/#breadcrumblist\"},\"author\":{\"@id\":\"https:\\\/\\\/www.rucashk.com\\\/pt\\\/author\\\/admin\\\/#author\"},\"creator\":{\"@id\":\"https:\\\/\\\/www.rucashk.com\\\/pt\\\/author\\\/admin\\\/#author\"},\"image\":{\"@type\":\"ImageObject\",\"url\":\"https:\\\/\\\/www.rucashk.com\\\/wp-content\\\/uploads\\\/2024\\\/01\\\/Xiaomi-Mi-Router-4A-1.jpg\",\"@id\":\"https:\\\/\\\/www.rucashk.com\\\/pt\\\/produto\\\/xiaomi-ac1200-smart-wireless-router-wholesale\\\/#mainImage\",\"width\":800,\"height\":800},\"primaryImageOfPage\":{\"@id\":\"https:\\\/\\\/www.rucashk.com\\\/pt\\\/produto\\\/xiaomi-ac1200-smart-wireless-router-wholesale\\\/#mainImage\"},\"datePublished\":\"2024-01-09T15:30:53+00:00\",\"dateModified\":\"2025-06-22T07:34:52+00:00\"},{\"@type\":\"WebSite\",\"@id\":\"https:\\\/\\\/www.rucashk.com\\\/pt\\\/#website\",\"url\":\"https:\\\/\\\/www.rucashk.com\\\/pt\\\/\",\"name\":\"Rucas - Wholesale and distribution worldwide\",\"alternateName\":\"Rucas - One-stop AIoT Distribution Worldwide\",\"description\":\"One-stop AIoT Distribution Worldwide\",\"inLanguage\":\"pt-PT\",\"publisher\":{\"@id\":\"https:\\\/\\\/www.rucashk.com\\\/pt\\\/#organization\"}}]}\n\t\t<\/script>\n\t\t<!-- All in One SEO Pro -->\r\n\t\t<title>Xiaomi AC1200 Smart Wireless Router Wholesale - Rucas - Wholesale and Distribution<\/title>\n\n","aioseo_head_json":{"title":"Xiaomi AC1200 Smart Wireless Router Wholesale - Rucas - Wholesale and Distribution","description":"Features: 1. Four antennas make the transmission performance better. 2. Wireless dual band design makes the connection faster. 3. 64MB large memory design enables it to connect multiple terminal devices stably, up to up to connect 64 devices computers 4. With Mi WiFi APP, it is more convenient for daily use. 5. Support 2.4G and 5G dual band, up to 1167Mbps total bandwidth, 300Mbps in 2.4G and 867Mbps in 5G 6. Intelligent anti-rub network.","canonical_url":"https:\/\/www.rucashk.com\/pt\/produto\/xiaomi-ac1200-smart-wireless-router-wholesale\/","robots":"max-image-preview:large","keywords":"","webmasterTools":{"miscellaneous":""},"og:locale":"pt_PT","og:site_name":"Rucas - One-stop AIoT Distribution Worldwide","og:type":"article","og:title":"Xiaomi AC1200 Smart Wireless Router Wholesale - Rucas - Wholesale and Distribution","og:description":"Features: 1. Four antennas make the transmission performance better. 2. Wireless dual band design makes the connection faster. 3. 64MB large memory design enables it to connect multiple terminal devices stably, up to up to connect 64 devices computers 4. With Mi WiFi APP, it is more convenient for daily use. 5. Support 2.4G and 5G dual band, up to 1167Mbps total bandwidth, 300Mbps in 2.4G and 867Mbps in 5G 6. Intelligent anti-rub network.","og:url":"https:\/\/www.rucashk.com\/pt\/produto\/xiaomi-ac1200-smart-wireless-router-wholesale\/","og:image":"https:\/\/www.rucashk.com\/wp-content\/uploads\/replace\/503b8e645f128a97ccde2b6290747646.jpeg","og:image:secure_url":"https:\/\/www.rucashk.com\/wp-content\/uploads\/replace\/503b8e645f128a97ccde2b6290747646.jpeg","og:image:width":1456,"og:image:height":816,"article:published_time":"2024-01-09T15:30:53+00:00","article:modified_time":"2025-06-22T07:34:52+00:00","twitter:card":"summary_large_image","twitter:title":"Xiaomi AC1200 Smart Wireless Router Wholesale - Rucas - Wholesale and Distribution","twitter:description":"Features: 1. Four antennas make the transmission performance better. 2. Wireless dual band design makes the connection faster. 3. 64MB large memory design enables it to connect multiple terminal devices stably, up to up to connect 64 devices computers 4. With Mi WiFi APP, it is more convenient for daily use. 5. Support 2.4G and 5G dual band, up to 1167Mbps total bandwidth, 300Mbps in 2.4G and 867Mbps in 5G 6. Intelligent anti-rub network.","twitter:image":"https:\/\/www.rucashk.com\/wp-content\/uploads\/replace\/503b8e645f128a97ccde2b6290747646.jpeg","schema":{"@context":"https:\/\/schema.org","@graph":[{"@type":"BreadcrumbList","@id":"https:\/\/www.rucashk.com\/pt\/produto\/xiaomi-ac1200-smart-wireless-router-wholesale\/#breadcrumblist","itemListElement":[{"@type":"ListItem","@id":"https:\/\/www.rucashk.com\/pt\/#listItem","position":1,"name":"Home","item":"https:\/\/www.rucashk.com\/pt\/","nextItem":"https:\/\/www.rucashk.com\/pt\/produto\/xiaomi-ac1200-smart-wireless-router-wholesale\/#listItem"},{"@type":"ListItem","@id":"https:\/\/www.rucashk.com\/pt\/produto\/xiaomi-ac1200-smart-wireless-router-wholesale\/#listItem","position":2,"name":"Xiaomi AC1200 Smart Wireless Router Wholesale","previousItem":"https:\/\/www.rucashk.com\/pt\/#listItem"}]},{"@type":"Organization","@id":"https:\/\/www.rucashk.com\/pt\/#organization","name":"Rucas","url":"https:\/\/www.rucashk.com\/pt\/","logo":{"@type":"ImageObject","url":"https:\/\/www.rucashk.com\/wp-content\/uploads\/2023\/12\/Rucas_campany_logo.png","@id":"https:\/\/www.rucashk.com\/pt\/produto\/xiaomi-ac1200-smart-wireless-router-wholesale\/#organizationLogo","width":221,"height":65},"image":{"@id":"https:\/\/www.rucashk.com\/pt\/#organizationLogo"}},{"@type":"Person","@id":"https:\/\/www.rucashk.com\/pt\/author\/admin\/#author","url":"https:\/\/www.rucashk.com\/pt\/author\/admin\/","name":"admin","image":{"@type":"ImageObject","@id":"https:\/\/www.rucashk.com\/pt\/produto\/xiaomi-ac1200-smart-wireless-router-wholesale\/#authorImage","url":"https:\/\/secure.gravatar.com\/avatar\/b7c8925b09a27e72b30232f8ecaadbd5af0f70a38c78096863fe51b64f031c24?s=96&d=mm&r=g","width":96,"height":96,"caption":"admin"}},{"@type":"WebPage","@id":"https:\/\/www.rucashk.com\/pt\/produto\/xiaomi-ac1200-smart-wireless-router-wholesale\/#webpage","url":"https:\/\/www.rucashk.com\/pt\/produto\/xiaomi-ac1200-smart-wireless-router-wholesale\/","name":"Xiaomi AC1200 Smart Wireless Router Wholesale - Rucas - Wholesale and Distribution","description":"Features: 1. Four antennas make the transmission performance better. 2. Wireless dual band design makes the connection faster. 3. 64MB large memory design enables it to connect multiple terminal devices stably, up to up to connect 64 devices computers 4. With Mi WiFi APP, it is more convenient for daily use. 5. Support 2.4G and 5G dual band, up to 1167Mbps total bandwidth, 300Mbps in 2.4G and 867Mbps in 5G 6. Intelligent anti-rub network.","inLanguage":"pt-PT","isPartOf":{"@id":"https:\/\/www.rucashk.com\/pt\/#website"},"breadcrumb":{"@id":"https:\/\/www.rucashk.com\/pt\/produto\/xiaomi-ac1200-smart-wireless-router-wholesale\/#breadcrumblist"},"author":{"@id":"https:\/\/www.rucashk.com\/pt\/author\/admin\/#author"},"creator":{"@id":"https:\/\/www.rucashk.com\/pt\/author\/admin\/#author"},"image":{"@type":"ImageObject","url":"https:\/\/www.rucashk.com\/wp-content\/uploads\/2024\/01\/Xiaomi-Mi-Router-4A-1.jpg","@id":"https:\/\/www.rucashk.com\/pt\/produto\/xiaomi-ac1200-smart-wireless-router-wholesale\/#mainImage","width":800,"height":800},"primaryImageOfPage":{"@id":"https:\/\/www.rucashk.com\/pt\/produto\/xiaomi-ac1200-smart-wireless-router-wholesale\/#mainImage"},"datePublished":"2024-01-09T15:30:53+00:00","dateModified":"2025-06-22T07:34:52+00:00"},{"@type":"WebSite","@id":"https:\/\/www.rucashk.com\/pt\/#website","url":"https:\/\/www.rucashk.com\/pt\/","name":"Rucas - Wholesale and distribution worldwide","alternateName":"Rucas - One-stop AIoT Distribution Worldwide","description":"One-stop AIoT Distribution Worldwide","inLanguage":"pt-PT","publisher":{"@id":"https:\/\/www.rucashk.com\/pt\/#organization"}}]}},"aioseo_meta_data":{"post_id":"21268","title":null,"description":null,"keywords":null,"keyphrases":null,"primary_term":null,"canonical_url":null,"og_title":null,"og_description":null,"og_object_type":"default","og_image_type":"default","og_image_url":null,"og_image_width":null,"og_image_height":null,"og_image_custom_url":null,"og_image_custom_fields":null,"og_video":null,"og_custom_url":null,"og_article_section":null,"og_article_tags":null,"twitter_use_og":false,"twitter_card":"default","twitter_image_type":"default","twitter_image_url":null,"twitter_image_custom_url":null,"twitter_image_custom_fields":null,"twitter_title":null,"twitter_description":null,"schema":{"blockGraphs":[],"customGraphs":[],"default":{"data":{"Article":[],"Course":[],"Dataset":[],"FAQPage":[],"Movie":[],"Person":[],"Product":[],"Recipe":[],"Service":[],"SoftwareApplication":[],"WebPage":[]},"graphName":"","isEnabled":true},"graphs":[]},"schema_type":"default","schema_type_options":null,"pillar_content":false,"robots_default":true,"robots_noindex":false,"robots_noarchive":false,"robots_nosnippet":false,"robots_nofollow":false,"robots_noimageindex":false,"robots_noodp":false,"robots_notranslate":false,"robots_max_snippet":null,"robots_max_videopreview":null,"robots_max_imagepreview":"large","priority":null,"frequency":null,"local_seo":null,"breadcrumb_settings":null,"limit_modified_date":false,"created":"2024-04-11 01:55:16","updated":"2025-06-22 16:20:07"},"aioseo_breadcrumb":"<div class=\"aioseo-breadcrumbs\"><span class=\"aioseo-breadcrumb\">\n\t<a href=\"https:\/\/www.rucashk.com\/pt\" title=\"Home\">Home<\/a>\n<\/span><span class=\"aioseo-breadcrumb-separator\">&raquo;<\/span><span class=\"aioseo-breadcrumb\">\n\t<a href=\"https:\/\/www.rucashk.com\/pt\/products\/\" title=\"Produtos\">Produtos<\/a>\n<\/span><span class=\"aioseo-breadcrumb-separator\">&raquo;<\/span><span class=\"aioseo-breadcrumb\">\n\t<a href=\"https:\/\/www.rucashk.com\/pt\/marca\/xiaomi\/\" title=\"Xiaomi\">Xiaomi<\/a>\n<\/span><span class=\"aioseo-breadcrumb-separator\">&raquo;<\/span><span class=\"aioseo-breadcrumb\">\n\tXiaomi AC1200 Smart Wireless Router Wholesale\n<\/span><\/div>","aioseo_breadcrumb_json":[{"label":"Home","link":"https:\/\/www.rucashk.com\/pt"},{"label":"Produtos","link":"https:\/\/www.rucashk.com\/pt\/products\/"},{"label":"Xiaomi","link":"https:\/\/www.rucashk.com\/pt\/marca\/xiaomi\/"},{"label":"Xiaomi AC1200 Smart Wireless Router Wholesale","link":"https:\/\/www.rucashk.com\/pt\/produto\/xiaomi-ac1200-smart-wireless-router-wholesale\/"}],"_links":{"self":[{"href":"https:\/\/www.rucashk.com\/pt\/wp-json\/wp\/v2\/product\/21268","targetHints":{"allow":["GET"]}}],"collection":[{"href":"https:\/\/www.rucashk.com\/pt\/wp-json\/wp\/v2\/product"}],"about":[{"href":"https:\/\/www.rucashk.com\/pt\/wp-json\/wp\/v2\/types\/product"}],"wp:featuredmedia":[{"embeddable":true,"href":"https:\/\/www.rucashk.com\/pt\/wp-json\/wp\/v2\/media\/21412"}],"wp:attachment":[{"href":"https:\/\/www.rucashk.com\/pt\/wp-json\/wp\/v2\/media?parent=21268"}],"wp:term":[{"taxonomy":"product_brand","embeddable":true,"href":"https:\/\/www.rucashk.com\/pt\/wp-json\/wp\/v2\/product_brand?post=21268"},{"taxonomy":"product_cat","embeddable":true,"href":"https:\/\/www.rucashk.com\/pt\/wp-json\/wp\/v2\/product_cat?post=21268"},{"taxonomy":"product_tag","embeddable":true,"href":"https:\/\/www.rucashk.com\/pt\/wp-json\/wp\/v2\/product_tag?post=21268"}],"curies":[{"name":"wp","href":"https:\/\/api.w.org\/{rel}","templated":true}]}}