{"id":21267,"date":"2024-01-09T15:30:53","date_gmt":"2024-01-09T15:30:53","guid":{"rendered":"http:\/\/rucashk.com\/?post_type=product&#038;p=21267"},"modified":"2025-06-22T07:34:52","modified_gmt":"2025-06-22T07:34:52","slug":"xiaomi-mi-scale-2-smart-body-fat-scale-wholesale","status":"publish","type":"product","link":"https:\/\/www.rucashk.com\/pt\/produto\/xiaomi-mi-scale-2-smart-body-fat-scale-wholesale\/","title":{"rendered":"Balan\u00e7a inteligente de gordura corporal Xiaomi Mi Scale 2 no atacado"},"content":{"rendered":"<div class=\"detailmodule_text-image\"><img fetchpriority=\"high\" decoding=\"async\" class=\"detail-desc-decorate-image aligncenter\" src=\"https:\/\/www.rucashk.com\/wp-content\/uploads\/2020\/05\/H06c54d76d86f4d28b49538be8022a8deB.jpg\" alt=\"Xiaomi Mi Scale 2 Smart Body Fat Scale Wholesale\" width=\"1000\" height=\"629\" \/><img decoding=\"async\" class=\"detail-desc-decorate-image aligncenter\" src=\"https:\/\/www.rucashk.com\/wp-content\/uploads\/2020\/05\/H98bdc1f0bc4a4c3eb7e4dd97069b630dA.jpg\" alt=\"Xiaomi Mi Scale 2 Smart Body Fat Scale Wholesale\" width=\"1000\" height=\"443\" \/><img decoding=\"async\" class=\"detail-desc-decorate-image aligncenter\" src=\"https:\/\/www.rucashk.com\/wp-content\/uploads\/2020\/05\/H4a16750aaa35493b8e5f4102aa0c3efeq.jpg\" alt=\"Xiaomi Mi Scale 2 Smart Body Fat Scale Wholesale\" width=\"1000\" height=\"1000\" \/><img loading=\"lazy\" decoding=\"async\" class=\"detail-desc-decorate-image aligncenter\" src=\"https:\/\/www.rucashk.com\/wp-content\/uploads\/2020\/05\/Hcbe0dc0d8d5a4b4d9115b6af4088ca3aT.jpg\" alt=\"Xiaomi Mi Scale 2 Smart Body Fat Scale Wholesale\" width=\"1000\" height=\"1000\" \/><\/div>\n<div class=\"detailmodule_text-image\"><img loading=\"lazy\" decoding=\"async\" class=\"detail-desc-decorate-image aligncenter\" src=\"https:\/\/www.rucashk.com\/wp-content\/uploads\/2020\/05\/H7936ca1dbc7f4233b8b8339fdf2f2d21T.jpg\" alt=\"Xiaomi Mi Scale 2 Smart Body Fat Scale Wholesale\" width=\"1000\" height=\"1000\" \/><img loading=\"lazy\" decoding=\"async\" class=\"detail-desc-decorate-image aligncenter\" src=\"https:\/\/www.rucashk.com\/wp-content\/uploads\/2020\/05\/H533dd68937b34be1a85d1079b541b89cM.jpg\" alt=\"Xiaomi Mi Scale 2 Smart Body Fat Scale Wholesale\" width=\"1000\" height=\"442\" \/><\/div>\n<div>\n<p><strong><span data-spm-anchor-id=\"a2g0o.detail.1000023.i0.2ac73e2bWXEkel\">Especifica\u00e7\u00f5es:<\/span><\/strong><\/p>\n<table border=\"1\" cellspacing=\"1\" cellpadding=\"1\">\n<tbody>\n<tr>\n<td>Marca<\/td>\n<td>XIAOMI<\/td>\n<\/tr>\n<tr>\n<td>Item<\/td>\n<td>Balan\u00e7a de peso XIAOMI 2.0<\/td>\n<\/tr>\n<tr>\n<td>Modelo<\/td>\n<td>XIAOMI 2.0<\/td>\n<\/tr>\n<tr>\n<td>Material<\/td>\n<td>Vidro temperado + pl\u00e1stico de engenharia<\/td>\n<\/tr>\n<tr>\n<td>Faixa de pesagem<\/td>\n<td>100g-150kg<\/td>\n<\/tr>\n<tr>\n<td>Unidade de pesagem<\/td>\n<td>KG, LB<\/td>\n<\/tr>\n<tr>\n<td>Temperatura de opera\u00e7\u00e3o<\/td>\n<td>-0\u2103 ~ + 40\u2103<\/td>\n<\/tr>\n<tr>\n<td>\n<div>Bateria<\/div>\n<\/td>\n<td>1,5 V<\/td>\n<\/tr>\n<tr>\n<td>Bateria<\/td>\n<td>3pcs bateria aaa (n\u00e3o inclu\u00edda)<\/td>\n<\/tr>\n<tr>\n<td>\n<div>conex\u00e3o bluetooth<\/div>\n<\/td>\n<td>bluetooth 5.0<\/td>\n<\/tr>\n<tr>\n<td>Cor<\/td>\n<td>Branco<\/td>\n<\/tr>\n<tr>\n<td>Compat\u00edvel com tipos de dispositivos<\/td>\n<td>ISO 9.0 e Android 4.3 Bluetooth 4.0 e superior<\/td>\n<\/tr>\n<tr>\n<td>Tamanho<\/td>\n<td>300x300x20mm \/ 11,81x11,81x0,78 polegadas<\/td>\n<\/tr>\n<\/tbody>\n<\/table>\n<p><strong>Caracter\u00edsticas:<\/strong><br \/>\n\u2013 Sensor de alta precis\u00e3o<\/p>\n<div>Perceba com precis\u00e3o mudan\u00e7as de sutis a 50g<\/div>\n<div><\/div>\n<div>-para Xiaomi Sports APP<\/div>\n<div>Abra o para <a class=\"\" style=\"width: auto !important\" href=\"https:\/\/www.rucashk.com\/pt\/produto\/aqara-body-sensor\/\" data-wpil-post-to-id=\"5302\">Xiaomi Sports App e visualize a curva de dados e corpo<\/a> muda a qualquer hora, em qualquer lugar.<br \/>\nPlanos de condicionamento f\u00edsico e ajustes na dieta tamb\u00e9m podem ser feitos com base no IMC. Ao mesmo tempo,<br \/>\ncada registro de pesagem ser\u00e1 carregado na nuvem do APP para armazenamento ilimitado.<\/div>\n<div><\/div>\n<div>- Modo duplo<\/div>\n<div>Atende \u00e0s necessidades de pesagem de objetos pequenos, pode medir naturezas mortas em at\u00e9 100g ap\u00f3s a inicializa\u00e7\u00e3o.<\/div>\n<div><\/div>\n<div>\u2013 C\u00e1lculo do peso ideal em tempo real<br \/>\nEquipado com fun\u00e7\u00e3o de medi\u00e7\u00e3o de peso ideal, com base em altura, idade, IMC e outros dados,<br \/>\ncalcule de forma inteligente o peso que mais lhe conv\u00e9m. N\u00e3o perca peso cegamente, perda excessiva de peso.<\/div>\n<div><\/div>\n<div>\u2013 Avalia\u00e7\u00e3o do equil\u00edbrio corporal<\/div>\n<div>Equipado com fun\u00e7\u00e3o de teste de equil\u00edbrio corporal, voc\u00ea pode entender sua capacidade de equil\u00edbrio corporal<br \/>\nno APP ficando na balan\u00e7a com um p\u00e9.<\/div>\n<div><\/div>\n<div>\u2013 An\u00e1lise Inteligente<\/div>\n<div>Os membros da casa podem ser identificados automaticamente com base em dados f\u00edsicos e at\u00e9 16 membros podem ser compartilhados para fam\u00edlia.<br \/>\nO modo visitante tamb\u00e9m pode ser definido e os dados de medi\u00e7\u00e3o de outras pessoas n\u00e3o s\u00e3o salvos.<\/div>\n<div><\/div>\n<div>\u2013 Suporte \u00e0 fun\u00e7\u00e3o de pesagem do beb\u00ea<\/div>\n<\/div>","protected":false},"excerpt":{"rendered":"<p><strong>Principais caracter\u00edsticas da balan\u00e7a de peso inteligente Xiaomi 2:<\/strong><\/p>\n<p>\u2013 Material da carca\u00e7a: vidro temperado.<\/p>\n<p>\u2013 O sensor de alta precis\u00e3o detecta com precis\u00e3o as mudan\u00e7as f\u00edsicas todos os dias.<\/p>\n<p>\u2013 A an\u00e1lise inteligente identifica automaticamente cada membro da fam\u00edlia.<\/p>\n<p>\u2013 Pode identificar automaticamente os membros da fam\u00edlia com base nos dados corporais e pode suportar at\u00e9 16 membros para compartilhar, para que toda a fam\u00edlia possa compartilhar.<\/p>\n<p>\u2013 Tamb\u00e9m \u00e9 poss\u00edvel definir o modo visitante para que outras pessoas possam medir os dados sem deixar rastros.<\/p>\n<p>\u2013 Tela LED oculta, o display \u00e9 n\u00edtido e traz uma apar\u00eancia integrada.<\/p>\n<p>\u2013 Cantos arredondados, processamento de precis\u00e3o CNC, suave e delicado, reduzindo danos causados por impactos.<\/p>\n<p>\u2013 Usa Bluetooth 5.0 de baixo consumo de energia, a velocidade de transmiss\u00e3o de dados de peso \u00e9 mais r\u00e1pida e est\u00e1vel.<\/p>","protected":false},"featured_media":21408,"template":"","meta":[],"product_brand":[1363],"product_cat":[1318,1305],"product_tag":[],"class_list":{"0":"post-21267","1":"product","2":"type-product","3":"status-publish","4":"has-post-thumbnail","6":"product_brand-xiaomi","7":"product_cat-gadgets","8":"product_cat-xiaomi-eco","10":"first","11":"instock","12":"shipping-taxable","13":"product-type-external"},"aioseo_notices":[],"aioseo_head":"\n\t\t<!-- All in One SEO Pro 4.5.9.2 - aioseo.com -->\n\t\t<meta name=\"description\" content=\"Xiaomi Smart Weight Scale 2 Main Features: - Housing material: tempered glass. - The high-precision sensor accurately senses physical changes every day. - The intelligent analysis automatically identifies every family member. - Can automatically identify family members based on body data, and can support up to 16 members to share, so that the whole family can share. - It is also possible to set the guest mode so that other people can measure the data without leaving any traces. - Hidden LED screen, the display is clear and brings an integrated look and feel. - Rounded corners, CNC precision processing, smooth and delicate, reducing bump damage. - Uses low-power Bluetooth 5.0, the weight data transmission speed is faster and more stable.\" \/>\n\t\t<meta name=\"robots\" content=\"max-image-preview:large\" \/>\n\t\t<link rel=\"canonical\" href=\"https:\/\/www.rucashk.com\/pt\/produto\/xiaomi-mi-scale-2-smart-body-fat-scale-wholesale\/\" \/>\n\t\t<meta name=\"generator\" content=\"All in One SEO Pro (AIOSEO) 4.5.9.2\" \/>\n\t\t<meta property=\"og:locale\" content=\"pt_PT\" \/>\n\t\t<meta property=\"og:site_name\" content=\"Rucas - One-stop AIoT Distribution Worldwide\" \/>\n\t\t<meta property=\"og:type\" content=\"article\" \/>\n\t\t<meta property=\"og:title\" content=\"Xiaomi Mi Scale 2 Smart Body Fat Scale Wholesale - Rucas - Wholesale and Distribution\" \/>\n\t\t<meta property=\"og:description\" content=\"Xiaomi Smart Weight Scale 2 Main Features: - Housing material: tempered glass. - The high-precision sensor accurately senses physical changes every day. - The intelligent analysis automatically identifies every family member. - Can automatically identify family members based on body data, and can support up to 16 members to share, so that the whole family can share. - It is also possible to set the guest mode so that other people can measure the data without leaving any traces. - Hidden LED screen, the display is clear and brings an integrated look and feel. - Rounded corners, CNC precision processing, smooth and delicate, reducing bump damage. - Uses low-power Bluetooth 5.0, the weight data transmission speed is faster and more stable.\" \/>\n\t\t<meta property=\"og:url\" content=\"https:\/\/www.rucashk.com\/pt\/produto\/xiaomi-mi-scale-2-smart-body-fat-scale-wholesale\/\" \/>\n\t\t<meta property=\"og:image\" content=\"https:\/\/www.rucashk.com\/wp-content\/uploads\/replace\/503b8e645f128a97ccde2b6290747646.jpeg\" \/>\n\t\t<meta property=\"og:image:secure_url\" content=\"https:\/\/www.rucashk.com\/wp-content\/uploads\/replace\/503b8e645f128a97ccde2b6290747646.jpeg\" \/>\n\t\t<meta property=\"og:image:width\" content=\"1456\" \/>\n\t\t<meta property=\"og:image:height\" content=\"816\" \/>\n\t\t<meta property=\"article:published_time\" content=\"2024-01-09T15:30:53+00:00\" \/>\n\t\t<meta property=\"article:modified_time\" content=\"2025-06-22T07:34:52+00:00\" \/>\n\t\t<meta name=\"twitter:card\" content=\"summary_large_image\" \/>\n\t\t<meta name=\"twitter:title\" content=\"Xiaomi Mi Scale 2 Smart Body Fat Scale Wholesale - Rucas - Wholesale and Distribution\" \/>\n\t\t<meta name=\"twitter:description\" content=\"Xiaomi Smart Weight Scale 2 Main Features: - Housing material: tempered glass. - The high-precision sensor accurately senses physical changes every day. - The intelligent analysis automatically identifies every family member. - Can automatically identify family members based on body data, and can support up to 16 members to share, so that the whole family can share. - It is also possible to set the guest mode so that other people can measure the data without leaving any traces. - Hidden LED screen, the display is clear and brings an integrated look and feel. - Rounded corners, CNC precision processing, smooth and delicate, reducing bump damage. - Uses low-power Bluetooth 5.0, the weight data transmission speed is faster and more stable.\" \/>\n\t\t<meta name=\"twitter:image\" content=\"https:\/\/www.rucashk.com\/wp-content\/uploads\/replace\/503b8e645f128a97ccde2b6290747646.jpeg\" \/>\n\t\t<script type=\"application\/ld+json\" class=\"aioseo-schema\">\n\t\t\t{\"@context\":\"https:\\\/\\\/schema.org\",\"@graph\":[{\"@type\":\"BreadcrumbList\",\"@id\":\"https:\\\/\\\/www.rucashk.com\\\/pt\\\/produto\\\/xiaomi-mi-scale-2-smart-body-fat-scale-wholesale\\\/#breadcrumblist\",\"itemListElement\":[{\"@type\":\"ListItem\",\"@id\":\"https:\\\/\\\/www.rucashk.com\\\/pt\\\/#listItem\",\"position\":1,\"name\":\"Home\",\"item\":\"https:\\\/\\\/www.rucashk.com\\\/pt\\\/\",\"nextItem\":\"https:\\\/\\\/www.rucashk.com\\\/pt\\\/produto\\\/xiaomi-mi-scale-2-smart-body-fat-scale-wholesale\\\/#listItem\"},{\"@type\":\"ListItem\",\"@id\":\"https:\\\/\\\/www.rucashk.com\\\/pt\\\/produto\\\/xiaomi-mi-scale-2-smart-body-fat-scale-wholesale\\\/#listItem\",\"position\":2,\"name\":\"Xiaomi Mi Scale 2 Smart Body Fat Scale Wholesale\",\"previousItem\":\"https:\\\/\\\/www.rucashk.com\\\/pt\\\/#listItem\"}]},{\"@type\":\"Organization\",\"@id\":\"https:\\\/\\\/www.rucashk.com\\\/pt\\\/#organization\",\"name\":\"Rucas\",\"url\":\"https:\\\/\\\/www.rucashk.com\\\/pt\\\/\",\"logo\":{\"@type\":\"ImageObject\",\"url\":\"https:\\\/\\\/www.rucashk.com\\\/wp-content\\\/uploads\\\/2023\\\/12\\\/Rucas_campany_logo.png\",\"@id\":\"https:\\\/\\\/www.rucashk.com\\\/pt\\\/produto\\\/xiaomi-mi-scale-2-smart-body-fat-scale-wholesale\\\/#organizationLogo\",\"width\":221,\"height\":65},\"image\":{\"@id\":\"https:\\\/\\\/www.rucashk.com\\\/pt\\\/#organizationLogo\"}},{\"@type\":\"Person\",\"@id\":\"https:\\\/\\\/www.rucashk.com\\\/pt\\\/author\\\/admin\\\/#author\",\"url\":\"https:\\\/\\\/www.rucashk.com\\\/pt\\\/author\\\/admin\\\/\",\"name\":\"admin\",\"image\":{\"@type\":\"ImageObject\",\"@id\":\"https:\\\/\\\/www.rucashk.com\\\/pt\\\/produto\\\/xiaomi-mi-scale-2-smart-body-fat-scale-wholesale\\\/#authorImage\",\"url\":\"https:\\\/\\\/secure.gravatar.com\\\/avatar\\\/b7c8925b09a27e72b30232f8ecaadbd5af0f70a38c78096863fe51b64f031c24?s=96&d=mm&r=g\",\"width\":96,\"height\":96,\"caption\":\"admin\"}},{\"@type\":\"WebPage\",\"@id\":\"https:\\\/\\\/www.rucashk.com\\\/pt\\\/produto\\\/xiaomi-mi-scale-2-smart-body-fat-scale-wholesale\\\/#webpage\",\"url\":\"https:\\\/\\\/www.rucashk.com\\\/pt\\\/produto\\\/xiaomi-mi-scale-2-smart-body-fat-scale-wholesale\\\/\",\"name\":\"Xiaomi Mi Scale 2 Smart Body Fat Scale Wholesale - Rucas - Wholesale and Distribution\",\"description\":\"Xiaomi Smart Weight Scale 2 Main Features: - Housing material: tempered glass. - The high-precision sensor accurately senses physical changes every day. - The intelligent analysis automatically identifies every family member. - Can automatically identify family members based on body data, and can support up to 16 members to share, so that the whole family can share. - It is also possible to set the guest mode so that other people can measure the data without leaving any traces. - Hidden LED screen, the display is clear and brings an integrated look and feel. - Rounded corners, CNC precision processing, smooth and delicate, reducing bump damage. - Uses low-power Bluetooth 5.0, the weight data transmission speed is faster and more stable.\",\"inLanguage\":\"pt-PT\",\"isPartOf\":{\"@id\":\"https:\\\/\\\/www.rucashk.com\\\/pt\\\/#website\"},\"breadcrumb\":{\"@id\":\"https:\\\/\\\/www.rucashk.com\\\/pt\\\/produto\\\/xiaomi-mi-scale-2-smart-body-fat-scale-wholesale\\\/#breadcrumblist\"},\"author\":{\"@id\":\"https:\\\/\\\/www.rucashk.com\\\/pt\\\/author\\\/admin\\\/#author\"},\"creator\":{\"@id\":\"https:\\\/\\\/www.rucashk.com\\\/pt\\\/author\\\/admin\\\/#author\"},\"image\":{\"@type\":\"ImageObject\",\"url\":\"https:\\\/\\\/www.rucashk.com\\\/wp-content\\\/uploads\\\/2024\\\/01\\\/Xiaomi-Mi-Smart-Scale-2.jpg\",\"@id\":\"https:\\\/\\\/www.rucashk.com\\\/pt\\\/produto\\\/xiaomi-mi-scale-2-smart-body-fat-scale-wholesale\\\/#mainImage\",\"width\":1000,\"height\":1000},\"primaryImageOfPage\":{\"@id\":\"https:\\\/\\\/www.rucashk.com\\\/pt\\\/produto\\\/xiaomi-mi-scale-2-smart-body-fat-scale-wholesale\\\/#mainImage\"},\"datePublished\":\"2024-01-09T15:30:53+00:00\",\"dateModified\":\"2025-06-22T07:34:52+00:00\"},{\"@type\":\"WebSite\",\"@id\":\"https:\\\/\\\/www.rucashk.com\\\/pt\\\/#website\",\"url\":\"https:\\\/\\\/www.rucashk.com\\\/pt\\\/\",\"name\":\"Rucas - Wholesale and distribution worldwide\",\"alternateName\":\"Rucas - One-stop AIoT Distribution Worldwide\",\"description\":\"One-stop AIoT Distribution Worldwide\",\"inLanguage\":\"pt-PT\",\"publisher\":{\"@id\":\"https:\\\/\\\/www.rucashk.com\\\/pt\\\/#organization\"}}]}\n\t\t<\/script>\n\t\t<!-- All in One SEO Pro -->\r\n\t\t<title>Xiaomi Mi Scale 2 Smart Body Fat Scale Wholesale - Rucas - Wholesale and Distribution<\/title>\n\n","aioseo_head_json":{"title":"Xiaomi Mi Scale 2 Smart Body Fat Scale Wholesale - Rucas - Wholesale and Distribution","description":"Xiaomi Smart Weight Scale 2 Main Features: - Housing material: tempered glass. - The high-precision sensor accurately senses physical changes every day. - The intelligent analysis automatically identifies every family member. - Can automatically identify family members based on body data, and can support up to 16 members to share, so that the whole family can share. - It is also possible to set the guest mode so that other people can measure the data without leaving any traces. - Hidden LED screen, the display is clear and brings an integrated look and feel. - Rounded corners, CNC precision processing, smooth and delicate, reducing bump damage. - Uses low-power Bluetooth 5.0, the weight data transmission speed is faster and more stable.","canonical_url":"https:\/\/www.rucashk.com\/pt\/produto\/xiaomi-mi-scale-2-smart-body-fat-scale-wholesale\/","robots":"max-image-preview:large","keywords":"","webmasterTools":{"miscellaneous":""},"og:locale":"pt_PT","og:site_name":"Rucas - One-stop AIoT Distribution Worldwide","og:type":"article","og:title":"Xiaomi Mi Scale 2 Smart Body Fat Scale Wholesale - Rucas - Wholesale and Distribution","og:description":"Xiaomi Smart Weight Scale 2 Main Features: - Housing material: tempered glass. - The high-precision sensor accurately senses physical changes every day. - The intelligent analysis automatically identifies every family member. - Can automatically identify family members based on body data, and can support up to 16 members to share, so that the whole family can share. - It is also possible to set the guest mode so that other people can measure the data without leaving any traces. - Hidden LED screen, the display is clear and brings an integrated look and feel. - Rounded corners, CNC precision processing, smooth and delicate, reducing bump damage. - Uses low-power Bluetooth 5.0, the weight data transmission speed is faster and more stable.","og:url":"https:\/\/www.rucashk.com\/pt\/produto\/xiaomi-mi-scale-2-smart-body-fat-scale-wholesale\/","og:image":"https:\/\/www.rucashk.com\/wp-content\/uploads\/replace\/503b8e645f128a97ccde2b6290747646.jpeg","og:image:secure_url":"https:\/\/www.rucashk.com\/wp-content\/uploads\/replace\/503b8e645f128a97ccde2b6290747646.jpeg","og:image:width":1456,"og:image:height":816,"article:published_time":"2024-01-09T15:30:53+00:00","article:modified_time":"2025-06-22T07:34:52+00:00","twitter:card":"summary_large_image","twitter:title":"Xiaomi Mi Scale 2 Smart Body Fat Scale Wholesale - Rucas - Wholesale and Distribution","twitter:description":"Xiaomi Smart Weight Scale 2 Main Features: - Housing material: tempered glass. - The high-precision sensor accurately senses physical changes every day. - The intelligent analysis automatically identifies every family member. - Can automatically identify family members based on body data, and can support up to 16 members to share, so that the whole family can share. - It is also possible to set the guest mode so that other people can measure the data without leaving any traces. - Hidden LED screen, the display is clear and brings an integrated look and feel. - Rounded corners, CNC precision processing, smooth and delicate, reducing bump damage. - Uses low-power Bluetooth 5.0, the weight data transmission speed is faster and more stable.","twitter:image":"https:\/\/www.rucashk.com\/wp-content\/uploads\/replace\/503b8e645f128a97ccde2b6290747646.jpeg","schema":{"@context":"https:\/\/schema.org","@graph":[{"@type":"BreadcrumbList","@id":"https:\/\/www.rucashk.com\/pt\/produto\/xiaomi-mi-scale-2-smart-body-fat-scale-wholesale\/#breadcrumblist","itemListElement":[{"@type":"ListItem","@id":"https:\/\/www.rucashk.com\/pt\/#listItem","position":1,"name":"Home","item":"https:\/\/www.rucashk.com\/pt\/","nextItem":"https:\/\/www.rucashk.com\/pt\/produto\/xiaomi-mi-scale-2-smart-body-fat-scale-wholesale\/#listItem"},{"@type":"ListItem","@id":"https:\/\/www.rucashk.com\/pt\/produto\/xiaomi-mi-scale-2-smart-body-fat-scale-wholesale\/#listItem","position":2,"name":"Xiaomi Mi Scale 2 Smart Body Fat Scale Wholesale","previousItem":"https:\/\/www.rucashk.com\/pt\/#listItem"}]},{"@type":"Organization","@id":"https:\/\/www.rucashk.com\/pt\/#organization","name":"Rucas","url":"https:\/\/www.rucashk.com\/pt\/","logo":{"@type":"ImageObject","url":"https:\/\/www.rucashk.com\/wp-content\/uploads\/2023\/12\/Rucas_campany_logo.png","@id":"https:\/\/www.rucashk.com\/pt\/produto\/xiaomi-mi-scale-2-smart-body-fat-scale-wholesale\/#organizationLogo","width":221,"height":65},"image":{"@id":"https:\/\/www.rucashk.com\/pt\/#organizationLogo"}},{"@type":"Person","@id":"https:\/\/www.rucashk.com\/pt\/author\/admin\/#author","url":"https:\/\/www.rucashk.com\/pt\/author\/admin\/","name":"admin","image":{"@type":"ImageObject","@id":"https:\/\/www.rucashk.com\/pt\/produto\/xiaomi-mi-scale-2-smart-body-fat-scale-wholesale\/#authorImage","url":"https:\/\/secure.gravatar.com\/avatar\/b7c8925b09a27e72b30232f8ecaadbd5af0f70a38c78096863fe51b64f031c24?s=96&d=mm&r=g","width":96,"height":96,"caption":"admin"}},{"@type":"WebPage","@id":"https:\/\/www.rucashk.com\/pt\/produto\/xiaomi-mi-scale-2-smart-body-fat-scale-wholesale\/#webpage","url":"https:\/\/www.rucashk.com\/pt\/produto\/xiaomi-mi-scale-2-smart-body-fat-scale-wholesale\/","name":"Xiaomi Mi Scale 2 Smart Body Fat Scale Wholesale - Rucas - Wholesale and Distribution","description":"Xiaomi Smart Weight Scale 2 Main Features: - Housing material: tempered glass. - The high-precision sensor accurately senses physical changes every day. - The intelligent analysis automatically identifies every family member. - Can automatically identify family members based on body data, and can support up to 16 members to share, so that the whole family can share. - It is also possible to set the guest mode so that other people can measure the data without leaving any traces. - Hidden LED screen, the display is clear and brings an integrated look and feel. - Rounded corners, CNC precision processing, smooth and delicate, reducing bump damage. - Uses low-power Bluetooth 5.0, the weight data transmission speed is faster and more stable.","inLanguage":"pt-PT","isPartOf":{"@id":"https:\/\/www.rucashk.com\/pt\/#website"},"breadcrumb":{"@id":"https:\/\/www.rucashk.com\/pt\/produto\/xiaomi-mi-scale-2-smart-body-fat-scale-wholesale\/#breadcrumblist"},"author":{"@id":"https:\/\/www.rucashk.com\/pt\/author\/admin\/#author"},"creator":{"@id":"https:\/\/www.rucashk.com\/pt\/author\/admin\/#author"},"image":{"@type":"ImageObject","url":"https:\/\/www.rucashk.com\/wp-content\/uploads\/2024\/01\/Xiaomi-Mi-Smart-Scale-2.jpg","@id":"https:\/\/www.rucashk.com\/pt\/produto\/xiaomi-mi-scale-2-smart-body-fat-scale-wholesale\/#mainImage","width":1000,"height":1000},"primaryImageOfPage":{"@id":"https:\/\/www.rucashk.com\/pt\/produto\/xiaomi-mi-scale-2-smart-body-fat-scale-wholesale\/#mainImage"},"datePublished":"2024-01-09T15:30:53+00:00","dateModified":"2025-06-22T07:34:52+00:00"},{"@type":"WebSite","@id":"https:\/\/www.rucashk.com\/pt\/#website","url":"https:\/\/www.rucashk.com\/pt\/","name":"Rucas - Wholesale and distribution worldwide","alternateName":"Rucas - One-stop AIoT Distribution Worldwide","description":"One-stop AIoT Distribution Worldwide","inLanguage":"pt-PT","publisher":{"@id":"https:\/\/www.rucashk.com\/pt\/#organization"}}]}},"aioseo_meta_data":{"post_id":"21267","title":null,"description":null,"keywords":null,"keyphrases":null,"primary_term":null,"canonical_url":null,"og_title":null,"og_description":null,"og_object_type":"default","og_image_type":"default","og_image_url":null,"og_image_width":null,"og_image_height":null,"og_image_custom_url":null,"og_image_custom_fields":null,"og_video":null,"og_custom_url":null,"og_article_section":null,"og_article_tags":null,"twitter_use_og":false,"twitter_card":"default","twitter_image_type":"default","twitter_image_url":null,"twitter_image_custom_url":null,"twitter_image_custom_fields":null,"twitter_title":null,"twitter_description":null,"schema":{"blockGraphs":[],"customGraphs":[],"default":{"data":{"Article":[],"Course":[],"Dataset":[],"FAQPage":[],"Movie":[],"Person":[],"Product":[],"Recipe":[],"Service":[],"SoftwareApplication":[],"WebPage":[]},"graphName":"","isEnabled":true},"graphs":[]},"schema_type":"default","schema_type_options":null,"pillar_content":false,"robots_default":true,"robots_noindex":false,"robots_noarchive":false,"robots_nosnippet":false,"robots_nofollow":false,"robots_noimageindex":false,"robots_noodp":false,"robots_notranslate":false,"robots_max_snippet":null,"robots_max_videopreview":null,"robots_max_imagepreview":"large","priority":null,"frequency":null,"local_seo":null,"breadcrumb_settings":null,"limit_modified_date":false,"created":"2024-04-11 01:55:16","updated":"2025-06-22 16:20:07"},"aioseo_breadcrumb":"<div class=\"aioseo-breadcrumbs\"><span class=\"aioseo-breadcrumb\">\n\t<a href=\"https:\/\/www.rucashk.com\/pt\" title=\"Home\">Home<\/a>\n<\/span><span class=\"aioseo-breadcrumb-separator\">&raquo;<\/span><span class=\"aioseo-breadcrumb\">\n\t<a href=\"https:\/\/www.rucashk.com\/pt\/products\/\" title=\"Produtos\">Produtos<\/a>\n<\/span><span class=\"aioseo-breadcrumb-separator\">&raquo;<\/span><span class=\"aioseo-breadcrumb\">\n\t<a href=\"https:\/\/www.rucashk.com\/pt\/marca\/xiaomi\/\" title=\"Xiaomi\">Xiaomi<\/a>\n<\/span><span class=\"aioseo-breadcrumb-separator\">&raquo;<\/span><span class=\"aioseo-breadcrumb\">\n\tXiaomi Mi Scale 2 Smart Body Fat Scale Wholesale\n<\/span><\/div>","aioseo_breadcrumb_json":[{"label":"Home","link":"https:\/\/www.rucashk.com\/pt"},{"label":"Produtos","link":"https:\/\/www.rucashk.com\/pt\/products\/"},{"label":"Xiaomi","link":"https:\/\/www.rucashk.com\/pt\/marca\/xiaomi\/"},{"label":"Xiaomi Mi Scale 2 Smart Body Fat Scale Wholesale","link":"https:\/\/www.rucashk.com\/pt\/produto\/xiaomi-mi-scale-2-smart-body-fat-scale-wholesale\/"}],"_links":{"self":[{"href":"https:\/\/www.rucashk.com\/pt\/wp-json\/wp\/v2\/product\/21267","targetHints":{"allow":["GET"]}}],"collection":[{"href":"https:\/\/www.rucashk.com\/pt\/wp-json\/wp\/v2\/product"}],"about":[{"href":"https:\/\/www.rucashk.com\/pt\/wp-json\/wp\/v2\/types\/product"}],"wp:featuredmedia":[{"embeddable":true,"href":"https:\/\/www.rucashk.com\/pt\/wp-json\/wp\/v2\/media\/21408"}],"wp:attachment":[{"href":"https:\/\/www.rucashk.com\/pt\/wp-json\/wp\/v2\/media?parent=21267"}],"wp:term":[{"taxonomy":"product_brand","embeddable":true,"href":"https:\/\/www.rucashk.com\/pt\/wp-json\/wp\/v2\/product_brand?post=21267"},{"taxonomy":"product_cat","embeddable":true,"href":"https:\/\/www.rucashk.com\/pt\/wp-json\/wp\/v2\/product_cat?post=21267"},{"taxonomy":"product_tag","embeddable":true,"href":"https:\/\/www.rucashk.com\/pt\/wp-json\/wp\/v2\/product_tag?post=21267"}],"curies":[{"name":"wp","href":"https:\/\/api.w.org\/{rel}","templated":true}]}}